{"id":3009,"date":"2025-01-21T23:13:58","date_gmt":"2025-01-21T22:13:58","guid":{"rendered":"https:\/\/ws-staging.prolifeeurope.org\/ziniu-baze\/savizudybes-tarp-jaunimo\/"},"modified":"2025-03-25T09:57:49","modified_gmt":"2025-03-25T08:57:49","slug":"savizudybes-tarp-jaunimo","status":"publish","type":"page","link":"https:\/\/prolifeeurope.org\/lt\/ziniu-baze\/savizudybes-tarp-jaunimo\/","title":{"rendered":"Savi\u017eudyb\u0117s tarp jaunimo"},"content":{"rendered":"\n<p>Jaunimo savi\u017eudybi\u0173 rodikli\u0173 raida Europoje kelia vis didesn\u012f susir\u016bpinim\u0105 \u2013 duomenys rodo ir regionines tendencijas, ir statistinius \u0161uolius konkre\u010diose am\u017eiaus grup\u0117se.<br\/><\/p>\n\n<h2 class=\"wp-block-heading\">Bendros tendencijos:<\/h2>\n\n<ul class=\"wp-block-list\">\n<li><strong>Padid\u0117jimas pandemijos metu<\/strong>: per COVID-19 pandemij\u0105 Europoje i\u0161augo jaun\u0173 \u017emoni\u0173 savi\u017eudybi\u0173 skai\u010diai. Daugelis \u0161ali\u0173 prane\u0161\u0117, kad padaug\u0117jo paaugli\u0173 psichikos sveikatos problem\u0173. Prie to prisid\u0117jo socialin\u0117 izoliacija, nerimas d\u0117l ateities ir \u0161vietimo sutrikimas. <\/li>\n<\/ul>\n\n<ul class=\"wp-block-list\">\n<li><strong>Ankstesnis ma\u017e\u0117jimas<\/strong>: prie\u0161 pandemij\u0105 daugelyje Europos \u0161ali\u0173 laipsni\u0161kai ma\u017e\u0117jo jaunimo savi\u017eudybi\u0173 skai\u010dius, daugiausia d\u0117l pager\u0117jusio psichikos sveikatos \u0161vietimo ir savi\u017eudybi\u0173 prevencijos program\u0173.<\/li>\n<\/ul>\n\n<h2 class=\"wp-block-heading\">Tendencijos konkre\u010diose \u0161alyse:<\/h2>\n\n<ul class=\"wp-block-list\">\n<li><strong>Jungtin\u0117 Karalyst\u0117<\/strong>: 10\u201324 met\u0173 am\u017eiaus \u017emoni\u0173 savi\u017eudybi\u0173 skai\u010dius pastaraisiais metais i\u0161augo, ypa\u010d tarp jaun\u0173 moter\u0173. Nuo 2013 m. iki 2020 m. \u0161ios am\u017eiaus grup\u0117s moter\u0173 rodiklis i\u0161augo 93 proc. <\/li>\n\n\n\n<li><strong>Pranc\u016bzija<\/strong>: Pranc\u016bzijoje jaunimo savi\u017eudybi\u0173 rodiklis yra vienas did\u017eiausi\u0173 Vakar\u0173 Europoje. Pastaraisiais metais savi\u017eudybi\u0173 skai\u010dius tarp paaugli\u0173 (ypa\u010d 15\u201319 met\u0173 am\u017eiaus) i\u0161liko auk\u0161tas, o psichikos sveikatos tarnybos buvo perpildytos. <\/li>\n\n\n\n<li><strong>Vokietija<\/strong>: jaunimo savi\u017eudybi\u0173 skai\u010dius Vokietijoje i\u0161liko gana stabilus iki pandemijos, ta\u010diau 2020\u20132021 m. j\u0173 skai\u010dius ne\u017eymiai i\u0161augo. D\u0117l pandemijos ypa\u010d padaug\u0117jo psichikos sveikatos krizi\u0173 paaugliams. <\/li>\n<\/ul>\n\n<ul class=\"wp-block-list\">\n<li><strong>\u0160vedija<\/strong>: \u0160vedijoje jaunimo savi\u017eudybi\u0173 rodikliai i\u0161augo, ypa\u010d 15\u201324 met\u0173 am\u017eiaus grup\u0117je. Ekspertai tai sieja su ilgalaike izoliacija, psichikos sveikatos problemomis ir prieigos prie paramos paslaug\u0173 tr\u016bkumu. <\/li>\n<\/ul>\n\n<h2 class=\"wp-block-heading\">\u012etak\u0105 darantys veiksniai:<\/h2>\n\n<ul class=\"wp-block-list\">\n<li><strong>Psichikos sveikata<\/strong>: Pla\u010diai paplitusios psichikos sveikatos problemos, tokios kaip depresija, nerimas ir piktnaud\u017eiavimas narkotin\u0117mis med\u017eiagomis, yra svarb\u016bs paaugli\u0173 savi\u017eudyb\u0117ms \u012ftak\u0105 darantys veiksniai.<\/li>\n\n\n\n<li><strong>Socialiniai tinklai<\/strong>: Padid\u0117j\u0119s socialin\u0117s \u017einiasklaidos naudojimas, ypa\u010d pandemijos metu, buvo susij\u0119s su paty\u010diomis internete, k\u016bno \u012fvaizd\u017eio problemomis ir socialiniu palyginimu, o tai gali padidinti jaun\u0173 \u017emoni\u0173 polink\u012f \u012f savi\u017eudyb\u0119.<\/li>\n<\/ul>\n\n<ul class=\"wp-block-list\">\n<li><strong>Ekonominis ir \u0161vietimo spaudimas<\/strong>: Ekonominis nuosmukis ir dideli \u0161vietimo reikalavimai kai kuriose \u0161alyse taip pat yra susij\u0119 su did\u0117jan\u010diu stresu ir paaugli\u0173 savi\u017eudi\u0161ku elgesiu.<\/li>\n<\/ul>\n\n<p>Padid\u0117j\u0119s jaunimo savi\u017eudybi\u0173 skai\u010dius Europoje paskatino daugel\u012f \u0161ali\u0173 i\u0161 naujo \u012fvertinti savo psichikos sveikatos paslaugas ir prevencijos strategijas, ta\u010diau dar daug reikia nuveikti, ypa\u010d u\u017etikrinant galimyb\u0119 laiku gauti reikaling\u0105 pagalb\u0105 rizikos grupei priklausan\u010diam jaunimui.<\/p>\n","protected":false},"excerpt":{"rendered":"<p>Jaunimo savi\u017eudybi\u0173 rodikli\u0173 raida Europoje kelia vis didesn\u012f susir\u016bpinim\u0105 \u2013 duomenys rodo ir regionines tendencijas, ir statistinius \u0161uolius konkre\u010diose am\u017eiaus grup\u0117se. Bendros tendencijos: Tendencijos konkre\u010diose \u0161alyse: \u012etak\u0105 darantys veiksniai: Padid\u0117j\u0119s<a href=\"https:\/\/prolifeeurope.org\/lt\/ziniu-baze\/savizudybes-tarp-jaunimo\/\">Continue reading <span class=\"sr-only\">&#8222;Savi\u017eudyb\u0117s tarp jaunimo&#8221;<\/span><\/a><\/p>\n","protected":false},"author":14,"featured_media":0,"parent":2525,"menu_order":0,"comment_status":"closed","ping_status":"closed","template":"page-topic.php","meta":{"_acf_changed":false,"_monsterinsights_skip_tracking":false,"_monsterinsights_sitenote_active":false,"_monsterinsights_sitenote_note":"","_monsterinsights_sitenote_category":0,"footnotes":""},"topic":[],"class_list":["post-3009","page","type-page","status-publish","hentry"],"acf":[],"yoast_head":"<!-- This site is optimized with the Yoast SEO plugin v27.2 - https:\/\/yoast.com\/product\/yoast-seo-wordpress\/ -->\n<title>Savi\u017eudyb\u0117s tarp jaunimo - ProLife Europe<\/title>\n<meta name=\"description\" content=\"Jaunimo savi\u017eudybi\u0173 skai\u010diaus rodikli\u0173 raida Europoje kelia vis didesn\u012f susir\u016bpinim\u0105. Kai kurios grup\u0117s yra ypa\u010d paveiktos.\" \/>\n<meta name=\"robots\" content=\"index, follow, max-snippet:-1, max-image-preview:large, max-video-preview:-1\" \/>\n<link rel=\"canonical\" href=\"https:\/\/prolifeeurope.org\/lt\/ziniu-baze\/savizudybes-tarp-jaunimo\/\" \/>\n<meta property=\"og:locale\" content=\"lt_LT\" \/>\n<meta property=\"og:type\" content=\"article\" \/>\n<meta property=\"og:title\" content=\"Savi\u017eudyb\u0117s tarp jaunimo - ProLife Europe\" \/>\n<meta property=\"og:description\" content=\"Jaunimo savi\u017eudybi\u0173 skai\u010diaus rodikli\u0173 raida Europoje kelia vis didesn\u012f susir\u016bpinim\u0105. Kai kurios grup\u0117s yra ypa\u010d paveiktos.\" \/>\n<meta property=\"og:url\" content=\"https:\/\/prolifeeurope.org\/lt\/ziniu-baze\/savizudybes-tarp-jaunimo\/\" \/>\n<meta property=\"og:site_name\" content=\"ProLife Europe\" \/>\n<meta property=\"article:publisher\" content=\"https:\/\/www.facebook.com\/ProLifeEurope\/\" \/>\n<meta property=\"article:modified_time\" content=\"2025-03-25T08:57:49+00:00\" \/>\n<meta name=\"twitter:card\" content=\"summary_large_image\" \/>\n<meta name=\"twitter:label1\" content=\"Est. reading time\" \/>\n\t<meta name=\"twitter:data1\" content=\"2 minut\u0117s\" \/>\n<script type=\"application\/ld+json\" class=\"yoast-schema-graph\">{\"@context\":\"https:\/\/schema.org\",\"@graph\":[{\"@type\":\"WebPage\",\"@id\":\"https:\/\/prolifeeurope.org\/lt\/ziniu-baze\/savizudybes-tarp-jaunimo\/\",\"url\":\"https:\/\/prolifeeurope.org\/lt\/ziniu-baze\/savizudybes-tarp-jaunimo\/\",\"name\":\"Savi\u017eudyb\u0117s tarp jaunimo - ProLife Europe\",\"isPartOf\":{\"@id\":\"https:\/\/prolifeeurope.org\/lt\/#website\"},\"datePublished\":\"2025-01-21T22:13:58+00:00\",\"dateModified\":\"2025-03-25T08:57:49+00:00\",\"description\":\"Jaunimo savi\u017eudybi\u0173 skai\u010diaus rodikli\u0173 raida Europoje kelia vis didesn\u012f susir\u016bpinim\u0105. Kai kurios grup\u0117s yra ypa\u010d paveiktos.\",\"breadcrumb\":{\"@id\":\"https:\/\/prolifeeurope.org\/lt\/ziniu-baze\/savizudybes-tarp-jaunimo\/#breadcrumb\"},\"inLanguage\":\"lt-LT\",\"potentialAction\":[{\"@type\":\"ReadAction\",\"target\":[\"https:\/\/prolifeeurope.org\/lt\/ziniu-baze\/savizudybes-tarp-jaunimo\/\"]}]},{\"@type\":\"BreadcrumbList\",\"@id\":\"https:\/\/prolifeeurope.org\/lt\/ziniu-baze\/savizudybes-tarp-jaunimo\/#breadcrumb\",\"itemListElement\":[{\"@type\":\"ListItem\",\"position\":1,\"name\":\"Home\",\"item\":\"https:\/\/prolifeeurope.org\/lt\/\"},{\"@type\":\"ListItem\",\"position\":2,\"name\":\"\u017dini\u0173 baz\u0117\",\"item\":\"https:\/\/prolifeeurope.org\/lt\/ziniu-baze\/\"},{\"@type\":\"ListItem\",\"position\":3,\"name\":\"Savi\u017eudyb\u0117s tarp jaunimo\"}]},{\"@type\":\"WebSite\",\"@id\":\"https:\/\/prolifeeurope.org\/lt\/#website\",\"url\":\"https:\/\/prolifeeurope.org\/lt\/\",\"name\":\"ProLife Europe\",\"description\":\"\",\"publisher\":{\"@id\":\"https:\/\/prolifeeurope.org\/lt\/#organization\"},\"potentialAction\":[{\"@type\":\"SearchAction\",\"target\":{\"@type\":\"EntryPoint\",\"urlTemplate\":\"https:\/\/prolifeeurope.org\/lt\/?s={search_term_string}\"},\"query-input\":{\"@type\":\"PropertyValueSpecification\",\"valueRequired\":true,\"valueName\":\"search_term_string\"}}],\"inLanguage\":\"lt-LT\"},{\"@type\":\"Organization\",\"@id\":\"https:\/\/prolifeeurope.org\/lt\/#organization\",\"name\":\"ProLife Europe\",\"url\":\"https:\/\/prolifeeurope.org\/lt\/\",\"logo\":{\"@type\":\"ImageObject\",\"inLanguage\":\"lt-LT\",\"@id\":\"https:\/\/prolifeeurope.org\/lt\/#\/schema\/logo\/image\/\",\"url\":\"https:\/\/prolifeeurope.org\/wp-content\/uploads\/2024\/11\/logo-3.svg\",\"contentUrl\":\"https:\/\/prolifeeurope.org\/wp-content\/uploads\/2024\/11\/logo-3.svg\",\"width\":166,\"height\":170,\"caption\":\"ProLife Europe\"},\"image\":{\"@id\":\"https:\/\/prolifeeurope.org\/lt\/#\/schema\/logo\/image\/\"},\"sameAs\":[\"https:\/\/www.facebook.com\/ProLifeEurope\/\",\"https:\/\/www.instagram.com\/prolife_europe\/\",\"https:\/\/www.youtube.com\/channel\/UC7olgmdiSVEHZUiP554XozA\"]}]}<\/script>\n<!-- \/ Yoast SEO plugin. -->","yoast_head_json":{"title":"Savi\u017eudyb\u0117s tarp jaunimo - ProLife Europe","description":"Jaunimo savi\u017eudybi\u0173 skai\u010diaus rodikli\u0173 raida Europoje kelia vis didesn\u012f susir\u016bpinim\u0105. Kai kurios grup\u0117s yra ypa\u010d paveiktos.","robots":{"index":"index","follow":"follow","max-snippet":"max-snippet:-1","max-image-preview":"max-image-preview:large","max-video-preview":"max-video-preview:-1"},"canonical":"https:\/\/prolifeeurope.org\/lt\/ziniu-baze\/savizudybes-tarp-jaunimo\/","og_locale":"lt_LT","og_type":"article","og_title":"Savi\u017eudyb\u0117s tarp jaunimo - ProLife Europe","og_description":"Jaunimo savi\u017eudybi\u0173 skai\u010diaus rodikli\u0173 raida Europoje kelia vis didesn\u012f susir\u016bpinim\u0105. Kai kurios grup\u0117s yra ypa\u010d paveiktos.","og_url":"https:\/\/prolifeeurope.org\/lt\/ziniu-baze\/savizudybes-tarp-jaunimo\/","og_site_name":"ProLife Europe","article_publisher":"https:\/\/www.facebook.com\/ProLifeEurope\/","article_modified_time":"2025-03-25T08:57:49+00:00","twitter_card":"summary_large_image","twitter_misc":{"Est. reading time":"2 minut\u0117s"},"schema":{"@context":"https:\/\/schema.org","@graph":[{"@type":"WebPage","@id":"https:\/\/prolifeeurope.org\/lt\/ziniu-baze\/savizudybes-tarp-jaunimo\/","url":"https:\/\/prolifeeurope.org\/lt\/ziniu-baze\/savizudybes-tarp-jaunimo\/","name":"Savi\u017eudyb\u0117s tarp jaunimo - ProLife Europe","isPartOf":{"@id":"https:\/\/prolifeeurope.org\/lt\/#website"},"datePublished":"2025-01-21T22:13:58+00:00","dateModified":"2025-03-25T08:57:49+00:00","description":"Jaunimo savi\u017eudybi\u0173 skai\u010diaus rodikli\u0173 raida Europoje kelia vis didesn\u012f susir\u016bpinim\u0105. Kai kurios grup\u0117s yra ypa\u010d paveiktos.","breadcrumb":{"@id":"https:\/\/prolifeeurope.org\/lt\/ziniu-baze\/savizudybes-tarp-jaunimo\/#breadcrumb"},"inLanguage":"lt-LT","potentialAction":[{"@type":"ReadAction","target":["https:\/\/prolifeeurope.org\/lt\/ziniu-baze\/savizudybes-tarp-jaunimo\/"]}]},{"@type":"BreadcrumbList","@id":"https:\/\/prolifeeurope.org\/lt\/ziniu-baze\/savizudybes-tarp-jaunimo\/#breadcrumb","itemListElement":[{"@type":"ListItem","position":1,"name":"Home","item":"https:\/\/prolifeeurope.org\/lt\/"},{"@type":"ListItem","position":2,"name":"\u017dini\u0173 baz\u0117","item":"https:\/\/prolifeeurope.org\/lt\/ziniu-baze\/"},{"@type":"ListItem","position":3,"name":"Savi\u017eudyb\u0117s tarp jaunimo"}]},{"@type":"WebSite","@id":"https:\/\/prolifeeurope.org\/lt\/#website","url":"https:\/\/prolifeeurope.org\/lt\/","name":"ProLife Europe","description":"","publisher":{"@id":"https:\/\/prolifeeurope.org\/lt\/#organization"},"potentialAction":[{"@type":"SearchAction","target":{"@type":"EntryPoint","urlTemplate":"https:\/\/prolifeeurope.org\/lt\/?s={search_term_string}"},"query-input":{"@type":"PropertyValueSpecification","valueRequired":true,"valueName":"search_term_string"}}],"inLanguage":"lt-LT"},{"@type":"Organization","@id":"https:\/\/prolifeeurope.org\/lt\/#organization","name":"ProLife Europe","url":"https:\/\/prolifeeurope.org\/lt\/","logo":{"@type":"ImageObject","inLanguage":"lt-LT","@id":"https:\/\/prolifeeurope.org\/lt\/#\/schema\/logo\/image\/","url":"https:\/\/prolifeeurope.org\/wp-content\/uploads\/2024\/11\/logo-3.svg","contentUrl":"https:\/\/prolifeeurope.org\/wp-content\/uploads\/2024\/11\/logo-3.svg","width":166,"height":170,"caption":"ProLife Europe"},"image":{"@id":"https:\/\/prolifeeurope.org\/lt\/#\/schema\/logo\/image\/"},"sameAs":["https:\/\/www.facebook.com\/ProLifeEurope\/","https:\/\/www.instagram.com\/prolife_europe\/","https:\/\/www.youtube.com\/channel\/UC7olgmdiSVEHZUiP554XozA"]}]}},"_links":{"self":[{"href":"https:\/\/prolifeeurope.org\/lt\/wp-json\/wp\/v2\/pages\/3009","targetHints":{"allow":["GET"]}}],"collection":[{"href":"https:\/\/prolifeeurope.org\/lt\/wp-json\/wp\/v2\/pages"}],"about":[{"href":"https:\/\/prolifeeurope.org\/lt\/wp-json\/wp\/v2\/types\/page"}],"author":[{"embeddable":true,"href":"https:\/\/prolifeeurope.org\/lt\/wp-json\/wp\/v2\/users\/14"}],"replies":[{"embeddable":true,"href":"https:\/\/prolifeeurope.org\/lt\/wp-json\/wp\/v2\/comments?post=3009"}],"version-history":[{"count":2,"href":"https:\/\/prolifeeurope.org\/lt\/wp-json\/wp\/v2\/pages\/3009\/revisions"}],"predecessor-version":[{"id":3184,"href":"https:\/\/prolifeeurope.org\/lt\/wp-json\/wp\/v2\/pages\/3009\/revisions\/3184"}],"up":[{"embeddable":true,"href":"https:\/\/prolifeeurope.org\/lt\/wp-json\/wp\/v2\/pages\/2525"}],"wp:attachment":[{"href":"https:\/\/prolifeeurope.org\/lt\/wp-json\/wp\/v2\/media?parent=3009"}],"wp:term":[{"taxonomy":"topic","embeddable":true,"href":"https:\/\/prolifeeurope.org\/lt\/wp-json\/wp\/v2\/topic?post=3009"}],"curies":[{"name":"wp","href":"https:\/\/api.w.org\/{rel}","templated":true}]}}