{"id":3002,"date":"2025-01-15T23:51:50","date_gmt":"2025-01-15T22:51:50","guid":{"rendered":"https:\/\/ws-staging.prolifeeurope.org\/ziniu-baze\/kodel-eutanazija-nera-uz-gyvybe\/"},"modified":"2025-03-25T10:01:33","modified_gmt":"2025-03-25T09:01:33","slug":"kodel-eutanazija-nera-uz-gyvybe","status":"publish","type":"page","link":"https:\/\/prolifeeurope.org\/lt\/ziniu-baze\/kodel-eutanazija-nera-uz-gyvybe\/","title":{"rendered":"Kod\u0117l eutanazija n\u0117ra u\u017e gyvyb\u0119"},"content":{"rendered":"\n<p>Diskutuojant apie bet kokias eutanazijos ir pagalbin\u0117s savi\u017eudyb\u0117s formas reikia atsi\u017evelgti \u012f daugyb\u0119 moralini\u0173 klausim\u0173:<\/p>\n\n<ol class=\"wp-block-list\">\n<li>Gyvyb\u0117s \u0161ventumas: Gyvenimas i\u0161 esm\u0117s yra vertingas ir \u0161ventas, nepaisant jo kokyb\u0117s ar su juo susijusi\u0173 kan\u010di\u0173. S\u0105moningas \u017emogaus gyvenimo nutraukimas pa\u017eeid\u017eia \u0161i\u0105 esmin\u0119 vert\u0119. <\/li>\n\n\n\n<li>Piktnaud\u017eiavimo rizika: Eutanazijos legalizavimas gali vesti prie piktnaud\u017eiavimo arba spaudimo pacientui. Pa\u017eeid\u017eiami asmenys, pavyzd\u017eiui, pagyven\u0119 \u017emon\u0117s, ne\u012fgalieji ar sergantys sunkiomis ligomis, gali jausti spaudim\u0105 rinktis eutanazij\u0105 d\u0117l visuomen\u0117s ar \u0161eimos i\u0161laid\u0173, finansini\u0173 r\u016bpes\u010di\u0173 ar baim\u0117s b\u016bti na\u0161ta. <\/li>\n\n\n\n<li>Slidus nuolydis: Eutanazijos leidimas tam tikrais atvejais, gali lengvai sukelti vis platesn\u012f taikym\u0105. Tai, kas prasideda kaip i\u0161imtis nepagydomai sergantiems pacientams, gali apimti nemirtinas ligas, psichikos sveikatos problemas ar net nevaling\u0105 eutanazij\u0105. <\/li>\n\n\n\n<li>Paliatyvios prie\u017ei\u016bros sumenkinimas: eutanazija gali suma\u017einti d\u0117mes\u012f \u012f gyvenimo pabaigos prie\u017ei\u016bros gerinim\u0105. U\u017euot investavusi \u012f paliatyviosios pagalbos pa\u017eang\u0105, visuomen\u0117 eutanazij\u0105 gali vertinti kaip paprastesn\u012f ir ekonomi\u0161kesn\u012f sprendim\u0105, atimant i\u0161 pacient\u0173 empati\u0161kas alternatyvas skausmui ir kan\u010dioms valdyti. <\/li>\n\n\n\n<li>Pagrindiniai moral\u0117s ir etikos principai: \u017eudymas, net ir esant suinteresuotos \u0161alies sutikimui, prie\u0161tarauja pagrindin\u0117ms moralin\u0117ms vertyb\u0117ms. Filosofai, tokie kaip Immanuelis Kantas, teigia, kad s\u0105moningas gyvenimo nutraukimas, netgi siekiant suma\u017einti kan\u010dias, pakerta moralin\u0119 tvark\u0105 ir pagarb\u0105 \u017emogaus orumui.  <\/li>\n\n\n\n<li>Klaidos galimyb\u0117: sprendimai d\u0117l gyvyb\u0117s ir mirties yra sud\u0117tingi ir link\u0119 \u012f klaidas. Neteisinga diagnoz\u0117 arba klaidingas prognoz\u0117s \u012fvertinimas gali paskatinti \u017emones priimti blogus sprendimus. Be to, psichologin\u0117s ligos, tokios kaip depresija, gali pakenkti sprendimui, tod\u0117l sutikimas yra abejotinas.  <\/li>\n\n\n\n<li>Kan\u010dios vert\u0117: kan\u010dia gali tur\u0117ti gilesn\u0119 prasm\u0119, net jei j\u0105 sunku pripa\u017einti. Daugelis filosofini\u0173 ir religini\u0173 \u012fsitikinim\u0173 kan\u010dios pri\u0117mim\u0105 vertina kaip asmeninio augimo, dvasinio tobul\u0117jimo ar tarpasmenini\u0173 santyki\u0173 gilinimo galimyb\u0119. <\/li>\n<\/ol>\n\n<p>Galiausiai atsakymas ai\u0161kus: D\u0117l n\u0117 vieno \u017emogaus negalime nuleisti rank\u0173 ir pasiduoti, o ginti kiekvieno \u017emogaus gyvyb\u0117s orum\u0105.<br\/><\/p>\n","protected":false},"excerpt":{"rendered":"<p>Diskutuojant apie bet kokias eutanazijos ir pagalbin\u0117s savi\u017eudyb\u0117s formas reikia atsi\u017evelgti \u012f daugyb\u0119 moralini\u0173 klausim\u0173: Galiausiai atsakymas ai\u0161kus: D\u0117l n\u0117 vieno \u017emogaus negalime nuleisti rank\u0173 ir pasiduoti, o ginti kiekvieno<a href=\"https:\/\/prolifeeurope.org\/lt\/ziniu-baze\/kodel-eutanazija-nera-uz-gyvybe\/\">Continue reading <span class=\"sr-only\">&#8222;Kod\u0117l eutanazija n\u0117ra u\u017e gyvyb\u0119&#8221;<\/span><\/a><\/p>\n","protected":false},"author":14,"featured_media":0,"parent":2525,"menu_order":0,"comment_status":"closed","ping_status":"closed","template":"page-topic.php","meta":{"_acf_changed":false,"_monsterinsights_skip_tracking":false,"_monsterinsights_sitenote_active":false,"_monsterinsights_sitenote_note":"","_monsterinsights_sitenote_category":0,"footnotes":""},"topic":[],"class_list":["post-3002","page","type-page","status-publish","hentry"],"acf":[],"yoast_head":"<!-- This site is optimized with the Yoast SEO plugin v27.2 - https:\/\/yoast.com\/product\/yoast-seo-wordpress\/ -->\n<title>Kod\u0117l eutanazija n\u0117ra u\u017e gyvyb\u0119 - ProLife Europe<\/title>\n<meta name=\"description\" content=\"Yra daug moralini\u0173 klausim\u0173, \u012f kuriuos reikia atsi\u017evelgti diskutuojant apie bet koki\u0105 eutanazijos ir pagalbin\u0117s savi\u017eudyb\u0117s form\u0105.\" \/>\n<meta name=\"robots\" content=\"index, follow, max-snippet:-1, max-image-preview:large, max-video-preview:-1\" \/>\n<link rel=\"canonical\" href=\"https:\/\/prolifeeurope.org\/lt\/ziniu-baze\/kodel-eutanazija-nera-uz-gyvybe\/\" \/>\n<meta property=\"og:locale\" content=\"lt_LT\" \/>\n<meta property=\"og:type\" content=\"article\" \/>\n<meta property=\"og:title\" content=\"Kod\u0117l eutanazija n\u0117ra u\u017e gyvyb\u0119 - ProLife Europe\" \/>\n<meta property=\"og:description\" content=\"Yra daug moralini\u0173 klausim\u0173, \u012f kuriuos reikia atsi\u017evelgti diskutuojant apie bet koki\u0105 eutanazijos ir pagalbin\u0117s savi\u017eudyb\u0117s form\u0105.\" \/>\n<meta property=\"og:url\" content=\"https:\/\/prolifeeurope.org\/lt\/ziniu-baze\/kodel-eutanazija-nera-uz-gyvybe\/\" \/>\n<meta property=\"og:site_name\" content=\"ProLife Europe\" \/>\n<meta property=\"article:publisher\" content=\"https:\/\/www.facebook.com\/ProLifeEurope\/\" \/>\n<meta property=\"article:modified_time\" content=\"2025-03-25T09:01:33+00:00\" \/>\n<meta name=\"twitter:card\" content=\"summary_large_image\" \/>\n<meta name=\"twitter:label1\" content=\"Est. reading time\" \/>\n\t<meta name=\"twitter:data1\" content=\"2 minut\u0117s\" \/>\n<script type=\"application\/ld+json\" class=\"yoast-schema-graph\">{\"@context\":\"https:\/\/schema.org\",\"@graph\":[{\"@type\":\"WebPage\",\"@id\":\"https:\/\/prolifeeurope.org\/lt\/ziniu-baze\/kodel-eutanazija-nera-uz-gyvybe\/\",\"url\":\"https:\/\/prolifeeurope.org\/lt\/ziniu-baze\/kodel-eutanazija-nera-uz-gyvybe\/\",\"name\":\"Kod\u0117l eutanazija n\u0117ra u\u017e gyvyb\u0119 - ProLife Europe\",\"isPartOf\":{\"@id\":\"https:\/\/prolifeeurope.org\/lt\/#website\"},\"datePublished\":\"2025-01-15T22:51:50+00:00\",\"dateModified\":\"2025-03-25T09:01:33+00:00\",\"description\":\"Yra daug moralini\u0173 klausim\u0173, \u012f kuriuos reikia atsi\u017evelgti diskutuojant apie bet koki\u0105 eutanazijos ir pagalbin\u0117s savi\u017eudyb\u0117s form\u0105.\",\"breadcrumb\":{\"@id\":\"https:\/\/prolifeeurope.org\/lt\/ziniu-baze\/kodel-eutanazija-nera-uz-gyvybe\/#breadcrumb\"},\"inLanguage\":\"lt-LT\",\"potentialAction\":[{\"@type\":\"ReadAction\",\"target\":[\"https:\/\/prolifeeurope.org\/lt\/ziniu-baze\/kodel-eutanazija-nera-uz-gyvybe\/\"]}]},{\"@type\":\"BreadcrumbList\",\"@id\":\"https:\/\/prolifeeurope.org\/lt\/ziniu-baze\/kodel-eutanazija-nera-uz-gyvybe\/#breadcrumb\",\"itemListElement\":[{\"@type\":\"ListItem\",\"position\":1,\"name\":\"Home\",\"item\":\"https:\/\/prolifeeurope.org\/lt\/\"},{\"@type\":\"ListItem\",\"position\":2,\"name\":\"\u017dini\u0173 baz\u0117\",\"item\":\"https:\/\/prolifeeurope.org\/lt\/ziniu-baze\/\"},{\"@type\":\"ListItem\",\"position\":3,\"name\":\"Kod\u0117l eutanazija n\u0117ra u\u017e gyvyb\u0119\"}]},{\"@type\":\"WebSite\",\"@id\":\"https:\/\/prolifeeurope.org\/lt\/#website\",\"url\":\"https:\/\/prolifeeurope.org\/lt\/\",\"name\":\"ProLife Europe\",\"description\":\"\",\"publisher\":{\"@id\":\"https:\/\/prolifeeurope.org\/lt\/#organization\"},\"potentialAction\":[{\"@type\":\"SearchAction\",\"target\":{\"@type\":\"EntryPoint\",\"urlTemplate\":\"https:\/\/prolifeeurope.org\/lt\/?s={search_term_string}\"},\"query-input\":{\"@type\":\"PropertyValueSpecification\",\"valueRequired\":true,\"valueName\":\"search_term_string\"}}],\"inLanguage\":\"lt-LT\"},{\"@type\":\"Organization\",\"@id\":\"https:\/\/prolifeeurope.org\/lt\/#organization\",\"name\":\"ProLife Europe\",\"url\":\"https:\/\/prolifeeurope.org\/lt\/\",\"logo\":{\"@type\":\"ImageObject\",\"inLanguage\":\"lt-LT\",\"@id\":\"https:\/\/prolifeeurope.org\/lt\/#\/schema\/logo\/image\/\",\"url\":\"https:\/\/prolifeeurope.org\/wp-content\/uploads\/2024\/11\/logo-3.svg\",\"contentUrl\":\"https:\/\/prolifeeurope.org\/wp-content\/uploads\/2024\/11\/logo-3.svg\",\"width\":166,\"height\":170,\"caption\":\"ProLife Europe\"},\"image\":{\"@id\":\"https:\/\/prolifeeurope.org\/lt\/#\/schema\/logo\/image\/\"},\"sameAs\":[\"https:\/\/www.facebook.com\/ProLifeEurope\/\",\"https:\/\/www.instagram.com\/prolife_europe\/\",\"https:\/\/www.youtube.com\/channel\/UC7olgmdiSVEHZUiP554XozA\"]}]}<\/script>\n<!-- \/ Yoast SEO plugin. -->","yoast_head_json":{"title":"Kod\u0117l eutanazija n\u0117ra u\u017e gyvyb\u0119 - ProLife Europe","description":"Yra daug moralini\u0173 klausim\u0173, \u012f kuriuos reikia atsi\u017evelgti diskutuojant apie bet koki\u0105 eutanazijos ir pagalbin\u0117s savi\u017eudyb\u0117s form\u0105.","robots":{"index":"index","follow":"follow","max-snippet":"max-snippet:-1","max-image-preview":"max-image-preview:large","max-video-preview":"max-video-preview:-1"},"canonical":"https:\/\/prolifeeurope.org\/lt\/ziniu-baze\/kodel-eutanazija-nera-uz-gyvybe\/","og_locale":"lt_LT","og_type":"article","og_title":"Kod\u0117l eutanazija n\u0117ra u\u017e gyvyb\u0119 - ProLife Europe","og_description":"Yra daug moralini\u0173 klausim\u0173, \u012f kuriuos reikia atsi\u017evelgti diskutuojant apie bet koki\u0105 eutanazijos ir pagalbin\u0117s savi\u017eudyb\u0117s form\u0105.","og_url":"https:\/\/prolifeeurope.org\/lt\/ziniu-baze\/kodel-eutanazija-nera-uz-gyvybe\/","og_site_name":"ProLife Europe","article_publisher":"https:\/\/www.facebook.com\/ProLifeEurope\/","article_modified_time":"2025-03-25T09:01:33+00:00","twitter_card":"summary_large_image","twitter_misc":{"Est. reading time":"2 minut\u0117s"},"schema":{"@context":"https:\/\/schema.org","@graph":[{"@type":"WebPage","@id":"https:\/\/prolifeeurope.org\/lt\/ziniu-baze\/kodel-eutanazija-nera-uz-gyvybe\/","url":"https:\/\/prolifeeurope.org\/lt\/ziniu-baze\/kodel-eutanazija-nera-uz-gyvybe\/","name":"Kod\u0117l eutanazija n\u0117ra u\u017e gyvyb\u0119 - ProLife Europe","isPartOf":{"@id":"https:\/\/prolifeeurope.org\/lt\/#website"},"datePublished":"2025-01-15T22:51:50+00:00","dateModified":"2025-03-25T09:01:33+00:00","description":"Yra daug moralini\u0173 klausim\u0173, \u012f kuriuos reikia atsi\u017evelgti diskutuojant apie bet koki\u0105 eutanazijos ir pagalbin\u0117s savi\u017eudyb\u0117s form\u0105.","breadcrumb":{"@id":"https:\/\/prolifeeurope.org\/lt\/ziniu-baze\/kodel-eutanazija-nera-uz-gyvybe\/#breadcrumb"},"inLanguage":"lt-LT","potentialAction":[{"@type":"ReadAction","target":["https:\/\/prolifeeurope.org\/lt\/ziniu-baze\/kodel-eutanazija-nera-uz-gyvybe\/"]}]},{"@type":"BreadcrumbList","@id":"https:\/\/prolifeeurope.org\/lt\/ziniu-baze\/kodel-eutanazija-nera-uz-gyvybe\/#breadcrumb","itemListElement":[{"@type":"ListItem","position":1,"name":"Home","item":"https:\/\/prolifeeurope.org\/lt\/"},{"@type":"ListItem","position":2,"name":"\u017dini\u0173 baz\u0117","item":"https:\/\/prolifeeurope.org\/lt\/ziniu-baze\/"},{"@type":"ListItem","position":3,"name":"Kod\u0117l eutanazija n\u0117ra u\u017e gyvyb\u0119"}]},{"@type":"WebSite","@id":"https:\/\/prolifeeurope.org\/lt\/#website","url":"https:\/\/prolifeeurope.org\/lt\/","name":"ProLife Europe","description":"","publisher":{"@id":"https:\/\/prolifeeurope.org\/lt\/#organization"},"potentialAction":[{"@type":"SearchAction","target":{"@type":"EntryPoint","urlTemplate":"https:\/\/prolifeeurope.org\/lt\/?s={search_term_string}"},"query-input":{"@type":"PropertyValueSpecification","valueRequired":true,"valueName":"search_term_string"}}],"inLanguage":"lt-LT"},{"@type":"Organization","@id":"https:\/\/prolifeeurope.org\/lt\/#organization","name":"ProLife Europe","url":"https:\/\/prolifeeurope.org\/lt\/","logo":{"@type":"ImageObject","inLanguage":"lt-LT","@id":"https:\/\/prolifeeurope.org\/lt\/#\/schema\/logo\/image\/","url":"https:\/\/prolifeeurope.org\/wp-content\/uploads\/2024\/11\/logo-3.svg","contentUrl":"https:\/\/prolifeeurope.org\/wp-content\/uploads\/2024\/11\/logo-3.svg","width":166,"height":170,"caption":"ProLife Europe"},"image":{"@id":"https:\/\/prolifeeurope.org\/lt\/#\/schema\/logo\/image\/"},"sameAs":["https:\/\/www.facebook.com\/ProLifeEurope\/","https:\/\/www.instagram.com\/prolife_europe\/","https:\/\/www.youtube.com\/channel\/UC7olgmdiSVEHZUiP554XozA"]}]}},"_links":{"self":[{"href":"https:\/\/prolifeeurope.org\/lt\/wp-json\/wp\/v2\/pages\/3002","targetHints":{"allow":["GET"]}}],"collection":[{"href":"https:\/\/prolifeeurope.org\/lt\/wp-json\/wp\/v2\/pages"}],"about":[{"href":"https:\/\/prolifeeurope.org\/lt\/wp-json\/wp\/v2\/types\/page"}],"author":[{"embeddable":true,"href":"https:\/\/prolifeeurope.org\/lt\/wp-json\/wp\/v2\/users\/14"}],"replies":[{"embeddable":true,"href":"https:\/\/prolifeeurope.org\/lt\/wp-json\/wp\/v2\/comments?post=3002"}],"version-history":[{"count":2,"href":"https:\/\/prolifeeurope.org\/lt\/wp-json\/wp\/v2\/pages\/3002\/revisions"}],"predecessor-version":[{"id":3185,"href":"https:\/\/prolifeeurope.org\/lt\/wp-json\/wp\/v2\/pages\/3002\/revisions\/3185"}],"up":[{"embeddable":true,"href":"https:\/\/prolifeeurope.org\/lt\/wp-json\/wp\/v2\/pages\/2525"}],"wp:attachment":[{"href":"https:\/\/prolifeeurope.org\/lt\/wp-json\/wp\/v2\/media?parent=3002"}],"wp:term":[{"taxonomy":"topic","embeddable":true,"href":"https:\/\/prolifeeurope.org\/lt\/wp-json\/wp\/v2\/topic?post=3002"}],"curies":[{"name":"wp","href":"https:\/\/api.w.org\/{rel}","templated":true}]}}