{"id":2988,"date":"2025-01-15T17:03:47","date_gmt":"2025-01-15T16:03:47","guid":{"rendered":"https:\/\/ws-staging.prolifeeurope.org\/ziniu-baze\/kodel-moterys-renkasi-aborta\/"},"modified":"2025-03-21T09:56:35","modified_gmt":"2025-03-21T08:56:35","slug":"kodel-moterys-renkasi-aborta","status":"publish","type":"page","link":"https:\/\/prolifeeurope.org\/lt\/ziniu-baze\/kodel-moterys-renkasi-aborta\/","title":{"rendered":"Kod\u0117l moterys renkasi abort\u0105?"},"content":{"rendered":"\n<p>Yra daug situacij\u0173 ir motyv\u0173, d\u0117l kuri\u0173 besilaukianti motina svarsto aborto galimyb\u0119. Deja, nors daugumai moter\u0173 tereik\u0117jo padr\u0105sinimo ir paramos, joms buvo suteikta tik galimyb\u0117 atsikratyti vaiko. Pasak n\u0117\u0161\u010di\u0173j\u0173 konsultavimo centro Vokietijoje, pagrindin\u0117s prie\u017eastys, kod\u0117l moterys galvoja apie abort\u0105, yra \u0161ios:  <\/p>\n\n<ul class=\"wp-block-list\">\n<li>Biografiniai motyvai (41,7%)<\/li>\n\n\n\n<li>Na\u0161tos jausmas (30,5%)<\/li>\n\n\n\n<li>Problemos su partneriu (17,2%)<\/li>\n\n\n\n<li>Finansiniai motyvai (6,7%)<\/li>\n\n\n\n<li>\u201eMedicininiai\u201c motyvai (3,1%)<\/li>\n\n\n\n<li>Prievartavimas (0,5%)<\/li>\n\n\n\n<li>Tre\u010diosios \u0161alies spaudimas (0,3%)*<\/li>\n<\/ul>\n\n<p>2023 m. Austrijoje atliktas tyrimas parod\u0117, kad net jei i\u0161orinis spaudimas n\u0117ra pagrindin\u0117 aborto prie\u017eastis, daugiau nei 50 % vis\u0173 moter\u0173 pasirinko abort\u0105 jausdamos \u201elabai stipr\u0173\u201c arba \u201estipr\u0173\u201c i\u0161orin\u012f spaudim\u0105.**<\/p>\n\n<p>Kad ir kokios buvo individualios aplinkyb\u0117s, i\u0161lieka karti tiesa: dauguma moter\u0173, pasirinkusi\u0173 abort\u0105, ie\u0161kojo paramos ir pagalbos, ta\u010diau u\u017euot j\u0105 radusios, liko vienos ir vienintele \u201ei\u0161eitimi\u201c mat\u0117 savo vaiko mirt\u012f.<\/p>\n\n<p class=\"has-small-font-size\">* Read the full report here: <a href=\"https:\/\/www.1000plus.net\/sites\/default\/files\/documents\/SSK-Bericht%202023_0.pdf\" target=\"_blank\" rel=\"noreferrer noopener\">https:\/\/www.1000plus.net\/sites\/default\/files\/documents\/SSK-Bericht%202023_0.pdf<\/a><br\/>** <a href=\"https:\/\/xn--fairndern-y2a.at\/imas-umfrage-2023\/.\" target=\"_blank\" rel=\"noreferrer noopener\">https:\/\/xn--fairndern-y2a.at\/imas-umfrage-2023\/<\/a><\/p>\n","protected":false},"excerpt":{"rendered":"<p>Yra daug situacij\u0173 ir motyv\u0173, d\u0117l kuri\u0173 besilaukianti motina svarsto aborto galimyb\u0119. Deja, nors daugumai moter\u0173 tereik\u0117jo padr\u0105sinimo ir paramos, joms buvo suteikta tik galimyb\u0117 atsikratyti vaiko. Pasak n\u0117\u0161\u010di\u0173j\u0173 konsultavimo<a href=\"https:\/\/prolifeeurope.org\/lt\/ziniu-baze\/kodel-moterys-renkasi-aborta\/\">Continue reading <span class=\"sr-only\">&#8222;Kod\u0117l moterys renkasi abort\u0105?&#8221;<\/span><\/a><\/p>\n","protected":false},"author":14,"featured_media":0,"parent":2525,"menu_order":0,"comment_status":"closed","ping_status":"closed","template":"page-topic.php","meta":{"_acf_changed":false,"_monsterinsights_skip_tracking":false,"_monsterinsights_sitenote_active":false,"_monsterinsights_sitenote_note":"","_monsterinsights_sitenote_category":0,"footnotes":""},"topic":[],"class_list":["post-2988","page","type-page","status-publish","hentry"],"acf":[],"yoast_head":"<!-- This site is optimized with the Yoast SEO plugin v27.2 - https:\/\/yoast.com\/product\/yoast-seo-wordpress\/ -->\n<title>Kod\u0117l moterys renkasi abort\u0105? - ProLife Europe<\/title>\n<meta name=\"description\" content=\"Pasak n\u0117\u0161tumo centro Vokietijoje, pagrindin\u0117s prie\u017eastys, kod\u0117l moterys svarsto aborto galimyb\u0119, yra \u0161ios:\" \/>\n<meta name=\"robots\" content=\"index, follow, max-snippet:-1, max-image-preview:large, max-video-preview:-1\" \/>\n<link rel=\"canonical\" href=\"https:\/\/prolifeeurope.org\/lt\/ziniu-baze\/kodel-moterys-renkasi-aborta\/\" \/>\n<meta property=\"og:locale\" content=\"lt_LT\" \/>\n<meta property=\"og:type\" content=\"article\" \/>\n<meta property=\"og:title\" content=\"Kod\u0117l moterys renkasi abort\u0105? - ProLife Europe\" \/>\n<meta property=\"og:description\" content=\"Pasak n\u0117\u0161tumo centro Vokietijoje, pagrindin\u0117s prie\u017eastys, kod\u0117l moterys svarsto aborto galimyb\u0119, yra \u0161ios:\" \/>\n<meta property=\"og:url\" content=\"https:\/\/prolifeeurope.org\/lt\/ziniu-baze\/kodel-moterys-renkasi-aborta\/\" \/>\n<meta property=\"og:site_name\" content=\"ProLife Europe\" \/>\n<meta property=\"article:publisher\" content=\"https:\/\/www.facebook.com\/ProLifeEurope\/\" \/>\n<meta property=\"article:modified_time\" content=\"2025-03-21T08:56:35+00:00\" \/>\n<meta name=\"twitter:card\" content=\"summary_large_image\" \/>\n<meta name=\"twitter:label1\" content=\"Est. reading time\" \/>\n\t<meta name=\"twitter:data1\" content=\"1 minut\u0117\" \/>\n<script type=\"application\/ld+json\" class=\"yoast-schema-graph\">{\"@context\":\"https:\/\/schema.org\",\"@graph\":[{\"@type\":\"WebPage\",\"@id\":\"https:\/\/prolifeeurope.org\/lt\/ziniu-baze\/kodel-moterys-renkasi-aborta\/\",\"url\":\"https:\/\/prolifeeurope.org\/lt\/ziniu-baze\/kodel-moterys-renkasi-aborta\/\",\"name\":\"Kod\u0117l moterys renkasi abort\u0105? - ProLife Europe\",\"isPartOf\":{\"@id\":\"https:\/\/prolifeeurope.org\/lt\/#website\"},\"datePublished\":\"2025-01-15T16:03:47+00:00\",\"dateModified\":\"2025-03-21T08:56:35+00:00\",\"description\":\"Pasak n\u0117\u0161tumo centro Vokietijoje, pagrindin\u0117s prie\u017eastys, kod\u0117l moterys svarsto aborto galimyb\u0119, yra \u0161ios:\",\"breadcrumb\":{\"@id\":\"https:\/\/prolifeeurope.org\/lt\/ziniu-baze\/kodel-moterys-renkasi-aborta\/#breadcrumb\"},\"inLanguage\":\"lt-LT\",\"potentialAction\":[{\"@type\":\"ReadAction\",\"target\":[\"https:\/\/prolifeeurope.org\/lt\/ziniu-baze\/kodel-moterys-renkasi-aborta\/\"]}]},{\"@type\":\"BreadcrumbList\",\"@id\":\"https:\/\/prolifeeurope.org\/lt\/ziniu-baze\/kodel-moterys-renkasi-aborta\/#breadcrumb\",\"itemListElement\":[{\"@type\":\"ListItem\",\"position\":1,\"name\":\"Home\",\"item\":\"https:\/\/prolifeeurope.org\/lt\/\"},{\"@type\":\"ListItem\",\"position\":2,\"name\":\"\u017dini\u0173 baz\u0117\",\"item\":\"https:\/\/prolifeeurope.org\/lt\/ziniu-baze\/\"},{\"@type\":\"ListItem\",\"position\":3,\"name\":\"Kod\u0117l moterys renkasi abort\u0105?\"}]},{\"@type\":\"WebSite\",\"@id\":\"https:\/\/prolifeeurope.org\/lt\/#website\",\"url\":\"https:\/\/prolifeeurope.org\/lt\/\",\"name\":\"ProLife Europe\",\"description\":\"\",\"publisher\":{\"@id\":\"https:\/\/prolifeeurope.org\/lt\/#organization\"},\"potentialAction\":[{\"@type\":\"SearchAction\",\"target\":{\"@type\":\"EntryPoint\",\"urlTemplate\":\"https:\/\/prolifeeurope.org\/lt\/?s={search_term_string}\"},\"query-input\":{\"@type\":\"PropertyValueSpecification\",\"valueRequired\":true,\"valueName\":\"search_term_string\"}}],\"inLanguage\":\"lt-LT\"},{\"@type\":\"Organization\",\"@id\":\"https:\/\/prolifeeurope.org\/lt\/#organization\",\"name\":\"ProLife Europe\",\"url\":\"https:\/\/prolifeeurope.org\/lt\/\",\"logo\":{\"@type\":\"ImageObject\",\"inLanguage\":\"lt-LT\",\"@id\":\"https:\/\/prolifeeurope.org\/lt\/#\/schema\/logo\/image\/\",\"url\":\"https:\/\/prolifeeurope.org\/wp-content\/uploads\/2024\/11\/logo-3.svg\",\"contentUrl\":\"https:\/\/prolifeeurope.org\/wp-content\/uploads\/2024\/11\/logo-3.svg\",\"width\":166,\"height\":170,\"caption\":\"ProLife Europe\"},\"image\":{\"@id\":\"https:\/\/prolifeeurope.org\/lt\/#\/schema\/logo\/image\/\"},\"sameAs\":[\"https:\/\/www.facebook.com\/ProLifeEurope\/\",\"https:\/\/www.instagram.com\/prolife_europe\/\",\"https:\/\/www.youtube.com\/channel\/UC7olgmdiSVEHZUiP554XozA\"]}]}<\/script>\n<!-- \/ Yoast SEO plugin. -->","yoast_head_json":{"title":"Kod\u0117l moterys renkasi abort\u0105? - ProLife Europe","description":"Pasak n\u0117\u0161tumo centro Vokietijoje, pagrindin\u0117s prie\u017eastys, kod\u0117l moterys svarsto aborto galimyb\u0119, yra \u0161ios:","robots":{"index":"index","follow":"follow","max-snippet":"max-snippet:-1","max-image-preview":"max-image-preview:large","max-video-preview":"max-video-preview:-1"},"canonical":"https:\/\/prolifeeurope.org\/lt\/ziniu-baze\/kodel-moterys-renkasi-aborta\/","og_locale":"lt_LT","og_type":"article","og_title":"Kod\u0117l moterys renkasi abort\u0105? - ProLife Europe","og_description":"Pasak n\u0117\u0161tumo centro Vokietijoje, pagrindin\u0117s prie\u017eastys, kod\u0117l moterys svarsto aborto galimyb\u0119, yra \u0161ios:","og_url":"https:\/\/prolifeeurope.org\/lt\/ziniu-baze\/kodel-moterys-renkasi-aborta\/","og_site_name":"ProLife Europe","article_publisher":"https:\/\/www.facebook.com\/ProLifeEurope\/","article_modified_time":"2025-03-21T08:56:35+00:00","twitter_card":"summary_large_image","twitter_misc":{"Est. reading time":"1 minut\u0117"},"schema":{"@context":"https:\/\/schema.org","@graph":[{"@type":"WebPage","@id":"https:\/\/prolifeeurope.org\/lt\/ziniu-baze\/kodel-moterys-renkasi-aborta\/","url":"https:\/\/prolifeeurope.org\/lt\/ziniu-baze\/kodel-moterys-renkasi-aborta\/","name":"Kod\u0117l moterys renkasi abort\u0105? - ProLife Europe","isPartOf":{"@id":"https:\/\/prolifeeurope.org\/lt\/#website"},"datePublished":"2025-01-15T16:03:47+00:00","dateModified":"2025-03-21T08:56:35+00:00","description":"Pasak n\u0117\u0161tumo centro Vokietijoje, pagrindin\u0117s prie\u017eastys, kod\u0117l moterys svarsto aborto galimyb\u0119, yra \u0161ios:","breadcrumb":{"@id":"https:\/\/prolifeeurope.org\/lt\/ziniu-baze\/kodel-moterys-renkasi-aborta\/#breadcrumb"},"inLanguage":"lt-LT","potentialAction":[{"@type":"ReadAction","target":["https:\/\/prolifeeurope.org\/lt\/ziniu-baze\/kodel-moterys-renkasi-aborta\/"]}]},{"@type":"BreadcrumbList","@id":"https:\/\/prolifeeurope.org\/lt\/ziniu-baze\/kodel-moterys-renkasi-aborta\/#breadcrumb","itemListElement":[{"@type":"ListItem","position":1,"name":"Home","item":"https:\/\/prolifeeurope.org\/lt\/"},{"@type":"ListItem","position":2,"name":"\u017dini\u0173 baz\u0117","item":"https:\/\/prolifeeurope.org\/lt\/ziniu-baze\/"},{"@type":"ListItem","position":3,"name":"Kod\u0117l moterys renkasi abort\u0105?"}]},{"@type":"WebSite","@id":"https:\/\/prolifeeurope.org\/lt\/#website","url":"https:\/\/prolifeeurope.org\/lt\/","name":"ProLife Europe","description":"","publisher":{"@id":"https:\/\/prolifeeurope.org\/lt\/#organization"},"potentialAction":[{"@type":"SearchAction","target":{"@type":"EntryPoint","urlTemplate":"https:\/\/prolifeeurope.org\/lt\/?s={search_term_string}"},"query-input":{"@type":"PropertyValueSpecification","valueRequired":true,"valueName":"search_term_string"}}],"inLanguage":"lt-LT"},{"@type":"Organization","@id":"https:\/\/prolifeeurope.org\/lt\/#organization","name":"ProLife Europe","url":"https:\/\/prolifeeurope.org\/lt\/","logo":{"@type":"ImageObject","inLanguage":"lt-LT","@id":"https:\/\/prolifeeurope.org\/lt\/#\/schema\/logo\/image\/","url":"https:\/\/prolifeeurope.org\/wp-content\/uploads\/2024\/11\/logo-3.svg","contentUrl":"https:\/\/prolifeeurope.org\/wp-content\/uploads\/2024\/11\/logo-3.svg","width":166,"height":170,"caption":"ProLife Europe"},"image":{"@id":"https:\/\/prolifeeurope.org\/lt\/#\/schema\/logo\/image\/"},"sameAs":["https:\/\/www.facebook.com\/ProLifeEurope\/","https:\/\/www.instagram.com\/prolife_europe\/","https:\/\/www.youtube.com\/channel\/UC7olgmdiSVEHZUiP554XozA"]}]}},"_links":{"self":[{"href":"https:\/\/prolifeeurope.org\/lt\/wp-json\/wp\/v2\/pages\/2988","targetHints":{"allow":["GET"]}}],"collection":[{"href":"https:\/\/prolifeeurope.org\/lt\/wp-json\/wp\/v2\/pages"}],"about":[{"href":"https:\/\/prolifeeurope.org\/lt\/wp-json\/wp\/v2\/types\/page"}],"author":[{"embeddable":true,"href":"https:\/\/prolifeeurope.org\/lt\/wp-json\/wp\/v2\/users\/14"}],"replies":[{"embeddable":true,"href":"https:\/\/prolifeeurope.org\/lt\/wp-json\/wp\/v2\/comments?post=2988"}],"version-history":[{"count":1,"href":"https:\/\/prolifeeurope.org\/lt\/wp-json\/wp\/v2\/pages\/2988\/revisions"}],"predecessor-version":[{"id":2989,"href":"https:\/\/prolifeeurope.org\/lt\/wp-json\/wp\/v2\/pages\/2988\/revisions\/2989"}],"up":[{"embeddable":true,"href":"https:\/\/prolifeeurope.org\/lt\/wp-json\/wp\/v2\/pages\/2525"}],"wp:attachment":[{"href":"https:\/\/prolifeeurope.org\/lt\/wp-json\/wp\/v2\/media?parent=2988"}],"wp:term":[{"taxonomy":"topic","embeddable":true,"href":"https:\/\/prolifeeurope.org\/lt\/wp-json\/wp\/v2\/topic?post=2988"}],"curies":[{"name":"wp","href":"https:\/\/api.w.org\/{rel}","templated":true}]}}