{"id":2986,"date":"2024-11-25T20:14:52","date_gmt":"2024-11-25T19:14:52","guid":{"rendered":"https:\/\/ws-staging.prolifeeurope.org\/ziniu-baze\/kada-prasideda-zmogaus-gyvybe\/"},"modified":"2025-03-21T09:55:41","modified_gmt":"2025-03-21T08:55:41","slug":"kada-prasideda-zmogaus-gyvybe","status":"publish","type":"page","link":"https:\/\/prolifeeurope.org\/lt\/ziniu-baze\/kada-prasideda-zmogaus-gyvybe\/","title":{"rendered":"Kada prasideda \u017emogaus gyvyb\u0117?"},"content":{"rendered":"\n<figure class=\"wp-block-image size-large\"><img loading=\"lazy\" decoding=\"async\" width=\"1024\" height=\"567\" src=\"https:\/\/prolifeeurope.org\/wp-content\/uploads\/2025\/01\/when-does-human-life-begin-1-1024x567.jpg\" alt=\"\" class=\"wp-image-1504\" srcset=\"https:\/\/prolifeeurope.org\/wp-content\/uploads\/2025\/01\/when-does-human-life-begin-1-1024x567.jpg 1024w, https:\/\/prolifeeurope.org\/wp-content\/uploads\/2025\/01\/when-does-human-life-begin-1-300x166.jpg 300w, https:\/\/prolifeeurope.org\/wp-content\/uploads\/2025\/01\/when-does-human-life-begin-1-768x425.jpg 768w, https:\/\/prolifeeurope.org\/wp-content\/uploads\/2025\/01\/when-does-human-life-begin-1.jpg 1500w\" sizes=\"auto, (max-width: 1024px) 100vw, 1024px\" \/><\/figure>\n\n<p>Net jei vie\u0161ajame diskurse gali pasigirsti prie\u0161inga nuomon\u0117, biologiniu po\u017ei\u016briu galime tiksliai nurodyti, kada prasideda \u017emogaus gyvyb\u0117: apvaisinimo metu.<\/p>\n\n<p class=\"is-style-default\">Kiau\u0161ial\u0105st\u0117s ir spermatozoido susijungimo momentas yra naujo, unikalaus \u017emogaus organizmo egzistavimo prad\u017eia. \u0160iame naujame gyvame organizme \u2013 dabar sudarytame i\u0161 vienos l\u0105stel\u0117s, vadinamos zigota \u2013 jau yra visa suaugusio \u017emogaus genetin\u0117 informacija, \u012f kuri\u0105 ji i\u0161sivystys: lytis, plauk\u0173 spalva, aki\u0173 spalva, kraujo tipas ir t. t. Jo vystymosi metu jokia papildoma informacija nepridedama. Jei nieko netik\u0117to neatsitiks arba vystymasis nebus nutrauktas ar sustabdytas, \u0161is naujai atsirad\u0119s \u017emogus gims kaip unikalus k\u016bdikis ma\u017edaug po devyni\u0173 m\u0117nesi\u0173.   <\/p>\n\n<p>Literat\u016bra:<\/p>\n\n<ol class=\"wp-block-list\">\n<li class=\"has-small-font-size\">Condic, Maureen (2013): When Does Human Life Begin? The Scientific Evidence and Terminology Revisited [<a href=\"https:\/\/researchonline.stthomas.edu\/esploro\/outputs\/journalArticle\/When-Does-Human-Life-Begin-The\/991015131529403691\" target=\"_blank\" rel=\"noreferrer noopener\">https:\/\/researchonline.stthomas.edu\/esploro\/outputs\/journalArticle\/When-Does-Human-Life-Begin-The\/991015131529403691<\/a>].  <\/li>\n\n\n\n<li class=\"has-small-font-size\">Sadler, T.W. (2012): Langman\u2019s Medical Embryology [<a href=\"https:\/\/e-library.sammu.uz\/uploads\/books\/Ingliz%20tilidagi%20kitoblar\/Sadler_T_W_--_Langman_39_s_medical_embryology.pdf\" target=\"_blank\" rel=\"noreferrer noopener\">https:\/\/e-library.sammu.uz\/uploads\/books\/Ingliz%20tilidagi%20kitoblar\/Sadler_T_W_&#8211;_Langman_39_s_medical_embryology.pdf<\/a>]. <\/li>\n\n\n\n<li class=\"has-small-font-size\">Webster, Samuel; de Wreede, Rhiannon (2012): Embryology at a glance [<a href=\"http:\/\/repository.stikesrspadgs.ac.id\/55\/1\/Embryology%20at%20a%20Glance-122hlm.pdf\" target=\"_blank\" rel=\"noreferrer noopener\">http:\/\/repository.stikesrspadgs.ac.id\/55\/1\/Embryology%20at%20a%20Glance-122hlm.pdf<\/a>].<\/li>\n<\/ol>\n\n<ol class=\"wp-block-list\">\n<li><\/li>\n<\/ol>\n","protected":false},"excerpt":{"rendered":"<p>Net jei vie\u0161ajame diskurse gali pasigirsti prie\u0161inga nuomon\u0117, biologiniu po\u017ei\u016briu galime tiksliai nurodyti, kada prasideda \u017emogaus gyvyb\u0117: apvaisinimo metu. Kiau\u0161ial\u0105st\u0117s ir spermatozoido susijungimo momentas yra naujo, unikalaus \u017emogaus organizmo egzistavimo<a href=\"https:\/\/prolifeeurope.org\/lt\/ziniu-baze\/kada-prasideda-zmogaus-gyvybe\/\">Continue reading <span class=\"sr-only\">&#8222;Kada prasideda \u017emogaus gyvyb\u0117?&#8221;<\/span><\/a><\/p>\n","protected":false},"author":14,"featured_media":0,"parent":2525,"menu_order":0,"comment_status":"closed","ping_status":"closed","template":"page-topic.php","meta":{"_acf_changed":false,"_monsterinsights_skip_tracking":false,"_monsterinsights_sitenote_active":false,"_monsterinsights_sitenote_note":"","_monsterinsights_sitenote_category":0,"footnotes":""},"topic":[],"class_list":["post-2986","page","type-page","status-publish","hentry"],"acf":[],"yoast_head":"<!-- This site is optimized with the Yoast SEO plugin v27.2 - https:\/\/yoast.com\/product\/yoast-seo-wordpress\/ -->\n<title>Kada prasideda \u017emogaus gyvyb\u0117? - ProLife Europe<\/title>\n<meta name=\"description\" content=\"Net jei vie\u0161ajame diskurse gali pasigirsti prie\u0161inga nuomon\u0117, \u017emogaus gyvenimo prad\u017ei\u0105 galima biologi\u0161kai ai\u0161kiai apibr\u0117\u017eti.\" \/>\n<meta name=\"robots\" content=\"index, follow, max-snippet:-1, max-image-preview:large, max-video-preview:-1\" \/>\n<link rel=\"canonical\" href=\"https:\/\/prolifeeurope.org\/lt\/ziniu-baze\/kada-prasideda-zmogaus-gyvybe\/\" \/>\n<meta property=\"og:locale\" content=\"lt_LT\" \/>\n<meta property=\"og:type\" content=\"article\" \/>\n<meta property=\"og:title\" content=\"Kada prasideda \u017emogaus gyvyb\u0117? - ProLife Europe\" \/>\n<meta property=\"og:description\" content=\"Net jei vie\u0161ajame diskurse gali pasigirsti prie\u0161inga nuomon\u0117, \u017emogaus gyvenimo prad\u017ei\u0105 galima biologi\u0161kai ai\u0161kiai apibr\u0117\u017eti.\" \/>\n<meta property=\"og:url\" content=\"https:\/\/prolifeeurope.org\/lt\/ziniu-baze\/kada-prasideda-zmogaus-gyvybe\/\" \/>\n<meta property=\"og:site_name\" content=\"ProLife Europe\" \/>\n<meta property=\"article:publisher\" content=\"https:\/\/www.facebook.com\/ProLifeEurope\/\" \/>\n<meta property=\"article:modified_time\" content=\"2025-03-21T08:55:41+00:00\" \/>\n<meta property=\"og:image\" content=\"https:\/\/prolifeeurope.org\/wp-content\/uploads\/2025\/01\/when-does-human-life-begin-1.jpg\" \/>\n\t<meta property=\"og:image:width\" content=\"1500\" \/>\n\t<meta property=\"og:image:height\" content=\"830\" \/>\n\t<meta property=\"og:image:type\" content=\"image\/jpeg\" \/>\n<meta name=\"twitter:card\" content=\"summary_large_image\" \/>\n<meta name=\"twitter:label1\" content=\"Est. reading time\" \/>\n\t<meta name=\"twitter:data1\" content=\"1 minut\u0117\" \/>\n<script type=\"application\/ld+json\" class=\"yoast-schema-graph\">{\"@context\":\"https:\/\/schema.org\",\"@graph\":[{\"@type\":\"WebPage\",\"@id\":\"https:\/\/prolifeeurope.org\/lt\/ziniu-baze\/kada-prasideda-zmogaus-gyvybe\/\",\"url\":\"https:\/\/prolifeeurope.org\/lt\/ziniu-baze\/kada-prasideda-zmogaus-gyvybe\/\",\"name\":\"Kada prasideda \u017emogaus gyvyb\u0117? - ProLife Europe\",\"isPartOf\":{\"@id\":\"https:\/\/prolifeeurope.org\/lt\/#website\"},\"primaryImageOfPage\":{\"@id\":\"https:\/\/prolifeeurope.org\/lt\/ziniu-baze\/kada-prasideda-zmogaus-gyvybe\/#primaryimage\"},\"image\":{\"@id\":\"https:\/\/prolifeeurope.org\/lt\/ziniu-baze\/kada-prasideda-zmogaus-gyvybe\/#primaryimage\"},\"thumbnailUrl\":\"https:\/\/prolifeeurope.org\/wp-content\/uploads\/2025\/01\/when-does-human-life-begin-1-1024x567.jpg\",\"datePublished\":\"2024-11-25T19:14:52+00:00\",\"dateModified\":\"2025-03-21T08:55:41+00:00\",\"description\":\"Net jei vie\u0161ajame diskurse gali pasigirsti prie\u0161inga nuomon\u0117, \u017emogaus gyvenimo prad\u017ei\u0105 galima biologi\u0161kai ai\u0161kiai apibr\u0117\u017eti.\",\"breadcrumb\":{\"@id\":\"https:\/\/prolifeeurope.org\/lt\/ziniu-baze\/kada-prasideda-zmogaus-gyvybe\/#breadcrumb\"},\"inLanguage\":\"lt-LT\",\"potentialAction\":[{\"@type\":\"ReadAction\",\"target\":[\"https:\/\/prolifeeurope.org\/lt\/ziniu-baze\/kada-prasideda-zmogaus-gyvybe\/\"]}]},{\"@type\":\"ImageObject\",\"inLanguage\":\"lt-LT\",\"@id\":\"https:\/\/prolifeeurope.org\/lt\/ziniu-baze\/kada-prasideda-zmogaus-gyvybe\/#primaryimage\",\"url\":\"https:\/\/prolifeeurope.org\/wp-content\/uploads\/2025\/01\/when-does-human-life-begin-1-1024x567.jpg\",\"contentUrl\":\"https:\/\/prolifeeurope.org\/wp-content\/uploads\/2025\/01\/when-does-human-life-begin-1-1024x567.jpg\"},{\"@type\":\"BreadcrumbList\",\"@id\":\"https:\/\/prolifeeurope.org\/lt\/ziniu-baze\/kada-prasideda-zmogaus-gyvybe\/#breadcrumb\",\"itemListElement\":[{\"@type\":\"ListItem\",\"position\":1,\"name\":\"Home\",\"item\":\"https:\/\/prolifeeurope.org\/lt\/\"},{\"@type\":\"ListItem\",\"position\":2,\"name\":\"\u017dini\u0173 baz\u0117\",\"item\":\"https:\/\/prolifeeurope.org\/lt\/ziniu-baze\/\"},{\"@type\":\"ListItem\",\"position\":3,\"name\":\"Kada prasideda \u017emogaus gyvyb\u0117?\"}]},{\"@type\":\"WebSite\",\"@id\":\"https:\/\/prolifeeurope.org\/lt\/#website\",\"url\":\"https:\/\/prolifeeurope.org\/lt\/\",\"name\":\"ProLife Europe\",\"description\":\"\",\"publisher\":{\"@id\":\"https:\/\/prolifeeurope.org\/lt\/#organization\"},\"potentialAction\":[{\"@type\":\"SearchAction\",\"target\":{\"@type\":\"EntryPoint\",\"urlTemplate\":\"https:\/\/prolifeeurope.org\/lt\/?s={search_term_string}\"},\"query-input\":{\"@type\":\"PropertyValueSpecification\",\"valueRequired\":true,\"valueName\":\"search_term_string\"}}],\"inLanguage\":\"lt-LT\"},{\"@type\":\"Organization\",\"@id\":\"https:\/\/prolifeeurope.org\/lt\/#organization\",\"name\":\"ProLife Europe\",\"url\":\"https:\/\/prolifeeurope.org\/lt\/\",\"logo\":{\"@type\":\"ImageObject\",\"inLanguage\":\"lt-LT\",\"@id\":\"https:\/\/prolifeeurope.org\/lt\/#\/schema\/logo\/image\/\",\"url\":\"https:\/\/prolifeeurope.org\/wp-content\/uploads\/2024\/11\/logo-3.svg\",\"contentUrl\":\"https:\/\/prolifeeurope.org\/wp-content\/uploads\/2024\/11\/logo-3.svg\",\"width\":166,\"height\":170,\"caption\":\"ProLife Europe\"},\"image\":{\"@id\":\"https:\/\/prolifeeurope.org\/lt\/#\/schema\/logo\/image\/\"},\"sameAs\":[\"https:\/\/www.facebook.com\/ProLifeEurope\/\",\"https:\/\/www.instagram.com\/prolife_europe\/\",\"https:\/\/www.youtube.com\/channel\/UC7olgmdiSVEHZUiP554XozA\"]}]}<\/script>\n<!-- \/ Yoast SEO plugin. -->","yoast_head_json":{"title":"Kada prasideda \u017emogaus gyvyb\u0117? - ProLife Europe","description":"Net jei vie\u0161ajame diskurse gali pasigirsti prie\u0161inga nuomon\u0117, \u017emogaus gyvenimo prad\u017ei\u0105 galima biologi\u0161kai ai\u0161kiai apibr\u0117\u017eti.","robots":{"index":"index","follow":"follow","max-snippet":"max-snippet:-1","max-image-preview":"max-image-preview:large","max-video-preview":"max-video-preview:-1"},"canonical":"https:\/\/prolifeeurope.org\/lt\/ziniu-baze\/kada-prasideda-zmogaus-gyvybe\/","og_locale":"lt_LT","og_type":"article","og_title":"Kada prasideda \u017emogaus gyvyb\u0117? - ProLife Europe","og_description":"Net jei vie\u0161ajame diskurse gali pasigirsti prie\u0161inga nuomon\u0117, \u017emogaus gyvenimo prad\u017ei\u0105 galima biologi\u0161kai ai\u0161kiai apibr\u0117\u017eti.","og_url":"https:\/\/prolifeeurope.org\/lt\/ziniu-baze\/kada-prasideda-zmogaus-gyvybe\/","og_site_name":"ProLife Europe","article_publisher":"https:\/\/www.facebook.com\/ProLifeEurope\/","article_modified_time":"2025-03-21T08:55:41+00:00","og_image":[{"width":1500,"height":830,"url":"https:\/\/prolifeeurope.org\/wp-content\/uploads\/2025\/01\/when-does-human-life-begin-1.jpg","type":"image\/jpeg"}],"twitter_card":"summary_large_image","twitter_misc":{"Est. reading time":"1 minut\u0117"},"schema":{"@context":"https:\/\/schema.org","@graph":[{"@type":"WebPage","@id":"https:\/\/prolifeeurope.org\/lt\/ziniu-baze\/kada-prasideda-zmogaus-gyvybe\/","url":"https:\/\/prolifeeurope.org\/lt\/ziniu-baze\/kada-prasideda-zmogaus-gyvybe\/","name":"Kada prasideda \u017emogaus gyvyb\u0117? - ProLife Europe","isPartOf":{"@id":"https:\/\/prolifeeurope.org\/lt\/#website"},"primaryImageOfPage":{"@id":"https:\/\/prolifeeurope.org\/lt\/ziniu-baze\/kada-prasideda-zmogaus-gyvybe\/#primaryimage"},"image":{"@id":"https:\/\/prolifeeurope.org\/lt\/ziniu-baze\/kada-prasideda-zmogaus-gyvybe\/#primaryimage"},"thumbnailUrl":"https:\/\/prolifeeurope.org\/wp-content\/uploads\/2025\/01\/when-does-human-life-begin-1-1024x567.jpg","datePublished":"2024-11-25T19:14:52+00:00","dateModified":"2025-03-21T08:55:41+00:00","description":"Net jei vie\u0161ajame diskurse gali pasigirsti prie\u0161inga nuomon\u0117, \u017emogaus gyvenimo prad\u017ei\u0105 galima biologi\u0161kai ai\u0161kiai apibr\u0117\u017eti.","breadcrumb":{"@id":"https:\/\/prolifeeurope.org\/lt\/ziniu-baze\/kada-prasideda-zmogaus-gyvybe\/#breadcrumb"},"inLanguage":"lt-LT","potentialAction":[{"@type":"ReadAction","target":["https:\/\/prolifeeurope.org\/lt\/ziniu-baze\/kada-prasideda-zmogaus-gyvybe\/"]}]},{"@type":"ImageObject","inLanguage":"lt-LT","@id":"https:\/\/prolifeeurope.org\/lt\/ziniu-baze\/kada-prasideda-zmogaus-gyvybe\/#primaryimage","url":"https:\/\/prolifeeurope.org\/wp-content\/uploads\/2025\/01\/when-does-human-life-begin-1-1024x567.jpg","contentUrl":"https:\/\/prolifeeurope.org\/wp-content\/uploads\/2025\/01\/when-does-human-life-begin-1-1024x567.jpg"},{"@type":"BreadcrumbList","@id":"https:\/\/prolifeeurope.org\/lt\/ziniu-baze\/kada-prasideda-zmogaus-gyvybe\/#breadcrumb","itemListElement":[{"@type":"ListItem","position":1,"name":"Home","item":"https:\/\/prolifeeurope.org\/lt\/"},{"@type":"ListItem","position":2,"name":"\u017dini\u0173 baz\u0117","item":"https:\/\/prolifeeurope.org\/lt\/ziniu-baze\/"},{"@type":"ListItem","position":3,"name":"Kada prasideda \u017emogaus gyvyb\u0117?"}]},{"@type":"WebSite","@id":"https:\/\/prolifeeurope.org\/lt\/#website","url":"https:\/\/prolifeeurope.org\/lt\/","name":"ProLife Europe","description":"","publisher":{"@id":"https:\/\/prolifeeurope.org\/lt\/#organization"},"potentialAction":[{"@type":"SearchAction","target":{"@type":"EntryPoint","urlTemplate":"https:\/\/prolifeeurope.org\/lt\/?s={search_term_string}"},"query-input":{"@type":"PropertyValueSpecification","valueRequired":true,"valueName":"search_term_string"}}],"inLanguage":"lt-LT"},{"@type":"Organization","@id":"https:\/\/prolifeeurope.org\/lt\/#organization","name":"ProLife Europe","url":"https:\/\/prolifeeurope.org\/lt\/","logo":{"@type":"ImageObject","inLanguage":"lt-LT","@id":"https:\/\/prolifeeurope.org\/lt\/#\/schema\/logo\/image\/","url":"https:\/\/prolifeeurope.org\/wp-content\/uploads\/2024\/11\/logo-3.svg","contentUrl":"https:\/\/prolifeeurope.org\/wp-content\/uploads\/2024\/11\/logo-3.svg","width":166,"height":170,"caption":"ProLife Europe"},"image":{"@id":"https:\/\/prolifeeurope.org\/lt\/#\/schema\/logo\/image\/"},"sameAs":["https:\/\/www.facebook.com\/ProLifeEurope\/","https:\/\/www.instagram.com\/prolife_europe\/","https:\/\/www.youtube.com\/channel\/UC7olgmdiSVEHZUiP554XozA"]}]}},"_links":{"self":[{"href":"https:\/\/prolifeeurope.org\/lt\/wp-json\/wp\/v2\/pages\/2986","targetHints":{"allow":["GET"]}}],"collection":[{"href":"https:\/\/prolifeeurope.org\/lt\/wp-json\/wp\/v2\/pages"}],"about":[{"href":"https:\/\/prolifeeurope.org\/lt\/wp-json\/wp\/v2\/types\/page"}],"author":[{"embeddable":true,"href":"https:\/\/prolifeeurope.org\/lt\/wp-json\/wp\/v2\/users\/14"}],"replies":[{"embeddable":true,"href":"https:\/\/prolifeeurope.org\/lt\/wp-json\/wp\/v2\/comments?post=2986"}],"version-history":[{"count":1,"href":"https:\/\/prolifeeurope.org\/lt\/wp-json\/wp\/v2\/pages\/2986\/revisions"}],"predecessor-version":[{"id":2987,"href":"https:\/\/prolifeeurope.org\/lt\/wp-json\/wp\/v2\/pages\/2986\/revisions\/2987"}],"up":[{"embeddable":true,"href":"https:\/\/prolifeeurope.org\/lt\/wp-json\/wp\/v2\/pages\/2525"}],"wp:attachment":[{"href":"https:\/\/prolifeeurope.org\/lt\/wp-json\/wp\/v2\/media?parent=2986"}],"wp:term":[{"taxonomy":"topic","embeddable":true,"href":"https:\/\/prolifeeurope.org\/lt\/wp-json\/wp\/v2\/topic?post=2986"}],"curies":[{"name":"wp","href":"https:\/\/api.w.org\/{rel}","templated":true}]}}