{"id":2981,"date":"2025-01-21T23:18:16","date_gmt":"2025-01-21T22:18:16","guid":{"rendered":"https:\/\/ws-staging.prolifeeurope.org\/ziniu-baze\/surogatine-motinyste\/"},"modified":"2025-03-21T10:00:39","modified_gmt":"2025-03-21T09:00:39","slug":"surogatine-motinyste","status":"publish","type":"page","link":"https:\/\/prolifeeurope.org\/lt\/ziniu-baze\/surogatine-motinyste\/","title":{"rendered":"Surogatin\u0117 motinyst\u0117"},"content":{"rendered":"\n<p>Kaip ir dirbtinio apvaisinimo atveju, naudojimasis surogatine motinyste, norint susilaukti vaiko, ne tik su vaiku elgiamasi kaip su preke, bet ir moteris paver\u010diama tik gimdymo priemone. Nors ir galime galvoti apie i\u0161 pirmo \u017evilgsnio gra\u017eiai atrodan\u010dius scenarijus, kai ka\u017ekas i\u0161 draug\u0173 savanori\u0161kai padeda savo artimiesiems \u012fgyvendinti svajon\u0119 tur\u0117ti vaik\u0105, ta\u010diau sunki tiesa yra ta, kad surogatin\u0117 motinyst\u0117 i\u0161naudoja (da\u017eniausiai neturtingas ir jaunas) moteris, kad i\u0161nuomot\u0173 savo \u012fs\u010dias u\u017e labai reikaling\u0105 finansin\u0119 pagalb\u0105. \u0160tai kod\u0117l \u201evaisingumo turizmas\u201c da\u017eniausiai vyksta \u0161alyse, kuri\u0173 ekonomika ne tokia stabili.   <\/p>\n\n<figure class=\"wp-block-image size-large\"><img loading=\"lazy\" decoding=\"async\" width=\"881\" height=\"1024\" src=\"https:\/\/prolifeeurope.org\/wp-content\/uploads\/2025\/01\/surrogacy-2-881x1024.jpg\" alt=\"\" class=\"wp-image-1501\" srcset=\"https:\/\/prolifeeurope.org\/wp-content\/uploads\/2025\/01\/surrogacy-2-881x1024.jpg 881w, https:\/\/prolifeeurope.org\/wp-content\/uploads\/2025\/01\/surrogacy-2-258x300.jpg 258w, https:\/\/prolifeeurope.org\/wp-content\/uploads\/2025\/01\/surrogacy-2-768x893.jpg 768w, https:\/\/prolifeeurope.org\/wp-content\/uploads\/2025\/01\/surrogacy-2.jpg 1290w\" sizes=\"auto, (max-width: 881px) 100vw, 881px\" \/><\/figure>\n","protected":false},"excerpt":{"rendered":"<p>Kaip ir dirbtinio apvaisinimo atveju, naudojimasis surogatine motinyste, norint susilaukti vaiko, ne tik su vaiku elgiamasi kaip su preke, bet ir moteris paver\u010diama tik gimdymo priemone. Nors ir galime galvoti<a href=\"https:\/\/prolifeeurope.org\/lt\/ziniu-baze\/surogatine-motinyste\/\">Continue reading <span class=\"sr-only\">&#8222;Surogatin\u0117 motinyst\u0117&#8221;<\/span><\/a><\/p>\n","protected":false},"author":14,"featured_media":0,"parent":2525,"menu_order":0,"comment_status":"closed","ping_status":"closed","template":"page-topic.php","meta":{"_acf_changed":false,"_monsterinsights_skip_tracking":false,"_monsterinsights_sitenote_active":false,"_monsterinsights_sitenote_note":"","_monsterinsights_sitenote_category":0,"footnotes":""},"topic":[],"class_list":["post-2981","page","type-page","status-publish","hentry"],"acf":[],"yoast_head":"<!-- This site is optimized with the Yoast SEO plugin v27.2 - https:\/\/yoast.com\/product\/yoast-seo-wordpress\/ -->\n<title>Surogatin\u0117 motinyst\u0117 - ProLife Europe<\/title>\n<meta name=\"description\" content=\"Ypa\u010d jaunos ir ekonomi\u0161kai nepalankioje pad\u0117tyje esan\u010dios moterys ken\u010dia nuo i\u0161naudojimo per surogatin\u0119 motinyst\u0119.\" \/>\n<meta name=\"robots\" content=\"index, follow, max-snippet:-1, max-image-preview:large, max-video-preview:-1\" \/>\n<link rel=\"canonical\" href=\"https:\/\/prolifeeurope.org\/lt\/ziniu-baze\/surogatine-motinyste\/\" \/>\n<meta property=\"og:locale\" content=\"lt_LT\" \/>\n<meta property=\"og:type\" content=\"article\" \/>\n<meta property=\"og:title\" content=\"Surogatin\u0117 motinyst\u0117 - ProLife Europe\" \/>\n<meta property=\"og:description\" content=\"Ypa\u010d jaunos ir ekonomi\u0161kai nepalankioje pad\u0117tyje esan\u010dios moterys ken\u010dia nuo i\u0161naudojimo per surogatin\u0119 motinyst\u0119.\" \/>\n<meta property=\"og:url\" content=\"https:\/\/prolifeeurope.org\/lt\/ziniu-baze\/surogatine-motinyste\/\" \/>\n<meta property=\"og:site_name\" content=\"ProLife Europe\" \/>\n<meta property=\"article:publisher\" content=\"https:\/\/www.facebook.com\/ProLifeEurope\/\" \/>\n<meta property=\"article:modified_time\" content=\"2025-03-21T09:00:39+00:00\" \/>\n<meta property=\"og:image\" content=\"https:\/\/prolifeeurope.org\/wp-content\/uploads\/2025\/01\/surrogacy-2.jpg\" \/>\n\t<meta property=\"og:image:width\" content=\"1290\" \/>\n\t<meta property=\"og:image:height\" content=\"1500\" \/>\n\t<meta property=\"og:image:type\" content=\"image\/jpeg\" \/>\n<meta name=\"twitter:card\" content=\"summary_large_image\" \/>\n<meta name=\"twitter:label1\" content=\"Est. reading time\" \/>\n\t<meta name=\"twitter:data1\" content=\"1 minut\u0117\" \/>\n<script type=\"application\/ld+json\" class=\"yoast-schema-graph\">{\"@context\":\"https:\/\/schema.org\",\"@graph\":[{\"@type\":\"WebPage\",\"@id\":\"https:\/\/prolifeeurope.org\/lt\/ziniu-baze\/surogatine-motinyste\/\",\"url\":\"https:\/\/prolifeeurope.org\/lt\/ziniu-baze\/surogatine-motinyste\/\",\"name\":\"Surogatin\u0117 motinyst\u0117 - ProLife Europe\",\"isPartOf\":{\"@id\":\"https:\/\/prolifeeurope.org\/lt\/#website\"},\"primaryImageOfPage\":{\"@id\":\"https:\/\/prolifeeurope.org\/lt\/ziniu-baze\/surogatine-motinyste\/#primaryimage\"},\"image\":{\"@id\":\"https:\/\/prolifeeurope.org\/lt\/ziniu-baze\/surogatine-motinyste\/#primaryimage\"},\"thumbnailUrl\":\"https:\/\/prolifeeurope.org\/wp-content\/uploads\/2025\/01\/surrogacy-2-881x1024.jpg\",\"datePublished\":\"2025-01-21T22:18:16+00:00\",\"dateModified\":\"2025-03-21T09:00:39+00:00\",\"description\":\"Ypa\u010d jaunos ir ekonomi\u0161kai nepalankioje pad\u0117tyje esan\u010dios moterys ken\u010dia nuo i\u0161naudojimo per surogatin\u0119 motinyst\u0119.\",\"breadcrumb\":{\"@id\":\"https:\/\/prolifeeurope.org\/lt\/ziniu-baze\/surogatine-motinyste\/#breadcrumb\"},\"inLanguage\":\"lt-LT\",\"potentialAction\":[{\"@type\":\"ReadAction\",\"target\":[\"https:\/\/prolifeeurope.org\/lt\/ziniu-baze\/surogatine-motinyste\/\"]}]},{\"@type\":\"ImageObject\",\"inLanguage\":\"lt-LT\",\"@id\":\"https:\/\/prolifeeurope.org\/lt\/ziniu-baze\/surogatine-motinyste\/#primaryimage\",\"url\":\"https:\/\/prolifeeurope.org\/wp-content\/uploads\/2025\/01\/surrogacy-2-881x1024.jpg\",\"contentUrl\":\"https:\/\/prolifeeurope.org\/wp-content\/uploads\/2025\/01\/surrogacy-2-881x1024.jpg\"},{\"@type\":\"BreadcrumbList\",\"@id\":\"https:\/\/prolifeeurope.org\/lt\/ziniu-baze\/surogatine-motinyste\/#breadcrumb\",\"itemListElement\":[{\"@type\":\"ListItem\",\"position\":1,\"name\":\"Home\",\"item\":\"https:\/\/prolifeeurope.org\/lt\/\"},{\"@type\":\"ListItem\",\"position\":2,\"name\":\"\u017dini\u0173 baz\u0117\",\"item\":\"https:\/\/prolifeeurope.org\/lt\/ziniu-baze\/\"},{\"@type\":\"ListItem\",\"position\":3,\"name\":\"Surogatin\u0117 motinyst\u0117\"}]},{\"@type\":\"WebSite\",\"@id\":\"https:\/\/prolifeeurope.org\/lt\/#website\",\"url\":\"https:\/\/prolifeeurope.org\/lt\/\",\"name\":\"ProLife Europe\",\"description\":\"\",\"publisher\":{\"@id\":\"https:\/\/prolifeeurope.org\/lt\/#organization\"},\"potentialAction\":[{\"@type\":\"SearchAction\",\"target\":{\"@type\":\"EntryPoint\",\"urlTemplate\":\"https:\/\/prolifeeurope.org\/lt\/?s={search_term_string}\"},\"query-input\":{\"@type\":\"PropertyValueSpecification\",\"valueRequired\":true,\"valueName\":\"search_term_string\"}}],\"inLanguage\":\"lt-LT\"},{\"@type\":\"Organization\",\"@id\":\"https:\/\/prolifeeurope.org\/lt\/#organization\",\"name\":\"ProLife Europe\",\"url\":\"https:\/\/prolifeeurope.org\/lt\/\",\"logo\":{\"@type\":\"ImageObject\",\"inLanguage\":\"lt-LT\",\"@id\":\"https:\/\/prolifeeurope.org\/lt\/#\/schema\/logo\/image\/\",\"url\":\"https:\/\/prolifeeurope.org\/wp-content\/uploads\/2024\/11\/logo-3.svg\",\"contentUrl\":\"https:\/\/prolifeeurope.org\/wp-content\/uploads\/2024\/11\/logo-3.svg\",\"width\":166,\"height\":170,\"caption\":\"ProLife Europe\"},\"image\":{\"@id\":\"https:\/\/prolifeeurope.org\/lt\/#\/schema\/logo\/image\/\"},\"sameAs\":[\"https:\/\/www.facebook.com\/ProLifeEurope\/\",\"https:\/\/www.instagram.com\/prolife_europe\/\",\"https:\/\/www.youtube.com\/channel\/UC7olgmdiSVEHZUiP554XozA\"]}]}<\/script>\n<!-- \/ Yoast SEO plugin. -->","yoast_head_json":{"title":"Surogatin\u0117 motinyst\u0117 - ProLife Europe","description":"Ypa\u010d jaunos ir ekonomi\u0161kai nepalankioje pad\u0117tyje esan\u010dios moterys ken\u010dia nuo i\u0161naudojimo per surogatin\u0119 motinyst\u0119.","robots":{"index":"index","follow":"follow","max-snippet":"max-snippet:-1","max-image-preview":"max-image-preview:large","max-video-preview":"max-video-preview:-1"},"canonical":"https:\/\/prolifeeurope.org\/lt\/ziniu-baze\/surogatine-motinyste\/","og_locale":"lt_LT","og_type":"article","og_title":"Surogatin\u0117 motinyst\u0117 - ProLife Europe","og_description":"Ypa\u010d jaunos ir ekonomi\u0161kai nepalankioje pad\u0117tyje esan\u010dios moterys ken\u010dia nuo i\u0161naudojimo per surogatin\u0119 motinyst\u0119.","og_url":"https:\/\/prolifeeurope.org\/lt\/ziniu-baze\/surogatine-motinyste\/","og_site_name":"ProLife Europe","article_publisher":"https:\/\/www.facebook.com\/ProLifeEurope\/","article_modified_time":"2025-03-21T09:00:39+00:00","og_image":[{"width":1290,"height":1500,"url":"https:\/\/prolifeeurope.org\/wp-content\/uploads\/2025\/01\/surrogacy-2.jpg","type":"image\/jpeg"}],"twitter_card":"summary_large_image","twitter_misc":{"Est. reading time":"1 minut\u0117"},"schema":{"@context":"https:\/\/schema.org","@graph":[{"@type":"WebPage","@id":"https:\/\/prolifeeurope.org\/lt\/ziniu-baze\/surogatine-motinyste\/","url":"https:\/\/prolifeeurope.org\/lt\/ziniu-baze\/surogatine-motinyste\/","name":"Surogatin\u0117 motinyst\u0117 - ProLife Europe","isPartOf":{"@id":"https:\/\/prolifeeurope.org\/lt\/#website"},"primaryImageOfPage":{"@id":"https:\/\/prolifeeurope.org\/lt\/ziniu-baze\/surogatine-motinyste\/#primaryimage"},"image":{"@id":"https:\/\/prolifeeurope.org\/lt\/ziniu-baze\/surogatine-motinyste\/#primaryimage"},"thumbnailUrl":"https:\/\/prolifeeurope.org\/wp-content\/uploads\/2025\/01\/surrogacy-2-881x1024.jpg","datePublished":"2025-01-21T22:18:16+00:00","dateModified":"2025-03-21T09:00:39+00:00","description":"Ypa\u010d jaunos ir ekonomi\u0161kai nepalankioje pad\u0117tyje esan\u010dios moterys ken\u010dia nuo i\u0161naudojimo per surogatin\u0119 motinyst\u0119.","breadcrumb":{"@id":"https:\/\/prolifeeurope.org\/lt\/ziniu-baze\/surogatine-motinyste\/#breadcrumb"},"inLanguage":"lt-LT","potentialAction":[{"@type":"ReadAction","target":["https:\/\/prolifeeurope.org\/lt\/ziniu-baze\/surogatine-motinyste\/"]}]},{"@type":"ImageObject","inLanguage":"lt-LT","@id":"https:\/\/prolifeeurope.org\/lt\/ziniu-baze\/surogatine-motinyste\/#primaryimage","url":"https:\/\/prolifeeurope.org\/wp-content\/uploads\/2025\/01\/surrogacy-2-881x1024.jpg","contentUrl":"https:\/\/prolifeeurope.org\/wp-content\/uploads\/2025\/01\/surrogacy-2-881x1024.jpg"},{"@type":"BreadcrumbList","@id":"https:\/\/prolifeeurope.org\/lt\/ziniu-baze\/surogatine-motinyste\/#breadcrumb","itemListElement":[{"@type":"ListItem","position":1,"name":"Home","item":"https:\/\/prolifeeurope.org\/lt\/"},{"@type":"ListItem","position":2,"name":"\u017dini\u0173 baz\u0117","item":"https:\/\/prolifeeurope.org\/lt\/ziniu-baze\/"},{"@type":"ListItem","position":3,"name":"Surogatin\u0117 motinyst\u0117"}]},{"@type":"WebSite","@id":"https:\/\/prolifeeurope.org\/lt\/#website","url":"https:\/\/prolifeeurope.org\/lt\/","name":"ProLife Europe","description":"","publisher":{"@id":"https:\/\/prolifeeurope.org\/lt\/#organization"},"potentialAction":[{"@type":"SearchAction","target":{"@type":"EntryPoint","urlTemplate":"https:\/\/prolifeeurope.org\/lt\/?s={search_term_string}"},"query-input":{"@type":"PropertyValueSpecification","valueRequired":true,"valueName":"search_term_string"}}],"inLanguage":"lt-LT"},{"@type":"Organization","@id":"https:\/\/prolifeeurope.org\/lt\/#organization","name":"ProLife Europe","url":"https:\/\/prolifeeurope.org\/lt\/","logo":{"@type":"ImageObject","inLanguage":"lt-LT","@id":"https:\/\/prolifeeurope.org\/lt\/#\/schema\/logo\/image\/","url":"https:\/\/prolifeeurope.org\/wp-content\/uploads\/2024\/11\/logo-3.svg","contentUrl":"https:\/\/prolifeeurope.org\/wp-content\/uploads\/2024\/11\/logo-3.svg","width":166,"height":170,"caption":"ProLife Europe"},"image":{"@id":"https:\/\/prolifeeurope.org\/lt\/#\/schema\/logo\/image\/"},"sameAs":["https:\/\/www.facebook.com\/ProLifeEurope\/","https:\/\/www.instagram.com\/prolife_europe\/","https:\/\/www.youtube.com\/channel\/UC7olgmdiSVEHZUiP554XozA"]}]}},"_links":{"self":[{"href":"https:\/\/prolifeeurope.org\/lt\/wp-json\/wp\/v2\/pages\/2981","targetHints":{"allow":["GET"]}}],"collection":[{"href":"https:\/\/prolifeeurope.org\/lt\/wp-json\/wp\/v2\/pages"}],"about":[{"href":"https:\/\/prolifeeurope.org\/lt\/wp-json\/wp\/v2\/types\/page"}],"author":[{"embeddable":true,"href":"https:\/\/prolifeeurope.org\/lt\/wp-json\/wp\/v2\/users\/14"}],"replies":[{"embeddable":true,"href":"https:\/\/prolifeeurope.org\/lt\/wp-json\/wp\/v2\/comments?post=2981"}],"version-history":[{"count":4,"href":"https:\/\/prolifeeurope.org\/lt\/wp-json\/wp\/v2\/pages\/2981\/revisions"}],"predecessor-version":[{"id":3005,"href":"https:\/\/prolifeeurope.org\/lt\/wp-json\/wp\/v2\/pages\/2981\/revisions\/3005"}],"up":[{"embeddable":true,"href":"https:\/\/prolifeeurope.org\/lt\/wp-json\/wp\/v2\/pages\/2525"}],"wp:attachment":[{"href":"https:\/\/prolifeeurope.org\/lt\/wp-json\/wp\/v2\/media?parent=2981"}],"wp:term":[{"taxonomy":"topic","embeddable":true,"href":"https:\/\/prolifeeurope.org\/lt\/wp-json\/wp\/v2\/topic?post=2981"}],"curies":[{"name":"wp","href":"https:\/\/api.w.org\/{rel}","templated":true}]}}