{"id":2975,"date":"2025-01-15T20:12:47","date_gmt":"2025-01-15T19:12:47","guid":{"rendered":"https:\/\/ws-staging.prolifeeurope.org\/ziniu-baze\/pro-life-feminizmo-saknys\/"},"modified":"2025-03-21T09:59:28","modified_gmt":"2025-03-21T08:59:28","slug":"pro-life-feminizmo-saknys","status":"publish","type":"page","link":"https:\/\/prolifeeurope.org\/lt\/ziniu-baze\/pro-life-feminizmo-saknys\/","title":{"rendered":"Pro-life feminizmo \u0161aknys"},"content":{"rendered":"\n<p>Ankstyvasis feministinis jud\u0117jimas, kil\u0119s XIX a., abort\u0173 klausimu i\u0161 esm\u0117s buvo u\u017e gyvyb\u0119. Jud\u0117jimo pionier\u0117s, kaip Susan B. Anthony ir Elizabeth Cady Stanton, kovojusios u\u017e moter\u0173 rinkim\u0173 teis\u0119 ir lygyb\u0119, abort\u0105 vertino kaip moter\u0173 teisi\u0173 ir gyvyb\u0117s \u0161ventumo pa\u017eeidim\u0105. Jos tik\u0117jo, kad tikras moter\u0173 \u012fgalinimas atsirado per socialin\u0119 reform\u0105, kuri i\u0161k\u0117l\u0117 moteris i\u0161 priespaudos, o ne pasisak\u0117 u\u017e n\u0117\u0161tumo nutraukim\u0105. Savo ra\u0161tuose jos pasmerk\u0117 abort\u0173 praktik\u0105, kuri, j\u0173 manymu, yra platesn\u0117s visuomen\u0117s netinkamo elgesio su moterimis, da\u017enai ver\u010diam\u0173 vyr\u0173 arba ekonomini\u0173 aplinkybi\u0173, rezultatas. Ankstyvosios feminist\u0117s teig\u0117, kad u\u017euot skatinusi abortus, visuomen\u0117 tur\u0117t\u0173 spr\u0119sti pagrindines skurdo, i\u0161silavinimo ir teisin\u0117s apsaugos moterims stokos problemas, d\u0117l kuri\u0173 jos da\u017enai siek\u0117 abort\u0173.    <\/p>\n\n<p>Ankstyvosios feminist\u0117s tik\u0117jo, kad ir negim\u0119s vaikas, ir motina nusipelno apsaugos ir prie\u017ei\u016bros. Pavyzd\u017eiui, Stanton apie abort\u0105 ra\u0161\u0117 kaip apie \u201evaik\u017eudyst\u0117s\u201c form\u0105, laikydama j\u012f prie\u0161taraujan\u010diu lygyb\u0117s ir teisingumo idealams, u\u017e kuriuos kovojo. J\u0173 siekis buvo ne tik balso suteikimas moterims politiniais ir socialiniais klausimais, bet ir gyvyb\u0117s kult\u016bros bei atsakomyb\u0117s skatinimas. Pro-life vertyb\u0117s buvo dalis j\u0173 platesni\u0173 tiksl\u0173 \u2013 gerinti vis\u0173 \u017emoni\u0173, ypa\u010d labiausiai pa\u017eeid\u017eiam\u0173, \u012fskaitant negimusius vaikus, gerov\u0119 ir orum\u0105. J\u0173 palikimas atspindi sud\u0117tingesn\u012f moter\u0173 teisi\u0173 supratim\u0105, kuriame motinos ir vaiko gerov\u0117 buvo tarpusavyje susijusi. Nor\u0117dami su\u017einoti daugiau apie ankstyv\u0173j\u0173 feminis\u010di\u0173 pro-life pa\u017ei\u016bras, skaitykite <em>Feminists for Life<\/em> ir <em>SBA Pro-Life America<\/em> straipsnius:     <\/p>\n\n<ol class=\"wp-block-list\">\n<li>Feminists for Life &#8211;<a href=\"https:\/\/www.feministsforlife.org\/first-wave-feminists-susan-b-anthony\" target=\"_blank\" rel=\"noreferrer noopener\"> First Wave Feminists<\/a><\/li>\n\n\n\n<li>SBA Pro-Life America &#8211; <a href=\"https:\/\/sbaprolife.org\/susan-b-anthony\" target=\"_blank\" rel=\"noreferrer noopener\">Susan B. Anthony: Pro-Life Feminist<\/a><\/li>\n\n\n\n<li>Feminists for Life &#8211; <a href=\"https:\/\/www.feministsforlife.org\/why-i-am-a-feminist-for-life\/\" target=\"_blank\" rel=\"noreferrer noopener\">Why I Am a Feminist for Life<\/a><\/li>\n<\/ol>\n","protected":false},"excerpt":{"rendered":"<p>Ankstyvasis feministinis jud\u0117jimas, kil\u0119s XIX a., abort\u0173 klausimu i\u0161 esm\u0117s buvo u\u017e gyvyb\u0119. Jud\u0117jimo pionier\u0117s, kaip Susan B. Anthony ir Elizabeth Cady Stanton, kovojusios u\u017e moter\u0173 rinkim\u0173 teis\u0119 ir lygyb\u0119,<a href=\"https:\/\/prolifeeurope.org\/lt\/ziniu-baze\/pro-life-feminizmo-saknys\/\">Continue reading <span class=\"sr-only\">&#8222;Pro-life feminizmo \u0161aknys&#8221;<\/span><\/a><\/p>\n","protected":false},"author":14,"featured_media":0,"parent":2525,"menu_order":0,"comment_status":"closed","ping_status":"closed","template":"page-topic.php","meta":{"_acf_changed":false,"_monsterinsights_skip_tracking":false,"_monsterinsights_sitenote_active":false,"_monsterinsights_sitenote_note":"","_monsterinsights_sitenote_category":0,"footnotes":""},"topic":[],"class_list":["post-2975","page","type-page","status-publish","hentry"],"acf":[],"yoast_head":"<!-- This site is optimized with the Yoast SEO plugin v27.2 - https:\/\/yoast.com\/product\/yoast-seo-wordpress\/ -->\n<title>Pro-life feminizmo \u0161aknys - ProLife Europe<\/title>\n<meta name=\"description\" content=\"Ankstyvasis feministinis jud\u0117jimas, atsirad\u0119s XIX am\u017eiuje, diskusijose d\u0117l abort\u0173 i\u0161 esm\u0117s palaik\u0117 gyvyb\u0119.\" \/>\n<meta name=\"robots\" content=\"index, follow, max-snippet:-1, max-image-preview:large, max-video-preview:-1\" \/>\n<link rel=\"canonical\" href=\"https:\/\/prolifeeurope.org\/lt\/ziniu-baze\/pro-life-feminizmo-saknys\/\" \/>\n<meta property=\"og:locale\" content=\"lt_LT\" \/>\n<meta property=\"og:type\" content=\"article\" \/>\n<meta property=\"og:title\" content=\"Pro-life feminizmo \u0161aknys - ProLife Europe\" \/>\n<meta property=\"og:description\" content=\"Ankstyvasis feministinis jud\u0117jimas, atsirad\u0119s XIX am\u017eiuje, diskusijose d\u0117l abort\u0173 i\u0161 esm\u0117s palaik\u0117 gyvyb\u0119.\" \/>\n<meta property=\"og:url\" content=\"https:\/\/prolifeeurope.org\/lt\/ziniu-baze\/pro-life-feminizmo-saknys\/\" \/>\n<meta property=\"og:site_name\" content=\"ProLife Europe\" \/>\n<meta property=\"article:publisher\" content=\"https:\/\/www.facebook.com\/ProLifeEurope\/\" \/>\n<meta property=\"article:modified_time\" content=\"2025-03-21T08:59:28+00:00\" \/>\n<meta name=\"twitter:card\" content=\"summary_large_image\" \/>\n<meta name=\"twitter:label1\" content=\"Est. reading time\" \/>\n\t<meta name=\"twitter:data1\" content=\"2 minut\u0117s\" \/>\n<script type=\"application\/ld+json\" class=\"yoast-schema-graph\">{\"@context\":\"https:\/\/schema.org\",\"@graph\":[{\"@type\":\"WebPage\",\"@id\":\"https:\/\/prolifeeurope.org\/lt\/ziniu-baze\/pro-life-feminizmo-saknys\/\",\"url\":\"https:\/\/prolifeeurope.org\/lt\/ziniu-baze\/pro-life-feminizmo-saknys\/\",\"name\":\"Pro-life feminizmo \u0161aknys - ProLife Europe\",\"isPartOf\":{\"@id\":\"https:\/\/prolifeeurope.org\/lt\/#website\"},\"datePublished\":\"2025-01-15T19:12:47+00:00\",\"dateModified\":\"2025-03-21T08:59:28+00:00\",\"description\":\"Ankstyvasis feministinis jud\u0117jimas, atsirad\u0119s XIX am\u017eiuje, diskusijose d\u0117l abort\u0173 i\u0161 esm\u0117s palaik\u0117 gyvyb\u0119.\",\"breadcrumb\":{\"@id\":\"https:\/\/prolifeeurope.org\/lt\/ziniu-baze\/pro-life-feminizmo-saknys\/#breadcrumb\"},\"inLanguage\":\"lt-LT\",\"potentialAction\":[{\"@type\":\"ReadAction\",\"target\":[\"https:\/\/prolifeeurope.org\/lt\/ziniu-baze\/pro-life-feminizmo-saknys\/\"]}]},{\"@type\":\"BreadcrumbList\",\"@id\":\"https:\/\/prolifeeurope.org\/lt\/ziniu-baze\/pro-life-feminizmo-saknys\/#breadcrumb\",\"itemListElement\":[{\"@type\":\"ListItem\",\"position\":1,\"name\":\"Home\",\"item\":\"https:\/\/prolifeeurope.org\/lt\/\"},{\"@type\":\"ListItem\",\"position\":2,\"name\":\"\u017dini\u0173 baz\u0117\",\"item\":\"https:\/\/prolifeeurope.org\/lt\/ziniu-baze\/\"},{\"@type\":\"ListItem\",\"position\":3,\"name\":\"Pro-life feminizmo \u0161aknys\"}]},{\"@type\":\"WebSite\",\"@id\":\"https:\/\/prolifeeurope.org\/lt\/#website\",\"url\":\"https:\/\/prolifeeurope.org\/lt\/\",\"name\":\"ProLife Europe\",\"description\":\"\",\"publisher\":{\"@id\":\"https:\/\/prolifeeurope.org\/lt\/#organization\"},\"potentialAction\":[{\"@type\":\"SearchAction\",\"target\":{\"@type\":\"EntryPoint\",\"urlTemplate\":\"https:\/\/prolifeeurope.org\/lt\/?s={search_term_string}\"},\"query-input\":{\"@type\":\"PropertyValueSpecification\",\"valueRequired\":true,\"valueName\":\"search_term_string\"}}],\"inLanguage\":\"lt-LT\"},{\"@type\":\"Organization\",\"@id\":\"https:\/\/prolifeeurope.org\/lt\/#organization\",\"name\":\"ProLife Europe\",\"url\":\"https:\/\/prolifeeurope.org\/lt\/\",\"logo\":{\"@type\":\"ImageObject\",\"inLanguage\":\"lt-LT\",\"@id\":\"https:\/\/prolifeeurope.org\/lt\/#\/schema\/logo\/image\/\",\"url\":\"https:\/\/prolifeeurope.org\/wp-content\/uploads\/2024\/11\/logo-3.svg\",\"contentUrl\":\"https:\/\/prolifeeurope.org\/wp-content\/uploads\/2024\/11\/logo-3.svg\",\"width\":166,\"height\":170,\"caption\":\"ProLife Europe\"},\"image\":{\"@id\":\"https:\/\/prolifeeurope.org\/lt\/#\/schema\/logo\/image\/\"},\"sameAs\":[\"https:\/\/www.facebook.com\/ProLifeEurope\/\",\"https:\/\/www.instagram.com\/prolife_europe\/\",\"https:\/\/www.youtube.com\/channel\/UC7olgmdiSVEHZUiP554XozA\"]}]}<\/script>\n<!-- \/ Yoast SEO plugin. -->","yoast_head_json":{"title":"Pro-life feminizmo \u0161aknys - ProLife Europe","description":"Ankstyvasis feministinis jud\u0117jimas, atsirad\u0119s XIX am\u017eiuje, diskusijose d\u0117l abort\u0173 i\u0161 esm\u0117s palaik\u0117 gyvyb\u0119.","robots":{"index":"index","follow":"follow","max-snippet":"max-snippet:-1","max-image-preview":"max-image-preview:large","max-video-preview":"max-video-preview:-1"},"canonical":"https:\/\/prolifeeurope.org\/lt\/ziniu-baze\/pro-life-feminizmo-saknys\/","og_locale":"lt_LT","og_type":"article","og_title":"Pro-life feminizmo \u0161aknys - ProLife Europe","og_description":"Ankstyvasis feministinis jud\u0117jimas, atsirad\u0119s XIX am\u017eiuje, diskusijose d\u0117l abort\u0173 i\u0161 esm\u0117s palaik\u0117 gyvyb\u0119.","og_url":"https:\/\/prolifeeurope.org\/lt\/ziniu-baze\/pro-life-feminizmo-saknys\/","og_site_name":"ProLife Europe","article_publisher":"https:\/\/www.facebook.com\/ProLifeEurope\/","article_modified_time":"2025-03-21T08:59:28+00:00","twitter_card":"summary_large_image","twitter_misc":{"Est. reading time":"2 minut\u0117s"},"schema":{"@context":"https:\/\/schema.org","@graph":[{"@type":"WebPage","@id":"https:\/\/prolifeeurope.org\/lt\/ziniu-baze\/pro-life-feminizmo-saknys\/","url":"https:\/\/prolifeeurope.org\/lt\/ziniu-baze\/pro-life-feminizmo-saknys\/","name":"Pro-life feminizmo \u0161aknys - ProLife Europe","isPartOf":{"@id":"https:\/\/prolifeeurope.org\/lt\/#website"},"datePublished":"2025-01-15T19:12:47+00:00","dateModified":"2025-03-21T08:59:28+00:00","description":"Ankstyvasis feministinis jud\u0117jimas, atsirad\u0119s XIX am\u017eiuje, diskusijose d\u0117l abort\u0173 i\u0161 esm\u0117s palaik\u0117 gyvyb\u0119.","breadcrumb":{"@id":"https:\/\/prolifeeurope.org\/lt\/ziniu-baze\/pro-life-feminizmo-saknys\/#breadcrumb"},"inLanguage":"lt-LT","potentialAction":[{"@type":"ReadAction","target":["https:\/\/prolifeeurope.org\/lt\/ziniu-baze\/pro-life-feminizmo-saknys\/"]}]},{"@type":"BreadcrumbList","@id":"https:\/\/prolifeeurope.org\/lt\/ziniu-baze\/pro-life-feminizmo-saknys\/#breadcrumb","itemListElement":[{"@type":"ListItem","position":1,"name":"Home","item":"https:\/\/prolifeeurope.org\/lt\/"},{"@type":"ListItem","position":2,"name":"\u017dini\u0173 baz\u0117","item":"https:\/\/prolifeeurope.org\/lt\/ziniu-baze\/"},{"@type":"ListItem","position":3,"name":"Pro-life feminizmo \u0161aknys"}]},{"@type":"WebSite","@id":"https:\/\/prolifeeurope.org\/lt\/#website","url":"https:\/\/prolifeeurope.org\/lt\/","name":"ProLife Europe","description":"","publisher":{"@id":"https:\/\/prolifeeurope.org\/lt\/#organization"},"potentialAction":[{"@type":"SearchAction","target":{"@type":"EntryPoint","urlTemplate":"https:\/\/prolifeeurope.org\/lt\/?s={search_term_string}"},"query-input":{"@type":"PropertyValueSpecification","valueRequired":true,"valueName":"search_term_string"}}],"inLanguage":"lt-LT"},{"@type":"Organization","@id":"https:\/\/prolifeeurope.org\/lt\/#organization","name":"ProLife Europe","url":"https:\/\/prolifeeurope.org\/lt\/","logo":{"@type":"ImageObject","inLanguage":"lt-LT","@id":"https:\/\/prolifeeurope.org\/lt\/#\/schema\/logo\/image\/","url":"https:\/\/prolifeeurope.org\/wp-content\/uploads\/2024\/11\/logo-3.svg","contentUrl":"https:\/\/prolifeeurope.org\/wp-content\/uploads\/2024\/11\/logo-3.svg","width":166,"height":170,"caption":"ProLife Europe"},"image":{"@id":"https:\/\/prolifeeurope.org\/lt\/#\/schema\/logo\/image\/"},"sameAs":["https:\/\/www.facebook.com\/ProLifeEurope\/","https:\/\/www.instagram.com\/prolife_europe\/","https:\/\/www.youtube.com\/channel\/UC7olgmdiSVEHZUiP554XozA"]}]}},"_links":{"self":[{"href":"https:\/\/prolifeeurope.org\/lt\/wp-json\/wp\/v2\/pages\/2975","targetHints":{"allow":["GET"]}}],"collection":[{"href":"https:\/\/prolifeeurope.org\/lt\/wp-json\/wp\/v2\/pages"}],"about":[{"href":"https:\/\/prolifeeurope.org\/lt\/wp-json\/wp\/v2\/types\/page"}],"author":[{"embeddable":true,"href":"https:\/\/prolifeeurope.org\/lt\/wp-json\/wp\/v2\/users\/14"}],"replies":[{"embeddable":true,"href":"https:\/\/prolifeeurope.org\/lt\/wp-json\/wp\/v2\/comments?post=2975"}],"version-history":[{"count":1,"href":"https:\/\/prolifeeurope.org\/lt\/wp-json\/wp\/v2\/pages\/2975\/revisions"}],"predecessor-version":[{"id":2976,"href":"https:\/\/prolifeeurope.org\/lt\/wp-json\/wp\/v2\/pages\/2975\/revisions\/2976"}],"up":[{"embeddable":true,"href":"https:\/\/prolifeeurope.org\/lt\/wp-json\/wp\/v2\/pages\/2525"}],"wp:attachment":[{"href":"https:\/\/prolifeeurope.org\/lt\/wp-json\/wp\/v2\/media?parent=2975"}],"wp:term":[{"taxonomy":"topic","embeddable":true,"href":"https:\/\/prolifeeurope.org\/lt\/wp-json\/wp\/v2\/topic?post=2975"}],"curies":[{"name":"wp","href":"https:\/\/api.w.org\/{rel}","templated":true}]}}