{"id":2973,"date":"2025-01-15T20:18:56","date_gmt":"2025-01-15T19:18:56","guid":{"rendered":"https:\/\/ws-staging.prolifeeurope.org\/ziniu-baze\/pro-life-etikos-tarpkulturiskumas\/"},"modified":"2025-03-21T09:58:36","modified_gmt":"2025-03-21T08:58:36","slug":"pro-life-etikos-tarpkulturiskumas","status":"publish","type":"page","link":"https:\/\/prolifeeurope.org\/lt\/ziniu-baze\/pro-life-etikos-tarpkulturiskumas\/","title":{"rendered":"Pro-life etikos tarpkult\u016bri\u0161kumas"},"content":{"rendered":"\n<p>Gyvyb\u0117s apsaugos etikos tarpkult\u016bri\u0161kumas atspindi tai, kaip \u012fvairios kult\u016bros ir tik\u0117jimo sistemos sutaria \u017emogaus gyvyb\u0117s \u0161ventumo klausimu, ypa\u010d tokiomis temomis kaip abortai, eutanazija ir bioetika. Gyvyb\u0117s apsaugos etika i\u0161 esm\u0117s pabr\u0117\u017eia gyvyb\u0117s apsaug\u0105 ir i\u0161saugojim\u0105, da\u017enai teigdama, kad gyvyb\u0117 prasideda nuo prad\u0117jimo ir nuo to momento nusipelno apsaugos. Nors \u0161is po\u017ei\u016bris da\u017eniausiai siejamas su tam tikromis religin\u0117mis tradicijomis, pavyzd\u017eiui, krik\u0161\u010dionybe, judaizmu ir islamu, jis taip pat gali b\u016bti aptinkamas pasaulietin\u0117se ir vietini\u0173 gyventoj\u0173 pasaul\u0117\u017ei\u016brose, kuriose pabr\u0117\u017eiamas gyvyb\u0117s tarpusavio ry\u0161ys ir kiekvieno \u017emogaus prigimtin\u0117 vert\u0117.  <\/p>\n\n<p>Pavyzd\u017eiui, <strong>animizme<\/strong>, kuris paplit\u0119s tarp \u012fvairi\u0173 kra\u0161t\u0173 vietini\u0173 gyventoj\u0173 ir tradicini\u0173 tik\u0117jimo sistem\u0173, gyvyb\u0117s apsaugos etika yra glaud\u017eiai susijusi su tik\u0117jimu, kad visos gyvos b\u016btyb\u0117s \u2013 \u017emon\u0117s, gyv\u016bnai, augalai ir net negyvi daiktai \u2013 turi dvasin\u0119 esm\u0119. Gyvyb\u0117 suvokiama kaip tarpusavyje susijusi, o gyvyb\u0117s at\u0117mimas, \u012fskaitant abortus, da\u017enai laikomas nat\u016bralios pasaulio pusiausvyros ir harmonijos pa\u017eeidimu. <\/p>\n\n<p>Skirtingos kult\u016bros unikaliu b\u016bdu praturtina gyvyb\u0117s apsaugos etik\u0105, nes jas formuoja j\u0173 tradicijos, \u012fstatymai ir socialin\u0117s sistemos. Pavyzd\u017eiui, daugelyje Azijos visuomeni\u0173 budizmo ir konfucianizmo principai prisideda prie diskusij\u0173 apie gyvyb\u0119, kur svarbi karmos samprata ir moralin\u0117 atsakomyb\u0117 u\u017e ateities kartas. Afrikos kult\u016brose akcentuojamas bendruomeninis gyvenimas ir prot\u0117vi\u0173 vaidmuo gali b\u016bti svarb\u016bs gyvyb\u0117s apsaugos po\u017ei\u016briu, nes gyvyb\u0117 yra platesnio socialinio ir dvasinio konteksto dalis. Tuo tarpu Amerikos ir Okeanijos \u010diabuvi\u0173 kult\u016brose holistinis po\u017ei\u016bris \u012f gyvyb\u0119, susiet\u0105 su gamta, da\u017enai i\u0161ple\u010dia argumentus u\u017e gyvyb\u0119 ir apima ne tik \u017emogaus egzistencij\u0105, bet ir pagarb\u0105 visoms gyvoms b\u016btyb\u0117ms. Panagrin\u0117kime skirting\u0173 religij\u0173 pozicij\u0105 gyvyb\u0117s apsaugos klausimu:    <\/p>\n\n<h3 class=\"wp-block-heading\">1. Ryt\u0173 religijos \/ filosofijos*<\/h3>\n\n<p><strong>Budizme<\/strong> gyvyb\u0117s apsaugos etika grind\u017eiama ahimsa (nesmurto) principu, kuris rei\u0161kia, kad abortai paprastai yra smerkiami, nes jie susij\u0119 su gyvyb\u0117s at\u0117mimu. <strong>Sikhizme<\/strong> gyvyb\u0117 laikoma \u0161venta nuo pat prasid\u0117jimo, tod\u0117l abortams paprastai nepritariama, o tai atitinka sikh\u0173 tik\u0117jim\u0105 gyvyb\u0117s dievi\u0161kumu ir u\u017euojautos svarb\u0105. <strong>Induizme<\/strong> gyvyb\u0117 taip pat labai vertinama, o abortams nepritariama d\u0117l tik\u0117jimo karma ir sielos \u0161ventumu. <strong>Taoizmas<\/strong> pabr\u0117\u017eia visos gyvyb\u0117s \u0161ventum\u0105, nes ji yra neatskiriama Tao, arba nat\u016bralaus kelio, dalis. I\u0161pa\u017ein\u0117jai gali tik\u0117ti, kad kiekviena b\u016btyb\u0117 turi savo keli\u0105 ir tiksl\u0105, ir pasisako u\u017e gyvyb\u0117s i\u0161saugojim\u0105, kad b\u016bt\u0173 palaikoma harmonija visatoje. \u0160is po\u017ei\u016bris skatina gili\u0105 pagarb\u0105 nat\u016braliems gyvyb\u0117s ir mirties procesams, ugdo u\u017euojaut\u0105 ir param\u0105 tiek negimusiems vaikams, tiek j\u0173 motinoms, priiman\u010dioms globojan\u010dius sprendimus, skatinan\u010dius pusiausvyr\u0105 ir gerov\u0119.   <\/p>\n\n<ol class=\"wp-block-list\">\n<li><\/li>\n<\/ol>\n\n<p><strong>Konfucianizmo<\/strong> etikos principai gyvyb\u0117s apsaugos srityje grind\u017eiami gilia pagarba gyvybei, \u0161eimai ir visuomen\u0117s darnai, nors \u0161i filosofija ai\u0161kiai nekalba apie abortus. Konfucijaus mintis pabr\u0117\u017eia s\u016bni\u0161kojo pamaldumo, \u0161eimos t\u0119stinumo ir moralini\u0173 pareig\u0173 prot\u0117viams bei b\u016bsimoms kartoms svarb\u0105. Abortai paprastai nerekomenduojami, nes jie trikdo nat\u016brali\u0105 gyvyb\u0117s ir gimin\u0117s t\u0117km\u0119, kuri yra svarbiausia konfucianistini\u0173 vertybi\u0173 dalis.  <\/p>\n\n<h3 class=\"wp-block-heading\">2. Amerikos ir Okeanijos \u010diabuvi\u0173 filosoijos **<\/h3>\n\n<p>Amerikos ir Okeanijos \u010diabuvi\u0173 kult\u016broms, nepaisant j\u0173 did\u017eiul\u0117s \u012fvairov\u0117s, da\u017enai b\u016bdingos bendros vertyb\u0117s, susijusios su gyvybe, bendruomene ir gamtos pasauliu. Daugelis \u0161i\u0173 kult\u016br\u0173 tradici\u0161kai laikosi pro-life pa\u017ei\u016br\u0173, nors \u0161ios pa\u017ei\u016bros da\u017enai yra sud\u0117tingesn\u0117s ir holisti\u0161kesn\u0117s nei \u0161iuolaikinis politinis \u0161ios s\u0105vokos \u012fprasminimas: abiejuose regionuose pabr\u0117\u017eiama kolektyvin\u0117 atsakomyb\u0117 puosel\u0117ti ir saugoti gyvyb\u0119, ypa\u010d vaik\u0173 ir pa\u017eeid\u017eiam\u0173 asmen\u0173, kartu gerbiant moters, kaip gyvyb\u0117s dav\u0117jos, vaidmen\u012f. Svarbus vaidmuo tenka dvasingumui, o gyvyb\u0117 suvokiama kaip didesnio ekologinio ir dvasinio kontinuumo dalis. Nors daugelis \u010diabuvi\u0173 grupi\u0173 laikosi pro-life pa\u017ei\u016br\u0173, jos da\u017enai yra labiau subtilios, nes gyvyb\u0117s \u0161ventumas derinamas su praktiniais ekologinio tvarumo, bendruomen\u0117s gerov\u0117s ir dvasinio vadovavimo aspektais.   <\/p>\n\n<p>\u0160iaur\u0117s Amerikos \u010diabuviai puosel\u0117ja gyvyb\u0119 remian\u010di\u0105 pasaul\u0117\u017ei\u016br\u0105, kurioje giliai vertinamas \u017emoni\u0173, gamtos ir kosmoso tarpusavio ry\u0161ys. Pavyzd\u017eiui, \u0160iaur\u0117s Amerikos pirm\u0173j\u0173 taut\u0173 gyventoj\u0173 s\u0105voka \u201eVisos mano jungtys\u201c atspindi j\u0173 po\u017ei\u016br\u012f, kad visos gyvosios b\u016btyb\u0117s yra susijusios, vertos pagarbos ir apsaugos. Tai apima tik\u0117jim\u0105 gyvyb\u0117s \u0161ventumu, r\u016bpinim\u0105si \u017eeme ir atsakomybe prie\u0161 ateities kartas. J\u0173 po\u017ei\u016bris \u012f gyvyb\u0119 yra giliai \u012fsi\u0161aknij\u0119s dvasiniuose \u012fsitikinimuose, ekologiniuose santykiuose ir bendruomenin\u0117je atsakomyb\u0117je. Jie laikosi holistinio po\u017ei\u016brio \u012f gyvyb\u0119, susiet\u0105 su gamta, da\u017enai i\u0161pl\u0117sdami argumentus u\u017e gyvyb\u0119 u\u017e \u017emogaus egzistencijos rib\u0173 ir \u012ftraukdami pagarb\u0105 visoms gyvoms b\u016btyb\u0117ms.     <\/p>\n\n<p>Pana\u0161iai ir Okeanijos \u010diabuvi\u0173 kult\u016bros, pavyzd\u017eiui, maoriai, taip pat pabr\u0117\u017eia, kad r\u016bpinimasis aplinka ir jos gyvyb\u0117s formomis yra j\u0173 dvasini\u0173 ir kult\u016brini\u0173 pareig\u0173 dalis, o tai da\u017enai rei\u0161kia, kad jie saugo gyvyb\u0119.<\/p>\n\n<h3 class=\"wp-block-heading\">3. Afrikos (ikikrik\u0161\u010dioni\u0161kos) religijos\/filosofijos ***<\/h3>\n\n<p>Be to, daugelyje <strong>Afrikos gen\u010di\u0173 kult\u016br\u0173<\/strong> gyvyb\u0117s apsaugos etika yra giliai \u012fsi\u0161aknijusi bendruomeniniame ir dvasiniame gyvyb\u0117s supratime, kur \u017emogus laikomas i\u0161pl\u0117stinio tinklo, apiman\u010dio prot\u0117vius, gyv\u0105 bendruomen\u0119 ir b\u016bsimas kartas, dalimi. Gyvyb\u0117 nuo pat prasid\u0117jimo laikoma \u0161venta, nes ji prisideda prie genties t\u0119stinumo ir pagerbia prot\u0117vi\u0173 linij\u0105. Abortas da\u017enai laikomas \u0161io ciklo sutrikdymu, tod\u0117l gali b\u016bti draud\u017eiamas arba labai neskatinamas. Gyvyb\u0117s, bendruomen\u0117s gerov\u0117s ir dvasini\u0173 \u012fsitikinim\u0173 tarpusavio ry\u0161ys lemia \u0161i\u0173 kult\u016br\u0173 pozicij\u0105 u\u017e gyvyb\u0119, pabr\u0117\u017eian\u010di\u0105 kolektyvin\u0119 atsakomyb\u0119 saugoti ir puosel\u0117ti gyvyb\u0119.   <\/p>\n\n<h3 class=\"wp-block-heading\">4. Vakar\u0173 religijos ****<\/h3>\n\n<p><strong>Judaizme<\/strong> u\u017e gyvyb\u0119 pasisakoma remiantis tik\u0117jimu, kad gyvyb\u0117 yra \u0161venta Dievo dovana ir kad \u017emogus yra sukurtas pagal Dievo paveiksl\u0105 (Pr 1, 27). Nors \u017eyd\u0173 teis\u0117je pripa\u017e\u012fstamas gyvyb\u0117s \u0161ventumas, joje taip pat laikomasi niuansuoto po\u017ei\u016brio. \u017dyd\u0173 teis\u0117je (<em>halakha<\/em>), vaisius laikomas potencialia gyvybe, o ne visaver\u010diu asmeniu. Talmudas moko, kad vaisius tampa asmeniu tik po gimimo, kai atsiranda galva arba did\u017eioji k\u016bno dalis (Mi\u0161na Ohalot 7, 6). Nepaisant to, potenciali gyvyb\u0117 yra labai vertinama. \u017dyd\u0173 etikoje pabr\u0117\u017eiama gyvyb\u0117s apsaugos svarba, tod\u0117l abortai paprastai draud\u017eiami.     <\/p>\n\n<p><g id=\"gid_0\">Krik\u0161\u010dionyb\u0117<\/g>, ypa\u010d <g id=\"gid_1\">kataliki\u0161koji tradicija<\/g>, tvirtai pasisako u\u017e gyvyb\u0119, remdamasi tik\u0117jimu, kad visi \u017emon\u0117s yra sukurti pagal Dievo paveiksl\u0105 (Pr 1, 27). \u0160is tik\u0117jimas pabr\u0117\u017eia kiekvieno \u017emogaus gyvyb\u0117s \u0161ventum\u0105 ir prigimtin\u012f orum\u0105 nuo prad\u0117jimo iki nat\u016bralios mirties. Popie\u017eiaus Pauliaus VI enciklikoje <g id=\"gid_2\">Humanae vitae<\/g> tai dar kart\u0105 patvirtinama teiginiu: \u201e\u017dmogaus gyvyb\u0119 visi turi laikyti \u0161ventu dalyku, &#8230;&gt; nes jau tam, kad ji prasid\u0117t\u0173, yra reikalingas Dievo K\u016br\u0117jo veikimas\u201c (<g id=\"gid_3\">Humanae vitae<\/g>, 13). <g id=\"gid_4\">Katalik\u0173 Ba\u017eny\u010dios katekizmas<\/g> taip pat tai pabr\u0117\u017eia, mokydamas, kad \u201e\u017dmogaus gyvyb\u0117 turi b\u016bti absoliu\u010diai gerbiama ir saugoma nuo prasid\u0117jimo.\u201c (KBK 2270). \u0160is pamatas sudaro krik\u0161\u010dioni\u0161kosios gyvyb\u0119 ginan\u010dios etikos \u0161erd\u012f.   <\/p>\n\n<p><strong>Islame<\/strong> u\u017e gyvyb\u0119 pasisakoma remiantis tik\u0117jimu gyvyb\u0117s \u0161ventumu, kuri laikoma \u0161ventu Dievo pasitik\u0117jimu. Koranas ai\u0161kiai smerkia gyvyb\u0117s at\u0117mim\u0105 d\u0117l skurdo ar sunkum\u0173 baim\u0117s: \u201eNe\u017eudykite savo vaik\u0173 bijodami skurdo. Mes apr\u016bpiname juos ir jus\u201c (Koranas 17:31). Abortai paprastai draud\u017eiami, ypa\u010d po 120 n\u0117\u0161tumo dien\u0173, kai, kaip manoma, siela \u012feina \u012f vaisi\u0173. \u0160iuo momentu abortas prilyginamas nekaltos gyvyb\u0117s at\u0117mimui, o tai yra didel\u0117 nuod\u0117m\u0117.    <\/p>\n\n<p>Tarpkult\u016brinis dialogas apie gyvyb\u0117s apsaugos etik\u0105 leid\u017eia dalytis vertyb\u0117mis ir giliau suprasti moralin\u0119 gyvyb\u0117s reik\u0161m\u0119 \u012fvairiuose kontekstuose. Nors gali b\u016bti nesutarim\u0173 d\u0117l konkre\u010di\u0173 aspekt\u0173, pavyzd\u017eiui, kada prasideda gyvyb\u0117 arba kaip geriausiai derinti asmen\u0173 ir bendruomen\u0117s teises, \u0161ios diskusijos skatina subtilesn\u012f ir empati\u0161kesn\u012f po\u017ei\u016br\u012f \u012f sud\u0117tingus etinius klausimus. \u012etraukiant kult\u016br\u0173 \u012fvairov\u0119, gyvyb\u0117s apsaugos etika gali tapti labiau \u012ftraukianti, apimanti ne tik religinius ir filosofinius klausimus, bet ir socialinius, ekonominius, aplinkos ir medicininius veiksnius, daran\u010dius \u012ftak\u0105 \u017emogaus orumui ir gyvybei \u012fvairiose visuomen\u0117se.  <\/p>\n\n<p>I\u0161samesni\u0173 \u012f\u017evalg\u0173 galite rasti \u0161iuose \u0161altiniuose:<\/p>\n\n<p class=\"has-small-font-size\">*<br\/>Apie su abortais susijusi\u0105 budizmo etik\u0105, pla\u010diau skaitykite <a href=\"https:\/\/academic.oup.com\/book\/28469\/chapter-abstract\/229097593?redirectedFrom=fulltextlogin=false\">\u0161ioje akademin\u0117je diskusijoje<\/a> arba apsilankykite \u0161iame <a href=\"https:\/\/en.wikipedia.org\/wiki\/Hinduism_and_abortion\">Vikipedijos puslapyje<\/a>.<br\/>Hinduizmo po\u017ei\u016bris \u012f abortus: \u0160iame straipsnyje nagrin\u0117jami \u012fvair\u016bs induist\u0173 tekstai ir mokymai apie gyvyb\u0117s \u0161ventum\u0105, aptariama, kaip induizmo filosofija apskritai nepritaria abortams ir pabr\u0117\u017eia pagarb\u0105 gyvybei. Daugiau skaitykite <a href=\"https:\/\/indiacurrents.com\/a-hindu-view-on-abortion\/\">\u010dia<\/a>.<br\/>\u017dmogaus gyvyb\u0117 konfucianizme: <a href=\"https:\/\/fore.yale.edu\/Publications\/Books-Booklets\/Religions-World-and-Ecology-Book-Series\/Confucianism-Volume\">\u0160iame straipsnyje<\/a> aptariami moraliniai gyvyb\u0117s aspektai i\u0161 konfucianizmo perspektyvos. Jame pabr\u0117\u017eiama, kaip konfucianizmo mokymas skatina gyvyb\u0117s \u0161ventum\u0105 ir \u0161eimynin\u0119 atsakomyb\u0119.   <br\/>Konfucijaus etika ir gyvenimas: \u0160iame strapsnyje gilinamasi \u012f konfucianistin\u0119 etik\u0105 ir jos s\u0105sajas su gyvyb\u0117s ir mirties klausimais, pabr\u0117\u017eiant santyki\u0173 ir visuomen\u0117s darnos svarb\u0105 vertinant gyvyb\u0119. Daugiau skaitykite <a href=\"https:\/\/www.britannica.com\/topic\/Confucianism\">\u010dia<\/a> (Encyclopedia Britannica). <\/p>\n\n<p class=\"has-small-font-size\">**<br\/><a href=\"https:\/\/firstnationspedagogy.ca\/interconnect.html\" target=\"_blank\" rel=\"noreferrer noopener\">https:\/\/firstnationspedagogy.ca\/interconnect.html<\/a><br\/><a href=\"https:\/\/www.resilience.org\/stories\/2022-11-21\/an-indigenous-perspective-on-reconnecting-with-the-land\/\" target=\"_blank\" rel=\"noreferrer noopener\">https:\/\/www.resilience.org\/stories\/2022-11-21\/an-indigenous-perspective-on-reconnecting-with-the-land\/<\/a><br\/><a href=\"https:\/\/link.springer.com\/chapter\/10.1007\/978-94-017-0149-5_17\" target=\"_blank\" rel=\"noreferrer noopener\">https:\/\/link.springer.com\/chapter\/10.1007\/978-94-017-0149-5_17<\/a><\/p>\n\n<p class=\"has-small-font-size\">***<br\/><a href=\"https:\/\/www.afro-impact.com\/en\/african-culture-and-legalized-abortion-is-life-still-sacred\/\" target=\"_blank\" rel=\"noreferrer noopener\">African Culture and Legalized Abortion: Is life still sacred? <\/a>\u2013 \u0160iame straipsnyje aptariama kult\u016brin\u0117 gyvyb\u0117s reik\u0161m\u0117 Afrikos kontekste ir abort\u0173 \u012fstatym\u0173 pasekm\u0117s.<br\/><a href=\"https:\/\/link.springer.com\/chapter\/10.1007\/978-3-030-46519-3_3\" target=\"_blank\" rel=\"noreferrer noopener\">Personhood and Abortion in African Philosophy<\/a> &#8211; \u0160iame moksliniame straipsnyje nagrin\u0117jamos filosofin\u0117s perspektyvos d\u0117l asmens statuso ir etini\u0173 klausim\u0173, susijusi\u0173 su abortais Afrikos tradicijose.<br\/><a href=\"https:\/\/www.consciencelaws.org\/background\/procedures\/abortion019.aspx\" target=\"_blank\" rel=\"noreferrer noopener\">No Place for Abortion in African (pre-christian) Traditional Life<\/a> &#8211; Tradicini\u0173 Afrikos \u012fsitikinim\u0173 apie prokreacij\u0105 ir aborto socialines pasekmes ap\u017evalga.<\/p>\n\n<p class=\"has-small-font-size\">****<br\/><a href=\"https:\/\/www.chabad.org\/library\/article_cdo\/aid\/529077\/jewish\/Judaism-and-Abortion.htm\" target=\"_blank\" rel=\"noreferrer noopener\">https:\/\/www.chabad.org\/library\/article_cdo\/aid\/529077\/jewish\/Judaism-and-Abortion.htm<\/a><br\/><a href=\"https:\/\/www.amazon.de\/Pro-Life-Jewish-Matriarchs-Reject-Abortion\/dp\/1517057116\" target=\"_blank\" rel=\"noreferrer noopener\">https:\/\/www.amazon.de\/Pro-Life-Jewish-Matriarchs-Reject-Abortion\/dp\/1517057116<\/a><\/p>\n","protected":false},"excerpt":{"rendered":"<p>Gyvyb\u0117s apsaugos etikos tarpkult\u016bri\u0161kumas atspindi tai, kaip \u012fvairios kult\u016bros ir tik\u0117jimo sistemos sutaria \u017emogaus gyvyb\u0117s \u0161ventumo klausimu, ypa\u010d tokiomis temomis kaip abortai, eutanazija ir bioetika. Gyvyb\u0117s apsaugos etika i\u0161 esm\u0117s<a href=\"https:\/\/prolifeeurope.org\/lt\/ziniu-baze\/pro-life-etikos-tarpkulturiskumas\/\">Continue reading <span class=\"sr-only\">&#8222;Pro-life etikos tarpkult\u016bri\u0161kumas&#8221;<\/span><\/a><\/p>\n","protected":false},"author":14,"featured_media":0,"parent":2525,"menu_order":0,"comment_status":"closed","ping_status":"closed","template":"page-topic.php","meta":{"_acf_changed":false,"_monsterinsights_skip_tracking":false,"_monsterinsights_sitenote_active":false,"_monsterinsights_sitenote_note":"","_monsterinsights_sitenote_category":0,"footnotes":""},"topic":[],"class_list":["post-2973","page","type-page","status-publish","hentry"],"acf":[],"yoast_head":"<!-- This site is optimized with the Yoast SEO plugin v27.2 - https:\/\/yoast.com\/product\/yoast-seo-wordpress\/ -->\n<title>Pro-life etikos tarpkult\u016bri\u0161kumas - ProLife Europe<\/title>\n<meta name=\"description\" content=\"Pro-life etikos tarpkult\u016bri\u0161kumas rodo, kaip skirtingos kult\u016bros sutaria \u017emogaus gyvyb\u0117s \u0161ventumo klausimu.\" \/>\n<meta name=\"robots\" content=\"index, follow, max-snippet:-1, max-image-preview:large, max-video-preview:-1\" \/>\n<link rel=\"canonical\" href=\"https:\/\/prolifeeurope.org\/lt\/ziniu-baze\/pro-life-etikos-tarpkulturiskumas\/\" \/>\n<meta property=\"og:locale\" content=\"lt_LT\" \/>\n<meta property=\"og:type\" content=\"article\" \/>\n<meta property=\"og:title\" content=\"Pro-life etikos tarpkult\u016bri\u0161kumas - ProLife Europe\" \/>\n<meta property=\"og:description\" content=\"Pro-life etikos tarpkult\u016bri\u0161kumas rodo, kaip skirtingos kult\u016bros sutaria \u017emogaus gyvyb\u0117s \u0161ventumo klausimu.\" \/>\n<meta property=\"og:url\" content=\"https:\/\/prolifeeurope.org\/lt\/ziniu-baze\/pro-life-etikos-tarpkulturiskumas\/\" \/>\n<meta property=\"og:site_name\" content=\"ProLife Europe\" \/>\n<meta property=\"article:publisher\" content=\"https:\/\/www.facebook.com\/ProLifeEurope\/\" \/>\n<meta property=\"article:modified_time\" content=\"2025-03-21T08:58:36+00:00\" \/>\n<meta name=\"twitter:card\" content=\"summary_large_image\" \/>\n<meta name=\"twitter:label1\" content=\"Est. reading time\" \/>\n\t<meta name=\"twitter:data1\" content=\"6 minut\u0117s\" \/>\n<script type=\"application\/ld+json\" class=\"yoast-schema-graph\">{\"@context\":\"https:\/\/schema.org\",\"@graph\":[{\"@type\":\"WebPage\",\"@id\":\"https:\/\/prolifeeurope.org\/lt\/ziniu-baze\/pro-life-etikos-tarpkulturiskumas\/\",\"url\":\"https:\/\/prolifeeurope.org\/lt\/ziniu-baze\/pro-life-etikos-tarpkulturiskumas\/\",\"name\":\"Pro-life etikos tarpkult\u016bri\u0161kumas - ProLife Europe\",\"isPartOf\":{\"@id\":\"https:\/\/prolifeeurope.org\/lt\/#website\"},\"datePublished\":\"2025-01-15T19:18:56+00:00\",\"dateModified\":\"2025-03-21T08:58:36+00:00\",\"description\":\"Pro-life etikos tarpkult\u016bri\u0161kumas rodo, kaip skirtingos kult\u016bros sutaria \u017emogaus gyvyb\u0117s \u0161ventumo klausimu.\",\"breadcrumb\":{\"@id\":\"https:\/\/prolifeeurope.org\/lt\/ziniu-baze\/pro-life-etikos-tarpkulturiskumas\/#breadcrumb\"},\"inLanguage\":\"lt-LT\",\"potentialAction\":[{\"@type\":\"ReadAction\",\"target\":[\"https:\/\/prolifeeurope.org\/lt\/ziniu-baze\/pro-life-etikos-tarpkulturiskumas\/\"]}]},{\"@type\":\"BreadcrumbList\",\"@id\":\"https:\/\/prolifeeurope.org\/lt\/ziniu-baze\/pro-life-etikos-tarpkulturiskumas\/#breadcrumb\",\"itemListElement\":[{\"@type\":\"ListItem\",\"position\":1,\"name\":\"Home\",\"item\":\"https:\/\/prolifeeurope.org\/lt\/\"},{\"@type\":\"ListItem\",\"position\":2,\"name\":\"\u017dini\u0173 baz\u0117\",\"item\":\"https:\/\/prolifeeurope.org\/lt\/ziniu-baze\/\"},{\"@type\":\"ListItem\",\"position\":3,\"name\":\"Pro-life etikos tarpkult\u016bri\u0161kumas\"}]},{\"@type\":\"WebSite\",\"@id\":\"https:\/\/prolifeeurope.org\/lt\/#website\",\"url\":\"https:\/\/prolifeeurope.org\/lt\/\",\"name\":\"ProLife Europe\",\"description\":\"\",\"publisher\":{\"@id\":\"https:\/\/prolifeeurope.org\/lt\/#organization\"},\"potentialAction\":[{\"@type\":\"SearchAction\",\"target\":{\"@type\":\"EntryPoint\",\"urlTemplate\":\"https:\/\/prolifeeurope.org\/lt\/?s={search_term_string}\"},\"query-input\":{\"@type\":\"PropertyValueSpecification\",\"valueRequired\":true,\"valueName\":\"search_term_string\"}}],\"inLanguage\":\"lt-LT\"},{\"@type\":\"Organization\",\"@id\":\"https:\/\/prolifeeurope.org\/lt\/#organization\",\"name\":\"ProLife Europe\",\"url\":\"https:\/\/prolifeeurope.org\/lt\/\",\"logo\":{\"@type\":\"ImageObject\",\"inLanguage\":\"lt-LT\",\"@id\":\"https:\/\/prolifeeurope.org\/lt\/#\/schema\/logo\/image\/\",\"url\":\"https:\/\/prolifeeurope.org\/wp-content\/uploads\/2024\/11\/logo-3.svg\",\"contentUrl\":\"https:\/\/prolifeeurope.org\/wp-content\/uploads\/2024\/11\/logo-3.svg\",\"width\":166,\"height\":170,\"caption\":\"ProLife Europe\"},\"image\":{\"@id\":\"https:\/\/prolifeeurope.org\/lt\/#\/schema\/logo\/image\/\"},\"sameAs\":[\"https:\/\/www.facebook.com\/ProLifeEurope\/\",\"https:\/\/www.instagram.com\/prolife_europe\/\",\"https:\/\/www.youtube.com\/channel\/UC7olgmdiSVEHZUiP554XozA\"]}]}<\/script>\n<!-- \/ Yoast SEO plugin. -->","yoast_head_json":{"title":"Pro-life etikos tarpkult\u016bri\u0161kumas - ProLife Europe","description":"Pro-life etikos tarpkult\u016bri\u0161kumas rodo, kaip skirtingos kult\u016bros sutaria \u017emogaus gyvyb\u0117s \u0161ventumo klausimu.","robots":{"index":"index","follow":"follow","max-snippet":"max-snippet:-1","max-image-preview":"max-image-preview:large","max-video-preview":"max-video-preview:-1"},"canonical":"https:\/\/prolifeeurope.org\/lt\/ziniu-baze\/pro-life-etikos-tarpkulturiskumas\/","og_locale":"lt_LT","og_type":"article","og_title":"Pro-life etikos tarpkult\u016bri\u0161kumas - ProLife Europe","og_description":"Pro-life etikos tarpkult\u016bri\u0161kumas rodo, kaip skirtingos kult\u016bros sutaria \u017emogaus gyvyb\u0117s \u0161ventumo klausimu.","og_url":"https:\/\/prolifeeurope.org\/lt\/ziniu-baze\/pro-life-etikos-tarpkulturiskumas\/","og_site_name":"ProLife Europe","article_publisher":"https:\/\/www.facebook.com\/ProLifeEurope\/","article_modified_time":"2025-03-21T08:58:36+00:00","twitter_card":"summary_large_image","twitter_misc":{"Est. reading time":"6 minut\u0117s"},"schema":{"@context":"https:\/\/schema.org","@graph":[{"@type":"WebPage","@id":"https:\/\/prolifeeurope.org\/lt\/ziniu-baze\/pro-life-etikos-tarpkulturiskumas\/","url":"https:\/\/prolifeeurope.org\/lt\/ziniu-baze\/pro-life-etikos-tarpkulturiskumas\/","name":"Pro-life etikos tarpkult\u016bri\u0161kumas - ProLife Europe","isPartOf":{"@id":"https:\/\/prolifeeurope.org\/lt\/#website"},"datePublished":"2025-01-15T19:18:56+00:00","dateModified":"2025-03-21T08:58:36+00:00","description":"Pro-life etikos tarpkult\u016bri\u0161kumas rodo, kaip skirtingos kult\u016bros sutaria \u017emogaus gyvyb\u0117s \u0161ventumo klausimu.","breadcrumb":{"@id":"https:\/\/prolifeeurope.org\/lt\/ziniu-baze\/pro-life-etikos-tarpkulturiskumas\/#breadcrumb"},"inLanguage":"lt-LT","potentialAction":[{"@type":"ReadAction","target":["https:\/\/prolifeeurope.org\/lt\/ziniu-baze\/pro-life-etikos-tarpkulturiskumas\/"]}]},{"@type":"BreadcrumbList","@id":"https:\/\/prolifeeurope.org\/lt\/ziniu-baze\/pro-life-etikos-tarpkulturiskumas\/#breadcrumb","itemListElement":[{"@type":"ListItem","position":1,"name":"Home","item":"https:\/\/prolifeeurope.org\/lt\/"},{"@type":"ListItem","position":2,"name":"\u017dini\u0173 baz\u0117","item":"https:\/\/prolifeeurope.org\/lt\/ziniu-baze\/"},{"@type":"ListItem","position":3,"name":"Pro-life etikos tarpkult\u016bri\u0161kumas"}]},{"@type":"WebSite","@id":"https:\/\/prolifeeurope.org\/lt\/#website","url":"https:\/\/prolifeeurope.org\/lt\/","name":"ProLife Europe","description":"","publisher":{"@id":"https:\/\/prolifeeurope.org\/lt\/#organization"},"potentialAction":[{"@type":"SearchAction","target":{"@type":"EntryPoint","urlTemplate":"https:\/\/prolifeeurope.org\/lt\/?s={search_term_string}"},"query-input":{"@type":"PropertyValueSpecification","valueRequired":true,"valueName":"search_term_string"}}],"inLanguage":"lt-LT"},{"@type":"Organization","@id":"https:\/\/prolifeeurope.org\/lt\/#organization","name":"ProLife Europe","url":"https:\/\/prolifeeurope.org\/lt\/","logo":{"@type":"ImageObject","inLanguage":"lt-LT","@id":"https:\/\/prolifeeurope.org\/lt\/#\/schema\/logo\/image\/","url":"https:\/\/prolifeeurope.org\/wp-content\/uploads\/2024\/11\/logo-3.svg","contentUrl":"https:\/\/prolifeeurope.org\/wp-content\/uploads\/2024\/11\/logo-3.svg","width":166,"height":170,"caption":"ProLife Europe"},"image":{"@id":"https:\/\/prolifeeurope.org\/lt\/#\/schema\/logo\/image\/"},"sameAs":["https:\/\/www.facebook.com\/ProLifeEurope\/","https:\/\/www.instagram.com\/prolife_europe\/","https:\/\/www.youtube.com\/channel\/UC7olgmdiSVEHZUiP554XozA"]}]}},"_links":{"self":[{"href":"https:\/\/prolifeeurope.org\/lt\/wp-json\/wp\/v2\/pages\/2973","targetHints":{"allow":["GET"]}}],"collection":[{"href":"https:\/\/prolifeeurope.org\/lt\/wp-json\/wp\/v2\/pages"}],"about":[{"href":"https:\/\/prolifeeurope.org\/lt\/wp-json\/wp\/v2\/types\/page"}],"author":[{"embeddable":true,"href":"https:\/\/prolifeeurope.org\/lt\/wp-json\/wp\/v2\/users\/14"}],"replies":[{"embeddable":true,"href":"https:\/\/prolifeeurope.org\/lt\/wp-json\/wp\/v2\/comments?post=2973"}],"version-history":[{"count":1,"href":"https:\/\/prolifeeurope.org\/lt\/wp-json\/wp\/v2\/pages\/2973\/revisions"}],"predecessor-version":[{"id":2974,"href":"https:\/\/prolifeeurope.org\/lt\/wp-json\/wp\/v2\/pages\/2973\/revisions\/2974"}],"up":[{"embeddable":true,"href":"https:\/\/prolifeeurope.org\/lt\/wp-json\/wp\/v2\/pages\/2525"}],"wp:attachment":[{"href":"https:\/\/prolifeeurope.org\/lt\/wp-json\/wp\/v2\/media?parent=2973"}],"wp:term":[{"taxonomy":"topic","embeddable":true,"href":"https:\/\/prolifeeurope.org\/lt\/wp-json\/wp\/v2\/topic?post=2973"}],"curies":[{"name":"wp","href":"https:\/\/api.w.org\/{rel}","templated":true}]}}