{"id":2965,"date":"2025-01-17T19:35:46","date_gmt":"2025-01-17T18:35:46","guid":{"rendered":"https:\/\/ws-staging.prolifeeurope.org\/ziniu-baze\/savizudybes-europoje-skaiciai-ir-pokyciai\/"},"modified":"2025-03-21T10:00:00","modified_gmt":"2025-03-21T09:00:00","slug":"savizudybes-europoje-skaiciai-ir-pokyciai","status":"publish","type":"page","link":"https:\/\/prolifeeurope.org\/lt\/ziniu-baze\/savizudybes-europoje-skaiciai-ir-pokyciai\/","title":{"rendered":"Savi\u017eudyb\u0117s Europoje: skai\u010diai ir poky\u010diai"},"content":{"rendered":"\n<p>Savi\u017eudybi\u0173 skai\u010dius ir tendencijos Europoje labai skiriasi priklausomai nuo \u0161alies: kai kuriose \u0161alyse savi\u017eudybi\u0173 skai\u010dius did\u0117ja, o kitose ma\u017e\u0117ja.<\/p>\n\n<ol class=\"wp-block-list\">\n<li><strong>Ryt\u0173 Europos \u0161alys<\/strong>: \u0160iose \u0161alyse savi\u017eudybi\u0173 skai\u010dius yra didesnis. Lietuvoje, Latvijoje ir Vengrijoje savi\u017eudybi\u0173 rodikliai yra vieni did\u017eiausi\u0173 Europoje. Pavyzd\u017eiui, Lietuvoje 2020 m. u\u017efiksuotas 24,4 savi\u017eudybi\u0173 100 000 gyventoj\u0173 rodiklis. Nors \u0161is skai\u010dius, palyginti su ankstesniais de\u0161imtme\u010diais, suma\u017e\u0117jo, jis ir toliau kelia nerim\u0105.   <\/li>\n\n\n\n<li><strong>Vakar\u0173 Europa<\/strong>: Vakar\u0173 Europoje savi\u017eudybi\u0173 skai\u010dius paprastai yra ma\u017eesnis. Pranc\u016bzijoje 100 000 gyventoj\u0173 tenka apie 13,5, o Vokietijoje \u2013 9,7 savi\u017eudybi\u0173. Abiejose \u0161alyse pastar\u0105j\u012f de\u0161imtmet\u012f stebimos stabilios arba \u0161iek tiek ma\u017e\u0117jan\u010dios tendencijos.  <\/li>\n\n\n\n<li><strong>Skandinav\u0173 \u0161alys<\/strong>: tokiose \u0161alyse kaip Suomija ir \u0160vedija, palyginti su Ryt\u0173 Europa, savi\u017eudybi\u0173 skai\u010dius yra nedidelis. Suomijoje 100 000 gyventoj\u0173 tenka apie 13,4, o \u0160vedijoje \u2013 apie 11,6 savi\u017eudyb\u0117s atvej\u0173. Nors \u0161ie skai\u010diai yra ma\u017eesni nei Ryt\u0173 Europoje, jie vis tiek didesni nei daugelyje Vakar\u0173 Europos \u0161ali\u0173. <\/li>\n\n\n\n<li><strong>Piet\u0173 Europa<\/strong>: tokiose \u0161alyse kaip Italija ir Ispanija savi\u017eudybi\u0173 skai\u010dius paprastai yra ma\u017eesnis. Italijoje \u0161is rodiklis yra apie 7,3\/100 000 gyventoj\u0173, o Ispanijoje \u2013 6,6\/100 000 gyventoj\u0173. <\/li>\n\n\n\n<li><strong>Jungtin\u0117 Karalyst\u0117 ir Airija<\/strong>: 2020 m. Jungtin\u0117je Karalyst\u0117je u\u017efiksuotas 10,4 savi\u017eudybi\u0173 100 000 gyventoj\u0173 rodiklis. Per pastaruosius de\u0161imt met\u0173 j\u0173 \u0161iek tiek padaug\u0117jo, ypa\u010d tarp jaun\u0173 suaugusi\u0173j\u0173 ir vidutinio am\u017eiaus vyr\u0173. Airijoje \u0161is rodiklis yra ma\u017eesnis \u2013 apie 7,8 savi\u017eudybi\u0173 100 000 gyventoj\u0173, ta\u010diau pastaraisiais metais jis taip pat svyravo. <\/li>\n<\/ol>\n\n<p>Visoje Europoje suintensyv\u0117jo savi\u017eudybi\u0173 prevencijos pastangos. Daugiausia d\u0117mesio skiriama geresnei psichin\u0117s sveikatos prie\u017ei\u016brai, informacin\u0117ms kampanijoms ir stigmos ma\u017einimui. Vis d\u0117lto ekonominiai veiksniai, psichikos ligos ir socialinis stresas ir toliau reik\u0161mingai prisideda prie savi\u017eudybi\u0173 skai\u010diaus daugelyje region\u0173. <\/p>\n\n<p>Be to, \u0161ie skai\u010diai b\u016bt\u0173 dar didesni, jei kiekvienas bandymas nusi\u017eudyti b\u016bt\u0173 s\u0117kmingas. PSO apskai\u010diavo, kad kiekvienai \u012fvykdytai savi\u017eudybei tenka 20 (!) nes\u0117kming\u0173 bandym\u0173*. Tai tik patvirtina, kad b\u016btina vykdyti gyvyb\u0119 stiprinan\u010dias prevencijos programas. <\/p>\n\n<p class=\"has-small-font-size\">* <a href=\"https:\/\/www.who.int\/health-topics\/suicide#tab=tab_1\" target=\"_blank\" rel=\"noreferrer noopener\">https:\/\/www.who.int\/health-topics\/suicide#tab=tab_1 <\/a> <\/p>\n\n<p><\/p>\n","protected":false},"excerpt":{"rendered":"<p>Savi\u017eudybi\u0173 skai\u010dius ir tendencijos Europoje labai skiriasi priklausomai nuo \u0161alies: kai kuriose \u0161alyse savi\u017eudybi\u0173 skai\u010dius did\u0117ja, o kitose ma\u017e\u0117ja. Visoje Europoje suintensyv\u0117jo savi\u017eudybi\u0173 prevencijos pastangos. Daugiausia d\u0117mesio skiriama geresnei psichin\u0117s<a href=\"https:\/\/prolifeeurope.org\/lt\/ziniu-baze\/savizudybes-europoje-skaiciai-ir-pokyciai\/\">Continue reading <span class=\"sr-only\">&#8222;Savi\u017eudyb\u0117s Europoje: skai\u010diai ir poky\u010diai&#8221;<\/span><\/a><\/p>\n","protected":false},"author":14,"featured_media":0,"parent":2525,"menu_order":0,"comment_status":"closed","ping_status":"closed","template":"page-topic.php","meta":{"_acf_changed":false,"_monsterinsights_skip_tracking":false,"_monsterinsights_sitenote_active":false,"_monsterinsights_sitenote_note":"","_monsterinsights_sitenote_category":0,"footnotes":""},"topic":[],"class_list":["post-2965","page","type-page","status-publish","hentry"],"acf":[],"yoast_head":"<!-- This site is optimized with the Yoast SEO plugin v27.2 - https:\/\/yoast.com\/product\/yoast-seo-wordpress\/ -->\n<title>Savi\u017eudyb\u0117s Europoje: skai\u010diai ir poky\u010diai - ProLife Europe<\/title>\n<meta name=\"description\" content=\"Savi\u017eudyb\u0117 yra tragedija ir problema visose \u0161alyse. Europoje n\u0117ra vienod\u0173 savi\u017eudybi\u0173 skai\u010diaus tendencij\u0173.\" \/>\n<meta name=\"robots\" content=\"index, follow, max-snippet:-1, max-image-preview:large, max-video-preview:-1\" \/>\n<link rel=\"canonical\" href=\"https:\/\/prolifeeurope.org\/lt\/ziniu-baze\/savizudybes-europoje-skaiciai-ir-pokyciai\/\" \/>\n<meta property=\"og:locale\" content=\"lt_LT\" \/>\n<meta property=\"og:type\" content=\"article\" \/>\n<meta property=\"og:title\" content=\"Savi\u017eudyb\u0117s Europoje: skai\u010diai ir poky\u010diai - ProLife Europe\" \/>\n<meta property=\"og:description\" content=\"Savi\u017eudyb\u0117 yra tragedija ir problema visose \u0161alyse. Europoje n\u0117ra vienod\u0173 savi\u017eudybi\u0173 skai\u010diaus tendencij\u0173.\" \/>\n<meta property=\"og:url\" content=\"https:\/\/prolifeeurope.org\/lt\/ziniu-baze\/savizudybes-europoje-skaiciai-ir-pokyciai\/\" \/>\n<meta property=\"og:site_name\" content=\"ProLife Europe\" \/>\n<meta property=\"article:publisher\" content=\"https:\/\/www.facebook.com\/ProLifeEurope\/\" \/>\n<meta property=\"article:modified_time\" content=\"2025-03-21T09:00:00+00:00\" \/>\n<meta name=\"twitter:card\" content=\"summary_large_image\" \/>\n<meta name=\"twitter:label1\" content=\"Est. reading time\" \/>\n\t<meta name=\"twitter:data1\" content=\"2 minut\u0117s\" \/>\n<script type=\"application\/ld+json\" class=\"yoast-schema-graph\">{\"@context\":\"https:\/\/schema.org\",\"@graph\":[{\"@type\":\"WebPage\",\"@id\":\"https:\/\/prolifeeurope.org\/lt\/ziniu-baze\/savizudybes-europoje-skaiciai-ir-pokyciai\/\",\"url\":\"https:\/\/prolifeeurope.org\/lt\/ziniu-baze\/savizudybes-europoje-skaiciai-ir-pokyciai\/\",\"name\":\"Savi\u017eudyb\u0117s Europoje: skai\u010diai ir poky\u010diai - ProLife Europe\",\"isPartOf\":{\"@id\":\"https:\/\/prolifeeurope.org\/lt\/#website\"},\"datePublished\":\"2025-01-17T18:35:46+00:00\",\"dateModified\":\"2025-03-21T09:00:00+00:00\",\"description\":\"Savi\u017eudyb\u0117 yra tragedija ir problema visose \u0161alyse. Europoje n\u0117ra vienod\u0173 savi\u017eudybi\u0173 skai\u010diaus tendencij\u0173.\",\"breadcrumb\":{\"@id\":\"https:\/\/prolifeeurope.org\/lt\/ziniu-baze\/savizudybes-europoje-skaiciai-ir-pokyciai\/#breadcrumb\"},\"inLanguage\":\"lt-LT\",\"potentialAction\":[{\"@type\":\"ReadAction\",\"target\":[\"https:\/\/prolifeeurope.org\/lt\/ziniu-baze\/savizudybes-europoje-skaiciai-ir-pokyciai\/\"]}]},{\"@type\":\"BreadcrumbList\",\"@id\":\"https:\/\/prolifeeurope.org\/lt\/ziniu-baze\/savizudybes-europoje-skaiciai-ir-pokyciai\/#breadcrumb\",\"itemListElement\":[{\"@type\":\"ListItem\",\"position\":1,\"name\":\"Home\",\"item\":\"https:\/\/prolifeeurope.org\/lt\/\"},{\"@type\":\"ListItem\",\"position\":2,\"name\":\"\u017dini\u0173 baz\u0117\",\"item\":\"https:\/\/prolifeeurope.org\/lt\/ziniu-baze\/\"},{\"@type\":\"ListItem\",\"position\":3,\"name\":\"Savi\u017eudyb\u0117s Europoje: skai\u010diai ir poky\u010diai\"}]},{\"@type\":\"WebSite\",\"@id\":\"https:\/\/prolifeeurope.org\/lt\/#website\",\"url\":\"https:\/\/prolifeeurope.org\/lt\/\",\"name\":\"ProLife Europe\",\"description\":\"\",\"publisher\":{\"@id\":\"https:\/\/prolifeeurope.org\/lt\/#organization\"},\"potentialAction\":[{\"@type\":\"SearchAction\",\"target\":{\"@type\":\"EntryPoint\",\"urlTemplate\":\"https:\/\/prolifeeurope.org\/lt\/?s={search_term_string}\"},\"query-input\":{\"@type\":\"PropertyValueSpecification\",\"valueRequired\":true,\"valueName\":\"search_term_string\"}}],\"inLanguage\":\"lt-LT\"},{\"@type\":\"Organization\",\"@id\":\"https:\/\/prolifeeurope.org\/lt\/#organization\",\"name\":\"ProLife Europe\",\"url\":\"https:\/\/prolifeeurope.org\/lt\/\",\"logo\":{\"@type\":\"ImageObject\",\"inLanguage\":\"lt-LT\",\"@id\":\"https:\/\/prolifeeurope.org\/lt\/#\/schema\/logo\/image\/\",\"url\":\"https:\/\/prolifeeurope.org\/wp-content\/uploads\/2024\/11\/logo-3.svg\",\"contentUrl\":\"https:\/\/prolifeeurope.org\/wp-content\/uploads\/2024\/11\/logo-3.svg\",\"width\":166,\"height\":170,\"caption\":\"ProLife Europe\"},\"image\":{\"@id\":\"https:\/\/prolifeeurope.org\/lt\/#\/schema\/logo\/image\/\"},\"sameAs\":[\"https:\/\/www.facebook.com\/ProLifeEurope\/\",\"https:\/\/www.instagram.com\/prolife_europe\/\",\"https:\/\/www.youtube.com\/channel\/UC7olgmdiSVEHZUiP554XozA\"]}]}<\/script>\n<!-- \/ Yoast SEO plugin. -->","yoast_head_json":{"title":"Savi\u017eudyb\u0117s Europoje: skai\u010diai ir poky\u010diai - ProLife Europe","description":"Savi\u017eudyb\u0117 yra tragedija ir problema visose \u0161alyse. Europoje n\u0117ra vienod\u0173 savi\u017eudybi\u0173 skai\u010diaus tendencij\u0173.","robots":{"index":"index","follow":"follow","max-snippet":"max-snippet:-1","max-image-preview":"max-image-preview:large","max-video-preview":"max-video-preview:-1"},"canonical":"https:\/\/prolifeeurope.org\/lt\/ziniu-baze\/savizudybes-europoje-skaiciai-ir-pokyciai\/","og_locale":"lt_LT","og_type":"article","og_title":"Savi\u017eudyb\u0117s Europoje: skai\u010diai ir poky\u010diai - ProLife Europe","og_description":"Savi\u017eudyb\u0117 yra tragedija ir problema visose \u0161alyse. Europoje n\u0117ra vienod\u0173 savi\u017eudybi\u0173 skai\u010diaus tendencij\u0173.","og_url":"https:\/\/prolifeeurope.org\/lt\/ziniu-baze\/savizudybes-europoje-skaiciai-ir-pokyciai\/","og_site_name":"ProLife Europe","article_publisher":"https:\/\/www.facebook.com\/ProLifeEurope\/","article_modified_time":"2025-03-21T09:00:00+00:00","twitter_card":"summary_large_image","twitter_misc":{"Est. reading time":"2 minut\u0117s"},"schema":{"@context":"https:\/\/schema.org","@graph":[{"@type":"WebPage","@id":"https:\/\/prolifeeurope.org\/lt\/ziniu-baze\/savizudybes-europoje-skaiciai-ir-pokyciai\/","url":"https:\/\/prolifeeurope.org\/lt\/ziniu-baze\/savizudybes-europoje-skaiciai-ir-pokyciai\/","name":"Savi\u017eudyb\u0117s Europoje: skai\u010diai ir poky\u010diai - ProLife Europe","isPartOf":{"@id":"https:\/\/prolifeeurope.org\/lt\/#website"},"datePublished":"2025-01-17T18:35:46+00:00","dateModified":"2025-03-21T09:00:00+00:00","description":"Savi\u017eudyb\u0117 yra tragedija ir problema visose \u0161alyse. Europoje n\u0117ra vienod\u0173 savi\u017eudybi\u0173 skai\u010diaus tendencij\u0173.","breadcrumb":{"@id":"https:\/\/prolifeeurope.org\/lt\/ziniu-baze\/savizudybes-europoje-skaiciai-ir-pokyciai\/#breadcrumb"},"inLanguage":"lt-LT","potentialAction":[{"@type":"ReadAction","target":["https:\/\/prolifeeurope.org\/lt\/ziniu-baze\/savizudybes-europoje-skaiciai-ir-pokyciai\/"]}]},{"@type":"BreadcrumbList","@id":"https:\/\/prolifeeurope.org\/lt\/ziniu-baze\/savizudybes-europoje-skaiciai-ir-pokyciai\/#breadcrumb","itemListElement":[{"@type":"ListItem","position":1,"name":"Home","item":"https:\/\/prolifeeurope.org\/lt\/"},{"@type":"ListItem","position":2,"name":"\u017dini\u0173 baz\u0117","item":"https:\/\/prolifeeurope.org\/lt\/ziniu-baze\/"},{"@type":"ListItem","position":3,"name":"Savi\u017eudyb\u0117s Europoje: skai\u010diai ir poky\u010diai"}]},{"@type":"WebSite","@id":"https:\/\/prolifeeurope.org\/lt\/#website","url":"https:\/\/prolifeeurope.org\/lt\/","name":"ProLife Europe","description":"","publisher":{"@id":"https:\/\/prolifeeurope.org\/lt\/#organization"},"potentialAction":[{"@type":"SearchAction","target":{"@type":"EntryPoint","urlTemplate":"https:\/\/prolifeeurope.org\/lt\/?s={search_term_string}"},"query-input":{"@type":"PropertyValueSpecification","valueRequired":true,"valueName":"search_term_string"}}],"inLanguage":"lt-LT"},{"@type":"Organization","@id":"https:\/\/prolifeeurope.org\/lt\/#organization","name":"ProLife Europe","url":"https:\/\/prolifeeurope.org\/lt\/","logo":{"@type":"ImageObject","inLanguage":"lt-LT","@id":"https:\/\/prolifeeurope.org\/lt\/#\/schema\/logo\/image\/","url":"https:\/\/prolifeeurope.org\/wp-content\/uploads\/2024\/11\/logo-3.svg","contentUrl":"https:\/\/prolifeeurope.org\/wp-content\/uploads\/2024\/11\/logo-3.svg","width":166,"height":170,"caption":"ProLife Europe"},"image":{"@id":"https:\/\/prolifeeurope.org\/lt\/#\/schema\/logo\/image\/"},"sameAs":["https:\/\/www.facebook.com\/ProLifeEurope\/","https:\/\/www.instagram.com\/prolife_europe\/","https:\/\/www.youtube.com\/channel\/UC7olgmdiSVEHZUiP554XozA"]}]}},"_links":{"self":[{"href":"https:\/\/prolifeeurope.org\/lt\/wp-json\/wp\/v2\/pages\/2965","targetHints":{"allow":["GET"]}}],"collection":[{"href":"https:\/\/prolifeeurope.org\/lt\/wp-json\/wp\/v2\/pages"}],"about":[{"href":"https:\/\/prolifeeurope.org\/lt\/wp-json\/wp\/v2\/types\/page"}],"author":[{"embeddable":true,"href":"https:\/\/prolifeeurope.org\/lt\/wp-json\/wp\/v2\/users\/14"}],"replies":[{"embeddable":true,"href":"https:\/\/prolifeeurope.org\/lt\/wp-json\/wp\/v2\/comments?post=2965"}],"version-history":[{"count":4,"href":"https:\/\/prolifeeurope.org\/lt\/wp-json\/wp\/v2\/pages\/2965\/revisions"}],"predecessor-version":[{"id":3004,"href":"https:\/\/prolifeeurope.org\/lt\/wp-json\/wp\/v2\/pages\/2965\/revisions\/3004"}],"up":[{"embeddable":true,"href":"https:\/\/prolifeeurope.org\/lt\/wp-json\/wp\/v2\/pages\/2525"}],"wp:attachment":[{"href":"https:\/\/prolifeeurope.org\/lt\/wp-json\/wp\/v2\/media?parent=2965"}],"wp:term":[{"taxonomy":"topic","embeddable":true,"href":"https:\/\/prolifeeurope.org\/lt\/wp-json\/wp\/v2\/topic?post=2965"}],"curies":[{"name":"wp","href":"https:\/\/api.w.org\/{rel}","templated":true}]}}