{"id":2961,"date":"2025-01-09T10:31:43","date_gmt":"2025-01-09T09:31:43","guid":{"rendered":"https:\/\/ws-staging.prolifeeurope.org\/ziniu-baze\/prenatalinis-vystymasis\/"},"modified":"2025-03-21T09:58:06","modified_gmt":"2025-03-21T08:58:06","slug":"prenatalinis-vystymasis","status":"publish","type":"page","link":"https:\/\/prolifeeurope.org\/lt\/ziniu-baze\/prenatalinis-vystymasis\/","title":{"rendered":"Prenatalinis vystymasis"},"content":{"rendered":"\n<figure class=\"wp-block-embed is-type-video is-provider-youtube wp-block-embed-youtube wp-embed-aspect-16-9 wp-has-aspect-ratio\"><div class=\"wp-block-embed__wrapper\">\n<iframe loading=\"lazy\" title=\"A Never Before Seen Look At Human Life In The Womb | Baby Olivia\" width=\"500\" height=\"281\" src=\"https:\/\/www.youtube.com\/embed\/S-lQOooYAs8?feature=oembed\" frameborder=\"0\" allow=\"accelerometer; autoplay; clipboard-write; encrypted-media; gyroscope; picture-in-picture; web-share\" referrerpolicy=\"strict-origin-when-cross-origin\" allowfullscreen><\/iframe>\n<\/div><\/figure>\n\n<p><\/p>\n\n<h3 class=\"wp-block-heading\"><strong>Svarb\u016bs prenatalinio vystymosi etapai:<\/strong><\/h3>\n\n<p><strong>22 diena*:<\/strong> K\u016bdikio \u0161irdis pradeda plakti \u2013 110 d\u016b\u017ei\u0173 per minut\u0119 da\u017eniu.<br\/><strong>4 savait\u0117:<\/strong> Pradeda formuotis rankos ir kojos. Formuojasi kraujo l\u0105stel\u0117s. Ultragarsu jau galima aptikti \u0161irdies plakim\u0105.  <br\/><strong>6 savait\u0117:<\/strong> Formuojasi visi pagrindiniai organai. Galima aptikti smegen\u0173 veikl\u0105. <br\/><strong>8 savait\u0117:<\/strong> K\u016bdikio rankos, pla\u0161takos, pir\u0161tai, p\u0117dos ir koj\u0173 pir\u0161tai yra visi\u0161kai susiformav\u0119, pradeda augti rank\u0173 ir koj\u0173 nagai.<br\/><strong>10 savait\u0117:<\/strong> visi organai jau atsirad\u0119 ir toliau vystosi.<br\/><strong>14 savait\u0117:<\/strong> Motina pradeda jausti vaikelio judesius.<br\/><strong>21 savait\u0117:<\/strong> Vaikas jau gali i\u0161gyventi u\u017e gimdos rib\u0173 (su medik\u0173 pagalba).<\/p>\n\n<p><\/p>\n\n<p class=\"has-small-font-size\">* Laikas visur nurodomas nuo apvaisinimo.<\/p>\n","protected":false},"excerpt":{"rendered":"<p>Svarb\u016bs prenatalinio vystymosi etapai: 22 diena*: K\u016bdikio \u0161irdis pradeda plakti \u2013 110 d\u016b\u017ei\u0173 per minut\u0119 da\u017eniu.4 savait\u0117: Pradeda formuotis rankos ir kojos. Formuojasi kraujo l\u0105stel\u0117s. Ultragarsu jau galima aptikti \u0161irdies<a href=\"https:\/\/prolifeeurope.org\/lt\/ziniu-baze\/prenatalinis-vystymasis\/\">Continue reading <span class=\"sr-only\">&#8222;Prenatalinis vystymasis&#8221;<\/span><\/a><\/p>\n","protected":false},"author":14,"featured_media":0,"parent":2525,"menu_order":0,"comment_status":"closed","ping_status":"closed","template":"page-topic.php","meta":{"_acf_changed":false,"_monsterinsights_skip_tracking":false,"_monsterinsights_sitenote_active":false,"_monsterinsights_sitenote_note":"","_monsterinsights_sitenote_category":0,"footnotes":""},"topic":[],"class_list":["post-2961","page","type-page","status-publish","hentry"],"acf":[],"yoast_head":"<!-- This site is optimized with the Yoast SEO plugin v27.2 - https:\/\/yoast.com\/product\/yoast-seo-wordpress\/ -->\n<title>Prenatalinis vystymasis - ProLife Europe<\/title>\n<meta name=\"description\" content=\"Dar negim\u0119s vaikas nuo pat prad\u017ei\u0173 yra \u017emogus ir i\u0161gyvena kvap\u0105 gniau\u017eian\u010dias akimirkas skirtingais raidos etapais.\" \/>\n<meta name=\"robots\" content=\"index, follow, max-snippet:-1, max-image-preview:large, max-video-preview:-1\" \/>\n<link rel=\"canonical\" href=\"https:\/\/prolifeeurope.org\/lt\/ziniu-baze\/prenatalinis-vystymasis\/\" \/>\n<meta property=\"og:locale\" content=\"lt_LT\" \/>\n<meta property=\"og:type\" content=\"article\" \/>\n<meta property=\"og:title\" content=\"Prenatalinis vystymasis - ProLife Europe\" \/>\n<meta property=\"og:description\" content=\"Dar negim\u0119s vaikas nuo pat prad\u017ei\u0173 yra \u017emogus ir i\u0161gyvena kvap\u0105 gniau\u017eian\u010dias akimirkas skirtingais raidos etapais.\" \/>\n<meta property=\"og:url\" content=\"https:\/\/prolifeeurope.org\/lt\/ziniu-baze\/prenatalinis-vystymasis\/\" \/>\n<meta property=\"og:site_name\" content=\"ProLife Europe\" \/>\n<meta property=\"article:publisher\" content=\"https:\/\/www.facebook.com\/ProLifeEurope\/\" \/>\n<meta property=\"article:modified_time\" content=\"2025-03-21T08:58:06+00:00\" \/>\n<meta name=\"twitter:card\" content=\"summary_large_image\" \/>\n<meta name=\"twitter:label1\" content=\"Est. reading time\" \/>\n\t<meta name=\"twitter:data1\" content=\"1 minut\u0117\" \/>\n<script type=\"application\/ld+json\" class=\"yoast-schema-graph\">{\"@context\":\"https:\/\/schema.org\",\"@graph\":[{\"@type\":\"WebPage\",\"@id\":\"https:\/\/prolifeeurope.org\/lt\/ziniu-baze\/prenatalinis-vystymasis\/\",\"url\":\"https:\/\/prolifeeurope.org\/lt\/ziniu-baze\/prenatalinis-vystymasis\/\",\"name\":\"Prenatalinis vystymasis - ProLife Europe\",\"isPartOf\":{\"@id\":\"https:\/\/prolifeeurope.org\/lt\/#website\"},\"datePublished\":\"2025-01-09T09:31:43+00:00\",\"dateModified\":\"2025-03-21T08:58:06+00:00\",\"description\":\"Dar negim\u0119s vaikas nuo pat prad\u017ei\u0173 yra \u017emogus ir i\u0161gyvena kvap\u0105 gniau\u017eian\u010dias akimirkas skirtingais raidos etapais.\",\"breadcrumb\":{\"@id\":\"https:\/\/prolifeeurope.org\/lt\/ziniu-baze\/prenatalinis-vystymasis\/#breadcrumb\"},\"inLanguage\":\"lt-LT\",\"potentialAction\":[{\"@type\":\"ReadAction\",\"target\":[\"https:\/\/prolifeeurope.org\/lt\/ziniu-baze\/prenatalinis-vystymasis\/\"]}]},{\"@type\":\"BreadcrumbList\",\"@id\":\"https:\/\/prolifeeurope.org\/lt\/ziniu-baze\/prenatalinis-vystymasis\/#breadcrumb\",\"itemListElement\":[{\"@type\":\"ListItem\",\"position\":1,\"name\":\"Home\",\"item\":\"https:\/\/prolifeeurope.org\/lt\/\"},{\"@type\":\"ListItem\",\"position\":2,\"name\":\"\u017dini\u0173 baz\u0117\",\"item\":\"https:\/\/prolifeeurope.org\/lt\/ziniu-baze\/\"},{\"@type\":\"ListItem\",\"position\":3,\"name\":\"Prenatalinis vystymasis\"}]},{\"@type\":\"WebSite\",\"@id\":\"https:\/\/prolifeeurope.org\/lt\/#website\",\"url\":\"https:\/\/prolifeeurope.org\/lt\/\",\"name\":\"ProLife Europe\",\"description\":\"\",\"publisher\":{\"@id\":\"https:\/\/prolifeeurope.org\/lt\/#organization\"},\"potentialAction\":[{\"@type\":\"SearchAction\",\"target\":{\"@type\":\"EntryPoint\",\"urlTemplate\":\"https:\/\/prolifeeurope.org\/lt\/?s={search_term_string}\"},\"query-input\":{\"@type\":\"PropertyValueSpecification\",\"valueRequired\":true,\"valueName\":\"search_term_string\"}}],\"inLanguage\":\"lt-LT\"},{\"@type\":\"Organization\",\"@id\":\"https:\/\/prolifeeurope.org\/lt\/#organization\",\"name\":\"ProLife Europe\",\"url\":\"https:\/\/prolifeeurope.org\/lt\/\",\"logo\":{\"@type\":\"ImageObject\",\"inLanguage\":\"lt-LT\",\"@id\":\"https:\/\/prolifeeurope.org\/lt\/#\/schema\/logo\/image\/\",\"url\":\"https:\/\/prolifeeurope.org\/wp-content\/uploads\/2024\/11\/logo-3.svg\",\"contentUrl\":\"https:\/\/prolifeeurope.org\/wp-content\/uploads\/2024\/11\/logo-3.svg\",\"width\":166,\"height\":170,\"caption\":\"ProLife Europe\"},\"image\":{\"@id\":\"https:\/\/prolifeeurope.org\/lt\/#\/schema\/logo\/image\/\"},\"sameAs\":[\"https:\/\/www.facebook.com\/ProLifeEurope\/\",\"https:\/\/www.instagram.com\/prolife_europe\/\",\"https:\/\/www.youtube.com\/channel\/UC7olgmdiSVEHZUiP554XozA\"]}]}<\/script>\n<!-- \/ Yoast SEO plugin. -->","yoast_head_json":{"title":"Prenatalinis vystymasis - ProLife Europe","description":"Dar negim\u0119s vaikas nuo pat prad\u017ei\u0173 yra \u017emogus ir i\u0161gyvena kvap\u0105 gniau\u017eian\u010dias akimirkas skirtingais raidos etapais.","robots":{"index":"index","follow":"follow","max-snippet":"max-snippet:-1","max-image-preview":"max-image-preview:large","max-video-preview":"max-video-preview:-1"},"canonical":"https:\/\/prolifeeurope.org\/lt\/ziniu-baze\/prenatalinis-vystymasis\/","og_locale":"lt_LT","og_type":"article","og_title":"Prenatalinis vystymasis - ProLife Europe","og_description":"Dar negim\u0119s vaikas nuo pat prad\u017ei\u0173 yra \u017emogus ir i\u0161gyvena kvap\u0105 gniau\u017eian\u010dias akimirkas skirtingais raidos etapais.","og_url":"https:\/\/prolifeeurope.org\/lt\/ziniu-baze\/prenatalinis-vystymasis\/","og_site_name":"ProLife Europe","article_publisher":"https:\/\/www.facebook.com\/ProLifeEurope\/","article_modified_time":"2025-03-21T08:58:06+00:00","twitter_card":"summary_large_image","twitter_misc":{"Est. reading time":"1 minut\u0117"},"schema":{"@context":"https:\/\/schema.org","@graph":[{"@type":"WebPage","@id":"https:\/\/prolifeeurope.org\/lt\/ziniu-baze\/prenatalinis-vystymasis\/","url":"https:\/\/prolifeeurope.org\/lt\/ziniu-baze\/prenatalinis-vystymasis\/","name":"Prenatalinis vystymasis - ProLife Europe","isPartOf":{"@id":"https:\/\/prolifeeurope.org\/lt\/#website"},"datePublished":"2025-01-09T09:31:43+00:00","dateModified":"2025-03-21T08:58:06+00:00","description":"Dar negim\u0119s vaikas nuo pat prad\u017ei\u0173 yra \u017emogus ir i\u0161gyvena kvap\u0105 gniau\u017eian\u010dias akimirkas skirtingais raidos etapais.","breadcrumb":{"@id":"https:\/\/prolifeeurope.org\/lt\/ziniu-baze\/prenatalinis-vystymasis\/#breadcrumb"},"inLanguage":"lt-LT","potentialAction":[{"@type":"ReadAction","target":["https:\/\/prolifeeurope.org\/lt\/ziniu-baze\/prenatalinis-vystymasis\/"]}]},{"@type":"BreadcrumbList","@id":"https:\/\/prolifeeurope.org\/lt\/ziniu-baze\/prenatalinis-vystymasis\/#breadcrumb","itemListElement":[{"@type":"ListItem","position":1,"name":"Home","item":"https:\/\/prolifeeurope.org\/lt\/"},{"@type":"ListItem","position":2,"name":"\u017dini\u0173 baz\u0117","item":"https:\/\/prolifeeurope.org\/lt\/ziniu-baze\/"},{"@type":"ListItem","position":3,"name":"Prenatalinis vystymasis"}]},{"@type":"WebSite","@id":"https:\/\/prolifeeurope.org\/lt\/#website","url":"https:\/\/prolifeeurope.org\/lt\/","name":"ProLife Europe","description":"","publisher":{"@id":"https:\/\/prolifeeurope.org\/lt\/#organization"},"potentialAction":[{"@type":"SearchAction","target":{"@type":"EntryPoint","urlTemplate":"https:\/\/prolifeeurope.org\/lt\/?s={search_term_string}"},"query-input":{"@type":"PropertyValueSpecification","valueRequired":true,"valueName":"search_term_string"}}],"inLanguage":"lt-LT"},{"@type":"Organization","@id":"https:\/\/prolifeeurope.org\/lt\/#organization","name":"ProLife Europe","url":"https:\/\/prolifeeurope.org\/lt\/","logo":{"@type":"ImageObject","inLanguage":"lt-LT","@id":"https:\/\/prolifeeurope.org\/lt\/#\/schema\/logo\/image\/","url":"https:\/\/prolifeeurope.org\/wp-content\/uploads\/2024\/11\/logo-3.svg","contentUrl":"https:\/\/prolifeeurope.org\/wp-content\/uploads\/2024\/11\/logo-3.svg","width":166,"height":170,"caption":"ProLife Europe"},"image":{"@id":"https:\/\/prolifeeurope.org\/lt\/#\/schema\/logo\/image\/"},"sameAs":["https:\/\/www.facebook.com\/ProLifeEurope\/","https:\/\/www.instagram.com\/prolife_europe\/","https:\/\/www.youtube.com\/channel\/UC7olgmdiSVEHZUiP554XozA"]}]}},"_links":{"self":[{"href":"https:\/\/prolifeeurope.org\/lt\/wp-json\/wp\/v2\/pages\/2961","targetHints":{"allow":["GET"]}}],"collection":[{"href":"https:\/\/prolifeeurope.org\/lt\/wp-json\/wp\/v2\/pages"}],"about":[{"href":"https:\/\/prolifeeurope.org\/lt\/wp-json\/wp\/v2\/types\/page"}],"author":[{"embeddable":true,"href":"https:\/\/prolifeeurope.org\/lt\/wp-json\/wp\/v2\/users\/14"}],"replies":[{"embeddable":true,"href":"https:\/\/prolifeeurope.org\/lt\/wp-json\/wp\/v2\/comments?post=2961"}],"version-history":[{"count":3,"href":"https:\/\/prolifeeurope.org\/lt\/wp-json\/wp\/v2\/pages\/2961\/revisions"}],"predecessor-version":[{"id":2964,"href":"https:\/\/prolifeeurope.org\/lt\/wp-json\/wp\/v2\/pages\/2961\/revisions\/2964"}],"up":[{"embeddable":true,"href":"https:\/\/prolifeeurope.org\/lt\/wp-json\/wp\/v2\/pages\/2525"}],"wp:attachment":[{"href":"https:\/\/prolifeeurope.org\/lt\/wp-json\/wp\/v2\/media?parent=2961"}],"wp:term":[{"taxonomy":"topic","embeddable":true,"href":"https:\/\/prolifeeurope.org\/lt\/wp-json\/wp\/v2\/topic?post=2961"}],"curies":[{"name":"wp","href":"https:\/\/api.w.org\/{rel}","templated":true}]}}