{"id":2959,"date":"2025-01-15T23:48:50","date_gmt":"2025-01-15T22:48:50","guid":{"rendered":"https:\/\/ws-staging.prolifeeurope.org\/ziniu-baze\/teisine-padetis-europoje\/"},"modified":"2025-03-21T10:02:16","modified_gmt":"2025-03-21T09:02:16","slug":"teisine-padetis-europoje","status":"publish","type":"page","link":"https:\/\/prolifeeurope.org\/lt\/ziniu-baze\/teisine-padetis-europoje\/","title":{"rendered":"Teisin\u0117 pad\u0117tis Europoje"},"content":{"rendered":"\n<p>Teisinis eutanazijos reglamentavimas Europoje labai \u012fvairus. Toliau ap\u017evelgiama teisin\u0117 pad\u0117tis pasirinktose \u0161alyse: <\/p>\n\n<p><strong>Belgija<\/strong>: Aktyvi eutanazija legali nuo 2002 m., o 2014 m. ji prad\u0117ta taikyti ir nepilname\u010diams, neribojant am\u017eiaus. S\u0105lyga \u2013 gydytojai turi patvirtinti nepakeliamas kan\u010dias. <\/p>\n\n<p><strong>Danija<\/strong>: Aktyvi eutanazija ir pagalbin\u0117 savi\u017eudyb\u0117 draud\u017eiamos. Pasyvioji eutanazija leid\u017eiama nuo 1992 m.; pacientai gali atsisakyti gyvyb\u0119 prat\u0119sian\u010di\u0173 priemoni\u0173, pateikdami ra\u0161ti\u0161k\u0105 parei\u0161kim\u0105. <\/p>\n\n<p><strong>Vokietija<\/strong>: Aktyvi eutanazija yra draud\u017eiama ir u\u017e j\u0105 gresia iki penkeri\u0173 met\u0173 laisv\u0117s at\u0117mimo bausm\u0117. Pasyvioji eutanazija leid\u017eiama, jei yra paciento valia arba galiojantis i\u0161ankstinis nurodymas. <\/p>\n\n<p><strong>Pranc\u016bzija<\/strong>: Aktyvi eutanazija draud\u017eiama. Pasyvi eutanazija leid\u017eiama; paciento pra\u0161ymu galima nutraukti medicinin\u012f gydym\u0105, net jei jis pagreitina mirt\u012f. <\/p>\n\n<p><strong>Liuksemburgas<\/strong>: Aktyvi eutanazija legali nuo 2009 m. Gydytojas gali pad\u0117ti nepagydomai sergantiems pacientams nutraukti gyvenim\u0105 j\u0173 pra\u0161ymu, jei du gydytojai nepriklausomai patvirtina, kad pasveikti ne\u012fmanoma. <\/p>\n\n<p><strong>Nyderlandai<\/strong>: Aktyvi eutanazija legali nuo 2002 m. Nepagydomai sergantys pacientai gali gauti eutanazij\u0105 reglamentuotomis s\u0105lygomis. <\/p>\n\n<p><strong>Austrija<\/strong>: Aktyvi eutanazija draud\u017eiama ir baud\u017eiama iki penkeri\u0173 met\u0173 laisv\u0117s at\u0117mimo bausme. Pasyvioji eutanazija leid\u017eiama, jei yra paciento valia arba galiojantis i\u0161ankstinis nurodymas. Pagalbin\u0117 savi\u017eudyb\u0117 buvo \u012fteisinta 2022 m., laikantis reglamento ir pabr\u0117\u017eiant asmens autonomij\u0105 sprendimo pri\u0117mimo procese.  <\/p>\n\n<p><strong>\u0160veicarija<\/strong>: Aktyvi eutanazija draud\u017eiama. Pagalbin\u0117 savi\u017eudyb\u0117 leid\u017eiama, jei n\u0117ra savanaudi\u0161k\u0173 motyv\u0173. Organizacijos kaip Exit ar Dignitas padeda nepagydomai sergantiems asmenims nusi\u017eudyti.  <\/p>\n\n<p><strong>Ispanija<\/strong>: Aktyvi eutanazija ir pagalbin\u0117 savi\u017eudyb\u0117 legali nuo 2021 m. Ispanijos pilietyb\u0119 turintys arba Ispanijoje gyvenantys asmenys gali pra\u0161yti eutanazijos tam tikromis s\u0105lygomis. <\/p>\n\n<p><strong>Lenkija<\/strong>: Visos eutanazijos formos, \u012fskaitant pasyvi\u0105j\u0105 eutanazij\u0105 ir pagalbin\u0119 savi\u017eudyb\u0119, yra draud\u017eiamos.<\/p>\n\n<p>Nors Vokietijoje ir Italijoje n\u0117ra teis\u0117s akt\u0173, leid\u017eian\u010di\u0173 pagalbin\u0119 savi\u017eudyb\u0119, d\u0117l neseniai priimt\u0173 atitinkam\u0173 auk\u0161t\u0173j\u0173 teism\u0173 sprendim\u0173 ateityje gali b\u016bti priimti nauji teis\u0117s aktai.<\/p>\n\n<p>Liuksemburge apie 0,7 proc. nesmurtini\u0173 mir\u010di\u0173 \u012fvyko d\u0117l eutanazijos arba pagalbin\u0117s savi\u017eudyb\u0117s. Belgijoje ir \u0160veicarijoje, kur legalizavimas \u012fvyko apie 2000 m., \u0161ie rodikliai yra atitinkamai 2,3 % ir 1,7 %. Tas pats pasakytina ir apie Nyderlandus, kur su pagalbine savi\u017eudybe arba eutanazija susij\u0119 jau 4,6 % nesmurtini\u0173 mir\u010di\u0173. Atrodo, kad mirtingumo rodikliai nuolat did\u0117ja visur, kur tie dalykai leid\u017eiami tiek Europoje, tiek u\u017e jos rib\u0173.   <\/p>\n","protected":false},"excerpt":{"rendered":"<p>Teisinis eutanazijos reglamentavimas Europoje labai \u012fvairus. Toliau ap\u017evelgiama teisin\u0117 pad\u0117tis pasirinktose \u0161alyse: Belgija: Aktyvi eutanazija legali nuo 2002 m., o 2014 m. ji prad\u0117ta taikyti ir nepilname\u010diams, neribojant am\u017eiaus. S\u0105lyga<a href=\"https:\/\/prolifeeurope.org\/lt\/ziniu-baze\/teisine-padetis-europoje\/\">Continue reading <span class=\"sr-only\">&#8222;Teisin\u0117 pad\u0117tis Europoje&#8221;<\/span><\/a><\/p>\n","protected":false},"author":14,"featured_media":0,"parent":2525,"menu_order":0,"comment_status":"closed","ping_status":"closed","template":"page-topic.php","meta":{"_acf_changed":false,"_monsterinsights_skip_tracking":false,"_monsterinsights_sitenote_active":false,"_monsterinsights_sitenote_note":"","_monsterinsights_sitenote_category":0,"footnotes":""},"topic":[],"class_list":["post-2959","page","type-page","status-publish","hentry"],"acf":[],"yoast_head":"<!-- This site is optimized with the Yoast SEO plugin v27.2 - https:\/\/yoast.com\/product\/yoast-seo-wordpress\/ -->\n<title>Teisin\u0117 pad\u0117tis Europoje - ProLife Europe<\/title>\n<meta name=\"description\" content=\"Eutanazijos \u012fstatymai Europoje labai skiriasi. \u010cia rasite \u012fvairi\u0173 \u0161ali\u0173 situacijos ap\u017evalg\u0105.\" \/>\n<meta name=\"robots\" content=\"index, follow, max-snippet:-1, max-image-preview:large, max-video-preview:-1\" \/>\n<link rel=\"canonical\" href=\"https:\/\/prolifeeurope.org\/lt\/ziniu-baze\/teisine-padetis-europoje\/\" \/>\n<meta property=\"og:locale\" content=\"lt_LT\" \/>\n<meta property=\"og:type\" content=\"article\" \/>\n<meta property=\"og:title\" content=\"Teisin\u0117 pad\u0117tis Europoje - ProLife Europe\" \/>\n<meta property=\"og:description\" content=\"Eutanazijos \u012fstatymai Europoje labai skiriasi. \u010cia rasite \u012fvairi\u0173 \u0161ali\u0173 situacijos ap\u017evalg\u0105.\" \/>\n<meta property=\"og:url\" content=\"https:\/\/prolifeeurope.org\/lt\/ziniu-baze\/teisine-padetis-europoje\/\" \/>\n<meta property=\"og:site_name\" content=\"ProLife Europe\" \/>\n<meta property=\"article:publisher\" content=\"https:\/\/www.facebook.com\/ProLifeEurope\/\" \/>\n<meta property=\"article:modified_time\" content=\"2025-03-21T09:02:16+00:00\" \/>\n<meta name=\"twitter:card\" content=\"summary_large_image\" \/>\n<meta name=\"twitter:label1\" content=\"Est. reading time\" \/>\n\t<meta name=\"twitter:data1\" content=\"2 minut\u0117s\" \/>\n<script type=\"application\/ld+json\" class=\"yoast-schema-graph\">{\"@context\":\"https:\/\/schema.org\",\"@graph\":[{\"@type\":\"WebPage\",\"@id\":\"https:\/\/prolifeeurope.org\/lt\/ziniu-baze\/teisine-padetis-europoje\/\",\"url\":\"https:\/\/prolifeeurope.org\/lt\/ziniu-baze\/teisine-padetis-europoje\/\",\"name\":\"Teisin\u0117 pad\u0117tis Europoje - ProLife Europe\",\"isPartOf\":{\"@id\":\"https:\/\/prolifeeurope.org\/lt\/#website\"},\"datePublished\":\"2025-01-15T22:48:50+00:00\",\"dateModified\":\"2025-03-21T09:02:16+00:00\",\"description\":\"Eutanazijos \u012fstatymai Europoje labai skiriasi. \u010cia rasite \u012fvairi\u0173 \u0161ali\u0173 situacijos ap\u017evalg\u0105.\",\"breadcrumb\":{\"@id\":\"https:\/\/prolifeeurope.org\/lt\/ziniu-baze\/teisine-padetis-europoje\/#breadcrumb\"},\"inLanguage\":\"lt-LT\",\"potentialAction\":[{\"@type\":\"ReadAction\",\"target\":[\"https:\/\/prolifeeurope.org\/lt\/ziniu-baze\/teisine-padetis-europoje\/\"]}]},{\"@type\":\"BreadcrumbList\",\"@id\":\"https:\/\/prolifeeurope.org\/lt\/ziniu-baze\/teisine-padetis-europoje\/#breadcrumb\",\"itemListElement\":[{\"@type\":\"ListItem\",\"position\":1,\"name\":\"Home\",\"item\":\"https:\/\/prolifeeurope.org\/lt\/\"},{\"@type\":\"ListItem\",\"position\":2,\"name\":\"\u017dini\u0173 baz\u0117\",\"item\":\"https:\/\/prolifeeurope.org\/lt\/ziniu-baze\/\"},{\"@type\":\"ListItem\",\"position\":3,\"name\":\"Teisin\u0117 pad\u0117tis Europoje\"}]},{\"@type\":\"WebSite\",\"@id\":\"https:\/\/prolifeeurope.org\/lt\/#website\",\"url\":\"https:\/\/prolifeeurope.org\/lt\/\",\"name\":\"ProLife Europe\",\"description\":\"\",\"publisher\":{\"@id\":\"https:\/\/prolifeeurope.org\/lt\/#organization\"},\"potentialAction\":[{\"@type\":\"SearchAction\",\"target\":{\"@type\":\"EntryPoint\",\"urlTemplate\":\"https:\/\/prolifeeurope.org\/lt\/?s={search_term_string}\"},\"query-input\":{\"@type\":\"PropertyValueSpecification\",\"valueRequired\":true,\"valueName\":\"search_term_string\"}}],\"inLanguage\":\"lt-LT\"},{\"@type\":\"Organization\",\"@id\":\"https:\/\/prolifeeurope.org\/lt\/#organization\",\"name\":\"ProLife Europe\",\"url\":\"https:\/\/prolifeeurope.org\/lt\/\",\"logo\":{\"@type\":\"ImageObject\",\"inLanguage\":\"lt-LT\",\"@id\":\"https:\/\/prolifeeurope.org\/lt\/#\/schema\/logo\/image\/\",\"url\":\"https:\/\/prolifeeurope.org\/wp-content\/uploads\/2024\/11\/logo-3.svg\",\"contentUrl\":\"https:\/\/prolifeeurope.org\/wp-content\/uploads\/2024\/11\/logo-3.svg\",\"width\":166,\"height\":170,\"caption\":\"ProLife Europe\"},\"image\":{\"@id\":\"https:\/\/prolifeeurope.org\/lt\/#\/schema\/logo\/image\/\"},\"sameAs\":[\"https:\/\/www.facebook.com\/ProLifeEurope\/\",\"https:\/\/www.instagram.com\/prolife_europe\/\",\"https:\/\/www.youtube.com\/channel\/UC7olgmdiSVEHZUiP554XozA\"]}]}<\/script>\n<!-- \/ Yoast SEO plugin. -->","yoast_head_json":{"title":"Teisin\u0117 pad\u0117tis Europoje - ProLife Europe","description":"Eutanazijos \u012fstatymai Europoje labai skiriasi. \u010cia rasite \u012fvairi\u0173 \u0161ali\u0173 situacijos ap\u017evalg\u0105.","robots":{"index":"index","follow":"follow","max-snippet":"max-snippet:-1","max-image-preview":"max-image-preview:large","max-video-preview":"max-video-preview:-1"},"canonical":"https:\/\/prolifeeurope.org\/lt\/ziniu-baze\/teisine-padetis-europoje\/","og_locale":"lt_LT","og_type":"article","og_title":"Teisin\u0117 pad\u0117tis Europoje - ProLife Europe","og_description":"Eutanazijos \u012fstatymai Europoje labai skiriasi. \u010cia rasite \u012fvairi\u0173 \u0161ali\u0173 situacijos ap\u017evalg\u0105.","og_url":"https:\/\/prolifeeurope.org\/lt\/ziniu-baze\/teisine-padetis-europoje\/","og_site_name":"ProLife Europe","article_publisher":"https:\/\/www.facebook.com\/ProLifeEurope\/","article_modified_time":"2025-03-21T09:02:16+00:00","twitter_card":"summary_large_image","twitter_misc":{"Est. reading time":"2 minut\u0117s"},"schema":{"@context":"https:\/\/schema.org","@graph":[{"@type":"WebPage","@id":"https:\/\/prolifeeurope.org\/lt\/ziniu-baze\/teisine-padetis-europoje\/","url":"https:\/\/prolifeeurope.org\/lt\/ziniu-baze\/teisine-padetis-europoje\/","name":"Teisin\u0117 pad\u0117tis Europoje - ProLife Europe","isPartOf":{"@id":"https:\/\/prolifeeurope.org\/lt\/#website"},"datePublished":"2025-01-15T22:48:50+00:00","dateModified":"2025-03-21T09:02:16+00:00","description":"Eutanazijos \u012fstatymai Europoje labai skiriasi. \u010cia rasite \u012fvairi\u0173 \u0161ali\u0173 situacijos ap\u017evalg\u0105.","breadcrumb":{"@id":"https:\/\/prolifeeurope.org\/lt\/ziniu-baze\/teisine-padetis-europoje\/#breadcrumb"},"inLanguage":"lt-LT","potentialAction":[{"@type":"ReadAction","target":["https:\/\/prolifeeurope.org\/lt\/ziniu-baze\/teisine-padetis-europoje\/"]}]},{"@type":"BreadcrumbList","@id":"https:\/\/prolifeeurope.org\/lt\/ziniu-baze\/teisine-padetis-europoje\/#breadcrumb","itemListElement":[{"@type":"ListItem","position":1,"name":"Home","item":"https:\/\/prolifeeurope.org\/lt\/"},{"@type":"ListItem","position":2,"name":"\u017dini\u0173 baz\u0117","item":"https:\/\/prolifeeurope.org\/lt\/ziniu-baze\/"},{"@type":"ListItem","position":3,"name":"Teisin\u0117 pad\u0117tis Europoje"}]},{"@type":"WebSite","@id":"https:\/\/prolifeeurope.org\/lt\/#website","url":"https:\/\/prolifeeurope.org\/lt\/","name":"ProLife Europe","description":"","publisher":{"@id":"https:\/\/prolifeeurope.org\/lt\/#organization"},"potentialAction":[{"@type":"SearchAction","target":{"@type":"EntryPoint","urlTemplate":"https:\/\/prolifeeurope.org\/lt\/?s={search_term_string}"},"query-input":{"@type":"PropertyValueSpecification","valueRequired":true,"valueName":"search_term_string"}}],"inLanguage":"lt-LT"},{"@type":"Organization","@id":"https:\/\/prolifeeurope.org\/lt\/#organization","name":"ProLife Europe","url":"https:\/\/prolifeeurope.org\/lt\/","logo":{"@type":"ImageObject","inLanguage":"lt-LT","@id":"https:\/\/prolifeeurope.org\/lt\/#\/schema\/logo\/image\/","url":"https:\/\/prolifeeurope.org\/wp-content\/uploads\/2024\/11\/logo-3.svg","contentUrl":"https:\/\/prolifeeurope.org\/wp-content\/uploads\/2024\/11\/logo-3.svg","width":166,"height":170,"caption":"ProLife Europe"},"image":{"@id":"https:\/\/prolifeeurope.org\/lt\/#\/schema\/logo\/image\/"},"sameAs":["https:\/\/www.facebook.com\/ProLifeEurope\/","https:\/\/www.instagram.com\/prolife_europe\/","https:\/\/www.youtube.com\/channel\/UC7olgmdiSVEHZUiP554XozA"]}]}},"_links":{"self":[{"href":"https:\/\/prolifeeurope.org\/lt\/wp-json\/wp\/v2\/pages\/2959","targetHints":{"allow":["GET"]}}],"collection":[{"href":"https:\/\/prolifeeurope.org\/lt\/wp-json\/wp\/v2\/pages"}],"about":[{"href":"https:\/\/prolifeeurope.org\/lt\/wp-json\/wp\/v2\/types\/page"}],"author":[{"embeddable":true,"href":"https:\/\/prolifeeurope.org\/lt\/wp-json\/wp\/v2\/users\/14"}],"replies":[{"embeddable":true,"href":"https:\/\/prolifeeurope.org\/lt\/wp-json\/wp\/v2\/comments?post=2959"}],"version-history":[{"count":2,"href":"https:\/\/prolifeeurope.org\/lt\/wp-json\/wp\/v2\/pages\/2959\/revisions"}],"predecessor-version":[{"id":3007,"href":"https:\/\/prolifeeurope.org\/lt\/wp-json\/wp\/v2\/pages\/2959\/revisions\/3007"}],"up":[{"embeddable":true,"href":"https:\/\/prolifeeurope.org\/lt\/wp-json\/wp\/v2\/pages\/2525"}],"wp:attachment":[{"href":"https:\/\/prolifeeurope.org\/lt\/wp-json\/wp\/v2\/media?parent=2959"}],"wp:term":[{"taxonomy":"topic","embeddable":true,"href":"https:\/\/prolifeeurope.org\/lt\/wp-json\/wp\/v2\/topic?post=2959"}],"curies":[{"name":"wp","href":"https:\/\/api.w.org\/{rel}","templated":true}]}}