{"id":2957,"date":"2025-01-17T19:47:04","date_gmt":"2025-01-17T18:47:04","guid":{"rendered":"https:\/\/ws-staging.prolifeeurope.org\/ziniu-baze\/dirbtinis-apvaisinimas-europoje-istatymai-ir-apribojimai\/"},"modified":"2025-03-21T09:51:40","modified_gmt":"2025-03-21T08:51:40","slug":"dirbtinis-apvaisinimas-europoje-istatymai-ir-apribojimai","status":"publish","type":"page","link":"https:\/\/prolifeeurope.org\/lt\/ziniu-baze\/dirbtinis-apvaisinimas-europoje-istatymai-ir-apribojimai\/","title":{"rendered":"Dirbtinis apvaisinimas Europoje: \u012fstatymai ir apribojimai"},"content":{"rendered":"\n<p>Dirbtinio apvaisinimo teisinis reguliavimas Europos \u0161alyse labai skiriasi, nes kiekvienoje \u0161alyje galioja savi pagalbinio apvaisinimo technologij\u0173 prieinamumo nuostatai.<\/p>\n\n<h2 class=\"wp-block-heading\">Platus prieinamumas (\u012fskaitant vieni\u0161us asmenis, tos pa\u010dios lyties poras ir valstyb\u0117s finansavim\u0105)<\/h2>\n\n<ul class=\"wp-block-list\">\n<li><strong>Belgija<\/strong>: Valstyb\u0117s finansuojamas iki \u0161e\u0161i\u0173 cikl\u0173, juo gali pasinaudoti heteroseksualios poros, vieni\u0161os moterys ir tos pa\u010dios lyties poros. Kiau\u0161ial\u0105s\u010di\u0173 ir spermos donoryst\u0117 leid\u017eiama, o preimplantaciniai genetiniai tyrimai (PGT) pla\u010diai prieinami. <\/li>\n\n\n\n<li><strong>Danija<\/strong>: Prieinamas heteroseksualioms poroms, vieni\u0161oms moterims ir tos pa\u010dios lyties poroms. Si\u016bloma iki trij\u0173 valstyb\u0117s finansuojam\u0173 dirbtinio apvaisinimo cikl\u0173. Kiau\u0161ial\u0105s\u010di\u0173 ir spermos donoryst\u0117 yra teis\u0117ta, donorai gali b\u016bti anoniminiai arba \u017einomi.  <\/li>\n\n\n\n<li><strong>Pranc\u016bzija<\/strong>: Prieinamas heteroseksualioms poroms, vieni\u0161oms moterims ir lesbie\u010di\u0173 poroms. Jaunesn\u0117ms nei 43 met\u0173 moterims valstyb\u0117 finansuoja iki keturi\u0173 cikl\u0173. Kiau\u0161ial\u0105s\u010di\u0173 ir (arba) spermos donoryst\u0117 leid\u017eiama, ta\u010diau ji turi b\u016bti anonimin\u0117.  <\/li>\n\n\n\n<li><strong>\u0160vedija<\/strong>: Prieinamas tos pa\u010dios lyties poroms ir vieni\u0161oms moterims. Kiau\u0161ial\u0105s\u010di\u0173 ir spermos donoryst\u0117 leid\u017eiama. Proced\u016bra finansuojama valstyb\u0117s l\u0117\u0161omis ribotam cikl\u0173 skai\u010diui.  <\/li>\n<\/ul>\n\n<h2 class=\"wp-block-heading\">Vidutinis prieinamumas su tam tikrais apribojimais<\/h2>\n\n<ul class=\"wp-block-list\">\n<li><strong>Jungtin\u0117 Karalyst\u0117<\/strong>: Prieinama heteroseksualioms poroms, tos pa\u010dios lyties poroms ir vieni\u0161oms moterims. Finansavim\u0105 skiria Nacionalin\u0117 sveikatos tarnyba, ta\u010diau prieinamumas skiriasi priklausomai nuo regiono. Privat\u016bs ciklai kainuoja apie 7 000 eur\u0173. Kiau\u0161ial\u0105s\u010di\u0173 donoryst\u0117 yra legali, proced\u016bros finansavimui taikoma 42 met\u0173 am\u017eiaus riba.    <\/li>\n\n\n\n<li><strong>Nyderlandai<\/strong>: Finansuojamas iki trij\u0173 cikl\u0173 heteroseksualioms ir tos pa\u010dios lyties poroms, taip pat vieni\u0161oms moterims. PGT leid\u017eiami, jei yra rimt\u0173 genetini\u0173 lig\u0173. <\/li>\n\n\n\n<li><strong>Ispanija<\/strong>: Pla\u010diai prieinamas heteroseksualioms poroms, vieni\u0161oms moterims ir tos pa\u010dios lyties poroms. Ispanija yra populiari \u201evaisingumo turizmo\u201c kryptis. Kiau\u0161ial\u0105s\u010di\u0173 ir spermos donoryst\u0117 yra anonimin\u0117, surogatin\u0117 motinyst\u0117 yra nelegali.  <\/li>\n\n\n\n<li><strong>Portugalija<\/strong>: Prieinamas heteroseksualioms poroms, lesbie\u010di\u0173 poroms ir vieni\u0161oms moterims. Valstyb\u0117 apmoka ribot\u0105 cikl\u0173 skai\u010di\u0173. Kiau\u0161ial\u0105s\u010di\u0173 ir spermos donoryst\u0117 leid\u017eiama, PGT taip pat prieinami.  <\/li>\n<\/ul>\n\n<h2 class=\"wp-block-heading\">Ribotas prieinamumas (Daugiau reguliavimo ir\/arba draudim\u0173)<\/h2>\n\n<ul class=\"wp-block-list\">\n<li><strong>Vokietija<\/strong>: Leid\u017eiamas tik heteroseksualioms susituokusioms poroms. Kiau\u0161ial\u0105s\u010di\u0173 donoryst\u0117 draud\u017eiama, o embrion\u0173 \u0161aldymas ribojamas. Surogatin\u0117 motinyst\u0117 yra nelegali, o per vien\u0105 cikl\u0105 galima sukurti arba perkelti ne daugiau kaip tris embrionus.  <\/li>\n\n\n\n<li><strong>Italija<\/strong>: Prieinamas tik heteroseksualioms poroms. Kiau\u0161in\u0117li\u0173 ir spermos donoryst\u0117 leid\u017eiama nuo 2014 m., ta\u010diau surogatin\u0117 motinyst\u0117 draud\u017eiama. Taip pat ribojamas embrion\u0173, kuriuos galima sukurti ir perkelti, skai\u010dius.  <\/li>\n\n\n\n<li><strong>Austrija<\/strong>: Kiau\u0161in\u0117li\u0173 ir spermos donoryst\u0117 leid\u017eiama, ta\u010diau surogatin\u0117 motinyst\u0117 draud\u017eiama. Dirbtinis apvaisinimas prieinamas heteroseksualioms poroms, ta\u010diau valstyb\u0117s finansavimas yra ribotas. <\/li>\n\n\n\n<li><strong>\u0160veicarija<\/strong>: Kiau\u0161in\u0117li\u0173 donoryst\u0117 draud\u017eiama, ta\u010diau spermos donoryst\u0117 leid\u017eiama heteroseksualioms poroms. Surogatin\u0117 motinyst\u0117 nelegali, o dirbtinis apvaisinimas prieinamas tik susituokusioms heteroseksualioms poroms. <\/li>\n<\/ul>\n\n<h2 class=\"wp-block-heading\">Draud\u017eiantys \u012fstatymai arba labai ribotas prieinamumas<\/h2>\n\n<ul class=\"wp-block-list\">\n<li><strong>Norvegija<\/strong>: Prieinamas tik heteroseksualioms ir lesbie\u010di\u0173 poroms. Kiau\u0161ial\u0105s\u010di\u0173 donoryst\u0117 draud\u017eiama, surogatin\u0117 motinyst\u0117 \u2013 nelegali. <\/li>\n\n\n\n<li><strong>Lenkija<\/strong>: Prieinamas tik heteroseksualioms poroms. Kiau\u0161ial\u0105st\u0117s donoryst\u0117 leid\u017eiama, ta\u010diau surogatin\u0117 motinyst\u0117 draud\u017eiama.  <\/li>\n\n\n\n<li><strong>Vengrija<\/strong>: Dirbtinis apvaisinimas legalus heteroseksualioms poroms, vyriausyb\u0117 grie\u017etai kontroliuoja jo prieinamum\u0105, o priva\u010dios klinikos teikia tik ribotas paslaugas.<\/li>\n\n\n\n<li><strong>Lietuva<\/strong>: Leid\u017eiamas susituokusioms heteroseksualioms poroms, o embrionus leid\u017eiama u\u017e\u0161aldyti. <\/li>\n<\/ul>\n\n<h2 class=\"wp-block-heading\">Populiariausios In vitro kryptys (\u201eVaisingumo turizmas\u201c)<\/h2>\n\n<ul class=\"wp-block-list\">\n<li><strong>Graikija<\/strong>: Graikija yra populiari \u0161alis ie\u0161kantiems dirbtinio apvaisinimo galimyb\u0117s. Proced\u016bra si\u016bloma heteroseksualioms poroms, vieni\u0161oms moterims ir tos pa\u010dios lyties poroms. Surogatin\u0117 motinyst\u0117 yra legali, jei gautas teismo leidimas. Kiau\u0161ial\u0105s\u010di\u0173 ir spermos donoryst\u0117 yra legali ir pla\u010diai paplitusi.  <\/li>\n\n\n\n<li><strong>\u010cekija<\/strong>: Dirbtinis apvaisinimas prieinamas heteroseksualioms poroms ir vieni\u0161oms moterims. Kiau\u0161ial\u0105s\u010di\u0173 ir spermos donoryst\u0117 yra anonimin\u0117, o surogatin\u0117 motinyst\u0117 draud\u017eiama. \u0160alis gars\u0117ja nebrangiomis dirbtinio apvaisinimo proced\u016bromis.  <\/li>\n\n\n\n<li><strong>Ukraina<\/strong>: Ukraina si\u016blo pla\u010dias galimybes pasinaudoti dirbtiniu apvaisinimu, \u012fskaitant surogatin\u0119 motinyst\u0119, kuri yra legali. \u0160alis gars\u0117ja \u017eemomis proced\u016bros kainomis ir pritraukia daug tarptautini\u0173 klient\u0173. Situacija pasikeit\u0117 prasid\u0117jus karui 2022 m. Nuo to laiko Gruzija tapo nauja alternatyvia surogatin\u0117s motinyst\u0117s kryptimi.   <\/li>\n\n\n\n<li><strong>Gruzija<\/strong>: Dirbtinis apvaisinimas leid\u017eiamas heteroseksualioms poroms ir vieni\u0161oms moterims. Surogatin\u0117 motinyst\u0117 Gruzijoje yra legali ir ai\u0161kiai reglamentuojama, surogatinei motinai nenumatytos motinyst\u0117s teis\u0117s. Kiau\u0161ial\u0105s\u010di\u0173 ir spermos donoryst\u0117 leid\u017eiama, taip pat ir tarptautiniams klientams; yra anonimin\u0117 ir neanonimin\u0117 donoryst\u0117. Taip pat leid\u017eiama embrion\u0173 donoryst\u0117 ir embrion\u0173 \u0161aldymas.    <strong> <\/strong><\/li>\n<\/ul>\n","protected":false},"excerpt":{"rendered":"<p>Dirbtinio apvaisinimo teisinis reguliavimas Europos \u0161alyse labai skiriasi, nes kiekvienoje \u0161alyje galioja savi pagalbinio apvaisinimo technologij\u0173 prieinamumo nuostatai. Platus prieinamumas (\u012fskaitant vieni\u0161us asmenis, tos pa\u010dios lyties poras ir valstyb\u0117s finansavim\u0105)<a href=\"https:\/\/prolifeeurope.org\/lt\/ziniu-baze\/dirbtinis-apvaisinimas-europoje-istatymai-ir-apribojimai\/\">Continue reading <span class=\"sr-only\">&#8222;Dirbtinis apvaisinimas Europoje: \u012fstatymai ir apribojimai&#8221;<\/span><\/a><\/p>\n","protected":false},"author":14,"featured_media":0,"parent":2525,"menu_order":0,"comment_status":"closed","ping_status":"closed","template":"page-topic.php","meta":{"_acf_changed":false,"_monsterinsights_skip_tracking":false,"_monsterinsights_sitenote_active":false,"_monsterinsights_sitenote_note":"","_monsterinsights_sitenote_category":0,"footnotes":""},"topic":[],"class_list":["post-2957","page","type-page","status-publish","hentry"],"acf":[],"yoast_head":"<!-- This site is optimized with the Yoast SEO plugin v27.2 - https:\/\/yoast.com\/product\/yoast-seo-wordpress\/ -->\n<title>Dirbtinis apvaisinimas Europoje: \u012fstatymai ir apribojimai - ProLife Europe<\/title>\n<meta name=\"description\" content=\"Kiekvienoje \u0161alyje galioja skirtingas pagalbinio apvaisinimo technologij\u0173 reguliavimas. Europoje dirbtin\u012f apvaisinim\u0105 reglamentuojantys teis\u0117s aktai labai skiriasi.\" \/>\n<meta name=\"robots\" content=\"index, follow, max-snippet:-1, max-image-preview:large, max-video-preview:-1\" \/>\n<link rel=\"canonical\" href=\"https:\/\/prolifeeurope.org\/lt\/ziniu-baze\/dirbtinis-apvaisinimas-europoje-istatymai-ir-apribojimai\/\" \/>\n<meta property=\"og:locale\" content=\"lt_LT\" \/>\n<meta property=\"og:type\" content=\"article\" \/>\n<meta property=\"og:title\" content=\"Dirbtinis apvaisinimas Europoje: \u012fstatymai ir apribojimai - ProLife Europe\" \/>\n<meta property=\"og:description\" content=\"Kiekvienoje \u0161alyje galioja skirtingas pagalbinio apvaisinimo technologij\u0173 reguliavimas. Europoje dirbtin\u012f apvaisinim\u0105 reglamentuojantys teis\u0117s aktai labai skiriasi.\" \/>\n<meta property=\"og:url\" content=\"https:\/\/prolifeeurope.org\/lt\/ziniu-baze\/dirbtinis-apvaisinimas-europoje-istatymai-ir-apribojimai\/\" \/>\n<meta property=\"og:site_name\" content=\"ProLife Europe\" \/>\n<meta property=\"article:publisher\" content=\"https:\/\/www.facebook.com\/ProLifeEurope\/\" \/>\n<meta property=\"article:modified_time\" content=\"2025-03-21T08:51:40+00:00\" \/>\n<meta name=\"twitter:card\" content=\"summary_large_image\" \/>\n<meta name=\"twitter:label1\" content=\"Est. reading time\" \/>\n\t<meta name=\"twitter:data1\" content=\"3 minut\u0117s\" \/>\n<script type=\"application\/ld+json\" class=\"yoast-schema-graph\">{\"@context\":\"https:\/\/schema.org\",\"@graph\":[{\"@type\":\"WebPage\",\"@id\":\"https:\/\/prolifeeurope.org\/lt\/ziniu-baze\/dirbtinis-apvaisinimas-europoje-istatymai-ir-apribojimai\/\",\"url\":\"https:\/\/prolifeeurope.org\/lt\/ziniu-baze\/dirbtinis-apvaisinimas-europoje-istatymai-ir-apribojimai\/\",\"name\":\"Dirbtinis apvaisinimas Europoje: \u012fstatymai ir apribojimai - ProLife Europe\",\"isPartOf\":{\"@id\":\"https:\/\/prolifeeurope.org\/lt\/#website\"},\"datePublished\":\"2025-01-17T18:47:04+00:00\",\"dateModified\":\"2025-03-21T08:51:40+00:00\",\"description\":\"Kiekvienoje \u0161alyje galioja skirtingas pagalbinio apvaisinimo technologij\u0173 reguliavimas. Europoje dirbtin\u012f apvaisinim\u0105 reglamentuojantys teis\u0117s aktai labai skiriasi.\",\"breadcrumb\":{\"@id\":\"https:\/\/prolifeeurope.org\/lt\/ziniu-baze\/dirbtinis-apvaisinimas-europoje-istatymai-ir-apribojimai\/#breadcrumb\"},\"inLanguage\":\"lt-LT\",\"potentialAction\":[{\"@type\":\"ReadAction\",\"target\":[\"https:\/\/prolifeeurope.org\/lt\/ziniu-baze\/dirbtinis-apvaisinimas-europoje-istatymai-ir-apribojimai\/\"]}]},{\"@type\":\"BreadcrumbList\",\"@id\":\"https:\/\/prolifeeurope.org\/lt\/ziniu-baze\/dirbtinis-apvaisinimas-europoje-istatymai-ir-apribojimai\/#breadcrumb\",\"itemListElement\":[{\"@type\":\"ListItem\",\"position\":1,\"name\":\"Home\",\"item\":\"https:\/\/prolifeeurope.org\/lt\/\"},{\"@type\":\"ListItem\",\"position\":2,\"name\":\"\u017dini\u0173 baz\u0117\",\"item\":\"https:\/\/prolifeeurope.org\/lt\/ziniu-baze\/\"},{\"@type\":\"ListItem\",\"position\":3,\"name\":\"Dirbtinis apvaisinimas Europoje: \u012fstatymai ir apribojimai\"}]},{\"@type\":\"WebSite\",\"@id\":\"https:\/\/prolifeeurope.org\/lt\/#website\",\"url\":\"https:\/\/prolifeeurope.org\/lt\/\",\"name\":\"ProLife Europe\",\"description\":\"\",\"publisher\":{\"@id\":\"https:\/\/prolifeeurope.org\/lt\/#organization\"},\"potentialAction\":[{\"@type\":\"SearchAction\",\"target\":{\"@type\":\"EntryPoint\",\"urlTemplate\":\"https:\/\/prolifeeurope.org\/lt\/?s={search_term_string}\"},\"query-input\":{\"@type\":\"PropertyValueSpecification\",\"valueRequired\":true,\"valueName\":\"search_term_string\"}}],\"inLanguage\":\"lt-LT\"},{\"@type\":\"Organization\",\"@id\":\"https:\/\/prolifeeurope.org\/lt\/#organization\",\"name\":\"ProLife Europe\",\"url\":\"https:\/\/prolifeeurope.org\/lt\/\",\"logo\":{\"@type\":\"ImageObject\",\"inLanguage\":\"lt-LT\",\"@id\":\"https:\/\/prolifeeurope.org\/lt\/#\/schema\/logo\/image\/\",\"url\":\"https:\/\/prolifeeurope.org\/wp-content\/uploads\/2024\/11\/logo-3.svg\",\"contentUrl\":\"https:\/\/prolifeeurope.org\/wp-content\/uploads\/2024\/11\/logo-3.svg\",\"width\":166,\"height\":170,\"caption\":\"ProLife Europe\"},\"image\":{\"@id\":\"https:\/\/prolifeeurope.org\/lt\/#\/schema\/logo\/image\/\"},\"sameAs\":[\"https:\/\/www.facebook.com\/ProLifeEurope\/\",\"https:\/\/www.instagram.com\/prolife_europe\/\",\"https:\/\/www.youtube.com\/channel\/UC7olgmdiSVEHZUiP554XozA\"]}]}<\/script>\n<!-- \/ Yoast SEO plugin. -->","yoast_head_json":{"title":"Dirbtinis apvaisinimas Europoje: \u012fstatymai ir apribojimai - ProLife Europe","description":"Kiekvienoje \u0161alyje galioja skirtingas pagalbinio apvaisinimo technologij\u0173 reguliavimas. Europoje dirbtin\u012f apvaisinim\u0105 reglamentuojantys teis\u0117s aktai labai skiriasi.","robots":{"index":"index","follow":"follow","max-snippet":"max-snippet:-1","max-image-preview":"max-image-preview:large","max-video-preview":"max-video-preview:-1"},"canonical":"https:\/\/prolifeeurope.org\/lt\/ziniu-baze\/dirbtinis-apvaisinimas-europoje-istatymai-ir-apribojimai\/","og_locale":"lt_LT","og_type":"article","og_title":"Dirbtinis apvaisinimas Europoje: \u012fstatymai ir apribojimai - ProLife Europe","og_description":"Kiekvienoje \u0161alyje galioja skirtingas pagalbinio apvaisinimo technologij\u0173 reguliavimas. Europoje dirbtin\u012f apvaisinim\u0105 reglamentuojantys teis\u0117s aktai labai skiriasi.","og_url":"https:\/\/prolifeeurope.org\/lt\/ziniu-baze\/dirbtinis-apvaisinimas-europoje-istatymai-ir-apribojimai\/","og_site_name":"ProLife Europe","article_publisher":"https:\/\/www.facebook.com\/ProLifeEurope\/","article_modified_time":"2025-03-21T08:51:40+00:00","twitter_card":"summary_large_image","twitter_misc":{"Est. reading time":"3 minut\u0117s"},"schema":{"@context":"https:\/\/schema.org","@graph":[{"@type":"WebPage","@id":"https:\/\/prolifeeurope.org\/lt\/ziniu-baze\/dirbtinis-apvaisinimas-europoje-istatymai-ir-apribojimai\/","url":"https:\/\/prolifeeurope.org\/lt\/ziniu-baze\/dirbtinis-apvaisinimas-europoje-istatymai-ir-apribojimai\/","name":"Dirbtinis apvaisinimas Europoje: \u012fstatymai ir apribojimai - ProLife Europe","isPartOf":{"@id":"https:\/\/prolifeeurope.org\/lt\/#website"},"datePublished":"2025-01-17T18:47:04+00:00","dateModified":"2025-03-21T08:51:40+00:00","description":"Kiekvienoje \u0161alyje galioja skirtingas pagalbinio apvaisinimo technologij\u0173 reguliavimas. Europoje dirbtin\u012f apvaisinim\u0105 reglamentuojantys teis\u0117s aktai labai skiriasi.","breadcrumb":{"@id":"https:\/\/prolifeeurope.org\/lt\/ziniu-baze\/dirbtinis-apvaisinimas-europoje-istatymai-ir-apribojimai\/#breadcrumb"},"inLanguage":"lt-LT","potentialAction":[{"@type":"ReadAction","target":["https:\/\/prolifeeurope.org\/lt\/ziniu-baze\/dirbtinis-apvaisinimas-europoje-istatymai-ir-apribojimai\/"]}]},{"@type":"BreadcrumbList","@id":"https:\/\/prolifeeurope.org\/lt\/ziniu-baze\/dirbtinis-apvaisinimas-europoje-istatymai-ir-apribojimai\/#breadcrumb","itemListElement":[{"@type":"ListItem","position":1,"name":"Home","item":"https:\/\/prolifeeurope.org\/lt\/"},{"@type":"ListItem","position":2,"name":"\u017dini\u0173 baz\u0117","item":"https:\/\/prolifeeurope.org\/lt\/ziniu-baze\/"},{"@type":"ListItem","position":3,"name":"Dirbtinis apvaisinimas Europoje: \u012fstatymai ir apribojimai"}]},{"@type":"WebSite","@id":"https:\/\/prolifeeurope.org\/lt\/#website","url":"https:\/\/prolifeeurope.org\/lt\/","name":"ProLife Europe","description":"","publisher":{"@id":"https:\/\/prolifeeurope.org\/lt\/#organization"},"potentialAction":[{"@type":"SearchAction","target":{"@type":"EntryPoint","urlTemplate":"https:\/\/prolifeeurope.org\/lt\/?s={search_term_string}"},"query-input":{"@type":"PropertyValueSpecification","valueRequired":true,"valueName":"search_term_string"}}],"inLanguage":"lt-LT"},{"@type":"Organization","@id":"https:\/\/prolifeeurope.org\/lt\/#organization","name":"ProLife Europe","url":"https:\/\/prolifeeurope.org\/lt\/","logo":{"@type":"ImageObject","inLanguage":"lt-LT","@id":"https:\/\/prolifeeurope.org\/lt\/#\/schema\/logo\/image\/","url":"https:\/\/prolifeeurope.org\/wp-content\/uploads\/2024\/11\/logo-3.svg","contentUrl":"https:\/\/prolifeeurope.org\/wp-content\/uploads\/2024\/11\/logo-3.svg","width":166,"height":170,"caption":"ProLife Europe"},"image":{"@id":"https:\/\/prolifeeurope.org\/lt\/#\/schema\/logo\/image\/"},"sameAs":["https:\/\/www.facebook.com\/ProLifeEurope\/","https:\/\/www.instagram.com\/prolife_europe\/","https:\/\/www.youtube.com\/channel\/UC7olgmdiSVEHZUiP554XozA"]}]}},"_links":{"self":[{"href":"https:\/\/prolifeeurope.org\/lt\/wp-json\/wp\/v2\/pages\/2957","targetHints":{"allow":["GET"]}}],"collection":[{"href":"https:\/\/prolifeeurope.org\/lt\/wp-json\/wp\/v2\/pages"}],"about":[{"href":"https:\/\/prolifeeurope.org\/lt\/wp-json\/wp\/v2\/types\/page"}],"author":[{"embeddable":true,"href":"https:\/\/prolifeeurope.org\/lt\/wp-json\/wp\/v2\/users\/14"}],"replies":[{"embeddable":true,"href":"https:\/\/prolifeeurope.org\/lt\/wp-json\/wp\/v2\/comments?post=2957"}],"version-history":[{"count":2,"href":"https:\/\/prolifeeurope.org\/lt\/wp-json\/wp\/v2\/pages\/2957\/revisions"}],"predecessor-version":[{"id":2995,"href":"https:\/\/prolifeeurope.org\/lt\/wp-json\/wp\/v2\/pages\/2957\/revisions\/2995"}],"up":[{"embeddable":true,"href":"https:\/\/prolifeeurope.org\/lt\/wp-json\/wp\/v2\/pages\/2525"}],"wp:attachment":[{"href":"https:\/\/prolifeeurope.org\/lt\/wp-json\/wp\/v2\/media?parent=2957"}],"wp:term":[{"taxonomy":"topic","embeddable":true,"href":"https:\/\/prolifeeurope.org\/lt\/wp-json\/wp\/v2\/topic?post=2957"}],"curies":[{"name":"wp","href":"https:\/\/api.w.org\/{rel}","templated":true}]}}