{"id":2955,"date":"2025-01-21T23:15:41","date_gmt":"2025-01-21T22:15:41","guid":{"rendered":"https:\/\/ws-staging.prolifeeurope.org\/ziniu-baze\/dirbtinis-apvaisinimas-is-pro-life-perspektyvos\/"},"modified":"2025-03-21T09:52:50","modified_gmt":"2025-03-21T08:52:50","slug":"dirbtinis-apvaisinimas-is-pro-life-perspektyvos","status":"publish","type":"page","link":"https:\/\/prolifeeurope.org\/lt\/ziniu-baze\/dirbtinis-apvaisinimas-is-pro-life-perspektyvos\/","title":{"rendered":"Dirbtinis apvaisinimas i\u0161 pro-life perspektyvos"},"content":{"rendered":"\n<p>Giliai \u012fsi\u0161aknij\u0119s asmeninis tro\u0161kimas tapti t\u0117vais \u2013 tur\u0117ti vaik\u0105 i\u0161 savo k\u016bno ir kraujo \u2013 yra visi\u0161kai suprantamas. Ta\u010diau jei \u012f \u0161\u012f klausim\u0105 pa\u017evelgsime atid\u017eiau, \u017evelgiant i\u0161 gyvyb\u0117s apsaugos perspektyvos dirbtiniam apvaisinimui negalime pritarti. Kod\u0117l?   <\/p>\n\n<p>Nes dirbtinis apvaisinimas traktuoja \u017emog\u0173 kaip produkt\u0105, kur\u012f galima sukurti dirbtin\u0117mis s\u0105lygomis, sandeliuoti ir i\u0161mesti. Paslaug\u0173 teik\u0117jams pirmiausia r\u016bpi veiksmingumas ir ekonomi\u0161kumas. <\/p>\n\n<p>Kuo labiau ribojamas per cikl\u0105 sukuriam\u0173 embrion\u0173 skai\u010dius ir tuo pat metu keliami reikalavimai juos visus implantuoti, tuo labiau ma\u017e\u0117ja mir\u010di\u0173 d\u0117l dirbtinio apvaisinimo skai\u010dius. \u012evairiose \u0161alyse galioja skirtingos taisykl\u0117s, ta\u010diau net ir saugiausiu moterims ir vaikams atveju, kai sukuriamas ir implantuojamas tik vienas embrionas, proceso metu su vaiku vis tiek elgiamasi kaip su produktu, o ne kaip su \u017emogi\u0161ka b\u016btybe. <\/p>\n\n<p>\u017dvelgiant tik per biologijos prizm\u0119, kai kas gal\u0117t\u0173 teigti, kad tai yra gyvyb\u0117s i\u0161saugojimas. Ta\u010diau, kad j\u012f i\u0161 ties\u0173 b\u016bt\u0173 galima pavadinti gyvyb\u0119 ginan\u010diu, jis tur\u0117t\u0173 atitikti visus \u017emogaus orumo aspektus. Gal\u0173 gale teis\u0117 \u012f vaik\u0105 neegzistuoja, tod\u0117l vaiko suk\u016brimas laboratorijoje niekada neatitiks \u0161i\u0173 aspekt\u0173.  <\/p>\n\n<p><\/p>\n","protected":false},"excerpt":{"rendered":"<p>Giliai \u012fsi\u0161aknij\u0119s asmeninis tro\u0161kimas tapti t\u0117vais \u2013 tur\u0117ti vaik\u0105 i\u0161 savo k\u016bno ir kraujo \u2013 yra visi\u0161kai suprantamas. Ta\u010diau jei \u012f \u0161\u012f klausim\u0105 pa\u017evelgsime atid\u017eiau, \u017evelgiant i\u0161 gyvyb\u0117s apsaugos perspektyvos<a href=\"https:\/\/prolifeeurope.org\/lt\/ziniu-baze\/dirbtinis-apvaisinimas-is-pro-life-perspektyvos\/\">Continue reading <span class=\"sr-only\">&#8222;Dirbtinis apvaisinimas i\u0161 pro-life perspektyvos&#8221;<\/span><\/a><\/p>\n","protected":false},"author":14,"featured_media":0,"parent":2525,"menu_order":0,"comment_status":"closed","ping_status":"closed","template":"page-topic.php","meta":{"_acf_changed":false,"_monsterinsights_skip_tracking":false,"_monsterinsights_sitenote_active":false,"_monsterinsights_sitenote_note":"","_monsterinsights_sitenote_category":0,"footnotes":""},"topic":[],"class_list":["post-2955","page","type-page","status-publish","hentry"],"acf":[],"yoast_head":"<!-- This site is optimized with the Yoast SEO plugin v27.2 - https:\/\/yoast.com\/product\/yoast-seo-wordpress\/ -->\n<title>Dirbtinis apvaisinimas i\u0161 pro-life perspektyvos - ProLife Europe<\/title>\n<meta name=\"description\" content=\"Giliai \u012fsi\u0161aknijus\u012f asmenin\u012f tro\u0161kim\u0105 tapti t\u0117vais nesunku suprasti. Kokie yra argumentai prie\u0161 dirbtin\u012f apvaisinim\u0105?\" \/>\n<meta name=\"robots\" content=\"index, follow, max-snippet:-1, max-image-preview:large, max-video-preview:-1\" \/>\n<link rel=\"canonical\" href=\"https:\/\/prolifeeurope.org\/lt\/ziniu-baze\/dirbtinis-apvaisinimas-is-pro-life-perspektyvos\/\" \/>\n<meta property=\"og:locale\" content=\"lt_LT\" \/>\n<meta property=\"og:type\" content=\"article\" \/>\n<meta property=\"og:title\" content=\"Dirbtinis apvaisinimas i\u0161 pro-life perspektyvos - ProLife Europe\" \/>\n<meta property=\"og:description\" content=\"Giliai \u012fsi\u0161aknijus\u012f asmenin\u012f tro\u0161kim\u0105 tapti t\u0117vais nesunku suprasti. Kokie yra argumentai prie\u0161 dirbtin\u012f apvaisinim\u0105?\" \/>\n<meta property=\"og:url\" content=\"https:\/\/prolifeeurope.org\/lt\/ziniu-baze\/dirbtinis-apvaisinimas-is-pro-life-perspektyvos\/\" \/>\n<meta property=\"og:site_name\" content=\"ProLife Europe\" \/>\n<meta property=\"article:publisher\" content=\"https:\/\/www.facebook.com\/ProLifeEurope\/\" \/>\n<meta property=\"article:modified_time\" content=\"2025-03-21T08:52:50+00:00\" \/>\n<meta name=\"twitter:card\" content=\"summary_large_image\" \/>\n<meta name=\"twitter:label1\" content=\"Est. reading time\" \/>\n\t<meta name=\"twitter:data1\" content=\"1 minut\u0117\" \/>\n<script type=\"application\/ld+json\" class=\"yoast-schema-graph\">{\"@context\":\"https:\/\/schema.org\",\"@graph\":[{\"@type\":\"WebPage\",\"@id\":\"https:\/\/prolifeeurope.org\/lt\/ziniu-baze\/dirbtinis-apvaisinimas-is-pro-life-perspektyvos\/\",\"url\":\"https:\/\/prolifeeurope.org\/lt\/ziniu-baze\/dirbtinis-apvaisinimas-is-pro-life-perspektyvos\/\",\"name\":\"Dirbtinis apvaisinimas i\u0161 pro-life perspektyvos - ProLife Europe\",\"isPartOf\":{\"@id\":\"https:\/\/prolifeeurope.org\/lt\/#website\"},\"datePublished\":\"2025-01-21T22:15:41+00:00\",\"dateModified\":\"2025-03-21T08:52:50+00:00\",\"description\":\"Giliai \u012fsi\u0161aknijus\u012f asmenin\u012f tro\u0161kim\u0105 tapti t\u0117vais nesunku suprasti. Kokie yra argumentai prie\u0161 dirbtin\u012f apvaisinim\u0105?\",\"breadcrumb\":{\"@id\":\"https:\/\/prolifeeurope.org\/lt\/ziniu-baze\/dirbtinis-apvaisinimas-is-pro-life-perspektyvos\/#breadcrumb\"},\"inLanguage\":\"lt-LT\",\"potentialAction\":[{\"@type\":\"ReadAction\",\"target\":[\"https:\/\/prolifeeurope.org\/lt\/ziniu-baze\/dirbtinis-apvaisinimas-is-pro-life-perspektyvos\/\"]}]},{\"@type\":\"BreadcrumbList\",\"@id\":\"https:\/\/prolifeeurope.org\/lt\/ziniu-baze\/dirbtinis-apvaisinimas-is-pro-life-perspektyvos\/#breadcrumb\",\"itemListElement\":[{\"@type\":\"ListItem\",\"position\":1,\"name\":\"Home\",\"item\":\"https:\/\/prolifeeurope.org\/lt\/\"},{\"@type\":\"ListItem\",\"position\":2,\"name\":\"\u017dini\u0173 baz\u0117\",\"item\":\"https:\/\/prolifeeurope.org\/lt\/ziniu-baze\/\"},{\"@type\":\"ListItem\",\"position\":3,\"name\":\"Dirbtinis apvaisinimas i\u0161 pro-life perspektyvos\"}]},{\"@type\":\"WebSite\",\"@id\":\"https:\/\/prolifeeurope.org\/lt\/#website\",\"url\":\"https:\/\/prolifeeurope.org\/lt\/\",\"name\":\"ProLife Europe\",\"description\":\"\",\"publisher\":{\"@id\":\"https:\/\/prolifeeurope.org\/lt\/#organization\"},\"potentialAction\":[{\"@type\":\"SearchAction\",\"target\":{\"@type\":\"EntryPoint\",\"urlTemplate\":\"https:\/\/prolifeeurope.org\/lt\/?s={search_term_string}\"},\"query-input\":{\"@type\":\"PropertyValueSpecification\",\"valueRequired\":true,\"valueName\":\"search_term_string\"}}],\"inLanguage\":\"lt-LT\"},{\"@type\":\"Organization\",\"@id\":\"https:\/\/prolifeeurope.org\/lt\/#organization\",\"name\":\"ProLife Europe\",\"url\":\"https:\/\/prolifeeurope.org\/lt\/\",\"logo\":{\"@type\":\"ImageObject\",\"inLanguage\":\"lt-LT\",\"@id\":\"https:\/\/prolifeeurope.org\/lt\/#\/schema\/logo\/image\/\",\"url\":\"https:\/\/prolifeeurope.org\/wp-content\/uploads\/2024\/11\/logo-3.svg\",\"contentUrl\":\"https:\/\/prolifeeurope.org\/wp-content\/uploads\/2024\/11\/logo-3.svg\",\"width\":166,\"height\":170,\"caption\":\"ProLife Europe\"},\"image\":{\"@id\":\"https:\/\/prolifeeurope.org\/lt\/#\/schema\/logo\/image\/\"},\"sameAs\":[\"https:\/\/www.facebook.com\/ProLifeEurope\/\",\"https:\/\/www.instagram.com\/prolife_europe\/\",\"https:\/\/www.youtube.com\/channel\/UC7olgmdiSVEHZUiP554XozA\"]}]}<\/script>\n<!-- \/ Yoast SEO plugin. -->","yoast_head_json":{"title":"Dirbtinis apvaisinimas i\u0161 pro-life perspektyvos - ProLife Europe","description":"Giliai \u012fsi\u0161aknijus\u012f asmenin\u012f tro\u0161kim\u0105 tapti t\u0117vais nesunku suprasti. Kokie yra argumentai prie\u0161 dirbtin\u012f apvaisinim\u0105?","robots":{"index":"index","follow":"follow","max-snippet":"max-snippet:-1","max-image-preview":"max-image-preview:large","max-video-preview":"max-video-preview:-1"},"canonical":"https:\/\/prolifeeurope.org\/lt\/ziniu-baze\/dirbtinis-apvaisinimas-is-pro-life-perspektyvos\/","og_locale":"lt_LT","og_type":"article","og_title":"Dirbtinis apvaisinimas i\u0161 pro-life perspektyvos - ProLife Europe","og_description":"Giliai \u012fsi\u0161aknijus\u012f asmenin\u012f tro\u0161kim\u0105 tapti t\u0117vais nesunku suprasti. Kokie yra argumentai prie\u0161 dirbtin\u012f apvaisinim\u0105?","og_url":"https:\/\/prolifeeurope.org\/lt\/ziniu-baze\/dirbtinis-apvaisinimas-is-pro-life-perspektyvos\/","og_site_name":"ProLife Europe","article_publisher":"https:\/\/www.facebook.com\/ProLifeEurope\/","article_modified_time":"2025-03-21T08:52:50+00:00","twitter_card":"summary_large_image","twitter_misc":{"Est. reading time":"1 minut\u0117"},"schema":{"@context":"https:\/\/schema.org","@graph":[{"@type":"WebPage","@id":"https:\/\/prolifeeurope.org\/lt\/ziniu-baze\/dirbtinis-apvaisinimas-is-pro-life-perspektyvos\/","url":"https:\/\/prolifeeurope.org\/lt\/ziniu-baze\/dirbtinis-apvaisinimas-is-pro-life-perspektyvos\/","name":"Dirbtinis apvaisinimas i\u0161 pro-life perspektyvos - ProLife Europe","isPartOf":{"@id":"https:\/\/prolifeeurope.org\/lt\/#website"},"datePublished":"2025-01-21T22:15:41+00:00","dateModified":"2025-03-21T08:52:50+00:00","description":"Giliai \u012fsi\u0161aknijus\u012f asmenin\u012f tro\u0161kim\u0105 tapti t\u0117vais nesunku suprasti. Kokie yra argumentai prie\u0161 dirbtin\u012f apvaisinim\u0105?","breadcrumb":{"@id":"https:\/\/prolifeeurope.org\/lt\/ziniu-baze\/dirbtinis-apvaisinimas-is-pro-life-perspektyvos\/#breadcrumb"},"inLanguage":"lt-LT","potentialAction":[{"@type":"ReadAction","target":["https:\/\/prolifeeurope.org\/lt\/ziniu-baze\/dirbtinis-apvaisinimas-is-pro-life-perspektyvos\/"]}]},{"@type":"BreadcrumbList","@id":"https:\/\/prolifeeurope.org\/lt\/ziniu-baze\/dirbtinis-apvaisinimas-is-pro-life-perspektyvos\/#breadcrumb","itemListElement":[{"@type":"ListItem","position":1,"name":"Home","item":"https:\/\/prolifeeurope.org\/lt\/"},{"@type":"ListItem","position":2,"name":"\u017dini\u0173 baz\u0117","item":"https:\/\/prolifeeurope.org\/lt\/ziniu-baze\/"},{"@type":"ListItem","position":3,"name":"Dirbtinis apvaisinimas i\u0161 pro-life perspektyvos"}]},{"@type":"WebSite","@id":"https:\/\/prolifeeurope.org\/lt\/#website","url":"https:\/\/prolifeeurope.org\/lt\/","name":"ProLife Europe","description":"","publisher":{"@id":"https:\/\/prolifeeurope.org\/lt\/#organization"},"potentialAction":[{"@type":"SearchAction","target":{"@type":"EntryPoint","urlTemplate":"https:\/\/prolifeeurope.org\/lt\/?s={search_term_string}"},"query-input":{"@type":"PropertyValueSpecification","valueRequired":true,"valueName":"search_term_string"}}],"inLanguage":"lt-LT"},{"@type":"Organization","@id":"https:\/\/prolifeeurope.org\/lt\/#organization","name":"ProLife Europe","url":"https:\/\/prolifeeurope.org\/lt\/","logo":{"@type":"ImageObject","inLanguage":"lt-LT","@id":"https:\/\/prolifeeurope.org\/lt\/#\/schema\/logo\/image\/","url":"https:\/\/prolifeeurope.org\/wp-content\/uploads\/2024\/11\/logo-3.svg","contentUrl":"https:\/\/prolifeeurope.org\/wp-content\/uploads\/2024\/11\/logo-3.svg","width":166,"height":170,"caption":"ProLife Europe"},"image":{"@id":"https:\/\/prolifeeurope.org\/lt\/#\/schema\/logo\/image\/"},"sameAs":["https:\/\/www.facebook.com\/ProLifeEurope\/","https:\/\/www.instagram.com\/prolife_europe\/","https:\/\/www.youtube.com\/channel\/UC7olgmdiSVEHZUiP554XozA"]}]}},"_links":{"self":[{"href":"https:\/\/prolifeeurope.org\/lt\/wp-json\/wp\/v2\/pages\/2955","targetHints":{"allow":["GET"]}}],"collection":[{"href":"https:\/\/prolifeeurope.org\/lt\/wp-json\/wp\/v2\/pages"}],"about":[{"href":"https:\/\/prolifeeurope.org\/lt\/wp-json\/wp\/v2\/types\/page"}],"author":[{"embeddable":true,"href":"https:\/\/prolifeeurope.org\/lt\/wp-json\/wp\/v2\/users\/14"}],"replies":[{"embeddable":true,"href":"https:\/\/prolifeeurope.org\/lt\/wp-json\/wp\/v2\/comments?post=2955"}],"version-history":[{"count":2,"href":"https:\/\/prolifeeurope.org\/lt\/wp-json\/wp\/v2\/pages\/2955\/revisions"}],"predecessor-version":[{"id":2996,"href":"https:\/\/prolifeeurope.org\/lt\/wp-json\/wp\/v2\/pages\/2955\/revisions\/2996"}],"up":[{"embeddable":true,"href":"https:\/\/prolifeeurope.org\/lt\/wp-json\/wp\/v2\/pages\/2525"}],"wp:attachment":[{"href":"https:\/\/prolifeeurope.org\/lt\/wp-json\/wp\/v2\/media?parent=2955"}],"wp:term":[{"taxonomy":"topic","embeddable":true,"href":"https:\/\/prolifeeurope.org\/lt\/wp-json\/wp\/v2\/topic?post=2955"}],"curies":[{"name":"wp","href":"https:\/\/api.w.org\/{rel}","templated":true}]}}