{"id":2951,"date":"2025-01-15T19:20:17","date_gmt":"2025-01-15T18:20:17","guid":{"rendered":"https:\/\/ws-staging.prolifeeurope.org\/ziniu-baze\/abortu-istorija\/"},"modified":"2025-03-21T09:52:06","modified_gmt":"2025-03-21T08:52:06","slug":"abortu-istorija","status":"publish","type":"page","link":"https:\/\/prolifeeurope.org\/lt\/ziniu-baze\/abortu-istorija\/","title":{"rendered":"Abort\u0173 istorija"},"content":{"rendered":"\n<p>Nors \u0161iandien d\u0117l nauj\u0173 proced\u016br\u0173 didesnio efektyvumo abort\u0173 skai\u010dius nuolat auga, j\u0173 istorija siekia ma\u017eiausiai keturis t\u016bkstantme\u010dius. Senov\u0117s Kinijos ir Egipto rankra\u0161\u010diuose aptinkami pirmieji reprodukcij\u0105 reglamentuojantys \u012fstatymai, leid\u017eiantys abortus retais atvejais ir naudojant abortifikuojan\u010dias \u017eoleles. Kita vertus, buvo taikomos grie\u017etos bausm\u0117s, kai moteris nutraukdavo n\u0117\u0161tum\u0105 be vyro sutikimo.  <sup>[1]<\/sup><br\/><br\/>Senov\u0117s Romos ir Graikijos poli\u0173 pilie\u010diams prenatalinis \u017emogaus gyvyb\u0117s nutraukimas taip pat nebuvo naujiena. Prie\u0161ingai, buvo sukurta ir pla\u010diai naudojama daugyb\u0117 aborto metod\u0173. Net \u017einom\u0173 filosof\u0173, toki\u0173 kaip Platonas, Hipokratas ir kit\u0173 ra\u0161tuose pateikiama daugyb\u0117 \u012fvairi\u0173 metod\u0173, kaip sukeliamas planuotas persileidimas. Kaip pavyzd\u017eius galima pamin\u0117ti silfijaus (neapibr\u0117\u017eta istorin\u0117 \u017eol\u0117) arba aristolochijos (gimdymo \u017eol\u0117s) valgym\u0105, kiuret\u0117s naudojim\u0105, badavim\u0105, \u017eoleli\u0173 vonias ir pilvo srities spaudim\u0105, kad b\u016bt\u0173 i\u0161stumtas negimusio k\u016bdikio k\u016bnas<sup>[2]<\/sup>. Vis d\u0117lto n\u0117\u0161tumo nutraukimas da\u017eniausiai buvo praktikuojamas prostitucijos pasaulyje ir \u012f j\u012f Romos valstyb\u0117 \u017ei\u016br\u0117jo i\u0161 auk\u0161to kaip \u012f blog\u0105 pavyzd\u012f visai visuomenei ir kaip \u012f t\u0117v\u0173 teisi\u0173 pa\u017eeidim\u0105. Tod\u0117l laikinas i\u0161tr\u0117mimas buvo \u012fprasta bausm\u0117 gydytojams ir aku\u0161eriams, kurie duodavo skys\u010di\u0173 su abortuojan\u010diais augalais, ypa\u010d pirmaisiais n\u0117\u0161tumo m\u0117nesiais, kol dar nebuvo galima pajusti pirm\u0173j\u0173 negimusio k\u016bdikio judesi\u0173.    <sup>[3]<\/sup><br\/><br\/>\u0160i tendencija nenutr\u016bko viduram\u017eiais ir i\u0161liko iki nauj\u0173j\u0173 laik\u0173. D\u0117l didelio chirurgini\u0173 abort\u0173 mir\u010di\u0173 skai\u010diaus ir ai\u0161kaus \u201eu\u017ekulisini\u0173 abort\u0173\u201c pasmerkimo abortai nuo pastojimo iki gimimo buvo grie\u017etai draud\u017eiami XIX a. XIX a. pabaigoje ir XX a. prad\u017eioje suklest\u0117jus ankstyvajam feminizmui, feminis\u010di\u0173 aktyvist\u0117s, kaip pvz. Elizabeth Cady Stanton ir Susan B. Anthony, prie\u0161inosi abortams, nes suprato, kad \u0161i praktika nei\u0161sprend\u017eia pagrindini\u0173 visuomen\u0117s problem\u0173.  <sup>[4]<\/sup><br\/><br\/>M\u016bs\u0173 laik\u0173 abort\u0173 istorija prasideda XX a. tre\u010diajame\u2013ketvirtajame de\u0161imtmetyje, kai \u012fvairios kompanijos prad\u0117jo masi\u0161kai gaminti aborto tabletes ir buvo priimti pirmieji \u012fstatymai, leid\u017eiantys daryti abortus, \u201esiekiant apsaugoti motinos gyvyb\u0119\u201c. Pirmoji abortus legalizavusi \u0161alis Europoje buvo SSRS 1920 m. Jos pavyzd\u017ei\u0173 sek\u0117 daugelis Europos \u0161ali\u0173 XX a. \u0161e\u0161tajame de\u0161imtmetyje<sup>[5]<\/sup>. Nacistin\u0117 Vokietija abortus naudojo eugeniniais sumetimais, pavyzd\u017eiui, ne\u012fgaliems vaikams ir \u201ene arij\u0173\u201c palikuonims<sup>[6]<\/sup>. Dauguma Vakar\u0173 Europos \u0161ali\u0173 \u2013 pradedant Jungtine Karalyste \u2013 legalizavo abortus septintajame, a\u0161tuntajame ir devintajame de\u0161imtmetyje kaip vienas i\u0161 1968 m. protest\u0173 rezultat\u0173. 2024 m. Pranc\u016bzijos valstyb\u0117 nusprend\u0117 \u012ftraukti abort\u0105 \u012f savo nacionalin\u0119 konstitucij\u0105 kaip pilietin\u0119 teis\u0119.  <\/p>\n\n<hr class=\"wp-block-separator has-alpha-channel-opacity\"\/>\n\n<p class=\"has-small-font-size\"><strong>[1]<\/strong> Joffe, Carole (April 3rd, 2009): Abortion and Medicine: A Sociopolitical History. Management of Inintended and Abnormal Pregnancy: Comprehensive Abortion Care (pp. 1-9). <a href=\"https:\/\/onlinelibrary.wiley.com\/doi\/abs\/10.1002\/9781444313031.ch1\" target=\"_blank\" rel=\"noreferrer noopener\">https:\/\/onlinelibrary.wiley.com\/doi\/abs\/10.1002\/9781444313031.ch1<\/a>. <br\/><strong>[2]<\/strong> Klotz, John William (1973): A Christian View of Abortion<br\/><strong>[3]<\/strong> Sallares, J. Robert (2003): &#8222;abortion&#8221;, in Hornblower, Simon; Spawforth, Anthony (eds.), The Oxford Classical Dictionary (3rd ed 19).<br\/><strong>[4]<\/strong> Anthony, Susan B. (1869): The Revolution. <a href=\"https:\/\/web.archive.org\/web\/20190319124548\/http:\/www.prolifequakers.org\/susanb.htm\" target=\"_blank\" rel=\"noreferrer noopener\">https:\/\/web.archive.org\/web\/20190319124548\/http:\/www.prolifequakers.org\/susanb.htm<\/a>.<br\/><strong>[5]<\/strong> Heer, David (1965): Abortion, Contraception, and Population Policy in the Soviet Union (pp.531-539).<br\/><strong>[6]<\/strong> Trials of War Criminals Before The Nurenberg Military Tribunals Unter Control Council Law No. 10 (1947): <a href=\"https:\/\/www.loc.gov\/item\/2011525364_NT_war-criminals_Vol-IV\" target=\"_blank\" rel=\"noreferrer noopener\">https:\/\/www.loc.gov\/item\/2011525364_NT_war-criminals_Vol-IV<\/a> (pp. 609f).<\/p>\n\n<p><\/p>\n","protected":false},"excerpt":{"rendered":"<p>Nors \u0161iandien d\u0117l nauj\u0173 proced\u016br\u0173 didesnio efektyvumo abort\u0173 skai\u010dius nuolat auga, j\u0173 istorija siekia ma\u017eiausiai keturis t\u016bkstantme\u010dius. Senov\u0117s Kinijos ir Egipto rankra\u0161\u010diuose aptinkami pirmieji reprodukcij\u0105 reglamentuojantys \u012fstatymai, leid\u017eiantys abortus retais<a href=\"https:\/\/prolifeeurope.org\/lt\/ziniu-baze\/abortu-istorija\/\">Continue reading <span class=\"sr-only\">&#8222;Abort\u0173 istorija&#8221;<\/span><\/a><\/p>\n","protected":false},"author":14,"featured_media":0,"parent":2525,"menu_order":0,"comment_status":"closed","ping_status":"closed","template":"page-topic.php","meta":{"_acf_changed":false,"_monsterinsights_skip_tracking":false,"_monsterinsights_sitenote_active":false,"_monsterinsights_sitenote_note":"","_monsterinsights_sitenote_category":0,"footnotes":""},"topic":[],"class_list":["post-2951","page","type-page","status-publish","hentry"],"acf":[],"yoast_head":"<!-- This site is optimized with the Yoast SEO plugin v27.2 - https:\/\/yoast.com\/product\/yoast-seo-wordpress\/ -->\n<title>Abort\u0173 istorija - ProLife Europe<\/title>\n<meta name=\"description\" content=\"Abort\u0173 istorija siekia ma\u017eiausiai keturis t\u016bkstantme\u010dius. Koks buvo visuomen\u0117s po\u017ei\u016bris \u012f \u0161\u012f rei\u0161kin\u012f laiko t\u0117km\u0117je?\" \/>\n<meta name=\"robots\" content=\"index, follow, max-snippet:-1, max-image-preview:large, max-video-preview:-1\" \/>\n<link rel=\"canonical\" href=\"https:\/\/prolifeeurope.org\/lt\/ziniu-baze\/abortu-istorija\/\" \/>\n<meta property=\"og:locale\" content=\"lt_LT\" \/>\n<meta property=\"og:type\" content=\"article\" \/>\n<meta property=\"og:title\" content=\"Abort\u0173 istorija - ProLife Europe\" \/>\n<meta property=\"og:description\" content=\"Abort\u0173 istorija siekia ma\u017eiausiai keturis t\u016bkstantme\u010dius. Koks buvo visuomen\u0117s po\u017ei\u016bris \u012f \u0161\u012f rei\u0161kin\u012f laiko t\u0117km\u0117je?\" \/>\n<meta property=\"og:url\" content=\"https:\/\/prolifeeurope.org\/lt\/ziniu-baze\/abortu-istorija\/\" \/>\n<meta property=\"og:site_name\" content=\"ProLife Europe\" \/>\n<meta property=\"article:publisher\" content=\"https:\/\/www.facebook.com\/ProLifeEurope\/\" \/>\n<meta property=\"article:modified_time\" content=\"2025-03-21T08:52:06+00:00\" \/>\n<meta name=\"twitter:card\" content=\"summary_large_image\" \/>\n<meta name=\"twitter:label1\" content=\"Est. reading time\" \/>\n\t<meta name=\"twitter:data1\" content=\"2 minut\u0117s\" \/>\n<script type=\"application\/ld+json\" class=\"yoast-schema-graph\">{\"@context\":\"https:\/\/schema.org\",\"@graph\":[{\"@type\":\"WebPage\",\"@id\":\"https:\/\/prolifeeurope.org\/lt\/ziniu-baze\/abortu-istorija\/\",\"url\":\"https:\/\/prolifeeurope.org\/lt\/ziniu-baze\/abortu-istorija\/\",\"name\":\"Abort\u0173 istorija - ProLife Europe\",\"isPartOf\":{\"@id\":\"https:\/\/prolifeeurope.org\/lt\/#website\"},\"datePublished\":\"2025-01-15T18:20:17+00:00\",\"dateModified\":\"2025-03-21T08:52:06+00:00\",\"description\":\"Abort\u0173 istorija siekia ma\u017eiausiai keturis t\u016bkstantme\u010dius. Koks buvo visuomen\u0117s po\u017ei\u016bris \u012f \u0161\u012f rei\u0161kin\u012f laiko t\u0117km\u0117je?\",\"breadcrumb\":{\"@id\":\"https:\/\/prolifeeurope.org\/lt\/ziniu-baze\/abortu-istorija\/#breadcrumb\"},\"inLanguage\":\"lt-LT\",\"potentialAction\":[{\"@type\":\"ReadAction\",\"target\":[\"https:\/\/prolifeeurope.org\/lt\/ziniu-baze\/abortu-istorija\/\"]}]},{\"@type\":\"BreadcrumbList\",\"@id\":\"https:\/\/prolifeeurope.org\/lt\/ziniu-baze\/abortu-istorija\/#breadcrumb\",\"itemListElement\":[{\"@type\":\"ListItem\",\"position\":1,\"name\":\"Home\",\"item\":\"https:\/\/prolifeeurope.org\/lt\/\"},{\"@type\":\"ListItem\",\"position\":2,\"name\":\"\u017dini\u0173 baz\u0117\",\"item\":\"https:\/\/prolifeeurope.org\/lt\/ziniu-baze\/\"},{\"@type\":\"ListItem\",\"position\":3,\"name\":\"Abort\u0173 istorija\"}]},{\"@type\":\"WebSite\",\"@id\":\"https:\/\/prolifeeurope.org\/lt\/#website\",\"url\":\"https:\/\/prolifeeurope.org\/lt\/\",\"name\":\"ProLife Europe\",\"description\":\"\",\"publisher\":{\"@id\":\"https:\/\/prolifeeurope.org\/lt\/#organization\"},\"potentialAction\":[{\"@type\":\"SearchAction\",\"target\":{\"@type\":\"EntryPoint\",\"urlTemplate\":\"https:\/\/prolifeeurope.org\/lt\/?s={search_term_string}\"},\"query-input\":{\"@type\":\"PropertyValueSpecification\",\"valueRequired\":true,\"valueName\":\"search_term_string\"}}],\"inLanguage\":\"lt-LT\"},{\"@type\":\"Organization\",\"@id\":\"https:\/\/prolifeeurope.org\/lt\/#organization\",\"name\":\"ProLife Europe\",\"url\":\"https:\/\/prolifeeurope.org\/lt\/\",\"logo\":{\"@type\":\"ImageObject\",\"inLanguage\":\"lt-LT\",\"@id\":\"https:\/\/prolifeeurope.org\/lt\/#\/schema\/logo\/image\/\",\"url\":\"https:\/\/prolifeeurope.org\/wp-content\/uploads\/2024\/11\/logo-3.svg\",\"contentUrl\":\"https:\/\/prolifeeurope.org\/wp-content\/uploads\/2024\/11\/logo-3.svg\",\"width\":166,\"height\":170,\"caption\":\"ProLife Europe\"},\"image\":{\"@id\":\"https:\/\/prolifeeurope.org\/lt\/#\/schema\/logo\/image\/\"},\"sameAs\":[\"https:\/\/www.facebook.com\/ProLifeEurope\/\",\"https:\/\/www.instagram.com\/prolife_europe\/\",\"https:\/\/www.youtube.com\/channel\/UC7olgmdiSVEHZUiP554XozA\"]}]}<\/script>\n<!-- \/ Yoast SEO plugin. -->","yoast_head_json":{"title":"Abort\u0173 istorija - ProLife Europe","description":"Abort\u0173 istorija siekia ma\u017eiausiai keturis t\u016bkstantme\u010dius. Koks buvo visuomen\u0117s po\u017ei\u016bris \u012f \u0161\u012f rei\u0161kin\u012f laiko t\u0117km\u0117je?","robots":{"index":"index","follow":"follow","max-snippet":"max-snippet:-1","max-image-preview":"max-image-preview:large","max-video-preview":"max-video-preview:-1"},"canonical":"https:\/\/prolifeeurope.org\/lt\/ziniu-baze\/abortu-istorija\/","og_locale":"lt_LT","og_type":"article","og_title":"Abort\u0173 istorija - ProLife Europe","og_description":"Abort\u0173 istorija siekia ma\u017eiausiai keturis t\u016bkstantme\u010dius. Koks buvo visuomen\u0117s po\u017ei\u016bris \u012f \u0161\u012f rei\u0161kin\u012f laiko t\u0117km\u0117je?","og_url":"https:\/\/prolifeeurope.org\/lt\/ziniu-baze\/abortu-istorija\/","og_site_name":"ProLife Europe","article_publisher":"https:\/\/www.facebook.com\/ProLifeEurope\/","article_modified_time":"2025-03-21T08:52:06+00:00","twitter_card":"summary_large_image","twitter_misc":{"Est. reading time":"2 minut\u0117s"},"schema":{"@context":"https:\/\/schema.org","@graph":[{"@type":"WebPage","@id":"https:\/\/prolifeeurope.org\/lt\/ziniu-baze\/abortu-istorija\/","url":"https:\/\/prolifeeurope.org\/lt\/ziniu-baze\/abortu-istorija\/","name":"Abort\u0173 istorija - ProLife Europe","isPartOf":{"@id":"https:\/\/prolifeeurope.org\/lt\/#website"},"datePublished":"2025-01-15T18:20:17+00:00","dateModified":"2025-03-21T08:52:06+00:00","description":"Abort\u0173 istorija siekia ma\u017eiausiai keturis t\u016bkstantme\u010dius. Koks buvo visuomen\u0117s po\u017ei\u016bris \u012f \u0161\u012f rei\u0161kin\u012f laiko t\u0117km\u0117je?","breadcrumb":{"@id":"https:\/\/prolifeeurope.org\/lt\/ziniu-baze\/abortu-istorija\/#breadcrumb"},"inLanguage":"lt-LT","potentialAction":[{"@type":"ReadAction","target":["https:\/\/prolifeeurope.org\/lt\/ziniu-baze\/abortu-istorija\/"]}]},{"@type":"BreadcrumbList","@id":"https:\/\/prolifeeurope.org\/lt\/ziniu-baze\/abortu-istorija\/#breadcrumb","itemListElement":[{"@type":"ListItem","position":1,"name":"Home","item":"https:\/\/prolifeeurope.org\/lt\/"},{"@type":"ListItem","position":2,"name":"\u017dini\u0173 baz\u0117","item":"https:\/\/prolifeeurope.org\/lt\/ziniu-baze\/"},{"@type":"ListItem","position":3,"name":"Abort\u0173 istorija"}]},{"@type":"WebSite","@id":"https:\/\/prolifeeurope.org\/lt\/#website","url":"https:\/\/prolifeeurope.org\/lt\/","name":"ProLife Europe","description":"","publisher":{"@id":"https:\/\/prolifeeurope.org\/lt\/#organization"},"potentialAction":[{"@type":"SearchAction","target":{"@type":"EntryPoint","urlTemplate":"https:\/\/prolifeeurope.org\/lt\/?s={search_term_string}"},"query-input":{"@type":"PropertyValueSpecification","valueRequired":true,"valueName":"search_term_string"}}],"inLanguage":"lt-LT"},{"@type":"Organization","@id":"https:\/\/prolifeeurope.org\/lt\/#organization","name":"ProLife Europe","url":"https:\/\/prolifeeurope.org\/lt\/","logo":{"@type":"ImageObject","inLanguage":"lt-LT","@id":"https:\/\/prolifeeurope.org\/lt\/#\/schema\/logo\/image\/","url":"https:\/\/prolifeeurope.org\/wp-content\/uploads\/2024\/11\/logo-3.svg","contentUrl":"https:\/\/prolifeeurope.org\/wp-content\/uploads\/2024\/11\/logo-3.svg","width":166,"height":170,"caption":"ProLife Europe"},"image":{"@id":"https:\/\/prolifeeurope.org\/lt\/#\/schema\/logo\/image\/"},"sameAs":["https:\/\/www.facebook.com\/ProLifeEurope\/","https:\/\/www.instagram.com\/prolife_europe\/","https:\/\/www.youtube.com\/channel\/UC7olgmdiSVEHZUiP554XozA"]}]}},"_links":{"self":[{"href":"https:\/\/prolifeeurope.org\/lt\/wp-json\/wp\/v2\/pages\/2951","targetHints":{"allow":["GET"]}}],"collection":[{"href":"https:\/\/prolifeeurope.org\/lt\/wp-json\/wp\/v2\/pages"}],"about":[{"href":"https:\/\/prolifeeurope.org\/lt\/wp-json\/wp\/v2\/types\/page"}],"author":[{"embeddable":true,"href":"https:\/\/prolifeeurope.org\/lt\/wp-json\/wp\/v2\/users\/14"}],"replies":[{"embeddable":true,"href":"https:\/\/prolifeeurope.org\/lt\/wp-json\/wp\/v2\/comments?post=2951"}],"version-history":[{"count":1,"href":"https:\/\/prolifeeurope.org\/lt\/wp-json\/wp\/v2\/pages\/2951\/revisions"}],"predecessor-version":[{"id":2952,"href":"https:\/\/prolifeeurope.org\/lt\/wp-json\/wp\/v2\/pages\/2951\/revisions\/2952"}],"up":[{"embeddable":true,"href":"https:\/\/prolifeeurope.org\/lt\/wp-json\/wp\/v2\/pages\/2525"}],"wp:attachment":[{"href":"https:\/\/prolifeeurope.org\/lt\/wp-json\/wp\/v2\/media?parent=2951"}],"wp:term":[{"taxonomy":"topic","embeddable":true,"href":"https:\/\/prolifeeurope.org\/lt\/wp-json\/wp\/v2\/topic?post=2951"}],"curies":[{"name":"wp","href":"https:\/\/api.w.org\/{rel}","templated":true}]}}