{"id":2948,"date":"2025-01-21T23:18:51","date_gmt":"2025-01-21T22:18:51","guid":{"rendered":"https:\/\/ws-staging.prolifeeurope.org\/ziniu-baze\/feministes-pries-dirbtini-apvaisinima-ir-surogatine-motinyste\/"},"modified":"2025-03-21T10:04:15","modified_gmt":"2025-03-21T09:04:15","slug":"feministes-pries-dirbtini-apvaisinima-ir-surogatine-motinyste","status":"publish","type":"page","link":"https:\/\/prolifeeurope.org\/lt\/ziniu-baze\/feministes-pries-dirbtini-apvaisinima-ir-surogatine-motinyste\/","title":{"rendered":"Feminist\u0117s prie\u0161 dirbtin\u012f apvaisinim\u0105 ir surogatin\u0119 motinyst\u0119"},"content":{"rendered":"\n<p>Nuo pat pirmojo dirbtinio apvaisinimo metod\u0173 atsiradimo pasigirdo daug kritini\u0173 nuomoni\u0173, susijusi\u0173 ne tik su tokiu b\u016bdu \u201epagamint\u0173\u201c vaik\u0173 orumu, bet ir su rizika bei gr\u0117sm\u0117mis moterims. Daugelis feminis\u010di\u0173 reagavo neigiamai, baimindamosi, kad netrukus embrion\u0173 perk\u0117lim\u0105 ir surogatin\u0119 motinyst\u0119 \u012fgalinusi technika dar labiau prisid\u0117s prie moter\u0173 i\u0161naudojimo. <sup>[1]<\/sup><\/p>\n\n<p>Surogatinei motinystei ypa\u010d aktyviai prie\u0161inasi daug feminis\u010di\u0173, \u012fskaitant Alice Schwarzer, vokie\u010di\u0173 \u017eurnalist\u0119 ir publicist\u0119, aktyviai dalyvaujan\u010di\u0105 feministiniame jud\u0117jime nuo septintojo de\u0161imtme\u010dio. Nuo 2018 m. ji remia tarptautin\u0119<sup>[2]<\/sup> iniciatyv\u0105 \u201eStoppt Leihmutterschaft\u201c [Stop surrogacy] <sup>[3]<\/sup>. \u0160i iniciatyva yra tarptautin\u0117s feminis\u010di\u0173 organizacijos CIAMS (Coalition Internationale pour l&#8217;Abolition de la Maternit\u00e9 de Substitution), kuriai priklauso daugiau kaip 300 nevyriausybini\u0173 ir \u017emogaus teisi\u0173 organizacij\u0173 visame pasaulyje, dalis.<sup>[4]<\/sup> 2023 m. daugiau kaip 100 mokslinink\u0173 ir ekspert\u0173 i\u0161 daugiau kaip 75 \u0161ali\u0173 paskelb\u0117 \u201eKasablankos deklaracij\u0105\u201c<sup>[5]<\/sup>, kurioje visos pasaulio \u0161alys raginamos u\u017edrausti surogatin\u0119 motinyst\u0119. <\/p>\n\n<hr class=\"wp-block-separator has-alpha-channel-opacity\"\/>\n\n<p class=\"has-small-font-size\"><strong>[1]<\/strong> Williams, Linda (1986): But what will they mean for women? Feminist Concerns about the New Reproductive Technologies. Online: <a href=\"https:\/\/www.criaw-icref.ca\/images\/userfiles\/files\/FP6-%20But%20What%20Will%20They%20Mean%20for%20Women-%20Feminist%20Concerns%20for%20the%20new%20reproductive%20technologies.pdf\" target=\"_blank\" rel=\"noreferrer noopener\">https:\/\/www.criaw-icref.ca\/images\/userfiles\/files\/FP6-%20But%20What%20Will%20They%20Mean%20for%20Women-%20Feminist%20Concerns%20for%20the%20new%20reproductive%20technologies.pdf<\/a>.  <br\/><strong>[2]<\/strong> CIAMS: <a href=\"https:\/\/abolition-ms.org\/en\/home\/\" target=\"_blank\" rel=\"noreferrer noopener\">https:\/\/abolition-ms.org\/en\/home\/<\/a>.<br\/><strong>[3]<\/strong> Stoppt Leihmutterschaft: <a href=\"https:\/\/www.stoppt-leihmutterschaft.at\/\" target=\"_blank\" rel=\"noreferrer noopener\">https:\/\/www.stoppt-leihmutterschaft.at\/<\/a>.<br\/><strong>[4]<\/strong> <a href=\"https:\/\/www.imabe.org\/bioethikaktuell\/einzelansicht\/baby-business-der-krieg-in-der-ukraine-draengt-die-leihmutterschaft-auf-neue-maerkte\" target=\"_blank\" rel=\"noreferrer noopener\">https:\/\/www.imabe.org\/bioethikaktuell\/einzelansicht\/baby-business-der-krieg-in-der-ukraine-draengt-die-leihmutterschaft-auf-neue-maerkte<\/a><br\/><strong>[5]<\/strong> Casablanca Declaration: <a href=\"https:\/\/declaration-surrogacy-casablanca.org\/\" target=\"_blank\" rel=\"noreferrer noopener\">https:\/\/declaration-surrogacy-casablanca.org\/<\/a>.<br\/><\/p>\n\n<p><\/p>\n","protected":false},"excerpt":{"rendered":"<p>Nuo pat pirmojo dirbtinio apvaisinimo metod\u0173 atsiradimo pasigirdo daug kritini\u0173 nuomoni\u0173, susijusi\u0173 ne tik su tokiu b\u016bdu \u201epagamint\u0173\u201c vaik\u0173 orumu, bet ir su rizika bei gr\u0117sm\u0117mis moterims. Daugelis feminis\u010di\u0173 reagavo<a href=\"https:\/\/prolifeeurope.org\/lt\/ziniu-baze\/feministes-pries-dirbtini-apvaisinima-ir-surogatine-motinyste\/\">Continue reading <span class=\"sr-only\">&#8222;Feminist\u0117s prie\u0161 dirbtin\u012f apvaisinim\u0105 ir surogatin\u0119 motinyst\u0119&#8221;<\/span><\/a><\/p>\n","protected":false},"author":14,"featured_media":0,"parent":2525,"menu_order":0,"comment_status":"closed","ping_status":"closed","template":"page-topic.php","meta":{"_acf_changed":false,"_monsterinsights_skip_tracking":false,"_monsterinsights_sitenote_active":false,"_monsterinsights_sitenote_note":"","_monsterinsights_sitenote_category":0,"footnotes":""},"topic":[],"class_list":["post-2948","page","type-page","status-publish","hentry"],"acf":[],"yoast_head":"<!-- This site is optimized with the Yoast SEO plugin v27.2 - https:\/\/yoast.com\/product\/yoast-seo-wordpress\/ -->\n<title>Feminist\u0117s prie\u0161 dirbtin\u012f apvaisinim\u0105 ir surogatin\u0119 motinyst\u0119 - ProLife Europe<\/title>\n<meta name=\"description\" content=\"Since the first appearance of IVF techniques, there have been many critical voices regarding the dignity of children and the exploitation of women.\" \/>\n<meta name=\"robots\" content=\"index, follow, max-snippet:-1, max-image-preview:large, max-video-preview:-1\" \/>\n<link rel=\"canonical\" href=\"https:\/\/prolifeeurope.org\/lt\/ziniu-baze\/feministes-pries-dirbtini-apvaisinima-ir-surogatine-motinyste\/\" \/>\n<meta property=\"og:locale\" content=\"lt_LT\" \/>\n<meta property=\"og:type\" content=\"article\" \/>\n<meta property=\"og:title\" content=\"Feminist\u0117s prie\u0161 dirbtin\u012f apvaisinim\u0105 ir surogatin\u0119 motinyst\u0119 - ProLife Europe\" \/>\n<meta property=\"og:description\" content=\"Since the first appearance of IVF techniques, there have been many critical voices regarding the dignity of children and the exploitation of women.\" \/>\n<meta property=\"og:url\" content=\"https:\/\/prolifeeurope.org\/lt\/ziniu-baze\/feministes-pries-dirbtini-apvaisinima-ir-surogatine-motinyste\/\" \/>\n<meta property=\"og:site_name\" content=\"ProLife Europe\" \/>\n<meta property=\"article:publisher\" content=\"https:\/\/www.facebook.com\/ProLifeEurope\/\" \/>\n<meta property=\"article:modified_time\" content=\"2025-03-21T09:04:15+00:00\" \/>\n<meta name=\"twitter:card\" content=\"summary_large_image\" \/>\n<meta name=\"twitter:label1\" content=\"Est. reading time\" \/>\n\t<meta name=\"twitter:data1\" content=\"1 minut\u0117\" \/>\n<script type=\"application\/ld+json\" class=\"yoast-schema-graph\">{\"@context\":\"https:\/\/schema.org\",\"@graph\":[{\"@type\":\"WebPage\",\"@id\":\"https:\/\/prolifeeurope.org\/lt\/ziniu-baze\/feministes-pries-dirbtini-apvaisinima-ir-surogatine-motinyste\/\",\"url\":\"https:\/\/prolifeeurope.org\/lt\/ziniu-baze\/feministes-pries-dirbtini-apvaisinima-ir-surogatine-motinyste\/\",\"name\":\"Feminist\u0117s prie\u0161 dirbtin\u012f apvaisinim\u0105 ir surogatin\u0119 motinyst\u0119 - ProLife Europe\",\"isPartOf\":{\"@id\":\"https:\/\/prolifeeurope.org\/lt\/#website\"},\"datePublished\":\"2025-01-21T22:18:51+00:00\",\"dateModified\":\"2025-03-21T09:04:15+00:00\",\"description\":\"Since the first appearance of IVF techniques, there have been many critical voices regarding the dignity of children and the exploitation of women.\",\"breadcrumb\":{\"@id\":\"https:\/\/prolifeeurope.org\/lt\/ziniu-baze\/feministes-pries-dirbtini-apvaisinima-ir-surogatine-motinyste\/#breadcrumb\"},\"inLanguage\":\"lt-LT\",\"potentialAction\":[{\"@type\":\"ReadAction\",\"target\":[\"https:\/\/prolifeeurope.org\/lt\/ziniu-baze\/feministes-pries-dirbtini-apvaisinima-ir-surogatine-motinyste\/\"]}]},{\"@type\":\"BreadcrumbList\",\"@id\":\"https:\/\/prolifeeurope.org\/lt\/ziniu-baze\/feministes-pries-dirbtini-apvaisinima-ir-surogatine-motinyste\/#breadcrumb\",\"itemListElement\":[{\"@type\":\"ListItem\",\"position\":1,\"name\":\"Home\",\"item\":\"https:\/\/prolifeeurope.org\/lt\/\"},{\"@type\":\"ListItem\",\"position\":2,\"name\":\"\u017dini\u0173 baz\u0117\",\"item\":\"https:\/\/prolifeeurope.org\/lt\/ziniu-baze\/\"},{\"@type\":\"ListItem\",\"position\":3,\"name\":\"Feminist\u0117s prie\u0161 dirbtin\u012f apvaisinim\u0105 ir surogatin\u0119 motinyst\u0119\"}]},{\"@type\":\"WebSite\",\"@id\":\"https:\/\/prolifeeurope.org\/lt\/#website\",\"url\":\"https:\/\/prolifeeurope.org\/lt\/\",\"name\":\"ProLife Europe\",\"description\":\"\",\"publisher\":{\"@id\":\"https:\/\/prolifeeurope.org\/lt\/#organization\"},\"potentialAction\":[{\"@type\":\"SearchAction\",\"target\":{\"@type\":\"EntryPoint\",\"urlTemplate\":\"https:\/\/prolifeeurope.org\/lt\/?s={search_term_string}\"},\"query-input\":{\"@type\":\"PropertyValueSpecification\",\"valueRequired\":true,\"valueName\":\"search_term_string\"}}],\"inLanguage\":\"lt-LT\"},{\"@type\":\"Organization\",\"@id\":\"https:\/\/prolifeeurope.org\/lt\/#organization\",\"name\":\"ProLife Europe\",\"url\":\"https:\/\/prolifeeurope.org\/lt\/\",\"logo\":{\"@type\":\"ImageObject\",\"inLanguage\":\"lt-LT\",\"@id\":\"https:\/\/prolifeeurope.org\/lt\/#\/schema\/logo\/image\/\",\"url\":\"https:\/\/prolifeeurope.org\/wp-content\/uploads\/2024\/11\/logo-3.svg\",\"contentUrl\":\"https:\/\/prolifeeurope.org\/wp-content\/uploads\/2024\/11\/logo-3.svg\",\"width\":166,\"height\":170,\"caption\":\"ProLife Europe\"},\"image\":{\"@id\":\"https:\/\/prolifeeurope.org\/lt\/#\/schema\/logo\/image\/\"},\"sameAs\":[\"https:\/\/www.facebook.com\/ProLifeEurope\/\",\"https:\/\/www.instagram.com\/prolife_europe\/\",\"https:\/\/www.youtube.com\/channel\/UC7olgmdiSVEHZUiP554XozA\"]}]}<\/script>\n<!-- \/ Yoast SEO plugin. -->","yoast_head_json":{"title":"Feminist\u0117s prie\u0161 dirbtin\u012f apvaisinim\u0105 ir surogatin\u0119 motinyst\u0119 - ProLife Europe","description":"Since the first appearance of IVF techniques, there have been many critical voices regarding the dignity of children and the exploitation of women.","robots":{"index":"index","follow":"follow","max-snippet":"max-snippet:-1","max-image-preview":"max-image-preview:large","max-video-preview":"max-video-preview:-1"},"canonical":"https:\/\/prolifeeurope.org\/lt\/ziniu-baze\/feministes-pries-dirbtini-apvaisinima-ir-surogatine-motinyste\/","og_locale":"lt_LT","og_type":"article","og_title":"Feminist\u0117s prie\u0161 dirbtin\u012f apvaisinim\u0105 ir surogatin\u0119 motinyst\u0119 - ProLife Europe","og_description":"Since the first appearance of IVF techniques, there have been many critical voices regarding the dignity of children and the exploitation of women.","og_url":"https:\/\/prolifeeurope.org\/lt\/ziniu-baze\/feministes-pries-dirbtini-apvaisinima-ir-surogatine-motinyste\/","og_site_name":"ProLife Europe","article_publisher":"https:\/\/www.facebook.com\/ProLifeEurope\/","article_modified_time":"2025-03-21T09:04:15+00:00","twitter_card":"summary_large_image","twitter_misc":{"Est. reading time":"1 minut\u0117"},"schema":{"@context":"https:\/\/schema.org","@graph":[{"@type":"WebPage","@id":"https:\/\/prolifeeurope.org\/lt\/ziniu-baze\/feministes-pries-dirbtini-apvaisinima-ir-surogatine-motinyste\/","url":"https:\/\/prolifeeurope.org\/lt\/ziniu-baze\/feministes-pries-dirbtini-apvaisinima-ir-surogatine-motinyste\/","name":"Feminist\u0117s prie\u0161 dirbtin\u012f apvaisinim\u0105 ir surogatin\u0119 motinyst\u0119 - ProLife Europe","isPartOf":{"@id":"https:\/\/prolifeeurope.org\/lt\/#website"},"datePublished":"2025-01-21T22:18:51+00:00","dateModified":"2025-03-21T09:04:15+00:00","description":"Since the first appearance of IVF techniques, there have been many critical voices regarding the dignity of children and the exploitation of women.","breadcrumb":{"@id":"https:\/\/prolifeeurope.org\/lt\/ziniu-baze\/feministes-pries-dirbtini-apvaisinima-ir-surogatine-motinyste\/#breadcrumb"},"inLanguage":"lt-LT","potentialAction":[{"@type":"ReadAction","target":["https:\/\/prolifeeurope.org\/lt\/ziniu-baze\/feministes-pries-dirbtini-apvaisinima-ir-surogatine-motinyste\/"]}]},{"@type":"BreadcrumbList","@id":"https:\/\/prolifeeurope.org\/lt\/ziniu-baze\/feministes-pries-dirbtini-apvaisinima-ir-surogatine-motinyste\/#breadcrumb","itemListElement":[{"@type":"ListItem","position":1,"name":"Home","item":"https:\/\/prolifeeurope.org\/lt\/"},{"@type":"ListItem","position":2,"name":"\u017dini\u0173 baz\u0117","item":"https:\/\/prolifeeurope.org\/lt\/ziniu-baze\/"},{"@type":"ListItem","position":3,"name":"Feminist\u0117s prie\u0161 dirbtin\u012f apvaisinim\u0105 ir surogatin\u0119 motinyst\u0119"}]},{"@type":"WebSite","@id":"https:\/\/prolifeeurope.org\/lt\/#website","url":"https:\/\/prolifeeurope.org\/lt\/","name":"ProLife Europe","description":"","publisher":{"@id":"https:\/\/prolifeeurope.org\/lt\/#organization"},"potentialAction":[{"@type":"SearchAction","target":{"@type":"EntryPoint","urlTemplate":"https:\/\/prolifeeurope.org\/lt\/?s={search_term_string}"},"query-input":{"@type":"PropertyValueSpecification","valueRequired":true,"valueName":"search_term_string"}}],"inLanguage":"lt-LT"},{"@type":"Organization","@id":"https:\/\/prolifeeurope.org\/lt\/#organization","name":"ProLife Europe","url":"https:\/\/prolifeeurope.org\/lt\/","logo":{"@type":"ImageObject","inLanguage":"lt-LT","@id":"https:\/\/prolifeeurope.org\/lt\/#\/schema\/logo\/image\/","url":"https:\/\/prolifeeurope.org\/wp-content\/uploads\/2024\/11\/logo-3.svg","contentUrl":"https:\/\/prolifeeurope.org\/wp-content\/uploads\/2024\/11\/logo-3.svg","width":166,"height":170,"caption":"ProLife Europe"},"image":{"@id":"https:\/\/prolifeeurope.org\/lt\/#\/schema\/logo\/image\/"},"sameAs":["https:\/\/www.facebook.com\/ProLifeEurope\/","https:\/\/www.instagram.com\/prolife_europe\/","https:\/\/www.youtube.com\/channel\/UC7olgmdiSVEHZUiP554XozA"]}]}},"_links":{"self":[{"href":"https:\/\/prolifeeurope.org\/lt\/wp-json\/wp\/v2\/pages\/2948","targetHints":{"allow":["GET"]}}],"collection":[{"href":"https:\/\/prolifeeurope.org\/lt\/wp-json\/wp\/v2\/pages"}],"about":[{"href":"https:\/\/prolifeeurope.org\/lt\/wp-json\/wp\/v2\/types\/page"}],"author":[{"embeddable":true,"href":"https:\/\/prolifeeurope.org\/lt\/wp-json\/wp\/v2\/users\/14"}],"replies":[{"embeddable":true,"href":"https:\/\/prolifeeurope.org\/lt\/wp-json\/wp\/v2\/comments?post=2948"}],"version-history":[{"count":2,"href":"https:\/\/prolifeeurope.org\/lt\/wp-json\/wp\/v2\/pages\/2948\/revisions"}],"predecessor-version":[{"id":3008,"href":"https:\/\/prolifeeurope.org\/lt\/wp-json\/wp\/v2\/pages\/2948\/revisions\/3008"}],"up":[{"embeddable":true,"href":"https:\/\/prolifeeurope.org\/lt\/wp-json\/wp\/v2\/pages\/2525"}],"wp:attachment":[{"href":"https:\/\/prolifeeurope.org\/lt\/wp-json\/wp\/v2\/media?parent=2948"}],"wp:term":[{"taxonomy":"topic","embeddable":true,"href":"https:\/\/prolifeeurope.org\/lt\/wp-json\/wp\/v2\/topic?post=2948"}],"curies":[{"name":"wp","href":"https:\/\/api.w.org\/{rel}","templated":true}]}}