{"id":2946,"date":"2025-01-15T23:14:18","date_gmt":"2025-01-15T22:14:18","guid":{"rendered":"https:\/\/ws-staging.prolifeeurope.org\/ziniu-baze\/eutanazija-ir-pagalbine-savizudybe-koks-skirtumas\/"},"modified":"2025-03-21T09:53:16","modified_gmt":"2025-03-21T08:53:16","slug":"eutanazija-ir-pagalbine-savizudybe-koks-skirtumas","status":"publish","type":"page","link":"https:\/\/prolifeeurope.org\/lt\/ziniu-baze\/eutanazija-ir-pagalbine-savizudybe-koks-skirtumas\/","title":{"rendered":"Eutanazija ir pagalbin\u0117 savi\u017eudyb\u0117 \u2013 koks skirtumas"},"content":{"rendered":"\n<p>Eutanazija ir pagalbin\u0117 savi\u017eudyb\u0117 yra skirtingos praktikos, nors abi jos susijusios su s\u0105moningu \u017emogaus gyvyb\u0117s nutraukimu siekiant palengvinti kan\u010dias. \u010cia pateikiame j\u0173 skirtumus: <\/p>\n\n<h2 class=\"wp-block-heading\">Eutanazija<\/h2>\n\n<p>Eutanazijos atveju tre\u010dioji \u0161alis, paprastai sveikatos prie\u017ei\u016bros specialistas, tiesiogiai suleid\u017eia med\u017eiag\u0105 arba imasi veiksm\u0173, kad b\u016bt\u0173 nutraukta asmens, kuris to papra\u0161\u0117, gyvyb\u0117. Atsi\u017evelgiant \u012f tai, kaip palengvinama mirtis, ir \u012f veiksm\u0173, kuri\u0173 imamasi, pob\u016bd\u012f, skiriamos aktyvioji ir pasyvioji eutanazija.  <\/p>\n\n<h3 class=\"wp-block-heading\">Aktyvioji eutanazija<\/h3>\n\n<ol class=\"wp-block-list\">\n<li>Apibr\u0117\u017eimas: Aktyvi eutanazija \u2013 tai s\u0105moningas ir tiesioginis \u017emogaus gyvyb\u0117s nutraukimas, siekiant palengvinti jo kan\u010dias.<\/li>\n\n\n\n<li>Veiksmas: Tre\u010dioji \u0161alis, da\u017enai sveikatos prie\u017ei\u016bros paslaug\u0173 teik\u0117jas, atlieka veiksm\u0105, kuris s\u0105moningai sukelia mirt\u012f (pvz., suleid\u017eia mirtin\u0105 injekcij\u0105).<\/li>\n\n\n\n<li>Tikslas: Tiesiogiai sukelti mirt\u012f, kad b\u016bt\u0173 nutraukta kan\u010dia.<\/li>\n\n\n\n<li>Pavyzdys: Gydytojas mirtinai sergan\u010diam pacientui jo ai\u0161kiu pra\u0161ymu suleid\u017eia mirtin\u0105 vaist\u0173 doz\u0119.<\/li>\n\n\n\n<li>Teisin\u0117 pad\u0117tis:\n<ul class=\"wp-block-list\">\n<li>Legalu kai kuriose \u0161alyse, pavyzd\u017eiui, Belgijoje, Nyderlanduose ir Liuksemburge.<\/li>\n\n\n\n<li>Nelegalu daugelyje \u0161ali\u0173, kur klasifikuojama kaip \u017emog\u017eudyst\u0117 arba nety\u010dinis nu\u017eudymas.<\/li>\n<\/ul>\n<\/li>\n<\/ol>\n\n<h3 class=\"wp-block-heading\">Pasyvioji eutanazija<\/h3>\n\n<ol class=\"wp-block-list\">\n<li>Apibr\u0117\u017eimas: Pasyvioji eutanazija \u2013 tai gyvyb\u0119 palaikan\u010di\u0173 medicinini\u0173 paslaug\u0173 nesuteikimas arba nutraukimas, d\u0117l kurio \u017emogus mir\u0161ta.<\/li>\n\n\n\n<li>Veiksmas: nesiimama joki\u0173 tiesiogini\u0173 veiksm\u0173 mir\u010diai sukelti; vietoj to gyvyb\u0119 palaikan\u010dios priemon\u0117s (pvz., dirbtin\u0117 plau\u010di\u0173 ventiliacija, maitinimo vamzdeliai) sustabdomos arba nepradedamos taikyti.<\/li>\n\n\n\n<li>Tikslas: Sudaryti s\u0105lygas nat\u016braliai progresuoti nepagydomai ligai be trukd\u017ei\u0173.<\/li>\n\n\n\n<li>Pavyzdys: Negr\u012f\u017etamos komos i\u0161tikto paciento gyvyb\u0119 palaikantis prietaisas i\u0161jungiamas pagal jo ankstesn\u0119 vali\u0105 arba teisin\u0119 direktyv\u0105.<\/li>\n\n\n\n<li>Teisin\u0117 pad\u0117tis:\n<ul class=\"wp-block-list\">\n<li>Daugelyje \u0161ali\u0173 tai legalu, jei yra ai\u0161kus paciento sutikimas (pvz., i\u0161ankstin\u0117 direktyva arba ekspliciti\u0161kas pra\u0161ymas).<\/li>\n\n\n\n<li>Da\u017enai laikoma ma\u017eiau kontroversi\u0161ka nei aktyvi eutanazija.<\/li>\n<\/ul>\n<\/li>\n<\/ol>\n\n<h3 class=\"wp-block-heading\">Pagrindiniai skirtumai<\/h3>\n\n<figure class=\"wp-block-table\"><table class=\"has-fixed-layout\"><thead><tr><th class=\"has-text-align-center\" data-align=\"center\"><strong>Funkcija<\/strong><\/th><th class=\"has-text-align-center\" data-align=\"center\"><strong>Aktyvioji eutanazija<\/strong><\/th><th class=\"has-text-align-center\" data-align=\"center\">Pasyvioji eutanazija<\/th><\/tr><\/thead><tbody><tr><td class=\"has-text-align-center\" data-align=\"center\"><strong>Veiksmas<\/strong><\/td><td class=\"has-text-align-center\" data-align=\"center\">Tiesioginis veiksmas, kuriuo siekiama sukelti mirt\u012f<\/td><td class=\"has-text-align-center\" data-align=\"center\">Gydymo netaikymas arba nutraukimas<\/td><\/tr><tr><td class=\"has-text-align-center\" data-align=\"center\"><strong>Mirties prie\u017eastis<\/strong><\/td><td class=\"has-text-align-center\" data-align=\"center\">Sukelta i\u0161orinio veiksmo<\/td><td class=\"has-text-align-center\" data-align=\"center\">Nat\u016bralus ligos progresavimas<\/td><\/tr><tr><td class=\"has-text-align-center\" data-align=\"center\"><strong>Teisin\u0117 pad\u0117tis<\/strong><\/td><td class=\"has-text-align-center\" data-align=\"center\">Legalu keliose \u0161alyse<\/td><td class=\"has-text-align-center\" data-align=\"center\">Legalu daugelyje \u0161ali\u0173 (tam tikromis s\u0105lygomis)<\/td><\/tr><tr><td class=\"has-text-align-center\" data-align=\"center\"><strong>Visuomen\u0117s po\u017ei\u016bris<\/strong><\/td><td class=\"has-text-align-center\" data-align=\"center\">Labai prie\u0161taringai vertinama<\/td><td class=\"has-text-align-center\" data-align=\"center\">Ma\u017eiau prie\u0161taringai vertinama (ta\u010diau taip pat kontroversi\u0161ka)<\/td><\/tr><\/tbody><\/table><\/figure>\n\n<h2 class=\"wp-block-heading\"><strong>Pagalbin\u0117 savi\u017eudyb\u0117<\/strong><\/h2>\n\n<ol class=\"wp-block-list\">\n<li>Apibr\u0117\u017eimas: Pagalbin\u0117s savi\u017eudyb\u0117s atveju asmuo gauna priemones (pvz., vaistus), kad gal\u0117t\u0173 nutraukti savo gyvyb\u0119, paprastai i\u0161 sveikatos prie\u017ei\u016bros paslaug\u0173 teik\u0117jo, ta\u010diau paskutin\u012f veiksm\u0105 jis atlieka pats.<\/li>\n\n\n\n<li>Esminis bruo\u017eas: asmuo siekiantis mirti pats atlieka \u0161\u012f veiksm\u0105.<\/li>\n\n\n\n<li>Pavyzdys: Gydytojas paskiria mirtin\u0105 vaist\u0173 doz\u0119 ir pacientas pats j\u0105 susileid\u017eia.<\/li>\n<\/ol>\n\n<h2 class=\"wp-block-heading\"><strong>Pagrindiniai skirtumai<\/strong><\/h2>\n\n<figure class=\"wp-block-table\"><table class=\"has-fixed-layout\"><thead><tr><th class=\"has-text-align-center\" data-align=\"center\"><strong>Funkcija<\/strong><\/th><th class=\"has-text-align-center\" data-align=\"center\"><strong>Eutanazija<\/strong><\/th><th class=\"has-text-align-center\" data-align=\"center\"><strong>Pagalbin\u0117 savi\u017eudyb\u0117<\/strong><\/th><\/tr><\/thead><tbody><tr><td class=\"has-text-align-center\" data-align=\"center\"><strong>Kas atlieka veiksm\u0105?<\/strong><\/td><td class=\"has-text-align-center\" data-align=\"center\">Mirt\u012f administruoja tre\u010dioji \u0161alis<\/td><td class=\"has-text-align-center\" data-align=\"center\">Asmuo pats atlieka veiksm\u0105<\/td><\/tr><tr><td class=\"has-text-align-center\" data-align=\"center\"><strong>Dalyvavimo laipsnis<\/strong><\/td><td class=\"has-text-align-center\" data-align=\"center\">Tiesioginis<\/td><td class=\"has-text-align-center\" data-align=\"center\">Netiesioginis (suteikiama priemon\u0117)<\/td><\/tr><\/tbody><\/table><\/figure>\n","protected":false},"excerpt":{"rendered":"<p>Eutanazija ir pagalbin\u0117 savi\u017eudyb\u0117 yra skirtingos praktikos, nors abi jos susijusios su s\u0105moningu \u017emogaus gyvyb\u0117s nutraukimu siekiant palengvinti kan\u010dias. \u010cia pateikiame j\u0173 skirtumus: Eutanazija Eutanazijos atveju tre\u010dioji \u0161alis, paprastai sveikatos<a href=\"https:\/\/prolifeeurope.org\/lt\/ziniu-baze\/eutanazija-ir-pagalbine-savizudybe-koks-skirtumas\/\">Continue reading <span class=\"sr-only\">&#8222;Eutanazija ir pagalbin\u0117 savi\u017eudyb\u0117 \u2013 koks skirtumas&#8221;<\/span><\/a><\/p>\n","protected":false},"author":14,"featured_media":0,"parent":2525,"menu_order":0,"comment_status":"closed","ping_status":"closed","template":"page-topic.php","meta":{"_acf_changed":false,"_monsterinsights_skip_tracking":false,"_monsterinsights_sitenote_active":false,"_monsterinsights_sitenote_note":"","_monsterinsights_sitenote_category":0,"footnotes":""},"topic":[],"class_list":["post-2946","page","type-page","status-publish","hentry"],"acf":[],"yoast_head":"<!-- This site is optimized with the Yoast SEO plugin v27.2 - https:\/\/yoast.com\/product\/yoast-seo-wordpress\/ -->\n<title>Eutanazija ir pagalbin\u0117 savi\u017eudyb\u0117 \u2013 koks skirtumas - ProLife Europe<\/title>\n<meta name=\"description\" content=\"Eutanazija ir pagalbin\u0117 savi\u017eudyb\u0117 yra skirtingos praktikos, nors abiem atvejais siekiama nutraukti \u017emogaus gyvyb\u0119.\" \/>\n<meta name=\"robots\" content=\"index, follow, max-snippet:-1, max-image-preview:large, max-video-preview:-1\" \/>\n<link rel=\"canonical\" href=\"https:\/\/prolifeeurope.org\/lt\/ziniu-baze\/eutanazija-ir-pagalbine-savizudybe-koks-skirtumas\/\" \/>\n<meta property=\"og:locale\" content=\"lt_LT\" \/>\n<meta property=\"og:type\" content=\"article\" \/>\n<meta property=\"og:title\" content=\"Eutanazija ir pagalbin\u0117 savi\u017eudyb\u0117 \u2013 koks skirtumas - ProLife Europe\" \/>\n<meta property=\"og:description\" content=\"Eutanazija ir pagalbin\u0117 savi\u017eudyb\u0117 yra skirtingos praktikos, nors abiem atvejais siekiama nutraukti \u017emogaus gyvyb\u0119.\" \/>\n<meta property=\"og:url\" content=\"https:\/\/prolifeeurope.org\/lt\/ziniu-baze\/eutanazija-ir-pagalbine-savizudybe-koks-skirtumas\/\" \/>\n<meta property=\"og:site_name\" content=\"ProLife Europe\" \/>\n<meta property=\"article:publisher\" content=\"https:\/\/www.facebook.com\/ProLifeEurope\/\" \/>\n<meta property=\"article:modified_time\" content=\"2025-03-21T08:53:16+00:00\" \/>\n<meta name=\"twitter:card\" content=\"summary_large_image\" \/>\n<meta name=\"twitter:label1\" content=\"Est. reading time\" \/>\n\t<meta name=\"twitter:data1\" content=\"2 minut\u0117s\" \/>\n<script type=\"application\/ld+json\" class=\"yoast-schema-graph\">{\"@context\":\"https:\/\/schema.org\",\"@graph\":[{\"@type\":\"WebPage\",\"@id\":\"https:\/\/prolifeeurope.org\/lt\/ziniu-baze\/eutanazija-ir-pagalbine-savizudybe-koks-skirtumas\/\",\"url\":\"https:\/\/prolifeeurope.org\/lt\/ziniu-baze\/eutanazija-ir-pagalbine-savizudybe-koks-skirtumas\/\",\"name\":\"Eutanazija ir pagalbin\u0117 savi\u017eudyb\u0117 \u2013 koks skirtumas - ProLife Europe\",\"isPartOf\":{\"@id\":\"https:\/\/prolifeeurope.org\/lt\/#website\"},\"datePublished\":\"2025-01-15T22:14:18+00:00\",\"dateModified\":\"2025-03-21T08:53:16+00:00\",\"description\":\"Eutanazija ir pagalbin\u0117 savi\u017eudyb\u0117 yra skirtingos praktikos, nors abiem atvejais siekiama nutraukti \u017emogaus gyvyb\u0119.\",\"breadcrumb\":{\"@id\":\"https:\/\/prolifeeurope.org\/lt\/ziniu-baze\/eutanazija-ir-pagalbine-savizudybe-koks-skirtumas\/#breadcrumb\"},\"inLanguage\":\"lt-LT\",\"potentialAction\":[{\"@type\":\"ReadAction\",\"target\":[\"https:\/\/prolifeeurope.org\/lt\/ziniu-baze\/eutanazija-ir-pagalbine-savizudybe-koks-skirtumas\/\"]}]},{\"@type\":\"BreadcrumbList\",\"@id\":\"https:\/\/prolifeeurope.org\/lt\/ziniu-baze\/eutanazija-ir-pagalbine-savizudybe-koks-skirtumas\/#breadcrumb\",\"itemListElement\":[{\"@type\":\"ListItem\",\"position\":1,\"name\":\"Home\",\"item\":\"https:\/\/prolifeeurope.org\/lt\/\"},{\"@type\":\"ListItem\",\"position\":2,\"name\":\"\u017dini\u0173 baz\u0117\",\"item\":\"https:\/\/prolifeeurope.org\/lt\/ziniu-baze\/\"},{\"@type\":\"ListItem\",\"position\":3,\"name\":\"Eutanazija ir pagalbin\u0117 savi\u017eudyb\u0117 \u2013 koks skirtumas\"}]},{\"@type\":\"WebSite\",\"@id\":\"https:\/\/prolifeeurope.org\/lt\/#website\",\"url\":\"https:\/\/prolifeeurope.org\/lt\/\",\"name\":\"ProLife Europe\",\"description\":\"\",\"publisher\":{\"@id\":\"https:\/\/prolifeeurope.org\/lt\/#organization\"},\"potentialAction\":[{\"@type\":\"SearchAction\",\"target\":{\"@type\":\"EntryPoint\",\"urlTemplate\":\"https:\/\/prolifeeurope.org\/lt\/?s={search_term_string}\"},\"query-input\":{\"@type\":\"PropertyValueSpecification\",\"valueRequired\":true,\"valueName\":\"search_term_string\"}}],\"inLanguage\":\"lt-LT\"},{\"@type\":\"Organization\",\"@id\":\"https:\/\/prolifeeurope.org\/lt\/#organization\",\"name\":\"ProLife Europe\",\"url\":\"https:\/\/prolifeeurope.org\/lt\/\",\"logo\":{\"@type\":\"ImageObject\",\"inLanguage\":\"lt-LT\",\"@id\":\"https:\/\/prolifeeurope.org\/lt\/#\/schema\/logo\/image\/\",\"url\":\"https:\/\/prolifeeurope.org\/wp-content\/uploads\/2024\/11\/logo-3.svg\",\"contentUrl\":\"https:\/\/prolifeeurope.org\/wp-content\/uploads\/2024\/11\/logo-3.svg\",\"width\":166,\"height\":170,\"caption\":\"ProLife Europe\"},\"image\":{\"@id\":\"https:\/\/prolifeeurope.org\/lt\/#\/schema\/logo\/image\/\"},\"sameAs\":[\"https:\/\/www.facebook.com\/ProLifeEurope\/\",\"https:\/\/www.instagram.com\/prolife_europe\/\",\"https:\/\/www.youtube.com\/channel\/UC7olgmdiSVEHZUiP554XozA\"]}]}<\/script>\n<!-- \/ Yoast SEO plugin. -->","yoast_head_json":{"title":"Eutanazija ir pagalbin\u0117 savi\u017eudyb\u0117 \u2013 koks skirtumas - ProLife Europe","description":"Eutanazija ir pagalbin\u0117 savi\u017eudyb\u0117 yra skirtingos praktikos, nors abiem atvejais siekiama nutraukti \u017emogaus gyvyb\u0119.","robots":{"index":"index","follow":"follow","max-snippet":"max-snippet:-1","max-image-preview":"max-image-preview:large","max-video-preview":"max-video-preview:-1"},"canonical":"https:\/\/prolifeeurope.org\/lt\/ziniu-baze\/eutanazija-ir-pagalbine-savizudybe-koks-skirtumas\/","og_locale":"lt_LT","og_type":"article","og_title":"Eutanazija ir pagalbin\u0117 savi\u017eudyb\u0117 \u2013 koks skirtumas - ProLife Europe","og_description":"Eutanazija ir pagalbin\u0117 savi\u017eudyb\u0117 yra skirtingos praktikos, nors abiem atvejais siekiama nutraukti \u017emogaus gyvyb\u0119.","og_url":"https:\/\/prolifeeurope.org\/lt\/ziniu-baze\/eutanazija-ir-pagalbine-savizudybe-koks-skirtumas\/","og_site_name":"ProLife Europe","article_publisher":"https:\/\/www.facebook.com\/ProLifeEurope\/","article_modified_time":"2025-03-21T08:53:16+00:00","twitter_card":"summary_large_image","twitter_misc":{"Est. reading time":"2 minut\u0117s"},"schema":{"@context":"https:\/\/schema.org","@graph":[{"@type":"WebPage","@id":"https:\/\/prolifeeurope.org\/lt\/ziniu-baze\/eutanazija-ir-pagalbine-savizudybe-koks-skirtumas\/","url":"https:\/\/prolifeeurope.org\/lt\/ziniu-baze\/eutanazija-ir-pagalbine-savizudybe-koks-skirtumas\/","name":"Eutanazija ir pagalbin\u0117 savi\u017eudyb\u0117 \u2013 koks skirtumas - ProLife Europe","isPartOf":{"@id":"https:\/\/prolifeeurope.org\/lt\/#website"},"datePublished":"2025-01-15T22:14:18+00:00","dateModified":"2025-03-21T08:53:16+00:00","description":"Eutanazija ir pagalbin\u0117 savi\u017eudyb\u0117 yra skirtingos praktikos, nors abiem atvejais siekiama nutraukti \u017emogaus gyvyb\u0119.","breadcrumb":{"@id":"https:\/\/prolifeeurope.org\/lt\/ziniu-baze\/eutanazija-ir-pagalbine-savizudybe-koks-skirtumas\/#breadcrumb"},"inLanguage":"lt-LT","potentialAction":[{"@type":"ReadAction","target":["https:\/\/prolifeeurope.org\/lt\/ziniu-baze\/eutanazija-ir-pagalbine-savizudybe-koks-skirtumas\/"]}]},{"@type":"BreadcrumbList","@id":"https:\/\/prolifeeurope.org\/lt\/ziniu-baze\/eutanazija-ir-pagalbine-savizudybe-koks-skirtumas\/#breadcrumb","itemListElement":[{"@type":"ListItem","position":1,"name":"Home","item":"https:\/\/prolifeeurope.org\/lt\/"},{"@type":"ListItem","position":2,"name":"\u017dini\u0173 baz\u0117","item":"https:\/\/prolifeeurope.org\/lt\/ziniu-baze\/"},{"@type":"ListItem","position":3,"name":"Eutanazija ir pagalbin\u0117 savi\u017eudyb\u0117 \u2013 koks skirtumas"}]},{"@type":"WebSite","@id":"https:\/\/prolifeeurope.org\/lt\/#website","url":"https:\/\/prolifeeurope.org\/lt\/","name":"ProLife Europe","description":"","publisher":{"@id":"https:\/\/prolifeeurope.org\/lt\/#organization"},"potentialAction":[{"@type":"SearchAction","target":{"@type":"EntryPoint","urlTemplate":"https:\/\/prolifeeurope.org\/lt\/?s={search_term_string}"},"query-input":{"@type":"PropertyValueSpecification","valueRequired":true,"valueName":"search_term_string"}}],"inLanguage":"lt-LT"},{"@type":"Organization","@id":"https:\/\/prolifeeurope.org\/lt\/#organization","name":"ProLife Europe","url":"https:\/\/prolifeeurope.org\/lt\/","logo":{"@type":"ImageObject","inLanguage":"lt-LT","@id":"https:\/\/prolifeeurope.org\/lt\/#\/schema\/logo\/image\/","url":"https:\/\/prolifeeurope.org\/wp-content\/uploads\/2024\/11\/logo-3.svg","contentUrl":"https:\/\/prolifeeurope.org\/wp-content\/uploads\/2024\/11\/logo-3.svg","width":166,"height":170,"caption":"ProLife Europe"},"image":{"@id":"https:\/\/prolifeeurope.org\/lt\/#\/schema\/logo\/image\/"},"sameAs":["https:\/\/www.facebook.com\/ProLifeEurope\/","https:\/\/www.instagram.com\/prolife_europe\/","https:\/\/www.youtube.com\/channel\/UC7olgmdiSVEHZUiP554XozA"]}]}},"_links":{"self":[{"href":"https:\/\/prolifeeurope.org\/lt\/wp-json\/wp\/v2\/pages\/2946","targetHints":{"allow":["GET"]}}],"collection":[{"href":"https:\/\/prolifeeurope.org\/lt\/wp-json\/wp\/v2\/pages"}],"about":[{"href":"https:\/\/prolifeeurope.org\/lt\/wp-json\/wp\/v2\/types\/page"}],"author":[{"embeddable":true,"href":"https:\/\/prolifeeurope.org\/lt\/wp-json\/wp\/v2\/users\/14"}],"replies":[{"embeddable":true,"href":"https:\/\/prolifeeurope.org\/lt\/wp-json\/wp\/v2\/comments?post=2946"}],"version-history":[{"count":2,"href":"https:\/\/prolifeeurope.org\/lt\/wp-json\/wp\/v2\/pages\/2946\/revisions"}],"predecessor-version":[{"id":2997,"href":"https:\/\/prolifeeurope.org\/lt\/wp-json\/wp\/v2\/pages\/2946\/revisions\/2997"}],"up":[{"embeddable":true,"href":"https:\/\/prolifeeurope.org\/lt\/wp-json\/wp\/v2\/pages\/2525"}],"wp:attachment":[{"href":"https:\/\/prolifeeurope.org\/lt\/wp-json\/wp\/v2\/media?parent=2946"}],"wp:term":[{"taxonomy":"topic","embeddable":true,"href":"https:\/\/prolifeeurope.org\/lt\/wp-json\/wp\/v2\/topic?post=2946"}],"curies":[{"name":"wp","href":"https:\/\/api.w.org\/{rel}","templated":true}]}}