{"id":2927,"date":"2025-01-28T17:01:09","date_gmt":"2025-01-28T16:01:09","guid":{"rendered":"https:\/\/ws-staging.prolifeeurope.org\/ziniu-baze\/ivaikinimas-salies-viduje\/"},"modified":"2025-03-21T09:55:13","modified_gmt":"2025-03-21T08:55:13","slug":"ivaikinimas-salies-viduje","status":"publish","type":"page","link":"https:\/\/prolifeeurope.org\/lt\/ziniu-baze\/ivaikinimas-salies-viduje\/","title":{"rendered":"\u012evaikinimas \u0161alies viduje"},"content":{"rendered":"\n<p><strong>\u012evaikinimas \u0161alies viduje<\/strong> (nacionalinis, vietinis \u012fvaikinimas) \u2013 tai vaiko \u012fvaikinimo procesas toje pa\u010dioje \u0161alyje, paprastai susij\u0119s su vaik\u0173 globos \u012fstaigose esan\u010diais vaikais, vaikais, kuri\u0173 savo noru atsisak\u0117 biologiniai t\u0117vai, arba su \u012fvaikinimu, kai \u012fvaikina pat\u0117viai. \u012evairiose \u0161alyse vidaus \u012fvaikinimo etapai ir taisykl\u0117s skiriasi, ta\u010diau paprastai \u0161is procesas vyksta pagal strukt\u016brizuot\u0105 teisin\u0119 sistem\u0105, kuria siekiama u\u017etikrinti geriausius vaiko interesus. <\/p>\n\n<h3 class=\"wp-block-heading\">Pagrindiniai \u012fvaikinimo \u0161alyje etapai:<\/h3>\n\n<ol class=\"wp-block-list\">\n<li><strong>\u012evaikintoj\u0173 tinkamumas ir reikalavimai<\/strong>:\n<ul class=\"wp-block-list\">\n<li><strong>\u012evaikintojai<\/strong>: Paprastai reikalaujama, kad b\u016bsimieji t\u0117vai b\u016bt\u0173 tam tikro am\u017eiaus (da\u017eniausiai 21 met\u0173 ar vyresni) ir atitikt\u0173 tam tikrus sveikatos, finansinius ir socialinius kriterijus. Daugelyje \u0161ali\u0173 \u012fvaikinti gali pavieniai asmenys, tos pa\u010dios lyties asmenys ir heteroseksualios poros, nors taisykl\u0117s \u012fvairiuose regionuose skiriasi. <\/li>\n\n\n\n<li><strong>Tinkamumo patikrinimas<\/strong>: b\u016bsimieji \u012ft\u0117viai <strong>atid\u017eiai tikrinami<\/strong>, kad b\u016bt\u0173 \u012fvertintas j\u0173 geb\u0117jimas u\u017etikrinti vaikui saugi\u0105 ir stabili\u0105 aplink\u0105. Atliekant \u0161\u012f tyrim\u0105 tikrinama praeitis, rengiami pokalbiai, lankomasi namuose ir vertinamas finansinis stabilumas. <\/li>\n<\/ul>\n<\/li>\n\n\n\n<li><strong>\u012evaikinimo \u0161alies viduje r\u016b\u0161ys<\/strong>:\n<ul class=\"wp-block-list\">\n<li><strong>Globojam\u0173 vaik\u0173 \u012fvaikinimas<\/strong>: Tai \u2013 vaik\u0173 i\u0161 globos sistemos \u012fvaikinimas. \u0160ie vaikai gali b\u016bti paimti i\u0161 savo biologini\u0173 \u0161eim\u0173 d\u0117l prievartos, neprie\u017ei\u016bros ar kit\u0173 aplinkybi\u0173. Globojam\u0173 vaik\u0173 \u012fvaikinimo da\u017enai siekiama, kai vaiko biologini\u0173 t\u0117v\u0173 teis\u0117s buvo teisi\u0161kai atimtos.  <\/li>\n\n\n\n<li><strong>Privatus \u012fvaikinimas<\/strong>: Privataus \u012fvaikinimo atveju biologiniai t\u0117vai savanori\u0161kai atsisako savo t\u0117vyst\u0117s teisi\u0173, o vaikas per agent\u016br\u0105 arba advokat\u0105 perduodamas \u012ft\u0117viams. Tai gali b\u016bti naujagimiai arba ma\u017ei vaikai. <\/li>\n\n\n\n<li><strong>Pat\u0117vio\/pamot\u0117s \u012fvaikinimas<\/strong>: Pat\u0117vis ar pamot\u0117 \u012fvaikina savo sutuoktinio biologin\u012f vaik\u0105, paprastai tada, kai biologinis t\u0117vas ar motina yra mir\u0119 arba nebedalyvauja vaiko gyvenime.<\/li>\n\n\n\n<li><strong>Giminai\u010di\u0173 \u012fvaikinimas<\/strong>: \u0161eimos nariai (pvz., seneliai, teta ir d\u0117de) \u012fvaikina giminai\u010dio vaik\u0105, nes biologiniai t\u0117vai negali juo r\u016bpintis.<\/li>\n<\/ul>\n<\/li>\n\n\n\n<li><strong>\u012evaikinimo procesas<\/strong>:\n<ul class=\"wp-block-list\">\n<li>Kai patvirtinama, kad \u0161eima gali \u012fsivaikinti, ji, per valstybin\u0119 globos sistem\u0105, \u012fvaikinimo agent\u016br\u0105 arba tiesiogiai susitarus su biologiniais t\u0117vais, priskiriama vaikui. Kai kuriais atvejais potencialiems t\u0117vams gali tekti laukti m\u0117nesius ar metus, priklausomai nuo to, ar yra galim\u0173 \u012fvaikinti vaik\u0173, ir nuo j\u0173 pageidavim\u0173 (pvz., am\u017eiaus, sveikatos b\u016bkl\u0117s). <\/li>\n<\/ul>\n<\/li>\n\n\n\n<li><strong>Teisin\u0117s proced\u016bros<\/strong>:\n<ul class=\"wp-block-list\">\n<li>Suderinus vaiko ir \u012ft\u0117vi\u0173 interesus, teisin\u0117mis proced\u016bromis u\u017etikrinama, kad \u012fvaikinimas b\u016bt\u0173 nuolatinis ir saistantis. Paprastai tai susij\u0119 su teismo pos\u0117d\u017eiais ir dokument\u0173 tvarkymu, kad biologini\u0173 t\u0117v\u0173 teis\u0117s b\u016bt\u0173 perduotos \u012ft\u0117viams. <\/li>\n\n\n\n<li>Daugelyje \u0161ali\u0173 gali b\u016bti nustatytas pereinamasis laikotarpis, kai vaikas laikinai apgyvendinamas \u0161eimoje, kol \u012fvaikinimo proced\u016bra bus baigta.<\/li>\n<\/ul>\n<\/li>\n\n\n\n<li><strong>Proced\u016bros po \u012fvaikinimo<\/strong>:\n<ul class=\"wp-block-list\">\n<li>Pabaigus \u012fvaikinimo proces\u0105, kai kuriose \u0161alyse reikalaujama, kad socialiniai darbuotojai <strong>aplankyt\u0173 vaik\u0105<\/strong>, kad \u012fsitikint\u0173, jog jis gerai adaptuojasi.<\/li>\n\n\n\n<li>Priklausomai nuo \u012fvaikinimo tipo, gali b\u016bti i\u0161laikomi susitarimai d\u0117l kontakt\u0173 tarp biologini\u0173 t\u0117v\u0173 ir \u012ft\u0117vi\u0173 (atviras \u012fvaikinimas). <strong>Atviro \u012fvaikinimo<\/strong> atveju palaikomas bendravimas tarp vaiko ir jo biologini\u0173 t\u0117v\u0173, tuo tarpu <strong>u\u017edaro \u012fvaikinimo<\/strong> atveju visos \u0161alys i\u0161laiko privatum\u0105. <\/li>\n<\/ul>\n<\/li>\n<\/ol>\n\n<h3 class=\"wp-block-heading\">Veiksniai, darantys \u012ftak\u0105 \u012fvaikinimui \u0161alyje:<\/h3>\n\n<ul class=\"wp-block-list\">\n<li><strong>I\u0161laidos<\/strong>: \u012evaikinimas \u0161alies viduje paprastai kainuoja pigiau nei tarptautinis \u012fvaikinimas, ypa\u010d jei \u012fvaikinama per globos sistem\u0105, nes i\u0161laidas da\u017enai subsidijuoja valstyb\u0117. Privatus \u012fvaikinimas gali kainuoti nuo 10 000 iki 30 000 JAV doleri\u0173. <\/li>\n\n\n\n<li><strong>Laukimo laikas<\/strong>: Laukimo trukm\u0117 priklauso nuo \u012fvaikinimo tipo. Globojam\u0173 vaik\u0173 \u012fvaikinimas gali u\u017etrukti ilgiau, d\u0117l vaiko gr\u0105\u017einimo biologiniams t\u0117vams galimyb\u0117s, o privataus \u012fvaikinimo procesas da\u017enai trunka ma\u017eiau laiko. <\/li>\n\n\n\n<li><strong>Vyresnio am\u017eiaus vaik\u0173 \u012fvaikinimas<\/strong>: daugelis vaik\u0173, kuriuos galima \u012fvaikinti \u0161alyje, yra vyresnio am\u017eiaus arba turi speciali\u0173 poreiki\u0173, tod\u0117l \u0161eimoms, kurios nori \u012fvaikinti jaunesnius vaikus arba k\u016bdikius, gali tekti laukti ilgiau.<\/li>\n<\/ul>\n\n<h3 class=\"wp-block-heading\">Statistiniai duomenys (priklauso nuo \u0161alies):<\/h3>\n\n<ul class=\"wp-block-list\">\n<li><strong>Jungtin\u0117se Amerikos Valstijose<\/strong> kasmet \u012fvaikinama apie <strong>120 000<\/strong> vaik\u0173, i\u0161 kuri\u0173 daugelis \u012fvaikinami i\u0161 vaik\u0173 globos sistemos.<\/li>\n\n\n\n<li><strong>Europoje<\/strong> \u012fvaikinimo rodikliai yra \u017eemesni, daugelyje \u0161ali\u0173 daugiausia d\u0117mesio skiriama \u012fvaikinimui i\u0161 vaik\u0173 globos sistemos \u0161alies viduje.<\/li>\n<\/ul>\n\n<h3 class=\"wp-block-heading\">\u012evaikinimo \u0161alies viduje privalumai:<\/h3>\n\n<ul class=\"wp-block-list\">\n<li><strong>Artumas<\/strong>: \u012evaikinimas \u0161alies viduje leid\u017eia \u012ft\u0117viams u\u017emegzti santykius su vaiko biologiniais t\u0117vais, jei jie to pageidauja, be to, yra ma\u017eiau logistini\u0173 problem\u0173 (pvz., nereikia keliauti, paprastesn\u0117s teisin\u0117s proced\u016bros).<\/li>\n\n\n\n<li><strong>Paramos paslaugos<\/strong>: Daugelyje \u0161ali\u0173 \u012fvaikinusioms \u0161eimoms, ypa\u010d toms, kurios \u012fsivaikina i\u0161 vaik\u0173 globos nam\u0173, <strong>po \u012fvaikinimo<\/strong> teikiama parama ir <strong>finansin\u0117 pagalba<\/strong>.<\/li>\n<\/ul>\n\n<hr class=\"wp-block-separator has-alpha-channel-opacity\"\/>\n\n<p>Vietinis \u012fvaikinimas yra b\u016bdas suteikti vaikams nuolatin\u0119 \u0161eim\u0105 j\u0173 gimtojoje \u0161alyje, kurioje veikia teisin\u0117 ir socialin\u0117 sistema, apsauganti tiek vaiko, tiek \u012ft\u0117vi\u0173 interesus.<\/p>\n\n<p><\/p>\n","protected":false},"excerpt":{"rendered":"<p>\u012evaikinimas \u0161alies viduje (nacionalinis, vietinis \u012fvaikinimas) \u2013 tai vaiko \u012fvaikinimo procesas toje pa\u010dioje \u0161alyje, paprastai susij\u0119s su vaik\u0173 globos \u012fstaigose esan\u010diais vaikais, vaikais, kuri\u0173 savo noru atsisak\u0117 biologiniai t\u0117vai, arba<a href=\"https:\/\/prolifeeurope.org\/lt\/ziniu-baze\/ivaikinimas-salies-viduje\/\">Continue reading <span class=\"sr-only\">&#8222;\u012evaikinimas \u0161alies viduje&#8221;<\/span><\/a><\/p>\n","protected":false},"author":14,"featured_media":0,"parent":2525,"menu_order":0,"comment_status":"closed","ping_status":"closed","template":"page-topic.php","meta":{"_acf_changed":false,"_monsterinsights_skip_tracking":false,"_monsterinsights_sitenote_active":false,"_monsterinsights_sitenote_note":"","_monsterinsights_sitenote_category":0,"footnotes":""},"topic":[],"class_list":["post-2927","page","type-page","status-publish","hentry"],"acf":[],"yoast_head":"<!-- This site is optimized with the Yoast SEO plugin v27.2 - https:\/\/yoast.com\/product\/yoast-seo-wordpress\/ -->\n<title>\u012evaikinimas \u0161alies viduje - ProLife Europe<\/title>\n<meta name=\"description\" content=\"\u012evairiose \u0161alyse taikomi skirtingi nacionalinio \u012fvaikinimo (\u012fvaikinimo \u0161alies viduje) etapai ir taisykl\u0117s. \u0160i\u0173 taisykli\u0173 tikslas \u2013 u\u017etikrinti geriausius vaiko interesus.\" \/>\n<meta name=\"robots\" content=\"index, follow, max-snippet:-1, max-image-preview:large, max-video-preview:-1\" \/>\n<link rel=\"canonical\" href=\"https:\/\/prolifeeurope.org\/lt\/ziniu-baze\/ivaikinimas-salies-viduje\/\" \/>\n<meta property=\"og:locale\" content=\"lt_LT\" \/>\n<meta property=\"og:type\" content=\"article\" \/>\n<meta property=\"og:title\" content=\"\u012evaikinimas \u0161alies viduje - ProLife Europe\" \/>\n<meta property=\"og:description\" content=\"\u012evairiose \u0161alyse taikomi skirtingi nacionalinio \u012fvaikinimo (\u012fvaikinimo \u0161alies viduje) etapai ir taisykl\u0117s. \u0160i\u0173 taisykli\u0173 tikslas \u2013 u\u017etikrinti geriausius vaiko interesus.\" \/>\n<meta property=\"og:url\" content=\"https:\/\/prolifeeurope.org\/lt\/ziniu-baze\/ivaikinimas-salies-viduje\/\" \/>\n<meta property=\"og:site_name\" content=\"ProLife Europe\" \/>\n<meta property=\"article:publisher\" content=\"https:\/\/www.facebook.com\/ProLifeEurope\/\" \/>\n<meta property=\"article:modified_time\" content=\"2025-03-21T08:55:13+00:00\" \/>\n<meta name=\"twitter:card\" content=\"summary_large_image\" \/>\n<meta name=\"twitter:label1\" content=\"Est. reading time\" \/>\n\t<meta name=\"twitter:data1\" content=\"3 minut\u0117s\" \/>\n<script type=\"application\/ld+json\" class=\"yoast-schema-graph\">{\"@context\":\"https:\/\/schema.org\",\"@graph\":[{\"@type\":\"WebPage\",\"@id\":\"https:\/\/prolifeeurope.org\/lt\/ziniu-baze\/ivaikinimas-salies-viduje\/\",\"url\":\"https:\/\/prolifeeurope.org\/lt\/ziniu-baze\/ivaikinimas-salies-viduje\/\",\"name\":\"\u012evaikinimas \u0161alies viduje - ProLife Europe\",\"isPartOf\":{\"@id\":\"https:\/\/prolifeeurope.org\/lt\/#website\"},\"datePublished\":\"2025-01-28T16:01:09+00:00\",\"dateModified\":\"2025-03-21T08:55:13+00:00\",\"description\":\"\u012evairiose \u0161alyse taikomi skirtingi nacionalinio \u012fvaikinimo (\u012fvaikinimo \u0161alies viduje) etapai ir taisykl\u0117s. \u0160i\u0173 taisykli\u0173 tikslas \u2013 u\u017etikrinti geriausius vaiko interesus.\",\"breadcrumb\":{\"@id\":\"https:\/\/prolifeeurope.org\/lt\/ziniu-baze\/ivaikinimas-salies-viduje\/#breadcrumb\"},\"inLanguage\":\"lt-LT\",\"potentialAction\":[{\"@type\":\"ReadAction\",\"target\":[\"https:\/\/prolifeeurope.org\/lt\/ziniu-baze\/ivaikinimas-salies-viduje\/\"]}]},{\"@type\":\"BreadcrumbList\",\"@id\":\"https:\/\/prolifeeurope.org\/lt\/ziniu-baze\/ivaikinimas-salies-viduje\/#breadcrumb\",\"itemListElement\":[{\"@type\":\"ListItem\",\"position\":1,\"name\":\"Home\",\"item\":\"https:\/\/prolifeeurope.org\/lt\/\"},{\"@type\":\"ListItem\",\"position\":2,\"name\":\"\u017dini\u0173 baz\u0117\",\"item\":\"https:\/\/prolifeeurope.org\/lt\/ziniu-baze\/\"},{\"@type\":\"ListItem\",\"position\":3,\"name\":\"\u012evaikinimas \u0161alies viduje\"}]},{\"@type\":\"WebSite\",\"@id\":\"https:\/\/prolifeeurope.org\/lt\/#website\",\"url\":\"https:\/\/prolifeeurope.org\/lt\/\",\"name\":\"ProLife Europe\",\"description\":\"\",\"publisher\":{\"@id\":\"https:\/\/prolifeeurope.org\/lt\/#organization\"},\"potentialAction\":[{\"@type\":\"SearchAction\",\"target\":{\"@type\":\"EntryPoint\",\"urlTemplate\":\"https:\/\/prolifeeurope.org\/lt\/?s={search_term_string}\"},\"query-input\":{\"@type\":\"PropertyValueSpecification\",\"valueRequired\":true,\"valueName\":\"search_term_string\"}}],\"inLanguage\":\"lt-LT\"},{\"@type\":\"Organization\",\"@id\":\"https:\/\/prolifeeurope.org\/lt\/#organization\",\"name\":\"ProLife Europe\",\"url\":\"https:\/\/prolifeeurope.org\/lt\/\",\"logo\":{\"@type\":\"ImageObject\",\"inLanguage\":\"lt-LT\",\"@id\":\"https:\/\/prolifeeurope.org\/lt\/#\/schema\/logo\/image\/\",\"url\":\"https:\/\/prolifeeurope.org\/wp-content\/uploads\/2024\/11\/logo-3.svg\",\"contentUrl\":\"https:\/\/prolifeeurope.org\/wp-content\/uploads\/2024\/11\/logo-3.svg\",\"width\":166,\"height\":170,\"caption\":\"ProLife Europe\"},\"image\":{\"@id\":\"https:\/\/prolifeeurope.org\/lt\/#\/schema\/logo\/image\/\"},\"sameAs\":[\"https:\/\/www.facebook.com\/ProLifeEurope\/\",\"https:\/\/www.instagram.com\/prolife_europe\/\",\"https:\/\/www.youtube.com\/channel\/UC7olgmdiSVEHZUiP554XozA\"]}]}<\/script>\n<!-- \/ Yoast SEO plugin. -->","yoast_head_json":{"title":"\u012evaikinimas \u0161alies viduje - ProLife Europe","description":"\u012evairiose \u0161alyse taikomi skirtingi nacionalinio \u012fvaikinimo (\u012fvaikinimo \u0161alies viduje) etapai ir taisykl\u0117s. \u0160i\u0173 taisykli\u0173 tikslas \u2013 u\u017etikrinti geriausius vaiko interesus.","robots":{"index":"index","follow":"follow","max-snippet":"max-snippet:-1","max-image-preview":"max-image-preview:large","max-video-preview":"max-video-preview:-1"},"canonical":"https:\/\/prolifeeurope.org\/lt\/ziniu-baze\/ivaikinimas-salies-viduje\/","og_locale":"lt_LT","og_type":"article","og_title":"\u012evaikinimas \u0161alies viduje - ProLife Europe","og_description":"\u012evairiose \u0161alyse taikomi skirtingi nacionalinio \u012fvaikinimo (\u012fvaikinimo \u0161alies viduje) etapai ir taisykl\u0117s. \u0160i\u0173 taisykli\u0173 tikslas \u2013 u\u017etikrinti geriausius vaiko interesus.","og_url":"https:\/\/prolifeeurope.org\/lt\/ziniu-baze\/ivaikinimas-salies-viduje\/","og_site_name":"ProLife Europe","article_publisher":"https:\/\/www.facebook.com\/ProLifeEurope\/","article_modified_time":"2025-03-21T08:55:13+00:00","twitter_card":"summary_large_image","twitter_misc":{"Est. reading time":"3 minut\u0117s"},"schema":{"@context":"https:\/\/schema.org","@graph":[{"@type":"WebPage","@id":"https:\/\/prolifeeurope.org\/lt\/ziniu-baze\/ivaikinimas-salies-viduje\/","url":"https:\/\/prolifeeurope.org\/lt\/ziniu-baze\/ivaikinimas-salies-viduje\/","name":"\u012evaikinimas \u0161alies viduje - ProLife Europe","isPartOf":{"@id":"https:\/\/prolifeeurope.org\/lt\/#website"},"datePublished":"2025-01-28T16:01:09+00:00","dateModified":"2025-03-21T08:55:13+00:00","description":"\u012evairiose \u0161alyse taikomi skirtingi nacionalinio \u012fvaikinimo (\u012fvaikinimo \u0161alies viduje) etapai ir taisykl\u0117s. \u0160i\u0173 taisykli\u0173 tikslas \u2013 u\u017etikrinti geriausius vaiko interesus.","breadcrumb":{"@id":"https:\/\/prolifeeurope.org\/lt\/ziniu-baze\/ivaikinimas-salies-viduje\/#breadcrumb"},"inLanguage":"lt-LT","potentialAction":[{"@type":"ReadAction","target":["https:\/\/prolifeeurope.org\/lt\/ziniu-baze\/ivaikinimas-salies-viduje\/"]}]},{"@type":"BreadcrumbList","@id":"https:\/\/prolifeeurope.org\/lt\/ziniu-baze\/ivaikinimas-salies-viduje\/#breadcrumb","itemListElement":[{"@type":"ListItem","position":1,"name":"Home","item":"https:\/\/prolifeeurope.org\/lt\/"},{"@type":"ListItem","position":2,"name":"\u017dini\u0173 baz\u0117","item":"https:\/\/prolifeeurope.org\/lt\/ziniu-baze\/"},{"@type":"ListItem","position":3,"name":"\u012evaikinimas \u0161alies viduje"}]},{"@type":"WebSite","@id":"https:\/\/prolifeeurope.org\/lt\/#website","url":"https:\/\/prolifeeurope.org\/lt\/","name":"ProLife Europe","description":"","publisher":{"@id":"https:\/\/prolifeeurope.org\/lt\/#organization"},"potentialAction":[{"@type":"SearchAction","target":{"@type":"EntryPoint","urlTemplate":"https:\/\/prolifeeurope.org\/lt\/?s={search_term_string}"},"query-input":{"@type":"PropertyValueSpecification","valueRequired":true,"valueName":"search_term_string"}}],"inLanguage":"lt-LT"},{"@type":"Organization","@id":"https:\/\/prolifeeurope.org\/lt\/#organization","name":"ProLife Europe","url":"https:\/\/prolifeeurope.org\/lt\/","logo":{"@type":"ImageObject","inLanguage":"lt-LT","@id":"https:\/\/prolifeeurope.org\/lt\/#\/schema\/logo\/image\/","url":"https:\/\/prolifeeurope.org\/wp-content\/uploads\/2024\/11\/logo-3.svg","contentUrl":"https:\/\/prolifeeurope.org\/wp-content\/uploads\/2024\/11\/logo-3.svg","width":166,"height":170,"caption":"ProLife Europe"},"image":{"@id":"https:\/\/prolifeeurope.org\/lt\/#\/schema\/logo\/image\/"},"sameAs":["https:\/\/www.facebook.com\/ProLifeEurope\/","https:\/\/www.instagram.com\/prolife_europe\/","https:\/\/www.youtube.com\/channel\/UC7olgmdiSVEHZUiP554XozA"]}]}},"_links":{"self":[{"href":"https:\/\/prolifeeurope.org\/lt\/wp-json\/wp\/v2\/pages\/2927","targetHints":{"allow":["GET"]}}],"collection":[{"href":"https:\/\/prolifeeurope.org\/lt\/wp-json\/wp\/v2\/pages"}],"about":[{"href":"https:\/\/prolifeeurope.org\/lt\/wp-json\/wp\/v2\/types\/page"}],"author":[{"embeddable":true,"href":"https:\/\/prolifeeurope.org\/lt\/wp-json\/wp\/v2\/users\/14"}],"replies":[{"embeddable":true,"href":"https:\/\/prolifeeurope.org\/lt\/wp-json\/wp\/v2\/comments?post=2927"}],"version-history":[{"count":2,"href":"https:\/\/prolifeeurope.org\/lt\/wp-json\/wp\/v2\/pages\/2927\/revisions"}],"predecessor-version":[{"id":3000,"href":"https:\/\/prolifeeurope.org\/lt\/wp-json\/wp\/v2\/pages\/2927\/revisions\/3000"}],"up":[{"embeddable":true,"href":"https:\/\/prolifeeurope.org\/lt\/wp-json\/wp\/v2\/pages\/2525"}],"wp:attachment":[{"href":"https:\/\/prolifeeurope.org\/lt\/wp-json\/wp\/v2\/media?parent=2927"}],"wp:term":[{"taxonomy":"topic","embeddable":true,"href":"https:\/\/prolifeeurope.org\/lt\/wp-json\/wp\/v2\/topic?post=2927"}],"curies":[{"name":"wp","href":"https:\/\/api.w.org\/{rel}","templated":true}]}}