{"id":2879,"date":"2025-01-15T18:15:32","date_gmt":"2025-01-15T17:15:32","guid":{"rendered":"https:\/\/ws-staging.prolifeeurope.org\/ziniu-baze\/kudikiai-su-negalia\/"},"modified":"2025-03-21T09:57:04","modified_gmt":"2025-03-21T08:57:04","slug":"kudikiai-su-negalia","status":"publish","type":"page","link":"https:\/\/prolifeeurope.org\/lt\/ziniu-baze\/kudikiai-su-negalia\/","title":{"rendered":"K\u016bdikiai su negalia"},"content":{"rendered":"\n<p>Abortai da\u017enai atliekami, kai gydytojai diagnozuoja galim\u0105 negali\u0105, tai vadinama abortais d\u0117l negalios. Tai akivaizdi ne\u012fgali\u0173j\u0173 diskriminacija. Tokiu b\u016bdu kiekvienam ne\u012fgaliam \u017emogui siun\u010diama \u017einut\u0117, kad jis m\u016bs\u0173 visuomen\u0117je nepageidaujamas.  <\/p>\n\n<p>Vaiko atsikratymas d\u0117l negalios yra akivaizdus vis\u0173 pagrindini\u0173 \u017emogaus teisi\u0173 ir bet kokios lygyb\u0117s pa\u017eeidimas. Tai pavojinga m\u0105stysena, kuri pasirei\u0161k\u0117 m\u016bs\u0173 visuomen\u0117je, beveik i\u0161naikindama i\u0161tisas \u017emoni\u0173 grupes, pavyzd\u017eiui, \u017emones su trisomija 21 arba Dauno sindromu. Pavyzd\u017eiui, Islandijoje abortuojama beveik 100% vis\u0173 Dauno sindrom\u0105 turin\u010di\u0173 k\u016bdiki\u0173; nuo 2000-\u0173j\u0173 prad\u017eios per metus gimsta tik 2\u20133 vaikai su \u0161ia diagnoze*.  <\/p>\n\n<p>Kas gali nuspr\u0119sti, ar \u017emogaus gyvenimas vertas gyventi, ar \u017emogus vertas gimimo? Niekas netur\u0117t\u0173 tur\u0117ti tokios teis\u0117s! <\/p>\n\n<p class=\"has-small-font-size\">* <a href=\"https:\/\/www.abc.net.au\/news\/2024-05-01\/iceland-prenatal-testing-down-syndrome-ethics\/103781058\" target=\"_blank\" rel=\"noreferrer noopener\">https:\/\/www.abc.net.au\/news\/2024-05-01\/iceland-prenatal-testing-down-syndrome-ethics\/103781058<\/a><\/p>\n","protected":false},"excerpt":{"rendered":"<p>Abortai da\u017enai atliekami, kai gydytojai diagnozuoja galim\u0105 negali\u0105, tai vadinama abortais d\u0117l negalios. Tai akivaizdi ne\u012fgali\u0173j\u0173 diskriminacija. Tokiu b\u016bdu kiekvienam ne\u012fgaliam \u017emogui siun\u010diama \u017einut\u0117, kad jis m\u016bs\u0173 visuomen\u0117je nepageidaujamas. Vaiko<a href=\"https:\/\/prolifeeurope.org\/lt\/ziniu-baze\/kudikiai-su-negalia\/\">Continue reading <span class=\"sr-only\">&#8222;K\u016bdikiai su negalia&#8221;<\/span><\/a><\/p>\n","protected":false},"author":14,"featured_media":0,"parent":2525,"menu_order":0,"comment_status":"closed","ping_status":"closed","template":"page-topic.php","meta":{"_acf_changed":false,"_monsterinsights_skip_tracking":false,"_monsterinsights_sitenote_active":false,"_monsterinsights_sitenote_note":"","_monsterinsights_sitenote_category":0,"footnotes":""},"topic":[],"class_list":["post-2879","page","type-page","status-publish","hentry"],"acf":[],"yoast_head":"<!-- This site is optimized with the Yoast SEO plugin v27.2 - https:\/\/yoast.com\/product\/yoast-seo-wordpress\/ -->\n<title>K\u016bdikiai su negalia - ProLife Europe<\/title>\n<meta name=\"description\" content=\"Abortai da\u017enai atliekami, kai gydytojai nustato galim\u0105 negali\u0105. Tai akivaizdi ne\u012fgali\u0173j\u0173 diskriminacija.\" \/>\n<meta name=\"robots\" content=\"index, follow, max-snippet:-1, max-image-preview:large, max-video-preview:-1\" \/>\n<link rel=\"canonical\" href=\"https:\/\/prolifeeurope.org\/lt\/ziniu-baze\/kudikiai-su-negalia\/\" \/>\n<meta property=\"og:locale\" content=\"lt_LT\" \/>\n<meta property=\"og:type\" content=\"article\" \/>\n<meta property=\"og:title\" content=\"K\u016bdikiai su negalia - ProLife Europe\" \/>\n<meta property=\"og:description\" content=\"Abortai da\u017enai atliekami, kai gydytojai nustato galim\u0105 negali\u0105. Tai akivaizdi ne\u012fgali\u0173j\u0173 diskriminacija.\" \/>\n<meta property=\"og:url\" content=\"https:\/\/prolifeeurope.org\/lt\/ziniu-baze\/kudikiai-su-negalia\/\" \/>\n<meta property=\"og:site_name\" content=\"ProLife Europe\" \/>\n<meta property=\"article:publisher\" content=\"https:\/\/www.facebook.com\/ProLifeEurope\/\" \/>\n<meta property=\"article:modified_time\" content=\"2025-03-21T08:57:04+00:00\" \/>\n<meta name=\"twitter:card\" content=\"summary_large_image\" \/>\n<meta name=\"twitter:label1\" content=\"Est. reading time\" \/>\n\t<meta name=\"twitter:data1\" content=\"1 minut\u0117\" \/>\n<script type=\"application\/ld+json\" class=\"yoast-schema-graph\">{\"@context\":\"https:\/\/schema.org\",\"@graph\":[{\"@type\":\"WebPage\",\"@id\":\"https:\/\/prolifeeurope.org\/lt\/ziniu-baze\/kudikiai-su-negalia\/\",\"url\":\"https:\/\/prolifeeurope.org\/lt\/ziniu-baze\/kudikiai-su-negalia\/\",\"name\":\"K\u016bdikiai su negalia - ProLife Europe\",\"isPartOf\":{\"@id\":\"https:\/\/prolifeeurope.org\/lt\/#website\"},\"datePublished\":\"2025-01-15T17:15:32+00:00\",\"dateModified\":\"2025-03-21T08:57:04+00:00\",\"description\":\"Abortai da\u017enai atliekami, kai gydytojai nustato galim\u0105 negali\u0105. Tai akivaizdi ne\u012fgali\u0173j\u0173 diskriminacija.\",\"breadcrumb\":{\"@id\":\"https:\/\/prolifeeurope.org\/lt\/ziniu-baze\/kudikiai-su-negalia\/#breadcrumb\"},\"inLanguage\":\"lt-LT\",\"potentialAction\":[{\"@type\":\"ReadAction\",\"target\":[\"https:\/\/prolifeeurope.org\/lt\/ziniu-baze\/kudikiai-su-negalia\/\"]}]},{\"@type\":\"BreadcrumbList\",\"@id\":\"https:\/\/prolifeeurope.org\/lt\/ziniu-baze\/kudikiai-su-negalia\/#breadcrumb\",\"itemListElement\":[{\"@type\":\"ListItem\",\"position\":1,\"name\":\"Home\",\"item\":\"https:\/\/prolifeeurope.org\/lt\/\"},{\"@type\":\"ListItem\",\"position\":2,\"name\":\"\u017dini\u0173 baz\u0117\",\"item\":\"https:\/\/prolifeeurope.org\/lt\/ziniu-baze\/\"},{\"@type\":\"ListItem\",\"position\":3,\"name\":\"K\u016bdikiai su negalia\"}]},{\"@type\":\"WebSite\",\"@id\":\"https:\/\/prolifeeurope.org\/lt\/#website\",\"url\":\"https:\/\/prolifeeurope.org\/lt\/\",\"name\":\"ProLife Europe\",\"description\":\"\",\"publisher\":{\"@id\":\"https:\/\/prolifeeurope.org\/lt\/#organization\"},\"potentialAction\":[{\"@type\":\"SearchAction\",\"target\":{\"@type\":\"EntryPoint\",\"urlTemplate\":\"https:\/\/prolifeeurope.org\/lt\/?s={search_term_string}\"},\"query-input\":{\"@type\":\"PropertyValueSpecification\",\"valueRequired\":true,\"valueName\":\"search_term_string\"}}],\"inLanguage\":\"lt-LT\"},{\"@type\":\"Organization\",\"@id\":\"https:\/\/prolifeeurope.org\/lt\/#organization\",\"name\":\"ProLife Europe\",\"url\":\"https:\/\/prolifeeurope.org\/lt\/\",\"logo\":{\"@type\":\"ImageObject\",\"inLanguage\":\"lt-LT\",\"@id\":\"https:\/\/prolifeeurope.org\/lt\/#\/schema\/logo\/image\/\",\"url\":\"https:\/\/prolifeeurope.org\/wp-content\/uploads\/2024\/11\/logo-3.svg\",\"contentUrl\":\"https:\/\/prolifeeurope.org\/wp-content\/uploads\/2024\/11\/logo-3.svg\",\"width\":166,\"height\":170,\"caption\":\"ProLife Europe\"},\"image\":{\"@id\":\"https:\/\/prolifeeurope.org\/lt\/#\/schema\/logo\/image\/\"},\"sameAs\":[\"https:\/\/www.facebook.com\/ProLifeEurope\/\",\"https:\/\/www.instagram.com\/prolife_europe\/\",\"https:\/\/www.youtube.com\/channel\/UC7olgmdiSVEHZUiP554XozA\"]}]}<\/script>\n<!-- \/ Yoast SEO plugin. -->","yoast_head_json":{"title":"K\u016bdikiai su negalia - ProLife Europe","description":"Abortai da\u017enai atliekami, kai gydytojai nustato galim\u0105 negali\u0105. Tai akivaizdi ne\u012fgali\u0173j\u0173 diskriminacija.","robots":{"index":"index","follow":"follow","max-snippet":"max-snippet:-1","max-image-preview":"max-image-preview:large","max-video-preview":"max-video-preview:-1"},"canonical":"https:\/\/prolifeeurope.org\/lt\/ziniu-baze\/kudikiai-su-negalia\/","og_locale":"lt_LT","og_type":"article","og_title":"K\u016bdikiai su negalia - ProLife Europe","og_description":"Abortai da\u017enai atliekami, kai gydytojai nustato galim\u0105 negali\u0105. Tai akivaizdi ne\u012fgali\u0173j\u0173 diskriminacija.","og_url":"https:\/\/prolifeeurope.org\/lt\/ziniu-baze\/kudikiai-su-negalia\/","og_site_name":"ProLife Europe","article_publisher":"https:\/\/www.facebook.com\/ProLifeEurope\/","article_modified_time":"2025-03-21T08:57:04+00:00","twitter_card":"summary_large_image","twitter_misc":{"Est. reading time":"1 minut\u0117"},"schema":{"@context":"https:\/\/schema.org","@graph":[{"@type":"WebPage","@id":"https:\/\/prolifeeurope.org\/lt\/ziniu-baze\/kudikiai-su-negalia\/","url":"https:\/\/prolifeeurope.org\/lt\/ziniu-baze\/kudikiai-su-negalia\/","name":"K\u016bdikiai su negalia - ProLife Europe","isPartOf":{"@id":"https:\/\/prolifeeurope.org\/lt\/#website"},"datePublished":"2025-01-15T17:15:32+00:00","dateModified":"2025-03-21T08:57:04+00:00","description":"Abortai da\u017enai atliekami, kai gydytojai nustato galim\u0105 negali\u0105. Tai akivaizdi ne\u012fgali\u0173j\u0173 diskriminacija.","breadcrumb":{"@id":"https:\/\/prolifeeurope.org\/lt\/ziniu-baze\/kudikiai-su-negalia\/#breadcrumb"},"inLanguage":"lt-LT","potentialAction":[{"@type":"ReadAction","target":["https:\/\/prolifeeurope.org\/lt\/ziniu-baze\/kudikiai-su-negalia\/"]}]},{"@type":"BreadcrumbList","@id":"https:\/\/prolifeeurope.org\/lt\/ziniu-baze\/kudikiai-su-negalia\/#breadcrumb","itemListElement":[{"@type":"ListItem","position":1,"name":"Home","item":"https:\/\/prolifeeurope.org\/lt\/"},{"@type":"ListItem","position":2,"name":"\u017dini\u0173 baz\u0117","item":"https:\/\/prolifeeurope.org\/lt\/ziniu-baze\/"},{"@type":"ListItem","position":3,"name":"K\u016bdikiai su negalia"}]},{"@type":"WebSite","@id":"https:\/\/prolifeeurope.org\/lt\/#website","url":"https:\/\/prolifeeurope.org\/lt\/","name":"ProLife Europe","description":"","publisher":{"@id":"https:\/\/prolifeeurope.org\/lt\/#organization"},"potentialAction":[{"@type":"SearchAction","target":{"@type":"EntryPoint","urlTemplate":"https:\/\/prolifeeurope.org\/lt\/?s={search_term_string}"},"query-input":{"@type":"PropertyValueSpecification","valueRequired":true,"valueName":"search_term_string"}}],"inLanguage":"lt-LT"},{"@type":"Organization","@id":"https:\/\/prolifeeurope.org\/lt\/#organization","name":"ProLife Europe","url":"https:\/\/prolifeeurope.org\/lt\/","logo":{"@type":"ImageObject","inLanguage":"lt-LT","@id":"https:\/\/prolifeeurope.org\/lt\/#\/schema\/logo\/image\/","url":"https:\/\/prolifeeurope.org\/wp-content\/uploads\/2024\/11\/logo-3.svg","contentUrl":"https:\/\/prolifeeurope.org\/wp-content\/uploads\/2024\/11\/logo-3.svg","width":166,"height":170,"caption":"ProLife Europe"},"image":{"@id":"https:\/\/prolifeeurope.org\/lt\/#\/schema\/logo\/image\/"},"sameAs":["https:\/\/www.facebook.com\/ProLifeEurope\/","https:\/\/www.instagram.com\/prolife_europe\/","https:\/\/www.youtube.com\/channel\/UC7olgmdiSVEHZUiP554XozA"]}]}},"_links":{"self":[{"href":"https:\/\/prolifeeurope.org\/lt\/wp-json\/wp\/v2\/pages\/2879","targetHints":{"allow":["GET"]}}],"collection":[{"href":"https:\/\/prolifeeurope.org\/lt\/wp-json\/wp\/v2\/pages"}],"about":[{"href":"https:\/\/prolifeeurope.org\/lt\/wp-json\/wp\/v2\/types\/page"}],"author":[{"embeddable":true,"href":"https:\/\/prolifeeurope.org\/lt\/wp-json\/wp\/v2\/users\/14"}],"replies":[{"embeddable":true,"href":"https:\/\/prolifeeurope.org\/lt\/wp-json\/wp\/v2\/comments?post=2879"}],"version-history":[{"count":1,"href":"https:\/\/prolifeeurope.org\/lt\/wp-json\/wp\/v2\/pages\/2879\/revisions"}],"predecessor-version":[{"id":2880,"href":"https:\/\/prolifeeurope.org\/lt\/wp-json\/wp\/v2\/pages\/2879\/revisions\/2880"}],"up":[{"embeddable":true,"href":"https:\/\/prolifeeurope.org\/lt\/wp-json\/wp\/v2\/pages\/2525"}],"wp:attachment":[{"href":"https:\/\/prolifeeurope.org\/lt\/wp-json\/wp\/v2\/media?parent=2879"}],"wp:term":[{"taxonomy":"topic","embeddable":true,"href":"https:\/\/prolifeeurope.org\/lt\/wp-json\/wp\/v2\/topic?post=2879"}],"curies":[{"name":"wp","href":"https:\/\/api.w.org\/{rel}","templated":true}]}}