{"id":2728,"date":"2025-01-17T19:50:45","date_gmt":"2025-01-17T18:50:45","guid":{"rendered":"https:\/\/ws-staging.prolifeeurope.org\/ziniu-baze\/ivaikinimas-europoje-istatymai-ir-statistika\/"},"modified":"2025-03-21T09:54:47","modified_gmt":"2025-03-21T08:54:47","slug":"ivaikinimas-europoje-istatymai-ir-statistika","status":"publish","type":"page","link":"https:\/\/prolifeeurope.org\/lt\/ziniu-baze\/ivaikinimas-europoje-istatymai-ir-statistika\/","title":{"rendered":"\u012evaikinimas Europoje: \u012fstatymai ir statistika"},"content":{"rendered":"\n<p>Pateikiame trump\u0105 <strong>\u012fvaikinimo \u012fstatym\u0173<\/strong> ir <strong>statistini\u0173 duomen\u0173<\/strong> apie \u012fvairias Europos \u0161alis ap\u017evalg\u0105. \u012evaikinimo \u012fstatymai Europoje labai skiriasi pagal tinkamum\u0105, leid\u017eiamas \u012fvaikinimo r\u016b\u0161is (vietinis ir tarptautinis) ir \u012ft\u0117vi\u0173 teises. Pana\u0161iai skiriasi ir \u012fvaikinimo rodikliai, kurie priklauso nuo kult\u016brini\u0173, teisini\u0173 ir socialini\u0173 bei ekonomini\u0173 veiksni\u0173.  <\/p>\n\n<h2 class=\"wp-block-heading\">Jungtin\u0117 Karalyst\u0117<\/h2>\n\n<ul class=\"wp-block-list\">\n<li><strong>\u012estatymai<\/strong>: \u012evaikinim\u0105 reglamentuoja 2002 m. <strong>\u012evaikinimo ir vaik\u0173 \u012fstatymas<\/strong>. \u012evaikinti gali <strong>susituokusios poros, vieni\u0161i asmenys<\/strong> ir <strong>tos pa\u010dios lyties poros<\/strong> (nuo 2005 m.).  <\/li>\n\n\n\n<li><strong>Statistika<\/strong>: 2021 m. Jungtin\u0117je Karalyst\u0117je \u012fvaikinta apie <strong>3 440 vaik\u0173<\/strong>. \u012evaikinimo rodikliai \u0161iek tiek suma\u017e\u0117jo, ypa\u010d jaunesni\u0173 vaik\u0173. <\/li>\n<\/ul>\n\n<h2 class=\"wp-block-heading\">Pranc\u016bzija<\/h2>\n\n<ul class=\"wp-block-list\">\n<li><strong>\u012estatymai<\/strong>: \u012fvaikinim\u0105 reglamentuoja <strong>Pranc\u016bzijos civilinis kodeksas<\/strong>. Egzistuoja dvi \u012fvaikinimo r\u016b\u0161ys: <strong>visi\u0161kas \u012fvaikinimas<\/strong> (kai nutraukiami ry\u0161iai su biologine \u0161eima) ir <strong>paprastas \u012fvaikinimas<\/strong> (kai i\u0161laikomi tam tikri teisiniai ry\u0161iai). \u012evaikinti gali <strong>susituokusios poros<\/strong> ir pavieniai asmenys.  <\/li>\n\n\n\n<li><strong>Statistika<\/strong>: 2020 m. buvo apie <strong>706 \u012fvaikinimo atvej\u0173<\/strong>. Tarptautini\u0173 \u012fvaikinim\u0173 gerokai suma\u017e\u0117jo d\u0117l grie\u017etesni\u0173 taisykli\u0173. <\/li>\n<\/ul>\n\n<h2 class=\"wp-block-heading\">Vokietija<\/h2>\n\n<ul class=\"wp-block-list\">\n<li><strong>\u012estatymai<\/strong>: \u012fvaikinim\u0105 reglamentuoja <strong>Vokietijos civilinis kodeksas<\/strong>. Pagrindin\u0117s \u012fvaikinimo r\u016b\u0161ys yra <strong>visi\u0161kas ir dalinis \u012fvaikinimas<\/strong> (kai vienas i\u0161 t\u0117v\u0173 turi biologin\u012f ry\u0161\u012f su vaiku). Tos pa\u010dios lyties poros gali \u012fsivaikinti nuo 2017 m. <\/li>\n\n\n\n<li><strong>Statistika<\/strong>: 2020 m. Vokietijoje buvo <strong>3 775<\/strong> \u012fvaikinimo atvejai, i\u0161 kuri\u0173 apie 50 proc. buvo daliniai.<\/li>\n<\/ul>\n\n<h2 class=\"wp-block-heading\">Italija<\/h2>\n\n<ul class=\"wp-block-list\">\n<li><strong>\u012estatymai<\/strong>: \u012fvaikinim\u0105 reglamentuoja <strong>\u012estatymas nr. 184\/1983<\/strong>. Kitaip nei kitose Europos \u0161alyse, \u012fvaikinti gali tik <strong>susituokusios poros<\/strong>. Pavieniai asmenys gali \u012fsivaikinti tik tam tikrais atvejais, pavyzd\u017eiui, \u012fvaikinti sutuoktinio vaik\u0105.  <\/li>\n\n\n\n<li><strong>Statistika<\/strong>: \u012fvaikinim\u0173 skai\u010dius ma\u017eesnis \u2013 2019 m. Italijoje buvo <strong>1 183 \u012fvaikinimo atvejai<\/strong>. Italija, be to, yra aktyvi <strong>tarptautinio \u012fvaikinimo<\/strong> srityje. <\/li>\n<\/ul>\n\n<h2 class=\"wp-block-heading\">\u0160vedija<\/h2>\n\n<ul class=\"wp-block-list\">\n<li><strong>\u012estatymai<\/strong>: reglamentuoja <strong>\u012evaikinimo \u012fstatymas<\/strong>. <strong>Tos pa\u010dios lyties poros<\/strong> gali \u012fsivaikinti; \u0160vedija <strong>leid\u017eia tarptautin\u012f \u012fvaikinim\u0105<\/strong>. Procesui padeda kruop\u0161ti atranka ir skaidri sistema. <\/li>\n\n\n\n<li><strong>Statistika<\/strong>: 2020 m. \u012fvyko apie <strong>411 \u012fvaikinim\u0173<\/strong>, i\u0161 kuri\u0173 didel\u0119 dal\u012f sudar\u0117 tarptautiniai \u012fvaikinimai.<\/li>\n<\/ul>\n\n<h2 class=\"wp-block-heading\">Ispanija<\/h2>\n\n<ul class=\"wp-block-list\">\n<li><strong>\u012estatymai<\/strong>: Ispanijoje leid\u017eiama \u012fvaikinti <strong>susituokusioms poroms, pavieniems asmenims<\/strong> ir <strong>tos pa\u010dios lyties poroms<\/strong>. <\/li>\n\n\n\n<li><strong>Statistika<\/strong>: 2020 m. buvo \u012fvaikinta <strong>apie 1100<\/strong> vaik\u0173. Pastaraisiais metais tarptautini\u0173 \u012fvaikinim\u0173 suma\u017e\u0117jo tiek d\u0117l tarptautin\u0117s teis\u0117s poky\u010di\u0173, tiek d\u0117l ma\u017e\u0117jan\u010dio galim\u0173 \u012fvaikinti vaik\u0173 skai\u010diaus. <\/li>\n<\/ul>\n\n<h2 class=\"wp-block-heading\">Suomija<\/h2>\n\n<ul class=\"wp-block-list\">\n<li><strong>\u012estatymai<\/strong>: \u012fvaikinim\u0105 reglamentuoja <strong>2012 m. Suomijos \u012fvaikinimo \u012fstatymas<\/strong>. \u012evaikinti leid\u017eiama <strong>susituokusiems ir registruotiems partneriams<\/strong>, \u012fskaitant tos pa\u010dios lyties poras.  <\/li>\n\n\n\n<li><strong>Statistika<\/strong>: Per metus Suomijoje \u012fvaikinama palyginti nedaug \u2013 <strong>apie 150 vaik\u0173<\/strong> per metus.<\/li>\n<\/ul>\n\n<h2 class=\"wp-block-heading\">Nyderlandai<\/h2>\n\n<ul class=\"wp-block-list\">\n<li><strong>\u012estatymai<\/strong>: \u012evaikinim\u0105 reglamentuoja <strong>Civilinis kodeksas<\/strong>, pagal kur\u012f susituokusios poros ir tos pa\u010dios lyties poros (nuo 2001 m.) gali <strong>kartu \u012fsivaikinti<\/strong> vaikus. \u012evaikinti gali ir pavieniai asmenys. <\/li>\n\n\n\n<li><strong>Statistika<\/strong>: 2020 m. \u012fvyko <strong>500 \u012fvaikinim\u0173<\/strong>. Istori\u0161kai Nyderlandai buvo tarptautinio \u012fvaikinimo centras, ta\u010diau j\u0173 gerokai suma\u017e\u0117jo. <\/li>\n<\/ul>\n\n<h2 class=\"wp-block-heading\">Lenkija<\/h2>\n\n<ul class=\"wp-block-list\">\n<li><strong>\u012estatymai<\/strong>: \u012evaikinimas leid\u017eiamas <strong>susituokusioms poroms<\/strong>, o kai kuriais atvejais ir pavieniams asmenims. \u012evaikinimas yra grie\u017etai reglamentuojamas, daugiausia d\u0117mesio skiriant \u012fvaikinimui \u0161alies viduje. <\/li>\n\n\n\n<li><strong>Statistika<\/strong>: 2019 m. Lenkijoje \u012fvaikinta <strong>2970 vaik\u0173<\/strong>, daugiausia \u0161alies viduje.<\/li>\n<\/ul>\n\n<h2 class=\"wp-block-heading\">Graikija<\/h2>\n\n<ul class=\"wp-block-list\">\n<li><strong>\u012estatymai<\/strong>: 2018 m. buvo atnaujinti \u012fvaikinimo \u012fstatymai, pagal kuriuos \u012fsivaikinti gali <strong>susituokusios poros<\/strong> ir pavieniai asmenys. Tos pa\u010dios lyties poros \u012fsivaikinti negali. <\/li>\n\n\n\n<li><strong>Statistika<\/strong>: Graikijoje per metus \u012fvaikinama apie <strong>300 vaik\u0173<\/strong>, t. y. palyginti nedaug, ir daug na\u0161lai\u010di\u0173 lieka valstyb\u0117s globoje.<\/li>\n<\/ul>\n\n<h2 class=\"wp-block-heading\">Norvegija<\/h2>\n\n<ul class=\"wp-block-list\">\n<li><strong>\u012estatymai<\/strong>: Norvegijoje \u012fvaikinti gali <strong>pavieniai asmenys<\/strong>, <strong>tos pa\u010dios lyties poros<\/strong> ir <strong>susituokusios poros<\/strong>.<\/li>\n\n\n\n<li><strong>Statistika<\/strong>: Norvegijoje per metus \u012fvyksta apie <strong>250 \u012fvaikinim\u0173<\/strong>, i\u0161 kuri\u0173 dauguma yra tarptautiniai.<\/li>\n<\/ul>\n\n<h2 class=\"wp-block-heading\">Rusija<\/h2>\n\n<ul class=\"wp-block-list\">\n<li><strong>\u012estatymai<\/strong>: \u012evaikinti gali <strong>susituokusios poros<\/strong> ir <strong>pavieniai asmenys<\/strong>. Tos pa\u010dios lyties poros \u012fvaikinti negali. <\/li>\n\n\n\n<li><strong>Statistika<\/strong>: Rusijoje yra <strong>didelis na\u0161lai\u010di\u0173 skai\u010dius<\/strong>. 2019 m. buvo \u012fvaikinta apie <strong>46 000 vaik\u0173<\/strong>, daugelis i\u0161 j\u0173 \u2013 \u0161alies viduje.<\/li>\n<\/ul>\n\n<h2 class=\"wp-block-heading\">Danija<\/h2>\n\n<ul class=\"wp-block-list\">\n<li><strong>\u012estatymai<\/strong>: \u012evaikinti leid\u017eiama <strong>susituokusioms<\/strong> ir <strong>tos pa\u010dios lyties<\/strong> poroms. <strong>Danijos \u012fvaikinimo \u012fstatyme<\/strong> numatyti grie\u017eti \u012fvaikintoj\u0173 patikrinimai. <\/li>\n\n\n\n<li><strong>Statistika<\/strong>: Kasmet \u012fvaikinama apie <strong>200 vaik\u0173<\/strong>, daugiausia i\u0161 u\u017esienio.<\/li>\n<\/ul>\n\n<h2 class=\"wp-block-heading\">Bendros tendencijos:<\/h2>\n\n<ul class=\"wp-block-list\">\n<li><strong>Vietinis ir tarptautinis \u012fvaikinimas<\/strong>: Europoje labiau paplit\u0119s vietinis \u012fvaikinimas, ypa\u010d d\u0117l to, kad tarptautinis \u012fvaikinimas suma\u017e\u0117jo tokiose \u0161alyse kaip Italija, Pranc\u016bzija ir Nyderlandai.<\/li>\n\n\n\n<li><strong>Tos pa\u010dios lyties por\u0173 \u012fvaikinimas<\/strong>: Daugelyje Vakar\u0173 Europos \u0161ali\u0173 tos pa\u010dios lyties por\u0173 \u012fvaikinimas yra legalus, tuo tarpu daugelyje Ryt\u0173 Europos \u0161ali\u0173 ir kai kuriose Piet\u0173 Europos \u0161alyse \u012fvaikinti leid\u017eiama tik susituokusioms poroms.<\/li>\n\n\n\n<li><strong>Tarptautinio \u012fvaikinimo ma\u017e\u0117jimas<\/strong>: Tarptautinio \u012fvaikinimo ma\u017e\u0117jim\u0105 l\u0117m\u0117 grie\u017et\u0117jan\u010dios taisykl\u0117s ir ma\u017eesnis vaik\u0173, kuriuos galima \u012fvaikinti i\u0161 u\u017esienio \u0161ali\u0173, skai\u010dius.<\/li>\n<\/ul>\n","protected":false},"excerpt":{"rendered":"<p>Pateikiame trump\u0105 \u012fvaikinimo \u012fstatym\u0173 ir statistini\u0173 duomen\u0173 apie \u012fvairias Europos \u0161alis ap\u017evalg\u0105. \u012evaikinimo \u012fstatymai Europoje labai skiriasi pagal tinkamum\u0105, leid\u017eiamas \u012fvaikinimo r\u016b\u0161is (vietinis ir tarptautinis) ir \u012ft\u0117vi\u0173 teises. Pana\u0161iai skiriasi<a href=\"https:\/\/prolifeeurope.org\/lt\/ziniu-baze\/ivaikinimas-europoje-istatymai-ir-statistika\/\">Continue reading <span class=\"sr-only\">&#8222;\u012evaikinimas Europoje: \u012fstatymai ir statistika&#8221;<\/span><\/a><\/p>\n","protected":false},"author":14,"featured_media":0,"parent":2525,"menu_order":0,"comment_status":"closed","ping_status":"closed","template":"page-topic.php","meta":{"_acf_changed":false,"_monsterinsights_skip_tracking":false,"_monsterinsights_sitenote_active":false,"_monsterinsights_sitenote_note":"","_monsterinsights_sitenote_category":0,"footnotes":""},"topic":[],"class_list":["post-2728","page","type-page","status-publish","hentry"],"acf":[],"yoast_head":"<!-- This site is optimized with the Yoast SEO plugin v27.2 - https:\/\/yoast.com\/product\/yoast-seo-wordpress\/ -->\n<title>\u012evaikinimas Europoje: \u012fstatymai ir statistika - ProLife Europe<\/title>\n<meta name=\"description\" content=\"\u010cia ap\u017evelgiami \u012fvaikinimo \u012fstatymai ir statistiniai duomenys \u012fvairiose Europos \u0161alyse. Europoje jie labai varijuoja.\" \/>\n<meta name=\"robots\" content=\"index, follow, max-snippet:-1, max-image-preview:large, max-video-preview:-1\" \/>\n<link rel=\"canonical\" href=\"https:\/\/prolifeeurope.org\/lt\/ziniu-baze\/ivaikinimas-europoje-istatymai-ir-statistika\/\" \/>\n<meta property=\"og:locale\" content=\"lt_LT\" \/>\n<meta property=\"og:type\" content=\"article\" \/>\n<meta property=\"og:title\" content=\"\u012evaikinimas Europoje: \u012fstatymai ir statistika - ProLife Europe\" \/>\n<meta property=\"og:description\" content=\"\u010cia ap\u017evelgiami \u012fvaikinimo \u012fstatymai ir statistiniai duomenys \u012fvairiose Europos \u0161alyse. Europoje jie labai varijuoja.\" \/>\n<meta property=\"og:url\" content=\"https:\/\/prolifeeurope.org\/lt\/ziniu-baze\/ivaikinimas-europoje-istatymai-ir-statistika\/\" \/>\n<meta property=\"og:site_name\" content=\"ProLife Europe\" \/>\n<meta property=\"article:publisher\" content=\"https:\/\/www.facebook.com\/ProLifeEurope\/\" \/>\n<meta property=\"article:modified_time\" content=\"2025-03-21T08:54:47+00:00\" \/>\n<meta name=\"twitter:card\" content=\"summary_large_image\" \/>\n<meta name=\"twitter:label1\" content=\"Est. reading time\" \/>\n\t<meta name=\"twitter:data1\" content=\"3 minut\u0117s\" \/>\n<script type=\"application\/ld+json\" class=\"yoast-schema-graph\">{\"@context\":\"https:\/\/schema.org\",\"@graph\":[{\"@type\":\"WebPage\",\"@id\":\"https:\/\/prolifeeurope.org\/lt\/ziniu-baze\/ivaikinimas-europoje-istatymai-ir-statistika\/\",\"url\":\"https:\/\/prolifeeurope.org\/lt\/ziniu-baze\/ivaikinimas-europoje-istatymai-ir-statistika\/\",\"name\":\"\u012evaikinimas Europoje: \u012fstatymai ir statistika - ProLife Europe\",\"isPartOf\":{\"@id\":\"https:\/\/prolifeeurope.org\/lt\/#website\"},\"datePublished\":\"2025-01-17T18:50:45+00:00\",\"dateModified\":\"2025-03-21T08:54:47+00:00\",\"description\":\"\u010cia ap\u017evelgiami \u012fvaikinimo \u012fstatymai ir statistiniai duomenys \u012fvairiose Europos \u0161alyse. Europoje jie labai varijuoja.\",\"breadcrumb\":{\"@id\":\"https:\/\/prolifeeurope.org\/lt\/ziniu-baze\/ivaikinimas-europoje-istatymai-ir-statistika\/#breadcrumb\"},\"inLanguage\":\"lt-LT\",\"potentialAction\":[{\"@type\":\"ReadAction\",\"target\":[\"https:\/\/prolifeeurope.org\/lt\/ziniu-baze\/ivaikinimas-europoje-istatymai-ir-statistika\/\"]}]},{\"@type\":\"BreadcrumbList\",\"@id\":\"https:\/\/prolifeeurope.org\/lt\/ziniu-baze\/ivaikinimas-europoje-istatymai-ir-statistika\/#breadcrumb\",\"itemListElement\":[{\"@type\":\"ListItem\",\"position\":1,\"name\":\"Home\",\"item\":\"https:\/\/prolifeeurope.org\/lt\/\"},{\"@type\":\"ListItem\",\"position\":2,\"name\":\"\u017dini\u0173 baz\u0117\",\"item\":\"https:\/\/prolifeeurope.org\/lt\/ziniu-baze\/\"},{\"@type\":\"ListItem\",\"position\":3,\"name\":\"\u012evaikinimas Europoje: \u012fstatymai ir statistika\"}]},{\"@type\":\"WebSite\",\"@id\":\"https:\/\/prolifeeurope.org\/lt\/#website\",\"url\":\"https:\/\/prolifeeurope.org\/lt\/\",\"name\":\"ProLife Europe\",\"description\":\"\",\"publisher\":{\"@id\":\"https:\/\/prolifeeurope.org\/lt\/#organization\"},\"potentialAction\":[{\"@type\":\"SearchAction\",\"target\":{\"@type\":\"EntryPoint\",\"urlTemplate\":\"https:\/\/prolifeeurope.org\/lt\/?s={search_term_string}\"},\"query-input\":{\"@type\":\"PropertyValueSpecification\",\"valueRequired\":true,\"valueName\":\"search_term_string\"}}],\"inLanguage\":\"lt-LT\"},{\"@type\":\"Organization\",\"@id\":\"https:\/\/prolifeeurope.org\/lt\/#organization\",\"name\":\"ProLife Europe\",\"url\":\"https:\/\/prolifeeurope.org\/lt\/\",\"logo\":{\"@type\":\"ImageObject\",\"inLanguage\":\"lt-LT\",\"@id\":\"https:\/\/prolifeeurope.org\/lt\/#\/schema\/logo\/image\/\",\"url\":\"https:\/\/prolifeeurope.org\/wp-content\/uploads\/2024\/11\/logo-3.svg\",\"contentUrl\":\"https:\/\/prolifeeurope.org\/wp-content\/uploads\/2024\/11\/logo-3.svg\",\"width\":166,\"height\":170,\"caption\":\"ProLife Europe\"},\"image\":{\"@id\":\"https:\/\/prolifeeurope.org\/lt\/#\/schema\/logo\/image\/\"},\"sameAs\":[\"https:\/\/www.facebook.com\/ProLifeEurope\/\",\"https:\/\/www.instagram.com\/prolife_europe\/\",\"https:\/\/www.youtube.com\/channel\/UC7olgmdiSVEHZUiP554XozA\"]}]}<\/script>\n<!-- \/ Yoast SEO plugin. -->","yoast_head_json":{"title":"\u012evaikinimas Europoje: \u012fstatymai ir statistika - ProLife Europe","description":"\u010cia ap\u017evelgiami \u012fvaikinimo \u012fstatymai ir statistiniai duomenys \u012fvairiose Europos \u0161alyse. Europoje jie labai varijuoja.","robots":{"index":"index","follow":"follow","max-snippet":"max-snippet:-1","max-image-preview":"max-image-preview:large","max-video-preview":"max-video-preview:-1"},"canonical":"https:\/\/prolifeeurope.org\/lt\/ziniu-baze\/ivaikinimas-europoje-istatymai-ir-statistika\/","og_locale":"lt_LT","og_type":"article","og_title":"\u012evaikinimas Europoje: \u012fstatymai ir statistika - ProLife Europe","og_description":"\u010cia ap\u017evelgiami \u012fvaikinimo \u012fstatymai ir statistiniai duomenys \u012fvairiose Europos \u0161alyse. Europoje jie labai varijuoja.","og_url":"https:\/\/prolifeeurope.org\/lt\/ziniu-baze\/ivaikinimas-europoje-istatymai-ir-statistika\/","og_site_name":"ProLife Europe","article_publisher":"https:\/\/www.facebook.com\/ProLifeEurope\/","article_modified_time":"2025-03-21T08:54:47+00:00","twitter_card":"summary_large_image","twitter_misc":{"Est. reading time":"3 minut\u0117s"},"schema":{"@context":"https:\/\/schema.org","@graph":[{"@type":"WebPage","@id":"https:\/\/prolifeeurope.org\/lt\/ziniu-baze\/ivaikinimas-europoje-istatymai-ir-statistika\/","url":"https:\/\/prolifeeurope.org\/lt\/ziniu-baze\/ivaikinimas-europoje-istatymai-ir-statistika\/","name":"\u012evaikinimas Europoje: \u012fstatymai ir statistika - ProLife Europe","isPartOf":{"@id":"https:\/\/prolifeeurope.org\/lt\/#website"},"datePublished":"2025-01-17T18:50:45+00:00","dateModified":"2025-03-21T08:54:47+00:00","description":"\u010cia ap\u017evelgiami \u012fvaikinimo \u012fstatymai ir statistiniai duomenys \u012fvairiose Europos \u0161alyse. Europoje jie labai varijuoja.","breadcrumb":{"@id":"https:\/\/prolifeeurope.org\/lt\/ziniu-baze\/ivaikinimas-europoje-istatymai-ir-statistika\/#breadcrumb"},"inLanguage":"lt-LT","potentialAction":[{"@type":"ReadAction","target":["https:\/\/prolifeeurope.org\/lt\/ziniu-baze\/ivaikinimas-europoje-istatymai-ir-statistika\/"]}]},{"@type":"BreadcrumbList","@id":"https:\/\/prolifeeurope.org\/lt\/ziniu-baze\/ivaikinimas-europoje-istatymai-ir-statistika\/#breadcrumb","itemListElement":[{"@type":"ListItem","position":1,"name":"Home","item":"https:\/\/prolifeeurope.org\/lt\/"},{"@type":"ListItem","position":2,"name":"\u017dini\u0173 baz\u0117","item":"https:\/\/prolifeeurope.org\/lt\/ziniu-baze\/"},{"@type":"ListItem","position":3,"name":"\u012evaikinimas Europoje: \u012fstatymai ir statistika"}]},{"@type":"WebSite","@id":"https:\/\/prolifeeurope.org\/lt\/#website","url":"https:\/\/prolifeeurope.org\/lt\/","name":"ProLife Europe","description":"","publisher":{"@id":"https:\/\/prolifeeurope.org\/lt\/#organization"},"potentialAction":[{"@type":"SearchAction","target":{"@type":"EntryPoint","urlTemplate":"https:\/\/prolifeeurope.org\/lt\/?s={search_term_string}"},"query-input":{"@type":"PropertyValueSpecification","valueRequired":true,"valueName":"search_term_string"}}],"inLanguage":"lt-LT"},{"@type":"Organization","@id":"https:\/\/prolifeeurope.org\/lt\/#organization","name":"ProLife Europe","url":"https:\/\/prolifeeurope.org\/lt\/","logo":{"@type":"ImageObject","inLanguage":"lt-LT","@id":"https:\/\/prolifeeurope.org\/lt\/#\/schema\/logo\/image\/","url":"https:\/\/prolifeeurope.org\/wp-content\/uploads\/2024\/11\/logo-3.svg","contentUrl":"https:\/\/prolifeeurope.org\/wp-content\/uploads\/2024\/11\/logo-3.svg","width":166,"height":170,"caption":"ProLife Europe"},"image":{"@id":"https:\/\/prolifeeurope.org\/lt\/#\/schema\/logo\/image\/"},"sameAs":["https:\/\/www.facebook.com\/ProLifeEurope\/","https:\/\/www.instagram.com\/prolife_europe\/","https:\/\/www.youtube.com\/channel\/UC7olgmdiSVEHZUiP554XozA"]}]}},"_links":{"self":[{"href":"https:\/\/prolifeeurope.org\/lt\/wp-json\/wp\/v2\/pages\/2728","targetHints":{"allow":["GET"]}}],"collection":[{"href":"https:\/\/prolifeeurope.org\/lt\/wp-json\/wp\/v2\/pages"}],"about":[{"href":"https:\/\/prolifeeurope.org\/lt\/wp-json\/wp\/v2\/types\/page"}],"author":[{"embeddable":true,"href":"https:\/\/prolifeeurope.org\/lt\/wp-json\/wp\/v2\/users\/14"}],"replies":[{"embeddable":true,"href":"https:\/\/prolifeeurope.org\/lt\/wp-json\/wp\/v2\/comments?post=2728"}],"version-history":[{"count":2,"href":"https:\/\/prolifeeurope.org\/lt\/wp-json\/wp\/v2\/pages\/2728\/revisions"}],"predecessor-version":[{"id":2999,"href":"https:\/\/prolifeeurope.org\/lt\/wp-json\/wp\/v2\/pages\/2728\/revisions\/2999"}],"up":[{"embeddable":true,"href":"https:\/\/prolifeeurope.org\/lt\/wp-json\/wp\/v2\/pages\/2525"}],"wp:attachment":[{"href":"https:\/\/prolifeeurope.org\/lt\/wp-json\/wp\/v2\/media?parent=2728"}],"wp:term":[{"taxonomy":"topic","embeddable":true,"href":"https:\/\/prolifeeurope.org\/lt\/wp-json\/wp\/v2\/topic?post=2728"}],"curies":[{"name":"wp","href":"https:\/\/api.w.org\/{rel}","templated":true}]}}