{"id":2674,"date":"2025-01-15T18:01:38","date_gmt":"2025-01-15T17:01:38","guid":{"rendered":"https:\/\/ws-staging.prolifeeurope.org\/ziniu-baze\/abortas-motinos-gyvybei-issaugoti\/"},"modified":"2025-03-21T09:50:17","modified_gmt":"2025-03-21T08:50:17","slug":"abortas-motinos-gyvybei-issaugoti","status":"publish","type":"page","link":"https:\/\/prolifeeurope.org\/lt\/ziniu-baze\/abortas-motinos-gyvybei-issaugoti\/","title":{"rendered":"Abortas motinos gyvybei i\u0161saugoti?"},"content":{"rendered":"\n<p>Rimtos n\u0117\u0161\u010dios moters sveikatos problemos, pavyzd\u017eiui, nepagydomas v\u0117\u017eys, jokiomis aplinkyb\u0117mis nepateisina jos negimusio vaiko nu\u017eudymo. Abortas niekada neb\u016btinas motinos gyvybei gelb\u0117ti, nes jos viduje esantis vaikas niekaip neprisideda prie jos ligos pablog\u0117jimo. Vaisius ar embrionas yra ne patogeninis veiksnys, nekontroliuojamai augantis gimdoje ir platinantis lig\u0105, o savaranki\u0161kas \u017emogaus organizmas su savo biologine sistema. Tod\u0117l n\u0117ra joki\u0173 moksli\u0161kai ar eti\u0161kai pagr\u012fst\u0173 argument\u0173 u\u017e abort\u0105 kaip medicinin\u0119 pagalb\u0105 ar veiksming\u0105 ligos gydymo priemon\u0119.   <\/p>\n\n<p>\u0160\u012f teigin\u012f patvirtina Dublino deklaracija d\u0117l motinos sveikatos prie\u017ei\u016bros*. \u0160\u012f dokument\u0105 2012 m. pasira\u0161\u0117 vir\u0161 t\u016bkstan\u010dio aku\u0161eri\u0173 ir ginekolog\u0173. Deklaracijoje teigiama, kad \u201eyra esminis skirtumas tarp aborto ir b\u016btino medicininio gydymo, kuris atliekamas siekiant i\u0161gelb\u0117ti motinos gyvyb\u0119, net jei d\u0117l tokio gydymo prarandama jos negimusio vaiko gyvyb\u0117\u201c, ir kad \u201eabort\u0173 draudimas nedaro jokios \u012ftakos besilaukian\u010di\u0173j\u0173 optimalios prie\u017ei\u016bros prieinamumui.\u201c   <\/p>\n\n<p class=\"has-small-font-size\">* <a href=\"https:\/\/www.dublindeclaration.com\/about\/\" target=\"_blank\" rel=\"noreferrer noopener\">https:\/\/www.dublindeclaration.com\/about\/<\/a><\/p>\n","protected":false},"excerpt":{"rendered":"<p>Rimtos n\u0117\u0161\u010dios moters sveikatos problemos, pavyzd\u017eiui, nepagydomas v\u0117\u017eys, jokiomis aplinkyb\u0117mis nepateisina jos negimusio vaiko nu\u017eudymo. Abortas niekada neb\u016btinas motinos gyvybei gelb\u0117ti, nes jos viduje esantis vaikas niekaip neprisideda prie jos<a href=\"https:\/\/prolifeeurope.org\/lt\/ziniu-baze\/abortas-motinos-gyvybei-issaugoti\/\">Continue reading <span class=\"sr-only\">&#8222;Abortas motinos gyvybei i\u0161saugoti?&#8221;<\/span><\/a><\/p>\n","protected":false},"author":14,"featured_media":0,"parent":2525,"menu_order":0,"comment_status":"closed","ping_status":"closed","template":"page-topic.php","meta":{"_acf_changed":false,"_monsterinsights_skip_tracking":false,"_monsterinsights_sitenote_active":false,"_monsterinsights_sitenote_note":"","_monsterinsights_sitenote_category":0,"footnotes":""},"topic":[],"class_list":["post-2674","page","type-page","status-publish","hentry"],"acf":[],"yoast_head":"<!-- This site is optimized with the Yoast SEO plugin v27.2 - https:\/\/yoast.com\/product\/yoast-seo-wordpress\/ -->\n<title>Abortas motinos gyvybei i\u0161saugoti? - ProLife Europe<\/title>\n<meta name=\"description\" content=\"Kiekviena gyvyb\u0117 yra vienodai vertinga \u2013 gimusi ir negimusi. \u012e k\u0105 reikia atsi\u017evelgti situacijose, kai kyla pavojus motinos gyvybei?\" \/>\n<meta name=\"robots\" content=\"index, follow, max-snippet:-1, max-image-preview:large, max-video-preview:-1\" \/>\n<link rel=\"canonical\" href=\"https:\/\/prolifeeurope.org\/lt\/ziniu-baze\/abortas-motinos-gyvybei-issaugoti\/\" \/>\n<meta property=\"og:locale\" content=\"lt_LT\" \/>\n<meta property=\"og:type\" content=\"article\" \/>\n<meta property=\"og:title\" content=\"Abortas motinos gyvybei i\u0161saugoti? - ProLife Europe\" \/>\n<meta property=\"og:description\" content=\"Kiekviena gyvyb\u0117 yra vienodai vertinga \u2013 gimusi ir negimusi. \u012e k\u0105 reikia atsi\u017evelgti situacijose, kai kyla pavojus motinos gyvybei?\" \/>\n<meta property=\"og:url\" content=\"https:\/\/prolifeeurope.org\/lt\/ziniu-baze\/abortas-motinos-gyvybei-issaugoti\/\" \/>\n<meta property=\"og:site_name\" content=\"ProLife Europe\" \/>\n<meta property=\"article:publisher\" content=\"https:\/\/www.facebook.com\/ProLifeEurope\/\" \/>\n<meta property=\"article:modified_time\" content=\"2025-03-21T08:50:17+00:00\" \/>\n<meta name=\"twitter:card\" content=\"summary_large_image\" \/>\n<meta name=\"twitter:label1\" content=\"Est. reading time\" \/>\n\t<meta name=\"twitter:data1\" content=\"1 minut\u0117\" \/>\n<script type=\"application\/ld+json\" class=\"yoast-schema-graph\">{\"@context\":\"https:\/\/schema.org\",\"@graph\":[{\"@type\":\"WebPage\",\"@id\":\"https:\/\/prolifeeurope.org\/lt\/ziniu-baze\/abortas-motinos-gyvybei-issaugoti\/\",\"url\":\"https:\/\/prolifeeurope.org\/lt\/ziniu-baze\/abortas-motinos-gyvybei-issaugoti\/\",\"name\":\"Abortas motinos gyvybei i\u0161saugoti? - ProLife Europe\",\"isPartOf\":{\"@id\":\"https:\/\/prolifeeurope.org\/lt\/#website\"},\"datePublished\":\"2025-01-15T17:01:38+00:00\",\"dateModified\":\"2025-03-21T08:50:17+00:00\",\"description\":\"Kiekviena gyvyb\u0117 yra vienodai vertinga \u2013 gimusi ir negimusi. \u012e k\u0105 reikia atsi\u017evelgti situacijose, kai kyla pavojus motinos gyvybei?\",\"breadcrumb\":{\"@id\":\"https:\/\/prolifeeurope.org\/lt\/ziniu-baze\/abortas-motinos-gyvybei-issaugoti\/#breadcrumb\"},\"inLanguage\":\"lt-LT\",\"potentialAction\":[{\"@type\":\"ReadAction\",\"target\":[\"https:\/\/prolifeeurope.org\/lt\/ziniu-baze\/abortas-motinos-gyvybei-issaugoti\/\"]}]},{\"@type\":\"BreadcrumbList\",\"@id\":\"https:\/\/prolifeeurope.org\/lt\/ziniu-baze\/abortas-motinos-gyvybei-issaugoti\/#breadcrumb\",\"itemListElement\":[{\"@type\":\"ListItem\",\"position\":1,\"name\":\"Home\",\"item\":\"https:\/\/prolifeeurope.org\/lt\/\"},{\"@type\":\"ListItem\",\"position\":2,\"name\":\"\u017dini\u0173 baz\u0117\",\"item\":\"https:\/\/prolifeeurope.org\/lt\/ziniu-baze\/\"},{\"@type\":\"ListItem\",\"position\":3,\"name\":\"Abortas motinos gyvybei i\u0161saugoti?\"}]},{\"@type\":\"WebSite\",\"@id\":\"https:\/\/prolifeeurope.org\/lt\/#website\",\"url\":\"https:\/\/prolifeeurope.org\/lt\/\",\"name\":\"ProLife Europe\",\"description\":\"\",\"publisher\":{\"@id\":\"https:\/\/prolifeeurope.org\/lt\/#organization\"},\"potentialAction\":[{\"@type\":\"SearchAction\",\"target\":{\"@type\":\"EntryPoint\",\"urlTemplate\":\"https:\/\/prolifeeurope.org\/lt\/?s={search_term_string}\"},\"query-input\":{\"@type\":\"PropertyValueSpecification\",\"valueRequired\":true,\"valueName\":\"search_term_string\"}}],\"inLanguage\":\"lt-LT\"},{\"@type\":\"Organization\",\"@id\":\"https:\/\/prolifeeurope.org\/lt\/#organization\",\"name\":\"ProLife Europe\",\"url\":\"https:\/\/prolifeeurope.org\/lt\/\",\"logo\":{\"@type\":\"ImageObject\",\"inLanguage\":\"lt-LT\",\"@id\":\"https:\/\/prolifeeurope.org\/lt\/#\/schema\/logo\/image\/\",\"url\":\"https:\/\/prolifeeurope.org\/wp-content\/uploads\/2024\/11\/logo-3.svg\",\"contentUrl\":\"https:\/\/prolifeeurope.org\/wp-content\/uploads\/2024\/11\/logo-3.svg\",\"width\":166,\"height\":170,\"caption\":\"ProLife Europe\"},\"image\":{\"@id\":\"https:\/\/prolifeeurope.org\/lt\/#\/schema\/logo\/image\/\"},\"sameAs\":[\"https:\/\/www.facebook.com\/ProLifeEurope\/\",\"https:\/\/www.instagram.com\/prolife_europe\/\",\"https:\/\/www.youtube.com\/channel\/UC7olgmdiSVEHZUiP554XozA\"]}]}<\/script>\n<!-- \/ Yoast SEO plugin. -->","yoast_head_json":{"title":"Abortas motinos gyvybei i\u0161saugoti? - ProLife Europe","description":"Kiekviena gyvyb\u0117 yra vienodai vertinga \u2013 gimusi ir negimusi. \u012e k\u0105 reikia atsi\u017evelgti situacijose, kai kyla pavojus motinos gyvybei?","robots":{"index":"index","follow":"follow","max-snippet":"max-snippet:-1","max-image-preview":"max-image-preview:large","max-video-preview":"max-video-preview:-1"},"canonical":"https:\/\/prolifeeurope.org\/lt\/ziniu-baze\/abortas-motinos-gyvybei-issaugoti\/","og_locale":"lt_LT","og_type":"article","og_title":"Abortas motinos gyvybei i\u0161saugoti? - ProLife Europe","og_description":"Kiekviena gyvyb\u0117 yra vienodai vertinga \u2013 gimusi ir negimusi. \u012e k\u0105 reikia atsi\u017evelgti situacijose, kai kyla pavojus motinos gyvybei?","og_url":"https:\/\/prolifeeurope.org\/lt\/ziniu-baze\/abortas-motinos-gyvybei-issaugoti\/","og_site_name":"ProLife Europe","article_publisher":"https:\/\/www.facebook.com\/ProLifeEurope\/","article_modified_time":"2025-03-21T08:50:17+00:00","twitter_card":"summary_large_image","twitter_misc":{"Est. reading time":"1 minut\u0117"},"schema":{"@context":"https:\/\/schema.org","@graph":[{"@type":"WebPage","@id":"https:\/\/prolifeeurope.org\/lt\/ziniu-baze\/abortas-motinos-gyvybei-issaugoti\/","url":"https:\/\/prolifeeurope.org\/lt\/ziniu-baze\/abortas-motinos-gyvybei-issaugoti\/","name":"Abortas motinos gyvybei i\u0161saugoti? - ProLife Europe","isPartOf":{"@id":"https:\/\/prolifeeurope.org\/lt\/#website"},"datePublished":"2025-01-15T17:01:38+00:00","dateModified":"2025-03-21T08:50:17+00:00","description":"Kiekviena gyvyb\u0117 yra vienodai vertinga \u2013 gimusi ir negimusi. \u012e k\u0105 reikia atsi\u017evelgti situacijose, kai kyla pavojus motinos gyvybei?","breadcrumb":{"@id":"https:\/\/prolifeeurope.org\/lt\/ziniu-baze\/abortas-motinos-gyvybei-issaugoti\/#breadcrumb"},"inLanguage":"lt-LT","potentialAction":[{"@type":"ReadAction","target":["https:\/\/prolifeeurope.org\/lt\/ziniu-baze\/abortas-motinos-gyvybei-issaugoti\/"]}]},{"@type":"BreadcrumbList","@id":"https:\/\/prolifeeurope.org\/lt\/ziniu-baze\/abortas-motinos-gyvybei-issaugoti\/#breadcrumb","itemListElement":[{"@type":"ListItem","position":1,"name":"Home","item":"https:\/\/prolifeeurope.org\/lt\/"},{"@type":"ListItem","position":2,"name":"\u017dini\u0173 baz\u0117","item":"https:\/\/prolifeeurope.org\/lt\/ziniu-baze\/"},{"@type":"ListItem","position":3,"name":"Abortas motinos gyvybei i\u0161saugoti?"}]},{"@type":"WebSite","@id":"https:\/\/prolifeeurope.org\/lt\/#website","url":"https:\/\/prolifeeurope.org\/lt\/","name":"ProLife Europe","description":"","publisher":{"@id":"https:\/\/prolifeeurope.org\/lt\/#organization"},"potentialAction":[{"@type":"SearchAction","target":{"@type":"EntryPoint","urlTemplate":"https:\/\/prolifeeurope.org\/lt\/?s={search_term_string}"},"query-input":{"@type":"PropertyValueSpecification","valueRequired":true,"valueName":"search_term_string"}}],"inLanguage":"lt-LT"},{"@type":"Organization","@id":"https:\/\/prolifeeurope.org\/lt\/#organization","name":"ProLife Europe","url":"https:\/\/prolifeeurope.org\/lt\/","logo":{"@type":"ImageObject","inLanguage":"lt-LT","@id":"https:\/\/prolifeeurope.org\/lt\/#\/schema\/logo\/image\/","url":"https:\/\/prolifeeurope.org\/wp-content\/uploads\/2024\/11\/logo-3.svg","contentUrl":"https:\/\/prolifeeurope.org\/wp-content\/uploads\/2024\/11\/logo-3.svg","width":166,"height":170,"caption":"ProLife Europe"},"image":{"@id":"https:\/\/prolifeeurope.org\/lt\/#\/schema\/logo\/image\/"},"sameAs":["https:\/\/www.facebook.com\/ProLifeEurope\/","https:\/\/www.instagram.com\/prolife_europe\/","https:\/\/www.youtube.com\/channel\/UC7olgmdiSVEHZUiP554XozA"]}]}},"_links":{"self":[{"href":"https:\/\/prolifeeurope.org\/lt\/wp-json\/wp\/v2\/pages\/2674","targetHints":{"allow":["GET"]}}],"collection":[{"href":"https:\/\/prolifeeurope.org\/lt\/wp-json\/wp\/v2\/pages"}],"about":[{"href":"https:\/\/prolifeeurope.org\/lt\/wp-json\/wp\/v2\/types\/page"}],"author":[{"embeddable":true,"href":"https:\/\/prolifeeurope.org\/lt\/wp-json\/wp\/v2\/users\/14"}],"replies":[{"embeddable":true,"href":"https:\/\/prolifeeurope.org\/lt\/wp-json\/wp\/v2\/comments?post=2674"}],"version-history":[{"count":1,"href":"https:\/\/prolifeeurope.org\/lt\/wp-json\/wp\/v2\/pages\/2674\/revisions"}],"predecessor-version":[{"id":2675,"href":"https:\/\/prolifeeurope.org\/lt\/wp-json\/wp\/v2\/pages\/2674\/revisions\/2675"}],"up":[{"embeddable":true,"href":"https:\/\/prolifeeurope.org\/lt\/wp-json\/wp\/v2\/pages\/2525"}],"wp:attachment":[{"href":"https:\/\/prolifeeurope.org\/lt\/wp-json\/wp\/v2\/media?parent=2674"}],"wp:term":[{"taxonomy":"topic","embeddable":true,"href":"https:\/\/prolifeeurope.org\/lt\/wp-json\/wp\/v2\/topic?post=2674"}],"curies":[{"name":"wp","href":"https:\/\/api.w.org\/{rel}","templated":true}]}}