{"id":2672,"date":"2025-01-15T16:52:35","date_gmt":"2025-01-15T15:52:35","guid":{"rendered":"https:\/\/ws-staging.prolifeeurope.org\/ziniu-baze\/aborto-pasekmes\/"},"modified":"2025-03-21T09:50:44","modified_gmt":"2025-03-21T08:50:44","slug":"aborto-pasekmes","status":"publish","type":"page","link":"https:\/\/prolifeeurope.org\/lt\/ziniu-baze\/aborto-pasekmes\/","title":{"rendered":"Aborto pasekm\u0117s"},"content":{"rendered":"\n<p>Priklausomai nuo to, koks aborto metodas taikomas, motinos sveikatai gresia \u012fvairios rizikos:<\/p>\n\n<ul class=\"wp-block-list\">\n<li>Sunkus kraujavimas, sunkiais atvejais galintis sukelti mirt\u012f<\/li>\n\n\n\n<li>Sepsis, jei abortas buvo nebaigtas<\/li>\n\n\n\n<li>Gimdos kaklelio su\u017ealojimas, galintis sukelti persileidim\u0105 ateityje<\/li>\n\n\n\n<li>Gimdos su\u017ealojimas, kuris taip pat padidina persileidimo rizik\u0105 v\u0117lesni\u0173 n\u0117\u0161tum\u0173 metu<\/li>\n\n\n\n<li>Gimdos ply\u0161imas, sukeliantis vidin\u012f kraujavim\u0105 <\/li>\n<\/ul>\n\n<p>Buvo atlikta \u012fvairi\u0173 tyrim\u0173, tikrinan\u010di\u0173 ry\u0161\u012f tarp aborto ir kr\u016bties v\u0117\u017eio rizikos. Min\u0117toji rizika yra \u0161iek tiek didesn\u0117 moterims jau po pirmo aborto ir did\u0117ja su kiekvienu sekan\u010diu abortu. <\/p>\n\n<p class=\"has-small-font-size\">* <a href=\"https:\/\/onlinelibrary.wiley.com\/doi\/abs\/10.1002\/ijc.22001\" target=\"_blank\" rel=\"noreferrer noopener\">https:\/\/onlinelibrary.wiley.com\/doi\/abs\/10.1002\/ijc.22001<\/a><\/p>\n","protected":false},"excerpt":{"rendered":"<p>Priklausomai nuo to, koks aborto metodas taikomas, motinos sveikatai gresia \u012fvairios rizikos: Buvo atlikta \u012fvairi\u0173 tyrim\u0173, tikrinan\u010di\u0173 ry\u0161\u012f tarp aborto ir kr\u016bties v\u0117\u017eio rizikos. Min\u0117toji rizika yra \u0161iek tiek didesn\u0117<a href=\"https:\/\/prolifeeurope.org\/lt\/ziniu-baze\/aborto-pasekmes\/\">Continue reading <span class=\"sr-only\">&#8222;Aborto pasekm\u0117s&#8221;<\/span><\/a><\/p>\n","protected":false},"author":14,"featured_media":0,"parent":2525,"menu_order":0,"comment_status":"closed","ping_status":"closed","template":"page-topic.php","meta":{"_acf_changed":false,"_monsterinsights_skip_tracking":false,"_monsterinsights_sitenote_active":false,"_monsterinsights_sitenote_note":"","_monsterinsights_sitenote_category":0,"footnotes":""},"topic":[],"class_list":["post-2672","page","type-page","status-publish","hentry"],"acf":[],"yoast_head":"<!-- This site is optimized with the Yoast SEO plugin v27.2 - https:\/\/yoast.com\/product\/yoast-seo-wordpress\/ -->\n<title>Aborto pasekm\u0117s - ProLife Europe<\/title>\n<meta name=\"description\" content=\"Priklausomai nuo to, koks aborto metodas taikomas, motinos sveikatai gresia \u012fvairios rizikos.\" \/>\n<meta name=\"robots\" content=\"index, follow, max-snippet:-1, max-image-preview:large, max-video-preview:-1\" \/>\n<link rel=\"canonical\" href=\"https:\/\/prolifeeurope.org\/lt\/ziniu-baze\/aborto-pasekmes\/\" \/>\n<meta property=\"og:locale\" content=\"lt_LT\" \/>\n<meta property=\"og:type\" content=\"article\" \/>\n<meta property=\"og:title\" content=\"Aborto pasekm\u0117s - ProLife Europe\" \/>\n<meta property=\"og:description\" content=\"Priklausomai nuo to, koks aborto metodas taikomas, motinos sveikatai gresia \u012fvairios rizikos.\" \/>\n<meta property=\"og:url\" content=\"https:\/\/prolifeeurope.org\/lt\/ziniu-baze\/aborto-pasekmes\/\" \/>\n<meta property=\"og:site_name\" content=\"ProLife Europe\" \/>\n<meta property=\"article:publisher\" content=\"https:\/\/www.facebook.com\/ProLifeEurope\/\" \/>\n<meta property=\"article:modified_time\" content=\"2025-03-21T08:50:44+00:00\" \/>\n<meta name=\"twitter:card\" content=\"summary_large_image\" \/>\n<meta name=\"twitter:label1\" content=\"Est. reading time\" \/>\n\t<meta name=\"twitter:data1\" content=\"1 minut\u0117\" \/>\n<script type=\"application\/ld+json\" class=\"yoast-schema-graph\">{\"@context\":\"https:\/\/schema.org\",\"@graph\":[{\"@type\":\"WebPage\",\"@id\":\"https:\/\/prolifeeurope.org\/lt\/ziniu-baze\/aborto-pasekmes\/\",\"url\":\"https:\/\/prolifeeurope.org\/lt\/ziniu-baze\/aborto-pasekmes\/\",\"name\":\"Aborto pasekm\u0117s - ProLife Europe\",\"isPartOf\":{\"@id\":\"https:\/\/prolifeeurope.org\/lt\/#website\"},\"datePublished\":\"2025-01-15T15:52:35+00:00\",\"dateModified\":\"2025-03-21T08:50:44+00:00\",\"description\":\"Priklausomai nuo to, koks aborto metodas taikomas, motinos sveikatai gresia \u012fvairios rizikos.\",\"breadcrumb\":{\"@id\":\"https:\/\/prolifeeurope.org\/lt\/ziniu-baze\/aborto-pasekmes\/#breadcrumb\"},\"inLanguage\":\"lt-LT\",\"potentialAction\":[{\"@type\":\"ReadAction\",\"target\":[\"https:\/\/prolifeeurope.org\/lt\/ziniu-baze\/aborto-pasekmes\/\"]}]},{\"@type\":\"BreadcrumbList\",\"@id\":\"https:\/\/prolifeeurope.org\/lt\/ziniu-baze\/aborto-pasekmes\/#breadcrumb\",\"itemListElement\":[{\"@type\":\"ListItem\",\"position\":1,\"name\":\"Home\",\"item\":\"https:\/\/prolifeeurope.org\/lt\/\"},{\"@type\":\"ListItem\",\"position\":2,\"name\":\"\u017dini\u0173 baz\u0117\",\"item\":\"https:\/\/prolifeeurope.org\/lt\/ziniu-baze\/\"},{\"@type\":\"ListItem\",\"position\":3,\"name\":\"Aborto pasekm\u0117s\"}]},{\"@type\":\"WebSite\",\"@id\":\"https:\/\/prolifeeurope.org\/lt\/#website\",\"url\":\"https:\/\/prolifeeurope.org\/lt\/\",\"name\":\"ProLife Europe\",\"description\":\"\",\"publisher\":{\"@id\":\"https:\/\/prolifeeurope.org\/lt\/#organization\"},\"potentialAction\":[{\"@type\":\"SearchAction\",\"target\":{\"@type\":\"EntryPoint\",\"urlTemplate\":\"https:\/\/prolifeeurope.org\/lt\/?s={search_term_string}\"},\"query-input\":{\"@type\":\"PropertyValueSpecification\",\"valueRequired\":true,\"valueName\":\"search_term_string\"}}],\"inLanguage\":\"lt-LT\"},{\"@type\":\"Organization\",\"@id\":\"https:\/\/prolifeeurope.org\/lt\/#organization\",\"name\":\"ProLife Europe\",\"url\":\"https:\/\/prolifeeurope.org\/lt\/\",\"logo\":{\"@type\":\"ImageObject\",\"inLanguage\":\"lt-LT\",\"@id\":\"https:\/\/prolifeeurope.org\/lt\/#\/schema\/logo\/image\/\",\"url\":\"https:\/\/prolifeeurope.org\/wp-content\/uploads\/2024\/11\/logo-3.svg\",\"contentUrl\":\"https:\/\/prolifeeurope.org\/wp-content\/uploads\/2024\/11\/logo-3.svg\",\"width\":166,\"height\":170,\"caption\":\"ProLife Europe\"},\"image\":{\"@id\":\"https:\/\/prolifeeurope.org\/lt\/#\/schema\/logo\/image\/\"},\"sameAs\":[\"https:\/\/www.facebook.com\/ProLifeEurope\/\",\"https:\/\/www.instagram.com\/prolife_europe\/\",\"https:\/\/www.youtube.com\/channel\/UC7olgmdiSVEHZUiP554XozA\"]}]}<\/script>\n<!-- \/ Yoast SEO plugin. -->","yoast_head_json":{"title":"Aborto pasekm\u0117s - ProLife Europe","description":"Priklausomai nuo to, koks aborto metodas taikomas, motinos sveikatai gresia \u012fvairios rizikos.","robots":{"index":"index","follow":"follow","max-snippet":"max-snippet:-1","max-image-preview":"max-image-preview:large","max-video-preview":"max-video-preview:-1"},"canonical":"https:\/\/prolifeeurope.org\/lt\/ziniu-baze\/aborto-pasekmes\/","og_locale":"lt_LT","og_type":"article","og_title":"Aborto pasekm\u0117s - ProLife Europe","og_description":"Priklausomai nuo to, koks aborto metodas taikomas, motinos sveikatai gresia \u012fvairios rizikos.","og_url":"https:\/\/prolifeeurope.org\/lt\/ziniu-baze\/aborto-pasekmes\/","og_site_name":"ProLife Europe","article_publisher":"https:\/\/www.facebook.com\/ProLifeEurope\/","article_modified_time":"2025-03-21T08:50:44+00:00","twitter_card":"summary_large_image","twitter_misc":{"Est. reading time":"1 minut\u0117"},"schema":{"@context":"https:\/\/schema.org","@graph":[{"@type":"WebPage","@id":"https:\/\/prolifeeurope.org\/lt\/ziniu-baze\/aborto-pasekmes\/","url":"https:\/\/prolifeeurope.org\/lt\/ziniu-baze\/aborto-pasekmes\/","name":"Aborto pasekm\u0117s - ProLife Europe","isPartOf":{"@id":"https:\/\/prolifeeurope.org\/lt\/#website"},"datePublished":"2025-01-15T15:52:35+00:00","dateModified":"2025-03-21T08:50:44+00:00","description":"Priklausomai nuo to, koks aborto metodas taikomas, motinos sveikatai gresia \u012fvairios rizikos.","breadcrumb":{"@id":"https:\/\/prolifeeurope.org\/lt\/ziniu-baze\/aborto-pasekmes\/#breadcrumb"},"inLanguage":"lt-LT","potentialAction":[{"@type":"ReadAction","target":["https:\/\/prolifeeurope.org\/lt\/ziniu-baze\/aborto-pasekmes\/"]}]},{"@type":"BreadcrumbList","@id":"https:\/\/prolifeeurope.org\/lt\/ziniu-baze\/aborto-pasekmes\/#breadcrumb","itemListElement":[{"@type":"ListItem","position":1,"name":"Home","item":"https:\/\/prolifeeurope.org\/lt\/"},{"@type":"ListItem","position":2,"name":"\u017dini\u0173 baz\u0117","item":"https:\/\/prolifeeurope.org\/lt\/ziniu-baze\/"},{"@type":"ListItem","position":3,"name":"Aborto pasekm\u0117s"}]},{"@type":"WebSite","@id":"https:\/\/prolifeeurope.org\/lt\/#website","url":"https:\/\/prolifeeurope.org\/lt\/","name":"ProLife Europe","description":"","publisher":{"@id":"https:\/\/prolifeeurope.org\/lt\/#organization"},"potentialAction":[{"@type":"SearchAction","target":{"@type":"EntryPoint","urlTemplate":"https:\/\/prolifeeurope.org\/lt\/?s={search_term_string}"},"query-input":{"@type":"PropertyValueSpecification","valueRequired":true,"valueName":"search_term_string"}}],"inLanguage":"lt-LT"},{"@type":"Organization","@id":"https:\/\/prolifeeurope.org\/lt\/#organization","name":"ProLife Europe","url":"https:\/\/prolifeeurope.org\/lt\/","logo":{"@type":"ImageObject","inLanguage":"lt-LT","@id":"https:\/\/prolifeeurope.org\/lt\/#\/schema\/logo\/image\/","url":"https:\/\/prolifeeurope.org\/wp-content\/uploads\/2024\/11\/logo-3.svg","contentUrl":"https:\/\/prolifeeurope.org\/wp-content\/uploads\/2024\/11\/logo-3.svg","width":166,"height":170,"caption":"ProLife Europe"},"image":{"@id":"https:\/\/prolifeeurope.org\/lt\/#\/schema\/logo\/image\/"},"sameAs":["https:\/\/www.facebook.com\/ProLifeEurope\/","https:\/\/www.instagram.com\/prolife_europe\/","https:\/\/www.youtube.com\/channel\/UC7olgmdiSVEHZUiP554XozA"]}]}},"_links":{"self":[{"href":"https:\/\/prolifeeurope.org\/lt\/wp-json\/wp\/v2\/pages\/2672","targetHints":{"allow":["GET"]}}],"collection":[{"href":"https:\/\/prolifeeurope.org\/lt\/wp-json\/wp\/v2\/pages"}],"about":[{"href":"https:\/\/prolifeeurope.org\/lt\/wp-json\/wp\/v2\/types\/page"}],"author":[{"embeddable":true,"href":"https:\/\/prolifeeurope.org\/lt\/wp-json\/wp\/v2\/users\/14"}],"replies":[{"embeddable":true,"href":"https:\/\/prolifeeurope.org\/lt\/wp-json\/wp\/v2\/comments?post=2672"}],"version-history":[{"count":1,"href":"https:\/\/prolifeeurope.org\/lt\/wp-json\/wp\/v2\/pages\/2672\/revisions"}],"predecessor-version":[{"id":2673,"href":"https:\/\/prolifeeurope.org\/lt\/wp-json\/wp\/v2\/pages\/2672\/revisions\/2673"}],"up":[{"embeddable":true,"href":"https:\/\/prolifeeurope.org\/lt\/wp-json\/wp\/v2\/pages\/2525"}],"wp:attachment":[{"href":"https:\/\/prolifeeurope.org\/lt\/wp-json\/wp\/v2\/media?parent=2672"}],"wp:term":[{"taxonomy":"topic","embeddable":true,"href":"https:\/\/prolifeeurope.org\/lt\/wp-json\/wp\/v2\/topic?post=2672"}],"curies":[{"name":"wp","href":"https:\/\/api.w.org\/{rel}","templated":true}]}}