{"id":2670,"date":"2025-01-15T12:59:54","date_gmt":"2025-01-15T11:59:54","guid":{"rendered":"https:\/\/ws-staging.prolifeeurope.org\/ziniu-baze\/kaip-daromi-abortai\/"},"modified":"2025-03-21T09:56:07","modified_gmt":"2025-03-21T08:56:07","slug":"kaip-daromi-abortai","status":"publish","type":"page","link":"https:\/\/prolifeeurope.org\/lt\/ziniu-baze\/kaip-daromi-abortai\/","title":{"rendered":"Kaip daromi abortai?"},"content":{"rendered":"\n<h3 class=\"wp-block-heading\">Cheminis abortas naudojant \u201eaborto piliul\u0119\u201c<\/h3>\n\n<p>Cheminis abortas gali b\u016bti atliekamas ankstesn\u0117se n\u0117\u0161tumo stadijose (paprastai iki 7-osios savait\u0117s po pastojimo, nors kiekvienoje \u0161alyje \u0161is terminas skiriasi, o kai kurie gydytojai chemin\u012f abort\u0105 naudoja ir v\u0117lesn\u0117se n\u0117\u0161tumo stadijose). Motinai paprastai duodamos dvi tablet\u0117s \u2013 mifepristonas ir misoprostolis. Ji turi i\u0161gerti pirm\u0105j\u0105, mifepriston\u0105, kad prad\u0117t\u0173 aborto proces\u0105.  <\/p>\n\n<p>Mifepristonas sustabdo hormono progesterono gamyb\u0105 jos organizme ir i\u0161 esm\u0117s ver\u010dia moters organizm\u0105 manyti, kad ji neb\u0117ra n\u0117\u0161\u010dia. Tod\u0117l jos organizmas nustoja tiekti deguon\u012f ir maist\u0105 k\u016bdikiui. K\u016bdikis mir\u0161ta u\u017edusdamas gimdoje. Priklausomai nuo \u0161alies, kurioje gyvena, moteris turi palaukti nuo 48 iki 72 valand\u0173 ir tada gali i\u0161gerti antr\u0105j\u0105 tablet\u0119 misoprostol\u012f. Tai sukelia labai stipr\u0173 kraujavim\u0105, per kur\u012f i\u0161 gimdos kartu su placenta ir visais kitais n\u0117\u0161tumo audiniais i\u0161plaunamas dabar jau numanomai negyvas embrionas.     <\/p>\n\n<p>Kartais moterims i\u0161 karto suleid\u017eiama antroji tablet\u0117 \u2013 misoprostolis, t. y. aborto procesas prasideda tiesiogiai nuo kraujavimo, kuris pa\u0161alina k\u016bdik\u012f i\u0161 gimdos ir jis mir\u0161ta.<\/p>\n\n<h3 class=\"wp-block-heading\">Chirurginis abortas (Atsiurbimas D ir C)<\/h3>\n\n<p>\u0160i aborto proced\u016bra paprastai atliekama iki 18-os savait\u0117s po pastojimo (terminai priklauso nuo \u0161alies). Moteriai taikoma vietin\u0117 arba bendroji anestezija. Abortuotojas pradeda pl\u0117sti mak\u0161t\u012f ir gimdos kaklel\u012f, kol gali \u012f gimd\u0105 \u012fvesti siurbiam\u0105j\u012f vamzdel\u012f, tuomet i\u0161 gimdos i\u0161siurbia k\u016bdik\u012f siurbimo aparatu. Kadangi k\u016bdikio kaulai jau susiformav\u0119, ta\u010diau vis dar silpni ir trap\u016bs, tik\u0117tina, kad \u0161io proceso metu k\u016bdikio k\u016bnas bus supl\u0117\u0161ytas \u012f gabalus. Toliau abortuotojas atlieka kiureta\u017e\u0105, kurio metu i\u0161krap\u0161toma gimda, kad nelikt\u0173 joki\u0173 k\u016bdikio k\u016bno dali\u0173 ar audini\u0173.     <\/p>\n\n<h3 class=\"wp-block-heading\">V\u0117lyvasis abortas<\/h3>\n\n<p>Jei abortas atliekamas antroje antrojo trimestro pus\u0117je arba tre\u010diajame trimestre, jis vadinamas v\u0117lyvuoju abortu. Motinai suleid\u017eiamas gimdym\u0105 skatinantis vaistas (misoprostolis, kaip ir cheminio aborto atveju, tik didesne doze). Kadangi k\u016bdikis dar n\u0117ra visi\u0161kai i\u0161sivyst\u0119s, abort\u0105 atliekantis gydytojas daro prielaid\u0105, kad jis nei\u0161gyvens prie\u0161laikinio gimdymo streso.   <\/p>\n\n<p class=\"is-style-default\">Ta\u010diau jei k\u016bdikis jau gali i\u0161gyventi bandym\u0105 nutraukti n\u0117\u0161tum\u0105, pirmiausia \u012f k\u016bdikio \u0161ird\u012f suleid\u017eiama kalio chlorido, kad b\u016bt\u0173 u\u017etikrinta jo mirtis gimdoje. Tada motinai suleid\u017eiamas gimdym\u0105 skatinantis vaistas, kad prasid\u0117t\u0173 s\u0105r\u0117miai ir ji pagimdyt\u0173 mirus\u012f vaik\u0105. <\/p>\n\n<p><\/p>\n","protected":false},"excerpt":{"rendered":"<p>Cheminis abortas naudojant \u201eaborto piliul\u0119\u201c Cheminis abortas gali b\u016bti atliekamas ankstesn\u0117se n\u0117\u0161tumo stadijose (paprastai iki 7-osios savait\u0117s po pastojimo, nors kiekvienoje \u0161alyje \u0161is terminas skiriasi, o kai kurie gydytojai chemin\u012f<a href=\"https:\/\/prolifeeurope.org\/lt\/ziniu-baze\/kaip-daromi-abortai\/\">Continue reading <span class=\"sr-only\">&#8222;Kaip daromi abortai?&#8221;<\/span><\/a><\/p>\n","protected":false},"author":14,"featured_media":0,"parent":2525,"menu_order":0,"comment_status":"closed","ping_status":"closed","template":"page-topic.php","meta":{"_acf_changed":false,"_monsterinsights_skip_tracking":false,"_monsterinsights_sitenote_active":false,"_monsterinsights_sitenote_note":"","_monsterinsights_sitenote_category":0,"footnotes":""},"topic":[],"class_list":["post-2670","page","type-page","status-publish","hentry"],"acf":[],"yoast_head":"<!-- This site is optimized with the Yoast SEO plugin v27.2 - https:\/\/yoast.com\/product\/yoast-seo-wordpress\/ -->\n<title>Kaip daromi abortai? - ProLife Europe<\/title>\n<meta name=\"description\" content=\"Skirtingais vystymosi etapais naudojami skirtingi aborto metodai. Kiekvienas metodas nutraukia vaiko gyvyb\u0119.\" \/>\n<meta name=\"robots\" content=\"index, follow, max-snippet:-1, max-image-preview:large, max-video-preview:-1\" \/>\n<link rel=\"canonical\" href=\"https:\/\/prolifeeurope.org\/lt\/ziniu-baze\/kaip-daromi-abortai\/\" \/>\n<meta property=\"og:locale\" content=\"lt_LT\" \/>\n<meta property=\"og:type\" content=\"article\" \/>\n<meta property=\"og:title\" content=\"Kaip daromi abortai? - ProLife Europe\" \/>\n<meta property=\"og:description\" content=\"Skirtingais vystymosi etapais naudojami skirtingi aborto metodai. Kiekvienas metodas nutraukia vaiko gyvyb\u0119.\" \/>\n<meta property=\"og:url\" content=\"https:\/\/prolifeeurope.org\/lt\/ziniu-baze\/kaip-daromi-abortai\/\" \/>\n<meta property=\"og:site_name\" content=\"ProLife Europe\" \/>\n<meta property=\"article:publisher\" content=\"https:\/\/www.facebook.com\/ProLifeEurope\/\" \/>\n<meta property=\"article:modified_time\" content=\"2025-03-21T08:56:07+00:00\" \/>\n<meta name=\"twitter:card\" content=\"summary_large_image\" \/>\n<meta name=\"twitter:label1\" content=\"Est. reading time\" \/>\n\t<meta name=\"twitter:data1\" content=\"2 minut\u0117s\" \/>\n<script type=\"application\/ld+json\" class=\"yoast-schema-graph\">{\"@context\":\"https:\/\/schema.org\",\"@graph\":[{\"@type\":\"WebPage\",\"@id\":\"https:\/\/prolifeeurope.org\/lt\/ziniu-baze\/kaip-daromi-abortai\/\",\"url\":\"https:\/\/prolifeeurope.org\/lt\/ziniu-baze\/kaip-daromi-abortai\/\",\"name\":\"Kaip daromi abortai? - ProLife Europe\",\"isPartOf\":{\"@id\":\"https:\/\/prolifeeurope.org\/lt\/#website\"},\"datePublished\":\"2025-01-15T11:59:54+00:00\",\"dateModified\":\"2025-03-21T08:56:07+00:00\",\"description\":\"Skirtingais vystymosi etapais naudojami skirtingi aborto metodai. Kiekvienas metodas nutraukia vaiko gyvyb\u0119.\",\"breadcrumb\":{\"@id\":\"https:\/\/prolifeeurope.org\/lt\/ziniu-baze\/kaip-daromi-abortai\/#breadcrumb\"},\"inLanguage\":\"lt-LT\",\"potentialAction\":[{\"@type\":\"ReadAction\",\"target\":[\"https:\/\/prolifeeurope.org\/lt\/ziniu-baze\/kaip-daromi-abortai\/\"]}]},{\"@type\":\"BreadcrumbList\",\"@id\":\"https:\/\/prolifeeurope.org\/lt\/ziniu-baze\/kaip-daromi-abortai\/#breadcrumb\",\"itemListElement\":[{\"@type\":\"ListItem\",\"position\":1,\"name\":\"Home\",\"item\":\"https:\/\/prolifeeurope.org\/lt\/\"},{\"@type\":\"ListItem\",\"position\":2,\"name\":\"\u017dini\u0173 baz\u0117\",\"item\":\"https:\/\/prolifeeurope.org\/lt\/ziniu-baze\/\"},{\"@type\":\"ListItem\",\"position\":3,\"name\":\"Kaip daromi abortai?\"}]},{\"@type\":\"WebSite\",\"@id\":\"https:\/\/prolifeeurope.org\/lt\/#website\",\"url\":\"https:\/\/prolifeeurope.org\/lt\/\",\"name\":\"ProLife Europe\",\"description\":\"\",\"publisher\":{\"@id\":\"https:\/\/prolifeeurope.org\/lt\/#organization\"},\"potentialAction\":[{\"@type\":\"SearchAction\",\"target\":{\"@type\":\"EntryPoint\",\"urlTemplate\":\"https:\/\/prolifeeurope.org\/lt\/?s={search_term_string}\"},\"query-input\":{\"@type\":\"PropertyValueSpecification\",\"valueRequired\":true,\"valueName\":\"search_term_string\"}}],\"inLanguage\":\"lt-LT\"},{\"@type\":\"Organization\",\"@id\":\"https:\/\/prolifeeurope.org\/lt\/#organization\",\"name\":\"ProLife Europe\",\"url\":\"https:\/\/prolifeeurope.org\/lt\/\",\"logo\":{\"@type\":\"ImageObject\",\"inLanguage\":\"lt-LT\",\"@id\":\"https:\/\/prolifeeurope.org\/lt\/#\/schema\/logo\/image\/\",\"url\":\"https:\/\/prolifeeurope.org\/wp-content\/uploads\/2024\/11\/logo-3.svg\",\"contentUrl\":\"https:\/\/prolifeeurope.org\/wp-content\/uploads\/2024\/11\/logo-3.svg\",\"width\":166,\"height\":170,\"caption\":\"ProLife Europe\"},\"image\":{\"@id\":\"https:\/\/prolifeeurope.org\/lt\/#\/schema\/logo\/image\/\"},\"sameAs\":[\"https:\/\/www.facebook.com\/ProLifeEurope\/\",\"https:\/\/www.instagram.com\/prolife_europe\/\",\"https:\/\/www.youtube.com\/channel\/UC7olgmdiSVEHZUiP554XozA\"]}]}<\/script>\n<!-- \/ Yoast SEO plugin. -->","yoast_head_json":{"title":"Kaip daromi abortai? - ProLife Europe","description":"Skirtingais vystymosi etapais naudojami skirtingi aborto metodai. Kiekvienas metodas nutraukia vaiko gyvyb\u0119.","robots":{"index":"index","follow":"follow","max-snippet":"max-snippet:-1","max-image-preview":"max-image-preview:large","max-video-preview":"max-video-preview:-1"},"canonical":"https:\/\/prolifeeurope.org\/lt\/ziniu-baze\/kaip-daromi-abortai\/","og_locale":"lt_LT","og_type":"article","og_title":"Kaip daromi abortai? - ProLife Europe","og_description":"Skirtingais vystymosi etapais naudojami skirtingi aborto metodai. Kiekvienas metodas nutraukia vaiko gyvyb\u0119.","og_url":"https:\/\/prolifeeurope.org\/lt\/ziniu-baze\/kaip-daromi-abortai\/","og_site_name":"ProLife Europe","article_publisher":"https:\/\/www.facebook.com\/ProLifeEurope\/","article_modified_time":"2025-03-21T08:56:07+00:00","twitter_card":"summary_large_image","twitter_misc":{"Est. reading time":"2 minut\u0117s"},"schema":{"@context":"https:\/\/schema.org","@graph":[{"@type":"WebPage","@id":"https:\/\/prolifeeurope.org\/lt\/ziniu-baze\/kaip-daromi-abortai\/","url":"https:\/\/prolifeeurope.org\/lt\/ziniu-baze\/kaip-daromi-abortai\/","name":"Kaip daromi abortai? - ProLife Europe","isPartOf":{"@id":"https:\/\/prolifeeurope.org\/lt\/#website"},"datePublished":"2025-01-15T11:59:54+00:00","dateModified":"2025-03-21T08:56:07+00:00","description":"Skirtingais vystymosi etapais naudojami skirtingi aborto metodai. Kiekvienas metodas nutraukia vaiko gyvyb\u0119.","breadcrumb":{"@id":"https:\/\/prolifeeurope.org\/lt\/ziniu-baze\/kaip-daromi-abortai\/#breadcrumb"},"inLanguage":"lt-LT","potentialAction":[{"@type":"ReadAction","target":["https:\/\/prolifeeurope.org\/lt\/ziniu-baze\/kaip-daromi-abortai\/"]}]},{"@type":"BreadcrumbList","@id":"https:\/\/prolifeeurope.org\/lt\/ziniu-baze\/kaip-daromi-abortai\/#breadcrumb","itemListElement":[{"@type":"ListItem","position":1,"name":"Home","item":"https:\/\/prolifeeurope.org\/lt\/"},{"@type":"ListItem","position":2,"name":"\u017dini\u0173 baz\u0117","item":"https:\/\/prolifeeurope.org\/lt\/ziniu-baze\/"},{"@type":"ListItem","position":3,"name":"Kaip daromi abortai?"}]},{"@type":"WebSite","@id":"https:\/\/prolifeeurope.org\/lt\/#website","url":"https:\/\/prolifeeurope.org\/lt\/","name":"ProLife Europe","description":"","publisher":{"@id":"https:\/\/prolifeeurope.org\/lt\/#organization"},"potentialAction":[{"@type":"SearchAction","target":{"@type":"EntryPoint","urlTemplate":"https:\/\/prolifeeurope.org\/lt\/?s={search_term_string}"},"query-input":{"@type":"PropertyValueSpecification","valueRequired":true,"valueName":"search_term_string"}}],"inLanguage":"lt-LT"},{"@type":"Organization","@id":"https:\/\/prolifeeurope.org\/lt\/#organization","name":"ProLife Europe","url":"https:\/\/prolifeeurope.org\/lt\/","logo":{"@type":"ImageObject","inLanguage":"lt-LT","@id":"https:\/\/prolifeeurope.org\/lt\/#\/schema\/logo\/image\/","url":"https:\/\/prolifeeurope.org\/wp-content\/uploads\/2024\/11\/logo-3.svg","contentUrl":"https:\/\/prolifeeurope.org\/wp-content\/uploads\/2024\/11\/logo-3.svg","width":166,"height":170,"caption":"ProLife Europe"},"image":{"@id":"https:\/\/prolifeeurope.org\/lt\/#\/schema\/logo\/image\/"},"sameAs":["https:\/\/www.facebook.com\/ProLifeEurope\/","https:\/\/www.instagram.com\/prolife_europe\/","https:\/\/www.youtube.com\/channel\/UC7olgmdiSVEHZUiP554XozA"]}]}},"_links":{"self":[{"href":"https:\/\/prolifeeurope.org\/lt\/wp-json\/wp\/v2\/pages\/2670","targetHints":{"allow":["GET"]}}],"collection":[{"href":"https:\/\/prolifeeurope.org\/lt\/wp-json\/wp\/v2\/pages"}],"about":[{"href":"https:\/\/prolifeeurope.org\/lt\/wp-json\/wp\/v2\/types\/page"}],"author":[{"embeddable":true,"href":"https:\/\/prolifeeurope.org\/lt\/wp-json\/wp\/v2\/users\/14"}],"replies":[{"embeddable":true,"href":"https:\/\/prolifeeurope.org\/lt\/wp-json\/wp\/v2\/comments?post=2670"}],"version-history":[{"count":1,"href":"https:\/\/prolifeeurope.org\/lt\/wp-json\/wp\/v2\/pages\/2670\/revisions"}],"predecessor-version":[{"id":2671,"href":"https:\/\/prolifeeurope.org\/lt\/wp-json\/wp\/v2\/pages\/2670\/revisions\/2671"}],"up":[{"embeddable":true,"href":"https:\/\/prolifeeurope.org\/lt\/wp-json\/wp\/v2\/pages\/2525"}],"wp:attachment":[{"href":"https:\/\/prolifeeurope.org\/lt\/wp-json\/wp\/v2\/media?parent=2670"}],"wp:term":[{"taxonomy":"topic","embeddable":true,"href":"https:\/\/prolifeeurope.org\/lt\/wp-json\/wp\/v2\/topic?post=2670"}],"curies":[{"name":"wp","href":"https:\/\/api.w.org\/{rel}","templated":true}]}}