{"id":2668,"date":"2025-01-15T17:51:48","date_gmt":"2025-01-15T16:51:48","guid":{"rendered":"https:\/\/ws-staging.prolifeeurope.org\/ziniu-baze\/abortas-hormonines-kontracepcijos-ir-levonorgestrelio-spirales-kontekste\/"},"modified":"2025-03-21T09:49:51","modified_gmt":"2025-03-21T08:49:51","slug":"abortas-hormonines-kontracepcijos-ir-levonorgestrelio-spirales-kontekste","status":"publish","type":"page","link":"https:\/\/prolifeeurope.org\/lt\/ziniu-baze\/abortas-hormonines-kontracepcijos-ir-levonorgestrelio-spirales-kontekste\/","title":{"rendered":"Abortas hormonin\u0117s kontracepcijos ir levonorgestrelio spiral\u0117s kontekste"},"content":{"rendered":"\n<blockquote class=\"wp-block-quote is-layout-flow wp-block-quote-is-layout-flow\">\n<h3 class=\"wp-block-heading\"><em>\u201eU\u017euot dar\u0119 abort\u0105, \u017emon\u0117s tur\u0117t\u0173 b\u016bti atsargesni ir naudoti kontracepcij\u0105, kad i\u0161vengt\u0173 n\u0117\u0161tumo.\u201c<\/em><\/h3>\n<\/blockquote>\n\n<p>Nors \u0161is teiginys yra pla\u010diai paplit\u0119s, jis yra klaidingas, nes visi hormoniniai kontraceptikai, taip pat ir \u012f gimdos ertm\u0119 \u012fvedama spiral\u0117, gali sukelti abort\u0105 ankstyvuoju n\u0117\u0161tumo laikotarpiu. Kaip? Dauguma \u0161i\u0173 kontracepcijos metod\u0173 stengiasi u\u017ekirsti keli\u0105 apvaisinimui (daugiausia sutir\u0161tindami gimdos kaklelio gleives, tod\u0117l spermatozoidams sunku patekti \u012f gimd\u0105). Ta\u010diau tai n\u0117ra 100 % s\u0117kminga. Jei apvaisinimas \u012fvyksta, prasideda nauja \u017emogaus gyvyb\u0117. D\u0117l sutir\u0161t\u0117jusi\u0173 gimdos kaklelio gleivi\u0173 embrionas negali implantuotis gimdoje, d\u0117l to \u017e\u016bsta ir yra i\u0161stumiamas, moteriai ne\u017einant, kad ji trump\u0105 laik\u0105 buvo n\u0117\u0161\u010dia.    <\/p>\n\n<p>Jei norite \u0161ia tema su\u017einoti daugiau, apsilankykite:<\/p>\n\n<p class=\"has-small-font-size\"><a href=\"https:\/\/en.unav.edu\/web\/humanities-and-medical-ethics-unit\/bioethics-material\/las-pildoras-contraceptivas-modernas-incluyen-en-su-mecanismo-de-accion-un-efecto-abortifaciente#gsc.tab=0\" target=\"_blank\" rel=\"noreferrer noopener\">https:\/\/en.unav.edu\/web\/humanities-and-medical-ethics-unit\/bioethics-material\/las-pildoras-contraceptivas-modernas-incluyen-en-su-mecanismo-de-accion-un-efecto-abortifaciente#gsc.tab=0<\/a><\/p>\n\n<p class=\"has-small-font-size\"><a href=\"https:\/\/digitalcommons.cedarville.edu\/cgi\/viewcontent.cgi?article=1050&amp;context=science_and_mathematics_publications\" target=\"_blank\" rel=\"noreferrer noopener\">https:\/\/digitalcommons.cedarville.edu\/cgi\/viewcontent.cgi?article=1050&amp;context=science_and_mathematics_publications<\/a><\/p>\n\n<p class=\"has-small-font-size\"><a href=\"https:\/\/www.hli.org\/resources\/if-you-take-birth-control-while-pregnant-will-it-kill-the-baby\/\" target=\"_blank\" rel=\"noreferrer noopener\">https:\/\/www.hli.org\/resources\/if-you-take-birth-control-while-pregnant-will-it-kill-the-baby\/<\/a><\/p>\n\n<p class=\"has-small-font-size\"><a href=\"https:\/\/www.imabe.org\/imabeinfos\/zur-frage-der-nidationshemmung-oraler-kontrazeptiva\" target=\"_blank\" rel=\"noreferrer noopener\">https:\/\/www.imabe.org\/imabeinfos\/zur-frage-der-nidationshemmung-oraler-kontrazeptiva<\/a><\/p>\n","protected":false},"excerpt":{"rendered":"<p>\u201eU\u017euot dar\u0119 abort\u0105, \u017emon\u0117s tur\u0117t\u0173 b\u016bti atsargesni ir naudoti kontracepcij\u0105, kad i\u0161vengt\u0173 n\u0117\u0161tumo.\u201c Nors \u0161is teiginys yra pla\u010diai paplit\u0119s, jis yra klaidingas, nes visi hormoniniai kontraceptikai, taip pat ir \u012f<a href=\"https:\/\/prolifeeurope.org\/lt\/ziniu-baze\/abortas-hormonines-kontracepcijos-ir-levonorgestrelio-spirales-kontekste\/\">Continue reading <span class=\"sr-only\">&#8222;Abortas hormonin\u0117s kontracepcijos ir levonorgestrelio spiral\u0117s kontekste&#8221;<\/span><\/a><\/p>\n","protected":false},"author":14,"featured_media":0,"parent":2525,"menu_order":0,"comment_status":"closed","ping_status":"closed","template":"page-topic.php","meta":{"_acf_changed":false,"_monsterinsights_skip_tracking":false,"_monsterinsights_sitenote_active":false,"_monsterinsights_sitenote_note":"","_monsterinsights_sitenote_category":0,"footnotes":""},"topic":[],"class_list":["post-2668","page","type-page","status-publish","hentry"],"acf":[],"yoast_head":"<!-- This site is optimized with the Yoast SEO plugin v27.2 - https:\/\/yoast.com\/product\/yoast-seo-wordpress\/ -->\n<title>Abortas hormonin\u0117s kontracepcijos ir levonorgestrelio spiral\u0117s kontekste - ProLife Europe<\/title>\n<meta name=\"description\" content=\"Visi hormoniniai kontraceptikai, taip pat ir levonorgestrelio spiral\u0117, ne tik veikia kaip kontraceptikai, bet ir gali tur\u0117ti antiimplantacin\u012f poveik\u012f.\" \/>\n<meta name=\"robots\" content=\"index, follow, max-snippet:-1, max-image-preview:large, max-video-preview:-1\" \/>\n<link rel=\"canonical\" href=\"https:\/\/prolifeeurope.org\/lt\/ziniu-baze\/abortas-hormonines-kontracepcijos-ir-levonorgestrelio-spirales-kontekste\/\" \/>\n<meta property=\"og:locale\" content=\"lt_LT\" \/>\n<meta property=\"og:type\" content=\"article\" \/>\n<meta property=\"og:title\" content=\"Abortas hormonin\u0117s kontracepcijos ir levonorgestrelio spiral\u0117s kontekste - ProLife Europe\" \/>\n<meta property=\"og:description\" content=\"Visi hormoniniai kontraceptikai, taip pat ir levonorgestrelio spiral\u0117, ne tik veikia kaip kontraceptikai, bet ir gali tur\u0117ti antiimplantacin\u012f poveik\u012f.\" \/>\n<meta property=\"og:url\" content=\"https:\/\/prolifeeurope.org\/lt\/ziniu-baze\/abortas-hormonines-kontracepcijos-ir-levonorgestrelio-spirales-kontekste\/\" \/>\n<meta property=\"og:site_name\" content=\"ProLife Europe\" \/>\n<meta property=\"article:publisher\" content=\"https:\/\/www.facebook.com\/ProLifeEurope\/\" \/>\n<meta property=\"article:modified_time\" content=\"2025-03-21T08:49:51+00:00\" \/>\n<meta name=\"twitter:card\" content=\"summary_large_image\" \/>\n<meta name=\"twitter:label1\" content=\"Est. reading time\" \/>\n\t<meta name=\"twitter:data1\" content=\"1 minut\u0117\" \/>\n<script type=\"application\/ld+json\" class=\"yoast-schema-graph\">{\"@context\":\"https:\/\/schema.org\",\"@graph\":[{\"@type\":\"WebPage\",\"@id\":\"https:\/\/prolifeeurope.org\/lt\/ziniu-baze\/abortas-hormonines-kontracepcijos-ir-levonorgestrelio-spirales-kontekste\/\",\"url\":\"https:\/\/prolifeeurope.org\/lt\/ziniu-baze\/abortas-hormonines-kontracepcijos-ir-levonorgestrelio-spirales-kontekste\/\",\"name\":\"Abortas hormonin\u0117s kontracepcijos ir levonorgestrelio spiral\u0117s kontekste - ProLife Europe\",\"isPartOf\":{\"@id\":\"https:\/\/prolifeeurope.org\/lt\/#website\"},\"datePublished\":\"2025-01-15T16:51:48+00:00\",\"dateModified\":\"2025-03-21T08:49:51+00:00\",\"description\":\"Visi hormoniniai kontraceptikai, taip pat ir levonorgestrelio spiral\u0117, ne tik veikia kaip kontraceptikai, bet ir gali tur\u0117ti antiimplantacin\u012f poveik\u012f.\",\"breadcrumb\":{\"@id\":\"https:\/\/prolifeeurope.org\/lt\/ziniu-baze\/abortas-hormonines-kontracepcijos-ir-levonorgestrelio-spirales-kontekste\/#breadcrumb\"},\"inLanguage\":\"lt-LT\",\"potentialAction\":[{\"@type\":\"ReadAction\",\"target\":[\"https:\/\/prolifeeurope.org\/lt\/ziniu-baze\/abortas-hormonines-kontracepcijos-ir-levonorgestrelio-spirales-kontekste\/\"]}]},{\"@type\":\"BreadcrumbList\",\"@id\":\"https:\/\/prolifeeurope.org\/lt\/ziniu-baze\/abortas-hormonines-kontracepcijos-ir-levonorgestrelio-spirales-kontekste\/#breadcrumb\",\"itemListElement\":[{\"@type\":\"ListItem\",\"position\":1,\"name\":\"Home\",\"item\":\"https:\/\/prolifeeurope.org\/lt\/\"},{\"@type\":\"ListItem\",\"position\":2,\"name\":\"\u017dini\u0173 baz\u0117\",\"item\":\"https:\/\/prolifeeurope.org\/lt\/ziniu-baze\/\"},{\"@type\":\"ListItem\",\"position\":3,\"name\":\"Abortas hormonin\u0117s kontracepcijos ir levonorgestrelio spiral\u0117s kontekste\"}]},{\"@type\":\"WebSite\",\"@id\":\"https:\/\/prolifeeurope.org\/lt\/#website\",\"url\":\"https:\/\/prolifeeurope.org\/lt\/\",\"name\":\"ProLife Europe\",\"description\":\"\",\"publisher\":{\"@id\":\"https:\/\/prolifeeurope.org\/lt\/#organization\"},\"potentialAction\":[{\"@type\":\"SearchAction\",\"target\":{\"@type\":\"EntryPoint\",\"urlTemplate\":\"https:\/\/prolifeeurope.org\/lt\/?s={search_term_string}\"},\"query-input\":{\"@type\":\"PropertyValueSpecification\",\"valueRequired\":true,\"valueName\":\"search_term_string\"}}],\"inLanguage\":\"lt-LT\"},{\"@type\":\"Organization\",\"@id\":\"https:\/\/prolifeeurope.org\/lt\/#organization\",\"name\":\"ProLife Europe\",\"url\":\"https:\/\/prolifeeurope.org\/lt\/\",\"logo\":{\"@type\":\"ImageObject\",\"inLanguage\":\"lt-LT\",\"@id\":\"https:\/\/prolifeeurope.org\/lt\/#\/schema\/logo\/image\/\",\"url\":\"https:\/\/prolifeeurope.org\/wp-content\/uploads\/2024\/11\/logo-3.svg\",\"contentUrl\":\"https:\/\/prolifeeurope.org\/wp-content\/uploads\/2024\/11\/logo-3.svg\",\"width\":166,\"height\":170,\"caption\":\"ProLife Europe\"},\"image\":{\"@id\":\"https:\/\/prolifeeurope.org\/lt\/#\/schema\/logo\/image\/\"},\"sameAs\":[\"https:\/\/www.facebook.com\/ProLifeEurope\/\",\"https:\/\/www.instagram.com\/prolife_europe\/\",\"https:\/\/www.youtube.com\/channel\/UC7olgmdiSVEHZUiP554XozA\"]}]}<\/script>\n<!-- \/ Yoast SEO plugin. -->","yoast_head_json":{"title":"Abortas hormonin\u0117s kontracepcijos ir levonorgestrelio spiral\u0117s kontekste - ProLife Europe","description":"Visi hormoniniai kontraceptikai, taip pat ir levonorgestrelio spiral\u0117, ne tik veikia kaip kontraceptikai, bet ir gali tur\u0117ti antiimplantacin\u012f poveik\u012f.","robots":{"index":"index","follow":"follow","max-snippet":"max-snippet:-1","max-image-preview":"max-image-preview:large","max-video-preview":"max-video-preview:-1"},"canonical":"https:\/\/prolifeeurope.org\/lt\/ziniu-baze\/abortas-hormonines-kontracepcijos-ir-levonorgestrelio-spirales-kontekste\/","og_locale":"lt_LT","og_type":"article","og_title":"Abortas hormonin\u0117s kontracepcijos ir levonorgestrelio spiral\u0117s kontekste - ProLife Europe","og_description":"Visi hormoniniai kontraceptikai, taip pat ir levonorgestrelio spiral\u0117, ne tik veikia kaip kontraceptikai, bet ir gali tur\u0117ti antiimplantacin\u012f poveik\u012f.","og_url":"https:\/\/prolifeeurope.org\/lt\/ziniu-baze\/abortas-hormonines-kontracepcijos-ir-levonorgestrelio-spirales-kontekste\/","og_site_name":"ProLife Europe","article_publisher":"https:\/\/www.facebook.com\/ProLifeEurope\/","article_modified_time":"2025-03-21T08:49:51+00:00","twitter_card":"summary_large_image","twitter_misc":{"Est. reading time":"1 minut\u0117"},"schema":{"@context":"https:\/\/schema.org","@graph":[{"@type":"WebPage","@id":"https:\/\/prolifeeurope.org\/lt\/ziniu-baze\/abortas-hormonines-kontracepcijos-ir-levonorgestrelio-spirales-kontekste\/","url":"https:\/\/prolifeeurope.org\/lt\/ziniu-baze\/abortas-hormonines-kontracepcijos-ir-levonorgestrelio-spirales-kontekste\/","name":"Abortas hormonin\u0117s kontracepcijos ir levonorgestrelio spiral\u0117s kontekste - ProLife Europe","isPartOf":{"@id":"https:\/\/prolifeeurope.org\/lt\/#website"},"datePublished":"2025-01-15T16:51:48+00:00","dateModified":"2025-03-21T08:49:51+00:00","description":"Visi hormoniniai kontraceptikai, taip pat ir levonorgestrelio spiral\u0117, ne tik veikia kaip kontraceptikai, bet ir gali tur\u0117ti antiimplantacin\u012f poveik\u012f.","breadcrumb":{"@id":"https:\/\/prolifeeurope.org\/lt\/ziniu-baze\/abortas-hormonines-kontracepcijos-ir-levonorgestrelio-spirales-kontekste\/#breadcrumb"},"inLanguage":"lt-LT","potentialAction":[{"@type":"ReadAction","target":["https:\/\/prolifeeurope.org\/lt\/ziniu-baze\/abortas-hormonines-kontracepcijos-ir-levonorgestrelio-spirales-kontekste\/"]}]},{"@type":"BreadcrumbList","@id":"https:\/\/prolifeeurope.org\/lt\/ziniu-baze\/abortas-hormonines-kontracepcijos-ir-levonorgestrelio-spirales-kontekste\/#breadcrumb","itemListElement":[{"@type":"ListItem","position":1,"name":"Home","item":"https:\/\/prolifeeurope.org\/lt\/"},{"@type":"ListItem","position":2,"name":"\u017dini\u0173 baz\u0117","item":"https:\/\/prolifeeurope.org\/lt\/ziniu-baze\/"},{"@type":"ListItem","position":3,"name":"Abortas hormonin\u0117s kontracepcijos ir levonorgestrelio spiral\u0117s kontekste"}]},{"@type":"WebSite","@id":"https:\/\/prolifeeurope.org\/lt\/#website","url":"https:\/\/prolifeeurope.org\/lt\/","name":"ProLife Europe","description":"","publisher":{"@id":"https:\/\/prolifeeurope.org\/lt\/#organization"},"potentialAction":[{"@type":"SearchAction","target":{"@type":"EntryPoint","urlTemplate":"https:\/\/prolifeeurope.org\/lt\/?s={search_term_string}"},"query-input":{"@type":"PropertyValueSpecification","valueRequired":true,"valueName":"search_term_string"}}],"inLanguage":"lt-LT"},{"@type":"Organization","@id":"https:\/\/prolifeeurope.org\/lt\/#organization","name":"ProLife Europe","url":"https:\/\/prolifeeurope.org\/lt\/","logo":{"@type":"ImageObject","inLanguage":"lt-LT","@id":"https:\/\/prolifeeurope.org\/lt\/#\/schema\/logo\/image\/","url":"https:\/\/prolifeeurope.org\/wp-content\/uploads\/2024\/11\/logo-3.svg","contentUrl":"https:\/\/prolifeeurope.org\/wp-content\/uploads\/2024\/11\/logo-3.svg","width":166,"height":170,"caption":"ProLife Europe"},"image":{"@id":"https:\/\/prolifeeurope.org\/lt\/#\/schema\/logo\/image\/"},"sameAs":["https:\/\/www.facebook.com\/ProLifeEurope\/","https:\/\/www.instagram.com\/prolife_europe\/","https:\/\/www.youtube.com\/channel\/UC7olgmdiSVEHZUiP554XozA"]}]}},"_links":{"self":[{"href":"https:\/\/prolifeeurope.org\/lt\/wp-json\/wp\/v2\/pages\/2668","targetHints":{"allow":["GET"]}}],"collection":[{"href":"https:\/\/prolifeeurope.org\/lt\/wp-json\/wp\/v2\/pages"}],"about":[{"href":"https:\/\/prolifeeurope.org\/lt\/wp-json\/wp\/v2\/types\/page"}],"author":[{"embeddable":true,"href":"https:\/\/prolifeeurope.org\/lt\/wp-json\/wp\/v2\/users\/14"}],"replies":[{"embeddable":true,"href":"https:\/\/prolifeeurope.org\/lt\/wp-json\/wp\/v2\/comments?post=2668"}],"version-history":[{"count":1,"href":"https:\/\/prolifeeurope.org\/lt\/wp-json\/wp\/v2\/pages\/2668\/revisions"}],"predecessor-version":[{"id":2669,"href":"https:\/\/prolifeeurope.org\/lt\/wp-json\/wp\/v2\/pages\/2668\/revisions\/2669"}],"up":[{"embeddable":true,"href":"https:\/\/prolifeeurope.org\/lt\/wp-json\/wp\/v2\/pages\/2525"}],"wp:attachment":[{"href":"https:\/\/prolifeeurope.org\/lt\/wp-json\/wp\/v2\/media?parent=2668"}],"wp:term":[{"taxonomy":"topic","embeddable":true,"href":"https:\/\/prolifeeurope.org\/lt\/wp-json\/wp\/v2\/topic?post=2668"}],"curies":[{"name":"wp","href":"https:\/\/api.w.org\/{rel}","templated":true}]}}