{"id":2638,"date":"2025-01-15T18:20:00","date_gmt":"2025-01-15T17:20:00","guid":{"rendered":"https:\/\/ws-staging.prolifeeurope.org\/ziniu-baze\/abortai-ir-prievartavimas\/"},"modified":"2025-03-21T09:49:02","modified_gmt":"2025-03-21T08:49:02","slug":"abortai-ir-prievartavimas","status":"publish","type":"page","link":"https:\/\/prolifeeurope.org\/lt\/ziniu-baze\/abortai-ir-prievartavimas\/","title":{"rendered":"Abortai ir prievartavimas"},"content":{"rendered":"\n<p>Patirti bet kokios formos seksualin\u012f smurt\u0105 yra siaubinga patirtis. Bet jei moteris per \u0161i\u0105 siaubing\u0105 patirt\u012f susilaukia vaiko, ar abortas tikrai padeda jai pasveikti? I\u0161 pirmo \u017evilgsnio atrodo, kad tai greitas ir lengvas sprendimas. Tiesiog nutrauk vaiko gyvyb\u0119 ir reikalas i\u0161spr\u0119stas. Taip, abortas gali b\u016bti atliktas labai greitai, ta\u010diau nei jis atsuks laik\u0105 atgal, nei moteris po to pamir\u0161, kad buvo n\u0117\u0161\u010dia. I\u0161prievartavimas yra siaubinga trauma, bet abortas n\u0117ra jokia jos gydymo forma. Grynai fiziniu po\u017ei\u016briu, tai yra antras smurtinis jos k\u016bno pa\u017eeidimas. Abortas gali sukelti tiek fizini\u0173, tiek psichini\u0173 komplikacij\u0173, kurios tik padidina prievartavimo traum\u0105. Traumos negalima i\u0161gydyti trauma. Tod\u0117l, net jei i\u0161 pirmo \u017evilgsnio tai atrodo kaip i\u0161eitis, abortas po i\u0161prievartavimo nepadeda moteriai pasveikti.          <\/p>\n\n<p>Be to, jei padarytas nusikaltimas, kas tur\u0117t\u0173 b\u016bti nubaustas, jei ne kaltininkas? Abortas nubaud\u017eia auk\u0105 ir nekalt\u0105 tre\u010di\u0105j\u0105 \u0161al\u012f \u2013 vaik\u0105, kuris netur\u0117jo jokios \u012ftakos jo prad\u0117jimo aplinkyb\u0117ms. Vaikas n\u0117ra atsakingas u\u017e savo t\u0117vo nuod\u0117mes ir netur\u0117t\u0173 u\u017e jas mok\u0117ti savo gyvybe. M\u016bs\u0173 prad\u0117jimo aplinkyb\u0117s neturi jokios \u012ftakos m\u016bs\u0173, kaip \u017emoni\u0173, orumui ir vertei.   <\/p>\n\n<p><\/p>\n","protected":false},"excerpt":{"rendered":"<p>Patirti bet kokios formos seksualin\u012f smurt\u0105 yra siaubinga patirtis. Bet jei moteris per \u0161i\u0105 siaubing\u0105 patirt\u012f susilaukia vaiko, ar abortas tikrai padeda jai pasveikti? I\u0161 pirmo \u017evilgsnio atrodo, kad tai<a href=\"https:\/\/prolifeeurope.org\/lt\/ziniu-baze\/abortai-ir-prievartavimas\/\">Continue reading <span class=\"sr-only\">&#8222;Abortai ir prievartavimas&#8221;<\/span><\/a><\/p>\n","protected":false},"author":14,"featured_media":0,"parent":2525,"menu_order":0,"comment_status":"closed","ping_status":"closed","template":"page-topic.php","meta":{"_acf_changed":false,"_monsterinsights_skip_tracking":false,"_monsterinsights_sitenote_active":false,"_monsterinsights_sitenote_note":"","_monsterinsights_sitenote_category":0,"footnotes":""},"topic":[],"class_list":["post-2638","page","type-page","status-publish","hentry"],"acf":[],"yoast_head":"<!-- This site is optimized with the Yoast SEO plugin v27.2 - https:\/\/yoast.com\/product\/yoast-seo-wordpress\/ -->\n<title>Abortai ir prievartavimas - ProLife Europe<\/title>\n<meta name=\"description\" content=\"Su\u017einokite apie i\u0161\u0161\u016bkius, susijusius su teis\u0117s \u012f gyvyb\u0119 ir i\u0161prievartavimo traumos derinimu bei pasekm\u0117mis motinai ir vaikui.\" \/>\n<meta name=\"robots\" content=\"index, follow, max-snippet:-1, max-image-preview:large, max-video-preview:-1\" \/>\n<link rel=\"canonical\" href=\"https:\/\/prolifeeurope.org\/lt\/ziniu-baze\/abortai-ir-prievartavimas\/\" \/>\n<meta property=\"og:locale\" content=\"lt_LT\" \/>\n<meta property=\"og:type\" content=\"article\" \/>\n<meta property=\"og:title\" content=\"Abortai ir prievartavimas - ProLife Europe\" \/>\n<meta property=\"og:description\" content=\"Su\u017einokite apie i\u0161\u0161\u016bkius, susijusius su teis\u0117s \u012f gyvyb\u0119 ir i\u0161prievartavimo traumos derinimu bei pasekm\u0117mis motinai ir vaikui.\" \/>\n<meta property=\"og:url\" content=\"https:\/\/prolifeeurope.org\/lt\/ziniu-baze\/abortai-ir-prievartavimas\/\" \/>\n<meta property=\"og:site_name\" content=\"ProLife Europe\" \/>\n<meta property=\"article:publisher\" content=\"https:\/\/www.facebook.com\/ProLifeEurope\/\" \/>\n<meta property=\"article:modified_time\" content=\"2025-03-21T08:49:02+00:00\" \/>\n<meta name=\"twitter:card\" content=\"summary_large_image\" \/>\n<meta name=\"twitter:label1\" content=\"Est. reading time\" \/>\n\t<meta name=\"twitter:data1\" content=\"1 minut\u0117\" \/>\n<script type=\"application\/ld+json\" class=\"yoast-schema-graph\">{\"@context\":\"https:\/\/schema.org\",\"@graph\":[{\"@type\":\"WebPage\",\"@id\":\"https:\/\/prolifeeurope.org\/lt\/ziniu-baze\/abortai-ir-prievartavimas\/\",\"url\":\"https:\/\/prolifeeurope.org\/lt\/ziniu-baze\/abortai-ir-prievartavimas\/\",\"name\":\"Abortai ir prievartavimas - ProLife Europe\",\"isPartOf\":{\"@id\":\"https:\/\/prolifeeurope.org\/lt\/#website\"},\"datePublished\":\"2025-01-15T17:20:00+00:00\",\"dateModified\":\"2025-03-21T08:49:02+00:00\",\"description\":\"Su\u017einokite apie i\u0161\u0161\u016bkius, susijusius su teis\u0117s \u012f gyvyb\u0119 ir i\u0161prievartavimo traumos derinimu bei pasekm\u0117mis motinai ir vaikui.\",\"breadcrumb\":{\"@id\":\"https:\/\/prolifeeurope.org\/lt\/ziniu-baze\/abortai-ir-prievartavimas\/#breadcrumb\"},\"inLanguage\":\"lt-LT\",\"potentialAction\":[{\"@type\":\"ReadAction\",\"target\":[\"https:\/\/prolifeeurope.org\/lt\/ziniu-baze\/abortai-ir-prievartavimas\/\"]}]},{\"@type\":\"BreadcrumbList\",\"@id\":\"https:\/\/prolifeeurope.org\/lt\/ziniu-baze\/abortai-ir-prievartavimas\/#breadcrumb\",\"itemListElement\":[{\"@type\":\"ListItem\",\"position\":1,\"name\":\"Home\",\"item\":\"https:\/\/prolifeeurope.org\/lt\/\"},{\"@type\":\"ListItem\",\"position\":2,\"name\":\"\u017dini\u0173 baz\u0117\",\"item\":\"https:\/\/prolifeeurope.org\/lt\/ziniu-baze\/\"},{\"@type\":\"ListItem\",\"position\":3,\"name\":\"Abortai ir prievartavimas\"}]},{\"@type\":\"WebSite\",\"@id\":\"https:\/\/prolifeeurope.org\/lt\/#website\",\"url\":\"https:\/\/prolifeeurope.org\/lt\/\",\"name\":\"ProLife Europe\",\"description\":\"\",\"publisher\":{\"@id\":\"https:\/\/prolifeeurope.org\/lt\/#organization\"},\"potentialAction\":[{\"@type\":\"SearchAction\",\"target\":{\"@type\":\"EntryPoint\",\"urlTemplate\":\"https:\/\/prolifeeurope.org\/lt\/?s={search_term_string}\"},\"query-input\":{\"@type\":\"PropertyValueSpecification\",\"valueRequired\":true,\"valueName\":\"search_term_string\"}}],\"inLanguage\":\"lt-LT\"},{\"@type\":\"Organization\",\"@id\":\"https:\/\/prolifeeurope.org\/lt\/#organization\",\"name\":\"ProLife Europe\",\"url\":\"https:\/\/prolifeeurope.org\/lt\/\",\"logo\":{\"@type\":\"ImageObject\",\"inLanguage\":\"lt-LT\",\"@id\":\"https:\/\/prolifeeurope.org\/lt\/#\/schema\/logo\/image\/\",\"url\":\"https:\/\/prolifeeurope.org\/wp-content\/uploads\/2024\/11\/logo-3.svg\",\"contentUrl\":\"https:\/\/prolifeeurope.org\/wp-content\/uploads\/2024\/11\/logo-3.svg\",\"width\":166,\"height\":170,\"caption\":\"ProLife Europe\"},\"image\":{\"@id\":\"https:\/\/prolifeeurope.org\/lt\/#\/schema\/logo\/image\/\"},\"sameAs\":[\"https:\/\/www.facebook.com\/ProLifeEurope\/\",\"https:\/\/www.instagram.com\/prolife_europe\/\",\"https:\/\/www.youtube.com\/channel\/UC7olgmdiSVEHZUiP554XozA\"]}]}<\/script>\n<!-- \/ Yoast SEO plugin. -->","yoast_head_json":{"title":"Abortai ir prievartavimas - ProLife Europe","description":"Su\u017einokite apie i\u0161\u0161\u016bkius, susijusius su teis\u0117s \u012f gyvyb\u0119 ir i\u0161prievartavimo traumos derinimu bei pasekm\u0117mis motinai ir vaikui.","robots":{"index":"index","follow":"follow","max-snippet":"max-snippet:-1","max-image-preview":"max-image-preview:large","max-video-preview":"max-video-preview:-1"},"canonical":"https:\/\/prolifeeurope.org\/lt\/ziniu-baze\/abortai-ir-prievartavimas\/","og_locale":"lt_LT","og_type":"article","og_title":"Abortai ir prievartavimas - ProLife Europe","og_description":"Su\u017einokite apie i\u0161\u0161\u016bkius, susijusius su teis\u0117s \u012f gyvyb\u0119 ir i\u0161prievartavimo traumos derinimu bei pasekm\u0117mis motinai ir vaikui.","og_url":"https:\/\/prolifeeurope.org\/lt\/ziniu-baze\/abortai-ir-prievartavimas\/","og_site_name":"ProLife Europe","article_publisher":"https:\/\/www.facebook.com\/ProLifeEurope\/","article_modified_time":"2025-03-21T08:49:02+00:00","twitter_card":"summary_large_image","twitter_misc":{"Est. reading time":"1 minut\u0117"},"schema":{"@context":"https:\/\/schema.org","@graph":[{"@type":"WebPage","@id":"https:\/\/prolifeeurope.org\/lt\/ziniu-baze\/abortai-ir-prievartavimas\/","url":"https:\/\/prolifeeurope.org\/lt\/ziniu-baze\/abortai-ir-prievartavimas\/","name":"Abortai ir prievartavimas - ProLife Europe","isPartOf":{"@id":"https:\/\/prolifeeurope.org\/lt\/#website"},"datePublished":"2025-01-15T17:20:00+00:00","dateModified":"2025-03-21T08:49:02+00:00","description":"Su\u017einokite apie i\u0161\u0161\u016bkius, susijusius su teis\u0117s \u012f gyvyb\u0119 ir i\u0161prievartavimo traumos derinimu bei pasekm\u0117mis motinai ir vaikui.","breadcrumb":{"@id":"https:\/\/prolifeeurope.org\/lt\/ziniu-baze\/abortai-ir-prievartavimas\/#breadcrumb"},"inLanguage":"lt-LT","potentialAction":[{"@type":"ReadAction","target":["https:\/\/prolifeeurope.org\/lt\/ziniu-baze\/abortai-ir-prievartavimas\/"]}]},{"@type":"BreadcrumbList","@id":"https:\/\/prolifeeurope.org\/lt\/ziniu-baze\/abortai-ir-prievartavimas\/#breadcrumb","itemListElement":[{"@type":"ListItem","position":1,"name":"Home","item":"https:\/\/prolifeeurope.org\/lt\/"},{"@type":"ListItem","position":2,"name":"\u017dini\u0173 baz\u0117","item":"https:\/\/prolifeeurope.org\/lt\/ziniu-baze\/"},{"@type":"ListItem","position":3,"name":"Abortai ir prievartavimas"}]},{"@type":"WebSite","@id":"https:\/\/prolifeeurope.org\/lt\/#website","url":"https:\/\/prolifeeurope.org\/lt\/","name":"ProLife Europe","description":"","publisher":{"@id":"https:\/\/prolifeeurope.org\/lt\/#organization"},"potentialAction":[{"@type":"SearchAction","target":{"@type":"EntryPoint","urlTemplate":"https:\/\/prolifeeurope.org\/lt\/?s={search_term_string}"},"query-input":{"@type":"PropertyValueSpecification","valueRequired":true,"valueName":"search_term_string"}}],"inLanguage":"lt-LT"},{"@type":"Organization","@id":"https:\/\/prolifeeurope.org\/lt\/#organization","name":"ProLife Europe","url":"https:\/\/prolifeeurope.org\/lt\/","logo":{"@type":"ImageObject","inLanguage":"lt-LT","@id":"https:\/\/prolifeeurope.org\/lt\/#\/schema\/logo\/image\/","url":"https:\/\/prolifeeurope.org\/wp-content\/uploads\/2024\/11\/logo-3.svg","contentUrl":"https:\/\/prolifeeurope.org\/wp-content\/uploads\/2024\/11\/logo-3.svg","width":166,"height":170,"caption":"ProLife Europe"},"image":{"@id":"https:\/\/prolifeeurope.org\/lt\/#\/schema\/logo\/image\/"},"sameAs":["https:\/\/www.facebook.com\/ProLifeEurope\/","https:\/\/www.instagram.com\/prolife_europe\/","https:\/\/www.youtube.com\/channel\/UC7olgmdiSVEHZUiP554XozA"]}]}},"_links":{"self":[{"href":"https:\/\/prolifeeurope.org\/lt\/wp-json\/wp\/v2\/pages\/2638","targetHints":{"allow":["GET"]}}],"collection":[{"href":"https:\/\/prolifeeurope.org\/lt\/wp-json\/wp\/v2\/pages"}],"about":[{"href":"https:\/\/prolifeeurope.org\/lt\/wp-json\/wp\/v2\/types\/page"}],"author":[{"embeddable":true,"href":"https:\/\/prolifeeurope.org\/lt\/wp-json\/wp\/v2\/users\/14"}],"replies":[{"embeddable":true,"href":"https:\/\/prolifeeurope.org\/lt\/wp-json\/wp\/v2\/comments?post=2638"}],"version-history":[{"count":1,"href":"https:\/\/prolifeeurope.org\/lt\/wp-json\/wp\/v2\/pages\/2638\/revisions"}],"predecessor-version":[{"id":2639,"href":"https:\/\/prolifeeurope.org\/lt\/wp-json\/wp\/v2\/pages\/2638\/revisions\/2639"}],"up":[{"embeddable":true,"href":"https:\/\/prolifeeurope.org\/lt\/wp-json\/wp\/v2\/pages\/2525"}],"wp:attachment":[{"href":"https:\/\/prolifeeurope.org\/lt\/wp-json\/wp\/v2\/media?parent=2638"}],"wp:term":[{"taxonomy":"topic","embeddable":true,"href":"https:\/\/prolifeeurope.org\/lt\/wp-json\/wp\/v2\/topic?post=2638"}],"curies":[{"name":"wp","href":"https:\/\/api.w.org\/{rel}","templated":true}]}}