{"id":2611,"date":"2025-01-30T23:17:55","date_gmt":"2025-01-30T22:17:55","guid":{"rendered":"https:\/\/ws-staging.prolifeeurope.org\/teisinis-pranesimas\/"},"modified":"2025-07-15T10:51:57","modified_gmt":"2025-07-15T08:51:57","slug":"teisinis-pranesimas","status":"publish","type":"page","link":"https:\/\/prolifeeurope.org\/lt\/teisinis-pranesimas\/","title":{"rendered":"Teisinis prane\u0161imas"},"content":{"rendered":"\n<div class=\"wp-block-cover is-light no-border-radius\"><img loading=\"lazy\" decoding=\"async\" width=\"2560\" height=\"1937\" class=\"wp-block-cover__image-background wp-image-1843\" alt=\"\" src=\"https:\/\/prolifeeurope.org\/wp-content\/uploads\/2025\/01\/Pro_Life-CI-Background7-scaled-1.jpg\" data-object-fit=\"cover\" srcset=\"https:\/\/prolifeeurope.org\/wp-content\/uploads\/2025\/01\/Pro_Life-CI-Background7-scaled-1.jpg 2560w, https:\/\/prolifeeurope.org\/wp-content\/uploads\/2025\/01\/Pro_Life-CI-Background7-scaled-1-300x227.jpg 300w, https:\/\/prolifeeurope.org\/wp-content\/uploads\/2025\/01\/Pro_Life-CI-Background7-scaled-1-1024x775.jpg 1024w, https:\/\/prolifeeurope.org\/wp-content\/uploads\/2025\/01\/Pro_Life-CI-Background7-scaled-1-768x581.jpg 768w, https:\/\/prolifeeurope.org\/wp-content\/uploads\/2025\/01\/Pro_Life-CI-Background7-scaled-1-1536x1162.jpg 1536w, https:\/\/prolifeeurope.org\/wp-content\/uploads\/2025\/01\/Pro_Life-CI-Background7-scaled-1-2048x1550.jpg 2048w\" sizes=\"auto, (max-width: 2560px) 100vw, 2560px\" \/><span aria-hidden=\"true\" class=\"wp-block-cover__background has-background-dim\" style=\"background-color:#e8642e\"><\/span><div class=\"wp-block-cover__inner-container is-layout-constrained wp-block-cover-is-layout-constrained\">\n<h1 class=\"wp-block-heading has-text-align-center has-large-font-size\">Teisinis prane\u0161imas<\/h1>\n<\/div><\/div>\n\r\n<section  class=\"prose prose-neutral prose-a:text-primary\">\r\n    <div class=\"main ~py-10\/20 text-lg text-body\/[75%] [&#038;_:is(strong,em)]:text-inherit [&#038;_:is(h2,h3,h4,h5,h6)]:text-orange [&#038;_a]:text-orange\">\r\n        <p><strong>Informacija pagal TMG 5 straipsn\u012f<\/strong><\/p>\n<p><strong>ProLife Europe e.V.<\/strong><br \/>\nMemminger Str. 30<br \/>\nD \u2013 89264 Wei\u00dfenhorn <\/p>\n<p><strong>Asociacij\u0173 registras:<\/strong><br \/>\n201042<\/p>\n<p><strong>Registracijos \u012fstaiga:<\/strong><br \/>\nAmtsgericht Memmingen<\/p>\n<p><strong>Atstovai:<\/strong><br \/>\nPirminink\u0117: Maria Czernin<br \/>\nValdybos nariai: Miriam Becker, Manuela Steiner, Benedikt Oyen, Benjamin Famula<\/p>\n<p><strong>Kontaktas<\/strong><br \/>\nTelefonas: +49 1 5171890846<br \/>\ne-mail: info@prolifeeurope.org<\/p>\n<p><strong>Prid\u0117tin\u0117s vert\u0117s mokes\u010dio mok\u0117tojo kodas<br \/>\n<\/strong>Apyvartos mokes\u010dio identifikacinis numeris pagal Apyvartos mokes\u010dio \u012fstatymo 27 a straipsn\u012f:<br \/>\nDE327304813<\/p>\n<p><strong>Atsakomyb\u0117 u\u017e turin\u012f pagal \u00a7 55 Abs. 2 RStV <\/strong><br \/>\nProLife Europe e.V.<br \/>\nMemminger Str. 30<br \/>\nD \u2013 89264 Wei\u00dfenhorn <\/p>\n<p><strong>Vartotoj\u0173 gin\u010d\u0173 sprendimas \/ Visuotin\u0117 arbitra\u017eo institucija<br \/>\n<\/strong>Nenorime ir neprivalome dalyvauti gin\u010d\u0173 sprendimo proced\u016brose vartotoj\u0173 arbitra\u017ee.<\/p>\n<p><strong>Atsakomyb\u0117 u\u017e turin\u012f<br \/>\n<\/strong>Kaip paslaug\u0173 teik\u0117jas, mes esame atsakingi u\u017e savo turin\u012f \u0161iuose puslapiuose pagal TMG (Vokietijos telemedijos \u012fstatym\u0105) 7 straipsnio 1 dal\u012f ir bendruosius \u012fstatymus. Pagal TMG 8-10 straipsnius mes neprivalome steb\u0117ti perduodamos ar saugomos i\u0161orin\u0117s informacijos arba tirti aplinkybi\u0173, kurios rodo neteis\u0117t\u0105 veikl\u0105.  <\/p>\n<p>\u012epareigojimai pa\u0161alinti informacij\u0105 arba blokuoti jos naudojim\u0105 pagal bendruosius \u012fstatymus i\u0161lieka nepakit\u0119. Ta\u010diau atsakomyb\u0117 \u0161iuo at\u017evilgiu galima tik nuo tada, kai su\u017einoma apie konkret\u0173 pa\u017eeidim\u0105. Su\u017einoj\u0119 apie tokius pa\u017eeidimus, nedelsdami pa\u0161alinsime tok\u012f turin\u012f.  <\/p>\n<p><strong>Atsakomyb\u0117 u\u017e nuorodas<br \/>\n<\/strong>M\u016bs\u0173 puslapyje yra nuorod\u0173 \u012f tre\u010di\u0173j\u0173 \u0161ali\u0173 i\u0161or\u0117s svetaines, kuri\u0173 turiniui neturime jokios \u012ftakos. Tod\u0117l mes negalime prisiimti jokios atsakomyb\u0117s u\u017e \u0161i\u0173 i\u0161orini\u0173 svetaini\u0173 turin\u012f. U\u017e svetaini\u0173, \u012f kurias pateikiamos nuorodos, turin\u012f visuomet atsako atitinkamas svetaini\u0173 teik\u0117jas arba valdytojas. Nuorod\u0173 pateikimo metu buvo patikrinta, ar nuorod\u0173 puslapiuose n\u0117ra galim\u0173 teisini\u0173 pa\u017eeidim\u0173. Neteis\u0117to turinio nuorod\u0173 pateikimo metu nebuvo nustatyta.    <\/p>\n<p>Ta\u010diau nuolatin\u0117 susiet\u0173 puslapi\u0173 turinio kontrol\u0117 yra nepagr\u012fsta, jei n\u0117ra konkre\u010di\u0173 teis\u0117s pa\u017eeidimo \u012frodym\u0173. Jei su\u017einosime apie pa\u017eeidimus, nedelsdami pa\u0161alinsime tokias nuorodas. <\/p>\n<p><strong>Autorin\u0117s teis\u0117s<\/strong><br \/>\nSvetain\u0117s valdytoj\u0173 sukurtam \u0161i\u0173 puslapi\u0173 turiniui ir k\u016briniams taikomi Vokietijos autori\u0173 teisi\u0173 \u012fstatymai. Norint atgaminti, redaguoti, platinti ir bet kokiu b\u016bdu naudoti u\u017e autori\u0173 teisi\u0173 \u012fstatymo rib\u0173, reikia ra\u0161ti\u0161ko atitinkamo autoriaus ar k\u016br\u0117jo sutikimo. \u0160iuos puslapius leid\u017eiama atsisi\u0173sti ir kopijuoti tik asmeniniam, nekomerciniam naudojimui.  <\/p>\n<p>Jei \u0161ios svetain\u0117s turin\u012f suk\u016br\u0117 ne operatorius, tre\u010di\u0173j\u0173 \u0161ali\u0173 autori\u0173 teis\u0117s yra gerbiamos. Vis\u0173 pirma tre\u010di\u0173j\u0173 \u0161ali\u0173 turinys yra pa\u017eym\u0117tas kaip toks. Jei vis d\u0117lto su\u017einotum\u0117te apie autori\u0173 teisi\u0173 pa\u017eeidim\u0105, prane\u0161kite mums apie tai. Jei su\u017einosime apie pa\u017eeidimus, nedelsdami pa\u0161alinsime tok\u012f turin\u012f.   <\/p>\n    <\/div>\r\n<\/section>","protected":false},"excerpt":{"rendered":"","protected":false},"author":14,"featured_media":0,"parent":0,"menu_order":0,"comment_status":"closed","ping_status":"closed","template":"","meta":{"_acf_changed":false,"_monsterinsights_skip_tracking":false,"_monsterinsights_sitenote_active":false,"_monsterinsights_sitenote_note":"","_monsterinsights_sitenote_category":0,"footnotes":""},"topic":[],"class_list":["post-2611","page","type-page","status-publish","hentry"],"acf":[],"yoast_head":"<!-- This site is optimized with the Yoast SEO plugin v27.2 - https:\/\/yoast.com\/product\/yoast-seo-wordpress\/ -->\n<title>Teisinis prane\u0161imas - ProLife Europe<\/title>\n<meta name=\"description\" content=\"Teisinis prane\u0161imas apie ProLife Europe e.V. Egzistuojame tam, kad atskleistume ties\u0105 apie abortus ir pad\u0117tume studentams ginti ir kurti gyvyb\u0117s kult\u016br\u0105 visoje Europoje.\" \/>\n<meta name=\"robots\" content=\"index, follow, max-snippet:-1, max-image-preview:large, max-video-preview:-1\" \/>\n<link rel=\"canonical\" href=\"https:\/\/prolifeeurope.org\/lt\/teisinis-pranesimas\/\" \/>\n<meta property=\"og:locale\" content=\"lt_LT\" \/>\n<meta property=\"og:type\" content=\"article\" \/>\n<meta property=\"og:title\" content=\"Teisinis prane\u0161imas - ProLife Europe\" \/>\n<meta property=\"og:description\" content=\"Teisinis prane\u0161imas apie ProLife Europe e.V. Egzistuojame tam, kad atskleistume ties\u0105 apie abortus ir pad\u0117tume studentams ginti ir kurti gyvyb\u0117s kult\u016br\u0105 visoje Europoje.\" \/>\n<meta property=\"og:url\" content=\"https:\/\/prolifeeurope.org\/lt\/teisinis-pranesimas\/\" \/>\n<meta property=\"og:site_name\" content=\"ProLife Europe\" \/>\n<meta property=\"article:publisher\" content=\"https:\/\/www.facebook.com\/ProLifeEurope\/\" \/>\n<meta property=\"article:modified_time\" content=\"2025-07-15T08:51:57+00:00\" \/>\n<meta property=\"og:image\" content=\"https:\/\/prolifeeurope.org\/wp-content\/uploads\/2025\/01\/Pro_Life-CI-Background7-scaled-1.jpg\" \/>\n\t<meta property=\"og:image:width\" content=\"2560\" \/>\n\t<meta property=\"og:image:height\" content=\"1937\" \/>\n\t<meta property=\"og:image:type\" content=\"image\/jpeg\" \/>\n<meta name=\"twitter:card\" content=\"summary_large_image\" \/>\n<script type=\"application\/ld+json\" class=\"yoast-schema-graph\">{\"@context\":\"https:\/\/schema.org\",\"@graph\":[{\"@type\":\"WebPage\",\"@id\":\"https:\/\/prolifeeurope.org\/lt\/teisinis-pranesimas\/\",\"url\":\"https:\/\/prolifeeurope.org\/lt\/teisinis-pranesimas\/\",\"name\":\"Teisinis prane\u0161imas - ProLife Europe\",\"isPartOf\":{\"@id\":\"https:\/\/prolifeeurope.org\/lt\/#website\"},\"primaryImageOfPage\":{\"@id\":\"https:\/\/prolifeeurope.org\/lt\/teisinis-pranesimas\/#primaryimage\"},\"image\":{\"@id\":\"https:\/\/prolifeeurope.org\/lt\/teisinis-pranesimas\/#primaryimage\"},\"thumbnailUrl\":\"https:\/\/prolifeeurope.org\/wp-content\/uploads\/2025\/01\/Pro_Life-CI-Background7-scaled-1.jpg\",\"datePublished\":\"2025-01-30T22:17:55+00:00\",\"dateModified\":\"2025-07-15T08:51:57+00:00\",\"description\":\"Teisinis prane\u0161imas apie ProLife Europe e.V. Egzistuojame tam, kad atskleistume ties\u0105 apie abortus ir pad\u0117tume studentams ginti ir kurti gyvyb\u0117s kult\u016br\u0105 visoje Europoje.\",\"breadcrumb\":{\"@id\":\"https:\/\/prolifeeurope.org\/lt\/teisinis-pranesimas\/#breadcrumb\"},\"inLanguage\":\"lt-LT\",\"potentialAction\":[{\"@type\":\"ReadAction\",\"target\":[\"https:\/\/prolifeeurope.org\/lt\/teisinis-pranesimas\/\"]}]},{\"@type\":\"ImageObject\",\"inLanguage\":\"lt-LT\",\"@id\":\"https:\/\/prolifeeurope.org\/lt\/teisinis-pranesimas\/#primaryimage\",\"url\":\"https:\/\/prolifeeurope.org\/wp-content\/uploads\/2025\/01\/Pro_Life-CI-Background7-scaled-1.jpg\",\"contentUrl\":\"https:\/\/prolifeeurope.org\/wp-content\/uploads\/2025\/01\/Pro_Life-CI-Background7-scaled-1.jpg\"},{\"@type\":\"BreadcrumbList\",\"@id\":\"https:\/\/prolifeeurope.org\/lt\/teisinis-pranesimas\/#breadcrumb\",\"itemListElement\":[{\"@type\":\"ListItem\",\"position\":1,\"name\":\"Home\",\"item\":\"https:\/\/prolifeeurope.org\/lt\/\"},{\"@type\":\"ListItem\",\"position\":2,\"name\":\"Teisinis prane\u0161imas\"}]},{\"@type\":\"WebSite\",\"@id\":\"https:\/\/prolifeeurope.org\/lt\/#website\",\"url\":\"https:\/\/prolifeeurope.org\/lt\/\",\"name\":\"ProLife Europe\",\"description\":\"\",\"publisher\":{\"@id\":\"https:\/\/prolifeeurope.org\/lt\/#organization\"},\"potentialAction\":[{\"@type\":\"SearchAction\",\"target\":{\"@type\":\"EntryPoint\",\"urlTemplate\":\"https:\/\/prolifeeurope.org\/lt\/?s={search_term_string}\"},\"query-input\":{\"@type\":\"PropertyValueSpecification\",\"valueRequired\":true,\"valueName\":\"search_term_string\"}}],\"inLanguage\":\"lt-LT\"},{\"@type\":\"Organization\",\"@id\":\"https:\/\/prolifeeurope.org\/lt\/#organization\",\"name\":\"ProLife Europe\",\"url\":\"https:\/\/prolifeeurope.org\/lt\/\",\"logo\":{\"@type\":\"ImageObject\",\"inLanguage\":\"lt-LT\",\"@id\":\"https:\/\/prolifeeurope.org\/lt\/#\/schema\/logo\/image\/\",\"url\":\"https:\/\/prolifeeurope.org\/wp-content\/uploads\/2024\/11\/logo-3.svg\",\"contentUrl\":\"https:\/\/prolifeeurope.org\/wp-content\/uploads\/2024\/11\/logo-3.svg\",\"width\":166,\"height\":170,\"caption\":\"ProLife Europe\"},\"image\":{\"@id\":\"https:\/\/prolifeeurope.org\/lt\/#\/schema\/logo\/image\/\"},\"sameAs\":[\"https:\/\/www.facebook.com\/ProLifeEurope\/\",\"https:\/\/www.instagram.com\/prolife_europe\/\",\"https:\/\/www.youtube.com\/channel\/UC7olgmdiSVEHZUiP554XozA\"]}]}<\/script>\n<!-- \/ Yoast SEO plugin. -->","yoast_head_json":{"title":"Teisinis prane\u0161imas - ProLife Europe","description":"Teisinis prane\u0161imas apie ProLife Europe e.V. Egzistuojame tam, kad atskleistume ties\u0105 apie abortus ir pad\u0117tume studentams ginti ir kurti gyvyb\u0117s kult\u016br\u0105 visoje Europoje.","robots":{"index":"index","follow":"follow","max-snippet":"max-snippet:-1","max-image-preview":"max-image-preview:large","max-video-preview":"max-video-preview:-1"},"canonical":"https:\/\/prolifeeurope.org\/lt\/teisinis-pranesimas\/","og_locale":"lt_LT","og_type":"article","og_title":"Teisinis prane\u0161imas - ProLife Europe","og_description":"Teisinis prane\u0161imas apie ProLife Europe e.V. Egzistuojame tam, kad atskleistume ties\u0105 apie abortus ir pad\u0117tume studentams ginti ir kurti gyvyb\u0117s kult\u016br\u0105 visoje Europoje.","og_url":"https:\/\/prolifeeurope.org\/lt\/teisinis-pranesimas\/","og_site_name":"ProLife Europe","article_publisher":"https:\/\/www.facebook.com\/ProLifeEurope\/","article_modified_time":"2025-07-15T08:51:57+00:00","og_image":[{"width":2560,"height":1937,"url":"https:\/\/prolifeeurope.org\/wp-content\/uploads\/2025\/01\/Pro_Life-CI-Background7-scaled-1.jpg","type":"image\/jpeg"}],"twitter_card":"summary_large_image","schema":{"@context":"https:\/\/schema.org","@graph":[{"@type":"WebPage","@id":"https:\/\/prolifeeurope.org\/lt\/teisinis-pranesimas\/","url":"https:\/\/prolifeeurope.org\/lt\/teisinis-pranesimas\/","name":"Teisinis prane\u0161imas - ProLife Europe","isPartOf":{"@id":"https:\/\/prolifeeurope.org\/lt\/#website"},"primaryImageOfPage":{"@id":"https:\/\/prolifeeurope.org\/lt\/teisinis-pranesimas\/#primaryimage"},"image":{"@id":"https:\/\/prolifeeurope.org\/lt\/teisinis-pranesimas\/#primaryimage"},"thumbnailUrl":"https:\/\/prolifeeurope.org\/wp-content\/uploads\/2025\/01\/Pro_Life-CI-Background7-scaled-1.jpg","datePublished":"2025-01-30T22:17:55+00:00","dateModified":"2025-07-15T08:51:57+00:00","description":"Teisinis prane\u0161imas apie ProLife Europe e.V. Egzistuojame tam, kad atskleistume ties\u0105 apie abortus ir pad\u0117tume studentams ginti ir kurti gyvyb\u0117s kult\u016br\u0105 visoje Europoje.","breadcrumb":{"@id":"https:\/\/prolifeeurope.org\/lt\/teisinis-pranesimas\/#breadcrumb"},"inLanguage":"lt-LT","potentialAction":[{"@type":"ReadAction","target":["https:\/\/prolifeeurope.org\/lt\/teisinis-pranesimas\/"]}]},{"@type":"ImageObject","inLanguage":"lt-LT","@id":"https:\/\/prolifeeurope.org\/lt\/teisinis-pranesimas\/#primaryimage","url":"https:\/\/prolifeeurope.org\/wp-content\/uploads\/2025\/01\/Pro_Life-CI-Background7-scaled-1.jpg","contentUrl":"https:\/\/prolifeeurope.org\/wp-content\/uploads\/2025\/01\/Pro_Life-CI-Background7-scaled-1.jpg"},{"@type":"BreadcrumbList","@id":"https:\/\/prolifeeurope.org\/lt\/teisinis-pranesimas\/#breadcrumb","itemListElement":[{"@type":"ListItem","position":1,"name":"Home","item":"https:\/\/prolifeeurope.org\/lt\/"},{"@type":"ListItem","position":2,"name":"Teisinis prane\u0161imas"}]},{"@type":"WebSite","@id":"https:\/\/prolifeeurope.org\/lt\/#website","url":"https:\/\/prolifeeurope.org\/lt\/","name":"ProLife Europe","description":"","publisher":{"@id":"https:\/\/prolifeeurope.org\/lt\/#organization"},"potentialAction":[{"@type":"SearchAction","target":{"@type":"EntryPoint","urlTemplate":"https:\/\/prolifeeurope.org\/lt\/?s={search_term_string}"},"query-input":{"@type":"PropertyValueSpecification","valueRequired":true,"valueName":"search_term_string"}}],"inLanguage":"lt-LT"},{"@type":"Organization","@id":"https:\/\/prolifeeurope.org\/lt\/#organization","name":"ProLife Europe","url":"https:\/\/prolifeeurope.org\/lt\/","logo":{"@type":"ImageObject","inLanguage":"lt-LT","@id":"https:\/\/prolifeeurope.org\/lt\/#\/schema\/logo\/image\/","url":"https:\/\/prolifeeurope.org\/wp-content\/uploads\/2024\/11\/logo-3.svg","contentUrl":"https:\/\/prolifeeurope.org\/wp-content\/uploads\/2024\/11\/logo-3.svg","width":166,"height":170,"caption":"ProLife Europe"},"image":{"@id":"https:\/\/prolifeeurope.org\/lt\/#\/schema\/logo\/image\/"},"sameAs":["https:\/\/www.facebook.com\/ProLifeEurope\/","https:\/\/www.instagram.com\/prolife_europe\/","https:\/\/www.youtube.com\/channel\/UC7olgmdiSVEHZUiP554XozA"]}]}},"_links":{"self":[{"href":"https:\/\/prolifeeurope.org\/lt\/wp-json\/wp\/v2\/pages\/2611","targetHints":{"allow":["GET"]}}],"collection":[{"href":"https:\/\/prolifeeurope.org\/lt\/wp-json\/wp\/v2\/pages"}],"about":[{"href":"https:\/\/prolifeeurope.org\/lt\/wp-json\/wp\/v2\/types\/page"}],"author":[{"embeddable":true,"href":"https:\/\/prolifeeurope.org\/lt\/wp-json\/wp\/v2\/users\/14"}],"replies":[{"embeddable":true,"href":"https:\/\/prolifeeurope.org\/lt\/wp-json\/wp\/v2\/comments?post=2611"}],"version-history":[{"count":2,"href":"https:\/\/prolifeeurope.org\/lt\/wp-json\/wp\/v2\/pages\/2611\/revisions"}],"predecessor-version":[{"id":4379,"href":"https:\/\/prolifeeurope.org\/lt\/wp-json\/wp\/v2\/pages\/2611\/revisions\/4379"}],"wp:attachment":[{"href":"https:\/\/prolifeeurope.org\/lt\/wp-json\/wp\/v2\/media?parent=2611"}],"wp:term":[{"taxonomy":"topic","embeddable":true,"href":"https:\/\/prolifeeurope.org\/lt\/wp-json\/wp\/v2\/topic?post=2611"}],"curies":[{"name":"wp","href":"https:\/\/api.w.org\/{rel}","templated":true}]}}