{"id":2607,"date":"2025-01-30T23:23:47","date_gmt":"2025-01-30T22:23:47","guid":{"rendered":"https:\/\/ws-staging.prolifeeurope.org\/duomenu-apsauga-ir-privatumas\/"},"modified":"2025-03-06T16:22:37","modified_gmt":"2025-03-06T15:22:37","slug":"duomenu-apsauga-ir-privatumas","status":"publish","type":"page","link":"https:\/\/prolifeeurope.org\/lt\/duomenu-apsauga-ir-privatumas\/","title":{"rendered":"Duomen\u0173 apsauga ir privatumas"},"content":{"rendered":"\n<div class=\"wp-block-cover is-light no-border-radius\"><span aria-hidden=\"true\" class=\"wp-block-cover__background has-background-dim\" style=\"background-color:#e8642e\"><\/span><img loading=\"lazy\" decoding=\"async\" width=\"2560\" height=\"1937\" class=\"wp-block-cover__image-background wp-image-1843\" alt=\"\" src=\"https:\/\/prolifeeurope.org\/wp-content\/uploads\/2025\/01\/Pro_Life-CI-Background7-scaled-1.jpg\" data-object-fit=\"cover\" srcset=\"https:\/\/prolifeeurope.org\/wp-content\/uploads\/2025\/01\/Pro_Life-CI-Background7-scaled-1.jpg 2560w, https:\/\/prolifeeurope.org\/wp-content\/uploads\/2025\/01\/Pro_Life-CI-Background7-scaled-1-300x227.jpg 300w, https:\/\/prolifeeurope.org\/wp-content\/uploads\/2025\/01\/Pro_Life-CI-Background7-scaled-1-1024x775.jpg 1024w, https:\/\/prolifeeurope.org\/wp-content\/uploads\/2025\/01\/Pro_Life-CI-Background7-scaled-1-768x581.jpg 768w, https:\/\/prolifeeurope.org\/wp-content\/uploads\/2025\/01\/Pro_Life-CI-Background7-scaled-1-1536x1162.jpg 1536w, https:\/\/prolifeeurope.org\/wp-content\/uploads\/2025\/01\/Pro_Life-CI-Background7-scaled-1-2048x1550.jpg 2048w\" sizes=\"auto, (max-width: 2560px) 100vw, 2560px\" \/><div class=\"wp-block-cover__inner-container is-layout-constrained wp-block-cover-is-layout-constrained\">\n<h1 class=\"wp-block-heading has-text-align-center has-large-font-size\">Duomen\u0173 apsauga ir privatumas<\/h1>\n<\/div><\/div>\n\r\n<section  class=\"prose prose-neutral prose-a:text-primary\">\r\n    <div class=\"main ~py-10\/20 text-lg text-body\/[75%] [&#038;_:is(strong,em)]:text-inherit [&#038;_:is(h2,h3,h4,h5,h6)]:text-orange [&#038;_a]:text-orange\">\r\n        <p><strong>Informacija apie asmens duomen\u0173 rinkim\u0105<\/strong><\/p>\n<p><strong>1. Atsakingo asmens vardas, pavard\u0117 ir adresas<\/strong><\/p>\n<p>Pagal ES bendrojo duomen\u0173 apsaugos reglamento (EU-DSGVO) 4.7 straipsn\u012f, atsakomyb\u0117 atitenka ProLife Europe e.V. asociacijai, \u017er. duomenis puslapio apa\u010dioje.<\/p>\n<p><strong>2. Informacija apie asmens duomen\u0173 rinkim\u0105<\/strong><\/p>\n<p>\u2013 Toliau informuojame apie asmens duomen\u0173 rinkim\u0105 naudojantis m\u016bs\u0173 svetaine. Asmens duomenys \u2013 tai visi duomenys, kurie gali b\u016bti susij\u0119 su jumis asmeni\u0161kai, pvz. vardas, pavard\u0117, adresas, el. pa\u0161to adresai, naudotojo elgsena.<br \/>\n\u2013 Kai su mumis susisieksite el. pa\u0161tu arba naudodami kontaktin\u0119 form\u0105, j\u016bs\u0173 pateiktus duomenis (el. pa\u0161to adres\u0105 ir vard\u0105 ir pavard\u0119) i\u0161saugosime, kad gal\u0117tume atsakyti \u012f j\u016bs\u0173 klausimus. Kai saugojimas tampa nebereikalingas, i\u0161trinsime d\u0117l to atsiradusius duomenis arba apribosime j\u0173 tvarkym\u0105, jei yra teisini\u0173 prievoli\u0173 saugoti duomenis.<br \/>\n\u2013 I\u0161 principo naudotoj\u0173 asmens duomenis tvarkome tik tiek, kiek tai b\u016btina, kad gal\u0117tume u\u017etikrinti svetain\u0117s veikim\u0105 ir teikti savo turin\u012f bei paslaugas. M\u016bs\u0173 naudotoj\u0173 asmens duomenys paprastai tvarkomi tik gavus naudotojo sutikim\u0105. I\u0161imtis daroma tais atvejais, kai i\u0161ankstinio sutikimo negalima gauti d\u0117l faktini\u0173 prie\u017eas\u010di\u0173 ir duomenis tvarkyti leid\u017eiama pagal \u012fstatymus.  <\/p>\n<p><strong>3. Asmens duomen\u0173 tvarkymo teisinis pagrindas<\/strong><\/p>\n<p>\u2013 Jei gauname duomen\u0173 subjekto sutikim\u0105 tvarkyti asmens duomenis, teisinis pagrindas yra ES bendrojo duomen\u0173 apsaugos reglamento (DSGVO) straipsnis 6.1.<br \/>\n\u2013 Jei asmens duomenis tvarkyti b\u016btina siekiant \u012fvykdyti teisin\u0119 pareig\u0105, kuri taikoma m\u016bs\u0173 asociacijai, teisinis pagrindas yra DSGVO straipsnis 6.1.c.<br \/>\n\u2013 Jei tvarkyti duomenis b\u016btina siekiant apsaugoti m\u016bs\u0173 organizacijos arba tre\u010dios \u0161alies teis\u0117t\u0105 interes\u0105 ir jei duomen\u0173 subjekto interesai, pagrindin\u0117s teis\u0117s ir laisv\u0117s n\u0117ra svarbesni u\u017e t\u0105 interes\u0105, duomen\u0173 tvarkymo teisinis pagrindas yra DSGVO straipsnis 6.1.f.<\/p>\n<p><strong>4. Duomen\u0173 i\u0161trynimas ir saugojimo trukm\u0117<\/strong><\/p>\n<p>Atitinkamo asmens duomenys bus i\u0161trinti arba u\u017eblokuoti i\u0161 karto, kai tik i\u0161nyks saugojimo tikslas. Duomenys taip pat gali b\u016bti saugomi, jei tai numatyta Europos S\u0105jungos arba nacionaliniuose teis\u0117s aktuose, \u012fstatymuose ar kituose teis\u0117s aktuose, kurie taikomi atsakingam asmeniui. Duomenys taip pat bus blokuojami arba i\u0161trinami, kai pasibaigs pirmiau min\u0117tuose standartuose nustatytas saugojimo laikotarpis, i\u0161skyrus atvejus, kai reikia toliau saugoti duomenis, kad b\u016bt\u0173 galima sudaryti ar vykdyti sutart\u012f.  <\/p>\n<p><strong>5. Asmens duomen\u0173 rinkimas ir jo tikslas lankantis m\u016bs\u0173 svetain\u0117je<\/strong><\/p>\n<p>5.1 Kai svetaine naudojat\u0117s tik informaciniais tikslais, t. y. kai nepateikiate mums jokios kitos informacijos, mes renkame tik tuos asmens duomenis, kuriuos j\u016bs\u0173 nar\u0161ykl\u0117 siun\u010dia \u012f m\u016bs\u0173 server\u012f. Jei norite per\u017ei\u016br\u0117ti m\u016bs\u0173 svetain\u0119, mes renkame toliau nurodytus duomenis, kurie yra techni\u0161kai b\u016btini, kad gal\u0117tume rodyti savo svetain\u0119 ir u\u017etikrinti jos stabilum\u0105 bei saugum\u0105 (teisinis pagrindas \u2013 ES-DSGVO straipsnis 6.1.f): <\/p>\n<p>\u2013 IP adresas<br \/>\n\u2013 U\u017eklausos data ir laikas<br \/>\n\u2013 Laiko juost\u0173 skirtumas nuo Grinvi\u010do laiko (GMT)<br \/>\nU\u017eklausos turinys (konkretus puslapis)<br \/>\n\u2013 Prieigos b\u016bsena\/HTTP b\u016bsenos kodas<br \/>\n\u2013 Kiekvienu atveju perduot\u0173 duomen\u0173 kiekis<br \/>\n\u2013 Interneto svetain\u0117, i\u0161 kurios gauta u\u017eklausa<br \/>\n\u2013 Nar\u0161ykl\u0117<br \/>\n\u2013 Operacin\u0117 sistema ir jos s\u0105saja<br \/>\n\u2013 Nar\u0161ykl\u0117s programin\u0117s \u012frangos kalba ir versija<\/p>\n<p>5.2 Be pirmiau min\u0117t\u0173 duomen\u0173, kai naudojat\u0117s m\u016bs\u0173 svetaine, j\u016bs\u0173 kompiuteryje i\u0161saugomi slapukai. Slapukai \u2013 tai nedideli tekstiniai failai, kurie saugomi j\u016bs\u0173 kietajame diske pagal j\u016bs\u0173 naudojam\u0105 nar\u0161ykl\u0119 ir per kuriuos tam tikra informacija perduodama slapuk\u0105 nusta\u010diusiai svetainei (\u0161iuo atveju \u2013 mums). Slapukai negali paleisti program\u0173 ar perduoti virus\u0173 \u012f j\u016bs\u0173 kompiuter\u012f. J\u0173 paskirtis \u2013 padaryti interneto pasi\u016bl\u0105 bendrai patogesn\u0119 ir efektyvesn\u0119.   <\/p>\n<p>5.3 Use of cookies:<\/p>\n<p>5.3.1 \u0160ioje svetain\u0117je naudojami toliau i\u0161vardyti slapuk\u0173 tipai, kuri\u0173 taikymo sritis ir veikimas paai\u0161kinti toliau:<br \/>\n\u2013 Laikinieji slapukai (papildomai b)<br \/>\n\u2013 Nuolatiniai slapukai (\u017er. c).<\/p>\n<p>5.3.2 Laikinieji slapukai automati\u0161kai i\u0161trinami, kai u\u017edarote nar\u0161ykl\u0119. Jiems vis\u0173 pirma priskiriami sesijos slapukai. Juose saugomas vadinamasis sesijos ID, pagal kur\u012f \u012fvairias j\u016bs\u0173 nar\u0161ykl\u0117s u\u017eklausas galima priskirti bendrai sesijai. Tai leid\u017eia atpa\u017einti j\u016bs\u0173 kompiuter\u012f, kai gr\u012f\u017etate \u012f m\u016bs\u0173 svetain\u0119. Sesijos slapukai i\u0161trinami, kai atsijungiate arba u\u017edarote nar\u0161ykl\u0119.    <\/p>\n<p>5.3.3 Nuolatiniai slapukai automati\u0161kai generuojami po i\u0161 anksto nustatyto laikotarpio.<\/p>\n    <\/div>\r\n<\/section>","protected":false},"excerpt":{"rendered":"","protected":false},"author":14,"featured_media":0,"parent":0,"menu_order":0,"comment_status":"closed","ping_status":"closed","template":"","meta":{"_acf_changed":false,"_monsterinsights_skip_tracking":false,"_monsterinsights_sitenote_active":false,"_monsterinsights_sitenote_note":"","_monsterinsights_sitenote_category":0,"footnotes":""},"topic":[],"class_list":["post-2607","page","type-page","status-publish","hentry"],"acf":[],"yoast_head":"<!-- This site is optimized with the Yoast SEO plugin v27.2 - https:\/\/yoast.com\/product\/yoast-seo-wordpress\/ -->\n<title>Duomen\u0173 apsauga ir privatumas - ProLife Europe<\/title>\n<meta name=\"description\" content=\"Asmens duomen\u0173 rinkimas ir jo tikslas lankantis m\u016bs\u0173 svetain\u0117je.\" \/>\n<meta name=\"robots\" content=\"index, follow, max-snippet:-1, max-image-preview:large, max-video-preview:-1\" \/>\n<link rel=\"canonical\" href=\"https:\/\/prolifeeurope.org\/lt\/duomenu-apsauga-ir-privatumas\/\" \/>\n<meta property=\"og:locale\" content=\"lt_LT\" \/>\n<meta property=\"og:type\" content=\"article\" \/>\n<meta property=\"og:title\" content=\"Duomen\u0173 apsauga ir privatumas - ProLife Europe\" \/>\n<meta property=\"og:description\" content=\"Asmens duomen\u0173 rinkimas ir jo tikslas lankantis m\u016bs\u0173 svetain\u0117je.\" \/>\n<meta property=\"og:url\" content=\"https:\/\/prolifeeurope.org\/lt\/duomenu-apsauga-ir-privatumas\/\" \/>\n<meta property=\"og:site_name\" content=\"ProLife Europe\" \/>\n<meta property=\"article:publisher\" content=\"https:\/\/www.facebook.com\/ProLifeEurope\/\" \/>\n<meta property=\"article:modified_time\" content=\"2025-03-06T15:22:37+00:00\" \/>\n<meta property=\"og:image\" content=\"https:\/\/prolifeeurope.org\/wp-content\/uploads\/2025\/01\/Pro_Life-CI-Background7-scaled-1.jpg\" \/>\n\t<meta property=\"og:image:width\" content=\"2560\" \/>\n\t<meta property=\"og:image:height\" content=\"1937\" \/>\n\t<meta property=\"og:image:type\" content=\"image\/jpeg\" \/>\n<meta name=\"twitter:card\" content=\"summary_large_image\" \/>\n<script type=\"application\/ld+json\" class=\"yoast-schema-graph\">{\"@context\":\"https:\/\/schema.org\",\"@graph\":[{\"@type\":\"WebPage\",\"@id\":\"https:\/\/prolifeeurope.org\/lt\/duomenu-apsauga-ir-privatumas\/\",\"url\":\"https:\/\/prolifeeurope.org\/lt\/duomenu-apsauga-ir-privatumas\/\",\"name\":\"Duomen\u0173 apsauga ir privatumas - ProLife Europe\",\"isPartOf\":{\"@id\":\"https:\/\/prolifeeurope.org\/lt\/#website\"},\"primaryImageOfPage\":{\"@id\":\"https:\/\/prolifeeurope.org\/lt\/duomenu-apsauga-ir-privatumas\/#primaryimage\"},\"image\":{\"@id\":\"https:\/\/prolifeeurope.org\/lt\/duomenu-apsauga-ir-privatumas\/#primaryimage\"},\"thumbnailUrl\":\"https:\/\/prolifeeurope.org\/wp-content\/uploads\/2025\/01\/Pro_Life-CI-Background7-scaled-1.jpg\",\"datePublished\":\"2025-01-30T22:23:47+00:00\",\"dateModified\":\"2025-03-06T15:22:37+00:00\",\"description\":\"Asmens duomen\u0173 rinkimas ir jo tikslas lankantis m\u016bs\u0173 svetain\u0117je.\",\"breadcrumb\":{\"@id\":\"https:\/\/prolifeeurope.org\/lt\/duomenu-apsauga-ir-privatumas\/#breadcrumb\"},\"inLanguage\":\"lt-LT\",\"potentialAction\":[{\"@type\":\"ReadAction\",\"target\":[\"https:\/\/prolifeeurope.org\/lt\/duomenu-apsauga-ir-privatumas\/\"]}]},{\"@type\":\"ImageObject\",\"inLanguage\":\"lt-LT\",\"@id\":\"https:\/\/prolifeeurope.org\/lt\/duomenu-apsauga-ir-privatumas\/#primaryimage\",\"url\":\"https:\/\/prolifeeurope.org\/wp-content\/uploads\/2025\/01\/Pro_Life-CI-Background7-scaled-1.jpg\",\"contentUrl\":\"https:\/\/prolifeeurope.org\/wp-content\/uploads\/2025\/01\/Pro_Life-CI-Background7-scaled-1.jpg\"},{\"@type\":\"BreadcrumbList\",\"@id\":\"https:\/\/prolifeeurope.org\/lt\/duomenu-apsauga-ir-privatumas\/#breadcrumb\",\"itemListElement\":[{\"@type\":\"ListItem\",\"position\":1,\"name\":\"Home\",\"item\":\"https:\/\/prolifeeurope.org\/lt\/\"},{\"@type\":\"ListItem\",\"position\":2,\"name\":\"Duomen\u0173 apsauga ir privatumas\"}]},{\"@type\":\"WebSite\",\"@id\":\"https:\/\/prolifeeurope.org\/lt\/#website\",\"url\":\"https:\/\/prolifeeurope.org\/lt\/\",\"name\":\"ProLife Europe\",\"description\":\"\",\"publisher\":{\"@id\":\"https:\/\/prolifeeurope.org\/lt\/#organization\"},\"potentialAction\":[{\"@type\":\"SearchAction\",\"target\":{\"@type\":\"EntryPoint\",\"urlTemplate\":\"https:\/\/prolifeeurope.org\/lt\/?s={search_term_string}\"},\"query-input\":{\"@type\":\"PropertyValueSpecification\",\"valueRequired\":true,\"valueName\":\"search_term_string\"}}],\"inLanguage\":\"lt-LT\"},{\"@type\":\"Organization\",\"@id\":\"https:\/\/prolifeeurope.org\/lt\/#organization\",\"name\":\"ProLife Europe\",\"url\":\"https:\/\/prolifeeurope.org\/lt\/\",\"logo\":{\"@type\":\"ImageObject\",\"inLanguage\":\"lt-LT\",\"@id\":\"https:\/\/prolifeeurope.org\/lt\/#\/schema\/logo\/image\/\",\"url\":\"https:\/\/prolifeeurope.org\/wp-content\/uploads\/2024\/11\/logo-3.svg\",\"contentUrl\":\"https:\/\/prolifeeurope.org\/wp-content\/uploads\/2024\/11\/logo-3.svg\",\"width\":166,\"height\":170,\"caption\":\"ProLife Europe\"},\"image\":{\"@id\":\"https:\/\/prolifeeurope.org\/lt\/#\/schema\/logo\/image\/\"},\"sameAs\":[\"https:\/\/www.facebook.com\/ProLifeEurope\/\",\"https:\/\/www.instagram.com\/prolife_europe\/\",\"https:\/\/www.youtube.com\/channel\/UC7olgmdiSVEHZUiP554XozA\"]}]}<\/script>\n<!-- \/ Yoast SEO plugin. -->","yoast_head_json":{"title":"Duomen\u0173 apsauga ir privatumas - ProLife Europe","description":"Asmens duomen\u0173 rinkimas ir jo tikslas lankantis m\u016bs\u0173 svetain\u0117je.","robots":{"index":"index","follow":"follow","max-snippet":"max-snippet:-1","max-image-preview":"max-image-preview:large","max-video-preview":"max-video-preview:-1"},"canonical":"https:\/\/prolifeeurope.org\/lt\/duomenu-apsauga-ir-privatumas\/","og_locale":"lt_LT","og_type":"article","og_title":"Duomen\u0173 apsauga ir privatumas - ProLife Europe","og_description":"Asmens duomen\u0173 rinkimas ir jo tikslas lankantis m\u016bs\u0173 svetain\u0117je.","og_url":"https:\/\/prolifeeurope.org\/lt\/duomenu-apsauga-ir-privatumas\/","og_site_name":"ProLife Europe","article_publisher":"https:\/\/www.facebook.com\/ProLifeEurope\/","article_modified_time":"2025-03-06T15:22:37+00:00","og_image":[{"width":2560,"height":1937,"url":"https:\/\/prolifeeurope.org\/wp-content\/uploads\/2025\/01\/Pro_Life-CI-Background7-scaled-1.jpg","type":"image\/jpeg"}],"twitter_card":"summary_large_image","schema":{"@context":"https:\/\/schema.org","@graph":[{"@type":"WebPage","@id":"https:\/\/prolifeeurope.org\/lt\/duomenu-apsauga-ir-privatumas\/","url":"https:\/\/prolifeeurope.org\/lt\/duomenu-apsauga-ir-privatumas\/","name":"Duomen\u0173 apsauga ir privatumas - ProLife Europe","isPartOf":{"@id":"https:\/\/prolifeeurope.org\/lt\/#website"},"primaryImageOfPage":{"@id":"https:\/\/prolifeeurope.org\/lt\/duomenu-apsauga-ir-privatumas\/#primaryimage"},"image":{"@id":"https:\/\/prolifeeurope.org\/lt\/duomenu-apsauga-ir-privatumas\/#primaryimage"},"thumbnailUrl":"https:\/\/prolifeeurope.org\/wp-content\/uploads\/2025\/01\/Pro_Life-CI-Background7-scaled-1.jpg","datePublished":"2025-01-30T22:23:47+00:00","dateModified":"2025-03-06T15:22:37+00:00","description":"Asmens duomen\u0173 rinkimas ir jo tikslas lankantis m\u016bs\u0173 svetain\u0117je.","breadcrumb":{"@id":"https:\/\/prolifeeurope.org\/lt\/duomenu-apsauga-ir-privatumas\/#breadcrumb"},"inLanguage":"lt-LT","potentialAction":[{"@type":"ReadAction","target":["https:\/\/prolifeeurope.org\/lt\/duomenu-apsauga-ir-privatumas\/"]}]},{"@type":"ImageObject","inLanguage":"lt-LT","@id":"https:\/\/prolifeeurope.org\/lt\/duomenu-apsauga-ir-privatumas\/#primaryimage","url":"https:\/\/prolifeeurope.org\/wp-content\/uploads\/2025\/01\/Pro_Life-CI-Background7-scaled-1.jpg","contentUrl":"https:\/\/prolifeeurope.org\/wp-content\/uploads\/2025\/01\/Pro_Life-CI-Background7-scaled-1.jpg"},{"@type":"BreadcrumbList","@id":"https:\/\/prolifeeurope.org\/lt\/duomenu-apsauga-ir-privatumas\/#breadcrumb","itemListElement":[{"@type":"ListItem","position":1,"name":"Home","item":"https:\/\/prolifeeurope.org\/lt\/"},{"@type":"ListItem","position":2,"name":"Duomen\u0173 apsauga ir privatumas"}]},{"@type":"WebSite","@id":"https:\/\/prolifeeurope.org\/lt\/#website","url":"https:\/\/prolifeeurope.org\/lt\/","name":"ProLife Europe","description":"","publisher":{"@id":"https:\/\/prolifeeurope.org\/lt\/#organization"},"potentialAction":[{"@type":"SearchAction","target":{"@type":"EntryPoint","urlTemplate":"https:\/\/prolifeeurope.org\/lt\/?s={search_term_string}"},"query-input":{"@type":"PropertyValueSpecification","valueRequired":true,"valueName":"search_term_string"}}],"inLanguage":"lt-LT"},{"@type":"Organization","@id":"https:\/\/prolifeeurope.org\/lt\/#organization","name":"ProLife Europe","url":"https:\/\/prolifeeurope.org\/lt\/","logo":{"@type":"ImageObject","inLanguage":"lt-LT","@id":"https:\/\/prolifeeurope.org\/lt\/#\/schema\/logo\/image\/","url":"https:\/\/prolifeeurope.org\/wp-content\/uploads\/2024\/11\/logo-3.svg","contentUrl":"https:\/\/prolifeeurope.org\/wp-content\/uploads\/2024\/11\/logo-3.svg","width":166,"height":170,"caption":"ProLife Europe"},"image":{"@id":"https:\/\/prolifeeurope.org\/lt\/#\/schema\/logo\/image\/"},"sameAs":["https:\/\/www.facebook.com\/ProLifeEurope\/","https:\/\/www.instagram.com\/prolife_europe\/","https:\/\/www.youtube.com\/channel\/UC7olgmdiSVEHZUiP554XozA"]}]}},"_links":{"self":[{"href":"https:\/\/prolifeeurope.org\/lt\/wp-json\/wp\/v2\/pages\/2607","targetHints":{"allow":["GET"]}}],"collection":[{"href":"https:\/\/prolifeeurope.org\/lt\/wp-json\/wp\/v2\/pages"}],"about":[{"href":"https:\/\/prolifeeurope.org\/lt\/wp-json\/wp\/v2\/types\/page"}],"author":[{"embeddable":true,"href":"https:\/\/prolifeeurope.org\/lt\/wp-json\/wp\/v2\/users\/14"}],"replies":[{"embeddable":true,"href":"https:\/\/prolifeeurope.org\/lt\/wp-json\/wp\/v2\/comments?post=2607"}],"version-history":[{"count":1,"href":"https:\/\/prolifeeurope.org\/lt\/wp-json\/wp\/v2\/pages\/2607\/revisions"}],"predecessor-version":[{"id":2609,"href":"https:\/\/prolifeeurope.org\/lt\/wp-json\/wp\/v2\/pages\/2607\/revisions\/2609"}],"wp:attachment":[{"href":"https:\/\/prolifeeurope.org\/lt\/wp-json\/wp\/v2\/media?parent=2607"}],"wp:term":[{"taxonomy":"topic","embeddable":true,"href":"https:\/\/prolifeeurope.org\/lt\/wp-json\/wp\/v2\/topic?post=2607"}],"curies":[{"name":"wp","href":"https:\/\/api.w.org\/{rel}","templated":true}]}}