{"id":2425,"date":"2024-11-28T21:42:48","date_gmt":"2024-11-28T20:42:48","guid":{"rendered":"https:\/\/ws-staging.prolifeeurope.org\/merch\/"},"modified":"2025-03-10T15:24:22","modified_gmt":"2025-03-10T14:24:22","slug":"merch","status":"publish","type":"page","link":"https:\/\/prolifeeurope.org\/lt\/merch\/","title":{"rendered":"Atributika"},"content":{"rendered":"\r\n<section  class=\"bg-cream\">\r\n    <div class=\"wide py-6 grid items-center ~gap-5\/10 xl:gap-0 md:grid-cols-2\">\r\n        <div>\r\n            <h1 class=\"text-body\/[90%] font-bold ~text-56\/9xl ~leading-56\/110 ~-tracking-3\/11 ~mb-5\/8 [&#038;_span]:text-orange\">Atributika: <span>Skleisk \u017eini\u0105<\/span><\/h1>\r\n            <p class=\"text-lg text-body\/[75%] md:max-w-560px\">Atributika, kuri\u0105 ne\u0161iodamas parodysi savo aistr\u0105 gyvybei. Kiekvienas pirkinys padeda skleisti \u017eini\u0105 ir remia m\u016bs\u0173 misij\u0105. <\/p>\r\n        <\/div>\r\n        <div>\r\n            <img loading=\"lazy\" decoding=\"async\" width=\"1137\" height=\"1500\" src=\"https:\/\/prolifeeurope.org\/wp-content\/uploads\/2025\/01\/ple-merch-navy-tee-2.jpg\" class=\"md:mx-auto\" alt=\"\" srcset=\"https:\/\/prolifeeurope.org\/wp-content\/uploads\/2025\/01\/ple-merch-navy-tee-2.jpg 1137w, https:\/\/prolifeeurope.org\/wp-content\/uploads\/2025\/01\/ple-merch-navy-tee-2-227x300.jpg 227w, https:\/\/prolifeeurope.org\/wp-content\/uploads\/2025\/01\/ple-merch-navy-tee-2-776x1024.jpg 776w, https:\/\/prolifeeurope.org\/wp-content\/uploads\/2025\/01\/ple-merch-navy-tee-2-768x1013.jpg 768w\" sizes=\"auto, (max-width: 1137px) 100vw, 1137px\" \/>        <\/div>\r\n    <\/div>\r\n<\/section>\n<section  style=\"background-color:#ffde43\">\n    <div class=\"main grid grid-cols-1 items-center ~md:~gap-10\/36 ~py-60px\/100px md:grid-cols-2\">\n        <div class=\"content flex flex-col items-start ~gap-y-26px\/8 md:max-w-460px md:order-1\">\n            <h2 class=\"heading text-body\/[90%]  \">Mar\u0161kin\u0117liai<\/h2>\n                                        <div class=\"hidden\">\n                    <img loading=\"lazy\" decoding=\"async\" width=\"896\" height=\"1246\" src=\"https:\/\/prolifeeurope.org\/wp-content\/uploads\/2025\/01\/ple-merch-gray-tee-4.jpg\" class=\"attachment-full size-full\" alt=\"\" srcset=\"https:\/\/prolifeeurope.org\/wp-content\/uploads\/2025\/01\/ple-merch-gray-tee-4.jpg 896w, https:\/\/prolifeeurope.org\/wp-content\/uploads\/2025\/01\/ple-merch-gray-tee-4-216x300.jpg 216w, https:\/\/prolifeeurope.org\/wp-content\/uploads\/2025\/01\/ple-merch-gray-tee-4-736x1024.jpg 736w, https:\/\/prolifeeurope.org\/wp-content\/uploads\/2025\/01\/ple-merch-gray-tee-4-768x1068.jpg 768w\" sizes=\"auto, (max-width: 896px) 100vw, 896px\" \/>                <\/div>\n                                        <p class=\"text-lg text-body\/[75%] [&#038;_span]:text-orange\">Pagaminti i\u0161 auk\u0161tos kokyb\u0117s medviln\u0117s, m\u016bs\u0173 unikalaus dizaino mar\u0161kin\u0117liai param\u0105 pro-life \u017einiai leis tau i\u0161reik\u0161ti patogiai ir stilingai. <\/p>\n            \t                                                <a class=\"btn text-center \" href=\"https:\/\/prolifeeurope.myshopify.com\/en\/\" role=\"button\" target=\"_blank\">\n                    Apsilankyk PLE parduotuv\u0117je                                    <\/a>\n                                <\/div>\n                    <div class=\"image-wrapper \">\n                <img loading=\"lazy\" decoding=\"async\" width=\"896\" height=\"1246\" src=\"https:\/\/prolifeeurope.org\/wp-content\/uploads\/2025\/01\/ple-merch-gray-tee-4.jpg\" class=\"attachment-full size-full\" alt=\"\" srcset=\"https:\/\/prolifeeurope.org\/wp-content\/uploads\/2025\/01\/ple-merch-gray-tee-4.jpg 896w, https:\/\/prolifeeurope.org\/wp-content\/uploads\/2025\/01\/ple-merch-gray-tee-4-216x300.jpg 216w, https:\/\/prolifeeurope.org\/wp-content\/uploads\/2025\/01\/ple-merch-gray-tee-4-736x1024.jpg 736w, https:\/\/prolifeeurope.org\/wp-content\/uploads\/2025\/01\/ple-merch-gray-tee-4-768x1068.jpg 768w\" sizes=\"auto, (max-width: 896px) 100vw, 896px\" \/>            <\/div>\n                    <\/div>\n<\/section>\n<section  style=\"background-color:#eae3d0\">\n    <div class=\"main grid grid-cols-1 items-center ~md:~gap-10\/36 ~py-60px\/100px md:grid-cols-2\">\n        <div class=\"content flex flex-col items-start ~gap-y-26px\/8 md:max-w-460px \">\n            <h2 class=\"heading text-body\/[90%]  \">Bluzonai ir d\u017eemperiai<\/h2>\n                                        <div class=\"hidden\">\n                    <img loading=\"lazy\" decoding=\"async\" width=\"896\" height=\"1280\" src=\"https:\/\/prolifeeurope.org\/wp-content\/uploads\/2025\/01\/ple-merch-gray-sweatshirt-2.jpg\" class=\"attachment-full size-full\" alt=\"\" srcset=\"https:\/\/prolifeeurope.org\/wp-content\/uploads\/2025\/01\/ple-merch-gray-sweatshirt-2.jpg 896w, https:\/\/prolifeeurope.org\/wp-content\/uploads\/2025\/01\/ple-merch-gray-sweatshirt-2-210x300.jpg 210w, https:\/\/prolifeeurope.org\/wp-content\/uploads\/2025\/01\/ple-merch-gray-sweatshirt-2-717x1024.jpg 717w, https:\/\/prolifeeurope.org\/wp-content\/uploads\/2025\/01\/ple-merch-gray-sweatshirt-2-768x1097.jpg 768w\" sizes=\"auto, (max-width: 896px) 100vw, 896px\" \/>                <\/div>\n                                        <p class=\"text-lg text-body\/[75%] [&#038;_span]:text-orange\">\u0160ie gobtuvai ir megztiniai pagaminti i\u0161 patvarios 100% medviln\u0117s, tod\u0117l u\u017etikrina ilgalaik\u012f komfort\u0105. Puikiai tinka v\u0117sesn\u0117ms dienoms. <\/p>\n            \t                                                <a class=\"btn text-center \" href=\"https:\/\/prolifeeurope.myshopify.com\/en\/\" role=\"button\" target=\"_blank\">\n                    Apsilankyk PLE parduotuv\u0117je                                    <\/a>\n                                <\/div>\n                    <div class=\"image-wrapper \">\n                <img loading=\"lazy\" decoding=\"async\" width=\"896\" height=\"1280\" src=\"https:\/\/prolifeeurope.org\/wp-content\/uploads\/2025\/01\/ple-merch-gray-sweatshirt-2.jpg\" class=\"attachment-full size-full\" alt=\"\" srcset=\"https:\/\/prolifeeurope.org\/wp-content\/uploads\/2025\/01\/ple-merch-gray-sweatshirt-2.jpg 896w, https:\/\/prolifeeurope.org\/wp-content\/uploads\/2025\/01\/ple-merch-gray-sweatshirt-2-210x300.jpg 210w, https:\/\/prolifeeurope.org\/wp-content\/uploads\/2025\/01\/ple-merch-gray-sweatshirt-2-717x1024.jpg 717w, https:\/\/prolifeeurope.org\/wp-content\/uploads\/2025\/01\/ple-merch-gray-sweatshirt-2-768x1097.jpg 768w\" sizes=\"auto, (max-width: 896px) 100vw, 896px\" \/>            <\/div>\n                    <\/div>\n<\/section>\n<section  style=\"background-color:#f36025\">\n    <div class=\"main grid grid-cols-1 items-center ~md:~gap-10\/36 ~py-60px\/100px md:grid-cols-2\">\n        <div class=\"content flex flex-col items-start ~gap-y-26px\/8 md:max-w-460px md:order-1\">\n            <h2 class=\"heading text-body\/[90%]  \">Lipdukai ir aksesuarai<\/h2>\n                                        <div class=\"hidden\">\n                    <img loading=\"lazy\" decoding=\"async\" width=\"560\" height=\"560\" src=\"https:\/\/prolifeeurope.org\/wp-content\/uploads\/2024\/11\/Group-262-4.jpg\" class=\"attachment-full size-full\" alt=\"\" srcset=\"https:\/\/prolifeeurope.org\/wp-content\/uploads\/2024\/11\/Group-262-4.jpg 560w, https:\/\/prolifeeurope.org\/wp-content\/uploads\/2024\/11\/Group-262-4-300x300.jpg 300w, https:\/\/prolifeeurope.org\/wp-content\/uploads\/2024\/11\/Group-262-4-150x150.jpg 150w\" sizes=\"auto, (max-width: 560px) 100vw, 560px\" \/>                <\/div>\n                                        <p class=\"text-lg text-body\/[75%] [&#038;_span]:text-orange\">Gyvenimo tikslo akcent\u0105 gali prid\u0117ti naudodamas lipdukus, rakt\u0173 pakabukus, magnetus ir dar daugiau. \u0160ie aksesuarai puikiai tinka kurti gyvyb\u0117s kult\u016br\u0105, kad ir kur beb\u016btum. <\/p>\n            \t                                                <a class=\"btn text-center \" href=\"https:\/\/prolifeeurope.myshopify.com\/en\/\" role=\"button\" target=\"_blank\">\n                    Apsilankyk PLE parduotuv\u0117je                                    <\/a>\n                                <\/div>\n                    <div class=\"image-wrapper \">\n                <img loading=\"lazy\" decoding=\"async\" width=\"560\" height=\"560\" src=\"https:\/\/prolifeeurope.org\/wp-content\/uploads\/2024\/11\/Group-262-4.jpg\" class=\"attachment-full size-full\" alt=\"\" srcset=\"https:\/\/prolifeeurope.org\/wp-content\/uploads\/2024\/11\/Group-262-4.jpg 560w, https:\/\/prolifeeurope.org\/wp-content\/uploads\/2024\/11\/Group-262-4-300x300.jpg 300w, https:\/\/prolifeeurope.org\/wp-content\/uploads\/2024\/11\/Group-262-4-150x150.jpg 150w\" sizes=\"auto, (max-width: 560px) 100vw, 560px\" \/>            <\/div>\n                    <\/div>\n<\/section>","protected":false},"excerpt":{"rendered":"","protected":false},"author":14,"featured_media":0,"parent":0,"menu_order":0,"comment_status":"closed","ping_status":"closed","template":"","meta":{"_acf_changed":false,"_monsterinsights_skip_tracking":false,"_monsterinsights_sitenote_active":false,"_monsterinsights_sitenote_note":"","_monsterinsights_sitenote_category":0,"footnotes":""},"topic":[],"class_list":["post-2425","page","type-page","status-publish","hentry"],"acf":[],"yoast_head":"<!-- This site is optimized with the Yoast SEO plugin v27.2 - https:\/\/yoast.com\/product\/yoast-seo-wordpress\/ -->\n<title>Atributika - ProLife Europe<\/title>\n<meta name=\"description\" content=\"Atributika, kuri\u0105 ne\u0161iodamas parodysi savo aistr\u0105 gyvybei. Kiekvienas pirkinys padeda skleisti \u017eini\u0105 ir remia m\u016bs\u0173 misij\u0105.\" \/>\n<meta name=\"robots\" content=\"index, follow, max-snippet:-1, max-image-preview:large, max-video-preview:-1\" \/>\n<link rel=\"canonical\" href=\"https:\/\/prolifeeurope.org\/lt\/merch\/\" \/>\n<meta property=\"og:locale\" content=\"lt_LT\" \/>\n<meta property=\"og:type\" content=\"article\" \/>\n<meta property=\"og:title\" content=\"Atributika - ProLife Europe\" \/>\n<meta property=\"og:description\" content=\"Atributika, kuri\u0105 ne\u0161iodamas parodysi savo aistr\u0105 gyvybei. Kiekvienas pirkinys padeda skleisti \u017eini\u0105 ir remia m\u016bs\u0173 misij\u0105.\" \/>\n<meta property=\"og:url\" content=\"https:\/\/prolifeeurope.org\/lt\/merch\/\" \/>\n<meta property=\"og:site_name\" content=\"ProLife Europe\" \/>\n<meta property=\"article:publisher\" content=\"https:\/\/www.facebook.com\/ProLifeEurope\/\" \/>\n<meta property=\"article:modified_time\" content=\"2025-03-10T14:24:22+00:00\" \/>\n<meta name=\"twitter:card\" content=\"summary_large_image\" \/>\n<script type=\"application\/ld+json\" class=\"yoast-schema-graph\">{\"@context\":\"https:\/\/schema.org\",\"@graph\":[{\"@type\":\"WebPage\",\"@id\":\"https:\/\/prolifeeurope.org\/lt\/merch\/\",\"url\":\"https:\/\/prolifeeurope.org\/lt\/merch\/\",\"name\":\"Atributika - ProLife Europe\",\"isPartOf\":{\"@id\":\"https:\/\/prolifeeurope.org\/lt\/#website\"},\"datePublished\":\"2024-11-28T20:42:48+00:00\",\"dateModified\":\"2025-03-10T14:24:22+00:00\",\"description\":\"Atributika, kuri\u0105 ne\u0161iodamas parodysi savo aistr\u0105 gyvybei. Kiekvienas pirkinys padeda skleisti \u017eini\u0105 ir remia m\u016bs\u0173 misij\u0105.\",\"breadcrumb\":{\"@id\":\"https:\/\/prolifeeurope.org\/lt\/merch\/#breadcrumb\"},\"inLanguage\":\"lt-LT\",\"potentialAction\":[{\"@type\":\"ReadAction\",\"target\":[\"https:\/\/prolifeeurope.org\/lt\/merch\/\"]}]},{\"@type\":\"BreadcrumbList\",\"@id\":\"https:\/\/prolifeeurope.org\/lt\/merch\/#breadcrumb\",\"itemListElement\":[{\"@type\":\"ListItem\",\"position\":1,\"name\":\"Home\",\"item\":\"https:\/\/prolifeeurope.org\/lt\/\"},{\"@type\":\"ListItem\",\"position\":2,\"name\":\"Atributika\"}]},{\"@type\":\"WebSite\",\"@id\":\"https:\/\/prolifeeurope.org\/lt\/#website\",\"url\":\"https:\/\/prolifeeurope.org\/lt\/\",\"name\":\"ProLife Europe\",\"description\":\"\",\"publisher\":{\"@id\":\"https:\/\/prolifeeurope.org\/lt\/#organization\"},\"potentialAction\":[{\"@type\":\"SearchAction\",\"target\":{\"@type\":\"EntryPoint\",\"urlTemplate\":\"https:\/\/prolifeeurope.org\/lt\/?s={search_term_string}\"},\"query-input\":{\"@type\":\"PropertyValueSpecification\",\"valueRequired\":true,\"valueName\":\"search_term_string\"}}],\"inLanguage\":\"lt-LT\"},{\"@type\":\"Organization\",\"@id\":\"https:\/\/prolifeeurope.org\/lt\/#organization\",\"name\":\"ProLife Europe\",\"url\":\"https:\/\/prolifeeurope.org\/lt\/\",\"logo\":{\"@type\":\"ImageObject\",\"inLanguage\":\"lt-LT\",\"@id\":\"https:\/\/prolifeeurope.org\/lt\/#\/schema\/logo\/image\/\",\"url\":\"https:\/\/prolifeeurope.org\/wp-content\/uploads\/2024\/11\/logo-3.svg\",\"contentUrl\":\"https:\/\/prolifeeurope.org\/wp-content\/uploads\/2024\/11\/logo-3.svg\",\"width\":166,\"height\":170,\"caption\":\"ProLife Europe\"},\"image\":{\"@id\":\"https:\/\/prolifeeurope.org\/lt\/#\/schema\/logo\/image\/\"},\"sameAs\":[\"https:\/\/www.facebook.com\/ProLifeEurope\/\",\"https:\/\/www.instagram.com\/prolife_europe\/\",\"https:\/\/www.youtube.com\/channel\/UC7olgmdiSVEHZUiP554XozA\"]}]}<\/script>\n<!-- \/ Yoast SEO plugin. -->","yoast_head_json":{"title":"Atributika - ProLife Europe","description":"Atributika, kuri\u0105 ne\u0161iodamas parodysi savo aistr\u0105 gyvybei. Kiekvienas pirkinys padeda skleisti \u017eini\u0105 ir remia m\u016bs\u0173 misij\u0105.","robots":{"index":"index","follow":"follow","max-snippet":"max-snippet:-1","max-image-preview":"max-image-preview:large","max-video-preview":"max-video-preview:-1"},"canonical":"https:\/\/prolifeeurope.org\/lt\/merch\/","og_locale":"lt_LT","og_type":"article","og_title":"Atributika - ProLife Europe","og_description":"Atributika, kuri\u0105 ne\u0161iodamas parodysi savo aistr\u0105 gyvybei. Kiekvienas pirkinys padeda skleisti \u017eini\u0105 ir remia m\u016bs\u0173 misij\u0105.","og_url":"https:\/\/prolifeeurope.org\/lt\/merch\/","og_site_name":"ProLife Europe","article_publisher":"https:\/\/www.facebook.com\/ProLifeEurope\/","article_modified_time":"2025-03-10T14:24:22+00:00","twitter_card":"summary_large_image","schema":{"@context":"https:\/\/schema.org","@graph":[{"@type":"WebPage","@id":"https:\/\/prolifeeurope.org\/lt\/merch\/","url":"https:\/\/prolifeeurope.org\/lt\/merch\/","name":"Atributika - ProLife Europe","isPartOf":{"@id":"https:\/\/prolifeeurope.org\/lt\/#website"},"datePublished":"2024-11-28T20:42:48+00:00","dateModified":"2025-03-10T14:24:22+00:00","description":"Atributika, kuri\u0105 ne\u0161iodamas parodysi savo aistr\u0105 gyvybei. Kiekvienas pirkinys padeda skleisti \u017eini\u0105 ir remia m\u016bs\u0173 misij\u0105.","breadcrumb":{"@id":"https:\/\/prolifeeurope.org\/lt\/merch\/#breadcrumb"},"inLanguage":"lt-LT","potentialAction":[{"@type":"ReadAction","target":["https:\/\/prolifeeurope.org\/lt\/merch\/"]}]},{"@type":"BreadcrumbList","@id":"https:\/\/prolifeeurope.org\/lt\/merch\/#breadcrumb","itemListElement":[{"@type":"ListItem","position":1,"name":"Home","item":"https:\/\/prolifeeurope.org\/lt\/"},{"@type":"ListItem","position":2,"name":"Atributika"}]},{"@type":"WebSite","@id":"https:\/\/prolifeeurope.org\/lt\/#website","url":"https:\/\/prolifeeurope.org\/lt\/","name":"ProLife Europe","description":"","publisher":{"@id":"https:\/\/prolifeeurope.org\/lt\/#organization"},"potentialAction":[{"@type":"SearchAction","target":{"@type":"EntryPoint","urlTemplate":"https:\/\/prolifeeurope.org\/lt\/?s={search_term_string}"},"query-input":{"@type":"PropertyValueSpecification","valueRequired":true,"valueName":"search_term_string"}}],"inLanguage":"lt-LT"},{"@type":"Organization","@id":"https:\/\/prolifeeurope.org\/lt\/#organization","name":"ProLife Europe","url":"https:\/\/prolifeeurope.org\/lt\/","logo":{"@type":"ImageObject","inLanguage":"lt-LT","@id":"https:\/\/prolifeeurope.org\/lt\/#\/schema\/logo\/image\/","url":"https:\/\/prolifeeurope.org\/wp-content\/uploads\/2024\/11\/logo-3.svg","contentUrl":"https:\/\/prolifeeurope.org\/wp-content\/uploads\/2024\/11\/logo-3.svg","width":166,"height":170,"caption":"ProLife Europe"},"image":{"@id":"https:\/\/prolifeeurope.org\/lt\/#\/schema\/logo\/image\/"},"sameAs":["https:\/\/www.facebook.com\/ProLifeEurope\/","https:\/\/www.instagram.com\/prolife_europe\/","https:\/\/www.youtube.com\/channel\/UC7olgmdiSVEHZUiP554XozA"]}]}},"_links":{"self":[{"href":"https:\/\/prolifeeurope.org\/lt\/wp-json\/wp\/v2\/pages\/2425","targetHints":{"allow":["GET"]}}],"collection":[{"href":"https:\/\/prolifeeurope.org\/lt\/wp-json\/wp\/v2\/pages"}],"about":[{"href":"https:\/\/prolifeeurope.org\/lt\/wp-json\/wp\/v2\/types\/page"}],"author":[{"embeddable":true,"href":"https:\/\/prolifeeurope.org\/lt\/wp-json\/wp\/v2\/users\/14"}],"replies":[{"embeddable":true,"href":"https:\/\/prolifeeurope.org\/lt\/wp-json\/wp\/v2\/comments?post=2425"}],"version-history":[{"count":4,"href":"https:\/\/prolifeeurope.org\/lt\/wp-json\/wp\/v2\/pages\/2425\/revisions"}],"predecessor-version":[{"id":2645,"href":"https:\/\/prolifeeurope.org\/lt\/wp-json\/wp\/v2\/pages\/2425\/revisions\/2645"}],"wp:attachment":[{"href":"https:\/\/prolifeeurope.org\/lt\/wp-json\/wp\/v2\/media?parent=2425"}],"wp:term":[{"taxonomy":"topic","embeddable":true,"href":"https:\/\/prolifeeurope.org\/lt\/wp-json\/wp\/v2\/topic?post=2425"}],"curies":[{"name":"wp","href":"https:\/\/api.w.org\/{rel}","templated":true}]}}