{"id":4312,"date":"2025-05-27T09:53:50","date_gmt":"2025-05-27T07:53:50","guid":{"rendered":"https:\/\/ws-staging.prolifeeurope.org\/petitionen\/"},"modified":"2025-12-11T09:33:25","modified_gmt":"2025-12-11T08:33:25","slug":"petitionen","status":"publish","type":"page","link":"https:\/\/prolifeeurope.org\/de\/petitionen\/","title":{"rendered":"Petitionen"},"content":{"rendered":"\r\n<section  class=\"bg-cream\">\r\n    <div class=\"wide py-6 grid items-center ~gap-5\/10 xl:gap-0 md:grid-cols-2\">\r\n        <div>\r\n            <h1 class=\"text-body\/[90%] font-bold ~text-56\/9xl ~leading-56\/110 ~-tracking-3\/11 ~mb-5\/8 [&#038;_span]:text-orange\">Unterst\u00fctze unsere Petitionen<\/h1>\r\n            <p class=\"text-lg text-body\/[75%] md:max-w-560px\">Erhebe deine Stimme f\u00fcr Wahrheit und Leben!<\/p>\r\n        <\/div>\r\n        <div>\r\n            <img loading=\"lazy\" decoding=\"async\" width=\"1000\" height=\"633\" src=\"https:\/\/prolifeeurope.org\/wp-content\/uploads\/2025\/05\/ple-petitions.png\" class=\"md:mx-auto\" alt=\"\" srcset=\"https:\/\/prolifeeurope.org\/wp-content\/uploads\/2025\/05\/ple-petitions.png 1000w, https:\/\/prolifeeurope.org\/wp-content\/uploads\/2025\/05\/ple-petitions-300x190.png 300w, https:\/\/prolifeeurope.org\/wp-content\/uploads\/2025\/05\/ple-petitions-768x486.png 768w\" sizes=\"auto, (max-width: 1000px) 100vw, 1000px\" \/>        <\/div>\r\n    <\/div>\r\n<\/section>\n\n\n<section  style=\"background-color:\">\n    <div class=\"main grid grid-cols-1 items-center ~md:~gap-10\/36 ~py-60px\/100px md:grid-cols-2\">\n        <div class=\"content flex flex-col items-start ~gap-y-26px\/8 md:max-w-460px \">\n            <h2 class=\"heading text-body\/[90%]  \">Nein zum &#8222;\u00d6H-Reprotopf&#8220;<\/h2>\n                                        <div class=\"hidden\">\n                    <img loading=\"lazy\" decoding=\"async\" width=\"1252\" height=\"520\" src=\"https:\/\/prolifeeurope.org\/wp-content\/uploads\/2025\/10\/Bildschirmfoto-2025-10-01-um-17.49.19.png\" class=\"attachment-full size-full\" alt=\"\" srcset=\"https:\/\/prolifeeurope.org\/wp-content\/uploads\/2025\/10\/Bildschirmfoto-2025-10-01-um-17.49.19.png 1252w, https:\/\/prolifeeurope.org\/wp-content\/uploads\/2025\/10\/Bildschirmfoto-2025-10-01-um-17.49.19-300x125.png 300w, https:\/\/prolifeeurope.org\/wp-content\/uploads\/2025\/10\/Bildschirmfoto-2025-10-01-um-17.49.19-1024x425.png 1024w, https:\/\/prolifeeurope.org\/wp-content\/uploads\/2025\/10\/Bildschirmfoto-2025-10-01-um-17.49.19-768x319.png 768w\" sizes=\"auto, (max-width: 1252px) 100vw, 1252px\" \/>                <\/div>\n                                        <p class=\"text-lg text-body\/[75%] [&#038;_span]:text-orange\">Als gesetzliche Vertretung aller Studierenden in \u00d6sterreich soll die \u00d6H f\u00fcr bestm\u00f6gliche Unterst\u00fctzung im Bildungsweg sorgen \u2013 und nicht f\u00fcr die T\u00f6tung unschuldiger Menschenleben.<\/p>\n            \t                                                <a class=\"btn text-center \" href=\"\/de\/abschaffung-reprotopf\/\" role=\"button\" target=\"_blank\">\n                    Unterzeichne jetzt!                                    <\/a>\n                                <\/div>\n                    <div class=\"image-wrapper \">\n                <img loading=\"lazy\" decoding=\"async\" width=\"1252\" height=\"520\" src=\"https:\/\/prolifeeurope.org\/wp-content\/uploads\/2025\/10\/Bildschirmfoto-2025-10-01-um-17.49.19.png\" class=\"attachment-full size-full\" alt=\"\" srcset=\"https:\/\/prolifeeurope.org\/wp-content\/uploads\/2025\/10\/Bildschirmfoto-2025-10-01-um-17.49.19.png 1252w, https:\/\/prolifeeurope.org\/wp-content\/uploads\/2025\/10\/Bildschirmfoto-2025-10-01-um-17.49.19-300x125.png 300w, https:\/\/prolifeeurope.org\/wp-content\/uploads\/2025\/10\/Bildschirmfoto-2025-10-01-um-17.49.19-1024x425.png 1024w, https:\/\/prolifeeurope.org\/wp-content\/uploads\/2025\/10\/Bildschirmfoto-2025-10-01-um-17.49.19-768x319.png 768w\" sizes=\"auto, (max-width: 1252px) 100vw, 1252px\" \/>            <\/div>\n                    <\/div>\n<\/section>\n\n\n<section  style=\"background-color:#ece3cf\">\n    <div class=\"main grid grid-cols-1 items-center ~md:~gap-10\/36 ~py-60px\/100px md:grid-cols-2\">\n        <div class=\"content flex flex-col items-start ~gap-y-26px\/8 md:max-w-460px md:order-1\">\n            <h2 class=\"heading text-body\/[90%]  \">Uni Heidelberg<\/h2>\n                                        <div class=\"hidden\">\n                    <img loading=\"lazy\" decoding=\"async\" width=\"2560\" height=\"1066\" src=\"https:\/\/prolifeeurope.org\/wp-content\/uploads\/2025\/10\/I-STAND-WITH-HEID-banner-scaled.jpg\" class=\"attachment-full size-full\" alt=\"\" srcset=\"https:\/\/prolifeeurope.org\/wp-content\/uploads\/2025\/10\/I-STAND-WITH-HEID-banner-scaled.jpg 2560w, https:\/\/prolifeeurope.org\/wp-content\/uploads\/2025\/10\/I-STAND-WITH-HEID-banner-300x125.jpg 300w, https:\/\/prolifeeurope.org\/wp-content\/uploads\/2025\/10\/I-STAND-WITH-HEID-banner-1024x427.jpg 1024w, https:\/\/prolifeeurope.org\/wp-content\/uploads\/2025\/10\/I-STAND-WITH-HEID-banner-768x320.jpg 768w, https:\/\/prolifeeurope.org\/wp-content\/uploads\/2025\/10\/I-STAND-WITH-HEID-banner-1536x640.jpg 1536w, https:\/\/prolifeeurope.org\/wp-content\/uploads\/2025\/10\/I-STAND-WITH-HEID-banner-2048x853.jpg 2048w\" sizes=\"auto, (max-width: 2560px) 100vw, 2560px\" \/>                <\/div>\n                                        <p class=\"text-lg text-body\/[75%] [&#038;_span]:text-orange\">Bitte unterschreiben Sie diese Petition, um die freie Meinungs\u00e4u\u00dferung an deutschen (und europ\u00e4ischen) Universit\u00e4ten zu garantieren.<\/p>\n            \t                                                <a class=\"btn text-center \" href=\"\/de\/heidelberg\/\" role=\"button\" target=\"_blank\">\n                    Unterzeichne jetzt!                                    <\/a>\n                                <\/div>\n                    <div class=\"image-wrapper \">\n                <img loading=\"lazy\" decoding=\"async\" width=\"2560\" height=\"1066\" src=\"https:\/\/prolifeeurope.org\/wp-content\/uploads\/2025\/10\/I-STAND-WITH-HEID-banner-scaled.jpg\" class=\"attachment-full size-full\" alt=\"\" srcset=\"https:\/\/prolifeeurope.org\/wp-content\/uploads\/2025\/10\/I-STAND-WITH-HEID-banner-scaled.jpg 2560w, https:\/\/prolifeeurope.org\/wp-content\/uploads\/2025\/10\/I-STAND-WITH-HEID-banner-300x125.jpg 300w, https:\/\/prolifeeurope.org\/wp-content\/uploads\/2025\/10\/I-STAND-WITH-HEID-banner-1024x427.jpg 1024w, https:\/\/prolifeeurope.org\/wp-content\/uploads\/2025\/10\/I-STAND-WITH-HEID-banner-768x320.jpg 768w, https:\/\/prolifeeurope.org\/wp-content\/uploads\/2025\/10\/I-STAND-WITH-HEID-banner-1536x640.jpg 1536w, https:\/\/prolifeeurope.org\/wp-content\/uploads\/2025\/10\/I-STAND-WITH-HEID-banner-2048x853.jpg 2048w\" sizes=\"auto, (max-width: 2560px) 100vw, 2560px\" \/>            <\/div>\n                    <\/div>\n<\/section>","protected":false},"excerpt":{"rendered":"","protected":false},"author":14,"featured_media":0,"parent":0,"menu_order":0,"comment_status":"closed","ping_status":"closed","template":"","meta":{"_acf_changed":false,"_monsterinsights_skip_tracking":false,"_monsterinsights_sitenote_active":false,"_monsterinsights_sitenote_note":"","_monsterinsights_sitenote_category":0,"footnotes":""},"topic":[],"class_list":["post-4312","page","type-page","status-publish","hentry"],"acf":[],"yoast_head":"<!-- This site is optimized with the Yoast SEO plugin v27.2 - https:\/\/yoast.com\/product\/yoast-seo-wordpress\/ -->\n<title>Petitionen - ProLife Europe<\/title>\n<meta name=\"description\" content=\"Lasst uns eintreten f\u00fcr freie Meinungs\u00e4u\u00dferung, damit sich an den Universit\u00e4ten in ganz Europa die Wahrheit \u00fcber Abtreibung verbreiten kann.\" \/>\n<meta name=\"robots\" content=\"index, follow, max-snippet:-1, max-image-preview:large, max-video-preview:-1\" \/>\n<link rel=\"canonical\" href=\"https:\/\/prolifeeurope.org\/de\/petitionen\/\" \/>\n<meta property=\"og:locale\" content=\"de_DE\" \/>\n<meta property=\"og:type\" content=\"article\" \/>\n<meta property=\"og:title\" content=\"Petitionen - ProLife Europe\" \/>\n<meta property=\"og:description\" content=\"Lasst uns eintreten f\u00fcr freie Meinungs\u00e4u\u00dferung, damit sich an den Universit\u00e4ten in ganz Europa die Wahrheit \u00fcber Abtreibung verbreiten kann.\" \/>\n<meta property=\"og:url\" content=\"https:\/\/prolifeeurope.org\/de\/petitionen\/\" \/>\n<meta property=\"og:site_name\" content=\"ProLife Europe\" \/>\n<meta property=\"article:publisher\" content=\"https:\/\/www.facebook.com\/ProLifeEurope\/\" \/>\n<meta property=\"article:modified_time\" content=\"2025-12-11T08:33:25+00:00\" \/>\n<meta name=\"twitter:card\" content=\"summary_large_image\" \/>\n<meta name=\"twitter:label1\" content=\"Gesch\u00e4tzte Lesezeit\" \/>\n\t<meta name=\"twitter:data1\" content=\"1\u00a0Minute\" \/>\n<script type=\"application\/ld+json\" class=\"yoast-schema-graph\">{\"@context\":\"https:\/\/schema.org\",\"@graph\":[{\"@type\":\"WebPage\",\"@id\":\"https:\/\/prolifeeurope.org\/de\/petitionen\/\",\"url\":\"https:\/\/prolifeeurope.org\/de\/petitionen\/\",\"name\":\"Petitionen - ProLife Europe\",\"isPartOf\":{\"@id\":\"https:\/\/prolifeeurope.org\/de\/#website\"},\"datePublished\":\"2025-05-27T07:53:50+00:00\",\"dateModified\":\"2025-12-11T08:33:25+00:00\",\"description\":\"Lasst uns eintreten f\u00fcr freie Meinungs\u00e4u\u00dferung, damit sich an den Universit\u00e4ten in ganz Europa die Wahrheit \u00fcber Abtreibung verbreiten kann.\",\"breadcrumb\":{\"@id\":\"https:\/\/prolifeeurope.org\/de\/petitionen\/#breadcrumb\"},\"inLanguage\":\"de\",\"potentialAction\":[{\"@type\":\"ReadAction\",\"target\":[\"https:\/\/prolifeeurope.org\/de\/petitionen\/\"]}]},{\"@type\":\"BreadcrumbList\",\"@id\":\"https:\/\/prolifeeurope.org\/de\/petitionen\/#breadcrumb\",\"itemListElement\":[{\"@type\":\"ListItem\",\"position\":1,\"name\":\"Home\",\"item\":\"https:\/\/prolifeeurope.org\/de\/\"},{\"@type\":\"ListItem\",\"position\":2,\"name\":\"Petitionen\"}]},{\"@type\":\"WebSite\",\"@id\":\"https:\/\/prolifeeurope.org\/de\/#website\",\"url\":\"https:\/\/prolifeeurope.org\/de\/\",\"name\":\"ProLife Europe\",\"description\":\"\",\"publisher\":{\"@id\":\"https:\/\/prolifeeurope.org\/de\/#organization\"},\"potentialAction\":[{\"@type\":\"SearchAction\",\"target\":{\"@type\":\"EntryPoint\",\"urlTemplate\":\"https:\/\/prolifeeurope.org\/de\/?s={search_term_string}\"},\"query-input\":{\"@type\":\"PropertyValueSpecification\",\"valueRequired\":true,\"valueName\":\"search_term_string\"}}],\"inLanguage\":\"de\"},{\"@type\":\"Organization\",\"@id\":\"https:\/\/prolifeeurope.org\/de\/#organization\",\"name\":\"ProLife Europe\",\"url\":\"https:\/\/prolifeeurope.org\/de\/\",\"logo\":{\"@type\":\"ImageObject\",\"inLanguage\":\"de\",\"@id\":\"https:\/\/prolifeeurope.org\/de\/#\/schema\/logo\/image\/\",\"url\":\"https:\/\/prolifeeurope.org\/wp-content\/uploads\/2024\/11\/logo-3.svg\",\"contentUrl\":\"https:\/\/prolifeeurope.org\/wp-content\/uploads\/2024\/11\/logo-3.svg\",\"width\":166,\"height\":170,\"caption\":\"ProLife Europe\"},\"image\":{\"@id\":\"https:\/\/prolifeeurope.org\/de\/#\/schema\/logo\/image\/\"},\"sameAs\":[\"https:\/\/www.facebook.com\/ProLifeEurope\/\",\"https:\/\/www.instagram.com\/prolife_europe\/\",\"https:\/\/www.youtube.com\/channel\/UC7olgmdiSVEHZUiP554XozA\"]}]}<\/script>\n<!-- \/ Yoast SEO plugin. -->","yoast_head_json":{"title":"Petitionen - ProLife Europe","description":"Lasst uns eintreten f\u00fcr freie Meinungs\u00e4u\u00dferung, damit sich an den Universit\u00e4ten in ganz Europa die Wahrheit \u00fcber Abtreibung verbreiten kann.","robots":{"index":"index","follow":"follow","max-snippet":"max-snippet:-1","max-image-preview":"max-image-preview:large","max-video-preview":"max-video-preview:-1"},"canonical":"https:\/\/prolifeeurope.org\/de\/petitionen\/","og_locale":"de_DE","og_type":"article","og_title":"Petitionen - ProLife Europe","og_description":"Lasst uns eintreten f\u00fcr freie Meinungs\u00e4u\u00dferung, damit sich an den Universit\u00e4ten in ganz Europa die Wahrheit \u00fcber Abtreibung verbreiten kann.","og_url":"https:\/\/prolifeeurope.org\/de\/petitionen\/","og_site_name":"ProLife Europe","article_publisher":"https:\/\/www.facebook.com\/ProLifeEurope\/","article_modified_time":"2025-12-11T08:33:25+00:00","twitter_card":"summary_large_image","twitter_misc":{"Gesch\u00e4tzte Lesezeit":"1\u00a0Minute"},"schema":{"@context":"https:\/\/schema.org","@graph":[{"@type":"WebPage","@id":"https:\/\/prolifeeurope.org\/de\/petitionen\/","url":"https:\/\/prolifeeurope.org\/de\/petitionen\/","name":"Petitionen - ProLife Europe","isPartOf":{"@id":"https:\/\/prolifeeurope.org\/de\/#website"},"datePublished":"2025-05-27T07:53:50+00:00","dateModified":"2025-12-11T08:33:25+00:00","description":"Lasst uns eintreten f\u00fcr freie Meinungs\u00e4u\u00dferung, damit sich an den Universit\u00e4ten in ganz Europa die Wahrheit \u00fcber Abtreibung verbreiten kann.","breadcrumb":{"@id":"https:\/\/prolifeeurope.org\/de\/petitionen\/#breadcrumb"},"inLanguage":"de","potentialAction":[{"@type":"ReadAction","target":["https:\/\/prolifeeurope.org\/de\/petitionen\/"]}]},{"@type":"BreadcrumbList","@id":"https:\/\/prolifeeurope.org\/de\/petitionen\/#breadcrumb","itemListElement":[{"@type":"ListItem","position":1,"name":"Home","item":"https:\/\/prolifeeurope.org\/de\/"},{"@type":"ListItem","position":2,"name":"Petitionen"}]},{"@type":"WebSite","@id":"https:\/\/prolifeeurope.org\/de\/#website","url":"https:\/\/prolifeeurope.org\/de\/","name":"ProLife Europe","description":"","publisher":{"@id":"https:\/\/prolifeeurope.org\/de\/#organization"},"potentialAction":[{"@type":"SearchAction","target":{"@type":"EntryPoint","urlTemplate":"https:\/\/prolifeeurope.org\/de\/?s={search_term_string}"},"query-input":{"@type":"PropertyValueSpecification","valueRequired":true,"valueName":"search_term_string"}}],"inLanguage":"de"},{"@type":"Organization","@id":"https:\/\/prolifeeurope.org\/de\/#organization","name":"ProLife Europe","url":"https:\/\/prolifeeurope.org\/de\/","logo":{"@type":"ImageObject","inLanguage":"de","@id":"https:\/\/prolifeeurope.org\/de\/#\/schema\/logo\/image\/","url":"https:\/\/prolifeeurope.org\/wp-content\/uploads\/2024\/11\/logo-3.svg","contentUrl":"https:\/\/prolifeeurope.org\/wp-content\/uploads\/2024\/11\/logo-3.svg","width":166,"height":170,"caption":"ProLife Europe"},"image":{"@id":"https:\/\/prolifeeurope.org\/de\/#\/schema\/logo\/image\/"},"sameAs":["https:\/\/www.facebook.com\/ProLifeEurope\/","https:\/\/www.instagram.com\/prolife_europe\/","https:\/\/www.youtube.com\/channel\/UC7olgmdiSVEHZUiP554XozA"]}]}},"_links":{"self":[{"href":"https:\/\/prolifeeurope.org\/de\/wp-json\/wp\/v2\/pages\/4312","targetHints":{"allow":["GET"]}}],"collection":[{"href":"https:\/\/prolifeeurope.org\/de\/wp-json\/wp\/v2\/pages"}],"about":[{"href":"https:\/\/prolifeeurope.org\/de\/wp-json\/wp\/v2\/types\/page"}],"author":[{"embeddable":true,"href":"https:\/\/prolifeeurope.org\/de\/wp-json\/wp\/v2\/users\/14"}],"replies":[{"embeddable":true,"href":"https:\/\/prolifeeurope.org\/de\/wp-json\/wp\/v2\/comments?post=4312"}],"version-history":[{"count":9,"href":"https:\/\/prolifeeurope.org\/de\/wp-json\/wp\/v2\/pages\/4312\/revisions"}],"predecessor-version":[{"id":5665,"href":"https:\/\/prolifeeurope.org\/de\/wp-json\/wp\/v2\/pages\/4312\/revisions\/5665"}],"wp:attachment":[{"href":"https:\/\/prolifeeurope.org\/de\/wp-json\/wp\/v2\/media?parent=4312"}],"wp:term":[{"taxonomy":"topic","embeddable":true,"href":"https:\/\/prolifeeurope.org\/de\/wp-json\/wp\/v2\/topic?post=4312"}],"curies":[{"name":"wp","href":"https:\/\/api.w.org\/{rel}","templated":true}]}}