{"id":2111,"date":"2025-01-15T17:03:47","date_gmt":"2025-01-15T16:03:47","guid":{"rendered":"https:\/\/ws-staging.prolifeeurope.org\/mehr-wissen\/warum-lassen-frauen-abtreiben\/"},"modified":"2025-02-20T17:01:13","modified_gmt":"2025-02-20T16:01:13","slug":"warum-lassen-frauen-abtreiben","status":"publish","type":"page","link":"https:\/\/prolifeeurope.org\/de\/mehr-wissen\/warum-lassen-frauen-abtreiben\/","title":{"rendered":"Warum lassen Frauen abtreiben?"},"content":{"rendered":"\n<p>Es gibt viele Gr\u00fcnde und Situationen, die eine werdende Mutter dazu bringen, \u00fcber eine Abtreibung nachzudenken. Traurigerweise brauchten die meisten Frauen in dieser Situation Ermutigung und Unterst\u00fctzung, wurden jedoch nur mit der M\u00f6glichkeit einer Abtreibung alleine gelassen. Einer deutschen Schwangerschaftsberatungsstelle zufolge sind die Hauptgr\u00fcnde, warum Frauen eine Abtreibung in Erw\u00e4gung ziehen:  <\/p>\n\n<ul class=\"wp-block-list\">\n<li>Biographische Gr\u00fcnde (41,7%)<\/li>\n\n\n\n<li>\u00dcberlastung (30,5%)<\/li>\n\n\n\n<li>Probleme in der Partnerschaft (17,2%)<\/li>\n\n\n\n<li>Finanzielle Gr\u00fcnde (6,7%)<\/li>\n\n\n\n<li>Medizinische Gr\u00fcnde (3,1%)<\/li>\n\n\n\n<li>Vergewaltigung (0,5%)<\/li>\n\n\n\n<li>Druck von au\u00dfen (0,3%)*<\/li>\n<\/ul>\n\n<p>Eine 2023 in \u00d6sterreich durchgef\u00fchrte Studie hat gezeigt, dass &#8211; auch wenn \u00e4u\u00dferer Druck nicht der Hauptgrund f\u00fcr eine Abtreibung ist &#8211; mehr als 50% der Frauen ihre Entscheidung unter starkem oder sehr starkem Druck von au\u00dfen getroffen haben.**<\/p>\n\n<p>Unabh\u00e4ngig von den individuellen Umst\u00e4nden bleibt eine bittere Wahrheit: Die meisten Frauen, die sich f\u00fcr eine Abtreibung entscheiden, waren auf der Suche nach Unterst\u00fctzung und Hilfe \u2013 doch anstatt diese zu finden, blieben sie alleine zur\u00fcck und sahen im Tod ihres Kindes ihre einzige \u201eL\u00f6sung\u201c.<\/p>\n\n<p class=\"has-small-font-size\">* <a href=\"https:\/\/www.1000plus.net\/sites\/default\/files\/documents\/SSK-Bericht%202023_0.pdf\" target=\"_blank\" rel=\"noreferrer noopener\">https:\/\/www.1000plus.net\/sites\/default\/files\/documents\/SSK-Bericht%202023_0.pdf<\/a><br\/>** <a href=\"https:\/\/xn--fairndern-y2a.at\/imas-umfrage-2023\/.\" target=\"_blank\" rel=\"noreferrer noopener\">https:\/\/xn--fairndern-y2a.at\/imas-umfrage-2023\/<\/a><\/p>\n","protected":false},"excerpt":{"rendered":"<p>Es gibt viele Gr\u00fcnde und Situationen, die eine werdende Mutter dazu bringen, \u00fcber eine Abtreibung nachzudenken. Traurigerweise brauchten die meisten Frauen in dieser Situation Ermutigung und Unterst\u00fctzung, wurden jedoch nur<a href=\"https:\/\/prolifeeurope.org\/de\/mehr-wissen\/warum-lassen-frauen-abtreiben\/\">Continue reading <span class=\"sr-only\">&#8222;Warum lassen Frauen abtreiben?&#8220;<\/span><\/a><\/p>\n","protected":false},"author":14,"featured_media":0,"parent":1951,"menu_order":0,"comment_status":"closed","ping_status":"closed","template":"page-topic.php","meta":{"_acf_changed":false,"_monsterinsights_skip_tracking":false,"_monsterinsights_sitenote_active":false,"_monsterinsights_sitenote_note":"","_monsterinsights_sitenote_category":0,"footnotes":""},"topic":[],"class_list":["post-2111","page","type-page","status-publish","hentry"],"acf":[],"yoast_head":"<!-- This site is optimized with the Yoast SEO plugin v27.2 - https:\/\/yoast.com\/product\/yoast-seo-wordpress\/ -->\n<title>Warum lassen Frauen abtreiben? - ProLife Europe<\/title>\n<meta name=\"description\" content=\"Einer deutschen Schwangerschaftsberatungsstelle zufolge sind das die Hauptgr\u00fcnde, warum Frauen eine Abtreibung in Erw\u00e4gung ziehen: ...\" \/>\n<meta name=\"robots\" content=\"index, follow, max-snippet:-1, max-image-preview:large, max-video-preview:-1\" \/>\n<link rel=\"canonical\" href=\"https:\/\/prolifeeurope.org\/de\/mehr-wissen\/warum-lassen-frauen-abtreiben\/\" \/>\n<meta property=\"og:locale\" content=\"de_DE\" \/>\n<meta property=\"og:type\" content=\"article\" \/>\n<meta property=\"og:title\" content=\"Warum lassen Frauen abtreiben? - ProLife Europe\" \/>\n<meta property=\"og:description\" content=\"Einer deutschen Schwangerschaftsberatungsstelle zufolge sind das die Hauptgr\u00fcnde, warum Frauen eine Abtreibung in Erw\u00e4gung ziehen: ...\" \/>\n<meta property=\"og:url\" content=\"https:\/\/prolifeeurope.org\/de\/mehr-wissen\/warum-lassen-frauen-abtreiben\/\" \/>\n<meta property=\"og:site_name\" content=\"ProLife Europe\" \/>\n<meta property=\"article:publisher\" content=\"https:\/\/www.facebook.com\/ProLifeEurope\/\" \/>\n<meta property=\"article:modified_time\" content=\"2025-02-20T16:01:13+00:00\" \/>\n<meta name=\"twitter:card\" content=\"summary_large_image\" \/>\n<meta name=\"twitter:label1\" content=\"Gesch\u00e4tzte Lesezeit\" \/>\n\t<meta name=\"twitter:data1\" content=\"1\u00a0Minute\" \/>\n<script type=\"application\/ld+json\" class=\"yoast-schema-graph\">{\"@context\":\"https:\/\/schema.org\",\"@graph\":[{\"@type\":\"WebPage\",\"@id\":\"https:\/\/prolifeeurope.org\/de\/mehr-wissen\/warum-lassen-frauen-abtreiben\/\",\"url\":\"https:\/\/prolifeeurope.org\/de\/mehr-wissen\/warum-lassen-frauen-abtreiben\/\",\"name\":\"Warum lassen Frauen abtreiben? - ProLife Europe\",\"isPartOf\":{\"@id\":\"https:\/\/prolifeeurope.org\/de\/#website\"},\"datePublished\":\"2025-01-15T16:03:47+00:00\",\"dateModified\":\"2025-02-20T16:01:13+00:00\",\"description\":\"Einer deutschen Schwangerschaftsberatungsstelle zufolge sind das die Hauptgr\u00fcnde, warum Frauen eine Abtreibung in Erw\u00e4gung ziehen: ...\",\"breadcrumb\":{\"@id\":\"https:\/\/prolifeeurope.org\/de\/mehr-wissen\/warum-lassen-frauen-abtreiben\/#breadcrumb\"},\"inLanguage\":\"de\",\"potentialAction\":[{\"@type\":\"ReadAction\",\"target\":[\"https:\/\/prolifeeurope.org\/de\/mehr-wissen\/warum-lassen-frauen-abtreiben\/\"]}]},{\"@type\":\"BreadcrumbList\",\"@id\":\"https:\/\/prolifeeurope.org\/de\/mehr-wissen\/warum-lassen-frauen-abtreiben\/#breadcrumb\",\"itemListElement\":[{\"@type\":\"ListItem\",\"position\":1,\"name\":\"Home\",\"item\":\"https:\/\/prolifeeurope.org\/de\/\"},{\"@type\":\"ListItem\",\"position\":2,\"name\":\"Mehr Wissen\",\"item\":\"https:\/\/prolifeeurope.org\/de\/mehr-wissen\/\"},{\"@type\":\"ListItem\",\"position\":3,\"name\":\"Warum lassen Frauen abtreiben?\"}]},{\"@type\":\"WebSite\",\"@id\":\"https:\/\/prolifeeurope.org\/de\/#website\",\"url\":\"https:\/\/prolifeeurope.org\/de\/\",\"name\":\"ProLife Europe\",\"description\":\"\",\"publisher\":{\"@id\":\"https:\/\/prolifeeurope.org\/de\/#organization\"},\"potentialAction\":[{\"@type\":\"SearchAction\",\"target\":{\"@type\":\"EntryPoint\",\"urlTemplate\":\"https:\/\/prolifeeurope.org\/de\/?s={search_term_string}\"},\"query-input\":{\"@type\":\"PropertyValueSpecification\",\"valueRequired\":true,\"valueName\":\"search_term_string\"}}],\"inLanguage\":\"de\"},{\"@type\":\"Organization\",\"@id\":\"https:\/\/prolifeeurope.org\/de\/#organization\",\"name\":\"ProLife Europe\",\"url\":\"https:\/\/prolifeeurope.org\/de\/\",\"logo\":{\"@type\":\"ImageObject\",\"inLanguage\":\"de\",\"@id\":\"https:\/\/prolifeeurope.org\/de\/#\/schema\/logo\/image\/\",\"url\":\"https:\/\/prolifeeurope.org\/wp-content\/uploads\/2024\/11\/logo-3.svg\",\"contentUrl\":\"https:\/\/prolifeeurope.org\/wp-content\/uploads\/2024\/11\/logo-3.svg\",\"width\":166,\"height\":170,\"caption\":\"ProLife Europe\"},\"image\":{\"@id\":\"https:\/\/prolifeeurope.org\/de\/#\/schema\/logo\/image\/\"},\"sameAs\":[\"https:\/\/www.facebook.com\/ProLifeEurope\/\",\"https:\/\/www.instagram.com\/prolife_europe\/\",\"https:\/\/www.youtube.com\/channel\/UC7olgmdiSVEHZUiP554XozA\"]}]}<\/script>\n<!-- \/ Yoast SEO plugin. -->","yoast_head_json":{"title":"Warum lassen Frauen abtreiben? - ProLife Europe","description":"Einer deutschen Schwangerschaftsberatungsstelle zufolge sind das die Hauptgr\u00fcnde, warum Frauen eine Abtreibung in Erw\u00e4gung ziehen: ...","robots":{"index":"index","follow":"follow","max-snippet":"max-snippet:-1","max-image-preview":"max-image-preview:large","max-video-preview":"max-video-preview:-1"},"canonical":"https:\/\/prolifeeurope.org\/de\/mehr-wissen\/warum-lassen-frauen-abtreiben\/","og_locale":"de_DE","og_type":"article","og_title":"Warum lassen Frauen abtreiben? - ProLife Europe","og_description":"Einer deutschen Schwangerschaftsberatungsstelle zufolge sind das die Hauptgr\u00fcnde, warum Frauen eine Abtreibung in Erw\u00e4gung ziehen: ...","og_url":"https:\/\/prolifeeurope.org\/de\/mehr-wissen\/warum-lassen-frauen-abtreiben\/","og_site_name":"ProLife Europe","article_publisher":"https:\/\/www.facebook.com\/ProLifeEurope\/","article_modified_time":"2025-02-20T16:01:13+00:00","twitter_card":"summary_large_image","twitter_misc":{"Gesch\u00e4tzte Lesezeit":"1\u00a0Minute"},"schema":{"@context":"https:\/\/schema.org","@graph":[{"@type":"WebPage","@id":"https:\/\/prolifeeurope.org\/de\/mehr-wissen\/warum-lassen-frauen-abtreiben\/","url":"https:\/\/prolifeeurope.org\/de\/mehr-wissen\/warum-lassen-frauen-abtreiben\/","name":"Warum lassen Frauen abtreiben? - ProLife Europe","isPartOf":{"@id":"https:\/\/prolifeeurope.org\/de\/#website"},"datePublished":"2025-01-15T16:03:47+00:00","dateModified":"2025-02-20T16:01:13+00:00","description":"Einer deutschen Schwangerschaftsberatungsstelle zufolge sind das die Hauptgr\u00fcnde, warum Frauen eine Abtreibung in Erw\u00e4gung ziehen: ...","breadcrumb":{"@id":"https:\/\/prolifeeurope.org\/de\/mehr-wissen\/warum-lassen-frauen-abtreiben\/#breadcrumb"},"inLanguage":"de","potentialAction":[{"@type":"ReadAction","target":["https:\/\/prolifeeurope.org\/de\/mehr-wissen\/warum-lassen-frauen-abtreiben\/"]}]},{"@type":"BreadcrumbList","@id":"https:\/\/prolifeeurope.org\/de\/mehr-wissen\/warum-lassen-frauen-abtreiben\/#breadcrumb","itemListElement":[{"@type":"ListItem","position":1,"name":"Home","item":"https:\/\/prolifeeurope.org\/de\/"},{"@type":"ListItem","position":2,"name":"Mehr Wissen","item":"https:\/\/prolifeeurope.org\/de\/mehr-wissen\/"},{"@type":"ListItem","position":3,"name":"Warum lassen Frauen abtreiben?"}]},{"@type":"WebSite","@id":"https:\/\/prolifeeurope.org\/de\/#website","url":"https:\/\/prolifeeurope.org\/de\/","name":"ProLife Europe","description":"","publisher":{"@id":"https:\/\/prolifeeurope.org\/de\/#organization"},"potentialAction":[{"@type":"SearchAction","target":{"@type":"EntryPoint","urlTemplate":"https:\/\/prolifeeurope.org\/de\/?s={search_term_string}"},"query-input":{"@type":"PropertyValueSpecification","valueRequired":true,"valueName":"search_term_string"}}],"inLanguage":"de"},{"@type":"Organization","@id":"https:\/\/prolifeeurope.org\/de\/#organization","name":"ProLife Europe","url":"https:\/\/prolifeeurope.org\/de\/","logo":{"@type":"ImageObject","inLanguage":"de","@id":"https:\/\/prolifeeurope.org\/de\/#\/schema\/logo\/image\/","url":"https:\/\/prolifeeurope.org\/wp-content\/uploads\/2024\/11\/logo-3.svg","contentUrl":"https:\/\/prolifeeurope.org\/wp-content\/uploads\/2024\/11\/logo-3.svg","width":166,"height":170,"caption":"ProLife Europe"},"image":{"@id":"https:\/\/prolifeeurope.org\/de\/#\/schema\/logo\/image\/"},"sameAs":["https:\/\/www.facebook.com\/ProLifeEurope\/","https:\/\/www.instagram.com\/prolife_europe\/","https:\/\/www.youtube.com\/channel\/UC7olgmdiSVEHZUiP554XozA"]}]}},"_links":{"self":[{"href":"https:\/\/prolifeeurope.org\/de\/wp-json\/wp\/v2\/pages\/2111","targetHints":{"allow":["GET"]}}],"collection":[{"href":"https:\/\/prolifeeurope.org\/de\/wp-json\/wp\/v2\/pages"}],"about":[{"href":"https:\/\/prolifeeurope.org\/de\/wp-json\/wp\/v2\/types\/page"}],"author":[{"embeddable":true,"href":"https:\/\/prolifeeurope.org\/de\/wp-json\/wp\/v2\/users\/14"}],"replies":[{"embeddable":true,"href":"https:\/\/prolifeeurope.org\/de\/wp-json\/wp\/v2\/comments?post=2111"}],"version-history":[{"count":1,"href":"https:\/\/prolifeeurope.org\/de\/wp-json\/wp\/v2\/pages\/2111\/revisions"}],"predecessor-version":[{"id":2112,"href":"https:\/\/prolifeeurope.org\/de\/wp-json\/wp\/v2\/pages\/2111\/revisions\/2112"}],"up":[{"embeddable":true,"href":"https:\/\/prolifeeurope.org\/de\/wp-json\/wp\/v2\/pages\/1951"}],"wp:attachment":[{"href":"https:\/\/prolifeeurope.org\/de\/wp-json\/wp\/v2\/media?parent=2111"}],"wp:term":[{"taxonomy":"topic","embeddable":true,"href":"https:\/\/prolifeeurope.org\/de\/wp-json\/wp\/v2\/topic?post=2111"}],"curies":[{"name":"wp","href":"https:\/\/api.w.org\/{rel}","templated":true}]}}