{"id":2109,"date":"2024-11-25T20:14:52","date_gmt":"2024-11-25T19:14:52","guid":{"rendered":"https:\/\/ws-staging.prolifeeurope.org\/mehr-wissen\/wann-beginnt-menschliches-leben\/"},"modified":"2025-02-20T16:59:06","modified_gmt":"2025-02-20T15:59:06","slug":"wann-beginnt-menschliches-leben","status":"publish","type":"page","link":"https:\/\/prolifeeurope.org\/de\/mehr-wissen\/wann-beginnt-menschliches-leben\/","title":{"rendered":"Wann beginnt menschliches Leben?"},"content":{"rendered":"\n<figure class=\"wp-block-image size-large\"><img loading=\"lazy\" decoding=\"async\" width=\"1024\" height=\"567\" src=\"https:\/\/prolifeeurope.org\/wp-content\/uploads\/2025\/01\/when-does-human-life-begin-1-1024x567.jpg\" alt=\"\" class=\"wp-image-1504\" srcset=\"https:\/\/prolifeeurope.org\/wp-content\/uploads\/2025\/01\/when-does-human-life-begin-1-1024x567.jpg 1024w, https:\/\/prolifeeurope.org\/wp-content\/uploads\/2025\/01\/when-does-human-life-begin-1-300x166.jpg 300w, https:\/\/prolifeeurope.org\/wp-content\/uploads\/2025\/01\/when-does-human-life-begin-1-768x425.jpg 768w, https:\/\/prolifeeurope.org\/wp-content\/uploads\/2025\/01\/when-does-human-life-begin-1.jpg 1500w\" sizes=\"auto, (max-width: 1024px) 100vw, 1024px\" \/><\/figure>\n\n\n\n<p>Auch wenn der \u00f6ffentliche Diskurs meistens etwas anderes suggeriert, l\u00e4sst sich aus biologischer Sicht genau bestimmen, wann menschliches Leben beginnt: bei der Empf\u00e4ngnis.<\/p>\n\n\n\n<p class=\"is-style-default\">In dem Moment, in dem Ei- und Samenzelle verschmelzen, entsteht ein neuer, einzigartiger menschlicher Organismus. Dieser neue lebende Organismus \u2013 nun eine einzelne Zelle, die als Zygote bezeichnet wird \u2013 enth\u00e4lt bereits die gesamte genetische Information des Menschen, zu dem er sich entwickeln wird: Geschlecht, Haarfarbe, Augenfarbe usw. W\u00e4hrend seiner gesamten Entwicklung wird keine zus\u00e4tzliche Information hinzugef\u00fcgt. Wenn nichts Unerwartetes geschieht oder die Entwicklung nicht unterbrochen wird, wird dieses neu entstandene menschliche Leben ungef\u00e4hr neun Monate sp\u00e4ter als einzigartiges Baby geboren.   <\/p>\n\n\n\n<p>Quellen:<\/p>\n\n\n\n<ol class=\"wp-block-list\">\n<li class=\"has-small-font-size\">Condic, Maureen (2013): When Does Human Life Begin? The Scientific Evidence and Terminology Revisited [<a href=\"https:\/\/researchonline.stthomas.edu\/esploro\/outputs\/journalArticle\/When-Does-Human-Life-Begin-The\/991015131529403691\" target=\"_blank\" rel=\"noreferrer noopener\">https:\/\/researchonline.stthomas.edu\/esploro\/outputs\/journalArticle\/When-Does-Human-Life-Begin-The\/991015131529403691<\/a>].  <\/li>\n\n\n\n<li class=\"has-small-font-size\">Sadler, T.W. (2012): Langman\u2019s Medical Embryology [<a href=\"https:\/\/e-library.sammu.uz\/uploads\/books\/Ingliz%20tilidagi%20kitoblar\/Sadler_T_W_--_Langman_39_s_medical_embryology.pdf\" target=\"_blank\" rel=\"noreferrer noopener\">https:\/\/e-library.sammu.uz\/uploads\/books\/Ingliz%20tilidagi%20kitoblar\/Sadler_T_W_&#8211;_Langman_39_s_medical_embryology.pdf<\/a>]. <\/li>\n\n\n\n<li class=\"has-small-font-size\">Webster, Samuel; de Wreede, Rhiannon (2012): Embryology at a glance [<a href=\"http:\/\/repository.stikesrspadgs.ac.id\/55\/1\/Embryology%20at%20a%20Glance-122hlm.pdf\" target=\"_blank\" rel=\"noreferrer noopener\">http:\/\/repository.stikesrspadgs.ac.id\/55\/1\/Embryology%20at%20a%20Glance-122hlm.pdf<\/a>].<\/li>\n<\/ol>\n\n\n\n<ol class=\"wp-block-list\">\n<li><\/li>\n<\/ol>\n","protected":false},"excerpt":{"rendered":"<p>Auch wenn der \u00f6ffentliche Diskurs meistens etwas anderes suggeriert, l\u00e4sst sich aus biologischer Sicht genau bestimmen, wann menschliches Leben beginnt: bei der Empf\u00e4ngnis. In dem Moment, in dem Ei- und<a href=\"https:\/\/prolifeeurope.org\/de\/mehr-wissen\/wann-beginnt-menschliches-leben\/\">Continue reading <span class=\"sr-only\">&#8222;Wann beginnt menschliches Leben?&#8220;<\/span><\/a><\/p>\n","protected":false},"author":14,"featured_media":0,"parent":1951,"menu_order":0,"comment_status":"closed","ping_status":"closed","template":"page-topic.php","meta":{"_acf_changed":false,"_monsterinsights_skip_tracking":false,"_monsterinsights_sitenote_active":false,"_monsterinsights_sitenote_note":"","_monsterinsights_sitenote_category":0,"footnotes":""},"topic":[],"class_list":["post-2109","page","type-page","status-publish","hentry"],"acf":[],"yoast_head":"<!-- This site is optimized with the Yoast SEO plugin v27.2 - https:\/\/yoast.com\/product\/yoast-seo-wordpress\/ -->\n<title>Wann beginnt menschliches Leben? - ProLife Europe<\/title>\n<meta name=\"description\" content=\"Auch wenn der \u00f6ffentliche Diskurs etwas anderes suggeriert, der Beginn des menschlichen Lebens ist biologisch eindeutig bestimmbar.\" \/>\n<meta name=\"robots\" content=\"index, follow, max-snippet:-1, max-image-preview:large, max-video-preview:-1\" \/>\n<link rel=\"canonical\" href=\"https:\/\/prolifeeurope.org\/de\/mehr-wissen\/wann-beginnt-menschliches-leben\/\" \/>\n<meta property=\"og:locale\" content=\"de_DE\" \/>\n<meta property=\"og:type\" content=\"article\" \/>\n<meta property=\"og:title\" content=\"Wann beginnt menschliches Leben? - ProLife Europe\" \/>\n<meta property=\"og:description\" content=\"Auch wenn der \u00f6ffentliche Diskurs etwas anderes suggeriert, der Beginn des menschlichen Lebens ist biologisch eindeutig bestimmbar.\" \/>\n<meta property=\"og:url\" content=\"https:\/\/prolifeeurope.org\/de\/mehr-wissen\/wann-beginnt-menschliches-leben\/\" \/>\n<meta property=\"og:site_name\" content=\"ProLife Europe\" \/>\n<meta property=\"article:publisher\" content=\"https:\/\/www.facebook.com\/ProLifeEurope\/\" \/>\n<meta property=\"article:modified_time\" content=\"2025-02-20T15:59:06+00:00\" \/>\n<meta property=\"og:image\" content=\"https:\/\/prolifeeurope.org\/wp-content\/uploads\/2025\/01\/when-does-human-life-begin-1.jpg\" \/>\n\t<meta property=\"og:image:width\" content=\"1500\" \/>\n\t<meta property=\"og:image:height\" content=\"830\" \/>\n\t<meta property=\"og:image:type\" content=\"image\/jpeg\" \/>\n<meta name=\"twitter:card\" content=\"summary_large_image\" \/>\n<meta name=\"twitter:label1\" content=\"Gesch\u00e4tzte Lesezeit\" \/>\n\t<meta name=\"twitter:data1\" content=\"1\u00a0Minute\" \/>\n<script type=\"application\/ld+json\" class=\"yoast-schema-graph\">{\"@context\":\"https:\/\/schema.org\",\"@graph\":[{\"@type\":\"WebPage\",\"@id\":\"https:\/\/prolifeeurope.org\/de\/mehr-wissen\/wann-beginnt-menschliches-leben\/\",\"url\":\"https:\/\/prolifeeurope.org\/de\/mehr-wissen\/wann-beginnt-menschliches-leben\/\",\"name\":\"Wann beginnt menschliches Leben? - ProLife Europe\",\"isPartOf\":{\"@id\":\"https:\/\/prolifeeurope.org\/de\/#website\"},\"primaryImageOfPage\":{\"@id\":\"https:\/\/prolifeeurope.org\/de\/mehr-wissen\/wann-beginnt-menschliches-leben\/#primaryimage\"},\"image\":{\"@id\":\"https:\/\/prolifeeurope.org\/de\/mehr-wissen\/wann-beginnt-menschliches-leben\/#primaryimage\"},\"thumbnailUrl\":\"https:\/\/prolifeeurope.org\/wp-content\/uploads\/2025\/01\/when-does-human-life-begin-1-1024x567.jpg\",\"datePublished\":\"2024-11-25T19:14:52+00:00\",\"dateModified\":\"2025-02-20T15:59:06+00:00\",\"description\":\"Auch wenn der \u00f6ffentliche Diskurs etwas anderes suggeriert, der Beginn des menschlichen Lebens ist biologisch eindeutig bestimmbar.\",\"breadcrumb\":{\"@id\":\"https:\/\/prolifeeurope.org\/de\/mehr-wissen\/wann-beginnt-menschliches-leben\/#breadcrumb\"},\"inLanguage\":\"de\",\"potentialAction\":[{\"@type\":\"ReadAction\",\"target\":[\"https:\/\/prolifeeurope.org\/de\/mehr-wissen\/wann-beginnt-menschliches-leben\/\"]}]},{\"@type\":\"ImageObject\",\"inLanguage\":\"de\",\"@id\":\"https:\/\/prolifeeurope.org\/de\/mehr-wissen\/wann-beginnt-menschliches-leben\/#primaryimage\",\"url\":\"https:\/\/prolifeeurope.org\/wp-content\/uploads\/2025\/01\/when-does-human-life-begin-1-1024x567.jpg\",\"contentUrl\":\"https:\/\/prolifeeurope.org\/wp-content\/uploads\/2025\/01\/when-does-human-life-begin-1-1024x567.jpg\"},{\"@type\":\"BreadcrumbList\",\"@id\":\"https:\/\/prolifeeurope.org\/de\/mehr-wissen\/wann-beginnt-menschliches-leben\/#breadcrumb\",\"itemListElement\":[{\"@type\":\"ListItem\",\"position\":1,\"name\":\"Home\",\"item\":\"https:\/\/prolifeeurope.org\/de\/\"},{\"@type\":\"ListItem\",\"position\":2,\"name\":\"Mehr Wissen\",\"item\":\"https:\/\/prolifeeurope.org\/de\/mehr-wissen\/\"},{\"@type\":\"ListItem\",\"position\":3,\"name\":\"Wann beginnt menschliches Leben?\"}]},{\"@type\":\"WebSite\",\"@id\":\"https:\/\/prolifeeurope.org\/de\/#website\",\"url\":\"https:\/\/prolifeeurope.org\/de\/\",\"name\":\"ProLife Europe\",\"description\":\"\",\"publisher\":{\"@id\":\"https:\/\/prolifeeurope.org\/de\/#organization\"},\"potentialAction\":[{\"@type\":\"SearchAction\",\"target\":{\"@type\":\"EntryPoint\",\"urlTemplate\":\"https:\/\/prolifeeurope.org\/de\/?s={search_term_string}\"},\"query-input\":{\"@type\":\"PropertyValueSpecification\",\"valueRequired\":true,\"valueName\":\"search_term_string\"}}],\"inLanguage\":\"de\"},{\"@type\":\"Organization\",\"@id\":\"https:\/\/prolifeeurope.org\/de\/#organization\",\"name\":\"ProLife Europe\",\"url\":\"https:\/\/prolifeeurope.org\/de\/\",\"logo\":{\"@type\":\"ImageObject\",\"inLanguage\":\"de\",\"@id\":\"https:\/\/prolifeeurope.org\/de\/#\/schema\/logo\/image\/\",\"url\":\"https:\/\/prolifeeurope.org\/wp-content\/uploads\/2024\/11\/logo-3.svg\",\"contentUrl\":\"https:\/\/prolifeeurope.org\/wp-content\/uploads\/2024\/11\/logo-3.svg\",\"width\":166,\"height\":170,\"caption\":\"ProLife Europe\"},\"image\":{\"@id\":\"https:\/\/prolifeeurope.org\/de\/#\/schema\/logo\/image\/\"},\"sameAs\":[\"https:\/\/www.facebook.com\/ProLifeEurope\/\",\"https:\/\/www.instagram.com\/prolife_europe\/\",\"https:\/\/www.youtube.com\/channel\/UC7olgmdiSVEHZUiP554XozA\"]}]}<\/script>\n<!-- \/ Yoast SEO plugin. -->","yoast_head_json":{"title":"Wann beginnt menschliches Leben? - ProLife Europe","description":"Auch wenn der \u00f6ffentliche Diskurs etwas anderes suggeriert, der Beginn des menschlichen Lebens ist biologisch eindeutig bestimmbar.","robots":{"index":"index","follow":"follow","max-snippet":"max-snippet:-1","max-image-preview":"max-image-preview:large","max-video-preview":"max-video-preview:-1"},"canonical":"https:\/\/prolifeeurope.org\/de\/mehr-wissen\/wann-beginnt-menschliches-leben\/","og_locale":"de_DE","og_type":"article","og_title":"Wann beginnt menschliches Leben? - ProLife Europe","og_description":"Auch wenn der \u00f6ffentliche Diskurs etwas anderes suggeriert, der Beginn des menschlichen Lebens ist biologisch eindeutig bestimmbar.","og_url":"https:\/\/prolifeeurope.org\/de\/mehr-wissen\/wann-beginnt-menschliches-leben\/","og_site_name":"ProLife Europe","article_publisher":"https:\/\/www.facebook.com\/ProLifeEurope\/","article_modified_time":"2025-02-20T15:59:06+00:00","og_image":[{"width":1500,"height":830,"url":"https:\/\/prolifeeurope.org\/wp-content\/uploads\/2025\/01\/when-does-human-life-begin-1.jpg","type":"image\/jpeg"}],"twitter_card":"summary_large_image","twitter_misc":{"Gesch\u00e4tzte Lesezeit":"1\u00a0Minute"},"schema":{"@context":"https:\/\/schema.org","@graph":[{"@type":"WebPage","@id":"https:\/\/prolifeeurope.org\/de\/mehr-wissen\/wann-beginnt-menschliches-leben\/","url":"https:\/\/prolifeeurope.org\/de\/mehr-wissen\/wann-beginnt-menschliches-leben\/","name":"Wann beginnt menschliches Leben? - ProLife Europe","isPartOf":{"@id":"https:\/\/prolifeeurope.org\/de\/#website"},"primaryImageOfPage":{"@id":"https:\/\/prolifeeurope.org\/de\/mehr-wissen\/wann-beginnt-menschliches-leben\/#primaryimage"},"image":{"@id":"https:\/\/prolifeeurope.org\/de\/mehr-wissen\/wann-beginnt-menschliches-leben\/#primaryimage"},"thumbnailUrl":"https:\/\/prolifeeurope.org\/wp-content\/uploads\/2025\/01\/when-does-human-life-begin-1-1024x567.jpg","datePublished":"2024-11-25T19:14:52+00:00","dateModified":"2025-02-20T15:59:06+00:00","description":"Auch wenn der \u00f6ffentliche Diskurs etwas anderes suggeriert, der Beginn des menschlichen Lebens ist biologisch eindeutig bestimmbar.","breadcrumb":{"@id":"https:\/\/prolifeeurope.org\/de\/mehr-wissen\/wann-beginnt-menschliches-leben\/#breadcrumb"},"inLanguage":"de","potentialAction":[{"@type":"ReadAction","target":["https:\/\/prolifeeurope.org\/de\/mehr-wissen\/wann-beginnt-menschliches-leben\/"]}]},{"@type":"ImageObject","inLanguage":"de","@id":"https:\/\/prolifeeurope.org\/de\/mehr-wissen\/wann-beginnt-menschliches-leben\/#primaryimage","url":"https:\/\/prolifeeurope.org\/wp-content\/uploads\/2025\/01\/when-does-human-life-begin-1-1024x567.jpg","contentUrl":"https:\/\/prolifeeurope.org\/wp-content\/uploads\/2025\/01\/when-does-human-life-begin-1-1024x567.jpg"},{"@type":"BreadcrumbList","@id":"https:\/\/prolifeeurope.org\/de\/mehr-wissen\/wann-beginnt-menschliches-leben\/#breadcrumb","itemListElement":[{"@type":"ListItem","position":1,"name":"Home","item":"https:\/\/prolifeeurope.org\/de\/"},{"@type":"ListItem","position":2,"name":"Mehr Wissen","item":"https:\/\/prolifeeurope.org\/de\/mehr-wissen\/"},{"@type":"ListItem","position":3,"name":"Wann beginnt menschliches Leben?"}]},{"@type":"WebSite","@id":"https:\/\/prolifeeurope.org\/de\/#website","url":"https:\/\/prolifeeurope.org\/de\/","name":"ProLife Europe","description":"","publisher":{"@id":"https:\/\/prolifeeurope.org\/de\/#organization"},"potentialAction":[{"@type":"SearchAction","target":{"@type":"EntryPoint","urlTemplate":"https:\/\/prolifeeurope.org\/de\/?s={search_term_string}"},"query-input":{"@type":"PropertyValueSpecification","valueRequired":true,"valueName":"search_term_string"}}],"inLanguage":"de"},{"@type":"Organization","@id":"https:\/\/prolifeeurope.org\/de\/#organization","name":"ProLife Europe","url":"https:\/\/prolifeeurope.org\/de\/","logo":{"@type":"ImageObject","inLanguage":"de","@id":"https:\/\/prolifeeurope.org\/de\/#\/schema\/logo\/image\/","url":"https:\/\/prolifeeurope.org\/wp-content\/uploads\/2024\/11\/logo-3.svg","contentUrl":"https:\/\/prolifeeurope.org\/wp-content\/uploads\/2024\/11\/logo-3.svg","width":166,"height":170,"caption":"ProLife Europe"},"image":{"@id":"https:\/\/prolifeeurope.org\/de\/#\/schema\/logo\/image\/"},"sameAs":["https:\/\/www.facebook.com\/ProLifeEurope\/","https:\/\/www.instagram.com\/prolife_europe\/","https:\/\/www.youtube.com\/channel\/UC7olgmdiSVEHZUiP554XozA"]}]}},"_links":{"self":[{"href":"https:\/\/prolifeeurope.org\/de\/wp-json\/wp\/v2\/pages\/2109","targetHints":{"allow":["GET"]}}],"collection":[{"href":"https:\/\/prolifeeurope.org\/de\/wp-json\/wp\/v2\/pages"}],"about":[{"href":"https:\/\/prolifeeurope.org\/de\/wp-json\/wp\/v2\/types\/page"}],"author":[{"embeddable":true,"href":"https:\/\/prolifeeurope.org\/de\/wp-json\/wp\/v2\/users\/14"}],"replies":[{"embeddable":true,"href":"https:\/\/prolifeeurope.org\/de\/wp-json\/wp\/v2\/comments?post=2109"}],"version-history":[{"count":2,"href":"https:\/\/prolifeeurope.org\/de\/wp-json\/wp\/v2\/pages\/2109\/revisions"}],"predecessor-version":[{"id":2147,"href":"https:\/\/prolifeeurope.org\/de\/wp-json\/wp\/v2\/pages\/2109\/revisions\/2147"}],"up":[{"embeddable":true,"href":"https:\/\/prolifeeurope.org\/de\/wp-json\/wp\/v2\/pages\/1951"}],"wp:attachment":[{"href":"https:\/\/prolifeeurope.org\/de\/wp-json\/wp\/v2\/media?parent=2109"}],"wp:term":[{"taxonomy":"topic","embeddable":true,"href":"https:\/\/prolifeeurope.org\/de\/wp-json\/wp\/v2\/topic?post=2109"}],"curies":[{"name":"wp","href":"https:\/\/api.w.org\/{rel}","templated":true}]}}