{"id":2107,"date":"2025-01-21T23:18:16","date_gmt":"2025-01-21T22:18:16","guid":{"rendered":"https:\/\/ws-staging.prolifeeurope.org\/mehr-wissen\/was-ist-mit-leihmutterschaft\/"},"modified":"2025-02-20T17:06:57","modified_gmt":"2025-02-20T16:06:57","slug":"was-ist-mit-leihmutterschaft","status":"publish","type":"page","link":"https:\/\/prolifeeurope.org\/de\/mehr-wissen\/was-ist-mit-leihmutterschaft\/","title":{"rendered":"Was ist mit Leihmutterschaft?"},"content":{"rendered":"\n<p>\u00c4hnlich wie bei IVF im Allgemeinen f\u00fchrt auch die Nutzung einer Leihmutter nicht nur dazu, dass das Kind als ein Produkt betrachtet wird, sondern reduziert die Frau auf ein blo\u00dfes Geb\u00e4rgef\u00e4\u00df. Auf den ersten Blick denken wir vielleicht an emotional nachvollziehbare Szenarien, in denen ein Familienmitglied oder eine Freundin freiwillig hilft, den Traum vom eigenen Kind zu erf\u00fcllen. Doch die harte Realit\u00e4t ist, dass Leihmutterschaft meist eine Form der Ausbeutung ist, bei der vor allem junge und wirtschaftlich benachteiligte Frauen ihren Uterus vermieten, um dringend ben\u00f6tigte finanzielle Unterst\u00fctzung zu erhalten. Deshalb findet Fertilit\u00e4tstourismus \u00fcberwiegend in L\u00e4ndern mit einer weniger stabilen Wirtschaft statt.   <\/p>\n\n<figure class=\"wp-block-image size-large\"><img loading=\"lazy\" decoding=\"async\" width=\"881\" height=\"1024\" src=\"https:\/\/prolifeeurope.org\/wp-content\/uploads\/2025\/01\/surrogacy-2-881x1024.jpg\" alt=\"\" class=\"wp-image-1501\" srcset=\"https:\/\/prolifeeurope.org\/wp-content\/uploads\/2025\/01\/surrogacy-2-881x1024.jpg 881w, https:\/\/prolifeeurope.org\/wp-content\/uploads\/2025\/01\/surrogacy-2-258x300.jpg 258w, https:\/\/prolifeeurope.org\/wp-content\/uploads\/2025\/01\/surrogacy-2-768x893.jpg 768w, https:\/\/prolifeeurope.org\/wp-content\/uploads\/2025\/01\/surrogacy-2.jpg 1290w\" sizes=\"auto, (max-width: 881px) 100vw, 881px\" \/><\/figure>\n","protected":false},"excerpt":{"rendered":"<p>\u00c4hnlich wie bei IVF im Allgemeinen f\u00fchrt auch die Nutzung einer Leihmutter nicht nur dazu, dass das Kind als ein Produkt betrachtet wird, sondern reduziert die Frau auf ein blo\u00dfes<a href=\"https:\/\/prolifeeurope.org\/de\/mehr-wissen\/was-ist-mit-leihmutterschaft\/\">Continue reading <span class=\"sr-only\">&#8222;Was ist mit Leihmutterschaft?&#8220;<\/span><\/a><\/p>\n","protected":false},"author":14,"featured_media":0,"parent":1951,"menu_order":0,"comment_status":"closed","ping_status":"closed","template":"page-topic.php","meta":{"_acf_changed":false,"_monsterinsights_skip_tracking":false,"_monsterinsights_sitenote_active":false,"_monsterinsights_sitenote_note":"","_monsterinsights_sitenote_category":0,"footnotes":""},"topic":[],"class_list":["post-2107","page","type-page","status-publish","hentry"],"acf":[],"yoast_head":"<!-- This site is optimized with the Yoast SEO plugin v27.2 - https:\/\/yoast.com\/product\/yoast-seo-wordpress\/ -->\n<title>Was ist mit Leihmutterschaft? - ProLife Europe<\/title>\n<meta name=\"description\" content=\"Vor allem junge und wirtschaftlich benachteiligte Frauen sind von der Ausbeutung durch Leihmutterschaft betroffen.\" \/>\n<meta name=\"robots\" content=\"index, follow, max-snippet:-1, max-image-preview:large, max-video-preview:-1\" \/>\n<link rel=\"canonical\" href=\"https:\/\/prolifeeurope.org\/de\/mehr-wissen\/was-ist-mit-leihmutterschaft\/\" \/>\n<meta property=\"og:locale\" content=\"de_DE\" \/>\n<meta property=\"og:type\" content=\"article\" \/>\n<meta property=\"og:title\" content=\"Was ist mit Leihmutterschaft? - ProLife Europe\" \/>\n<meta property=\"og:description\" content=\"Vor allem junge und wirtschaftlich benachteiligte Frauen sind von der Ausbeutung durch Leihmutterschaft betroffen.\" \/>\n<meta property=\"og:url\" content=\"https:\/\/prolifeeurope.org\/de\/mehr-wissen\/was-ist-mit-leihmutterschaft\/\" \/>\n<meta property=\"og:site_name\" content=\"ProLife Europe\" \/>\n<meta property=\"article:publisher\" content=\"https:\/\/www.facebook.com\/ProLifeEurope\/\" \/>\n<meta property=\"article:modified_time\" content=\"2025-02-20T16:06:57+00:00\" \/>\n<meta property=\"og:image\" content=\"https:\/\/prolifeeurope.org\/wp-content\/uploads\/2025\/01\/surrogacy-2.jpg\" \/>\n\t<meta property=\"og:image:width\" content=\"1290\" \/>\n\t<meta property=\"og:image:height\" content=\"1500\" \/>\n\t<meta property=\"og:image:type\" content=\"image\/jpeg\" \/>\n<meta name=\"twitter:card\" content=\"summary_large_image\" \/>\n<meta name=\"twitter:label1\" content=\"Gesch\u00e4tzte Lesezeit\" \/>\n\t<meta name=\"twitter:data1\" content=\"1\u00a0Minute\" \/>\n<script type=\"application\/ld+json\" class=\"yoast-schema-graph\">{\"@context\":\"https:\/\/schema.org\",\"@graph\":[{\"@type\":\"WebPage\",\"@id\":\"https:\/\/prolifeeurope.org\/de\/mehr-wissen\/was-ist-mit-leihmutterschaft\/\",\"url\":\"https:\/\/prolifeeurope.org\/de\/mehr-wissen\/was-ist-mit-leihmutterschaft\/\",\"name\":\"Was ist mit Leihmutterschaft? - ProLife Europe\",\"isPartOf\":{\"@id\":\"https:\/\/prolifeeurope.org\/de\/#website\"},\"primaryImageOfPage\":{\"@id\":\"https:\/\/prolifeeurope.org\/de\/mehr-wissen\/was-ist-mit-leihmutterschaft\/#primaryimage\"},\"image\":{\"@id\":\"https:\/\/prolifeeurope.org\/de\/mehr-wissen\/was-ist-mit-leihmutterschaft\/#primaryimage\"},\"thumbnailUrl\":\"https:\/\/prolifeeurope.org\/wp-content\/uploads\/2025\/01\/surrogacy-2-881x1024.jpg\",\"datePublished\":\"2025-01-21T22:18:16+00:00\",\"dateModified\":\"2025-02-20T16:06:57+00:00\",\"description\":\"Vor allem junge und wirtschaftlich benachteiligte Frauen sind von der Ausbeutung durch Leihmutterschaft betroffen.\",\"breadcrumb\":{\"@id\":\"https:\/\/prolifeeurope.org\/de\/mehr-wissen\/was-ist-mit-leihmutterschaft\/#breadcrumb\"},\"inLanguage\":\"de\",\"potentialAction\":[{\"@type\":\"ReadAction\",\"target\":[\"https:\/\/prolifeeurope.org\/de\/mehr-wissen\/was-ist-mit-leihmutterschaft\/\"]}]},{\"@type\":\"ImageObject\",\"inLanguage\":\"de\",\"@id\":\"https:\/\/prolifeeurope.org\/de\/mehr-wissen\/was-ist-mit-leihmutterschaft\/#primaryimage\",\"url\":\"https:\/\/prolifeeurope.org\/wp-content\/uploads\/2025\/01\/surrogacy-2-881x1024.jpg\",\"contentUrl\":\"https:\/\/prolifeeurope.org\/wp-content\/uploads\/2025\/01\/surrogacy-2-881x1024.jpg\"},{\"@type\":\"BreadcrumbList\",\"@id\":\"https:\/\/prolifeeurope.org\/de\/mehr-wissen\/was-ist-mit-leihmutterschaft\/#breadcrumb\",\"itemListElement\":[{\"@type\":\"ListItem\",\"position\":1,\"name\":\"Home\",\"item\":\"https:\/\/prolifeeurope.org\/de\/\"},{\"@type\":\"ListItem\",\"position\":2,\"name\":\"Mehr Wissen\",\"item\":\"https:\/\/prolifeeurope.org\/de\/mehr-wissen\/\"},{\"@type\":\"ListItem\",\"position\":3,\"name\":\"Was ist mit Leihmutterschaft?\"}]},{\"@type\":\"WebSite\",\"@id\":\"https:\/\/prolifeeurope.org\/de\/#website\",\"url\":\"https:\/\/prolifeeurope.org\/de\/\",\"name\":\"ProLife Europe\",\"description\":\"\",\"publisher\":{\"@id\":\"https:\/\/prolifeeurope.org\/de\/#organization\"},\"potentialAction\":[{\"@type\":\"SearchAction\",\"target\":{\"@type\":\"EntryPoint\",\"urlTemplate\":\"https:\/\/prolifeeurope.org\/de\/?s={search_term_string}\"},\"query-input\":{\"@type\":\"PropertyValueSpecification\",\"valueRequired\":true,\"valueName\":\"search_term_string\"}}],\"inLanguage\":\"de\"},{\"@type\":\"Organization\",\"@id\":\"https:\/\/prolifeeurope.org\/de\/#organization\",\"name\":\"ProLife Europe\",\"url\":\"https:\/\/prolifeeurope.org\/de\/\",\"logo\":{\"@type\":\"ImageObject\",\"inLanguage\":\"de\",\"@id\":\"https:\/\/prolifeeurope.org\/de\/#\/schema\/logo\/image\/\",\"url\":\"https:\/\/prolifeeurope.org\/wp-content\/uploads\/2024\/11\/logo-3.svg\",\"contentUrl\":\"https:\/\/prolifeeurope.org\/wp-content\/uploads\/2024\/11\/logo-3.svg\",\"width\":166,\"height\":170,\"caption\":\"ProLife Europe\"},\"image\":{\"@id\":\"https:\/\/prolifeeurope.org\/de\/#\/schema\/logo\/image\/\"},\"sameAs\":[\"https:\/\/www.facebook.com\/ProLifeEurope\/\",\"https:\/\/www.instagram.com\/prolife_europe\/\",\"https:\/\/www.youtube.com\/channel\/UC7olgmdiSVEHZUiP554XozA\"]}]}<\/script>\n<!-- \/ Yoast SEO plugin. -->","yoast_head_json":{"title":"Was ist mit Leihmutterschaft? - ProLife Europe","description":"Vor allem junge und wirtschaftlich benachteiligte Frauen sind von der Ausbeutung durch Leihmutterschaft betroffen.","robots":{"index":"index","follow":"follow","max-snippet":"max-snippet:-1","max-image-preview":"max-image-preview:large","max-video-preview":"max-video-preview:-1"},"canonical":"https:\/\/prolifeeurope.org\/de\/mehr-wissen\/was-ist-mit-leihmutterschaft\/","og_locale":"de_DE","og_type":"article","og_title":"Was ist mit Leihmutterschaft? - ProLife Europe","og_description":"Vor allem junge und wirtschaftlich benachteiligte Frauen sind von der Ausbeutung durch Leihmutterschaft betroffen.","og_url":"https:\/\/prolifeeurope.org\/de\/mehr-wissen\/was-ist-mit-leihmutterschaft\/","og_site_name":"ProLife Europe","article_publisher":"https:\/\/www.facebook.com\/ProLifeEurope\/","article_modified_time":"2025-02-20T16:06:57+00:00","og_image":[{"width":1290,"height":1500,"url":"https:\/\/prolifeeurope.org\/wp-content\/uploads\/2025\/01\/surrogacy-2.jpg","type":"image\/jpeg"}],"twitter_card":"summary_large_image","twitter_misc":{"Gesch\u00e4tzte Lesezeit":"1\u00a0Minute"},"schema":{"@context":"https:\/\/schema.org","@graph":[{"@type":"WebPage","@id":"https:\/\/prolifeeurope.org\/de\/mehr-wissen\/was-ist-mit-leihmutterschaft\/","url":"https:\/\/prolifeeurope.org\/de\/mehr-wissen\/was-ist-mit-leihmutterschaft\/","name":"Was ist mit Leihmutterschaft? - ProLife Europe","isPartOf":{"@id":"https:\/\/prolifeeurope.org\/de\/#website"},"primaryImageOfPage":{"@id":"https:\/\/prolifeeurope.org\/de\/mehr-wissen\/was-ist-mit-leihmutterschaft\/#primaryimage"},"image":{"@id":"https:\/\/prolifeeurope.org\/de\/mehr-wissen\/was-ist-mit-leihmutterschaft\/#primaryimage"},"thumbnailUrl":"https:\/\/prolifeeurope.org\/wp-content\/uploads\/2025\/01\/surrogacy-2-881x1024.jpg","datePublished":"2025-01-21T22:18:16+00:00","dateModified":"2025-02-20T16:06:57+00:00","description":"Vor allem junge und wirtschaftlich benachteiligte Frauen sind von der Ausbeutung durch Leihmutterschaft betroffen.","breadcrumb":{"@id":"https:\/\/prolifeeurope.org\/de\/mehr-wissen\/was-ist-mit-leihmutterschaft\/#breadcrumb"},"inLanguage":"de","potentialAction":[{"@type":"ReadAction","target":["https:\/\/prolifeeurope.org\/de\/mehr-wissen\/was-ist-mit-leihmutterschaft\/"]}]},{"@type":"ImageObject","inLanguage":"de","@id":"https:\/\/prolifeeurope.org\/de\/mehr-wissen\/was-ist-mit-leihmutterschaft\/#primaryimage","url":"https:\/\/prolifeeurope.org\/wp-content\/uploads\/2025\/01\/surrogacy-2-881x1024.jpg","contentUrl":"https:\/\/prolifeeurope.org\/wp-content\/uploads\/2025\/01\/surrogacy-2-881x1024.jpg"},{"@type":"BreadcrumbList","@id":"https:\/\/prolifeeurope.org\/de\/mehr-wissen\/was-ist-mit-leihmutterschaft\/#breadcrumb","itemListElement":[{"@type":"ListItem","position":1,"name":"Home","item":"https:\/\/prolifeeurope.org\/de\/"},{"@type":"ListItem","position":2,"name":"Mehr Wissen","item":"https:\/\/prolifeeurope.org\/de\/mehr-wissen\/"},{"@type":"ListItem","position":3,"name":"Was ist mit Leihmutterschaft?"}]},{"@type":"WebSite","@id":"https:\/\/prolifeeurope.org\/de\/#website","url":"https:\/\/prolifeeurope.org\/de\/","name":"ProLife Europe","description":"","publisher":{"@id":"https:\/\/prolifeeurope.org\/de\/#organization"},"potentialAction":[{"@type":"SearchAction","target":{"@type":"EntryPoint","urlTemplate":"https:\/\/prolifeeurope.org\/de\/?s={search_term_string}"},"query-input":{"@type":"PropertyValueSpecification","valueRequired":true,"valueName":"search_term_string"}}],"inLanguage":"de"},{"@type":"Organization","@id":"https:\/\/prolifeeurope.org\/de\/#organization","name":"ProLife Europe","url":"https:\/\/prolifeeurope.org\/de\/","logo":{"@type":"ImageObject","inLanguage":"de","@id":"https:\/\/prolifeeurope.org\/de\/#\/schema\/logo\/image\/","url":"https:\/\/prolifeeurope.org\/wp-content\/uploads\/2024\/11\/logo-3.svg","contentUrl":"https:\/\/prolifeeurope.org\/wp-content\/uploads\/2024\/11\/logo-3.svg","width":166,"height":170,"caption":"ProLife Europe"},"image":{"@id":"https:\/\/prolifeeurope.org\/de\/#\/schema\/logo\/image\/"},"sameAs":["https:\/\/www.facebook.com\/ProLifeEurope\/","https:\/\/www.instagram.com\/prolife_europe\/","https:\/\/www.youtube.com\/channel\/UC7olgmdiSVEHZUiP554XozA"]}]}},"_links":{"self":[{"href":"https:\/\/prolifeeurope.org\/de\/wp-json\/wp\/v2\/pages\/2107","targetHints":{"allow":["GET"]}}],"collection":[{"href":"https:\/\/prolifeeurope.org\/de\/wp-json\/wp\/v2\/pages"}],"about":[{"href":"https:\/\/prolifeeurope.org\/de\/wp-json\/wp\/v2\/types\/page"}],"author":[{"embeddable":true,"href":"https:\/\/prolifeeurope.org\/de\/wp-json\/wp\/v2\/users\/14"}],"replies":[{"embeddable":true,"href":"https:\/\/prolifeeurope.org\/de\/wp-json\/wp\/v2\/comments?post=2107"}],"version-history":[{"count":2,"href":"https:\/\/prolifeeurope.org\/de\/wp-json\/wp\/v2\/pages\/2107\/revisions"}],"predecessor-version":[{"id":2256,"href":"https:\/\/prolifeeurope.org\/de\/wp-json\/wp\/v2\/pages\/2107\/revisions\/2256"}],"up":[{"embeddable":true,"href":"https:\/\/prolifeeurope.org\/de\/wp-json\/wp\/v2\/pages\/1951"}],"wp:attachment":[{"href":"https:\/\/prolifeeurope.org\/de\/wp-json\/wp\/v2\/media?parent=2107"}],"wp:term":[{"taxonomy":"topic","embeddable":true,"href":"https:\/\/prolifeeurope.org\/de\/wp-json\/wp\/v2\/topic?post=2107"}],"curies":[{"name":"wp","href":"https:\/\/api.w.org\/{rel}","templated":true}]}}