{"id":2105,"date":"2025-01-15T20:12:47","date_gmt":"2025-01-15T19:12:47","guid":{"rendered":"https:\/\/ws-staging.prolifeeurope.org\/mehr-wissen\/der-feminismus-und-seine-wurzeln-in-der-pro-life-bewegung\/"},"modified":"2025-02-17T16:09:52","modified_gmt":"2025-02-17T15:09:52","slug":"der-feminismus-und-seine-wurzeln-in-der-pro-life-bewegung","status":"publish","type":"page","link":"https:\/\/prolifeeurope.org\/de\/mehr-wissen\/der-feminismus-und-seine-wurzeln-in-der-pro-life-bewegung\/","title":{"rendered":"Der Feminismus und seine Wurzeln in der Pro-Life-Bewegung"},"content":{"rendered":"\n<p>Die fr\u00fche feministische Bewegung, die im 19. Jahrhundert entstand, war in ihrer Haltung zur Abtreibung weitgehend lebensbejahend. Pionierinnen wie Susan B. Anthony und Elizabeth Cady Stanton, die f\u00fcr das Frauenwahlrecht und Gleichberechtigung k\u00e4mpften, betrachteten Abtreibung als eine Verletzung sowohl der Rechte der Frauen als auch der Heiligkeit des Lebens. Sie waren der \u00dcberzeugung, dass wahre Frauenf\u00f6rderung durch gesellschaftliche Reformen erreicht werden sollte, die Frauen aus Unterdr\u00fcckung befreien, anstatt die Beendigung von Schwangerschaften zu bef\u00fcrworten. In ihren Schriften verurteilten sie die Praxis der Abtreibung, die sie als ein Symptom der umfassenderen gesellschaftlichen Misshandlung von Frauen ansahen \u2013 oft dazu gedr\u00e4ngt durch M\u00e4nner oder wirtschaftliche Notlagen. Die fr\u00fchen Feministinnen argumentierten, dass die Gesellschaft nicht Abtreibung f\u00f6rdern, sondern vielmehr die zugrunde liegenden Probleme wie Armut, mangelnde Bildung und fehlende rechtliche Schutzma\u00dfnahmen f\u00fcr Frauen angehen sollte, die viele in eine solche Entscheidung zwangen.    <\/p>\n\n<p>Diese ersten Feministinnen glaubten, dass sowohl das ungeborene Kind als auch die Mutter Schutz und F\u00fcrsorge verdienten. Stanton bezeichnete Abtreibung beispielsweise als eine Form von \u201eKindst\u00f6tung\u201c und sah sie als Widerspruch zu den Idealen der Gleichheit und Gerechtigkeit, f\u00fcr die sie k\u00e4mpften. Ihr Engagement drehte sich nicht nur darum, Frauen eine Stimme in politischen und gesellschaftlichen Angelegenheiten zu geben, sondern auch darum, eine Kultur des Lebens und der Verantwortung zu f\u00f6rdern. F\u00fcr sie waren pro-life-Werte mit ihren \u00fcbergeordneten Zielen der Verbesserung des Wohlergehens und der W\u00fcrde aller Menschen vereinbar \u2013 insbesondere der Schw\u00e4chsten, einschlie\u00dflich ungeborener Kinder. Ihr Erbe spiegelt ein komplexeres Verst\u00e4ndnis von Frauenrechten wider, bei dem das Wohl von Mutter und Kind untrennbar miteinander verbunden ist.<br\/>Mehr Informationen \u00fcber die Pro-Life-Haltung der fr\u00fchen Feministinnen findest du direkt bei <em>Feminists for Life<\/em> und <em>SBA Pro-Life America<\/em>:     <\/p>\n\n<ol class=\"wp-block-list\">\n<li>Feminists for Life &#8211;<a href=\"https:\/\/www.feministsforlife.org\/first-wave-feminists-susan-b-anthony\" target=\"_blank\" rel=\"noreferrer noopener\"> First Wave Feminists<\/a><\/li>\n\n\n\n<li>SBA Pro-Life America &#8211; <a href=\"https:\/\/sbaprolife.org\/susan-b-anthony\" target=\"_blank\" rel=\"noreferrer noopener\">Susan B. Anthony: Pro-Life Feminist<\/a><\/li>\n\n\n\n<li>Feminists for Life &#8211; <a href=\"https:\/\/www.feministsforlife.org\/why-i-am-a-feminist-for-life\/\" target=\"_blank\" rel=\"noreferrer noopener\">Why I Am a Feminist for Life<\/a><\/li>\n<\/ol>\n","protected":false},"excerpt":{"rendered":"<p>Die fr\u00fche feministische Bewegung, die im 19. Jahrhundert entstand, war in ihrer Haltung zur Abtreibung weitgehend lebensbejahend. Pionierinnen wie Susan B. Anthony und Elizabeth Cady Stanton, die f\u00fcr das Frauenwahlrecht<a href=\"https:\/\/prolifeeurope.org\/de\/mehr-wissen\/der-feminismus-und-seine-wurzeln-in-der-pro-life-bewegung\/\">Continue reading <span class=\"sr-only\">&#8222;Der Feminismus und seine Wurzeln in der Pro-Life-Bewegung&#8220;<\/span><\/a><\/p>\n","protected":false},"author":14,"featured_media":0,"parent":1951,"menu_order":0,"comment_status":"closed","ping_status":"closed","template":"page-topic.php","meta":{"_acf_changed":false,"_monsterinsights_skip_tracking":false,"_monsterinsights_sitenote_active":false,"_monsterinsights_sitenote_note":"","_monsterinsights_sitenote_category":0,"footnotes":""},"topic":[],"class_list":["post-2105","page","type-page","status-publish","hentry"],"acf":[],"yoast_head":"<!-- This site is optimized with the Yoast SEO plugin v27.2 - https:\/\/yoast.com\/product\/yoast-seo-wordpress\/ -->\n<title>Der Feminismus und seine Wurzeln in der Pro-Life-Bewegung - ProLife Europe<\/title>\n<meta name=\"description\" content=\"Die fr\u00fche feministische Bewegung, die im 19. Jahrhundert entstand, war in ihrer Haltung zur Abtreibung weitgehend lebensbejahend.\" \/>\n<meta name=\"robots\" content=\"index, follow, max-snippet:-1, max-image-preview:large, max-video-preview:-1\" \/>\n<link rel=\"canonical\" href=\"https:\/\/prolifeeurope.org\/de\/mehr-wissen\/der-feminismus-und-seine-wurzeln-in-der-pro-life-bewegung\/\" \/>\n<meta property=\"og:locale\" content=\"de_DE\" \/>\n<meta property=\"og:type\" content=\"article\" \/>\n<meta property=\"og:title\" content=\"Der Feminismus und seine Wurzeln in der Pro-Life-Bewegung - ProLife Europe\" \/>\n<meta property=\"og:description\" content=\"Die fr\u00fche feministische Bewegung, die im 19. Jahrhundert entstand, war in ihrer Haltung zur Abtreibung weitgehend lebensbejahend.\" \/>\n<meta property=\"og:url\" content=\"https:\/\/prolifeeurope.org\/de\/mehr-wissen\/der-feminismus-und-seine-wurzeln-in-der-pro-life-bewegung\/\" \/>\n<meta property=\"og:site_name\" content=\"ProLife Europe\" \/>\n<meta property=\"article:publisher\" content=\"https:\/\/www.facebook.com\/ProLifeEurope\/\" \/>\n<meta property=\"article:modified_time\" content=\"2025-02-17T15:09:52+00:00\" \/>\n<meta name=\"twitter:card\" content=\"summary_large_image\" \/>\n<meta name=\"twitter:label1\" content=\"Gesch\u00e4tzte Lesezeit\" \/>\n\t<meta name=\"twitter:data1\" content=\"2\u00a0Minuten\" \/>\n<script type=\"application\/ld+json\" class=\"yoast-schema-graph\">{\"@context\":\"https:\/\/schema.org\",\"@graph\":[{\"@type\":\"WebPage\",\"@id\":\"https:\/\/prolifeeurope.org\/de\/mehr-wissen\/der-feminismus-und-seine-wurzeln-in-der-pro-life-bewegung\/\",\"url\":\"https:\/\/prolifeeurope.org\/de\/mehr-wissen\/der-feminismus-und-seine-wurzeln-in-der-pro-life-bewegung\/\",\"name\":\"Der Feminismus und seine Wurzeln in der Pro-Life-Bewegung - ProLife Europe\",\"isPartOf\":{\"@id\":\"https:\/\/prolifeeurope.org\/de\/#website\"},\"datePublished\":\"2025-01-15T19:12:47+00:00\",\"dateModified\":\"2025-02-17T15:09:52+00:00\",\"description\":\"Die fr\u00fche feministische Bewegung, die im 19. Jahrhundert entstand, war in ihrer Haltung zur Abtreibung weitgehend lebensbejahend.\",\"breadcrumb\":{\"@id\":\"https:\/\/prolifeeurope.org\/de\/mehr-wissen\/der-feminismus-und-seine-wurzeln-in-der-pro-life-bewegung\/#breadcrumb\"},\"inLanguage\":\"de\",\"potentialAction\":[{\"@type\":\"ReadAction\",\"target\":[\"https:\/\/prolifeeurope.org\/de\/mehr-wissen\/der-feminismus-und-seine-wurzeln-in-der-pro-life-bewegung\/\"]}]},{\"@type\":\"BreadcrumbList\",\"@id\":\"https:\/\/prolifeeurope.org\/de\/mehr-wissen\/der-feminismus-und-seine-wurzeln-in-der-pro-life-bewegung\/#breadcrumb\",\"itemListElement\":[{\"@type\":\"ListItem\",\"position\":1,\"name\":\"Home\",\"item\":\"https:\/\/prolifeeurope.org\/de\/\"},{\"@type\":\"ListItem\",\"position\":2,\"name\":\"Mehr Wissen\",\"item\":\"https:\/\/prolifeeurope.org\/de\/mehr-wissen\/\"},{\"@type\":\"ListItem\",\"position\":3,\"name\":\"Der Feminismus und seine Wurzeln in der Pro-Life-Bewegung\"}]},{\"@type\":\"WebSite\",\"@id\":\"https:\/\/prolifeeurope.org\/de\/#website\",\"url\":\"https:\/\/prolifeeurope.org\/de\/\",\"name\":\"ProLife Europe\",\"description\":\"\",\"publisher\":{\"@id\":\"https:\/\/prolifeeurope.org\/de\/#organization\"},\"potentialAction\":[{\"@type\":\"SearchAction\",\"target\":{\"@type\":\"EntryPoint\",\"urlTemplate\":\"https:\/\/prolifeeurope.org\/de\/?s={search_term_string}\"},\"query-input\":{\"@type\":\"PropertyValueSpecification\",\"valueRequired\":true,\"valueName\":\"search_term_string\"}}],\"inLanguage\":\"de\"},{\"@type\":\"Organization\",\"@id\":\"https:\/\/prolifeeurope.org\/de\/#organization\",\"name\":\"ProLife Europe\",\"url\":\"https:\/\/prolifeeurope.org\/de\/\",\"logo\":{\"@type\":\"ImageObject\",\"inLanguage\":\"de\",\"@id\":\"https:\/\/prolifeeurope.org\/de\/#\/schema\/logo\/image\/\",\"url\":\"https:\/\/prolifeeurope.org\/wp-content\/uploads\/2024\/11\/logo-3.svg\",\"contentUrl\":\"https:\/\/prolifeeurope.org\/wp-content\/uploads\/2024\/11\/logo-3.svg\",\"width\":166,\"height\":170,\"caption\":\"ProLife Europe\"},\"image\":{\"@id\":\"https:\/\/prolifeeurope.org\/de\/#\/schema\/logo\/image\/\"},\"sameAs\":[\"https:\/\/www.facebook.com\/ProLifeEurope\/\",\"https:\/\/www.instagram.com\/prolife_europe\/\",\"https:\/\/www.youtube.com\/channel\/UC7olgmdiSVEHZUiP554XozA\"]}]}<\/script>\n<!-- \/ Yoast SEO plugin. -->","yoast_head_json":{"title":"Der Feminismus und seine Wurzeln in der Pro-Life-Bewegung - ProLife Europe","description":"Die fr\u00fche feministische Bewegung, die im 19. Jahrhundert entstand, war in ihrer Haltung zur Abtreibung weitgehend lebensbejahend.","robots":{"index":"index","follow":"follow","max-snippet":"max-snippet:-1","max-image-preview":"max-image-preview:large","max-video-preview":"max-video-preview:-1"},"canonical":"https:\/\/prolifeeurope.org\/de\/mehr-wissen\/der-feminismus-und-seine-wurzeln-in-der-pro-life-bewegung\/","og_locale":"de_DE","og_type":"article","og_title":"Der Feminismus und seine Wurzeln in der Pro-Life-Bewegung - ProLife Europe","og_description":"Die fr\u00fche feministische Bewegung, die im 19. Jahrhundert entstand, war in ihrer Haltung zur Abtreibung weitgehend lebensbejahend.","og_url":"https:\/\/prolifeeurope.org\/de\/mehr-wissen\/der-feminismus-und-seine-wurzeln-in-der-pro-life-bewegung\/","og_site_name":"ProLife Europe","article_publisher":"https:\/\/www.facebook.com\/ProLifeEurope\/","article_modified_time":"2025-02-17T15:09:52+00:00","twitter_card":"summary_large_image","twitter_misc":{"Gesch\u00e4tzte Lesezeit":"2\u00a0Minuten"},"schema":{"@context":"https:\/\/schema.org","@graph":[{"@type":"WebPage","@id":"https:\/\/prolifeeurope.org\/de\/mehr-wissen\/der-feminismus-und-seine-wurzeln-in-der-pro-life-bewegung\/","url":"https:\/\/prolifeeurope.org\/de\/mehr-wissen\/der-feminismus-und-seine-wurzeln-in-der-pro-life-bewegung\/","name":"Der Feminismus und seine Wurzeln in der Pro-Life-Bewegung - ProLife Europe","isPartOf":{"@id":"https:\/\/prolifeeurope.org\/de\/#website"},"datePublished":"2025-01-15T19:12:47+00:00","dateModified":"2025-02-17T15:09:52+00:00","description":"Die fr\u00fche feministische Bewegung, die im 19. Jahrhundert entstand, war in ihrer Haltung zur Abtreibung weitgehend lebensbejahend.","breadcrumb":{"@id":"https:\/\/prolifeeurope.org\/de\/mehr-wissen\/der-feminismus-und-seine-wurzeln-in-der-pro-life-bewegung\/#breadcrumb"},"inLanguage":"de","potentialAction":[{"@type":"ReadAction","target":["https:\/\/prolifeeurope.org\/de\/mehr-wissen\/der-feminismus-und-seine-wurzeln-in-der-pro-life-bewegung\/"]}]},{"@type":"BreadcrumbList","@id":"https:\/\/prolifeeurope.org\/de\/mehr-wissen\/der-feminismus-und-seine-wurzeln-in-der-pro-life-bewegung\/#breadcrumb","itemListElement":[{"@type":"ListItem","position":1,"name":"Home","item":"https:\/\/prolifeeurope.org\/de\/"},{"@type":"ListItem","position":2,"name":"Mehr Wissen","item":"https:\/\/prolifeeurope.org\/de\/mehr-wissen\/"},{"@type":"ListItem","position":3,"name":"Der Feminismus und seine Wurzeln in der Pro-Life-Bewegung"}]},{"@type":"WebSite","@id":"https:\/\/prolifeeurope.org\/de\/#website","url":"https:\/\/prolifeeurope.org\/de\/","name":"ProLife Europe","description":"","publisher":{"@id":"https:\/\/prolifeeurope.org\/de\/#organization"},"potentialAction":[{"@type":"SearchAction","target":{"@type":"EntryPoint","urlTemplate":"https:\/\/prolifeeurope.org\/de\/?s={search_term_string}"},"query-input":{"@type":"PropertyValueSpecification","valueRequired":true,"valueName":"search_term_string"}}],"inLanguage":"de"},{"@type":"Organization","@id":"https:\/\/prolifeeurope.org\/de\/#organization","name":"ProLife Europe","url":"https:\/\/prolifeeurope.org\/de\/","logo":{"@type":"ImageObject","inLanguage":"de","@id":"https:\/\/prolifeeurope.org\/de\/#\/schema\/logo\/image\/","url":"https:\/\/prolifeeurope.org\/wp-content\/uploads\/2024\/11\/logo-3.svg","contentUrl":"https:\/\/prolifeeurope.org\/wp-content\/uploads\/2024\/11\/logo-3.svg","width":166,"height":170,"caption":"ProLife Europe"},"image":{"@id":"https:\/\/prolifeeurope.org\/de\/#\/schema\/logo\/image\/"},"sameAs":["https:\/\/www.facebook.com\/ProLifeEurope\/","https:\/\/www.instagram.com\/prolife_europe\/","https:\/\/www.youtube.com\/channel\/UC7olgmdiSVEHZUiP554XozA"]}]}},"_links":{"self":[{"href":"https:\/\/prolifeeurope.org\/de\/wp-json\/wp\/v2\/pages\/2105","targetHints":{"allow":["GET"]}}],"collection":[{"href":"https:\/\/prolifeeurope.org\/de\/wp-json\/wp\/v2\/pages"}],"about":[{"href":"https:\/\/prolifeeurope.org\/de\/wp-json\/wp\/v2\/types\/page"}],"author":[{"embeddable":true,"href":"https:\/\/prolifeeurope.org\/de\/wp-json\/wp\/v2\/users\/14"}],"replies":[{"embeddable":true,"href":"https:\/\/prolifeeurope.org\/de\/wp-json\/wp\/v2\/comments?post=2105"}],"version-history":[{"count":1,"href":"https:\/\/prolifeeurope.org\/de\/wp-json\/wp\/v2\/pages\/2105\/revisions"}],"predecessor-version":[{"id":2106,"href":"https:\/\/prolifeeurope.org\/de\/wp-json\/wp\/v2\/pages\/2105\/revisions\/2106"}],"up":[{"embeddable":true,"href":"https:\/\/prolifeeurope.org\/de\/wp-json\/wp\/v2\/pages\/1951"}],"wp:attachment":[{"href":"https:\/\/prolifeeurope.org\/de\/wp-json\/wp\/v2\/media?parent=2105"}],"wp:term":[{"taxonomy":"topic","embeddable":true,"href":"https:\/\/prolifeeurope.org\/de\/wp-json\/wp\/v2\/topic?post=2105"}],"curies":[{"name":"wp","href":"https:\/\/api.w.org\/{rel}","templated":true}]}}