{"id":2101,"date":"2025-01-09T10:31:43","date_gmt":"2025-01-09T09:31:43","guid":{"rendered":"https:\/\/ws-staging.prolifeeurope.org\/mehr-wissen\/vorgeburtliche-entwicklung\/"},"modified":"2025-02-17T16:43:07","modified_gmt":"2025-02-17T15:43:07","slug":"vorgeburtliche-entwicklung","status":"publish","type":"page","link":"https:\/\/prolifeeurope.org\/de\/mehr-wissen\/vorgeburtliche-entwicklung\/","title":{"rendered":"Vorgeburtliche Entwicklung"},"content":{"rendered":"\n<figure class=\"wp-block-embed is-type-video is-provider-youtube wp-block-embed-youtube wp-embed-aspect-16-9 wp-has-aspect-ratio\"><div class=\"wp-block-embed__wrapper\">\n<iframe loading=\"lazy\" title=\"Baby Olivia (German)\" width=\"500\" height=\"281\" src=\"https:\/\/www.youtube.com\/embed\/cDziJvxwoa4?feature=oembed\" frameborder=\"0\" allow=\"accelerometer; autoplay; clipboard-write; encrypted-media; gyroscope; picture-in-picture; web-share\" referrerpolicy=\"strict-origin-when-cross-origin\" allowfullscreen><\/iframe>\n<\/div><\/figure>\n\n\n\n<p><\/p>\n\n\n\n<h3 class=\"wp-block-heading\"><strong>Wichtige Meilensteine in der pr\u00e4natalen Entwicklung:<\/strong><\/h3>\n\n\n\n<p><strong>Tag 22*:<\/strong> Das Herz des Babys beginnt zu schlagen \u2013 mit einer Frequenz von 110 Schl\u00e4gen pro Minute.<br><strong>Woche 4:<\/strong> Arme und Beine beginnen sich zu formen. Blutzellen entstehen. Der Herzschlag kann bereits per Ultraschall erkannt werden.  <br><strong>Woche 6:<\/strong> Alle wichtigen Organe entwickeln sich. Gehirnaktivit\u00e4t kann nachgewiesen werden. <br><strong>Woche 8:<\/strong> Die Arme, H\u00e4nde, Finger, F\u00fc\u00dfe und Zehen des Babys sind vollst\u00e4ndig geformt, w\u00e4hrend Finger- und Zehenn\u00e4gel zu wachsen beginnen.<br><strong>Woche 10:<\/strong> Alle Organe sind vorhanden und entwickeln sich weiter.<br><strong>Woche 14:<\/strong> Die Mutter beginnt, die Bewegungen des Kindes zu sp\u00fcren.<br><strong>Woche 21:<\/strong> Das Kind kann nun au\u00dferhalb des Mutterleibs \u00fcberleben (mit medizinischer Unterst\u00fctzung).<\/p>\n\n\n\n<p><\/p>\n\n\n\n<p class=\"has-small-font-size\">* Alle Zeitangaben verstehen sich ab der Befruchtung.<\/p>\n","protected":false},"excerpt":{"rendered":"<p>Wichtige Meilensteine in der pr\u00e4natalen Entwicklung: Tag 22*: Das Herz des Babys beginnt zu schlagen \u2013 mit einer Frequenz von 110 Schl\u00e4gen pro Minute.Woche 4: Arme und Beine beginnen sich<a href=\"https:\/\/prolifeeurope.org\/de\/mehr-wissen\/vorgeburtliche-entwicklung\/\">Continue reading <span class=\"sr-only\">&#8222;Vorgeburtliche Entwicklung&#8220;<\/span><\/a><\/p>\n","protected":false},"author":14,"featured_media":0,"parent":1951,"menu_order":0,"comment_status":"closed","ping_status":"closed","template":"page-topic.php","meta":{"_acf_changed":false,"_monsterinsights_skip_tracking":false,"_monsterinsights_sitenote_active":false,"_monsterinsights_sitenote_note":"","_monsterinsights_sitenote_category":0,"footnotes":""},"topic":[],"class_list":["post-2101","page","type-page","status-publish","hentry"],"acf":[],"yoast_head":"<!-- This site is optimized with the Yoast SEO plugin v27.2 - https:\/\/yoast.com\/product\/yoast-seo-wordpress\/ -->\n<title>Vorgeburtliche Entwicklung - ProLife Europe<\/title>\n<meta name=\"description\" content=\"Das ungeborene Kind ist von Anfang an Mensch und durchl\u00e4uft in seiner Entwicklung faszinierende Meilensteine.\" \/>\n<meta name=\"robots\" content=\"index, follow, max-snippet:-1, max-image-preview:large, max-video-preview:-1\" \/>\n<link rel=\"canonical\" href=\"https:\/\/prolifeeurope.org\/de\/mehr-wissen\/vorgeburtliche-entwicklung\/\" \/>\n<meta property=\"og:locale\" content=\"de_DE\" \/>\n<meta property=\"og:type\" content=\"article\" \/>\n<meta property=\"og:title\" content=\"Vorgeburtliche Entwicklung - ProLife Europe\" \/>\n<meta property=\"og:description\" content=\"Das ungeborene Kind ist von Anfang an Mensch und durchl\u00e4uft in seiner Entwicklung faszinierende Meilensteine.\" \/>\n<meta property=\"og:url\" content=\"https:\/\/prolifeeurope.org\/de\/mehr-wissen\/vorgeburtliche-entwicklung\/\" \/>\n<meta property=\"og:site_name\" content=\"ProLife Europe\" \/>\n<meta property=\"article:publisher\" content=\"https:\/\/www.facebook.com\/ProLifeEurope\/\" \/>\n<meta property=\"article:modified_time\" content=\"2025-02-17T15:43:07+00:00\" \/>\n<meta name=\"twitter:card\" content=\"summary_large_image\" \/>\n<meta name=\"twitter:label1\" content=\"Gesch\u00e4tzte Lesezeit\" \/>\n\t<meta name=\"twitter:data1\" content=\"1\u00a0Minute\" \/>\n<script type=\"application\/ld+json\" class=\"yoast-schema-graph\">{\"@context\":\"https:\/\/schema.org\",\"@graph\":[{\"@type\":\"WebPage\",\"@id\":\"https:\/\/prolifeeurope.org\/de\/mehr-wissen\/vorgeburtliche-entwicklung\/\",\"url\":\"https:\/\/prolifeeurope.org\/de\/mehr-wissen\/vorgeburtliche-entwicklung\/\",\"name\":\"Vorgeburtliche Entwicklung - ProLife Europe\",\"isPartOf\":{\"@id\":\"https:\/\/prolifeeurope.org\/de\/#website\"},\"datePublished\":\"2025-01-09T09:31:43+00:00\",\"dateModified\":\"2025-02-17T15:43:07+00:00\",\"description\":\"Das ungeborene Kind ist von Anfang an Mensch und durchl\u00e4uft in seiner Entwicklung faszinierende Meilensteine.\",\"breadcrumb\":{\"@id\":\"https:\/\/prolifeeurope.org\/de\/mehr-wissen\/vorgeburtliche-entwicklung\/#breadcrumb\"},\"inLanguage\":\"de\",\"potentialAction\":[{\"@type\":\"ReadAction\",\"target\":[\"https:\/\/prolifeeurope.org\/de\/mehr-wissen\/vorgeburtliche-entwicklung\/\"]}]},{\"@type\":\"BreadcrumbList\",\"@id\":\"https:\/\/prolifeeurope.org\/de\/mehr-wissen\/vorgeburtliche-entwicklung\/#breadcrumb\",\"itemListElement\":[{\"@type\":\"ListItem\",\"position\":1,\"name\":\"Home\",\"item\":\"https:\/\/prolifeeurope.org\/de\/\"},{\"@type\":\"ListItem\",\"position\":2,\"name\":\"Mehr Wissen\",\"item\":\"https:\/\/prolifeeurope.org\/de\/mehr-wissen\/\"},{\"@type\":\"ListItem\",\"position\":3,\"name\":\"Vorgeburtliche Entwicklung\"}]},{\"@type\":\"WebSite\",\"@id\":\"https:\/\/prolifeeurope.org\/de\/#website\",\"url\":\"https:\/\/prolifeeurope.org\/de\/\",\"name\":\"ProLife Europe\",\"description\":\"\",\"publisher\":{\"@id\":\"https:\/\/prolifeeurope.org\/de\/#organization\"},\"potentialAction\":[{\"@type\":\"SearchAction\",\"target\":{\"@type\":\"EntryPoint\",\"urlTemplate\":\"https:\/\/prolifeeurope.org\/de\/?s={search_term_string}\"},\"query-input\":{\"@type\":\"PropertyValueSpecification\",\"valueRequired\":true,\"valueName\":\"search_term_string\"}}],\"inLanguage\":\"de\"},{\"@type\":\"Organization\",\"@id\":\"https:\/\/prolifeeurope.org\/de\/#organization\",\"name\":\"ProLife Europe\",\"url\":\"https:\/\/prolifeeurope.org\/de\/\",\"logo\":{\"@type\":\"ImageObject\",\"inLanguage\":\"de\",\"@id\":\"https:\/\/prolifeeurope.org\/de\/#\/schema\/logo\/image\/\",\"url\":\"https:\/\/prolifeeurope.org\/wp-content\/uploads\/2024\/11\/logo-3.svg\",\"contentUrl\":\"https:\/\/prolifeeurope.org\/wp-content\/uploads\/2024\/11\/logo-3.svg\",\"width\":166,\"height\":170,\"caption\":\"ProLife Europe\"},\"image\":{\"@id\":\"https:\/\/prolifeeurope.org\/de\/#\/schema\/logo\/image\/\"},\"sameAs\":[\"https:\/\/www.facebook.com\/ProLifeEurope\/\",\"https:\/\/www.instagram.com\/prolife_europe\/\",\"https:\/\/www.youtube.com\/channel\/UC7olgmdiSVEHZUiP554XozA\"]}]}<\/script>\n<!-- \/ Yoast SEO plugin. -->","yoast_head_json":{"title":"Vorgeburtliche Entwicklung - ProLife Europe","description":"Das ungeborene Kind ist von Anfang an Mensch und durchl\u00e4uft in seiner Entwicklung faszinierende Meilensteine.","robots":{"index":"index","follow":"follow","max-snippet":"max-snippet:-1","max-image-preview":"max-image-preview:large","max-video-preview":"max-video-preview:-1"},"canonical":"https:\/\/prolifeeurope.org\/de\/mehr-wissen\/vorgeburtliche-entwicklung\/","og_locale":"de_DE","og_type":"article","og_title":"Vorgeburtliche Entwicklung - ProLife Europe","og_description":"Das ungeborene Kind ist von Anfang an Mensch und durchl\u00e4uft in seiner Entwicklung faszinierende Meilensteine.","og_url":"https:\/\/prolifeeurope.org\/de\/mehr-wissen\/vorgeburtliche-entwicklung\/","og_site_name":"ProLife Europe","article_publisher":"https:\/\/www.facebook.com\/ProLifeEurope\/","article_modified_time":"2025-02-17T15:43:07+00:00","twitter_card":"summary_large_image","twitter_misc":{"Gesch\u00e4tzte Lesezeit":"1\u00a0Minute"},"schema":{"@context":"https:\/\/schema.org","@graph":[{"@type":"WebPage","@id":"https:\/\/prolifeeurope.org\/de\/mehr-wissen\/vorgeburtliche-entwicklung\/","url":"https:\/\/prolifeeurope.org\/de\/mehr-wissen\/vorgeburtliche-entwicklung\/","name":"Vorgeburtliche Entwicklung - ProLife Europe","isPartOf":{"@id":"https:\/\/prolifeeurope.org\/de\/#website"},"datePublished":"2025-01-09T09:31:43+00:00","dateModified":"2025-02-17T15:43:07+00:00","description":"Das ungeborene Kind ist von Anfang an Mensch und durchl\u00e4uft in seiner Entwicklung faszinierende Meilensteine.","breadcrumb":{"@id":"https:\/\/prolifeeurope.org\/de\/mehr-wissen\/vorgeburtliche-entwicklung\/#breadcrumb"},"inLanguage":"de","potentialAction":[{"@type":"ReadAction","target":["https:\/\/prolifeeurope.org\/de\/mehr-wissen\/vorgeburtliche-entwicklung\/"]}]},{"@type":"BreadcrumbList","@id":"https:\/\/prolifeeurope.org\/de\/mehr-wissen\/vorgeburtliche-entwicklung\/#breadcrumb","itemListElement":[{"@type":"ListItem","position":1,"name":"Home","item":"https:\/\/prolifeeurope.org\/de\/"},{"@type":"ListItem","position":2,"name":"Mehr Wissen","item":"https:\/\/prolifeeurope.org\/de\/mehr-wissen\/"},{"@type":"ListItem","position":3,"name":"Vorgeburtliche Entwicklung"}]},{"@type":"WebSite","@id":"https:\/\/prolifeeurope.org\/de\/#website","url":"https:\/\/prolifeeurope.org\/de\/","name":"ProLife Europe","description":"","publisher":{"@id":"https:\/\/prolifeeurope.org\/de\/#organization"},"potentialAction":[{"@type":"SearchAction","target":{"@type":"EntryPoint","urlTemplate":"https:\/\/prolifeeurope.org\/de\/?s={search_term_string}"},"query-input":{"@type":"PropertyValueSpecification","valueRequired":true,"valueName":"search_term_string"}}],"inLanguage":"de"},{"@type":"Organization","@id":"https:\/\/prolifeeurope.org\/de\/#organization","name":"ProLife Europe","url":"https:\/\/prolifeeurope.org\/de\/","logo":{"@type":"ImageObject","inLanguage":"de","@id":"https:\/\/prolifeeurope.org\/de\/#\/schema\/logo\/image\/","url":"https:\/\/prolifeeurope.org\/wp-content\/uploads\/2024\/11\/logo-3.svg","contentUrl":"https:\/\/prolifeeurope.org\/wp-content\/uploads\/2024\/11\/logo-3.svg","width":166,"height":170,"caption":"ProLife Europe"},"image":{"@id":"https:\/\/prolifeeurope.org\/de\/#\/schema\/logo\/image\/"},"sameAs":["https:\/\/www.facebook.com\/ProLifeEurope\/","https:\/\/www.instagram.com\/prolife_europe\/","https:\/\/www.youtube.com\/channel\/UC7olgmdiSVEHZUiP554XozA"]}]}},"_links":{"self":[{"href":"https:\/\/prolifeeurope.org\/de\/wp-json\/wp\/v2\/pages\/2101","targetHints":{"allow":["GET"]}}],"collection":[{"href":"https:\/\/prolifeeurope.org\/de\/wp-json\/wp\/v2\/pages"}],"about":[{"href":"https:\/\/prolifeeurope.org\/de\/wp-json\/wp\/v2\/types\/page"}],"author":[{"embeddable":true,"href":"https:\/\/prolifeeurope.org\/de\/wp-json\/wp\/v2\/users\/14"}],"replies":[{"embeddable":true,"href":"https:\/\/prolifeeurope.org\/de\/wp-json\/wp\/v2\/comments?post=2101"}],"version-history":[{"count":2,"href":"https:\/\/prolifeeurope.org\/de\/wp-json\/wp\/v2\/pages\/2101\/revisions"}],"predecessor-version":[{"id":2146,"href":"https:\/\/prolifeeurope.org\/de\/wp-json\/wp\/v2\/pages\/2101\/revisions\/2146"}],"up":[{"embeddable":true,"href":"https:\/\/prolifeeurope.org\/de\/wp-json\/wp\/v2\/pages\/1951"}],"wp:attachment":[{"href":"https:\/\/prolifeeurope.org\/de\/wp-json\/wp\/v2\/media?parent=2101"}],"wp:term":[{"taxonomy":"topic","embeddable":true,"href":"https:\/\/prolifeeurope.org\/de\/wp-json\/wp\/v2\/topic?post=2101"}],"curies":[{"name":"wp","href":"https:\/\/api.w.org\/{rel}","templated":true}]}}