{"id":2099,"date":"2025-01-15T23:48:50","date_gmt":"2025-01-15T22:48:50","guid":{"rendered":"https:\/\/ws-staging.prolifeeurope.org\/mehr-wissen\/rechtliche-lage-in-europa\/"},"modified":"2025-02-18T11:29:18","modified_gmt":"2025-02-18T10:29:18","slug":"rechtliche-lage-in-europa","status":"publish","type":"page","link":"https:\/\/prolifeeurope.org\/de\/mehr-wissen\/rechtliche-lage-in-europa\/","title":{"rendered":"Rechtliche Lage in Europa"},"content":{"rendered":"\n<p>Die gesetzlichen Regelungen zur Euthanasie variieren in Europa erheblich. Nachfolgend ein \u00dcberblick \u00fcber die rechtliche Situation in ausgew\u00e4hlten L\u00e4ndern: <\/p>\n\n<p><strong>Belgien:<\/strong> Aktive Sterbehilfe ist seit 2002 legal und wurde 2014 auf Minderj\u00e4hrige ohne Altersgrenze ausgeweitet. Voraussetzung ist, dass \u00c4rzte unertr\u00e4gliches Leiden bescheinigen. <\/p>\n\n<p><strong>D\u00e4nemark:<\/strong> Aktive Sterbehilfe und assistierter Suizid sind verboten. Passive Sterbehilfe ist seit 1992 erlaubt; Patienten k\u00f6nnen lebensverl\u00e4ngernde Ma\u00dfnahmen per schriftlicher Erkl\u00e4rung ablehnen. <\/p>\n\n<p><strong>Deutschland:<\/strong> Aktive Sterbehilfe ist verboten und mit bis zu f\u00fcnf Jahren Haft strafbar. Passive Sterbehilfe ist erlaubt, sofern ein Patientenwille oder eine g\u00fcltige Patientenverf\u00fcgung vorliegt. <\/p>\n\n<p><strong>Frankreich:<\/strong> Aktive Sterbehilfe ist verboten. Passive Sterbehilfe ist erlaubt; auf Wunsch des Patienten kann eine medizinische Behandlung abgebrochen werden, selbst wenn dies den Tod beschleunigt. <\/p>\n\n<p><strong>Luxemburg:<\/strong> Aktive Sterbehilfe ist seit 2009 legal. Ein Arzt darf unheilbar kranken Patienten auf deren Wunsch beim Sterben helfen, sofern zwei \u00c4rzte unabh\u00e4ngig voneinander best\u00e4tigen, dass eine Heilung ausgeschlossen ist. <\/p>\n\n<p><strong>Niederlande:<\/strong> Aktive Sterbehilfe ist seit 2002 legal. Unheilbar kranke Patienten k\u00f6nnen unter strengen Auflagen Euthanasie in Anspruch nehmen. <\/p>\n\n<p><strong>\u00d6sterreich:<\/strong> Aktive Sterbehilfe ist verboten und mit bis zu f\u00fcnf Jahren Haft strafbar. Passive Sterbehilfe ist erlaubt, wenn ein Patientenwille oder eine g\u00fcltige Patientenverf\u00fcgung vorliegt. Assistierter Suizid wurde 2022 legalisiert, unter strengen Vorgaben und mit besonderem Fokus auf die Selbstbestimmung der betroffenen Person.  <\/p>\n\n<p><strong>Schweiz:<\/strong> Aktive Sterbehilfe ist verboten. Assistierter Suizid ist erlaubt, sofern keine selbsts\u00fcchtigen Motive vorliegen. Organisationen wie Exit und Dignitas unterst\u00fctzen unheilbar kranke Menschen beim Suizid.  <\/p>\n\n<p><strong>Spanien:<\/strong> Aktive Sterbehilfe und assistierter Suizid sind seit 2021 legal. Personen mit spanischer Staatsb\u00fcrgerschaft oder Wohnsitz in Spanien k\u00f6nnen unter bestimmten Bedingungen Euthanasie beantragen. <\/p>\n\n<p><strong>Polen:<\/strong> Alle Formen der Euthanasie, einschlie\u00dflich passiver Sterbehilfe und assistierten Suizids, sind verboten.<\/p>\n\n<p>W\u00e4hrend es in Deutschland und Italien derzeit keine Gesetzgebung zur Legalisierung des assistierten Suizids gibt, k\u00f6nnten j\u00fcngste Entscheidungen der jeweiligen Obersten Gerichte in Zukunft zu neuen Regelungen f\u00fchren.<\/p>\n\n<p>In Luxemburg sind etwa 0,7% der nicht gewaltsamen Todesf\u00e4lle auf Euthanasie oder assistierten Suizid zur\u00fcckzuf\u00fchren. In Belgien und der Schweiz, wo die Legalisierung um das Jahr 2000 erfolgte, liegen die Raten bei 2,3% bzw. 1,7%. \u00c4hnliches gilt f\u00fcr die Niederlande, wo bereits 4,6% der nicht gewaltsamen Todesf\u00e4lle auf assistierten Suizid oder Euthanasie entfallen. Die Sterberaten scheinen \u00fcberall dort, wo sie erlaubt sind \u2013 sowohl in Europa als auch au\u00dferhalb \u2013 stetig zu steigen.   <\/p>\n","protected":false},"excerpt":{"rendered":"<p>Die gesetzlichen Regelungen zur Euthanasie variieren in Europa erheblich. Nachfolgend ein \u00dcberblick \u00fcber die rechtliche Situation in ausgew\u00e4hlten L\u00e4ndern: Belgien: Aktive Sterbehilfe ist seit 2002 legal und wurde 2014 auf<a href=\"https:\/\/prolifeeurope.org\/de\/mehr-wissen\/rechtliche-lage-in-europa\/\">Continue reading <span class=\"sr-only\">&#8222;Rechtliche Lage in Europa&#8220;<\/span><\/a><\/p>\n","protected":false},"author":14,"featured_media":0,"parent":1951,"menu_order":0,"comment_status":"closed","ping_status":"closed","template":"page-topic.php","meta":{"_acf_changed":false,"_monsterinsights_skip_tracking":false,"_monsterinsights_sitenote_active":false,"_monsterinsights_sitenote_note":"","_monsterinsights_sitenote_category":0,"footnotes":""},"topic":[],"class_list":["post-2099","page","type-page","status-publish","hentry"],"acf":[],"yoast_head":"<!-- This site is optimized with the Yoast SEO plugin v27.2 - https:\/\/yoast.com\/product\/yoast-seo-wordpress\/ -->\n<title>Rechtliche Lage in Europa - ProLife Europe<\/title>\n<meta name=\"description\" content=\"Die Gesetze zur Euthanasie variieren in Europa stark. Hier findet ihr einen \u00dcberblick \u00fcber die Situation in verschiedenen L\u00e4ndern.\" \/>\n<meta name=\"robots\" content=\"index, follow, max-snippet:-1, max-image-preview:large, max-video-preview:-1\" \/>\n<link rel=\"canonical\" href=\"https:\/\/prolifeeurope.org\/de\/mehr-wissen\/rechtliche-lage-in-europa\/\" \/>\n<meta property=\"og:locale\" content=\"de_DE\" \/>\n<meta property=\"og:type\" content=\"article\" \/>\n<meta property=\"og:title\" content=\"Rechtliche Lage in Europa - ProLife Europe\" \/>\n<meta property=\"og:description\" content=\"Die Gesetze zur Euthanasie variieren in Europa stark. Hier findet ihr einen \u00dcberblick \u00fcber die Situation in verschiedenen L\u00e4ndern.\" \/>\n<meta property=\"og:url\" content=\"https:\/\/prolifeeurope.org\/de\/mehr-wissen\/rechtliche-lage-in-europa\/\" \/>\n<meta property=\"og:site_name\" content=\"ProLife Europe\" \/>\n<meta property=\"article:publisher\" content=\"https:\/\/www.facebook.com\/ProLifeEurope\/\" \/>\n<meta property=\"article:modified_time\" content=\"2025-02-18T10:29:18+00:00\" \/>\n<meta name=\"twitter:card\" content=\"summary_large_image\" \/>\n<meta name=\"twitter:label1\" content=\"Gesch\u00e4tzte Lesezeit\" \/>\n\t<meta name=\"twitter:data1\" content=\"2\u00a0Minuten\" \/>\n<script type=\"application\/ld+json\" class=\"yoast-schema-graph\">{\"@context\":\"https:\/\/schema.org\",\"@graph\":[{\"@type\":\"WebPage\",\"@id\":\"https:\/\/prolifeeurope.org\/de\/mehr-wissen\/rechtliche-lage-in-europa\/\",\"url\":\"https:\/\/prolifeeurope.org\/de\/mehr-wissen\/rechtliche-lage-in-europa\/\",\"name\":\"Rechtliche Lage in Europa - ProLife Europe\",\"isPartOf\":{\"@id\":\"https:\/\/prolifeeurope.org\/de\/#website\"},\"datePublished\":\"2025-01-15T22:48:50+00:00\",\"dateModified\":\"2025-02-18T10:29:18+00:00\",\"description\":\"Die Gesetze zur Euthanasie variieren in Europa stark. Hier findet ihr einen \u00dcberblick \u00fcber die Situation in verschiedenen L\u00e4ndern.\",\"breadcrumb\":{\"@id\":\"https:\/\/prolifeeurope.org\/de\/mehr-wissen\/rechtliche-lage-in-europa\/#breadcrumb\"},\"inLanguage\":\"de\",\"potentialAction\":[{\"@type\":\"ReadAction\",\"target\":[\"https:\/\/prolifeeurope.org\/de\/mehr-wissen\/rechtliche-lage-in-europa\/\"]}]},{\"@type\":\"BreadcrumbList\",\"@id\":\"https:\/\/prolifeeurope.org\/de\/mehr-wissen\/rechtliche-lage-in-europa\/#breadcrumb\",\"itemListElement\":[{\"@type\":\"ListItem\",\"position\":1,\"name\":\"Home\",\"item\":\"https:\/\/prolifeeurope.org\/de\/\"},{\"@type\":\"ListItem\",\"position\":2,\"name\":\"Mehr Wissen\",\"item\":\"https:\/\/prolifeeurope.org\/de\/mehr-wissen\/\"},{\"@type\":\"ListItem\",\"position\":3,\"name\":\"Rechtliche Lage in Europa\"}]},{\"@type\":\"WebSite\",\"@id\":\"https:\/\/prolifeeurope.org\/de\/#website\",\"url\":\"https:\/\/prolifeeurope.org\/de\/\",\"name\":\"ProLife Europe\",\"description\":\"\",\"publisher\":{\"@id\":\"https:\/\/prolifeeurope.org\/de\/#organization\"},\"potentialAction\":[{\"@type\":\"SearchAction\",\"target\":{\"@type\":\"EntryPoint\",\"urlTemplate\":\"https:\/\/prolifeeurope.org\/de\/?s={search_term_string}\"},\"query-input\":{\"@type\":\"PropertyValueSpecification\",\"valueRequired\":true,\"valueName\":\"search_term_string\"}}],\"inLanguage\":\"de\"},{\"@type\":\"Organization\",\"@id\":\"https:\/\/prolifeeurope.org\/de\/#organization\",\"name\":\"ProLife Europe\",\"url\":\"https:\/\/prolifeeurope.org\/de\/\",\"logo\":{\"@type\":\"ImageObject\",\"inLanguage\":\"de\",\"@id\":\"https:\/\/prolifeeurope.org\/de\/#\/schema\/logo\/image\/\",\"url\":\"https:\/\/prolifeeurope.org\/wp-content\/uploads\/2024\/11\/logo-3.svg\",\"contentUrl\":\"https:\/\/prolifeeurope.org\/wp-content\/uploads\/2024\/11\/logo-3.svg\",\"width\":166,\"height\":170,\"caption\":\"ProLife Europe\"},\"image\":{\"@id\":\"https:\/\/prolifeeurope.org\/de\/#\/schema\/logo\/image\/\"},\"sameAs\":[\"https:\/\/www.facebook.com\/ProLifeEurope\/\",\"https:\/\/www.instagram.com\/prolife_europe\/\",\"https:\/\/www.youtube.com\/channel\/UC7olgmdiSVEHZUiP554XozA\"]}]}<\/script>\n<!-- \/ Yoast SEO plugin. -->","yoast_head_json":{"title":"Rechtliche Lage in Europa - ProLife Europe","description":"Die Gesetze zur Euthanasie variieren in Europa stark. Hier findet ihr einen \u00dcberblick \u00fcber die Situation in verschiedenen L\u00e4ndern.","robots":{"index":"index","follow":"follow","max-snippet":"max-snippet:-1","max-image-preview":"max-image-preview:large","max-video-preview":"max-video-preview:-1"},"canonical":"https:\/\/prolifeeurope.org\/de\/mehr-wissen\/rechtliche-lage-in-europa\/","og_locale":"de_DE","og_type":"article","og_title":"Rechtliche Lage in Europa - ProLife Europe","og_description":"Die Gesetze zur Euthanasie variieren in Europa stark. Hier findet ihr einen \u00dcberblick \u00fcber die Situation in verschiedenen L\u00e4ndern.","og_url":"https:\/\/prolifeeurope.org\/de\/mehr-wissen\/rechtliche-lage-in-europa\/","og_site_name":"ProLife Europe","article_publisher":"https:\/\/www.facebook.com\/ProLifeEurope\/","article_modified_time":"2025-02-18T10:29:18+00:00","twitter_card":"summary_large_image","twitter_misc":{"Gesch\u00e4tzte Lesezeit":"2\u00a0Minuten"},"schema":{"@context":"https:\/\/schema.org","@graph":[{"@type":"WebPage","@id":"https:\/\/prolifeeurope.org\/de\/mehr-wissen\/rechtliche-lage-in-europa\/","url":"https:\/\/prolifeeurope.org\/de\/mehr-wissen\/rechtliche-lage-in-europa\/","name":"Rechtliche Lage in Europa - ProLife Europe","isPartOf":{"@id":"https:\/\/prolifeeurope.org\/de\/#website"},"datePublished":"2025-01-15T22:48:50+00:00","dateModified":"2025-02-18T10:29:18+00:00","description":"Die Gesetze zur Euthanasie variieren in Europa stark. Hier findet ihr einen \u00dcberblick \u00fcber die Situation in verschiedenen L\u00e4ndern.","breadcrumb":{"@id":"https:\/\/prolifeeurope.org\/de\/mehr-wissen\/rechtliche-lage-in-europa\/#breadcrumb"},"inLanguage":"de","potentialAction":[{"@type":"ReadAction","target":["https:\/\/prolifeeurope.org\/de\/mehr-wissen\/rechtliche-lage-in-europa\/"]}]},{"@type":"BreadcrumbList","@id":"https:\/\/prolifeeurope.org\/de\/mehr-wissen\/rechtliche-lage-in-europa\/#breadcrumb","itemListElement":[{"@type":"ListItem","position":1,"name":"Home","item":"https:\/\/prolifeeurope.org\/de\/"},{"@type":"ListItem","position":2,"name":"Mehr Wissen","item":"https:\/\/prolifeeurope.org\/de\/mehr-wissen\/"},{"@type":"ListItem","position":3,"name":"Rechtliche Lage in Europa"}]},{"@type":"WebSite","@id":"https:\/\/prolifeeurope.org\/de\/#website","url":"https:\/\/prolifeeurope.org\/de\/","name":"ProLife Europe","description":"","publisher":{"@id":"https:\/\/prolifeeurope.org\/de\/#organization"},"potentialAction":[{"@type":"SearchAction","target":{"@type":"EntryPoint","urlTemplate":"https:\/\/prolifeeurope.org\/de\/?s={search_term_string}"},"query-input":{"@type":"PropertyValueSpecification","valueRequired":true,"valueName":"search_term_string"}}],"inLanguage":"de"},{"@type":"Organization","@id":"https:\/\/prolifeeurope.org\/de\/#organization","name":"ProLife Europe","url":"https:\/\/prolifeeurope.org\/de\/","logo":{"@type":"ImageObject","inLanguage":"de","@id":"https:\/\/prolifeeurope.org\/de\/#\/schema\/logo\/image\/","url":"https:\/\/prolifeeurope.org\/wp-content\/uploads\/2024\/11\/logo-3.svg","contentUrl":"https:\/\/prolifeeurope.org\/wp-content\/uploads\/2024\/11\/logo-3.svg","width":166,"height":170,"caption":"ProLife Europe"},"image":{"@id":"https:\/\/prolifeeurope.org\/de\/#\/schema\/logo\/image\/"},"sameAs":["https:\/\/www.facebook.com\/ProLifeEurope\/","https:\/\/www.instagram.com\/prolife_europe\/","https:\/\/www.youtube.com\/channel\/UC7olgmdiSVEHZUiP554XozA"]}]}},"_links":{"self":[{"href":"https:\/\/prolifeeurope.org\/de\/wp-json\/wp\/v2\/pages\/2099","targetHints":{"allow":["GET"]}}],"collection":[{"href":"https:\/\/prolifeeurope.org\/de\/wp-json\/wp\/v2\/pages"}],"about":[{"href":"https:\/\/prolifeeurope.org\/de\/wp-json\/wp\/v2\/types\/page"}],"author":[{"embeddable":true,"href":"https:\/\/prolifeeurope.org\/de\/wp-json\/wp\/v2\/users\/14"}],"replies":[{"embeddable":true,"href":"https:\/\/prolifeeurope.org\/de\/wp-json\/wp\/v2\/comments?post=2099"}],"version-history":[{"count":2,"href":"https:\/\/prolifeeurope.org\/de\/wp-json\/wp\/v2\/pages\/2099\/revisions"}],"predecessor-version":[{"id":2254,"href":"https:\/\/prolifeeurope.org\/de\/wp-json\/wp\/v2\/pages\/2099\/revisions\/2254"}],"up":[{"embeddable":true,"href":"https:\/\/prolifeeurope.org\/de\/wp-json\/wp\/v2\/pages\/1951"}],"wp:attachment":[{"href":"https:\/\/prolifeeurope.org\/de\/wp-json\/wp\/v2\/media?parent=2099"}],"wp:term":[{"taxonomy":"topic","embeddable":true,"href":"https:\/\/prolifeeurope.org\/de\/wp-json\/wp\/v2\/topic?post=2099"}],"curies":[{"name":"wp","href":"https:\/\/api.w.org\/{rel}","templated":true}]}}