{"id":2080,"date":"2025-01-21T23:15:41","date_gmt":"2025-01-21T22:15:41","guid":{"rendered":"https:\/\/ws-staging.prolifeeurope.org\/mehr-wissen\/ivf-aus-pro-life-perspektive\/"},"modified":"2025-02-17T16:19:57","modified_gmt":"2025-02-17T15:19:57","slug":"ivf-aus-pro-life-perspektive","status":"publish","type":"page","link":"https:\/\/prolifeeurope.org\/de\/mehr-wissen\/ivf-aus-pro-life-perspektive\/","title":{"rendered":"IVF aus Pro-Life-Perspektive"},"content":{"rendered":"\n<p>Der tief verwurzelte pers\u00f6nliche Wunsch, Eltern zu werden \u2013 ein Kind aus eigenem Fleisch und Blut zu haben \u2013 ist leicht nachvollziehbar. Aber wenn wir diese Frage genauer betrachten, k\u00f6nnen wir IVF aus einer Pro-Life-Perspektive nicht unterst\u00fctzen. Warum?   <\/p>\n\n<p>Weil IVF Menschen wie Produkte behandelt, die unter k\u00fcnstlichen Umst\u00e4nden erschaffen, gelagert und entsorgt werden k\u00f6nnen. Effektivit\u00e4t und Kostenersparnis sind die Hauptanliegen der Anbieter. <\/p>\n\n<p>Je weiter die Anzahl der Embryonen, die in einem Zyklus erzeugt werden k\u00f6nnen, begrenzt wird, w\u00e4hrend gleichzeitig die Anforderungen bestehen, alle davon zu implantieren, desto weiter kann die Zahl der durch IVF verursachten Tode verringert werden. Unterschiedliche L\u00e4nder haben unterschiedliche Vorschriften, aber selbst im sichersten Szenario f\u00fcr Frauen und Kinder, in dem nur ein Embryo erzeugt und implantiert wird, behandelt der Prozess das Kind immer noch wie ein Produkt und nicht wie ein individuelles menschliches Wesen. <\/p>\n\n<p>Wenn man diesen Vorgang nur durch die Linse der Biologie betrachtet, k\u00f6nnte dieses Best-Case-Szenario als pro-life angesehen werden. Aber um wirklich als pro-life bezeichnet zu werden, m\u00fcsste es mit jedem Aspekt der menschlichen W\u00fcrde in Einklang stehen. Am Ende gibt es kein Recht auf ein Kind, und deshalb kann das Erzeugen eines Kindes im Labor niemals mit diesen Aspekten \u00fcbereinstimmen.  <\/p>\n\n<p><\/p>\n","protected":false},"excerpt":{"rendered":"<p>Der tief verwurzelte pers\u00f6nliche Wunsch, Eltern zu werden \u2013 ein Kind aus eigenem Fleisch und Blut zu haben \u2013 ist leicht nachvollziehbar. Aber wenn wir diese Frage genauer betrachten, k\u00f6nnen<a href=\"https:\/\/prolifeeurope.org\/de\/mehr-wissen\/ivf-aus-pro-life-perspektive\/\">Continue reading <span class=\"sr-only\">&#8222;IVF aus Pro-Life-Perspektive&#8220;<\/span><\/a><\/p>\n","protected":false},"author":14,"featured_media":0,"parent":1951,"menu_order":0,"comment_status":"closed","ping_status":"closed","template":"page-topic.php","meta":{"_acf_changed":false,"_monsterinsights_skip_tracking":false,"_monsterinsights_sitenote_active":false,"_monsterinsights_sitenote_note":"","_monsterinsights_sitenote_category":0,"footnotes":""},"topic":[],"class_list":["post-2080","page","type-page","status-publish","hentry"],"acf":[],"yoast_head":"<!-- This site is optimized with the Yoast SEO plugin v27.2 - https:\/\/yoast.com\/product\/yoast-seo-wordpress\/ -->\n<title>IVF aus Pro-Life-Perspektive - ProLife Europe<\/title>\n<meta name=\"description\" content=\"Der tief verwurzelte pers\u00f6nliche Wunsch, Eltern zu werden, ist leicht nachvollziehbar. Was sind die Gr\u00fcnde, die gegen IVF sprechen?\" \/>\n<meta name=\"robots\" content=\"index, follow, max-snippet:-1, max-image-preview:large, max-video-preview:-1\" \/>\n<link rel=\"canonical\" href=\"https:\/\/prolifeeurope.org\/de\/mehr-wissen\/ivf-aus-pro-life-perspektive\/\" \/>\n<meta property=\"og:locale\" content=\"de_DE\" \/>\n<meta property=\"og:type\" content=\"article\" \/>\n<meta property=\"og:title\" content=\"IVF aus Pro-Life-Perspektive - ProLife Europe\" \/>\n<meta property=\"og:description\" content=\"Der tief verwurzelte pers\u00f6nliche Wunsch, Eltern zu werden, ist leicht nachvollziehbar. Was sind die Gr\u00fcnde, die gegen IVF sprechen?\" \/>\n<meta property=\"og:url\" content=\"https:\/\/prolifeeurope.org\/de\/mehr-wissen\/ivf-aus-pro-life-perspektive\/\" \/>\n<meta property=\"og:site_name\" content=\"ProLife Europe\" \/>\n<meta property=\"article:publisher\" content=\"https:\/\/www.facebook.com\/ProLifeEurope\/\" \/>\n<meta property=\"article:modified_time\" content=\"2025-02-17T15:19:57+00:00\" \/>\n<meta name=\"twitter:card\" content=\"summary_large_image\" \/>\n<meta name=\"twitter:label1\" content=\"Gesch\u00e4tzte Lesezeit\" \/>\n\t<meta name=\"twitter:data1\" content=\"1\u00a0Minute\" \/>\n<script type=\"application\/ld+json\" class=\"yoast-schema-graph\">{\"@context\":\"https:\/\/schema.org\",\"@graph\":[{\"@type\":\"WebPage\",\"@id\":\"https:\/\/prolifeeurope.org\/de\/mehr-wissen\/ivf-aus-pro-life-perspektive\/\",\"url\":\"https:\/\/prolifeeurope.org\/de\/mehr-wissen\/ivf-aus-pro-life-perspektive\/\",\"name\":\"IVF aus Pro-Life-Perspektive - ProLife Europe\",\"isPartOf\":{\"@id\":\"https:\/\/prolifeeurope.org\/de\/#website\"},\"datePublished\":\"2025-01-21T22:15:41+00:00\",\"dateModified\":\"2025-02-17T15:19:57+00:00\",\"description\":\"Der tief verwurzelte pers\u00f6nliche Wunsch, Eltern zu werden, ist leicht nachvollziehbar. Was sind die Gr\u00fcnde, die gegen IVF sprechen?\",\"breadcrumb\":{\"@id\":\"https:\/\/prolifeeurope.org\/de\/mehr-wissen\/ivf-aus-pro-life-perspektive\/#breadcrumb\"},\"inLanguage\":\"de\",\"potentialAction\":[{\"@type\":\"ReadAction\",\"target\":[\"https:\/\/prolifeeurope.org\/de\/mehr-wissen\/ivf-aus-pro-life-perspektive\/\"]}]},{\"@type\":\"BreadcrumbList\",\"@id\":\"https:\/\/prolifeeurope.org\/de\/mehr-wissen\/ivf-aus-pro-life-perspektive\/#breadcrumb\",\"itemListElement\":[{\"@type\":\"ListItem\",\"position\":1,\"name\":\"Home\",\"item\":\"https:\/\/prolifeeurope.org\/de\/\"},{\"@type\":\"ListItem\",\"position\":2,\"name\":\"Mehr Wissen\",\"item\":\"https:\/\/prolifeeurope.org\/de\/mehr-wissen\/\"},{\"@type\":\"ListItem\",\"position\":3,\"name\":\"IVF aus Pro-Life-Perspektive\"}]},{\"@type\":\"WebSite\",\"@id\":\"https:\/\/prolifeeurope.org\/de\/#website\",\"url\":\"https:\/\/prolifeeurope.org\/de\/\",\"name\":\"ProLife Europe\",\"description\":\"\",\"publisher\":{\"@id\":\"https:\/\/prolifeeurope.org\/de\/#organization\"},\"potentialAction\":[{\"@type\":\"SearchAction\",\"target\":{\"@type\":\"EntryPoint\",\"urlTemplate\":\"https:\/\/prolifeeurope.org\/de\/?s={search_term_string}\"},\"query-input\":{\"@type\":\"PropertyValueSpecification\",\"valueRequired\":true,\"valueName\":\"search_term_string\"}}],\"inLanguage\":\"de\"},{\"@type\":\"Organization\",\"@id\":\"https:\/\/prolifeeurope.org\/de\/#organization\",\"name\":\"ProLife Europe\",\"url\":\"https:\/\/prolifeeurope.org\/de\/\",\"logo\":{\"@type\":\"ImageObject\",\"inLanguage\":\"de\",\"@id\":\"https:\/\/prolifeeurope.org\/de\/#\/schema\/logo\/image\/\",\"url\":\"https:\/\/prolifeeurope.org\/wp-content\/uploads\/2024\/11\/logo-3.svg\",\"contentUrl\":\"https:\/\/prolifeeurope.org\/wp-content\/uploads\/2024\/11\/logo-3.svg\",\"width\":166,\"height\":170,\"caption\":\"ProLife Europe\"},\"image\":{\"@id\":\"https:\/\/prolifeeurope.org\/de\/#\/schema\/logo\/image\/\"},\"sameAs\":[\"https:\/\/www.facebook.com\/ProLifeEurope\/\",\"https:\/\/www.instagram.com\/prolife_europe\/\",\"https:\/\/www.youtube.com\/channel\/UC7olgmdiSVEHZUiP554XozA\"]}]}<\/script>\n<!-- \/ Yoast SEO plugin. -->","yoast_head_json":{"title":"IVF aus Pro-Life-Perspektive - ProLife Europe","description":"Der tief verwurzelte pers\u00f6nliche Wunsch, Eltern zu werden, ist leicht nachvollziehbar. Was sind die Gr\u00fcnde, die gegen IVF sprechen?","robots":{"index":"index","follow":"follow","max-snippet":"max-snippet:-1","max-image-preview":"max-image-preview:large","max-video-preview":"max-video-preview:-1"},"canonical":"https:\/\/prolifeeurope.org\/de\/mehr-wissen\/ivf-aus-pro-life-perspektive\/","og_locale":"de_DE","og_type":"article","og_title":"IVF aus Pro-Life-Perspektive - ProLife Europe","og_description":"Der tief verwurzelte pers\u00f6nliche Wunsch, Eltern zu werden, ist leicht nachvollziehbar. Was sind die Gr\u00fcnde, die gegen IVF sprechen?","og_url":"https:\/\/prolifeeurope.org\/de\/mehr-wissen\/ivf-aus-pro-life-perspektive\/","og_site_name":"ProLife Europe","article_publisher":"https:\/\/www.facebook.com\/ProLifeEurope\/","article_modified_time":"2025-02-17T15:19:57+00:00","twitter_card":"summary_large_image","twitter_misc":{"Gesch\u00e4tzte Lesezeit":"1\u00a0Minute"},"schema":{"@context":"https:\/\/schema.org","@graph":[{"@type":"WebPage","@id":"https:\/\/prolifeeurope.org\/de\/mehr-wissen\/ivf-aus-pro-life-perspektive\/","url":"https:\/\/prolifeeurope.org\/de\/mehr-wissen\/ivf-aus-pro-life-perspektive\/","name":"IVF aus Pro-Life-Perspektive - ProLife Europe","isPartOf":{"@id":"https:\/\/prolifeeurope.org\/de\/#website"},"datePublished":"2025-01-21T22:15:41+00:00","dateModified":"2025-02-17T15:19:57+00:00","description":"Der tief verwurzelte pers\u00f6nliche Wunsch, Eltern zu werden, ist leicht nachvollziehbar. Was sind die Gr\u00fcnde, die gegen IVF sprechen?","breadcrumb":{"@id":"https:\/\/prolifeeurope.org\/de\/mehr-wissen\/ivf-aus-pro-life-perspektive\/#breadcrumb"},"inLanguage":"de","potentialAction":[{"@type":"ReadAction","target":["https:\/\/prolifeeurope.org\/de\/mehr-wissen\/ivf-aus-pro-life-perspektive\/"]}]},{"@type":"BreadcrumbList","@id":"https:\/\/prolifeeurope.org\/de\/mehr-wissen\/ivf-aus-pro-life-perspektive\/#breadcrumb","itemListElement":[{"@type":"ListItem","position":1,"name":"Home","item":"https:\/\/prolifeeurope.org\/de\/"},{"@type":"ListItem","position":2,"name":"Mehr Wissen","item":"https:\/\/prolifeeurope.org\/de\/mehr-wissen\/"},{"@type":"ListItem","position":3,"name":"IVF aus Pro-Life-Perspektive"}]},{"@type":"WebSite","@id":"https:\/\/prolifeeurope.org\/de\/#website","url":"https:\/\/prolifeeurope.org\/de\/","name":"ProLife Europe","description":"","publisher":{"@id":"https:\/\/prolifeeurope.org\/de\/#organization"},"potentialAction":[{"@type":"SearchAction","target":{"@type":"EntryPoint","urlTemplate":"https:\/\/prolifeeurope.org\/de\/?s={search_term_string}"},"query-input":{"@type":"PropertyValueSpecification","valueRequired":true,"valueName":"search_term_string"}}],"inLanguage":"de"},{"@type":"Organization","@id":"https:\/\/prolifeeurope.org\/de\/#organization","name":"ProLife Europe","url":"https:\/\/prolifeeurope.org\/de\/","logo":{"@type":"ImageObject","inLanguage":"de","@id":"https:\/\/prolifeeurope.org\/de\/#\/schema\/logo\/image\/","url":"https:\/\/prolifeeurope.org\/wp-content\/uploads\/2024\/11\/logo-3.svg","contentUrl":"https:\/\/prolifeeurope.org\/wp-content\/uploads\/2024\/11\/logo-3.svg","width":166,"height":170,"caption":"ProLife Europe"},"image":{"@id":"https:\/\/prolifeeurope.org\/de\/#\/schema\/logo\/image\/"},"sameAs":["https:\/\/www.facebook.com\/ProLifeEurope\/","https:\/\/www.instagram.com\/prolife_europe\/","https:\/\/www.youtube.com\/channel\/UC7olgmdiSVEHZUiP554XozA"]}]}},"_links":{"self":[{"href":"https:\/\/prolifeeurope.org\/de\/wp-json\/wp\/v2\/pages\/2080","targetHints":{"allow":["GET"]}}],"collection":[{"href":"https:\/\/prolifeeurope.org\/de\/wp-json\/wp\/v2\/pages"}],"about":[{"href":"https:\/\/prolifeeurope.org\/de\/wp-json\/wp\/v2\/types\/page"}],"author":[{"embeddable":true,"href":"https:\/\/prolifeeurope.org\/de\/wp-json\/wp\/v2\/users\/14"}],"replies":[{"embeddable":true,"href":"https:\/\/prolifeeurope.org\/de\/wp-json\/wp\/v2\/comments?post=2080"}],"version-history":[{"count":2,"href":"https:\/\/prolifeeurope.org\/de\/wp-json\/wp\/v2\/pages\/2080\/revisions"}],"predecessor-version":[{"id":2179,"href":"https:\/\/prolifeeurope.org\/de\/wp-json\/wp\/v2\/pages\/2080\/revisions\/2179"}],"up":[{"embeddable":true,"href":"https:\/\/prolifeeurope.org\/de\/wp-json\/wp\/v2\/pages\/1951"}],"wp:attachment":[{"href":"https:\/\/prolifeeurope.org\/de\/wp-json\/wp\/v2\/media?parent=2080"}],"wp:term":[{"taxonomy":"topic","embeddable":true,"href":"https:\/\/prolifeeurope.org\/de\/wp-json\/wp\/v2\/topic?post=2080"}],"curies":[{"name":"wp","href":"https:\/\/api.w.org\/{rel}","templated":true}]}}