{"id":2069,"date":"2025-01-15T19:20:17","date_gmt":"2025-01-15T18:20:17","guid":{"rendered":"https:\/\/ws-staging.prolifeeurope.org\/mehr-wissen\/die-geschichte-von-abtreibung\/"},"modified":"2025-02-17T16:10:46","modified_gmt":"2025-02-17T15:10:46","slug":"die-geschichte-von-abtreibung","status":"publish","type":"page","link":"https:\/\/prolifeeurope.org\/de\/mehr-wissen\/die-geschichte-von-abtreibung\/","title":{"rendered":"Die Geschichte von Abtreibung"},"content":{"rendered":"\n<p>Auch wenn die Abtreibungsraten heutzutage aufgrund der hohen Effizienz medizinischer Verfahren kontinuierlich steigen, reicht die Geschichte von Abtreibung mindestens vier Jahrtausende zur\u00fcck. Arch\u00e4ologische Manuskripte aus dem alten China und \u00c4gypten enthalten die ersten Gesetze zur Regulierung von Fortpflanzung, die Abtreibungen in seltenen F\u00e4llen und unter Verwendung abortiver Kr\u00e4uter erm\u00f6glichten. Auf der anderen Seite wurden strenge Strafen verh\u00e4ngt, wenn eine Frau ohne die Zustimmung ihres Mannes eine Schwangerschaft beendete.  <sup>[1]<\/sup><br\/><br\/>B\u00fcrger des antiken Roms und der griechischen Poleis waren ebenfalls mit dem pr\u00e4natalen Abbruch des menschlichen Lebens vertraut. Es wurden eine Vielzahl von Abtreibungsmethoden entwickelt und weit verbreitet angewendet. Sogar die Schriften bekannter Philosophen wie Plato, Hippokrates und andere pr\u00e4sentierten eine gro\u00dfe Bandbreite an Techniken, um geplante Fehlgeburten herbeizuf\u00fchren. Beispiele daf\u00fcr sind das Essen von Silphium (eine historisch nicht eindeutig definierte Pflanze) oder Aristolochia (Geburtskraut), die Verwendung von K\u00fcretten, Fasten, Kr\u00e4uterb\u00e4der und das Straffen des Bauchbereichs, um die toten Gliedma\u00dfen des ungeborenen Kindes auszuscheiden.<sup>[2]<\/sup> Dennoch war der Abbruch von Schwangerschaften vor allem im Bereich der Prostitution weit verbreitet und wurde vom r\u00f6mischen Staat als schlechtes Beispiel f\u00fcr die Gesellschaft im Allgemeinen und als Eingriff in die elterlichen Rechte angesehen. Daher war die h\u00e4ufigste Strafe f\u00fcr \u00c4rzte und Hebammen, die Fl\u00fcssigkeiten mit abortiven Pflanzen abgaben (vor allem in den ersten Monaten der Schwangerschaft, bevor die ersten Bewegungen des ungeborenen Kindes sp\u00fcrbar waren), das vor\u00fcbergehende Exil.    <sup>[3]<\/sup><br\/><br\/>Dieser Trend setzte sich sogar bis ins Mittelalter fort und hielt bis in die moderne \u00c4ra an. Besonders das 19. Jahrhundert war eine Zeit strenger Regulierungen gegen Abtreibungen von der Empf\u00e4ngnis bis zur Geburt aufgrund der hohen Sterblichkeitsrate bei chirurgischen Abtreibungen und der D\u00e4monisierung von \u201eHinterhof-Abtreibern\u201c. Selbst mit dem Aufkommen des fr\u00fchen Feminismus im sp\u00e4ten 19. und fr\u00fchen 20. Jahrhundert gab es Feministinnen wie Aktivistinnen, die Abtreibung ablehnten. Dazu geh\u00f6ren Elizabeth Cady Stanton und Susan B. Anthony, weil sie der Meinung waren, dass diese Praxis die eigentlichen gesellschaftlichen Ursachen nicht l\u00f6se.  <sup>[4]<\/sup><br\/><br\/>Die Geschichte der Abtreibung in unserer Zeit beginnt in den 1920er und 1930er Jahren mit der ersten massenhaften Herstellung von Abtreibungspillen durch verschiedene Unternehmen und den ersten Gesetzen, die Abtreibungen zum Schutz des Lebens der Mutter erlaubten. Das erste Land in Europa, das dies erm\u00f6glichte, war die RSFSR im Jahr 1920, was in den 1950er Jahren zu einer Liberalisierung in vielen osteurop\u00e4ischen L\u00e4ndern f\u00fchrte.<sup>[5]<\/sup> Das nationalsozialistische Deutschland nutzte Abtreibungen aus eugenischen Gr\u00fcnden, wie etwa bei behinderten Kindern und Nachkommen der \u201enicht-arischen\u201c Bev\u00f6lkerung. <sup>[6]<\/sup> Die meisten westeurop\u00e4ischen L\u00e4nder \u2013 beginnend mit Gro\u00dfbritannien \u2013 liberalisierten Abtreibung in den 1970er, 80er und 90er Jahren als eines der Ergebnisse der Proteste von 1968. 2024 beschloss der franz\u00f6sische Staat, Abtreibung als B\u00fcrgerrecht in ihre nationale Verfassung aufzunehmen.  <\/p>\n\n<hr class=\"wp-block-separator has-alpha-channel-opacity\"\/>\n\n<p class=\"has-small-font-size\"><strong>[1]<\/strong> Joffe, Carole (April 3rd, 2009): Abortion and Medicine: A Sociopolitical History. Management of Inintended and Abnormal Pregnancy: Comprehensive Abortion Care (pp. 1-9). <a href=\"https:\/\/onlinelibrary.wiley.com\/doi\/abs\/10.1002\/9781444313031.ch1\" target=\"_blank\" rel=\"noreferrer noopener\">https:\/\/onlinelibrary.wiley.com\/doi\/abs\/10.1002\/9781444313031.ch1<\/a>. <br\/><strong>[2]<\/strong> Klotz, John William (1973): A Christian View of Abortion.<br\/><strong>[3]<\/strong> Sallares, J. Robert (2003): &#8222;abortion&#8220;, in Hornblower, Simon; Spawforth, Anthony (eds.), The Oxford Classical Dictionary (3rd ed 19).<br\/><strong>[4]<\/strong> Anthony, Susan B. (1869): The Revolution. <a href=\"https:\/\/web.archive.org\/web\/20190319124548\/http:\/www.prolifequakers.org\/susanb.htm\" target=\"_blank\" rel=\"noreferrer noopener\">https:\/\/web.archive.org\/web\/20190319124548\/http:\/www.prolifequakers.org\/susanb.htm<\/a>.<br\/><strong>[5]<\/strong> Heer, David (1965): Abortion, Contraception, and Population Policy in the Soviet Union (pp.531-539).<br\/><strong>[6]<\/strong> Trials of War Criminals Before The Nurenberg Military Tribunals Unter Control Council Law No. 10 (1947): <a href=\"https:\/\/www.loc.gov\/item\/2011525364_NT_war-criminals_Vol-IV\" target=\"_blank\" rel=\"noreferrer noopener\">https:\/\/www.loc.gov\/item\/2011525364_NT_war-criminals_Vol-IV<\/a> (pp. 609f).<\/p>\n\n<p><\/p>\n","protected":false},"excerpt":{"rendered":"<p>Auch wenn die Abtreibungsraten heutzutage aufgrund der hohen Effizienz medizinischer Verfahren kontinuierlich steigen, reicht die Geschichte von Abtreibung mindestens vier Jahrtausende zur\u00fcck. Arch\u00e4ologische Manuskripte aus dem alten China und \u00c4gypten<a href=\"https:\/\/prolifeeurope.org\/de\/mehr-wissen\/die-geschichte-von-abtreibung\/\">Continue reading <span class=\"sr-only\">&#8222;Die Geschichte von Abtreibung&#8220;<\/span><\/a><\/p>\n","protected":false},"author":14,"featured_media":0,"parent":1951,"menu_order":0,"comment_status":"closed","ping_status":"closed","template":"page-topic.php","meta":{"_acf_changed":false,"_monsterinsights_skip_tracking":false,"_monsterinsights_sitenote_active":false,"_monsterinsights_sitenote_note":"","_monsterinsights_sitenote_category":0,"footnotes":""},"topic":[],"class_list":["post-2069","page","type-page","status-publish","hentry"],"acf":[],"yoast_head":"<!-- This site is optimized with the Yoast SEO plugin v27.2 - https:\/\/yoast.com\/product\/yoast-seo-wordpress\/ -->\n<title>Die Geschichte von Abtreibung - ProLife Europe<\/title>\n<meta name=\"description\" content=\"Die Geschichte von Abtreibungen reicht mindestens vier Jahrtausende zur\u00fcck. Wie wurden sie \u00fcber die Zeit von Gesellschaften wahrgenommen?\" \/>\n<meta name=\"robots\" content=\"index, follow, max-snippet:-1, max-image-preview:large, max-video-preview:-1\" \/>\n<link rel=\"canonical\" href=\"https:\/\/prolifeeurope.org\/de\/mehr-wissen\/die-geschichte-von-abtreibung\/\" \/>\n<meta property=\"og:locale\" content=\"de_DE\" \/>\n<meta property=\"og:type\" content=\"article\" \/>\n<meta property=\"og:title\" content=\"Die Geschichte von Abtreibung - ProLife Europe\" \/>\n<meta property=\"og:description\" content=\"Die Geschichte von Abtreibungen reicht mindestens vier Jahrtausende zur\u00fcck. Wie wurden sie \u00fcber die Zeit von Gesellschaften wahrgenommen?\" \/>\n<meta property=\"og:url\" content=\"https:\/\/prolifeeurope.org\/de\/mehr-wissen\/die-geschichte-von-abtreibung\/\" \/>\n<meta property=\"og:site_name\" content=\"ProLife Europe\" \/>\n<meta property=\"article:publisher\" content=\"https:\/\/www.facebook.com\/ProLifeEurope\/\" \/>\n<meta property=\"article:modified_time\" content=\"2025-02-17T15:10:46+00:00\" \/>\n<meta name=\"twitter:card\" content=\"summary_large_image\" \/>\n<meta name=\"twitter:label1\" content=\"Gesch\u00e4tzte Lesezeit\" \/>\n\t<meta name=\"twitter:data1\" content=\"3\u00a0Minuten\" \/>\n<script type=\"application\/ld+json\" class=\"yoast-schema-graph\">{\"@context\":\"https:\/\/schema.org\",\"@graph\":[{\"@type\":\"WebPage\",\"@id\":\"https:\/\/prolifeeurope.org\/de\/mehr-wissen\/die-geschichte-von-abtreibung\/\",\"url\":\"https:\/\/prolifeeurope.org\/de\/mehr-wissen\/die-geschichte-von-abtreibung\/\",\"name\":\"Die Geschichte von Abtreibung - ProLife Europe\",\"isPartOf\":{\"@id\":\"https:\/\/prolifeeurope.org\/de\/#website\"},\"datePublished\":\"2025-01-15T18:20:17+00:00\",\"dateModified\":\"2025-02-17T15:10:46+00:00\",\"description\":\"Die Geschichte von Abtreibungen reicht mindestens vier Jahrtausende zur\u00fcck. Wie wurden sie \u00fcber die Zeit von Gesellschaften wahrgenommen?\",\"breadcrumb\":{\"@id\":\"https:\/\/prolifeeurope.org\/de\/mehr-wissen\/die-geschichte-von-abtreibung\/#breadcrumb\"},\"inLanguage\":\"de\",\"potentialAction\":[{\"@type\":\"ReadAction\",\"target\":[\"https:\/\/prolifeeurope.org\/de\/mehr-wissen\/die-geschichte-von-abtreibung\/\"]}]},{\"@type\":\"BreadcrumbList\",\"@id\":\"https:\/\/prolifeeurope.org\/de\/mehr-wissen\/die-geschichte-von-abtreibung\/#breadcrumb\",\"itemListElement\":[{\"@type\":\"ListItem\",\"position\":1,\"name\":\"Home\",\"item\":\"https:\/\/prolifeeurope.org\/de\/\"},{\"@type\":\"ListItem\",\"position\":2,\"name\":\"Mehr Wissen\",\"item\":\"https:\/\/prolifeeurope.org\/de\/mehr-wissen\/\"},{\"@type\":\"ListItem\",\"position\":3,\"name\":\"Die Geschichte von Abtreibung\"}]},{\"@type\":\"WebSite\",\"@id\":\"https:\/\/prolifeeurope.org\/de\/#website\",\"url\":\"https:\/\/prolifeeurope.org\/de\/\",\"name\":\"ProLife Europe\",\"description\":\"\",\"publisher\":{\"@id\":\"https:\/\/prolifeeurope.org\/de\/#organization\"},\"potentialAction\":[{\"@type\":\"SearchAction\",\"target\":{\"@type\":\"EntryPoint\",\"urlTemplate\":\"https:\/\/prolifeeurope.org\/de\/?s={search_term_string}\"},\"query-input\":{\"@type\":\"PropertyValueSpecification\",\"valueRequired\":true,\"valueName\":\"search_term_string\"}}],\"inLanguage\":\"de\"},{\"@type\":\"Organization\",\"@id\":\"https:\/\/prolifeeurope.org\/de\/#organization\",\"name\":\"ProLife Europe\",\"url\":\"https:\/\/prolifeeurope.org\/de\/\",\"logo\":{\"@type\":\"ImageObject\",\"inLanguage\":\"de\",\"@id\":\"https:\/\/prolifeeurope.org\/de\/#\/schema\/logo\/image\/\",\"url\":\"https:\/\/prolifeeurope.org\/wp-content\/uploads\/2024\/11\/logo-3.svg\",\"contentUrl\":\"https:\/\/prolifeeurope.org\/wp-content\/uploads\/2024\/11\/logo-3.svg\",\"width\":166,\"height\":170,\"caption\":\"ProLife Europe\"},\"image\":{\"@id\":\"https:\/\/prolifeeurope.org\/de\/#\/schema\/logo\/image\/\"},\"sameAs\":[\"https:\/\/www.facebook.com\/ProLifeEurope\/\",\"https:\/\/www.instagram.com\/prolife_europe\/\",\"https:\/\/www.youtube.com\/channel\/UC7olgmdiSVEHZUiP554XozA\"]}]}<\/script>\n<!-- \/ Yoast SEO plugin. -->","yoast_head_json":{"title":"Die Geschichte von Abtreibung - ProLife Europe","description":"Die Geschichte von Abtreibungen reicht mindestens vier Jahrtausende zur\u00fcck. Wie wurden sie \u00fcber die Zeit von Gesellschaften wahrgenommen?","robots":{"index":"index","follow":"follow","max-snippet":"max-snippet:-1","max-image-preview":"max-image-preview:large","max-video-preview":"max-video-preview:-1"},"canonical":"https:\/\/prolifeeurope.org\/de\/mehr-wissen\/die-geschichte-von-abtreibung\/","og_locale":"de_DE","og_type":"article","og_title":"Die Geschichte von Abtreibung - ProLife Europe","og_description":"Die Geschichte von Abtreibungen reicht mindestens vier Jahrtausende zur\u00fcck. Wie wurden sie \u00fcber die Zeit von Gesellschaften wahrgenommen?","og_url":"https:\/\/prolifeeurope.org\/de\/mehr-wissen\/die-geschichte-von-abtreibung\/","og_site_name":"ProLife Europe","article_publisher":"https:\/\/www.facebook.com\/ProLifeEurope\/","article_modified_time":"2025-02-17T15:10:46+00:00","twitter_card":"summary_large_image","twitter_misc":{"Gesch\u00e4tzte Lesezeit":"3\u00a0Minuten"},"schema":{"@context":"https:\/\/schema.org","@graph":[{"@type":"WebPage","@id":"https:\/\/prolifeeurope.org\/de\/mehr-wissen\/die-geschichte-von-abtreibung\/","url":"https:\/\/prolifeeurope.org\/de\/mehr-wissen\/die-geschichte-von-abtreibung\/","name":"Die Geschichte von Abtreibung - ProLife Europe","isPartOf":{"@id":"https:\/\/prolifeeurope.org\/de\/#website"},"datePublished":"2025-01-15T18:20:17+00:00","dateModified":"2025-02-17T15:10:46+00:00","description":"Die Geschichte von Abtreibungen reicht mindestens vier Jahrtausende zur\u00fcck. Wie wurden sie \u00fcber die Zeit von Gesellschaften wahrgenommen?","breadcrumb":{"@id":"https:\/\/prolifeeurope.org\/de\/mehr-wissen\/die-geschichte-von-abtreibung\/#breadcrumb"},"inLanguage":"de","potentialAction":[{"@type":"ReadAction","target":["https:\/\/prolifeeurope.org\/de\/mehr-wissen\/die-geschichte-von-abtreibung\/"]}]},{"@type":"BreadcrumbList","@id":"https:\/\/prolifeeurope.org\/de\/mehr-wissen\/die-geschichte-von-abtreibung\/#breadcrumb","itemListElement":[{"@type":"ListItem","position":1,"name":"Home","item":"https:\/\/prolifeeurope.org\/de\/"},{"@type":"ListItem","position":2,"name":"Mehr Wissen","item":"https:\/\/prolifeeurope.org\/de\/mehr-wissen\/"},{"@type":"ListItem","position":3,"name":"Die Geschichte von Abtreibung"}]},{"@type":"WebSite","@id":"https:\/\/prolifeeurope.org\/de\/#website","url":"https:\/\/prolifeeurope.org\/de\/","name":"ProLife Europe","description":"","publisher":{"@id":"https:\/\/prolifeeurope.org\/de\/#organization"},"potentialAction":[{"@type":"SearchAction","target":{"@type":"EntryPoint","urlTemplate":"https:\/\/prolifeeurope.org\/de\/?s={search_term_string}"},"query-input":{"@type":"PropertyValueSpecification","valueRequired":true,"valueName":"search_term_string"}}],"inLanguage":"de"},{"@type":"Organization","@id":"https:\/\/prolifeeurope.org\/de\/#organization","name":"ProLife Europe","url":"https:\/\/prolifeeurope.org\/de\/","logo":{"@type":"ImageObject","inLanguage":"de","@id":"https:\/\/prolifeeurope.org\/de\/#\/schema\/logo\/image\/","url":"https:\/\/prolifeeurope.org\/wp-content\/uploads\/2024\/11\/logo-3.svg","contentUrl":"https:\/\/prolifeeurope.org\/wp-content\/uploads\/2024\/11\/logo-3.svg","width":166,"height":170,"caption":"ProLife Europe"},"image":{"@id":"https:\/\/prolifeeurope.org\/de\/#\/schema\/logo\/image\/"},"sameAs":["https:\/\/www.facebook.com\/ProLifeEurope\/","https:\/\/www.instagram.com\/prolife_europe\/","https:\/\/www.youtube.com\/channel\/UC7olgmdiSVEHZUiP554XozA"]}]}},"_links":{"self":[{"href":"https:\/\/prolifeeurope.org\/de\/wp-json\/wp\/v2\/pages\/2069","targetHints":{"allow":["GET"]}}],"collection":[{"href":"https:\/\/prolifeeurope.org\/de\/wp-json\/wp\/v2\/pages"}],"about":[{"href":"https:\/\/prolifeeurope.org\/de\/wp-json\/wp\/v2\/types\/page"}],"author":[{"embeddable":true,"href":"https:\/\/prolifeeurope.org\/de\/wp-json\/wp\/v2\/users\/14"}],"replies":[{"embeddable":true,"href":"https:\/\/prolifeeurope.org\/de\/wp-json\/wp\/v2\/comments?post=2069"}],"version-history":[{"count":1,"href":"https:\/\/prolifeeurope.org\/de\/wp-json\/wp\/v2\/pages\/2069\/revisions"}],"predecessor-version":[{"id":2070,"href":"https:\/\/prolifeeurope.org\/de\/wp-json\/wp\/v2\/pages\/2069\/revisions\/2070"}],"up":[{"embeddable":true,"href":"https:\/\/prolifeeurope.org\/de\/wp-json\/wp\/v2\/pages\/1951"}],"wp:attachment":[{"href":"https:\/\/prolifeeurope.org\/de\/wp-json\/wp\/v2\/media?parent=2069"}],"wp:term":[{"taxonomy":"topic","embeddable":true,"href":"https:\/\/prolifeeurope.org\/de\/wp-json\/wp\/v2\/topic?post=2069"}],"curies":[{"name":"wp","href":"https:\/\/api.w.org\/{rel}","templated":true}]}}