{"id":2067,"date":"2025-01-21T23:18:51","date_gmt":"2025-01-21T22:18:51","guid":{"rendered":"https:\/\/ws-staging.prolifeeurope.org\/mehr-wissen\/feministinnen-gegen-ivf-und-leihmutterschaft\/"},"modified":"2025-02-18T11:31:25","modified_gmt":"2025-02-18T10:31:25","slug":"feministinnen-gegen-ivf-und-leihmutterschaft","status":"publish","type":"page","link":"https:\/\/prolifeeurope.org\/de\/mehr-wissen\/feministinnen-gegen-ivf-und-leihmutterschaft\/","title":{"rendered":"Feministinnen gegen IVF und Leihmutterschaft"},"content":{"rendered":"\n<p>Seit dem ersten Auftreten der IVF-Techniken gibt es viele kritische Stimmen, sowohl hinsichtlich der W\u00fcrde der so \u201eproduzierten\u201c Kinder als auch der Risiken und Gefahren f\u00fcr Frauen. Viele Feministinnen haben negativ auf diese Entwicklung reagiert, aus der Sorge heraus, dass die Technik, die bald Embryotransfers und Leihmutterschaft erm\u00f6glichte, Frauen weiter ausbeuten k\u00f6nnte. <sup>[1]<\/sup><\/p>\n\n<p>Besonders das Thema Leihmutterschaft wird von zahlreichen Feministinnen aktiv bek\u00e4mpft, darunter Alice Schwarzer, eine deutsche Journalistin und Publizistin, die seit den 1970er Jahren in der feministischen Bewegung aktiv ist. Seit 2018 unterst\u00fctzt sie eine internationale<sup>[2]<\/sup> Initiative mit dem Namen \u201eStoppt Leihmutterschaft\u201c [Stop surrogacy].<sup>[3]<\/sup> Diese Initiative ist Teil der internationalen feministischen Organisation CIAMS (Coalition Internationale pour l\u2019Abolition de la Maternit\u00e9 de Substitution), die weltweit \u00fcber 300 NGOs und Menschenrechtsorganisationen umfasst.<sup>[4]<\/sup> Im Jahr 2023 ver\u00f6ffentlichten mehr als 100 Wissenschaftler und Experten aus \u00fcber 75 L\u00e4ndern die \u201eCasablanca-Erkl\u00e4rung\u201c<sup>[5]<\/sup>, die alle L\u00e4nder weltweit dazu auffordert, Leihmutterschaft zu verbieten. <\/p>\n\n<hr class=\"wp-block-separator has-alpha-channel-opacity\"\/>\n\n<p class=\"has-small-font-size\"><strong>[1]<\/strong> Williams, Linda (1986): But what will they mean for women? Feminist Concerns about the New Reproductive Technologies. Online: <a href=\"https:\/\/www.criaw-icref.ca\/images\/userfiles\/files\/FP6-%20But%20What%20Will%20They%20Mean%20for%20Women-%20Feminist%20Concerns%20for%20the%20new%20reproductive%20technologies.pdf\" target=\"_blank\" rel=\"noreferrer noopener\">https:\/\/www.criaw-icref.ca\/images\/userfiles\/files\/FP6-%20But%20What%20Will%20They%20Mean%20for%20Women-%20Feminist%20Concerns%20for%20the%20new%20reproductive%20technologies.pdf<\/a>.  <br\/><strong>[2]<\/strong> CIAMS: <a href=\"https:\/\/abolition-ms.org\/en\/home\/\" target=\"_blank\" rel=\"noreferrer noopener\">https:\/\/abolition-ms.org\/en\/home\/<\/a>.<br\/><strong>[3]<\/strong> Stoppt Leihmutterschaft: <a href=\"https:\/\/www.stoppt-leihmutterschaft.at\/\" target=\"_blank\" rel=\"noreferrer noopener\">https:\/\/www.stoppt-leihmutterschaft.at\/<\/a>.<br\/><strong>[4]<\/strong> <a href=\"https:\/\/www.imabe.org\/bioethikaktuell\/einzelansicht\/baby-business-der-krieg-in-der-ukraine-draengt-die-leihmutterschaft-auf-neue-maerkte\" target=\"_blank\" rel=\"noreferrer noopener\">https:\/\/www.imabe.org\/bioethikaktuell\/einzelansicht\/baby-business-der-krieg-in-der-ukraine-draengt-die-leihmutterschaft-auf-neue-maerkte<\/a><br\/><strong>[5]<\/strong> Casablanca Declaration: <a href=\"https:\/\/declaration-surrogacy-casablanca.org\/\" target=\"_blank\" rel=\"noreferrer noopener\">https:\/\/declaration-surrogacy-casablanca.org\/<\/a>.<br\/><\/p>\n\n<p><\/p>\n","protected":false},"excerpt":{"rendered":"<p>Seit dem ersten Auftreten der IVF-Techniken gibt es viele kritische Stimmen, sowohl hinsichtlich der W\u00fcrde der so \u201eproduzierten\u201c Kinder als auch der Risiken und Gefahren f\u00fcr Frauen. Viele Feministinnen haben<a href=\"https:\/\/prolifeeurope.org\/de\/mehr-wissen\/feministinnen-gegen-ivf-und-leihmutterschaft\/\">Continue reading <span class=\"sr-only\">&#8222;Feministinnen gegen IVF und Leihmutterschaft&#8220;<\/span><\/a><\/p>\n","protected":false},"author":14,"featured_media":0,"parent":1951,"menu_order":0,"comment_status":"closed","ping_status":"closed","template":"page-topic.php","meta":{"_acf_changed":false,"_monsterinsights_skip_tracking":false,"_monsterinsights_sitenote_active":false,"_monsterinsights_sitenote_note":"","_monsterinsights_sitenote_category":0,"footnotes":""},"topic":[],"class_list":["post-2067","page","type-page","status-publish","hentry"],"acf":[],"yoast_head":"<!-- This site is optimized with the Yoast SEO plugin v27.2 - https:\/\/yoast.com\/product\/yoast-seo-wordpress\/ -->\n<title>Feministinnen gegen IVF und Leihmutterschaft - ProLife Europe<\/title>\n<meta name=\"description\" content=\"Seit dem ersten Auftreten der IVF-Techniken gibt es viele kritische Stimmen hinsichtlich der W\u00fcrde der Kinder und der Ausbeutung von Frauen.\" \/>\n<meta name=\"robots\" content=\"index, follow, max-snippet:-1, max-image-preview:large, max-video-preview:-1\" \/>\n<link rel=\"canonical\" href=\"https:\/\/prolifeeurope.org\/de\/mehr-wissen\/feministinnen-gegen-ivf-und-leihmutterschaft\/\" \/>\n<meta property=\"og:locale\" content=\"de_DE\" \/>\n<meta property=\"og:type\" content=\"article\" \/>\n<meta property=\"og:title\" content=\"Feministinnen gegen IVF und Leihmutterschaft - ProLife Europe\" \/>\n<meta property=\"og:description\" content=\"Seit dem ersten Auftreten der IVF-Techniken gibt es viele kritische Stimmen hinsichtlich der W\u00fcrde der Kinder und der Ausbeutung von Frauen.\" \/>\n<meta property=\"og:url\" content=\"https:\/\/prolifeeurope.org\/de\/mehr-wissen\/feministinnen-gegen-ivf-und-leihmutterschaft\/\" \/>\n<meta property=\"og:site_name\" content=\"ProLife Europe\" \/>\n<meta property=\"article:publisher\" content=\"https:\/\/www.facebook.com\/ProLifeEurope\/\" \/>\n<meta property=\"article:modified_time\" content=\"2025-02-18T10:31:25+00:00\" \/>\n<meta name=\"twitter:card\" content=\"summary_large_image\" \/>\n<meta name=\"twitter:label1\" content=\"Gesch\u00e4tzte Lesezeit\" \/>\n\t<meta name=\"twitter:data1\" content=\"1\u00a0Minute\" \/>\n<script type=\"application\/ld+json\" class=\"yoast-schema-graph\">{\"@context\":\"https:\/\/schema.org\",\"@graph\":[{\"@type\":\"WebPage\",\"@id\":\"https:\/\/prolifeeurope.org\/de\/mehr-wissen\/feministinnen-gegen-ivf-und-leihmutterschaft\/\",\"url\":\"https:\/\/prolifeeurope.org\/de\/mehr-wissen\/feministinnen-gegen-ivf-und-leihmutterschaft\/\",\"name\":\"Feministinnen gegen IVF und Leihmutterschaft - ProLife Europe\",\"isPartOf\":{\"@id\":\"https:\/\/prolifeeurope.org\/de\/#website\"},\"datePublished\":\"2025-01-21T22:18:51+00:00\",\"dateModified\":\"2025-02-18T10:31:25+00:00\",\"description\":\"Seit dem ersten Auftreten der IVF-Techniken gibt es viele kritische Stimmen hinsichtlich der W\u00fcrde der Kinder und der Ausbeutung von Frauen.\",\"breadcrumb\":{\"@id\":\"https:\/\/prolifeeurope.org\/de\/mehr-wissen\/feministinnen-gegen-ivf-und-leihmutterschaft\/#breadcrumb\"},\"inLanguage\":\"de\",\"potentialAction\":[{\"@type\":\"ReadAction\",\"target\":[\"https:\/\/prolifeeurope.org\/de\/mehr-wissen\/feministinnen-gegen-ivf-und-leihmutterschaft\/\"]}]},{\"@type\":\"BreadcrumbList\",\"@id\":\"https:\/\/prolifeeurope.org\/de\/mehr-wissen\/feministinnen-gegen-ivf-und-leihmutterschaft\/#breadcrumb\",\"itemListElement\":[{\"@type\":\"ListItem\",\"position\":1,\"name\":\"Home\",\"item\":\"https:\/\/prolifeeurope.org\/de\/\"},{\"@type\":\"ListItem\",\"position\":2,\"name\":\"Mehr Wissen\",\"item\":\"https:\/\/prolifeeurope.org\/de\/mehr-wissen\/\"},{\"@type\":\"ListItem\",\"position\":3,\"name\":\"Feministinnen gegen IVF und Leihmutterschaft\"}]},{\"@type\":\"WebSite\",\"@id\":\"https:\/\/prolifeeurope.org\/de\/#website\",\"url\":\"https:\/\/prolifeeurope.org\/de\/\",\"name\":\"ProLife Europe\",\"description\":\"\",\"publisher\":{\"@id\":\"https:\/\/prolifeeurope.org\/de\/#organization\"},\"potentialAction\":[{\"@type\":\"SearchAction\",\"target\":{\"@type\":\"EntryPoint\",\"urlTemplate\":\"https:\/\/prolifeeurope.org\/de\/?s={search_term_string}\"},\"query-input\":{\"@type\":\"PropertyValueSpecification\",\"valueRequired\":true,\"valueName\":\"search_term_string\"}}],\"inLanguage\":\"de\"},{\"@type\":\"Organization\",\"@id\":\"https:\/\/prolifeeurope.org\/de\/#organization\",\"name\":\"ProLife Europe\",\"url\":\"https:\/\/prolifeeurope.org\/de\/\",\"logo\":{\"@type\":\"ImageObject\",\"inLanguage\":\"de\",\"@id\":\"https:\/\/prolifeeurope.org\/de\/#\/schema\/logo\/image\/\",\"url\":\"https:\/\/prolifeeurope.org\/wp-content\/uploads\/2024\/11\/logo-3.svg\",\"contentUrl\":\"https:\/\/prolifeeurope.org\/wp-content\/uploads\/2024\/11\/logo-3.svg\",\"width\":166,\"height\":170,\"caption\":\"ProLife Europe\"},\"image\":{\"@id\":\"https:\/\/prolifeeurope.org\/de\/#\/schema\/logo\/image\/\"},\"sameAs\":[\"https:\/\/www.facebook.com\/ProLifeEurope\/\",\"https:\/\/www.instagram.com\/prolife_europe\/\",\"https:\/\/www.youtube.com\/channel\/UC7olgmdiSVEHZUiP554XozA\"]}]}<\/script>\n<!-- \/ Yoast SEO plugin. -->","yoast_head_json":{"title":"Feministinnen gegen IVF und Leihmutterschaft - ProLife Europe","description":"Seit dem ersten Auftreten der IVF-Techniken gibt es viele kritische Stimmen hinsichtlich der W\u00fcrde der Kinder und der Ausbeutung von Frauen.","robots":{"index":"index","follow":"follow","max-snippet":"max-snippet:-1","max-image-preview":"max-image-preview:large","max-video-preview":"max-video-preview:-1"},"canonical":"https:\/\/prolifeeurope.org\/de\/mehr-wissen\/feministinnen-gegen-ivf-und-leihmutterschaft\/","og_locale":"de_DE","og_type":"article","og_title":"Feministinnen gegen IVF und Leihmutterschaft - ProLife Europe","og_description":"Seit dem ersten Auftreten der IVF-Techniken gibt es viele kritische Stimmen hinsichtlich der W\u00fcrde der Kinder und der Ausbeutung von Frauen.","og_url":"https:\/\/prolifeeurope.org\/de\/mehr-wissen\/feministinnen-gegen-ivf-und-leihmutterschaft\/","og_site_name":"ProLife Europe","article_publisher":"https:\/\/www.facebook.com\/ProLifeEurope\/","article_modified_time":"2025-02-18T10:31:25+00:00","twitter_card":"summary_large_image","twitter_misc":{"Gesch\u00e4tzte Lesezeit":"1\u00a0Minute"},"schema":{"@context":"https:\/\/schema.org","@graph":[{"@type":"WebPage","@id":"https:\/\/prolifeeurope.org\/de\/mehr-wissen\/feministinnen-gegen-ivf-und-leihmutterschaft\/","url":"https:\/\/prolifeeurope.org\/de\/mehr-wissen\/feministinnen-gegen-ivf-und-leihmutterschaft\/","name":"Feministinnen gegen IVF und Leihmutterschaft - ProLife Europe","isPartOf":{"@id":"https:\/\/prolifeeurope.org\/de\/#website"},"datePublished":"2025-01-21T22:18:51+00:00","dateModified":"2025-02-18T10:31:25+00:00","description":"Seit dem ersten Auftreten der IVF-Techniken gibt es viele kritische Stimmen hinsichtlich der W\u00fcrde der Kinder und der Ausbeutung von Frauen.","breadcrumb":{"@id":"https:\/\/prolifeeurope.org\/de\/mehr-wissen\/feministinnen-gegen-ivf-und-leihmutterschaft\/#breadcrumb"},"inLanguage":"de","potentialAction":[{"@type":"ReadAction","target":["https:\/\/prolifeeurope.org\/de\/mehr-wissen\/feministinnen-gegen-ivf-und-leihmutterschaft\/"]}]},{"@type":"BreadcrumbList","@id":"https:\/\/prolifeeurope.org\/de\/mehr-wissen\/feministinnen-gegen-ivf-und-leihmutterschaft\/#breadcrumb","itemListElement":[{"@type":"ListItem","position":1,"name":"Home","item":"https:\/\/prolifeeurope.org\/de\/"},{"@type":"ListItem","position":2,"name":"Mehr Wissen","item":"https:\/\/prolifeeurope.org\/de\/mehr-wissen\/"},{"@type":"ListItem","position":3,"name":"Feministinnen gegen IVF und Leihmutterschaft"}]},{"@type":"WebSite","@id":"https:\/\/prolifeeurope.org\/de\/#website","url":"https:\/\/prolifeeurope.org\/de\/","name":"ProLife Europe","description":"","publisher":{"@id":"https:\/\/prolifeeurope.org\/de\/#organization"},"potentialAction":[{"@type":"SearchAction","target":{"@type":"EntryPoint","urlTemplate":"https:\/\/prolifeeurope.org\/de\/?s={search_term_string}"},"query-input":{"@type":"PropertyValueSpecification","valueRequired":true,"valueName":"search_term_string"}}],"inLanguage":"de"},{"@type":"Organization","@id":"https:\/\/prolifeeurope.org\/de\/#organization","name":"ProLife Europe","url":"https:\/\/prolifeeurope.org\/de\/","logo":{"@type":"ImageObject","inLanguage":"de","@id":"https:\/\/prolifeeurope.org\/de\/#\/schema\/logo\/image\/","url":"https:\/\/prolifeeurope.org\/wp-content\/uploads\/2024\/11\/logo-3.svg","contentUrl":"https:\/\/prolifeeurope.org\/wp-content\/uploads\/2024\/11\/logo-3.svg","width":166,"height":170,"caption":"ProLife Europe"},"image":{"@id":"https:\/\/prolifeeurope.org\/de\/#\/schema\/logo\/image\/"},"sameAs":["https:\/\/www.facebook.com\/ProLifeEurope\/","https:\/\/www.instagram.com\/prolife_europe\/","https:\/\/www.youtube.com\/channel\/UC7olgmdiSVEHZUiP554XozA"]}]}},"_links":{"self":[{"href":"https:\/\/prolifeeurope.org\/de\/wp-json\/wp\/v2\/pages\/2067","targetHints":{"allow":["GET"]}}],"collection":[{"href":"https:\/\/prolifeeurope.org\/de\/wp-json\/wp\/v2\/pages"}],"about":[{"href":"https:\/\/prolifeeurope.org\/de\/wp-json\/wp\/v2\/types\/page"}],"author":[{"embeddable":true,"href":"https:\/\/prolifeeurope.org\/de\/wp-json\/wp\/v2\/users\/14"}],"replies":[{"embeddable":true,"href":"https:\/\/prolifeeurope.org\/de\/wp-json\/wp\/v2\/comments?post=2067"}],"version-history":[{"count":2,"href":"https:\/\/prolifeeurope.org\/de\/wp-json\/wp\/v2\/pages\/2067\/revisions"}],"predecessor-version":[{"id":2257,"href":"https:\/\/prolifeeurope.org\/de\/wp-json\/wp\/v2\/pages\/2067\/revisions\/2257"}],"up":[{"embeddable":true,"href":"https:\/\/prolifeeurope.org\/de\/wp-json\/wp\/v2\/pages\/1951"}],"wp:attachment":[{"href":"https:\/\/prolifeeurope.org\/de\/wp-json\/wp\/v2\/media?parent=2067"}],"wp:term":[{"taxonomy":"topic","embeddable":true,"href":"https:\/\/prolifeeurope.org\/de\/wp-json\/wp\/v2\/topic?post=2067"}],"curies":[{"name":"wp","href":"https:\/\/api.w.org\/{rel}","templated":true}]}}