{"id":2065,"date":"2025-01-15T23:14:18","date_gmt":"2025-01-15T22:14:18","guid":{"rendered":"https:\/\/ws-staging.prolifeeurope.org\/mehr-wissen\/euthanasie-vs-assistierter-suizid-was-ist-der-unterschied\/"},"modified":"2025-02-18T11:28:09","modified_gmt":"2025-02-18T10:28:09","slug":"euthanasie-vs-assistierter-suizid-was-ist-der-unterschied","status":"publish","type":"page","link":"https:\/\/prolifeeurope.org\/de\/mehr-wissen\/euthanasie-vs-assistierter-suizid-was-ist-der-unterschied\/","title":{"rendered":"Euthanasie vs. Assistierter Suizid \u2013 Was ist der Unterschied?"},"content":{"rendered":"\n<p>Euthanasie und Assistierter Suizid sind unterschiedliche Praktiken, auch wenn beide darauf abzielen, das Leben einer Person absichtlich zu beenden, um Leiden zu lindern. Hier die wichtigsten Unterschiede: <\/p>\n\n<h2 class=\"wp-block-heading\">Euthanasie<\/h2>\n\n<p>Euthanasie (oder Sterbehilfe) beinhaltet eine dritte Partei, normalerweise einen Gesundheitsdienstleister, der direkt eine Substanz verabreicht oder Ma\u00dfnahmen ergreift, um das Leben einer Person zu beenden, die dies verlangt hat. Je nachdem, wie der Tod herbeigef\u00fchrt wird und welche Ma\u00dfnahmen ergriffen werden, unterscheidet man zwischen aktiver und passiver Sterbehilfe.  <\/p>\n\n<h3 class=\"wp-block-heading\">Aktive Sterbehilfe<\/h3>\n\n<ol class=\"wp-block-list\">\n<li>Definition: Aktive Sterbehilfe bedeutet, absichtlich und direkt Ma\u00dfnahmen zu ergreifen, um das Leben einer Person zu beenden und ihr Leiden zu lindern.<\/li>\n\n\n\n<li>Ma\u00dfnahme: Eine dritte Partei, h\u00e4ufig ein Gesundheitsdienstleister, f\u00fchrt eine Handlung aus, die absichtlich den Tod herbeif\u00fchrt (z. B. die Verabreichung einer t\u00f6dlichen Injektion).<\/li>\n\n\n\n<li>Absicht: Das Hauptziel ist es, den Tod direkt herbeizuf\u00fchren, um das Leiden zu beenden.<\/li>\n\n\n\n<li>Beispiel: Ein Arzt verabreicht auf ausdr\u00fccklichen Wunsch eines schwer kranken Patienten eine t\u00f6dliche Dosis Medikamente.<\/li>\n\n\n\n<li>Rechtlicher Status:\n<ul class=\"wp-block-list\">\n<li>In einigen L\u00e4ndern, wie Belgien, den Niederlanden und Luxemburg, ist es unter strengen Vorschriften legal.<\/li>\n\n\n\n<li>In vielen L\u00e4ndern ist es illegal und wird oft als Mord oder Totschlag eingestuft.<\/li>\n<\/ul>\n<\/li>\n<\/ol>\n\n<h3 class=\"wp-block-heading\">Passive Sterbehilfe<\/h3>\n\n<ol class=\"wp-block-list\">\n<li>Definition: Passive Sterbehilfe bedeutet, medizinische Behandlungen, die das Leben verl\u00e4ngern, zur\u00fcckzuhalten oder abzubrechen, sodass die Person nat\u00fcrlich stirbt.<\/li>\n\n\n\n<li>Ma\u00dfnahme: Es wird keine direkte Handlung unternommen, um den Tod herbeizuf\u00fchren; stattdessen werden lebenserhaltende Ma\u00dfnahmen (z. B. Beatmungsger\u00e4te, Ern\u00e4hrungssonden) gestoppt oder nicht eingeleitet.<\/li>\n\n\n\n<li>Absicht: Das Ziel ist es, den nat\u00fcrlichen Verlauf einer unheilbaren Erkrankung ohne Eingriffe zuzulassen.<\/li>\n\n\n\n<li>Beispiel: Ein Lebenserhaltungsger\u00e4t wird f\u00fcr einen Patienten im irreversiblen Koma abgeschaltet, gem\u00e4\u00df seinen fr\u00fcheren W\u00fcnschen oder einer rechtlichen Verf\u00fcgung.<\/li>\n\n\n\n<li>Rechtlicher Status:\n<ul class=\"wp-block-list\">\n<li>In vielen L\u00e4ndern ist es grunds\u00e4tzlich legal, vorausgesetzt, die Zustimmung des Patienten ist klar (z. B. durch eine Patientenverf\u00fcgung oder ausdr\u00fccklichen Wunsch).<\/li>\n\n\n\n<li>Wird als ethisch weniger umstritten angesehen als aktive Sterbehilfe.<\/li>\n<\/ul>\n<\/li>\n<\/ol>\n\n<h3 class=\"wp-block-heading\">Wichtige Unterschiede<\/h3>\n\n<figure class=\"wp-block-table\"><table class=\"has-fixed-layout\"><thead><tr><th class=\"has-text-align-center\" data-align=\"center\"><strong>Merkmal<\/strong><\/th><th class=\"has-text-align-center\" data-align=\"center\"><strong>Aktive Sterbehilfe<\/strong><\/th><th class=\"has-text-align-center\" data-align=\"center\">Passive Sterbehilfe<\/th><\/tr><\/thead><tbody><tr><td class=\"has-text-align-center\" data-align=\"center\"><strong>Ma\u00dfnahme<\/strong><\/td><td class=\"has-text-align-center\" data-align=\"center\">Direkte Handlung zur Herbeif\u00fchrung des Todes<\/td><td class=\"has-text-align-center\" data-align=\"center\">Zur\u00fcckhalten oder Abbrechen der Behandlung<\/td><\/tr><tr><td class=\"has-text-align-center\" data-align=\"center\"><strong>Todesursache<\/strong><\/td><td class=\"has-text-align-center\" data-align=\"center\">Durch \u00e4u\u00dfere Handlung herbeigef\u00fchrt<\/td><td class=\"has-text-align-center\" data-align=\"center\">Nat\u00fcrlicher Verlauf der Krankheit<\/td><\/tr><tr><td class=\"has-text-align-center\" data-align=\"center\"><strong>Rechtlicher Status<\/strong><\/td><td class=\"has-text-align-center\" data-align=\"center\">In wenigen L\u00e4ndern legal<\/td><td class=\"has-text-align-center\" data-align=\"center\">In vielen L\u00e4ndern legal (unter Bedingungen)<\/td><\/tr><tr><td class=\"has-text-align-center\" data-align=\"center\"><strong>Ethische Debatte<\/strong><\/td><td class=\"has-text-align-center\" data-align=\"center\">Sehr umstritten<\/td><td class=\"has-text-align-center\" data-align=\"center\">Weniger umstritten (aber noch diskutiert)<\/td><\/tr><\/tbody><\/table><\/figure>\n\n<h2 class=\"wp-block-heading\"><strong>Assistierter Suizid<\/strong><\/h2>\n\n<ol class=\"wp-block-list\">\n<li>Definition: Beim assistierten Suizid wird einer Person das Mittel (z. B. Medikamente) zur Verf\u00fcgung gestellt, um ihr eigenes Leben zu beenden (normalerweise durch einen Gesundheitsdienstleister). Die Person f\u00fchrt die endg\u00fcltige Handlung selbst aus.<\/li>\n\n\n\n<li>Wichtiges Merkmal: Die Person, die sterben m\u00f6chte, f\u00fchrt die Handlung selbst aus.<\/li>\n\n\n\n<li>Beispiel: Ein Arzt verschreibt eine t\u00f6dliche Dosis Medikament, und der Patient nimmt sie selbst ein.<\/li>\n<\/ol>\n\n<h2 class=\"wp-block-heading\"><strong>Wichtige Unterschiede<\/strong><\/h2>\n\n<figure class=\"wp-block-table\"><table class=\"has-fixed-layout\"><thead><tr><th class=\"has-text-align-center\" data-align=\"center\"><strong>Merkmal<\/strong><\/th><th class=\"has-text-align-center\" data-align=\"center\"><strong>Euthanasie<\/strong><\/th><th class=\"has-text-align-center\" data-align=\"center\"><strong>Assistierter Suizid<\/strong><\/th><\/tr><\/thead><tbody><tr><td class=\"has-text-align-center\" data-align=\"center\"><strong>Wer handelt?<\/strong><\/td><td class=\"has-text-align-center\" data-align=\"center\">Eine dritte Partei f\u00fchrt den Tod herbei.<\/td><td class=\"has-text-align-center\" data-align=\"center\">Die Person f\u00fchrt die Handlung selbst aus.<\/td><\/tr><tr><td class=\"has-text-align-center\" data-align=\"center\"><strong>Grad der Beteiligung<\/strong><\/td><td class=\"has-text-align-center\" data-align=\"center\">Direkt<\/td><td class=\"has-text-align-center\" data-align=\"center\">Indirekt (Unterst\u00fctzung wird bereitgestellt)<\/td><\/tr><\/tbody><\/table><\/figure>\n","protected":false},"excerpt":{"rendered":"<p>Euthanasie und Assistierter Suizid sind unterschiedliche Praktiken, auch wenn beide darauf abzielen, das Leben einer Person absichtlich zu beenden, um Leiden zu lindern. Hier die wichtigsten Unterschiede: Euthanasie Euthanasie (oder<a href=\"https:\/\/prolifeeurope.org\/de\/mehr-wissen\/euthanasie-vs-assistierter-suizid-was-ist-der-unterschied\/\">Continue reading <span class=\"sr-only\">&#8222;Euthanasie vs. Assistierter Suizid \u2013 Was ist der Unterschied?&#8220;<\/span><\/a><\/p>\n","protected":false},"author":14,"featured_media":0,"parent":1951,"menu_order":0,"comment_status":"closed","ping_status":"closed","template":"page-topic.php","meta":{"_acf_changed":false,"_monsterinsights_skip_tracking":false,"_monsterinsights_sitenote_active":false,"_monsterinsights_sitenote_note":"","_monsterinsights_sitenote_category":0,"footnotes":""},"topic":[],"class_list":["post-2065","page","type-page","status-publish","hentry"],"acf":[],"yoast_head":"<!-- This site is optimized with the Yoast SEO plugin v27.2 - https:\/\/yoast.com\/product\/yoast-seo-wordpress\/ -->\n<title>Euthanasie vs. Assistierter Suizid \u2013 Was ist der Unterschied? - ProLife Europe<\/title>\n<meta name=\"description\" content=\"Euthanasie und Assistierter Suizid sind unterschiedliche Praktiken, auch wenn beide darauf abzielen, das Leben einer Person zu beenden.\" \/>\n<meta name=\"robots\" content=\"index, follow, max-snippet:-1, max-image-preview:large, max-video-preview:-1\" \/>\n<link rel=\"canonical\" href=\"https:\/\/prolifeeurope.org\/de\/mehr-wissen\/euthanasie-vs-assistierter-suizid-was-ist-der-unterschied\/\" \/>\n<meta property=\"og:locale\" content=\"de_DE\" \/>\n<meta property=\"og:type\" content=\"article\" \/>\n<meta property=\"og:title\" content=\"Euthanasie vs. Assistierter Suizid \u2013 Was ist der Unterschied? - ProLife Europe\" \/>\n<meta property=\"og:description\" content=\"Euthanasie und Assistierter Suizid sind unterschiedliche Praktiken, auch wenn beide darauf abzielen, das Leben einer Person zu beenden.\" \/>\n<meta property=\"og:url\" content=\"https:\/\/prolifeeurope.org\/de\/mehr-wissen\/euthanasie-vs-assistierter-suizid-was-ist-der-unterschied\/\" \/>\n<meta property=\"og:site_name\" content=\"ProLife Europe\" \/>\n<meta property=\"article:publisher\" content=\"https:\/\/www.facebook.com\/ProLifeEurope\/\" \/>\n<meta property=\"article:modified_time\" content=\"2025-02-18T10:28:09+00:00\" \/>\n<meta name=\"twitter:card\" content=\"summary_large_image\" \/>\n<meta name=\"twitter:label1\" content=\"Gesch\u00e4tzte Lesezeit\" \/>\n\t<meta name=\"twitter:data1\" content=\"2\u00a0Minuten\" \/>\n<script type=\"application\/ld+json\" class=\"yoast-schema-graph\">{\"@context\":\"https:\/\/schema.org\",\"@graph\":[{\"@type\":\"WebPage\",\"@id\":\"https:\/\/prolifeeurope.org\/de\/mehr-wissen\/euthanasie-vs-assistierter-suizid-was-ist-der-unterschied\/\",\"url\":\"https:\/\/prolifeeurope.org\/de\/mehr-wissen\/euthanasie-vs-assistierter-suizid-was-ist-der-unterschied\/\",\"name\":\"Euthanasie vs. Assistierter Suizid \u2013 Was ist der Unterschied? - ProLife Europe\",\"isPartOf\":{\"@id\":\"https:\/\/prolifeeurope.org\/de\/#website\"},\"datePublished\":\"2025-01-15T22:14:18+00:00\",\"dateModified\":\"2025-02-18T10:28:09+00:00\",\"description\":\"Euthanasie und Assistierter Suizid sind unterschiedliche Praktiken, auch wenn beide darauf abzielen, das Leben einer Person zu beenden.\",\"breadcrumb\":{\"@id\":\"https:\/\/prolifeeurope.org\/de\/mehr-wissen\/euthanasie-vs-assistierter-suizid-was-ist-der-unterschied\/#breadcrumb\"},\"inLanguage\":\"de\",\"potentialAction\":[{\"@type\":\"ReadAction\",\"target\":[\"https:\/\/prolifeeurope.org\/de\/mehr-wissen\/euthanasie-vs-assistierter-suizid-was-ist-der-unterschied\/\"]}]},{\"@type\":\"BreadcrumbList\",\"@id\":\"https:\/\/prolifeeurope.org\/de\/mehr-wissen\/euthanasie-vs-assistierter-suizid-was-ist-der-unterschied\/#breadcrumb\",\"itemListElement\":[{\"@type\":\"ListItem\",\"position\":1,\"name\":\"Home\",\"item\":\"https:\/\/prolifeeurope.org\/de\/\"},{\"@type\":\"ListItem\",\"position\":2,\"name\":\"Mehr Wissen\",\"item\":\"https:\/\/prolifeeurope.org\/de\/mehr-wissen\/\"},{\"@type\":\"ListItem\",\"position\":3,\"name\":\"Euthanasie vs. Assistierter Suizid \u2013 Was ist der Unterschied?\"}]},{\"@type\":\"WebSite\",\"@id\":\"https:\/\/prolifeeurope.org\/de\/#website\",\"url\":\"https:\/\/prolifeeurope.org\/de\/\",\"name\":\"ProLife Europe\",\"description\":\"\",\"publisher\":{\"@id\":\"https:\/\/prolifeeurope.org\/de\/#organization\"},\"potentialAction\":[{\"@type\":\"SearchAction\",\"target\":{\"@type\":\"EntryPoint\",\"urlTemplate\":\"https:\/\/prolifeeurope.org\/de\/?s={search_term_string}\"},\"query-input\":{\"@type\":\"PropertyValueSpecification\",\"valueRequired\":true,\"valueName\":\"search_term_string\"}}],\"inLanguage\":\"de\"},{\"@type\":\"Organization\",\"@id\":\"https:\/\/prolifeeurope.org\/de\/#organization\",\"name\":\"ProLife Europe\",\"url\":\"https:\/\/prolifeeurope.org\/de\/\",\"logo\":{\"@type\":\"ImageObject\",\"inLanguage\":\"de\",\"@id\":\"https:\/\/prolifeeurope.org\/de\/#\/schema\/logo\/image\/\",\"url\":\"https:\/\/prolifeeurope.org\/wp-content\/uploads\/2024\/11\/logo-3.svg\",\"contentUrl\":\"https:\/\/prolifeeurope.org\/wp-content\/uploads\/2024\/11\/logo-3.svg\",\"width\":166,\"height\":170,\"caption\":\"ProLife Europe\"},\"image\":{\"@id\":\"https:\/\/prolifeeurope.org\/de\/#\/schema\/logo\/image\/\"},\"sameAs\":[\"https:\/\/www.facebook.com\/ProLifeEurope\/\",\"https:\/\/www.instagram.com\/prolife_europe\/\",\"https:\/\/www.youtube.com\/channel\/UC7olgmdiSVEHZUiP554XozA\"]}]}<\/script>\n<!-- \/ Yoast SEO plugin. -->","yoast_head_json":{"title":"Euthanasie vs. Assistierter Suizid \u2013 Was ist der Unterschied? - ProLife Europe","description":"Euthanasie und Assistierter Suizid sind unterschiedliche Praktiken, auch wenn beide darauf abzielen, das Leben einer Person zu beenden.","robots":{"index":"index","follow":"follow","max-snippet":"max-snippet:-1","max-image-preview":"max-image-preview:large","max-video-preview":"max-video-preview:-1"},"canonical":"https:\/\/prolifeeurope.org\/de\/mehr-wissen\/euthanasie-vs-assistierter-suizid-was-ist-der-unterschied\/","og_locale":"de_DE","og_type":"article","og_title":"Euthanasie vs. Assistierter Suizid \u2013 Was ist der Unterschied? - ProLife Europe","og_description":"Euthanasie und Assistierter Suizid sind unterschiedliche Praktiken, auch wenn beide darauf abzielen, das Leben einer Person zu beenden.","og_url":"https:\/\/prolifeeurope.org\/de\/mehr-wissen\/euthanasie-vs-assistierter-suizid-was-ist-der-unterschied\/","og_site_name":"ProLife Europe","article_publisher":"https:\/\/www.facebook.com\/ProLifeEurope\/","article_modified_time":"2025-02-18T10:28:09+00:00","twitter_card":"summary_large_image","twitter_misc":{"Gesch\u00e4tzte Lesezeit":"2\u00a0Minuten"},"schema":{"@context":"https:\/\/schema.org","@graph":[{"@type":"WebPage","@id":"https:\/\/prolifeeurope.org\/de\/mehr-wissen\/euthanasie-vs-assistierter-suizid-was-ist-der-unterschied\/","url":"https:\/\/prolifeeurope.org\/de\/mehr-wissen\/euthanasie-vs-assistierter-suizid-was-ist-der-unterschied\/","name":"Euthanasie vs. Assistierter Suizid \u2013 Was ist der Unterschied? - ProLife Europe","isPartOf":{"@id":"https:\/\/prolifeeurope.org\/de\/#website"},"datePublished":"2025-01-15T22:14:18+00:00","dateModified":"2025-02-18T10:28:09+00:00","description":"Euthanasie und Assistierter Suizid sind unterschiedliche Praktiken, auch wenn beide darauf abzielen, das Leben einer Person zu beenden.","breadcrumb":{"@id":"https:\/\/prolifeeurope.org\/de\/mehr-wissen\/euthanasie-vs-assistierter-suizid-was-ist-der-unterschied\/#breadcrumb"},"inLanguage":"de","potentialAction":[{"@type":"ReadAction","target":["https:\/\/prolifeeurope.org\/de\/mehr-wissen\/euthanasie-vs-assistierter-suizid-was-ist-der-unterschied\/"]}]},{"@type":"BreadcrumbList","@id":"https:\/\/prolifeeurope.org\/de\/mehr-wissen\/euthanasie-vs-assistierter-suizid-was-ist-der-unterschied\/#breadcrumb","itemListElement":[{"@type":"ListItem","position":1,"name":"Home","item":"https:\/\/prolifeeurope.org\/de\/"},{"@type":"ListItem","position":2,"name":"Mehr Wissen","item":"https:\/\/prolifeeurope.org\/de\/mehr-wissen\/"},{"@type":"ListItem","position":3,"name":"Euthanasie vs. Assistierter Suizid \u2013 Was ist der Unterschied?"}]},{"@type":"WebSite","@id":"https:\/\/prolifeeurope.org\/de\/#website","url":"https:\/\/prolifeeurope.org\/de\/","name":"ProLife Europe","description":"","publisher":{"@id":"https:\/\/prolifeeurope.org\/de\/#organization"},"potentialAction":[{"@type":"SearchAction","target":{"@type":"EntryPoint","urlTemplate":"https:\/\/prolifeeurope.org\/de\/?s={search_term_string}"},"query-input":{"@type":"PropertyValueSpecification","valueRequired":true,"valueName":"search_term_string"}}],"inLanguage":"de"},{"@type":"Organization","@id":"https:\/\/prolifeeurope.org\/de\/#organization","name":"ProLife Europe","url":"https:\/\/prolifeeurope.org\/de\/","logo":{"@type":"ImageObject","inLanguage":"de","@id":"https:\/\/prolifeeurope.org\/de\/#\/schema\/logo\/image\/","url":"https:\/\/prolifeeurope.org\/wp-content\/uploads\/2024\/11\/logo-3.svg","contentUrl":"https:\/\/prolifeeurope.org\/wp-content\/uploads\/2024\/11\/logo-3.svg","width":166,"height":170,"caption":"ProLife Europe"},"image":{"@id":"https:\/\/prolifeeurope.org\/de\/#\/schema\/logo\/image\/"},"sameAs":["https:\/\/www.facebook.com\/ProLifeEurope\/","https:\/\/www.instagram.com\/prolife_europe\/","https:\/\/www.youtube.com\/channel\/UC7olgmdiSVEHZUiP554XozA"]}]}},"_links":{"self":[{"href":"https:\/\/prolifeeurope.org\/de\/wp-json\/wp\/v2\/pages\/2065","targetHints":{"allow":["GET"]}}],"collection":[{"href":"https:\/\/prolifeeurope.org\/de\/wp-json\/wp\/v2\/pages"}],"about":[{"href":"https:\/\/prolifeeurope.org\/de\/wp-json\/wp\/v2\/types\/page"}],"author":[{"embeddable":true,"href":"https:\/\/prolifeeurope.org\/de\/wp-json\/wp\/v2\/users\/14"}],"replies":[{"embeddable":true,"href":"https:\/\/prolifeeurope.org\/de\/wp-json\/wp\/v2\/comments?post=2065"}],"version-history":[{"count":2,"href":"https:\/\/prolifeeurope.org\/de\/wp-json\/wp\/v2\/pages\/2065\/revisions"}],"predecessor-version":[{"id":2253,"href":"https:\/\/prolifeeurope.org\/de\/wp-json\/wp\/v2\/pages\/2065\/revisions\/2253"}],"up":[{"embeddable":true,"href":"https:\/\/prolifeeurope.org\/de\/wp-json\/wp\/v2\/pages\/1951"}],"wp:attachment":[{"href":"https:\/\/prolifeeurope.org\/de\/wp-json\/wp\/v2\/media?parent=2065"}],"wp:term":[{"taxonomy":"topic","embeddable":true,"href":"https:\/\/prolifeeurope.org\/de\/wp-json\/wp\/v2\/topic?post=2065"}],"curies":[{"name":"wp","href":"https:\/\/api.w.org\/{rel}","templated":true}]}}