{"id":2063,"date":"2025-01-28T17:01:09","date_gmt":"2025-01-28T16:01:09","guid":{"rendered":"https:\/\/ws-staging.prolifeeurope.org\/mehr-wissen\/inlandsadoption\/"},"modified":"2025-02-18T11:32:42","modified_gmt":"2025-02-18T10:32:42","slug":"inlandsadoption","status":"publish","type":"page","link":"https:\/\/prolifeeurope.org\/de\/mehr-wissen\/inlandsadoption\/","title":{"rendered":"Inlandsadoption"},"content":{"rendered":"\n<p>Eine <strong>Inlandsadoption<\/strong> beschreibt den Prozess, ein Kind aus dem gleichen Land zu adoptieren, wobei es sich meist um Kinder aus Pflegefamilien, Kinder, die von ihren leiblichen Eltern freiwillig abgegeben wurden, oder um Stiefkindadoptionen handelt. Die Schritte und Vorschriften f\u00fcr die Inlandsadoption variieren von Land zu Land, folgen jedoch in der Regel einem strukturierten rechtlichen Rahmen, der darauf abzielt, das Wohl des Kindes zu gew\u00e4hrleisten. <\/p>\n\n<h3 class=\"wp-block-heading\">Wichtige Schritte bei der Inlandsadoption:<\/h3>\n\n<ol class=\"wp-block-list\">\n<li><strong>Berechtigung und Anforderungen:<\/strong>\n<ul class=\"wp-block-list\">\n<li><strong>Adoptiveltern:<\/strong> Die Anforderungen variieren, aber potenzielle Eltern m\u00fcssen in der Regel ein bestimmtes Alter (oft 21 Jahre oder \u00e4lter) erreichen und spezifische Gesundheits-, Finanz- und Sozialkriterien erf\u00fcllen. In vielen L\u00e4ndern k\u00f6nnen alleinstehende Personen, gleichgeschlechtliche Paare und heterosexuelle Paare adoptieren, obwohl die Regeln regional unterschiedlich sind. <\/li>\n\n\n\n<li><strong>Eignungspr\u00fcfung:<\/strong> Potenzielle Adoptiveltern werden genau \u00fcberpr\u00fcft, um ihre F\u00e4higkeit, eine sichere und stabile Umgebung f\u00fcr das Kind zu bieten, festzustellen. Dies umfasst Background-Checks, Interviews, <strong>Hausbesuche<\/strong> und Bewertungen der finanziellen Stabilit\u00e4t. <\/li>\n<\/ul>\n<\/li>\n\n\n\n<li><strong>Arten der Inlandsadoption:<\/strong>\n<ul class=\"wp-block-list\">\n<li><strong>Pflegekind-Adoption:<\/strong> Dies umfasst die Adoption von Kindern aus dem Pflegesystem. Diese Kinder wurden m\u00f6glicherweise aufgrund von Missbrauch, Vernachl\u00e4ssigung oder anderen Umst\u00e4nden aus ihren Geburtsfamilien entfernt. Die Pflegekind-Adoption wird oft angestrebt, wenn die Rechte der leiblichen Eltern gerichtlich entzogen wurden.  <\/li>\n\n\n\n<li><strong>Private Adoption:<\/strong> Bei privaten Inlandsadoptionen geben die leiblichen Eltern freiwillig ihre elterlichen Rechte ab, und das Kind wird durch eine Agentur oder einen Anwalt an die Adoptiveltern vermittelt. Dies kann Neugeborene oder junge Kinder betreffen. <\/li>\n\n\n\n<li><strong>Stiefkind-Adoption:<\/strong> Ein Stiefelternteil adoptiert das leibliche Kind des Ehepartners, was in der Regel geschieht, wenn der leibliche Elternteil verstorben oder nicht mehr in das Leben des Kindes involviert ist.<\/li>\n\n\n\n<li><strong>Verwandtenadoption:<\/strong> Familienmitglieder (wie Gro\u00dfeltern oder Tanten\/Onkel) adoptieren das Kind eines Verwandten, weil die leiblichen Eltern nicht in der Lage sind, sich um das Kind zu k\u00fcmmern.<\/li>\n<\/ul>\n<\/li>\n\n\n\n<li><strong>Matching-Prozess<\/strong>:\n<ul class=\"wp-block-list\">\n<li>Nachdem eine Familie zugelassen wurde, kann sie mit einem Kind \u00fcber das \u00f6ffentliche Pflegekindersystem, eine Adoptionsagentur oder eine direkte Vereinbarung mit den leiblichen Eltern gematcht werden. In einigen F\u00e4llen m\u00fcssen potenzielle Eltern Monate oder Jahre warten, je nach Verf\u00fcgbarkeit adoptierbarer Kinder und deren Pr\u00e4ferenzen (z. B. Alter, Gesundheit). <\/li>\n<\/ul>\n<\/li>\n\n\n\n<li><strong>Rechtliche Verfahren:<\/strong>\n<ul class=\"wp-block-list\">\n<li>Nach einem Matching stellen rechtliche Verfahren sicher, dass die Adoption des Kindes dauerhaft und verbindlich ist. Dies umfasst in der Regel Gerichtstermine und Papierkram, um die Rechte der leiblichen Eltern zu beenden und sie auf die Adoptiveltern zu \u00fcbertragen. <\/li>\n\n\n\n<li>In vielen L\u00e4ndern kann eine \u00dcbergangszeit auftreten, in der das Kind vor der endg\u00fcltigen Adoption vor\u00fcbergehend bei der Familie untergebracht wird.<\/li>\n<\/ul>\n<\/li>\n\n\n\n<li><strong>Nach der Adoption: <\/strong>\n<ul class=\"wp-block-list\">\n<li>Nach der finalisierten Adoption verlangen einige L\u00e4nder <strong>Nachuntersuchungen<\/strong> durch Sozialarbeiter, um sicherzustellen, dass sich das Kind gut eingew\u00f6hnt.<\/li>\n\n\n\n<li>Je nach Art der Adoption k\u00f6nnen Kontaktvereinbarungen zwischen den leiblichen und den Adoptiveltern (<strong>offene Adoptionen<\/strong>) aufrechterhalten werden. Bei offenen Adoptionen gibt es eine Form der Kommunikation zwischen dem Kind und seinen leiblichen Eltern, w\u00e4hrend bei <strong>geschlossenen Adoptionen<\/strong> die Privatsph\u00e4re f\u00fcr alle Parteien gewahrt bleibt. <\/li>\n<\/ul>\n<\/li>\n<\/ol>\n\n<h3 class=\"wp-block-heading\">Faktoren, die die Inlandsadoption beeinflussen:<\/h3>\n\n<ul class=\"wp-block-list\">\n<li><strong>Kosten:<\/strong> Eine Inlandsadoption ist in der Regel g\u00fcnstiger als eine internationale Adoption, besonders wenn \u00fcber das Pflegekindsystem adoptiert wird, da die Kosten oft von der Regierung subventioniert werden. Private Adoptionen k\u00f6nnen zwischen 10.000 und 30.000 US-Dollar kosten. <\/li>\n\n\n\n<li><strong>Wartezeiten:<\/strong> Die Wartezeit variiert je nach Art der Adoption. Die Pflegekind-Adoption kann l\u00e4nger dauern, da eine R\u00fcckf\u00fchrung zu den leiblichen Eltern m\u00f6glich ist, w\u00e4hrend private Adoptionen oft k\u00fcrzere Wartezeiten haben. <\/li>\n\n\n\n<li><strong>Adoption \u00e4lterer Kinder: <\/strong>Viele der f\u00fcr die Inlandsadoption verf\u00fcgbaren Kinder sind \u00e4lter oder haben besondere Bed\u00fcrfnisse, was dazu f\u00fchren kann, dass einige Familien l\u00e4nger warten, wenn sie j\u00fcngere Kinder oder S\u00e4uglinge adoptieren m\u00f6chten.<\/li>\n<\/ul>\n\n<h3 class=\"wp-block-heading\">Statistiken (je nach Land unterschiedlich):<\/h3>\n\n<ul class=\"wp-block-list\">\n<li>In den <strong>USA<\/strong> werden jedes Jahr etwa <strong>120.000 Kinder<\/strong> adoptiert, wobei viele dieser Adoptionen aus dem Pflegekindsystem stammen.<\/li>\n\n\n\n<li>In <strong>Europa<\/strong> sind die Adoptionsraten niedriger, viele L\u00e4nder setzen auf Modelle der Inlands-Pflegekind-Adoption.<\/li>\n<\/ul>\n\n<h3 class=\"wp-block-heading\">Vorteile der Inlandsadoption:<\/h3>\n\n<ul class=\"wp-block-list\">\n<li><strong>N\u00e4he:<\/strong> Die Inlandsadoption erm\u00f6glicht es Adoptiveltern, eine Beziehung zu den leiblichen Eltern aufzubauen, wenn gew\u00fcnscht, und es gibt weniger logistische Probleme (z. B. keine Reisekosten, einfachere rechtliche Verfahren).<\/li>\n\n\n\n<li><strong>Unterst\u00fctzungsdienste:<\/strong> Viele L\u00e4nder bieten <strong>Unterst\u00fctzung<\/strong> nach der Adoption und <strong>finanzielle Hilfe<\/strong> f\u00fcr Adoptiveltern, insbesondere f\u00fcr Familien, die Kinder aus dem Pflegekindsystem adoptieren.<\/li>\n<\/ul>\n\n<hr class=\"wp-block-separator has-alpha-channel-opacity\"\/>\n\n<p>Die Inlandsadoption bietet eine M\u00f6glichkeit, Kindern innerhalb ihres Heimatlandes eine dauerhafte Familie zu geben, mit rechtlichen und sozialen Rahmenbedingungen, die die Interessen des Kindes sowie der Adoptiveltern sch\u00fctzen.<\/p>\n\n<p><\/p>\n","protected":false},"excerpt":{"rendered":"<p>Eine Inlandsadoption beschreibt den Prozess, ein Kind aus dem gleichen Land zu adoptieren, wobei es sich meist um Kinder aus Pflegefamilien, Kinder, die von ihren leiblichen Eltern freiwillig abgegeben wurden,<a href=\"https:\/\/prolifeeurope.org\/de\/mehr-wissen\/inlandsadoption\/\">Continue reading <span class=\"sr-only\">&#8222;Inlandsadoption&#8220;<\/span><\/a><\/p>\n","protected":false},"author":14,"featured_media":0,"parent":1951,"menu_order":0,"comment_status":"closed","ping_status":"closed","template":"page-topic.php","meta":{"_acf_changed":false,"_monsterinsights_skip_tracking":false,"_monsterinsights_sitenote_active":false,"_monsterinsights_sitenote_note":"","_monsterinsights_sitenote_category":0,"footnotes":""},"topic":[],"class_list":["post-2063","page","type-page","status-publish","hentry"],"acf":[],"yoast_head":"<!-- This site is optimized with the Yoast SEO plugin v27.2 - https:\/\/yoast.com\/product\/yoast-seo-wordpress\/ -->\n<title>Inlandsadoption - ProLife Europe<\/title>\n<meta name=\"description\" content=\"Schritte und Vorschriften f\u00fcr eine Inlandsadoption variieren von Land zu Land. Diese Vorschriften sollen dem Kindswohl dienen.\" \/>\n<meta name=\"robots\" content=\"index, follow, max-snippet:-1, max-image-preview:large, max-video-preview:-1\" \/>\n<link rel=\"canonical\" href=\"https:\/\/prolifeeurope.org\/de\/mehr-wissen\/inlandsadoption\/\" \/>\n<meta property=\"og:locale\" content=\"de_DE\" \/>\n<meta property=\"og:type\" content=\"article\" \/>\n<meta property=\"og:title\" content=\"Inlandsadoption - ProLife Europe\" \/>\n<meta property=\"og:description\" content=\"Schritte und Vorschriften f\u00fcr eine Inlandsadoption variieren von Land zu Land. Diese Vorschriften sollen dem Kindswohl dienen.\" \/>\n<meta property=\"og:url\" content=\"https:\/\/prolifeeurope.org\/de\/mehr-wissen\/inlandsadoption\/\" \/>\n<meta property=\"og:site_name\" content=\"ProLife Europe\" \/>\n<meta property=\"article:publisher\" content=\"https:\/\/www.facebook.com\/ProLifeEurope\/\" \/>\n<meta property=\"article:modified_time\" content=\"2025-02-18T10:32:42+00:00\" \/>\n<meta name=\"twitter:card\" content=\"summary_large_image\" \/>\n<meta name=\"twitter:label1\" content=\"Gesch\u00e4tzte Lesezeit\" \/>\n\t<meta name=\"twitter:data1\" content=\"3\u00a0Minuten\" \/>\n<script type=\"application\/ld+json\" class=\"yoast-schema-graph\">{\"@context\":\"https:\/\/schema.org\",\"@graph\":[{\"@type\":\"WebPage\",\"@id\":\"https:\/\/prolifeeurope.org\/de\/mehr-wissen\/inlandsadoption\/\",\"url\":\"https:\/\/prolifeeurope.org\/de\/mehr-wissen\/inlandsadoption\/\",\"name\":\"Inlandsadoption - ProLife Europe\",\"isPartOf\":{\"@id\":\"https:\/\/prolifeeurope.org\/de\/#website\"},\"datePublished\":\"2025-01-28T16:01:09+00:00\",\"dateModified\":\"2025-02-18T10:32:42+00:00\",\"description\":\"Schritte und Vorschriften f\u00fcr eine Inlandsadoption variieren von Land zu Land. Diese Vorschriften sollen dem Kindswohl dienen.\",\"breadcrumb\":{\"@id\":\"https:\/\/prolifeeurope.org\/de\/mehr-wissen\/inlandsadoption\/#breadcrumb\"},\"inLanguage\":\"de\",\"potentialAction\":[{\"@type\":\"ReadAction\",\"target\":[\"https:\/\/prolifeeurope.org\/de\/mehr-wissen\/inlandsadoption\/\"]}]},{\"@type\":\"BreadcrumbList\",\"@id\":\"https:\/\/prolifeeurope.org\/de\/mehr-wissen\/inlandsadoption\/#breadcrumb\",\"itemListElement\":[{\"@type\":\"ListItem\",\"position\":1,\"name\":\"Home\",\"item\":\"https:\/\/prolifeeurope.org\/de\/\"},{\"@type\":\"ListItem\",\"position\":2,\"name\":\"Mehr Wissen\",\"item\":\"https:\/\/prolifeeurope.org\/de\/mehr-wissen\/\"},{\"@type\":\"ListItem\",\"position\":3,\"name\":\"Inlandsadoption\"}]},{\"@type\":\"WebSite\",\"@id\":\"https:\/\/prolifeeurope.org\/de\/#website\",\"url\":\"https:\/\/prolifeeurope.org\/de\/\",\"name\":\"ProLife Europe\",\"description\":\"\",\"publisher\":{\"@id\":\"https:\/\/prolifeeurope.org\/de\/#organization\"},\"potentialAction\":[{\"@type\":\"SearchAction\",\"target\":{\"@type\":\"EntryPoint\",\"urlTemplate\":\"https:\/\/prolifeeurope.org\/de\/?s={search_term_string}\"},\"query-input\":{\"@type\":\"PropertyValueSpecification\",\"valueRequired\":true,\"valueName\":\"search_term_string\"}}],\"inLanguage\":\"de\"},{\"@type\":\"Organization\",\"@id\":\"https:\/\/prolifeeurope.org\/de\/#organization\",\"name\":\"ProLife Europe\",\"url\":\"https:\/\/prolifeeurope.org\/de\/\",\"logo\":{\"@type\":\"ImageObject\",\"inLanguage\":\"de\",\"@id\":\"https:\/\/prolifeeurope.org\/de\/#\/schema\/logo\/image\/\",\"url\":\"https:\/\/prolifeeurope.org\/wp-content\/uploads\/2024\/11\/logo-3.svg\",\"contentUrl\":\"https:\/\/prolifeeurope.org\/wp-content\/uploads\/2024\/11\/logo-3.svg\",\"width\":166,\"height\":170,\"caption\":\"ProLife Europe\"},\"image\":{\"@id\":\"https:\/\/prolifeeurope.org\/de\/#\/schema\/logo\/image\/\"},\"sameAs\":[\"https:\/\/www.facebook.com\/ProLifeEurope\/\",\"https:\/\/www.instagram.com\/prolife_europe\/\",\"https:\/\/www.youtube.com\/channel\/UC7olgmdiSVEHZUiP554XozA\"]}]}<\/script>\n<!-- \/ Yoast SEO plugin. -->","yoast_head_json":{"title":"Inlandsadoption - ProLife Europe","description":"Schritte und Vorschriften f\u00fcr eine Inlandsadoption variieren von Land zu Land. Diese Vorschriften sollen dem Kindswohl dienen.","robots":{"index":"index","follow":"follow","max-snippet":"max-snippet:-1","max-image-preview":"max-image-preview:large","max-video-preview":"max-video-preview:-1"},"canonical":"https:\/\/prolifeeurope.org\/de\/mehr-wissen\/inlandsadoption\/","og_locale":"de_DE","og_type":"article","og_title":"Inlandsadoption - ProLife Europe","og_description":"Schritte und Vorschriften f\u00fcr eine Inlandsadoption variieren von Land zu Land. Diese Vorschriften sollen dem Kindswohl dienen.","og_url":"https:\/\/prolifeeurope.org\/de\/mehr-wissen\/inlandsadoption\/","og_site_name":"ProLife Europe","article_publisher":"https:\/\/www.facebook.com\/ProLifeEurope\/","article_modified_time":"2025-02-18T10:32:42+00:00","twitter_card":"summary_large_image","twitter_misc":{"Gesch\u00e4tzte Lesezeit":"3\u00a0Minuten"},"schema":{"@context":"https:\/\/schema.org","@graph":[{"@type":"WebPage","@id":"https:\/\/prolifeeurope.org\/de\/mehr-wissen\/inlandsadoption\/","url":"https:\/\/prolifeeurope.org\/de\/mehr-wissen\/inlandsadoption\/","name":"Inlandsadoption - ProLife Europe","isPartOf":{"@id":"https:\/\/prolifeeurope.org\/de\/#website"},"datePublished":"2025-01-28T16:01:09+00:00","dateModified":"2025-02-18T10:32:42+00:00","description":"Schritte und Vorschriften f\u00fcr eine Inlandsadoption variieren von Land zu Land. Diese Vorschriften sollen dem Kindswohl dienen.","breadcrumb":{"@id":"https:\/\/prolifeeurope.org\/de\/mehr-wissen\/inlandsadoption\/#breadcrumb"},"inLanguage":"de","potentialAction":[{"@type":"ReadAction","target":["https:\/\/prolifeeurope.org\/de\/mehr-wissen\/inlandsadoption\/"]}]},{"@type":"BreadcrumbList","@id":"https:\/\/prolifeeurope.org\/de\/mehr-wissen\/inlandsadoption\/#breadcrumb","itemListElement":[{"@type":"ListItem","position":1,"name":"Home","item":"https:\/\/prolifeeurope.org\/de\/"},{"@type":"ListItem","position":2,"name":"Mehr Wissen","item":"https:\/\/prolifeeurope.org\/de\/mehr-wissen\/"},{"@type":"ListItem","position":3,"name":"Inlandsadoption"}]},{"@type":"WebSite","@id":"https:\/\/prolifeeurope.org\/de\/#website","url":"https:\/\/prolifeeurope.org\/de\/","name":"ProLife Europe","description":"","publisher":{"@id":"https:\/\/prolifeeurope.org\/de\/#organization"},"potentialAction":[{"@type":"SearchAction","target":{"@type":"EntryPoint","urlTemplate":"https:\/\/prolifeeurope.org\/de\/?s={search_term_string}"},"query-input":{"@type":"PropertyValueSpecification","valueRequired":true,"valueName":"search_term_string"}}],"inLanguage":"de"},{"@type":"Organization","@id":"https:\/\/prolifeeurope.org\/de\/#organization","name":"ProLife Europe","url":"https:\/\/prolifeeurope.org\/de\/","logo":{"@type":"ImageObject","inLanguage":"de","@id":"https:\/\/prolifeeurope.org\/de\/#\/schema\/logo\/image\/","url":"https:\/\/prolifeeurope.org\/wp-content\/uploads\/2024\/11\/logo-3.svg","contentUrl":"https:\/\/prolifeeurope.org\/wp-content\/uploads\/2024\/11\/logo-3.svg","width":166,"height":170,"caption":"ProLife Europe"},"image":{"@id":"https:\/\/prolifeeurope.org\/de\/#\/schema\/logo\/image\/"},"sameAs":["https:\/\/www.facebook.com\/ProLifeEurope\/","https:\/\/www.instagram.com\/prolife_europe\/","https:\/\/www.youtube.com\/channel\/UC7olgmdiSVEHZUiP554XozA"]}]}},"_links":{"self":[{"href":"https:\/\/prolifeeurope.org\/de\/wp-json\/wp\/v2\/pages\/2063","targetHints":{"allow":["GET"]}}],"collection":[{"href":"https:\/\/prolifeeurope.org\/de\/wp-json\/wp\/v2\/pages"}],"about":[{"href":"https:\/\/prolifeeurope.org\/de\/wp-json\/wp\/v2\/types\/page"}],"author":[{"embeddable":true,"href":"https:\/\/prolifeeurope.org\/de\/wp-json\/wp\/v2\/users\/14"}],"replies":[{"embeddable":true,"href":"https:\/\/prolifeeurope.org\/de\/wp-json\/wp\/v2\/comments?post=2063"}],"version-history":[{"count":4,"href":"https:\/\/prolifeeurope.org\/de\/wp-json\/wp\/v2\/pages\/2063\/revisions"}],"predecessor-version":[{"id":2259,"href":"https:\/\/prolifeeurope.org\/de\/wp-json\/wp\/v2\/pages\/2063\/revisions\/2259"}],"up":[{"embeddable":true,"href":"https:\/\/prolifeeurope.org\/de\/wp-json\/wp\/v2\/pages\/1951"}],"wp:attachment":[{"href":"https:\/\/prolifeeurope.org\/de\/wp-json\/wp\/v2\/media?parent=2063"}],"wp:term":[{"taxonomy":"topic","embeddable":true,"href":"https:\/\/prolifeeurope.org\/de\/wp-json\/wp\/v2\/topic?post=2063"}],"curies":[{"name":"wp","href":"https:\/\/api.w.org\/{rel}","templated":true}]}}