{"id":2060,"date":"2025-01-15T18:15:32","date_gmt":"2025-01-15T17:15:32","guid":{"rendered":"https:\/\/ws-staging.prolifeeurope.org\/mehr-wissen\/kinder-mit-behinderungen\/"},"modified":"2025-02-17T16:44:50","modified_gmt":"2025-02-17T15:44:50","slug":"kinder-mit-behinderungen","status":"publish","type":"page","link":"https:\/\/prolifeeurope.org\/de\/mehr-wissen\/kinder-mit-behinderungen\/","title":{"rendered":"Kinder mit Behinderungen"},"content":{"rendered":"\n<p>Abtreibungen werden oft durchgef\u00fchrt, wenn \u00c4rzte eine m\u00f6gliche Behinderung feststellen, sogenannte &#8222;behinderungsspezifische Abtreibung&#8220;. Dies stellt eine klare Diskriminierung von Menschen mit Behinderungen dar. F\u00fcr jede Person, die mit einer Behinderung lebt, \u00fcbermittelt dies die Botschaft, dass sie in unserer Gesellschaft unerw\u00fcnscht ist.  <\/p>\n\n<p>Ein Kind aufgrund einer Behinderung abzutreiben stellt einen klaren Versto\u00df gegen alle grundlegenden Menschenrechte und jede Form von \u201eGleichberechtigung\u201c dar, die wir je f\u00f6rdern k\u00f6nnten. Wer hat das Recht zu entscheiden, ob das Leben eines Menschen lebenswert ist, ob ein Mensch es wert ist, geboren zu werden? Dies ist eine gef\u00e4hrliche Denkweise, die sich in unserer Gesellschaft manifestiert hat und fast ganze Gruppen von Menschen, wie zum Beispiel Menschen mit Trisomie 21 oder Down-Syndrom, ausrottet. In Island beispielsweise werden fast 100 % aller Babys mit Down-Syndrom abgetrieben, so dass seit den fr\u00fchen 2000er Jahren nur zwei bis drei Kinder pro Jahr mit dieser Diagnose geboren werden.*  <\/p>\n\n<p>Wer hat das Recht zu entscheiden, ob das Leben eines Menschen lebenswert ist, ob ein Mensch es wert ist, geboren zu werden? Niemand sollte dieses Recht haben! <\/p>\n\n<p class=\"has-small-font-size\">* <a href=\"https:\/\/www.abc.net.au\/news\/2024-05-01\/iceland-prenatal-testing-down-syndrome-ethics\/103781058\" target=\"_blank\" rel=\"noreferrer noopener\">https:\/\/www.abc.net.au\/news\/2024-05-01\/iceland-prenatal-testing-down-syndrome-ethics\/103781058<\/a><\/p>\n","protected":false},"excerpt":{"rendered":"<p>Abtreibungen werden oft durchgef\u00fchrt, wenn \u00c4rzte eine m\u00f6gliche Behinderung feststellen, sogenannte &#8222;behinderungsspezifische Abtreibung&#8220;. Dies stellt eine klare Diskriminierung von Menschen mit Behinderungen dar. F\u00fcr jede Person, die mit einer Behinderung<a href=\"https:\/\/prolifeeurope.org\/de\/mehr-wissen\/kinder-mit-behinderungen\/\">Continue reading <span class=\"sr-only\">&#8222;Kinder mit Behinderungen&#8220;<\/span><\/a><\/p>\n","protected":false},"author":14,"featured_media":0,"parent":1951,"menu_order":0,"comment_status":"closed","ping_status":"closed","template":"page-topic.php","meta":{"_acf_changed":false,"_monsterinsights_skip_tracking":false,"_monsterinsights_sitenote_active":false,"_monsterinsights_sitenote_note":"","_monsterinsights_sitenote_category":0,"footnotes":""},"topic":[],"class_list":["post-2060","page","type-page","status-publish","hentry"],"acf":[],"yoast_head":"<!-- This site is optimized with the Yoast SEO plugin v27.2 - https:\/\/yoast.com\/product\/yoast-seo-wordpress\/ -->\n<title>Kinder mit Behinderungen - ProLife Europe<\/title>\n<meta name=\"description\" content=\"Abtreibungen werden oft durchgef\u00fchrt, wenn \u00c4rzte eine m\u00f6gliche Behinderung feststellen. Dies stellt eine klare Diskriminierung von Menschen mit Behinderungen dar.\" \/>\n<meta name=\"robots\" content=\"index, follow, max-snippet:-1, max-image-preview:large, max-video-preview:-1\" \/>\n<link rel=\"canonical\" href=\"https:\/\/prolifeeurope.org\/de\/mehr-wissen\/kinder-mit-behinderungen\/\" \/>\n<meta property=\"og:locale\" content=\"de_DE\" \/>\n<meta property=\"og:type\" content=\"article\" \/>\n<meta property=\"og:title\" content=\"Kinder mit Behinderungen - ProLife Europe\" \/>\n<meta property=\"og:description\" content=\"Abtreibungen werden oft durchgef\u00fchrt, wenn \u00c4rzte eine m\u00f6gliche Behinderung feststellen. Dies stellt eine klare Diskriminierung von Menschen mit Behinderungen dar.\" \/>\n<meta property=\"og:url\" content=\"https:\/\/prolifeeurope.org\/de\/mehr-wissen\/kinder-mit-behinderungen\/\" \/>\n<meta property=\"og:site_name\" content=\"ProLife Europe\" \/>\n<meta property=\"article:publisher\" content=\"https:\/\/www.facebook.com\/ProLifeEurope\/\" \/>\n<meta property=\"article:modified_time\" content=\"2025-02-17T15:44:50+00:00\" \/>\n<meta name=\"twitter:card\" content=\"summary_large_image\" \/>\n<meta name=\"twitter:label1\" content=\"Gesch\u00e4tzte Lesezeit\" \/>\n\t<meta name=\"twitter:data1\" content=\"1\u00a0Minute\" \/>\n<script type=\"application\/ld+json\" class=\"yoast-schema-graph\">{\"@context\":\"https:\/\/schema.org\",\"@graph\":[{\"@type\":\"WebPage\",\"@id\":\"https:\/\/prolifeeurope.org\/de\/mehr-wissen\/kinder-mit-behinderungen\/\",\"url\":\"https:\/\/prolifeeurope.org\/de\/mehr-wissen\/kinder-mit-behinderungen\/\",\"name\":\"Kinder mit Behinderungen - ProLife Europe\",\"isPartOf\":{\"@id\":\"https:\/\/prolifeeurope.org\/de\/#website\"},\"datePublished\":\"2025-01-15T17:15:32+00:00\",\"dateModified\":\"2025-02-17T15:44:50+00:00\",\"description\":\"Abtreibungen werden oft durchgef\u00fchrt, wenn \u00c4rzte eine m\u00f6gliche Behinderung feststellen. Dies stellt eine klare Diskriminierung von Menschen mit Behinderungen dar.\",\"breadcrumb\":{\"@id\":\"https:\/\/prolifeeurope.org\/de\/mehr-wissen\/kinder-mit-behinderungen\/#breadcrumb\"},\"inLanguage\":\"de\",\"potentialAction\":[{\"@type\":\"ReadAction\",\"target\":[\"https:\/\/prolifeeurope.org\/de\/mehr-wissen\/kinder-mit-behinderungen\/\"]}]},{\"@type\":\"BreadcrumbList\",\"@id\":\"https:\/\/prolifeeurope.org\/de\/mehr-wissen\/kinder-mit-behinderungen\/#breadcrumb\",\"itemListElement\":[{\"@type\":\"ListItem\",\"position\":1,\"name\":\"Home\",\"item\":\"https:\/\/prolifeeurope.org\/de\/\"},{\"@type\":\"ListItem\",\"position\":2,\"name\":\"Mehr Wissen\",\"item\":\"https:\/\/prolifeeurope.org\/de\/mehr-wissen\/\"},{\"@type\":\"ListItem\",\"position\":3,\"name\":\"Kinder mit Behinderungen\"}]},{\"@type\":\"WebSite\",\"@id\":\"https:\/\/prolifeeurope.org\/de\/#website\",\"url\":\"https:\/\/prolifeeurope.org\/de\/\",\"name\":\"ProLife Europe\",\"description\":\"\",\"publisher\":{\"@id\":\"https:\/\/prolifeeurope.org\/de\/#organization\"},\"potentialAction\":[{\"@type\":\"SearchAction\",\"target\":{\"@type\":\"EntryPoint\",\"urlTemplate\":\"https:\/\/prolifeeurope.org\/de\/?s={search_term_string}\"},\"query-input\":{\"@type\":\"PropertyValueSpecification\",\"valueRequired\":true,\"valueName\":\"search_term_string\"}}],\"inLanguage\":\"de\"},{\"@type\":\"Organization\",\"@id\":\"https:\/\/prolifeeurope.org\/de\/#organization\",\"name\":\"ProLife Europe\",\"url\":\"https:\/\/prolifeeurope.org\/de\/\",\"logo\":{\"@type\":\"ImageObject\",\"inLanguage\":\"de\",\"@id\":\"https:\/\/prolifeeurope.org\/de\/#\/schema\/logo\/image\/\",\"url\":\"https:\/\/prolifeeurope.org\/wp-content\/uploads\/2024\/11\/logo-3.svg\",\"contentUrl\":\"https:\/\/prolifeeurope.org\/wp-content\/uploads\/2024\/11\/logo-3.svg\",\"width\":166,\"height\":170,\"caption\":\"ProLife Europe\"},\"image\":{\"@id\":\"https:\/\/prolifeeurope.org\/de\/#\/schema\/logo\/image\/\"},\"sameAs\":[\"https:\/\/www.facebook.com\/ProLifeEurope\/\",\"https:\/\/www.instagram.com\/prolife_europe\/\",\"https:\/\/www.youtube.com\/channel\/UC7olgmdiSVEHZUiP554XozA\"]}]}<\/script>\n<!-- \/ Yoast SEO plugin. -->","yoast_head_json":{"title":"Kinder mit Behinderungen - ProLife Europe","description":"Abtreibungen werden oft durchgef\u00fchrt, wenn \u00c4rzte eine m\u00f6gliche Behinderung feststellen. Dies stellt eine klare Diskriminierung von Menschen mit Behinderungen dar.","robots":{"index":"index","follow":"follow","max-snippet":"max-snippet:-1","max-image-preview":"max-image-preview:large","max-video-preview":"max-video-preview:-1"},"canonical":"https:\/\/prolifeeurope.org\/de\/mehr-wissen\/kinder-mit-behinderungen\/","og_locale":"de_DE","og_type":"article","og_title":"Kinder mit Behinderungen - ProLife Europe","og_description":"Abtreibungen werden oft durchgef\u00fchrt, wenn \u00c4rzte eine m\u00f6gliche Behinderung feststellen. Dies stellt eine klare Diskriminierung von Menschen mit Behinderungen dar.","og_url":"https:\/\/prolifeeurope.org\/de\/mehr-wissen\/kinder-mit-behinderungen\/","og_site_name":"ProLife Europe","article_publisher":"https:\/\/www.facebook.com\/ProLifeEurope\/","article_modified_time":"2025-02-17T15:44:50+00:00","twitter_card":"summary_large_image","twitter_misc":{"Gesch\u00e4tzte Lesezeit":"1\u00a0Minute"},"schema":{"@context":"https:\/\/schema.org","@graph":[{"@type":"WebPage","@id":"https:\/\/prolifeeurope.org\/de\/mehr-wissen\/kinder-mit-behinderungen\/","url":"https:\/\/prolifeeurope.org\/de\/mehr-wissen\/kinder-mit-behinderungen\/","name":"Kinder mit Behinderungen - ProLife Europe","isPartOf":{"@id":"https:\/\/prolifeeurope.org\/de\/#website"},"datePublished":"2025-01-15T17:15:32+00:00","dateModified":"2025-02-17T15:44:50+00:00","description":"Abtreibungen werden oft durchgef\u00fchrt, wenn \u00c4rzte eine m\u00f6gliche Behinderung feststellen. Dies stellt eine klare Diskriminierung von Menschen mit Behinderungen dar.","breadcrumb":{"@id":"https:\/\/prolifeeurope.org\/de\/mehr-wissen\/kinder-mit-behinderungen\/#breadcrumb"},"inLanguage":"de","potentialAction":[{"@type":"ReadAction","target":["https:\/\/prolifeeurope.org\/de\/mehr-wissen\/kinder-mit-behinderungen\/"]}]},{"@type":"BreadcrumbList","@id":"https:\/\/prolifeeurope.org\/de\/mehr-wissen\/kinder-mit-behinderungen\/#breadcrumb","itemListElement":[{"@type":"ListItem","position":1,"name":"Home","item":"https:\/\/prolifeeurope.org\/de\/"},{"@type":"ListItem","position":2,"name":"Mehr Wissen","item":"https:\/\/prolifeeurope.org\/de\/mehr-wissen\/"},{"@type":"ListItem","position":3,"name":"Kinder mit Behinderungen"}]},{"@type":"WebSite","@id":"https:\/\/prolifeeurope.org\/de\/#website","url":"https:\/\/prolifeeurope.org\/de\/","name":"ProLife Europe","description":"","publisher":{"@id":"https:\/\/prolifeeurope.org\/de\/#organization"},"potentialAction":[{"@type":"SearchAction","target":{"@type":"EntryPoint","urlTemplate":"https:\/\/prolifeeurope.org\/de\/?s={search_term_string}"},"query-input":{"@type":"PropertyValueSpecification","valueRequired":true,"valueName":"search_term_string"}}],"inLanguage":"de"},{"@type":"Organization","@id":"https:\/\/prolifeeurope.org\/de\/#organization","name":"ProLife Europe","url":"https:\/\/prolifeeurope.org\/de\/","logo":{"@type":"ImageObject","inLanguage":"de","@id":"https:\/\/prolifeeurope.org\/de\/#\/schema\/logo\/image\/","url":"https:\/\/prolifeeurope.org\/wp-content\/uploads\/2024\/11\/logo-3.svg","contentUrl":"https:\/\/prolifeeurope.org\/wp-content\/uploads\/2024\/11\/logo-3.svg","width":166,"height":170,"caption":"ProLife Europe"},"image":{"@id":"https:\/\/prolifeeurope.org\/de\/#\/schema\/logo\/image\/"},"sameAs":["https:\/\/www.facebook.com\/ProLifeEurope\/","https:\/\/www.instagram.com\/prolife_europe\/","https:\/\/www.youtube.com\/channel\/UC7olgmdiSVEHZUiP554XozA"]}]}},"_links":{"self":[{"href":"https:\/\/prolifeeurope.org\/de\/wp-json\/wp\/v2\/pages\/2060","targetHints":{"allow":["GET"]}}],"collection":[{"href":"https:\/\/prolifeeurope.org\/de\/wp-json\/wp\/v2\/pages"}],"about":[{"href":"https:\/\/prolifeeurope.org\/de\/wp-json\/wp\/v2\/types\/page"}],"author":[{"embeddable":true,"href":"https:\/\/prolifeeurope.org\/de\/wp-json\/wp\/v2\/users\/14"}],"replies":[{"embeddable":true,"href":"https:\/\/prolifeeurope.org\/de\/wp-json\/wp\/v2\/comments?post=2060"}],"version-history":[{"count":1,"href":"https:\/\/prolifeeurope.org\/de\/wp-json\/wp\/v2\/pages\/2060\/revisions"}],"predecessor-version":[{"id":2061,"href":"https:\/\/prolifeeurope.org\/de\/wp-json\/wp\/v2\/pages\/2060\/revisions\/2061"}],"up":[{"embeddable":true,"href":"https:\/\/prolifeeurope.org\/de\/wp-json\/wp\/v2\/pages\/1951"}],"wp:attachment":[{"href":"https:\/\/prolifeeurope.org\/de\/wp-json\/wp\/v2\/media?parent=2060"}],"wp:term":[{"taxonomy":"topic","embeddable":true,"href":"https:\/\/prolifeeurope.org\/de\/wp-json\/wp\/v2\/topic?post=2060"}],"curies":[{"name":"wp","href":"https:\/\/api.w.org\/{rel}","templated":true}]}}