{"id":2044,"date":"2025-01-28T17:21:32","date_gmt":"2025-01-28T16:21:32","guid":{"rendered":"https:\/\/ws-staging.prolifeeurope.org\/mehr-wissen\/adoption-eine-reale-option\/"},"modified":"2025-02-20T17:05:24","modified_gmt":"2025-02-20T16:05:24","slug":"adoption-eine-reale-option","status":"publish","type":"page","link":"https:\/\/prolifeeurope.org\/de\/mehr-wissen\/adoption-eine-reale-option\/","title":{"rendered":"Adoption &#8211; eine reale Option?"},"content":{"rendered":"\n<p>Diese ausf\u00fchrliche \u00dcbersicht \u00fcber verschiedene Gesetze, Vorschriften und Abl\u00e4ufe zeigt eines ganz deutlich: Adoption ist ein langer und komplizierter Prozess. Nicht jedes Paar, das bereit ist, ein Kind zu adoptieren, kann tats\u00e4chlich ein Kind bei sich aufnehmen \u2013 ganz im Gegenteil! Aber warum ist das so? Warum werden Adoptionssysteme nicht kontinuierlich \u00fcberarbeitet und verbessert, um Adoption als eine naheliegende L\u00f6sung zu f\u00f6rdern? Warum werden Eltern oder M\u00fctter, die sich dazu entscheiden, ihr Kind zur Adoption freizugeben, immer noch als schlechte Eltern angesehen? Dabei geben sie ihrem Kind in Wirklichkeit die M\u00f6glichkeit auf ein Leben voller Chancen, die sie selbst nicht bieten k\u00f6nnten.    <\/p>\n\n<p>Ja, nicht jedes zur Adoption freigegebene Kind f\u00fchrt ein sorgenfreies, gl\u00fcckliches Leben. Ja, das Pflege- und Adoptionssystem braucht dringend Reformen. Aber nein \u2013 ein Kind abzutreiben, nur um es vor einem m\u00f6glicherweise schwierigen Leben im System zu bewahren, ist keine bessere L\u00f6sung! Stattdessen sollten wir uns f\u00fcr notwendige Ver\u00e4nderungen im bestehenden System einsetzen und diesen Kindern die Chance geben, ihr Leben zu leben!<br\/>Und ebenso sollten wir aufh\u00f6ren, Eltern, die eine Adoption in Betracht ziehen, als nachl\u00e4ssig oder verantwortungslos zu betrachten. Stattdessen sollten wir sie als das sehen, was sie wirklich sind: gro\u00dfe Helden, die ihrem Kind die bestm\u00f6gliche Chance gegeben haben!    <\/p>\n","protected":false},"excerpt":{"rendered":"<p>Diese ausf\u00fchrliche \u00dcbersicht \u00fcber verschiedene Gesetze, Vorschriften und Abl\u00e4ufe zeigt eines ganz deutlich: Adoption ist ein langer und komplizierter Prozess. Nicht jedes Paar, das bereit ist, ein Kind zu adoptieren,<a href=\"https:\/\/prolifeeurope.org\/de\/mehr-wissen\/adoption-eine-reale-option\/\">Continue reading <span class=\"sr-only\">&#8222;Adoption &#8211; eine reale Option?&#8220;<\/span><\/a><\/p>\n","protected":false},"author":14,"featured_media":0,"parent":1951,"menu_order":0,"comment_status":"closed","ping_status":"closed","template":"page-topic.php","meta":{"_acf_changed":false,"_monsterinsights_skip_tracking":false,"_monsterinsights_sitenote_active":false,"_monsterinsights_sitenote_note":"","_monsterinsights_sitenote_category":0,"footnotes":""},"topic":[],"class_list":["post-2044","page","type-page","status-publish","hentry"],"acf":[],"yoast_head":"<!-- This site is optimized with the Yoast SEO plugin v27.2 - https:\/\/yoast.com\/product\/yoast-seo-wordpress\/ -->\n<title>Adoption - eine reale Option? - ProLife Europe<\/title>\n<meta name=\"description\" content=\"Biologische Eltern schenken ihren Kindern das Leben. Und Adoption kann Kindern eine Familie schenken.\" \/>\n<meta name=\"robots\" content=\"index, follow, max-snippet:-1, max-image-preview:large, max-video-preview:-1\" \/>\n<link rel=\"canonical\" href=\"https:\/\/prolifeeurope.org\/de\/mehr-wissen\/adoption-eine-reale-option\/\" \/>\n<meta property=\"og:locale\" content=\"de_DE\" \/>\n<meta property=\"og:type\" content=\"article\" \/>\n<meta property=\"og:title\" content=\"Adoption - eine reale Option? - ProLife Europe\" \/>\n<meta property=\"og:description\" content=\"Biologische Eltern schenken ihren Kindern das Leben. Und Adoption kann Kindern eine Familie schenken.\" \/>\n<meta property=\"og:url\" content=\"https:\/\/prolifeeurope.org\/de\/mehr-wissen\/adoption-eine-reale-option\/\" \/>\n<meta property=\"og:site_name\" content=\"ProLife Europe\" \/>\n<meta property=\"article:publisher\" content=\"https:\/\/www.facebook.com\/ProLifeEurope\/\" \/>\n<meta property=\"article:modified_time\" content=\"2025-02-20T16:05:24+00:00\" \/>\n<meta name=\"twitter:card\" content=\"summary_large_image\" \/>\n<meta name=\"twitter:label1\" content=\"Gesch\u00e4tzte Lesezeit\" \/>\n\t<meta name=\"twitter:data1\" content=\"1\u00a0Minute\" \/>\n<script type=\"application\/ld+json\" class=\"yoast-schema-graph\">{\"@context\":\"https:\/\/schema.org\",\"@graph\":[{\"@type\":\"WebPage\",\"@id\":\"https:\/\/prolifeeurope.org\/de\/mehr-wissen\/adoption-eine-reale-option\/\",\"url\":\"https:\/\/prolifeeurope.org\/de\/mehr-wissen\/adoption-eine-reale-option\/\",\"name\":\"Adoption - eine reale Option? - ProLife Europe\",\"isPartOf\":{\"@id\":\"https:\/\/prolifeeurope.org\/de\/#website\"},\"datePublished\":\"2025-01-28T16:21:32+00:00\",\"dateModified\":\"2025-02-20T16:05:24+00:00\",\"description\":\"Biologische Eltern schenken ihren Kindern das Leben. Und Adoption kann Kindern eine Familie schenken.\",\"breadcrumb\":{\"@id\":\"https:\/\/prolifeeurope.org\/de\/mehr-wissen\/adoption-eine-reale-option\/#breadcrumb\"},\"inLanguage\":\"de\",\"potentialAction\":[{\"@type\":\"ReadAction\",\"target\":[\"https:\/\/prolifeeurope.org\/de\/mehr-wissen\/adoption-eine-reale-option\/\"]}]},{\"@type\":\"BreadcrumbList\",\"@id\":\"https:\/\/prolifeeurope.org\/de\/mehr-wissen\/adoption-eine-reale-option\/#breadcrumb\",\"itemListElement\":[{\"@type\":\"ListItem\",\"position\":1,\"name\":\"Home\",\"item\":\"https:\/\/prolifeeurope.org\/de\/\"},{\"@type\":\"ListItem\",\"position\":2,\"name\":\"Mehr Wissen\",\"item\":\"https:\/\/prolifeeurope.org\/de\/mehr-wissen\/\"},{\"@type\":\"ListItem\",\"position\":3,\"name\":\"Adoption &#8211; eine reale Option?\"}]},{\"@type\":\"WebSite\",\"@id\":\"https:\/\/prolifeeurope.org\/de\/#website\",\"url\":\"https:\/\/prolifeeurope.org\/de\/\",\"name\":\"ProLife Europe\",\"description\":\"\",\"publisher\":{\"@id\":\"https:\/\/prolifeeurope.org\/de\/#organization\"},\"potentialAction\":[{\"@type\":\"SearchAction\",\"target\":{\"@type\":\"EntryPoint\",\"urlTemplate\":\"https:\/\/prolifeeurope.org\/de\/?s={search_term_string}\"},\"query-input\":{\"@type\":\"PropertyValueSpecification\",\"valueRequired\":true,\"valueName\":\"search_term_string\"}}],\"inLanguage\":\"de\"},{\"@type\":\"Organization\",\"@id\":\"https:\/\/prolifeeurope.org\/de\/#organization\",\"name\":\"ProLife Europe\",\"url\":\"https:\/\/prolifeeurope.org\/de\/\",\"logo\":{\"@type\":\"ImageObject\",\"inLanguage\":\"de\",\"@id\":\"https:\/\/prolifeeurope.org\/de\/#\/schema\/logo\/image\/\",\"url\":\"https:\/\/prolifeeurope.org\/wp-content\/uploads\/2024\/11\/logo-3.svg\",\"contentUrl\":\"https:\/\/prolifeeurope.org\/wp-content\/uploads\/2024\/11\/logo-3.svg\",\"width\":166,\"height\":170,\"caption\":\"ProLife Europe\"},\"image\":{\"@id\":\"https:\/\/prolifeeurope.org\/de\/#\/schema\/logo\/image\/\"},\"sameAs\":[\"https:\/\/www.facebook.com\/ProLifeEurope\/\",\"https:\/\/www.instagram.com\/prolife_europe\/\",\"https:\/\/www.youtube.com\/channel\/UC7olgmdiSVEHZUiP554XozA\"]}]}<\/script>\n<!-- \/ Yoast SEO plugin. -->","yoast_head_json":{"title":"Adoption - eine reale Option? - ProLife Europe","description":"Biologische Eltern schenken ihren Kindern das Leben. Und Adoption kann Kindern eine Familie schenken.","robots":{"index":"index","follow":"follow","max-snippet":"max-snippet:-1","max-image-preview":"max-image-preview:large","max-video-preview":"max-video-preview:-1"},"canonical":"https:\/\/prolifeeurope.org\/de\/mehr-wissen\/adoption-eine-reale-option\/","og_locale":"de_DE","og_type":"article","og_title":"Adoption - eine reale Option? - ProLife Europe","og_description":"Biologische Eltern schenken ihren Kindern das Leben. Und Adoption kann Kindern eine Familie schenken.","og_url":"https:\/\/prolifeeurope.org\/de\/mehr-wissen\/adoption-eine-reale-option\/","og_site_name":"ProLife Europe","article_publisher":"https:\/\/www.facebook.com\/ProLifeEurope\/","article_modified_time":"2025-02-20T16:05:24+00:00","twitter_card":"summary_large_image","twitter_misc":{"Gesch\u00e4tzte Lesezeit":"1\u00a0Minute"},"schema":{"@context":"https:\/\/schema.org","@graph":[{"@type":"WebPage","@id":"https:\/\/prolifeeurope.org\/de\/mehr-wissen\/adoption-eine-reale-option\/","url":"https:\/\/prolifeeurope.org\/de\/mehr-wissen\/adoption-eine-reale-option\/","name":"Adoption - eine reale Option? - ProLife Europe","isPartOf":{"@id":"https:\/\/prolifeeurope.org\/de\/#website"},"datePublished":"2025-01-28T16:21:32+00:00","dateModified":"2025-02-20T16:05:24+00:00","description":"Biologische Eltern schenken ihren Kindern das Leben. Und Adoption kann Kindern eine Familie schenken.","breadcrumb":{"@id":"https:\/\/prolifeeurope.org\/de\/mehr-wissen\/adoption-eine-reale-option\/#breadcrumb"},"inLanguage":"de","potentialAction":[{"@type":"ReadAction","target":["https:\/\/prolifeeurope.org\/de\/mehr-wissen\/adoption-eine-reale-option\/"]}]},{"@type":"BreadcrumbList","@id":"https:\/\/prolifeeurope.org\/de\/mehr-wissen\/adoption-eine-reale-option\/#breadcrumb","itemListElement":[{"@type":"ListItem","position":1,"name":"Home","item":"https:\/\/prolifeeurope.org\/de\/"},{"@type":"ListItem","position":2,"name":"Mehr Wissen","item":"https:\/\/prolifeeurope.org\/de\/mehr-wissen\/"},{"@type":"ListItem","position":3,"name":"Adoption &#8211; eine reale Option?"}]},{"@type":"WebSite","@id":"https:\/\/prolifeeurope.org\/de\/#website","url":"https:\/\/prolifeeurope.org\/de\/","name":"ProLife Europe","description":"","publisher":{"@id":"https:\/\/prolifeeurope.org\/de\/#organization"},"potentialAction":[{"@type":"SearchAction","target":{"@type":"EntryPoint","urlTemplate":"https:\/\/prolifeeurope.org\/de\/?s={search_term_string}"},"query-input":{"@type":"PropertyValueSpecification","valueRequired":true,"valueName":"search_term_string"}}],"inLanguage":"de"},{"@type":"Organization","@id":"https:\/\/prolifeeurope.org\/de\/#organization","name":"ProLife Europe","url":"https:\/\/prolifeeurope.org\/de\/","logo":{"@type":"ImageObject","inLanguage":"de","@id":"https:\/\/prolifeeurope.org\/de\/#\/schema\/logo\/image\/","url":"https:\/\/prolifeeurope.org\/wp-content\/uploads\/2024\/11\/logo-3.svg","contentUrl":"https:\/\/prolifeeurope.org\/wp-content\/uploads\/2024\/11\/logo-3.svg","width":166,"height":170,"caption":"ProLife Europe"},"image":{"@id":"https:\/\/prolifeeurope.org\/de\/#\/schema\/logo\/image\/"},"sameAs":["https:\/\/www.facebook.com\/ProLifeEurope\/","https:\/\/www.instagram.com\/prolife_europe\/","https:\/\/www.youtube.com\/channel\/UC7olgmdiSVEHZUiP554XozA"]}]}},"_links":{"self":[{"href":"https:\/\/prolifeeurope.org\/de\/wp-json\/wp\/v2\/pages\/2044","targetHints":{"allow":["GET"]}}],"collection":[{"href":"https:\/\/prolifeeurope.org\/de\/wp-json\/wp\/v2\/pages"}],"about":[{"href":"https:\/\/prolifeeurope.org\/de\/wp-json\/wp\/v2\/types\/page"}],"author":[{"embeddable":true,"href":"https:\/\/prolifeeurope.org\/de\/wp-json\/wp\/v2\/users\/14"}],"replies":[{"embeddable":true,"href":"https:\/\/prolifeeurope.org\/de\/wp-json\/wp\/v2\/comments?post=2044"}],"version-history":[{"count":4,"href":"https:\/\/prolifeeurope.org\/de\/wp-json\/wp\/v2\/pages\/2044\/revisions"}],"predecessor-version":[{"id":2258,"href":"https:\/\/prolifeeurope.org\/de\/wp-json\/wp\/v2\/pages\/2044\/revisions\/2258"}],"up":[{"embeddable":true,"href":"https:\/\/prolifeeurope.org\/de\/wp-json\/wp\/v2\/pages\/1951"}],"wp:attachment":[{"href":"https:\/\/prolifeeurope.org\/de\/wp-json\/wp\/v2\/media?parent=2044"}],"wp:term":[{"taxonomy":"topic","embeddable":true,"href":"https:\/\/prolifeeurope.org\/de\/wp-json\/wp\/v2\/topic?post=2044"}],"curies":[{"name":"wp","href":"https:\/\/api.w.org\/{rel}","templated":true}]}}