{"id":2041,"date":"2025-01-15T18:01:38","date_gmt":"2025-01-15T17:01:38","guid":{"rendered":"https:\/\/ws-staging.prolifeeurope.org\/mehr-wissen\/abtreibung-wenn-das-leben-der-mutter-in-gefahr-ist\/"},"modified":"2025-02-20T17:02:26","modified_gmt":"2025-02-20T16:02:26","slug":"abtreibung-wenn-das-leben-der-mutter-in-gefahr-ist","status":"publish","type":"page","link":"https:\/\/prolifeeurope.org\/de\/mehr-wissen\/abtreibung-wenn-das-leben-der-mutter-in-gefahr-ist\/","title":{"rendered":"Abtreibung, wenn das Leben der Mutter in Gefahr ist?"},"content":{"rendered":"\n<p>Schwere gesundheitliche Probleme einer schwangeren Frau \u2013 wie beispielsweise Krebs im Endstadium \u2013 rechtfertigen unter keinen Umst\u00e4nden die T\u00f6tung ihres ungeborenen Kindes. Um das Leben der Mutter zu retten, ist eine Abtreibung niemals notwendig, da das Kind in ihrem Inneren in keiner Weise zur Verschlimmerung ihrer Erkrankung beitr\u00e4gt. Der F\u00f6tus oder Embryo ist kein krankheitserregender Faktor, der unkontrolliert in der Geb\u00e4rmutter w\u00e4chst und die Krankheit ausbreitet, sondern ein eigenst\u00e4ndiger menschlicher Organismus mit einem eigenen biologischen System. Daher gibt es keine wissenschaftlich oder ethisch haltbaren Argumente f\u00fcr Abtreibung als medizinische Versorgung oder als wirksames Mittel zur Heilung einer Krankheit.   <\/p>\n\n<p>Diese Aussage wird von der \u201eDublin Declaration on Maternal Health Care\u201c unterst\u00fctzt. Dieses Dokument wurde 2012 von pro-life Geburtshelfern und Gyn\u00e4kologen unterzeichnet. Die Erkl\u00e4rung trifft eine klare Unterscheidung zwischen Abtreibung und notwendigen medizinischen Behandlungen f\u00fcr eine kranke Mutter. Anders als viele \u00c4rzte, die eine Abtreibung als Heilmittel f\u00fcr eine schwere Krankheit empfehlen, besagt die Erkl\u00e4rung, dass ein Abtreibungsverbot die Gesundheit der Mutter in keiner Weise beeintr\u00e4chtigen w\u00fcrde.   <\/p>\n\n<p class=\"has-small-font-size\">* <a href=\"https:\/\/www.dublindeclaration.com\/about\/\" target=\"_blank\" rel=\"noreferrer noopener\">https:\/\/www.dublindeclaration.com\/about\/<\/a><\/p>\n","protected":false},"excerpt":{"rendered":"<p>Schwere gesundheitliche Probleme einer schwangeren Frau \u2013 wie beispielsweise Krebs im Endstadium \u2013 rechtfertigen unter keinen Umst\u00e4nden die T\u00f6tung ihres ungeborenen Kindes. Um das Leben der Mutter zu retten, ist<a href=\"https:\/\/prolifeeurope.org\/de\/mehr-wissen\/abtreibung-wenn-das-leben-der-mutter-in-gefahr-ist\/\">Continue reading <span class=\"sr-only\">&#8222;Abtreibung, wenn das Leben der Mutter in Gefahr ist?&#8220;<\/span><\/a><\/p>\n","protected":false},"author":14,"featured_media":0,"parent":1951,"menu_order":0,"comment_status":"closed","ping_status":"closed","template":"page-topic.php","meta":{"_acf_changed":false,"_monsterinsights_skip_tracking":false,"_monsterinsights_sitenote_active":false,"_monsterinsights_sitenote_note":"","_monsterinsights_sitenote_category":0,"footnotes":""},"topic":[],"class_list":["post-2041","page","type-page","status-publish","hentry"],"acf":[],"yoast_head":"<!-- This site is optimized with the Yoast SEO plugin v27.2 - https:\/\/yoast.com\/product\/yoast-seo-wordpress\/ -->\n<title>Abtreibung, wenn das Leben der Mutter in Gefahr ist? - ProLife Europe<\/title>\n<meta name=\"description\" content=\"Jedes Leben ist gleich viel wert - ob geboren oder ungeboren. Was muss in Situationen beachtet werden, die das Leben der Mutter gef\u00e4hrden?\" \/>\n<meta name=\"robots\" content=\"index, follow, max-snippet:-1, max-image-preview:large, max-video-preview:-1\" \/>\n<link rel=\"canonical\" href=\"https:\/\/prolifeeurope.org\/de\/mehr-wissen\/abtreibung-wenn-das-leben-der-mutter-in-gefahr-ist\/\" \/>\n<meta property=\"og:locale\" content=\"de_DE\" \/>\n<meta property=\"og:type\" content=\"article\" \/>\n<meta property=\"og:title\" content=\"Abtreibung, wenn das Leben der Mutter in Gefahr ist? - ProLife Europe\" \/>\n<meta property=\"og:description\" content=\"Jedes Leben ist gleich viel wert - ob geboren oder ungeboren. Was muss in Situationen beachtet werden, die das Leben der Mutter gef\u00e4hrden?\" \/>\n<meta property=\"og:url\" content=\"https:\/\/prolifeeurope.org\/de\/mehr-wissen\/abtreibung-wenn-das-leben-der-mutter-in-gefahr-ist\/\" \/>\n<meta property=\"og:site_name\" content=\"ProLife Europe\" \/>\n<meta property=\"article:publisher\" content=\"https:\/\/www.facebook.com\/ProLifeEurope\/\" \/>\n<meta property=\"article:modified_time\" content=\"2025-02-20T16:02:26+00:00\" \/>\n<meta name=\"twitter:card\" content=\"summary_large_image\" \/>\n<meta name=\"twitter:label1\" content=\"Gesch\u00e4tzte Lesezeit\" \/>\n\t<meta name=\"twitter:data1\" content=\"1\u00a0Minute\" \/>\n<script type=\"application\/ld+json\" class=\"yoast-schema-graph\">{\"@context\":\"https:\/\/schema.org\",\"@graph\":[{\"@type\":\"WebPage\",\"@id\":\"https:\/\/prolifeeurope.org\/de\/mehr-wissen\/abtreibung-wenn-das-leben-der-mutter-in-gefahr-ist\/\",\"url\":\"https:\/\/prolifeeurope.org\/de\/mehr-wissen\/abtreibung-wenn-das-leben-der-mutter-in-gefahr-ist\/\",\"name\":\"Abtreibung, wenn das Leben der Mutter in Gefahr ist? - ProLife Europe\",\"isPartOf\":{\"@id\":\"https:\/\/prolifeeurope.org\/de\/#website\"},\"datePublished\":\"2025-01-15T17:01:38+00:00\",\"dateModified\":\"2025-02-20T16:02:26+00:00\",\"description\":\"Jedes Leben ist gleich viel wert - ob geboren oder ungeboren. Was muss in Situationen beachtet werden, die das Leben der Mutter gef\u00e4hrden?\",\"breadcrumb\":{\"@id\":\"https:\/\/prolifeeurope.org\/de\/mehr-wissen\/abtreibung-wenn-das-leben-der-mutter-in-gefahr-ist\/#breadcrumb\"},\"inLanguage\":\"de\",\"potentialAction\":[{\"@type\":\"ReadAction\",\"target\":[\"https:\/\/prolifeeurope.org\/de\/mehr-wissen\/abtreibung-wenn-das-leben-der-mutter-in-gefahr-ist\/\"]}]},{\"@type\":\"BreadcrumbList\",\"@id\":\"https:\/\/prolifeeurope.org\/de\/mehr-wissen\/abtreibung-wenn-das-leben-der-mutter-in-gefahr-ist\/#breadcrumb\",\"itemListElement\":[{\"@type\":\"ListItem\",\"position\":1,\"name\":\"Home\",\"item\":\"https:\/\/prolifeeurope.org\/de\/\"},{\"@type\":\"ListItem\",\"position\":2,\"name\":\"Mehr Wissen\",\"item\":\"https:\/\/prolifeeurope.org\/de\/mehr-wissen\/\"},{\"@type\":\"ListItem\",\"position\":3,\"name\":\"Abtreibung, wenn das Leben der Mutter in Gefahr ist?\"}]},{\"@type\":\"WebSite\",\"@id\":\"https:\/\/prolifeeurope.org\/de\/#website\",\"url\":\"https:\/\/prolifeeurope.org\/de\/\",\"name\":\"ProLife Europe\",\"description\":\"\",\"publisher\":{\"@id\":\"https:\/\/prolifeeurope.org\/de\/#organization\"},\"potentialAction\":[{\"@type\":\"SearchAction\",\"target\":{\"@type\":\"EntryPoint\",\"urlTemplate\":\"https:\/\/prolifeeurope.org\/de\/?s={search_term_string}\"},\"query-input\":{\"@type\":\"PropertyValueSpecification\",\"valueRequired\":true,\"valueName\":\"search_term_string\"}}],\"inLanguage\":\"de\"},{\"@type\":\"Organization\",\"@id\":\"https:\/\/prolifeeurope.org\/de\/#organization\",\"name\":\"ProLife Europe\",\"url\":\"https:\/\/prolifeeurope.org\/de\/\",\"logo\":{\"@type\":\"ImageObject\",\"inLanguage\":\"de\",\"@id\":\"https:\/\/prolifeeurope.org\/de\/#\/schema\/logo\/image\/\",\"url\":\"https:\/\/prolifeeurope.org\/wp-content\/uploads\/2024\/11\/logo-3.svg\",\"contentUrl\":\"https:\/\/prolifeeurope.org\/wp-content\/uploads\/2024\/11\/logo-3.svg\",\"width\":166,\"height\":170,\"caption\":\"ProLife Europe\"},\"image\":{\"@id\":\"https:\/\/prolifeeurope.org\/de\/#\/schema\/logo\/image\/\"},\"sameAs\":[\"https:\/\/www.facebook.com\/ProLifeEurope\/\",\"https:\/\/www.instagram.com\/prolife_europe\/\",\"https:\/\/www.youtube.com\/channel\/UC7olgmdiSVEHZUiP554XozA\"]}]}<\/script>\n<!-- \/ Yoast SEO plugin. -->","yoast_head_json":{"title":"Abtreibung, wenn das Leben der Mutter in Gefahr ist? - ProLife Europe","description":"Jedes Leben ist gleich viel wert - ob geboren oder ungeboren. Was muss in Situationen beachtet werden, die das Leben der Mutter gef\u00e4hrden?","robots":{"index":"index","follow":"follow","max-snippet":"max-snippet:-1","max-image-preview":"max-image-preview:large","max-video-preview":"max-video-preview:-1"},"canonical":"https:\/\/prolifeeurope.org\/de\/mehr-wissen\/abtreibung-wenn-das-leben-der-mutter-in-gefahr-ist\/","og_locale":"de_DE","og_type":"article","og_title":"Abtreibung, wenn das Leben der Mutter in Gefahr ist? - ProLife Europe","og_description":"Jedes Leben ist gleich viel wert - ob geboren oder ungeboren. Was muss in Situationen beachtet werden, die das Leben der Mutter gef\u00e4hrden?","og_url":"https:\/\/prolifeeurope.org\/de\/mehr-wissen\/abtreibung-wenn-das-leben-der-mutter-in-gefahr-ist\/","og_site_name":"ProLife Europe","article_publisher":"https:\/\/www.facebook.com\/ProLifeEurope\/","article_modified_time":"2025-02-20T16:02:26+00:00","twitter_card":"summary_large_image","twitter_misc":{"Gesch\u00e4tzte Lesezeit":"1\u00a0Minute"},"schema":{"@context":"https:\/\/schema.org","@graph":[{"@type":"WebPage","@id":"https:\/\/prolifeeurope.org\/de\/mehr-wissen\/abtreibung-wenn-das-leben-der-mutter-in-gefahr-ist\/","url":"https:\/\/prolifeeurope.org\/de\/mehr-wissen\/abtreibung-wenn-das-leben-der-mutter-in-gefahr-ist\/","name":"Abtreibung, wenn das Leben der Mutter in Gefahr ist? - ProLife Europe","isPartOf":{"@id":"https:\/\/prolifeeurope.org\/de\/#website"},"datePublished":"2025-01-15T17:01:38+00:00","dateModified":"2025-02-20T16:02:26+00:00","description":"Jedes Leben ist gleich viel wert - ob geboren oder ungeboren. Was muss in Situationen beachtet werden, die das Leben der Mutter gef\u00e4hrden?","breadcrumb":{"@id":"https:\/\/prolifeeurope.org\/de\/mehr-wissen\/abtreibung-wenn-das-leben-der-mutter-in-gefahr-ist\/#breadcrumb"},"inLanguage":"de","potentialAction":[{"@type":"ReadAction","target":["https:\/\/prolifeeurope.org\/de\/mehr-wissen\/abtreibung-wenn-das-leben-der-mutter-in-gefahr-ist\/"]}]},{"@type":"BreadcrumbList","@id":"https:\/\/prolifeeurope.org\/de\/mehr-wissen\/abtreibung-wenn-das-leben-der-mutter-in-gefahr-ist\/#breadcrumb","itemListElement":[{"@type":"ListItem","position":1,"name":"Home","item":"https:\/\/prolifeeurope.org\/de\/"},{"@type":"ListItem","position":2,"name":"Mehr Wissen","item":"https:\/\/prolifeeurope.org\/de\/mehr-wissen\/"},{"@type":"ListItem","position":3,"name":"Abtreibung, wenn das Leben der Mutter in Gefahr ist?"}]},{"@type":"WebSite","@id":"https:\/\/prolifeeurope.org\/de\/#website","url":"https:\/\/prolifeeurope.org\/de\/","name":"ProLife Europe","description":"","publisher":{"@id":"https:\/\/prolifeeurope.org\/de\/#organization"},"potentialAction":[{"@type":"SearchAction","target":{"@type":"EntryPoint","urlTemplate":"https:\/\/prolifeeurope.org\/de\/?s={search_term_string}"},"query-input":{"@type":"PropertyValueSpecification","valueRequired":true,"valueName":"search_term_string"}}],"inLanguage":"de"},{"@type":"Organization","@id":"https:\/\/prolifeeurope.org\/de\/#organization","name":"ProLife Europe","url":"https:\/\/prolifeeurope.org\/de\/","logo":{"@type":"ImageObject","inLanguage":"de","@id":"https:\/\/prolifeeurope.org\/de\/#\/schema\/logo\/image\/","url":"https:\/\/prolifeeurope.org\/wp-content\/uploads\/2024\/11\/logo-3.svg","contentUrl":"https:\/\/prolifeeurope.org\/wp-content\/uploads\/2024\/11\/logo-3.svg","width":166,"height":170,"caption":"ProLife Europe"},"image":{"@id":"https:\/\/prolifeeurope.org\/de\/#\/schema\/logo\/image\/"},"sameAs":["https:\/\/www.facebook.com\/ProLifeEurope\/","https:\/\/www.instagram.com\/prolife_europe\/","https:\/\/www.youtube.com\/channel\/UC7olgmdiSVEHZUiP554XozA"]}]}},"_links":{"self":[{"href":"https:\/\/prolifeeurope.org\/de\/wp-json\/wp\/v2\/pages\/2041","targetHints":{"allow":["GET"]}}],"collection":[{"href":"https:\/\/prolifeeurope.org\/de\/wp-json\/wp\/v2\/pages"}],"about":[{"href":"https:\/\/prolifeeurope.org\/de\/wp-json\/wp\/v2\/types\/page"}],"author":[{"embeddable":true,"href":"https:\/\/prolifeeurope.org\/de\/wp-json\/wp\/v2\/users\/14"}],"replies":[{"embeddable":true,"href":"https:\/\/prolifeeurope.org\/de\/wp-json\/wp\/v2\/comments?post=2041"}],"version-history":[{"count":1,"href":"https:\/\/prolifeeurope.org\/de\/wp-json\/wp\/v2\/pages\/2041\/revisions"}],"predecessor-version":[{"id":2042,"href":"https:\/\/prolifeeurope.org\/de\/wp-json\/wp\/v2\/pages\/2041\/revisions\/2042"}],"up":[{"embeddable":true,"href":"https:\/\/prolifeeurope.org\/de\/wp-json\/wp\/v2\/pages\/1951"}],"wp:attachment":[{"href":"https:\/\/prolifeeurope.org\/de\/wp-json\/wp\/v2\/media?parent=2041"}],"wp:term":[{"taxonomy":"topic","embeddable":true,"href":"https:\/\/prolifeeurope.org\/de\/wp-json\/wp\/v2\/topic?post=2041"}],"curies":[{"name":"wp","href":"https:\/\/api.w.org\/{rel}","templated":true}]}}