{"id":2039,"date":"2025-01-15T16:52:35","date_gmt":"2025-01-15T15:52:35","guid":{"rendered":"https:\/\/ws-staging.prolifeeurope.org\/mehr-wissen\/risiken-einer-abtreibung\/"},"modified":"2025-02-17T16:23:37","modified_gmt":"2025-02-17T15:23:37","slug":"risiken-einer-abtreibung","status":"publish","type":"page","link":"https:\/\/prolifeeurope.org\/de\/mehr-wissen\/risiken-einer-abtreibung\/","title":{"rendered":"Risiken einer Abtreibung"},"content":{"rendered":"\n<p>Je nachdem, welche Abtreibungsmethode angewandt wird, gibt es verschiedene potenzielle Gesundheitsrisiken f\u00fcr die Mutter:<\/p>\n\n<ul class=\"wp-block-list\">\n<li>Starke Blutungen, kann in schweren F\u00e4llen bis zum Tod f\u00fchren<\/li>\n\n\n\n<li>Blutvergiftung bzw. Sepsis, wenn die Abtreibung unvollst\u00e4ndig war<\/li>\n\n\n\n<li>Verletzung des Geb\u00e4rmutterhalses, was in zuk\u00fcnftigen Schwangerschaften zu Fehlgeburten f\u00fchren kann<\/li>\n\n\n\n<li>Verletzung der Geb\u00e4rmutter, was ebenfalls das Risiko einer Fehlgeburt in sp\u00e4teren Schwangerschaften erh\u00f6ht<\/li>\n\n\n\n<li>Riss der Geb\u00e4rmutter, was zu inneren Blutungen f\u00fchren kann <\/li>\n<\/ul>\n\n<p>Verschiedene Studien haben einen m\u00f6glichen Zusammenhang zwischen Abtreibung und einem erh\u00f6hten Brustkrebsrisiko untersucht. Das relative Risiko, an Brustkrebs zu erkranken, ist bei Frauen, die eine Abtreibung hatten, bereits leicht erh\u00f6ht im Vergleich zu Frauen, die nie eine Abtreibung hatten \u2013 und steigt mit jeder weiteren Abtreibung. <\/p>\n\n<p class=\"has-small-font-size\">* <a href=\"https:\/\/onlinelibrary.wiley.com\/doi\/abs\/10.1002\/ijc.22001\" target=\"_blank\" rel=\"noreferrer noopener\">https:\/\/onlinelibrary.wiley.com\/doi\/abs\/10.1002\/ijc.22001<\/a><\/p>\n","protected":false},"excerpt":{"rendered":"<p>Je nachdem, welche Abtreibungsmethode angewandt wird, gibt es verschiedene potenzielle Gesundheitsrisiken f\u00fcr die Mutter: Verschiedene Studien haben einen m\u00f6glichen Zusammenhang zwischen Abtreibung und einem erh\u00f6hten Brustkrebsrisiko untersucht. Das relative Risiko,<a href=\"https:\/\/prolifeeurope.org\/de\/mehr-wissen\/risiken-einer-abtreibung\/\">Continue reading <span class=\"sr-only\">&#8222;Risiken einer Abtreibung&#8220;<\/span><\/a><\/p>\n","protected":false},"author":14,"featured_media":0,"parent":1951,"menu_order":0,"comment_status":"closed","ping_status":"closed","template":"page-topic.php","meta":{"_acf_changed":false,"_monsterinsights_skip_tracking":false,"_monsterinsights_sitenote_active":false,"_monsterinsights_sitenote_note":"","_monsterinsights_sitenote_category":0,"footnotes":""},"topic":[],"class_list":["post-2039","page","type-page","status-publish","hentry"],"acf":[],"yoast_head":"<!-- This site is optimized with the Yoast SEO plugin v27.2 - https:\/\/yoast.com\/product\/yoast-seo-wordpress\/ -->\n<title>Risiken einer Abtreibung - ProLife Europe<\/title>\n<meta name=\"description\" content=\"Je nachdem, welche Abtreibungsmethode angewandt wird, gibt es verschiedene potenzielle Gesundheitsrisiken f\u00fcr die Mutter.\" \/>\n<meta name=\"robots\" content=\"index, follow, max-snippet:-1, max-image-preview:large, max-video-preview:-1\" \/>\n<link rel=\"canonical\" href=\"https:\/\/prolifeeurope.org\/de\/mehr-wissen\/risiken-einer-abtreibung\/\" \/>\n<meta property=\"og:locale\" content=\"de_DE\" \/>\n<meta property=\"og:type\" content=\"article\" \/>\n<meta property=\"og:title\" content=\"Risiken einer Abtreibung - ProLife Europe\" \/>\n<meta property=\"og:description\" content=\"Je nachdem, welche Abtreibungsmethode angewandt wird, gibt es verschiedene potenzielle Gesundheitsrisiken f\u00fcr die Mutter.\" \/>\n<meta property=\"og:url\" content=\"https:\/\/prolifeeurope.org\/de\/mehr-wissen\/risiken-einer-abtreibung\/\" \/>\n<meta property=\"og:site_name\" content=\"ProLife Europe\" \/>\n<meta property=\"article:publisher\" content=\"https:\/\/www.facebook.com\/ProLifeEurope\/\" \/>\n<meta property=\"article:modified_time\" content=\"2025-02-17T15:23:37+00:00\" \/>\n<meta name=\"twitter:card\" content=\"summary_large_image\" \/>\n<meta name=\"twitter:label1\" content=\"Gesch\u00e4tzte Lesezeit\" \/>\n\t<meta name=\"twitter:data1\" content=\"1\u00a0Minute\" \/>\n<script type=\"application\/ld+json\" class=\"yoast-schema-graph\">{\"@context\":\"https:\/\/schema.org\",\"@graph\":[{\"@type\":\"WebPage\",\"@id\":\"https:\/\/prolifeeurope.org\/de\/mehr-wissen\/risiken-einer-abtreibung\/\",\"url\":\"https:\/\/prolifeeurope.org\/de\/mehr-wissen\/risiken-einer-abtreibung\/\",\"name\":\"Risiken einer Abtreibung - ProLife Europe\",\"isPartOf\":{\"@id\":\"https:\/\/prolifeeurope.org\/de\/#website\"},\"datePublished\":\"2025-01-15T15:52:35+00:00\",\"dateModified\":\"2025-02-17T15:23:37+00:00\",\"description\":\"Je nachdem, welche Abtreibungsmethode angewandt wird, gibt es verschiedene potenzielle Gesundheitsrisiken f\u00fcr die Mutter.\",\"breadcrumb\":{\"@id\":\"https:\/\/prolifeeurope.org\/de\/mehr-wissen\/risiken-einer-abtreibung\/#breadcrumb\"},\"inLanguage\":\"de\",\"potentialAction\":[{\"@type\":\"ReadAction\",\"target\":[\"https:\/\/prolifeeurope.org\/de\/mehr-wissen\/risiken-einer-abtreibung\/\"]}]},{\"@type\":\"BreadcrumbList\",\"@id\":\"https:\/\/prolifeeurope.org\/de\/mehr-wissen\/risiken-einer-abtreibung\/#breadcrumb\",\"itemListElement\":[{\"@type\":\"ListItem\",\"position\":1,\"name\":\"Home\",\"item\":\"https:\/\/prolifeeurope.org\/de\/\"},{\"@type\":\"ListItem\",\"position\":2,\"name\":\"Mehr Wissen\",\"item\":\"https:\/\/prolifeeurope.org\/de\/mehr-wissen\/\"},{\"@type\":\"ListItem\",\"position\":3,\"name\":\"Risiken einer Abtreibung\"}]},{\"@type\":\"WebSite\",\"@id\":\"https:\/\/prolifeeurope.org\/de\/#website\",\"url\":\"https:\/\/prolifeeurope.org\/de\/\",\"name\":\"ProLife Europe\",\"description\":\"\",\"publisher\":{\"@id\":\"https:\/\/prolifeeurope.org\/de\/#organization\"},\"potentialAction\":[{\"@type\":\"SearchAction\",\"target\":{\"@type\":\"EntryPoint\",\"urlTemplate\":\"https:\/\/prolifeeurope.org\/de\/?s={search_term_string}\"},\"query-input\":{\"@type\":\"PropertyValueSpecification\",\"valueRequired\":true,\"valueName\":\"search_term_string\"}}],\"inLanguage\":\"de\"},{\"@type\":\"Organization\",\"@id\":\"https:\/\/prolifeeurope.org\/de\/#organization\",\"name\":\"ProLife Europe\",\"url\":\"https:\/\/prolifeeurope.org\/de\/\",\"logo\":{\"@type\":\"ImageObject\",\"inLanguage\":\"de\",\"@id\":\"https:\/\/prolifeeurope.org\/de\/#\/schema\/logo\/image\/\",\"url\":\"https:\/\/prolifeeurope.org\/wp-content\/uploads\/2024\/11\/logo-3.svg\",\"contentUrl\":\"https:\/\/prolifeeurope.org\/wp-content\/uploads\/2024\/11\/logo-3.svg\",\"width\":166,\"height\":170,\"caption\":\"ProLife Europe\"},\"image\":{\"@id\":\"https:\/\/prolifeeurope.org\/de\/#\/schema\/logo\/image\/\"},\"sameAs\":[\"https:\/\/www.facebook.com\/ProLifeEurope\/\",\"https:\/\/www.instagram.com\/prolife_europe\/\",\"https:\/\/www.youtube.com\/channel\/UC7olgmdiSVEHZUiP554XozA\"]}]}<\/script>\n<!-- \/ Yoast SEO plugin. -->","yoast_head_json":{"title":"Risiken einer Abtreibung - ProLife Europe","description":"Je nachdem, welche Abtreibungsmethode angewandt wird, gibt es verschiedene potenzielle Gesundheitsrisiken f\u00fcr die Mutter.","robots":{"index":"index","follow":"follow","max-snippet":"max-snippet:-1","max-image-preview":"max-image-preview:large","max-video-preview":"max-video-preview:-1"},"canonical":"https:\/\/prolifeeurope.org\/de\/mehr-wissen\/risiken-einer-abtreibung\/","og_locale":"de_DE","og_type":"article","og_title":"Risiken einer Abtreibung - ProLife Europe","og_description":"Je nachdem, welche Abtreibungsmethode angewandt wird, gibt es verschiedene potenzielle Gesundheitsrisiken f\u00fcr die Mutter.","og_url":"https:\/\/prolifeeurope.org\/de\/mehr-wissen\/risiken-einer-abtreibung\/","og_site_name":"ProLife Europe","article_publisher":"https:\/\/www.facebook.com\/ProLifeEurope\/","article_modified_time":"2025-02-17T15:23:37+00:00","twitter_card":"summary_large_image","twitter_misc":{"Gesch\u00e4tzte Lesezeit":"1\u00a0Minute"},"schema":{"@context":"https:\/\/schema.org","@graph":[{"@type":"WebPage","@id":"https:\/\/prolifeeurope.org\/de\/mehr-wissen\/risiken-einer-abtreibung\/","url":"https:\/\/prolifeeurope.org\/de\/mehr-wissen\/risiken-einer-abtreibung\/","name":"Risiken einer Abtreibung - ProLife Europe","isPartOf":{"@id":"https:\/\/prolifeeurope.org\/de\/#website"},"datePublished":"2025-01-15T15:52:35+00:00","dateModified":"2025-02-17T15:23:37+00:00","description":"Je nachdem, welche Abtreibungsmethode angewandt wird, gibt es verschiedene potenzielle Gesundheitsrisiken f\u00fcr die Mutter.","breadcrumb":{"@id":"https:\/\/prolifeeurope.org\/de\/mehr-wissen\/risiken-einer-abtreibung\/#breadcrumb"},"inLanguage":"de","potentialAction":[{"@type":"ReadAction","target":["https:\/\/prolifeeurope.org\/de\/mehr-wissen\/risiken-einer-abtreibung\/"]}]},{"@type":"BreadcrumbList","@id":"https:\/\/prolifeeurope.org\/de\/mehr-wissen\/risiken-einer-abtreibung\/#breadcrumb","itemListElement":[{"@type":"ListItem","position":1,"name":"Home","item":"https:\/\/prolifeeurope.org\/de\/"},{"@type":"ListItem","position":2,"name":"Mehr Wissen","item":"https:\/\/prolifeeurope.org\/de\/mehr-wissen\/"},{"@type":"ListItem","position":3,"name":"Risiken einer Abtreibung"}]},{"@type":"WebSite","@id":"https:\/\/prolifeeurope.org\/de\/#website","url":"https:\/\/prolifeeurope.org\/de\/","name":"ProLife Europe","description":"","publisher":{"@id":"https:\/\/prolifeeurope.org\/de\/#organization"},"potentialAction":[{"@type":"SearchAction","target":{"@type":"EntryPoint","urlTemplate":"https:\/\/prolifeeurope.org\/de\/?s={search_term_string}"},"query-input":{"@type":"PropertyValueSpecification","valueRequired":true,"valueName":"search_term_string"}}],"inLanguage":"de"},{"@type":"Organization","@id":"https:\/\/prolifeeurope.org\/de\/#organization","name":"ProLife Europe","url":"https:\/\/prolifeeurope.org\/de\/","logo":{"@type":"ImageObject","inLanguage":"de","@id":"https:\/\/prolifeeurope.org\/de\/#\/schema\/logo\/image\/","url":"https:\/\/prolifeeurope.org\/wp-content\/uploads\/2024\/11\/logo-3.svg","contentUrl":"https:\/\/prolifeeurope.org\/wp-content\/uploads\/2024\/11\/logo-3.svg","width":166,"height":170,"caption":"ProLife Europe"},"image":{"@id":"https:\/\/prolifeeurope.org\/de\/#\/schema\/logo\/image\/"},"sameAs":["https:\/\/www.facebook.com\/ProLifeEurope\/","https:\/\/www.instagram.com\/prolife_europe\/","https:\/\/www.youtube.com\/channel\/UC7olgmdiSVEHZUiP554XozA"]}]}},"_links":{"self":[{"href":"https:\/\/prolifeeurope.org\/de\/wp-json\/wp\/v2\/pages\/2039","targetHints":{"allow":["GET"]}}],"collection":[{"href":"https:\/\/prolifeeurope.org\/de\/wp-json\/wp\/v2\/pages"}],"about":[{"href":"https:\/\/prolifeeurope.org\/de\/wp-json\/wp\/v2\/types\/page"}],"author":[{"embeddable":true,"href":"https:\/\/prolifeeurope.org\/de\/wp-json\/wp\/v2\/users\/14"}],"replies":[{"embeddable":true,"href":"https:\/\/prolifeeurope.org\/de\/wp-json\/wp\/v2\/comments?post=2039"}],"version-history":[{"count":1,"href":"https:\/\/prolifeeurope.org\/de\/wp-json\/wp\/v2\/pages\/2039\/revisions"}],"predecessor-version":[{"id":2040,"href":"https:\/\/prolifeeurope.org\/de\/wp-json\/wp\/v2\/pages\/2039\/revisions\/2040"}],"up":[{"embeddable":true,"href":"https:\/\/prolifeeurope.org\/de\/wp-json\/wp\/v2\/pages\/1951"}],"wp:attachment":[{"href":"https:\/\/prolifeeurope.org\/de\/wp-json\/wp\/v2\/media?parent=2039"}],"wp:term":[{"taxonomy":"topic","embeddable":true,"href":"https:\/\/prolifeeurope.org\/de\/wp-json\/wp\/v2\/topic?post=2039"}],"curies":[{"name":"wp","href":"https:\/\/api.w.org\/{rel}","templated":true}]}}