{"id":2036,"date":"2025-01-15T12:59:54","date_gmt":"2025-01-15T11:59:54","guid":{"rendered":"https:\/\/ws-staging.prolifeeurope.org\/mehr-wissen\/abtreibungsmethoden\/"},"modified":"2025-02-20T17:00:09","modified_gmt":"2025-02-20T16:00:09","slug":"abtreibungsmethoden","status":"publish","type":"page","link":"https:\/\/prolifeeurope.org\/de\/mehr-wissen\/abtreibungsmethoden\/","title":{"rendered":"Abtreibungsmethoden"},"content":{"rendered":"\n<h3 class=\"wp-block-heading\">Chemische Abtreibung durch die Abtreibungspille<\/h3>\n\n<p>Eine chemische Abtreibung kann in den fr\u00fchen Stadien der Schwangerschaft durchgef\u00fchrt werden (in der Regel bis zur 7. Woche nach der Befruchtung, wobei der Zeitrahmen je nach Land variiert und einige \u00c4rzte auch eine Off-Label-Anwendung zu einem sp\u00e4teren Zeitpunkt vornehmen). Der Mutter werden in der Regel zwei Medikamente verabreicht \u2013 Mifepriston und Misoprostol. Sie muss zun\u00e4chst das erste Pr\u00e4parat, Mifepriston, einnehmen, um den Abtreibungsprozess einzuleiten.  <\/p>\n\n<p>Mifepriston stoppt die Produktion des Hormons Progesteron im K\u00f6rper der Frau, wodurch ihr K\u00f6rper im Grunde \u201edenkt\u201c, dass sie nicht mehr schwanger ist. Infolgedessen stellt ihr K\u00f6rper die Versorgung des Babys mit Sauerstoff und N\u00e4hrstoffen ein. Das Baby stirbt durch Ersticken im Mutterleib.<br\/>Die Frau muss dann eine Wartezeit von 48 bis 72 Stunden einhalten, je nach Land, in dem sie lebt, und kann anschlie\u00dfend das zweite Pr\u00e4parat, Misoprostol, einnehmen. Dies f\u00fchrt zu einer sehr starken Blutung, durch die der nun vermutlich verstorbene Embryo zusammen mit der Plazenta und anderem Schwangerschaftsgewebe aus der Geb\u00e4rmutter ausgeschieden wird.     <\/p>\n\n<p>In manchen F\u00e4llen wird Frauen direkt das zweite Pr\u00e4parat \u2013 Misoprostol \u2013 verabreicht, wodurch der Abtreibungsprozess sofort mit der Blutung beginnt, die den Embryo aus der Geb\u00e4rmutter austreibt, wodurch das Baby stirbt.<\/p>\n\n<h3 class=\"wp-block-heading\">Operative Abtreibung durch Absaugung und Ausschabung<\/h3>\n\n<p>Dieses Abtreibungsverfahren wird in der Regel bis zur 18. Woche nach der Empf\u00e4ngnis durchgef\u00fchrt (wobei die Zeitrahmen je nach Land variieren). Die Frau wird unter \u00f6rtliche Bet\u00e4ubung oder Vollnarkose gesetzt. Anschlie\u00dfend beginnt der Abtreibungsarzt damit, die Vagina und den Geb\u00e4rmutterhals zu erweitern, bis er ein Saugrohr in die Geb\u00e4rmutter einf\u00fchren kann.<br\/>Dann verwendet der Arzt eine Absaugmaschine, um das Baby aus der Geb\u00e4rmutter zu entfernen. Da die Knochen des Babys zu diesem Zeitpunkt bereits ausgebildet, aber noch schwach und zerbrechlich sind, besteht die Wahrscheinlichkeit, dass der K\u00f6rper des Babys w\u00e4hrend dieses Prozesses in St\u00fccke gerissen wird. Anschlie\u00dfend f\u00fchrt der Arzt eine Ausschabung durch, bei der die Geb\u00e4rmutter ausgeschabt wird, um sicherzustellen, dass keine K\u00f6rperteile oder Gewebereste zur\u00fcckbleiben.     <\/p>\n\n<h3 class=\"wp-block-heading\">Sp\u00e4tabtreibung<\/h3>\n\n<p>Wenn eine Abtreibung in der zweiten H\u00e4lfte des zweiten oder im dritten Trimester durchgef\u00fchrt wird, spricht man von einer \u201eSp\u00e4tabtreibung\u201c. Der Mutter wird ein wehenf\u00f6rderndes Medikament verabreicht (Misoprostol, wie bei einer chemischen Abtreibung, jedoch in h\u00f6herer Dosierung). Da das Baby zu diesem Zeitpunkt noch nicht vollst\u00e4ndig entwickelt ist, geht der Abtreibungsarzt davon aus, dass es den Stress einer verfr\u00fchten Geburt nicht \u00fcberleben wird.   <\/p>\n\n<p class=\"is-style-default\">Falls das Baby bereits \u00fcberlebensf\u00e4hig w\u00e4re, wird zun\u00e4chst Kaliumchlorid direkt in das Herz des Babys injiziert, um seinen Tod im Mutterleib sicherzustellen. Anschlie\u00dfend erh\u00e4lt die Mutter das wehenf\u00f6rdernde Medikament, um Kontraktionen einzuleiten, sodass sie das tote Kind zur Welt bringt. <\/p>\n\n<p><\/p>\n","protected":false},"excerpt":{"rendered":"<p>Chemische Abtreibung durch die Abtreibungspille Eine chemische Abtreibung kann in den fr\u00fchen Stadien der Schwangerschaft durchgef\u00fchrt werden (in der Regel bis zur 7. Woche nach der Befruchtung, wobei der Zeitrahmen<a href=\"https:\/\/prolifeeurope.org\/de\/mehr-wissen\/abtreibungsmethoden\/\">Continue reading <span class=\"sr-only\">&#8222;Abtreibungsmethoden&#8220;<\/span><\/a><\/p>\n","protected":false},"author":14,"featured_media":0,"parent":1951,"menu_order":0,"comment_status":"closed","ping_status":"closed","template":"page-topic.php","meta":{"_acf_changed":false,"_monsterinsights_skip_tracking":false,"_monsterinsights_sitenote_active":false,"_monsterinsights_sitenote_note":"","_monsterinsights_sitenote_category":0,"footnotes":""},"topic":[],"class_list":["post-2036","page","type-page","status-publish","hentry"],"acf":[],"yoast_head":"<!-- This site is optimized with the Yoast SEO plugin v27.2 - https:\/\/yoast.com\/product\/yoast-seo-wordpress\/ -->\n<title>Abtreibungsmethoden - ProLife Europe<\/title>\n<meta name=\"description\" content=\"In verschiedenen Entwicklungsstadien werden verschiedene Abtreibungsmethoden verwendet. Jede Methode beendet Kinderleben.\" \/>\n<meta name=\"robots\" content=\"index, follow, max-snippet:-1, max-image-preview:large, max-video-preview:-1\" \/>\n<link rel=\"canonical\" href=\"https:\/\/prolifeeurope.org\/de\/mehr-wissen\/abtreibungsmethoden\/\" \/>\n<meta property=\"og:locale\" content=\"de_DE\" \/>\n<meta property=\"og:type\" content=\"article\" \/>\n<meta property=\"og:title\" content=\"Abtreibungsmethoden - ProLife Europe\" \/>\n<meta property=\"og:description\" content=\"In verschiedenen Entwicklungsstadien werden verschiedene Abtreibungsmethoden verwendet. Jede Methode beendet Kinderleben.\" \/>\n<meta property=\"og:url\" content=\"https:\/\/prolifeeurope.org\/de\/mehr-wissen\/abtreibungsmethoden\/\" \/>\n<meta property=\"og:site_name\" content=\"ProLife Europe\" \/>\n<meta property=\"article:publisher\" content=\"https:\/\/www.facebook.com\/ProLifeEurope\/\" \/>\n<meta property=\"article:modified_time\" content=\"2025-02-20T16:00:09+00:00\" \/>\n<meta name=\"twitter:card\" content=\"summary_large_image\" \/>\n<meta name=\"twitter:label1\" content=\"Gesch\u00e4tzte Lesezeit\" \/>\n\t<meta name=\"twitter:data1\" content=\"2\u00a0Minuten\" \/>\n<script type=\"application\/ld+json\" class=\"yoast-schema-graph\">{\"@context\":\"https:\/\/schema.org\",\"@graph\":[{\"@type\":\"WebPage\",\"@id\":\"https:\/\/prolifeeurope.org\/de\/mehr-wissen\/abtreibungsmethoden\/\",\"url\":\"https:\/\/prolifeeurope.org\/de\/mehr-wissen\/abtreibungsmethoden\/\",\"name\":\"Abtreibungsmethoden - ProLife Europe\",\"isPartOf\":{\"@id\":\"https:\/\/prolifeeurope.org\/de\/#website\"},\"datePublished\":\"2025-01-15T11:59:54+00:00\",\"dateModified\":\"2025-02-20T16:00:09+00:00\",\"description\":\"In verschiedenen Entwicklungsstadien werden verschiedene Abtreibungsmethoden verwendet. Jede Methode beendet Kinderleben.\",\"breadcrumb\":{\"@id\":\"https:\/\/prolifeeurope.org\/de\/mehr-wissen\/abtreibungsmethoden\/#breadcrumb\"},\"inLanguage\":\"de\",\"potentialAction\":[{\"@type\":\"ReadAction\",\"target\":[\"https:\/\/prolifeeurope.org\/de\/mehr-wissen\/abtreibungsmethoden\/\"]}]},{\"@type\":\"BreadcrumbList\",\"@id\":\"https:\/\/prolifeeurope.org\/de\/mehr-wissen\/abtreibungsmethoden\/#breadcrumb\",\"itemListElement\":[{\"@type\":\"ListItem\",\"position\":1,\"name\":\"Home\",\"item\":\"https:\/\/prolifeeurope.org\/de\/\"},{\"@type\":\"ListItem\",\"position\":2,\"name\":\"Mehr Wissen\",\"item\":\"https:\/\/prolifeeurope.org\/de\/mehr-wissen\/\"},{\"@type\":\"ListItem\",\"position\":3,\"name\":\"Abtreibungsmethoden\"}]},{\"@type\":\"WebSite\",\"@id\":\"https:\/\/prolifeeurope.org\/de\/#website\",\"url\":\"https:\/\/prolifeeurope.org\/de\/\",\"name\":\"ProLife Europe\",\"description\":\"\",\"publisher\":{\"@id\":\"https:\/\/prolifeeurope.org\/de\/#organization\"},\"potentialAction\":[{\"@type\":\"SearchAction\",\"target\":{\"@type\":\"EntryPoint\",\"urlTemplate\":\"https:\/\/prolifeeurope.org\/de\/?s={search_term_string}\"},\"query-input\":{\"@type\":\"PropertyValueSpecification\",\"valueRequired\":true,\"valueName\":\"search_term_string\"}}],\"inLanguage\":\"de\"},{\"@type\":\"Organization\",\"@id\":\"https:\/\/prolifeeurope.org\/de\/#organization\",\"name\":\"ProLife Europe\",\"url\":\"https:\/\/prolifeeurope.org\/de\/\",\"logo\":{\"@type\":\"ImageObject\",\"inLanguage\":\"de\",\"@id\":\"https:\/\/prolifeeurope.org\/de\/#\/schema\/logo\/image\/\",\"url\":\"https:\/\/prolifeeurope.org\/wp-content\/uploads\/2024\/11\/logo-3.svg\",\"contentUrl\":\"https:\/\/prolifeeurope.org\/wp-content\/uploads\/2024\/11\/logo-3.svg\",\"width\":166,\"height\":170,\"caption\":\"ProLife Europe\"},\"image\":{\"@id\":\"https:\/\/prolifeeurope.org\/de\/#\/schema\/logo\/image\/\"},\"sameAs\":[\"https:\/\/www.facebook.com\/ProLifeEurope\/\",\"https:\/\/www.instagram.com\/prolife_europe\/\",\"https:\/\/www.youtube.com\/channel\/UC7olgmdiSVEHZUiP554XozA\"]}]}<\/script>\n<!-- \/ Yoast SEO plugin. -->","yoast_head_json":{"title":"Abtreibungsmethoden - ProLife Europe","description":"In verschiedenen Entwicklungsstadien werden verschiedene Abtreibungsmethoden verwendet. Jede Methode beendet Kinderleben.","robots":{"index":"index","follow":"follow","max-snippet":"max-snippet:-1","max-image-preview":"max-image-preview:large","max-video-preview":"max-video-preview:-1"},"canonical":"https:\/\/prolifeeurope.org\/de\/mehr-wissen\/abtreibungsmethoden\/","og_locale":"de_DE","og_type":"article","og_title":"Abtreibungsmethoden - ProLife Europe","og_description":"In verschiedenen Entwicklungsstadien werden verschiedene Abtreibungsmethoden verwendet. Jede Methode beendet Kinderleben.","og_url":"https:\/\/prolifeeurope.org\/de\/mehr-wissen\/abtreibungsmethoden\/","og_site_name":"ProLife Europe","article_publisher":"https:\/\/www.facebook.com\/ProLifeEurope\/","article_modified_time":"2025-02-20T16:00:09+00:00","twitter_card":"summary_large_image","twitter_misc":{"Gesch\u00e4tzte Lesezeit":"2\u00a0Minuten"},"schema":{"@context":"https:\/\/schema.org","@graph":[{"@type":"WebPage","@id":"https:\/\/prolifeeurope.org\/de\/mehr-wissen\/abtreibungsmethoden\/","url":"https:\/\/prolifeeurope.org\/de\/mehr-wissen\/abtreibungsmethoden\/","name":"Abtreibungsmethoden - ProLife Europe","isPartOf":{"@id":"https:\/\/prolifeeurope.org\/de\/#website"},"datePublished":"2025-01-15T11:59:54+00:00","dateModified":"2025-02-20T16:00:09+00:00","description":"In verschiedenen Entwicklungsstadien werden verschiedene Abtreibungsmethoden verwendet. Jede Methode beendet Kinderleben.","breadcrumb":{"@id":"https:\/\/prolifeeurope.org\/de\/mehr-wissen\/abtreibungsmethoden\/#breadcrumb"},"inLanguage":"de","potentialAction":[{"@type":"ReadAction","target":["https:\/\/prolifeeurope.org\/de\/mehr-wissen\/abtreibungsmethoden\/"]}]},{"@type":"BreadcrumbList","@id":"https:\/\/prolifeeurope.org\/de\/mehr-wissen\/abtreibungsmethoden\/#breadcrumb","itemListElement":[{"@type":"ListItem","position":1,"name":"Home","item":"https:\/\/prolifeeurope.org\/de\/"},{"@type":"ListItem","position":2,"name":"Mehr Wissen","item":"https:\/\/prolifeeurope.org\/de\/mehr-wissen\/"},{"@type":"ListItem","position":3,"name":"Abtreibungsmethoden"}]},{"@type":"WebSite","@id":"https:\/\/prolifeeurope.org\/de\/#website","url":"https:\/\/prolifeeurope.org\/de\/","name":"ProLife Europe","description":"","publisher":{"@id":"https:\/\/prolifeeurope.org\/de\/#organization"},"potentialAction":[{"@type":"SearchAction","target":{"@type":"EntryPoint","urlTemplate":"https:\/\/prolifeeurope.org\/de\/?s={search_term_string}"},"query-input":{"@type":"PropertyValueSpecification","valueRequired":true,"valueName":"search_term_string"}}],"inLanguage":"de"},{"@type":"Organization","@id":"https:\/\/prolifeeurope.org\/de\/#organization","name":"ProLife Europe","url":"https:\/\/prolifeeurope.org\/de\/","logo":{"@type":"ImageObject","inLanguage":"de","@id":"https:\/\/prolifeeurope.org\/de\/#\/schema\/logo\/image\/","url":"https:\/\/prolifeeurope.org\/wp-content\/uploads\/2024\/11\/logo-3.svg","contentUrl":"https:\/\/prolifeeurope.org\/wp-content\/uploads\/2024\/11\/logo-3.svg","width":166,"height":170,"caption":"ProLife Europe"},"image":{"@id":"https:\/\/prolifeeurope.org\/de\/#\/schema\/logo\/image\/"},"sameAs":["https:\/\/www.facebook.com\/ProLifeEurope\/","https:\/\/www.instagram.com\/prolife_europe\/","https:\/\/www.youtube.com\/channel\/UC7olgmdiSVEHZUiP554XozA"]}]}},"_links":{"self":[{"href":"https:\/\/prolifeeurope.org\/de\/wp-json\/wp\/v2\/pages\/2036","targetHints":{"allow":["GET"]}}],"collection":[{"href":"https:\/\/prolifeeurope.org\/de\/wp-json\/wp\/v2\/pages"}],"about":[{"href":"https:\/\/prolifeeurope.org\/de\/wp-json\/wp\/v2\/types\/page"}],"author":[{"embeddable":true,"href":"https:\/\/prolifeeurope.org\/de\/wp-json\/wp\/v2\/users\/14"}],"replies":[{"embeddable":true,"href":"https:\/\/prolifeeurope.org\/de\/wp-json\/wp\/v2\/comments?post=2036"}],"version-history":[{"count":1,"href":"https:\/\/prolifeeurope.org\/de\/wp-json\/wp\/v2\/pages\/2036\/revisions"}],"predecessor-version":[{"id":2037,"href":"https:\/\/prolifeeurope.org\/de\/wp-json\/wp\/v2\/pages\/2036\/revisions\/2037"}],"up":[{"embeddable":true,"href":"https:\/\/prolifeeurope.org\/de\/wp-json\/wp\/v2\/pages\/1951"}],"wp:attachment":[{"href":"https:\/\/prolifeeurope.org\/de\/wp-json\/wp\/v2\/media?parent=2036"}],"wp:term":[{"taxonomy":"topic","embeddable":true,"href":"https:\/\/prolifeeurope.org\/de\/wp-json\/wp\/v2\/topic?post=2036"}],"curies":[{"name":"wp","href":"https:\/\/api.w.org\/{rel}","templated":true}]}}