{"id":2034,"date":"2025-01-15T17:51:48","date_gmt":"2025-01-15T16:51:48","guid":{"rendered":"https:\/\/ws-staging.prolifeeurope.org\/mehr-wissen\/abtreibung-im-zusammenhang-mit-hormoneller-verhuetung-und-kupferspirale\/"},"modified":"2025-02-20T16:55:53","modified_gmt":"2025-02-20T15:55:53","slug":"abtreibung-im-zusammenhang-mit-hormoneller-verhuetung-und-kupferspirale","status":"publish","type":"page","link":"https:\/\/prolifeeurope.org\/de\/mehr-wissen\/abtreibung-im-zusammenhang-mit-hormoneller-verhuetung-und-kupferspirale\/","title":{"rendered":"Abtreibung im Zusammenhang mit hormoneller Verh\u00fctung und Kupferspirale"},"content":{"rendered":"\n<blockquote class=\"wp-block-quote is-layout-flow wp-block-quote-is-layout-flow\">\n<h3 class=\"wp-block-heading\"><em>&#8222;Anstatt sp\u00e4ter abtreiben zu m\u00fcssen, sollten Menschen vorsichtiger sein und Verh\u00fctungsmittel nutzen, um eine Schwangerschaft zu verhindern.&#8220;<\/em><\/h3>\n<\/blockquote>\n\n<p>Obwohl diese Aussage weit verbreitet ist, ist sie falsch, denn alle hormonellen Verh\u00fctungsmittel, aber auch die Kupferspirale, k\u00f6nnen in der fr\u00fchesten Phase einer Schwangerschaft zu einer Abtreibung f\u00fchren. Wie? Die meisten dieser Verh\u00fctungsmethoden versuchen, eine Befruchtung zu verhindern (haupts\u00e4chlich durch die Verdickung des Zervixschleims, der das Eindringen von Spermien in die Geb\u00e4rmutter erschwert). Dies ist jedoch nicht zu 100 % erfolgreich. Falls eine Befruchtung stattfindet hat ein neues menschliches Leben begonnen. Aufgrund des verdickten Zervixschleims kann sich der Embryo nicht in der Geb\u00e4rmutter einnisten, wodurch er abstirbt und ausgeschieden wird, ohne dass die Frau wei\u00df, dass sie f\u00fcr kurze Zeit schwanger war.    <\/p>\n\n<p>Hier findest du weiterf\u00fchrende Infos zu diesem Thema: <\/p>\n\n<p class=\"has-small-font-size\"><a href=\"https:\/\/en.unav.edu\/web\/humanities-and-medical-ethics-unit\/bioethics-material\/las-pildoras-contraceptivas-modernas-incluyen-en-su-mecanismo-de-accion-un-efecto-abortifaciente#gsc.tab=0\" target=\"_blank\" rel=\"noreferrer noopener\">https:\/\/en.unav.edu\/web\/humanities-and-medical-ethics-unit\/bioethics-material\/las-pildoras-contraceptivas-modernas-incluyen-en-su-mecanismo-de-accion-un-efecto-abortifaciente#gsc.tab=0<\/a><\/p>\n\n<p class=\"has-small-font-size\"><a href=\"https:\/\/digitalcommons.cedarville.edu\/cgi\/viewcontent.cgi?article=1050&amp;context=science_and_mathematics_publications\" target=\"_blank\" rel=\"noreferrer noopener\">https:\/\/digitalcommons.cedarville.edu\/cgi\/viewcontent.cgi?article=1050&amp;context=science_and_mathematics_publications<\/a><\/p>\n\n<p class=\"has-small-font-size\"><a href=\"https:\/\/www.hli.org\/resources\/if-you-take-birth-control-while-pregnant-will-it-kill-the-baby\/\" target=\"_blank\" rel=\"noreferrer noopener\">https:\/\/www.hli.org\/resources\/if-you-take-birth-control-while-pregnant-will-it-kill-the-baby\/<\/a><\/p>\n\n<p class=\"has-small-font-size\"><a href=\"https:\/\/www.imabe.org\/imabeinfos\/zur-frage-der-nidationshemmung-oraler-kontrazeptiva\" target=\"_blank\" rel=\"noreferrer noopener\">https:\/\/www.imabe.org\/imabeinfos\/zur-frage-der-nidationshemmung-oraler-kontrazeptiva<\/a><\/p>\n","protected":false},"excerpt":{"rendered":"<p>&#8222;Anstatt sp\u00e4ter abtreiben zu m\u00fcssen, sollten Menschen vorsichtiger sein und Verh\u00fctungsmittel nutzen, um eine Schwangerschaft zu verhindern.&#8220; Obwohl diese Aussage weit verbreitet ist, ist sie falsch, denn alle hormonellen Verh\u00fctungsmittel,<a href=\"https:\/\/prolifeeurope.org\/de\/mehr-wissen\/abtreibung-im-zusammenhang-mit-hormoneller-verhuetung-und-kupferspirale\/\">Continue reading <span class=\"sr-only\">&#8222;Abtreibung im Zusammenhang mit hormoneller Verh\u00fctung und Kupferspirale&#8220;<\/span><\/a><\/p>\n","protected":false},"author":14,"featured_media":0,"parent":1951,"menu_order":0,"comment_status":"closed","ping_status":"closed","template":"page-topic.php","meta":{"_acf_changed":false,"_monsterinsights_skip_tracking":false,"_monsterinsights_sitenote_active":false,"_monsterinsights_sitenote_note":"","_monsterinsights_sitenote_category":0,"footnotes":""},"topic":[],"class_list":["post-2034","page","type-page","status-publish","hentry"],"acf":[],"yoast_head":"<!-- This site is optimized with the Yoast SEO plugin v27.2 - https:\/\/yoast.com\/product\/yoast-seo-wordpress\/ -->\n<title>Abtreibung im Zusammenhang mit hormoneller Verh\u00fctung und Kupferspirale - ProLife Europe<\/title>\n<meta name=\"description\" content=\"Alle hormonellen Verh\u00fctungsmittel, aber auch die Kupferspirale wirken nicht nur empf\u00e4ngnisverh\u00fctend, sondern ggf. auch nidationshemmend.\" \/>\n<meta name=\"robots\" content=\"index, follow, max-snippet:-1, max-image-preview:large, max-video-preview:-1\" \/>\n<link rel=\"canonical\" href=\"https:\/\/prolifeeurope.org\/de\/mehr-wissen\/abtreibung-im-zusammenhang-mit-hormoneller-verhuetung-und-kupferspirale\/\" \/>\n<meta property=\"og:locale\" content=\"de_DE\" \/>\n<meta property=\"og:type\" content=\"article\" \/>\n<meta property=\"og:title\" content=\"Abtreibung im Zusammenhang mit hormoneller Verh\u00fctung und Kupferspirale - ProLife Europe\" \/>\n<meta property=\"og:description\" content=\"Alle hormonellen Verh\u00fctungsmittel, aber auch die Kupferspirale wirken nicht nur empf\u00e4ngnisverh\u00fctend, sondern ggf. auch nidationshemmend.\" \/>\n<meta property=\"og:url\" content=\"https:\/\/prolifeeurope.org\/de\/mehr-wissen\/abtreibung-im-zusammenhang-mit-hormoneller-verhuetung-und-kupferspirale\/\" \/>\n<meta property=\"og:site_name\" content=\"ProLife Europe\" \/>\n<meta property=\"article:publisher\" content=\"https:\/\/www.facebook.com\/ProLifeEurope\/\" \/>\n<meta property=\"article:modified_time\" content=\"2025-02-20T15:55:53+00:00\" \/>\n<meta name=\"twitter:card\" content=\"summary_large_image\" \/>\n<meta name=\"twitter:label1\" content=\"Gesch\u00e4tzte Lesezeit\" \/>\n\t<meta name=\"twitter:data1\" content=\"1\u00a0Minute\" \/>\n<script type=\"application\/ld+json\" class=\"yoast-schema-graph\">{\"@context\":\"https:\/\/schema.org\",\"@graph\":[{\"@type\":\"WebPage\",\"@id\":\"https:\/\/prolifeeurope.org\/de\/mehr-wissen\/abtreibung-im-zusammenhang-mit-hormoneller-verhuetung-und-kupferspirale\/\",\"url\":\"https:\/\/prolifeeurope.org\/de\/mehr-wissen\/abtreibung-im-zusammenhang-mit-hormoneller-verhuetung-und-kupferspirale\/\",\"name\":\"Abtreibung im Zusammenhang mit hormoneller Verh\u00fctung und Kupferspirale - ProLife Europe\",\"isPartOf\":{\"@id\":\"https:\/\/prolifeeurope.org\/de\/#website\"},\"datePublished\":\"2025-01-15T16:51:48+00:00\",\"dateModified\":\"2025-02-20T15:55:53+00:00\",\"description\":\"Alle hormonellen Verh\u00fctungsmittel, aber auch die Kupferspirale wirken nicht nur empf\u00e4ngnisverh\u00fctend, sondern ggf. auch nidationshemmend.\",\"breadcrumb\":{\"@id\":\"https:\/\/prolifeeurope.org\/de\/mehr-wissen\/abtreibung-im-zusammenhang-mit-hormoneller-verhuetung-und-kupferspirale\/#breadcrumb\"},\"inLanguage\":\"de\",\"potentialAction\":[{\"@type\":\"ReadAction\",\"target\":[\"https:\/\/prolifeeurope.org\/de\/mehr-wissen\/abtreibung-im-zusammenhang-mit-hormoneller-verhuetung-und-kupferspirale\/\"]}]},{\"@type\":\"BreadcrumbList\",\"@id\":\"https:\/\/prolifeeurope.org\/de\/mehr-wissen\/abtreibung-im-zusammenhang-mit-hormoneller-verhuetung-und-kupferspirale\/#breadcrumb\",\"itemListElement\":[{\"@type\":\"ListItem\",\"position\":1,\"name\":\"Home\",\"item\":\"https:\/\/prolifeeurope.org\/de\/\"},{\"@type\":\"ListItem\",\"position\":2,\"name\":\"Mehr Wissen\",\"item\":\"https:\/\/prolifeeurope.org\/de\/mehr-wissen\/\"},{\"@type\":\"ListItem\",\"position\":3,\"name\":\"Abtreibung im Zusammenhang mit hormoneller Verh\u00fctung und Kupferspirale\"}]},{\"@type\":\"WebSite\",\"@id\":\"https:\/\/prolifeeurope.org\/de\/#website\",\"url\":\"https:\/\/prolifeeurope.org\/de\/\",\"name\":\"ProLife Europe\",\"description\":\"\",\"publisher\":{\"@id\":\"https:\/\/prolifeeurope.org\/de\/#organization\"},\"potentialAction\":[{\"@type\":\"SearchAction\",\"target\":{\"@type\":\"EntryPoint\",\"urlTemplate\":\"https:\/\/prolifeeurope.org\/de\/?s={search_term_string}\"},\"query-input\":{\"@type\":\"PropertyValueSpecification\",\"valueRequired\":true,\"valueName\":\"search_term_string\"}}],\"inLanguage\":\"de\"},{\"@type\":\"Organization\",\"@id\":\"https:\/\/prolifeeurope.org\/de\/#organization\",\"name\":\"ProLife Europe\",\"url\":\"https:\/\/prolifeeurope.org\/de\/\",\"logo\":{\"@type\":\"ImageObject\",\"inLanguage\":\"de\",\"@id\":\"https:\/\/prolifeeurope.org\/de\/#\/schema\/logo\/image\/\",\"url\":\"https:\/\/prolifeeurope.org\/wp-content\/uploads\/2024\/11\/logo-3.svg\",\"contentUrl\":\"https:\/\/prolifeeurope.org\/wp-content\/uploads\/2024\/11\/logo-3.svg\",\"width\":166,\"height\":170,\"caption\":\"ProLife Europe\"},\"image\":{\"@id\":\"https:\/\/prolifeeurope.org\/de\/#\/schema\/logo\/image\/\"},\"sameAs\":[\"https:\/\/www.facebook.com\/ProLifeEurope\/\",\"https:\/\/www.instagram.com\/prolife_europe\/\",\"https:\/\/www.youtube.com\/channel\/UC7olgmdiSVEHZUiP554XozA\"]}]}<\/script>\n<!-- \/ Yoast SEO plugin. -->","yoast_head_json":{"title":"Abtreibung im Zusammenhang mit hormoneller Verh\u00fctung und Kupferspirale - ProLife Europe","description":"Alle hormonellen Verh\u00fctungsmittel, aber auch die Kupferspirale wirken nicht nur empf\u00e4ngnisverh\u00fctend, sondern ggf. auch nidationshemmend.","robots":{"index":"index","follow":"follow","max-snippet":"max-snippet:-1","max-image-preview":"max-image-preview:large","max-video-preview":"max-video-preview:-1"},"canonical":"https:\/\/prolifeeurope.org\/de\/mehr-wissen\/abtreibung-im-zusammenhang-mit-hormoneller-verhuetung-und-kupferspirale\/","og_locale":"de_DE","og_type":"article","og_title":"Abtreibung im Zusammenhang mit hormoneller Verh\u00fctung und Kupferspirale - ProLife Europe","og_description":"Alle hormonellen Verh\u00fctungsmittel, aber auch die Kupferspirale wirken nicht nur empf\u00e4ngnisverh\u00fctend, sondern ggf. auch nidationshemmend.","og_url":"https:\/\/prolifeeurope.org\/de\/mehr-wissen\/abtreibung-im-zusammenhang-mit-hormoneller-verhuetung-und-kupferspirale\/","og_site_name":"ProLife Europe","article_publisher":"https:\/\/www.facebook.com\/ProLifeEurope\/","article_modified_time":"2025-02-20T15:55:53+00:00","twitter_card":"summary_large_image","twitter_misc":{"Gesch\u00e4tzte Lesezeit":"1\u00a0Minute"},"schema":{"@context":"https:\/\/schema.org","@graph":[{"@type":"WebPage","@id":"https:\/\/prolifeeurope.org\/de\/mehr-wissen\/abtreibung-im-zusammenhang-mit-hormoneller-verhuetung-und-kupferspirale\/","url":"https:\/\/prolifeeurope.org\/de\/mehr-wissen\/abtreibung-im-zusammenhang-mit-hormoneller-verhuetung-und-kupferspirale\/","name":"Abtreibung im Zusammenhang mit hormoneller Verh\u00fctung und Kupferspirale - ProLife Europe","isPartOf":{"@id":"https:\/\/prolifeeurope.org\/de\/#website"},"datePublished":"2025-01-15T16:51:48+00:00","dateModified":"2025-02-20T15:55:53+00:00","description":"Alle hormonellen Verh\u00fctungsmittel, aber auch die Kupferspirale wirken nicht nur empf\u00e4ngnisverh\u00fctend, sondern ggf. auch nidationshemmend.","breadcrumb":{"@id":"https:\/\/prolifeeurope.org\/de\/mehr-wissen\/abtreibung-im-zusammenhang-mit-hormoneller-verhuetung-und-kupferspirale\/#breadcrumb"},"inLanguage":"de","potentialAction":[{"@type":"ReadAction","target":["https:\/\/prolifeeurope.org\/de\/mehr-wissen\/abtreibung-im-zusammenhang-mit-hormoneller-verhuetung-und-kupferspirale\/"]}]},{"@type":"BreadcrumbList","@id":"https:\/\/prolifeeurope.org\/de\/mehr-wissen\/abtreibung-im-zusammenhang-mit-hormoneller-verhuetung-und-kupferspirale\/#breadcrumb","itemListElement":[{"@type":"ListItem","position":1,"name":"Home","item":"https:\/\/prolifeeurope.org\/de\/"},{"@type":"ListItem","position":2,"name":"Mehr Wissen","item":"https:\/\/prolifeeurope.org\/de\/mehr-wissen\/"},{"@type":"ListItem","position":3,"name":"Abtreibung im Zusammenhang mit hormoneller Verh\u00fctung und Kupferspirale"}]},{"@type":"WebSite","@id":"https:\/\/prolifeeurope.org\/de\/#website","url":"https:\/\/prolifeeurope.org\/de\/","name":"ProLife Europe","description":"","publisher":{"@id":"https:\/\/prolifeeurope.org\/de\/#organization"},"potentialAction":[{"@type":"SearchAction","target":{"@type":"EntryPoint","urlTemplate":"https:\/\/prolifeeurope.org\/de\/?s={search_term_string}"},"query-input":{"@type":"PropertyValueSpecification","valueRequired":true,"valueName":"search_term_string"}}],"inLanguage":"de"},{"@type":"Organization","@id":"https:\/\/prolifeeurope.org\/de\/#organization","name":"ProLife Europe","url":"https:\/\/prolifeeurope.org\/de\/","logo":{"@type":"ImageObject","inLanguage":"de","@id":"https:\/\/prolifeeurope.org\/de\/#\/schema\/logo\/image\/","url":"https:\/\/prolifeeurope.org\/wp-content\/uploads\/2024\/11\/logo-3.svg","contentUrl":"https:\/\/prolifeeurope.org\/wp-content\/uploads\/2024\/11\/logo-3.svg","width":166,"height":170,"caption":"ProLife Europe"},"image":{"@id":"https:\/\/prolifeeurope.org\/de\/#\/schema\/logo\/image\/"},"sameAs":["https:\/\/www.facebook.com\/ProLifeEurope\/","https:\/\/www.instagram.com\/prolife_europe\/","https:\/\/www.youtube.com\/channel\/UC7olgmdiSVEHZUiP554XozA"]}]}},"_links":{"self":[{"href":"https:\/\/prolifeeurope.org\/de\/wp-json\/wp\/v2\/pages\/2034","targetHints":{"allow":["GET"]}}],"collection":[{"href":"https:\/\/prolifeeurope.org\/de\/wp-json\/wp\/v2\/pages"}],"about":[{"href":"https:\/\/prolifeeurope.org\/de\/wp-json\/wp\/v2\/types\/page"}],"author":[{"embeddable":true,"href":"https:\/\/prolifeeurope.org\/de\/wp-json\/wp\/v2\/users\/14"}],"replies":[{"embeddable":true,"href":"https:\/\/prolifeeurope.org\/de\/wp-json\/wp\/v2\/comments?post=2034"}],"version-history":[{"count":1,"href":"https:\/\/prolifeeurope.org\/de\/wp-json\/wp\/v2\/pages\/2034\/revisions"}],"predecessor-version":[{"id":2035,"href":"https:\/\/prolifeeurope.org\/de\/wp-json\/wp\/v2\/pages\/2034\/revisions\/2035"}],"up":[{"embeddable":true,"href":"https:\/\/prolifeeurope.org\/de\/wp-json\/wp\/v2\/pages\/1951"}],"wp:attachment":[{"href":"https:\/\/prolifeeurope.org\/de\/wp-json\/wp\/v2\/media?parent=2034"}],"wp:term":[{"taxonomy":"topic","embeddable":true,"href":"https:\/\/prolifeeurope.org\/de\/wp-json\/wp\/v2\/topic?post=2034"}],"curies":[{"name":"wp","href":"https:\/\/api.w.org\/{rel}","templated":true}]}}