{"id":2001,"date":"2025-01-15T18:20:00","date_gmt":"2025-01-15T17:20:00","guid":{"rendered":"https:\/\/ws-staging.prolifeeurope.org\/mehr-wissen\/abtreibung-und-vergewaltigung\/"},"modified":"2025-02-18T11:26:44","modified_gmt":"2025-02-18T10:26:44","slug":"abtreibung-und-vergewaltigung","status":"publish","type":"page","link":"https:\/\/prolifeeurope.org\/de\/mehr-wissen\/abtreibung-und-vergewaltigung\/","title":{"rendered":"Abtreibung und Vergewaltigung"},"content":{"rendered":"\n<p>Jegliche Form von sexueller Gewalt durchmachen zu m\u00fcssen ist eine furchtbare Erfahrung. Aber wenn eine Frau w\u00e4hrend dieses erschreckenden Erlebnisses schwanger wird, hilft eine Abtreibung wirklich dabei, die Vergewaltigung zu verarbeiten? Auf den ersten Blick scheint es eine schnelle und einfache L\u00f6sung zu sein: Einfach das Kind abtreiben und fertig. Ja, eine Abtreibung kann sehr schnell durchgef\u00fchrt werden, aber sie dreht weder die Zeit zur\u00fcck noch wird die Frau vergessen, dass sie danach schwanger war. Vergewaltigung ist ein schreckliches Trauma, aber Abtreibung ist keine Heilung daf\u00fcr. Aus rein k\u00f6rperlicher Sicht stellt es eine zweite gewaltsame Verletzung ihres K\u00f6rpers dar. Eine Abtreibung kann sowohl k\u00f6rperliche als auch psychische Komplikationen nach sich ziehen, die zum Trauma der Vergewaltigung hinzukommen. Trauma kann nicht mit Trauma geheilt werden. Daher ist eine Abtreibung nach einer Vergewaltigung, obwohl sie auf den ersten Blick wie eine L\u00f6sung erscheint, nicht hilfreich f\u00fcr die Heilung der Frau.          <\/p>\n\n<p>Dazu kommt folgendes Problem: wenn ein Verbrechen begangen wird, sollte der T\u00e4ter bestraft werden, nicht das Opfer. Eine Abtreibung bestraft das Opfer und eine unschuldige dritte Partei \u2013 das Kind, das keinen Einfluss auf die Umst\u00e4nde seiner Zeugung hatte. Das Kind ist nicht f\u00fcr die S\u00fcnden des Vaters verantwortlich und sollte nicht mit seinem Leben daf\u00fcr bezahlen m\u00fcssen. Die Umst\u00e4nde unserer Zeugung beeinflussen nicht unsere W\u00fcrde und unseren Wert als Menschen. Jedes Leben, unabh\u00e4ngig von den Umst\u00e4nden seiner Entstehung, hat einen unermesslichen Wert und sollte mit Respekt und Achtung behandelt werden.   <\/p>\n\n<p><\/p>\n","protected":false},"excerpt":{"rendered":"<p>Jegliche Form von sexueller Gewalt durchmachen zu m\u00fcssen ist eine furchtbare Erfahrung. Aber wenn eine Frau w\u00e4hrend dieses erschreckenden Erlebnisses schwanger wird, hilft eine Abtreibung wirklich dabei, die Vergewaltigung zu<a href=\"https:\/\/prolifeeurope.org\/de\/mehr-wissen\/abtreibung-und-vergewaltigung\/\">Continue reading <span class=\"sr-only\">&#8222;Abtreibung und Vergewaltigung&#8220;<\/span><\/a><\/p>\n","protected":false},"author":14,"featured_media":0,"parent":1951,"menu_order":0,"comment_status":"closed","ping_status":"closed","template":"page-topic.php","meta":{"_acf_changed":false,"_monsterinsights_skip_tracking":false,"_monsterinsights_sitenote_active":false,"_monsterinsights_sitenote_note":"","_monsterinsights_sitenote_category":0,"footnotes":""},"topic":[],"class_list":["post-2001","page","type-page","status-publish","hentry"],"acf":[],"yoast_head":"<!-- This site is optimized with the Yoast SEO plugin v27.2 - https:\/\/yoast.com\/product\/yoast-seo-wordpress\/ -->\n<title>Abtreibung und Vergewaltigung - ProLife Europe<\/title>\n<meta name=\"description\" content=\"Lerne die Herausforderungen kennen, das Recht auf Leben mit dem Trauma von Vergewaltigung in Einklang zu bringen, sowie die Auswirkungen auf sowohl die Mutter als auch das Kind.\" \/>\n<meta name=\"robots\" content=\"index, follow, max-snippet:-1, max-image-preview:large, max-video-preview:-1\" \/>\n<link rel=\"canonical\" href=\"https:\/\/prolifeeurope.org\/de\/mehr-wissen\/abtreibung-und-vergewaltigung\/\" \/>\n<meta property=\"og:locale\" content=\"de_DE\" \/>\n<meta property=\"og:type\" content=\"article\" \/>\n<meta property=\"og:title\" content=\"Abtreibung und Vergewaltigung - ProLife Europe\" \/>\n<meta property=\"og:description\" content=\"Lerne die Herausforderungen kennen, das Recht auf Leben mit dem Trauma von Vergewaltigung in Einklang zu bringen, sowie die Auswirkungen auf sowohl die Mutter als auch das Kind.\" \/>\n<meta property=\"og:url\" content=\"https:\/\/prolifeeurope.org\/de\/mehr-wissen\/abtreibung-und-vergewaltigung\/\" \/>\n<meta property=\"og:site_name\" content=\"ProLife Europe\" \/>\n<meta property=\"article:publisher\" content=\"https:\/\/www.facebook.com\/ProLifeEurope\/\" \/>\n<meta property=\"article:modified_time\" content=\"2025-02-18T10:26:44+00:00\" \/>\n<meta name=\"twitter:card\" content=\"summary_large_image\" \/>\n<meta name=\"twitter:label1\" content=\"Gesch\u00e4tzte Lesezeit\" \/>\n\t<meta name=\"twitter:data1\" content=\"2\u00a0Minuten\" \/>\n<script type=\"application\/ld+json\" class=\"yoast-schema-graph\">{\"@context\":\"https:\/\/schema.org\",\"@graph\":[{\"@type\":\"WebPage\",\"@id\":\"https:\/\/prolifeeurope.org\/de\/mehr-wissen\/abtreibung-und-vergewaltigung\/\",\"url\":\"https:\/\/prolifeeurope.org\/de\/mehr-wissen\/abtreibung-und-vergewaltigung\/\",\"name\":\"Abtreibung und Vergewaltigung - ProLife Europe\",\"isPartOf\":{\"@id\":\"https:\/\/prolifeeurope.org\/de\/#website\"},\"datePublished\":\"2025-01-15T17:20:00+00:00\",\"dateModified\":\"2025-02-18T10:26:44+00:00\",\"description\":\"Lerne die Herausforderungen kennen, das Recht auf Leben mit dem Trauma von Vergewaltigung in Einklang zu bringen, sowie die Auswirkungen auf sowohl die Mutter als auch das Kind.\",\"breadcrumb\":{\"@id\":\"https:\/\/prolifeeurope.org\/de\/mehr-wissen\/abtreibung-und-vergewaltigung\/#breadcrumb\"},\"inLanguage\":\"de\",\"potentialAction\":[{\"@type\":\"ReadAction\",\"target\":[\"https:\/\/prolifeeurope.org\/de\/mehr-wissen\/abtreibung-und-vergewaltigung\/\"]}]},{\"@type\":\"BreadcrumbList\",\"@id\":\"https:\/\/prolifeeurope.org\/de\/mehr-wissen\/abtreibung-und-vergewaltigung\/#breadcrumb\",\"itemListElement\":[{\"@type\":\"ListItem\",\"position\":1,\"name\":\"Home\",\"item\":\"https:\/\/prolifeeurope.org\/de\/\"},{\"@type\":\"ListItem\",\"position\":2,\"name\":\"Mehr Wissen\",\"item\":\"https:\/\/prolifeeurope.org\/de\/mehr-wissen\/\"},{\"@type\":\"ListItem\",\"position\":3,\"name\":\"Abtreibung und Vergewaltigung\"}]},{\"@type\":\"WebSite\",\"@id\":\"https:\/\/prolifeeurope.org\/de\/#website\",\"url\":\"https:\/\/prolifeeurope.org\/de\/\",\"name\":\"ProLife Europe\",\"description\":\"\",\"publisher\":{\"@id\":\"https:\/\/prolifeeurope.org\/de\/#organization\"},\"potentialAction\":[{\"@type\":\"SearchAction\",\"target\":{\"@type\":\"EntryPoint\",\"urlTemplate\":\"https:\/\/prolifeeurope.org\/de\/?s={search_term_string}\"},\"query-input\":{\"@type\":\"PropertyValueSpecification\",\"valueRequired\":true,\"valueName\":\"search_term_string\"}}],\"inLanguage\":\"de\"},{\"@type\":\"Organization\",\"@id\":\"https:\/\/prolifeeurope.org\/de\/#organization\",\"name\":\"ProLife Europe\",\"url\":\"https:\/\/prolifeeurope.org\/de\/\",\"logo\":{\"@type\":\"ImageObject\",\"inLanguage\":\"de\",\"@id\":\"https:\/\/prolifeeurope.org\/de\/#\/schema\/logo\/image\/\",\"url\":\"https:\/\/prolifeeurope.org\/wp-content\/uploads\/2024\/11\/logo-3.svg\",\"contentUrl\":\"https:\/\/prolifeeurope.org\/wp-content\/uploads\/2024\/11\/logo-3.svg\",\"width\":166,\"height\":170,\"caption\":\"ProLife Europe\"},\"image\":{\"@id\":\"https:\/\/prolifeeurope.org\/de\/#\/schema\/logo\/image\/\"},\"sameAs\":[\"https:\/\/www.facebook.com\/ProLifeEurope\/\",\"https:\/\/www.instagram.com\/prolife_europe\/\",\"https:\/\/www.youtube.com\/channel\/UC7olgmdiSVEHZUiP554XozA\"]}]}<\/script>\n<!-- \/ Yoast SEO plugin. -->","yoast_head_json":{"title":"Abtreibung und Vergewaltigung - ProLife Europe","description":"Lerne die Herausforderungen kennen, das Recht auf Leben mit dem Trauma von Vergewaltigung in Einklang zu bringen, sowie die Auswirkungen auf sowohl die Mutter als auch das Kind.","robots":{"index":"index","follow":"follow","max-snippet":"max-snippet:-1","max-image-preview":"max-image-preview:large","max-video-preview":"max-video-preview:-1"},"canonical":"https:\/\/prolifeeurope.org\/de\/mehr-wissen\/abtreibung-und-vergewaltigung\/","og_locale":"de_DE","og_type":"article","og_title":"Abtreibung und Vergewaltigung - ProLife Europe","og_description":"Lerne die Herausforderungen kennen, das Recht auf Leben mit dem Trauma von Vergewaltigung in Einklang zu bringen, sowie die Auswirkungen auf sowohl die Mutter als auch das Kind.","og_url":"https:\/\/prolifeeurope.org\/de\/mehr-wissen\/abtreibung-und-vergewaltigung\/","og_site_name":"ProLife Europe","article_publisher":"https:\/\/www.facebook.com\/ProLifeEurope\/","article_modified_time":"2025-02-18T10:26:44+00:00","twitter_card":"summary_large_image","twitter_misc":{"Gesch\u00e4tzte Lesezeit":"2\u00a0Minuten"},"schema":{"@context":"https:\/\/schema.org","@graph":[{"@type":"WebPage","@id":"https:\/\/prolifeeurope.org\/de\/mehr-wissen\/abtreibung-und-vergewaltigung\/","url":"https:\/\/prolifeeurope.org\/de\/mehr-wissen\/abtreibung-und-vergewaltigung\/","name":"Abtreibung und Vergewaltigung - ProLife Europe","isPartOf":{"@id":"https:\/\/prolifeeurope.org\/de\/#website"},"datePublished":"2025-01-15T17:20:00+00:00","dateModified":"2025-02-18T10:26:44+00:00","description":"Lerne die Herausforderungen kennen, das Recht auf Leben mit dem Trauma von Vergewaltigung in Einklang zu bringen, sowie die Auswirkungen auf sowohl die Mutter als auch das Kind.","breadcrumb":{"@id":"https:\/\/prolifeeurope.org\/de\/mehr-wissen\/abtreibung-und-vergewaltigung\/#breadcrumb"},"inLanguage":"de","potentialAction":[{"@type":"ReadAction","target":["https:\/\/prolifeeurope.org\/de\/mehr-wissen\/abtreibung-und-vergewaltigung\/"]}]},{"@type":"BreadcrumbList","@id":"https:\/\/prolifeeurope.org\/de\/mehr-wissen\/abtreibung-und-vergewaltigung\/#breadcrumb","itemListElement":[{"@type":"ListItem","position":1,"name":"Home","item":"https:\/\/prolifeeurope.org\/de\/"},{"@type":"ListItem","position":2,"name":"Mehr Wissen","item":"https:\/\/prolifeeurope.org\/de\/mehr-wissen\/"},{"@type":"ListItem","position":3,"name":"Abtreibung und Vergewaltigung"}]},{"@type":"WebSite","@id":"https:\/\/prolifeeurope.org\/de\/#website","url":"https:\/\/prolifeeurope.org\/de\/","name":"ProLife Europe","description":"","publisher":{"@id":"https:\/\/prolifeeurope.org\/de\/#organization"},"potentialAction":[{"@type":"SearchAction","target":{"@type":"EntryPoint","urlTemplate":"https:\/\/prolifeeurope.org\/de\/?s={search_term_string}"},"query-input":{"@type":"PropertyValueSpecification","valueRequired":true,"valueName":"search_term_string"}}],"inLanguage":"de"},{"@type":"Organization","@id":"https:\/\/prolifeeurope.org\/de\/#organization","name":"ProLife Europe","url":"https:\/\/prolifeeurope.org\/de\/","logo":{"@type":"ImageObject","inLanguage":"de","@id":"https:\/\/prolifeeurope.org\/de\/#\/schema\/logo\/image\/","url":"https:\/\/prolifeeurope.org\/wp-content\/uploads\/2024\/11\/logo-3.svg","contentUrl":"https:\/\/prolifeeurope.org\/wp-content\/uploads\/2024\/11\/logo-3.svg","width":166,"height":170,"caption":"ProLife Europe"},"image":{"@id":"https:\/\/prolifeeurope.org\/de\/#\/schema\/logo\/image\/"},"sameAs":["https:\/\/www.facebook.com\/ProLifeEurope\/","https:\/\/www.instagram.com\/prolife_europe\/","https:\/\/www.youtube.com\/channel\/UC7olgmdiSVEHZUiP554XozA"]}]}},"_links":{"self":[{"href":"https:\/\/prolifeeurope.org\/de\/wp-json\/wp\/v2\/pages\/2001","targetHints":{"allow":["GET"]}}],"collection":[{"href":"https:\/\/prolifeeurope.org\/de\/wp-json\/wp\/v2\/pages"}],"about":[{"href":"https:\/\/prolifeeurope.org\/de\/wp-json\/wp\/v2\/types\/page"}],"author":[{"embeddable":true,"href":"https:\/\/prolifeeurope.org\/de\/wp-json\/wp\/v2\/users\/14"}],"replies":[{"embeddable":true,"href":"https:\/\/prolifeeurope.org\/de\/wp-json\/wp\/v2\/comments?post=2001"}],"version-history":[{"count":1,"href":"https:\/\/prolifeeurope.org\/de\/wp-json\/wp\/v2\/pages\/2001\/revisions"}],"predecessor-version":[{"id":2002,"href":"https:\/\/prolifeeurope.org\/de\/wp-json\/wp\/v2\/pages\/2001\/revisions\/2002"}],"up":[{"embeddable":true,"href":"https:\/\/prolifeeurope.org\/de\/wp-json\/wp\/v2\/pages\/1951"}],"wp:attachment":[{"href":"https:\/\/prolifeeurope.org\/de\/wp-json\/wp\/v2\/media?parent=2001"}],"wp:term":[{"taxonomy":"topic","embeddable":true,"href":"https:\/\/prolifeeurope.org\/de\/wp-json\/wp\/v2\/topic?post=2001"}],"curies":[{"name":"wp","href":"https:\/\/api.w.org\/{rel}","templated":true}]}}