{"id":1998,"date":"2025-01-15T17:49:42","date_gmt":"2025-01-15T16:49:42","guid":{"rendered":"https:\/\/ws-staging.prolifeeurope.org\/mehr-wissen\/abtreibung-und-menschenrechte\/"},"modified":"2025-02-07T16:36:16","modified_gmt":"2025-02-07T15:36:16","slug":"abtreibung-und-menschenrechte","status":"publish","type":"page","link":"https:\/\/prolifeeurope.org\/de\/mehr-wissen\/abtreibung-und-menschenrechte\/","title":{"rendered":"Abtreibung und Menschenrechte"},"content":{"rendered":"\n<p>Seit dem Ende des Zweiten Weltkriegs hat sich eine starke Menschenrechtsbewegung entwickelt, beginnend mit der Allgemeinen Erkl\u00e4rung der Menschenrechte (AEMR), die 1948 von der UN-Generalversammlung nach den Schrecken des Zweiten Weltkriegs verabschiedet wurde. Dieser Erkl\u00e4rung folgte 1950 die Europ\u00e4ische Menschenrechtskonvention (EMRK) und 2000 die Charta der Grundrechte der Europ\u00e4ischen Union (GRCh). Obwohl keine der oben genannten Erkl\u00e4rungen verbindliche Gesetze sind, haben die unterst\u00fctzenden L\u00e4nder sie als vereinbarte Leitlinien akzeptiert, denen nationale Gesetze nicht widersprechen d\u00fcrfen.   <\/p>\n\n<p>Jede einzelne dieser Erkl\u00e4rungen definiert das Recht auf Leben als ein grundlegendes individuelles Recht: <em>\u201cJeder hat das Recht auf Leben, Freiheit und Sicherheit der Person.\u201d<\/em> (AEMR, Art. 3)<\/p>\n\n<p><em>\u201cDas Recht jedes Menschen auf Leben wird gesetzlich gesch\u00fctzt.\u201d <\/em> (EMRK, Art. 2)<\/p>\n\n<p><em>\u201cDie W\u00fcrde des Menschen ist unantastbar. Sie ist zu achten und zu sch\u00fctzen. Jeder Mensch hat das Recht auf Leben. [&#8230;] Jeder Mensch hat das Recht auf k\u00f6rperliche und geistige Unversehrtheit.\u201d<\/em> (GRCh, Art. 1-3) <\/p>\n\n<p>Nirgends in diesen Dokumenten wird ein Grund angegeben, warum einem ungeborenen Menschen dieses grundlegende Menschenrecht verweigert wird \u2013 denn ohne das Recht auf Leben m\u00fcssen keine anderen Rechte gew\u00e4hrt werden. F\u00fcr Menschenrechte zu k\u00e4mpfen und gleichzeitig eine sehr gro\u00dfe Gruppe von Menschen (gesch\u00e4tzt 73 Millionen pro Jahr) ihres grundlegendsten Menschenrechts &#8211; ihres Rechts auf Leben &#8211; zu berauben, ist eine Absurdit\u00e4t an sich. Abtreibung kann nur als eine Verletzung der Menschenrechte eingestuft werden und sollte von jedem, der f\u00fcr Menschenrechte k\u00e4mpft, verurteilt werden.  <\/p>\n","protected":false},"excerpt":{"rendered":"<p>Seit dem Ende des Zweiten Weltkriegs hat sich eine starke Menschenrechtsbewegung entwickelt, beginnend mit der Allgemeinen Erkl\u00e4rung der Menschenrechte (AEMR), die 1948 von der UN-Generalversammlung nach den Schrecken des Zweiten<a href=\"https:\/\/prolifeeurope.org\/de\/mehr-wissen\/abtreibung-und-menschenrechte\/\">Continue reading <span class=\"sr-only\">&#8222;Abtreibung und Menschenrechte&#8220;<\/span><\/a><\/p>\n","protected":false},"author":14,"featured_media":0,"parent":1951,"menu_order":0,"comment_status":"closed","ping_status":"closed","template":"page-topic.php","meta":{"_acf_changed":false,"_monsterinsights_skip_tracking":false,"_monsterinsights_sitenote_active":false,"_monsterinsights_sitenote_note":"","_monsterinsights_sitenote_category":0,"footnotes":""},"topic":[],"class_list":["post-1998","page","type-page","status-publish","hentry"],"acf":[],"yoast_head":"<!-- This site is optimized with the Yoast SEO plugin v27.2 - https:\/\/yoast.com\/product\/yoast-seo-wordpress\/ -->\n<title>Abtreibung und Menschenrechte - ProLife Europe<\/title>\n<meta name=\"description\" content=\"Das Recht auf Leben ist durch die Menschenrechte garantiert. Abtreibung stellt dieses grundlegende Recht eines jeden Menschen in Frage.\" \/>\n<meta name=\"robots\" content=\"index, follow, max-snippet:-1, max-image-preview:large, max-video-preview:-1\" \/>\n<link rel=\"canonical\" href=\"https:\/\/prolifeeurope.org\/de\/mehr-wissen\/abtreibung-und-menschenrechte\/\" \/>\n<meta property=\"og:locale\" content=\"de_DE\" \/>\n<meta property=\"og:type\" content=\"article\" \/>\n<meta property=\"og:title\" content=\"Abtreibung und Menschenrechte - ProLife Europe\" \/>\n<meta property=\"og:description\" content=\"Das Recht auf Leben ist durch die Menschenrechte garantiert. Abtreibung stellt dieses grundlegende Recht eines jeden Menschen in Frage.\" \/>\n<meta property=\"og:url\" content=\"https:\/\/prolifeeurope.org\/de\/mehr-wissen\/abtreibung-und-menschenrechte\/\" \/>\n<meta property=\"og:site_name\" content=\"ProLife Europe\" \/>\n<meta property=\"article:publisher\" content=\"https:\/\/www.facebook.com\/ProLifeEurope\/\" \/>\n<meta property=\"article:modified_time\" content=\"2025-02-07T15:36:16+00:00\" \/>\n<meta name=\"twitter:card\" content=\"summary_large_image\" \/>\n<meta name=\"twitter:label1\" content=\"Gesch\u00e4tzte Lesezeit\" \/>\n\t<meta name=\"twitter:data1\" content=\"1\u00a0Minute\" \/>\n<script type=\"application\/ld+json\" class=\"yoast-schema-graph\">{\"@context\":\"https:\/\/schema.org\",\"@graph\":[{\"@type\":\"WebPage\",\"@id\":\"https:\/\/prolifeeurope.org\/de\/mehr-wissen\/abtreibung-und-menschenrechte\/\",\"url\":\"https:\/\/prolifeeurope.org\/de\/mehr-wissen\/abtreibung-und-menschenrechte\/\",\"name\":\"Abtreibung und Menschenrechte - ProLife Europe\",\"isPartOf\":{\"@id\":\"https:\/\/prolifeeurope.org\/de\/#website\"},\"datePublished\":\"2025-01-15T16:49:42+00:00\",\"dateModified\":\"2025-02-07T15:36:16+00:00\",\"description\":\"Das Recht auf Leben ist durch die Menschenrechte garantiert. Abtreibung stellt dieses grundlegende Recht eines jeden Menschen in Frage.\",\"breadcrumb\":{\"@id\":\"https:\/\/prolifeeurope.org\/de\/mehr-wissen\/abtreibung-und-menschenrechte\/#breadcrumb\"},\"inLanguage\":\"de\",\"potentialAction\":[{\"@type\":\"ReadAction\",\"target\":[\"https:\/\/prolifeeurope.org\/de\/mehr-wissen\/abtreibung-und-menschenrechte\/\"]}]},{\"@type\":\"BreadcrumbList\",\"@id\":\"https:\/\/prolifeeurope.org\/de\/mehr-wissen\/abtreibung-und-menschenrechte\/#breadcrumb\",\"itemListElement\":[{\"@type\":\"ListItem\",\"position\":1,\"name\":\"Home\",\"item\":\"https:\/\/prolifeeurope.org\/de\/\"},{\"@type\":\"ListItem\",\"position\":2,\"name\":\"Mehr Wissen\",\"item\":\"https:\/\/prolifeeurope.org\/de\/mehr-wissen\/\"},{\"@type\":\"ListItem\",\"position\":3,\"name\":\"Abtreibung und Menschenrechte\"}]},{\"@type\":\"WebSite\",\"@id\":\"https:\/\/prolifeeurope.org\/de\/#website\",\"url\":\"https:\/\/prolifeeurope.org\/de\/\",\"name\":\"ProLife Europe\",\"description\":\"\",\"publisher\":{\"@id\":\"https:\/\/prolifeeurope.org\/de\/#organization\"},\"potentialAction\":[{\"@type\":\"SearchAction\",\"target\":{\"@type\":\"EntryPoint\",\"urlTemplate\":\"https:\/\/prolifeeurope.org\/de\/?s={search_term_string}\"},\"query-input\":{\"@type\":\"PropertyValueSpecification\",\"valueRequired\":true,\"valueName\":\"search_term_string\"}}],\"inLanguage\":\"de\"},{\"@type\":\"Organization\",\"@id\":\"https:\/\/prolifeeurope.org\/de\/#organization\",\"name\":\"ProLife Europe\",\"url\":\"https:\/\/prolifeeurope.org\/de\/\",\"logo\":{\"@type\":\"ImageObject\",\"inLanguage\":\"de\",\"@id\":\"https:\/\/prolifeeurope.org\/de\/#\/schema\/logo\/image\/\",\"url\":\"https:\/\/prolifeeurope.org\/wp-content\/uploads\/2024\/11\/logo-3.svg\",\"contentUrl\":\"https:\/\/prolifeeurope.org\/wp-content\/uploads\/2024\/11\/logo-3.svg\",\"width\":166,\"height\":170,\"caption\":\"ProLife Europe\"},\"image\":{\"@id\":\"https:\/\/prolifeeurope.org\/de\/#\/schema\/logo\/image\/\"},\"sameAs\":[\"https:\/\/www.facebook.com\/ProLifeEurope\/\",\"https:\/\/www.instagram.com\/prolife_europe\/\",\"https:\/\/www.youtube.com\/channel\/UC7olgmdiSVEHZUiP554XozA\"]}]}<\/script>\n<!-- \/ Yoast SEO plugin. -->","yoast_head_json":{"title":"Abtreibung und Menschenrechte - ProLife Europe","description":"Das Recht auf Leben ist durch die Menschenrechte garantiert. Abtreibung stellt dieses grundlegende Recht eines jeden Menschen in Frage.","robots":{"index":"index","follow":"follow","max-snippet":"max-snippet:-1","max-image-preview":"max-image-preview:large","max-video-preview":"max-video-preview:-1"},"canonical":"https:\/\/prolifeeurope.org\/de\/mehr-wissen\/abtreibung-und-menschenrechte\/","og_locale":"de_DE","og_type":"article","og_title":"Abtreibung und Menschenrechte - ProLife Europe","og_description":"Das Recht auf Leben ist durch die Menschenrechte garantiert. Abtreibung stellt dieses grundlegende Recht eines jeden Menschen in Frage.","og_url":"https:\/\/prolifeeurope.org\/de\/mehr-wissen\/abtreibung-und-menschenrechte\/","og_site_name":"ProLife Europe","article_publisher":"https:\/\/www.facebook.com\/ProLifeEurope\/","article_modified_time":"2025-02-07T15:36:16+00:00","twitter_card":"summary_large_image","twitter_misc":{"Gesch\u00e4tzte Lesezeit":"1\u00a0Minute"},"schema":{"@context":"https:\/\/schema.org","@graph":[{"@type":"WebPage","@id":"https:\/\/prolifeeurope.org\/de\/mehr-wissen\/abtreibung-und-menschenrechte\/","url":"https:\/\/prolifeeurope.org\/de\/mehr-wissen\/abtreibung-und-menschenrechte\/","name":"Abtreibung und Menschenrechte - ProLife Europe","isPartOf":{"@id":"https:\/\/prolifeeurope.org\/de\/#website"},"datePublished":"2025-01-15T16:49:42+00:00","dateModified":"2025-02-07T15:36:16+00:00","description":"Das Recht auf Leben ist durch die Menschenrechte garantiert. Abtreibung stellt dieses grundlegende Recht eines jeden Menschen in Frage.","breadcrumb":{"@id":"https:\/\/prolifeeurope.org\/de\/mehr-wissen\/abtreibung-und-menschenrechte\/#breadcrumb"},"inLanguage":"de","potentialAction":[{"@type":"ReadAction","target":["https:\/\/prolifeeurope.org\/de\/mehr-wissen\/abtreibung-und-menschenrechte\/"]}]},{"@type":"BreadcrumbList","@id":"https:\/\/prolifeeurope.org\/de\/mehr-wissen\/abtreibung-und-menschenrechte\/#breadcrumb","itemListElement":[{"@type":"ListItem","position":1,"name":"Home","item":"https:\/\/prolifeeurope.org\/de\/"},{"@type":"ListItem","position":2,"name":"Mehr Wissen","item":"https:\/\/prolifeeurope.org\/de\/mehr-wissen\/"},{"@type":"ListItem","position":3,"name":"Abtreibung und Menschenrechte"}]},{"@type":"WebSite","@id":"https:\/\/prolifeeurope.org\/de\/#website","url":"https:\/\/prolifeeurope.org\/de\/","name":"ProLife Europe","description":"","publisher":{"@id":"https:\/\/prolifeeurope.org\/de\/#organization"},"potentialAction":[{"@type":"SearchAction","target":{"@type":"EntryPoint","urlTemplate":"https:\/\/prolifeeurope.org\/de\/?s={search_term_string}"},"query-input":{"@type":"PropertyValueSpecification","valueRequired":true,"valueName":"search_term_string"}}],"inLanguage":"de"},{"@type":"Organization","@id":"https:\/\/prolifeeurope.org\/de\/#organization","name":"ProLife Europe","url":"https:\/\/prolifeeurope.org\/de\/","logo":{"@type":"ImageObject","inLanguage":"de","@id":"https:\/\/prolifeeurope.org\/de\/#\/schema\/logo\/image\/","url":"https:\/\/prolifeeurope.org\/wp-content\/uploads\/2024\/11\/logo-3.svg","contentUrl":"https:\/\/prolifeeurope.org\/wp-content\/uploads\/2024\/11\/logo-3.svg","width":166,"height":170,"caption":"ProLife Europe"},"image":{"@id":"https:\/\/prolifeeurope.org\/de\/#\/schema\/logo\/image\/"},"sameAs":["https:\/\/www.facebook.com\/ProLifeEurope\/","https:\/\/www.instagram.com\/prolife_europe\/","https:\/\/www.youtube.com\/channel\/UC7olgmdiSVEHZUiP554XozA"]}]}},"_links":{"self":[{"href":"https:\/\/prolifeeurope.org\/de\/wp-json\/wp\/v2\/pages\/1998","targetHints":{"allow":["GET"]}}],"collection":[{"href":"https:\/\/prolifeeurope.org\/de\/wp-json\/wp\/v2\/pages"}],"about":[{"href":"https:\/\/prolifeeurope.org\/de\/wp-json\/wp\/v2\/types\/page"}],"author":[{"embeddable":true,"href":"https:\/\/prolifeeurope.org\/de\/wp-json\/wp\/v2\/users\/14"}],"replies":[{"embeddable":true,"href":"https:\/\/prolifeeurope.org\/de\/wp-json\/wp\/v2\/comments?post=1998"}],"version-history":[{"count":1,"href":"https:\/\/prolifeeurope.org\/de\/wp-json\/wp\/v2\/pages\/1998\/revisions"}],"predecessor-version":[{"id":1999,"href":"https:\/\/prolifeeurope.org\/de\/wp-json\/wp\/v2\/pages\/1998\/revisions\/1999"}],"up":[{"embeddable":true,"href":"https:\/\/prolifeeurope.org\/de\/wp-json\/wp\/v2\/pages\/1951"}],"wp:attachment":[{"href":"https:\/\/prolifeeurope.org\/de\/wp-json\/wp\/v2\/media?parent=1998"}],"wp:term":[{"taxonomy":"topic","embeddable":true,"href":"https:\/\/prolifeeurope.org\/de\/wp-json\/wp\/v2\/topic?post=1998"}],"curies":[{"name":"wp","href":"https:\/\/api.w.org\/{rel}","templated":true}]}}