{"id":1996,"date":"2025-01-15T18:28:33","date_gmt":"2025-01-15T17:28:33","guid":{"rendered":"https:\/\/ws-staging.prolifeeurope.org\/mehr-wissen\/abtreibung-und-eugenik\/"},"modified":"2025-03-26T13:38:41","modified_gmt":"2025-03-26T12:38:41","slug":"abtreibung-und-eugenik","status":"publish","type":"page","link":"https:\/\/prolifeeurope.org\/de\/mehr-wissen\/abtreibung-und-eugenik\/","title":{"rendered":"Abtreibung und Eugenik"},"content":{"rendered":"\n<p>Seit Eugenik existiert, z\u00e4hlt Abtreibung als zentrales Werkzeug der eugenischen Wissenschaft. Aufgrund der langen und komplexen Geschichte der Eugenik, die bereits im 19.<sup>.<\/sup>Jahrhundert begann und bis in die heutige Zeit reicht, k\u00f6nnen diese beiden Argumente nicht voneinander getrennt werden. Moderne eugenische Gesellschaften, wie die 1912 in London gegr\u00fcndete \u201eInternational Federation of Eugenics Organisations\u201c, verfolgten das Ziel einer reinen \u201earischen\u201c Rasse und der Ausl\u00f6schung anderer unerw\u00fcnschter Menschengruppen, die genetisch f\u00fcr die moderne Gesellschaft ungeeignet waren.<sup>[1]<\/sup> In diesen Jahrzehnten (1921) wurde Planned Parenthood \u2013 bis heute die gr\u00f6\u00dfte Pro-Abtreibungs-Organisation der USA \u2013 von Margaret Sanger gegr\u00fcndet und sp\u00e4ter von Alan Frank Guttmacher weitergef\u00fchrt. Wie viele ihrer Kollegen wurden diese beiden Gyn\u00e4kologen zu internationalen Pionieren der Abtreibung und Sterilisation und verbreiteten ihre rassistischen eugenischen Ansichten.   <\/p>\n\n<p>Sp\u00e4ter wurde Planned Parenthood eine der Hauptinspirationsquellen f\u00fcr die eugenischen Ideologien des nationalsozialistischen Deutschlands. Viele \u00c4rzte des Dritten Reiches verwendeten Sangers Prinzipien, um insbesondere Menschen mit Behinderungen sowie j\u00fcdische und nicht-wei\u00dfe Bev\u00f6lkerungsgruppen im Namen der \u201eRassenhygiene\u201c zu diskriminieren. Dies beinhaltete das Verbot von Abtreibungen f\u00fcr die deutsche Bev\u00f6lkerung, jedoch die Unterst\u00fctzung von Zwangsabtreibungen, Sterilisationen und Menschenversuchen gem\u00e4\u00df den N\u00fcrnberger Gesetzen von 1935. Besonders j\u00fcdische und polnische Frauen wurden gezwungen, abzutreiben, entweder aus rein rassistischen Gr\u00fcnden oder um nach der Invasion der osteurop\u00e4ischen Gebiete viele Frauen f\u00fcr Zwangsarbeit zu gewinnen.<sup>[2]<\/sup> Zudem war Abtreibung eines der h\u00e4ufigsten Mittel in Konzentrationslagern, um die Fortpflanzung von Gefangenen zu verhindern.<sup>[3]<\/sup> Interessanterweise leugneten die Nationalsozialisten nie die Menschlichkeit des ungeborenen Kindes und bezeichneten es als ein Kind.<sup>[4]<\/sup> Die eugenischen Ansichten der Nazi-\u00c4rzte sind besonders w\u00e4hrend der N\u00fcrnberger Kriegsverbrecherprozesse sichtbar, wo sie das amerikanische Gesetz \u201eBuck v. Bell\u201c zitierten, das von Sanger unterst\u00fctzt wurde und der Regierung die Erlaubnis gab, Zwangsverh\u00fctung durchzusetzen.  <sup>[5]<\/sup><\/p>\n\n<p>Bis heute wurde die enge Verbindung zwischen Abtreibung und Eugenik nicht gel\u00f6st. Die meisten Planned Parenthood-Kliniken, die in der N\u00e4he von schwarzen und latino Gemeinschaften in amerikanischen St\u00e4dten errichtet wurden, um deren Nachkommen zu t\u00f6ten, wurden bis heute nicht verlegt. <sup>[6]<\/sup><\/p>\n\n<p>In Europa schaden eugenische Tendenzen besonders Menschen mit Behinderungen, insbesondere mit Down-Syndrom\/Trisomie 21. 92% der Schwangerschaften von Menschen mit Down-Syndrom in europ\u00e4ischen L\u00e4ndern werden aufgrund ihrer Behinderung und der m\u00f6glichen gesellschaftlichen Probleme, die damit verbunden sind, durch eine Abtreibung beendet.<sup>[7]<\/sup> Insbesondere nordische europ\u00e4ische L\u00e4nder sind sehr feindlich gegen\u00fcber Menschen mit Down-Syndrom eingestellt. In Island werden fast 100 % der ungeborenen Babys mit Down-Syndrom im Mutterleib get\u00f6tet.<sup>[8]<\/sup> Zudem werden F\u00f6ten von abgetriebenen Babys h\u00e4ufig f\u00fcr wissenschaftliche Experimente verwendet<sup>[9]<\/sup> \u2013 eine Praxis, die von Nazi-Wissenschaftlern in ihren Laboren an behinderten Menschen perfektioniert wurde.  <sup>[10]<\/sup><\/p>\n\n<hr class=\"wp-block-separator has-alpha-channel-opacity\"\/>\n\n<p class=\"has-small-font-size\"><strong>[1]<\/strong> Black, Edwin, War Against the Weak: Eugenics and America&#8217;s Campaign to Create a Master Race, (New York, 2003) p. 237.<br\/><strong>[2]<\/strong> Hunt, John, Out of respect for life: Nazi abortion policy in the eastern occupied territories, 381.<br\/><strong>[3]<\/strong> Hunt, Nazi abortion policy, 381-382.<br\/><strong>[4]<\/strong> Hunt, Nazi abortion policy, 383.<br\/><strong>[5]<\/strong> Forgotten History Channel, Eugenics and Planned Parenthood \u2013 Margaret Sanger &#8211; Forgotten History (04.07.2023),<a href=\"https:\/\/www.youtube.com\/watch?v=OP7ZzV4Z338&amp;t=197s\" target=\"_blank\" rel=\"noreferrer noopener\"> https:\/\/www.youtube.com\/watch?v=OP7ZzV4Z338&amp;t=197s<\/a><br\/><strong>[6]<\/strong> Nelson, Dean, Planned Parenthood: Rooted in Racism. Rooted in Racism \u2013 The Negro Project, <a href=\"https:\/\/www.humancoalition.org\/2023\/03\/27\/planned-parenthood-rooted-in-racism\/\" target=\"_blank\" rel=\"noreferrer noopener\">https:\/\/www.humancoalition.org\/2023\/03\/27\/planned-parenthood-rooted-in-racism\/<\/a>, and Daniels, Cristina and others, The Effects on Abortion on the Black Community, p. 3, <a href=\"https:\/\/www.congress.gov\/115\/meeting\/house\/106562\/witnesses\/HHRG-115-JU10-Wstate-ParkerS-20171101-SD001.pdf\" target=\"_blank\" rel=\"noreferrer noopener\">https:\/\/www.congress.gov\/115\/meeting\/house\/106562\/witnesses\/HHRG-115-JU10-Wstate-ParkerS-20171101-SD001.pdf<\/a> <br\/><strong>[7]<\/strong> Mansfield C, Hopfer S, Marteau TM (September 1999). &#8222;Termination rates after prenatal diagnosis of Down syndrome, spina bifida, anencephaly, and Turner and Klinefelter syndromes: a systematic literature review. Prenatal Diagnosis. 19 (9). Wiley: 808\u2013812.    <br\/><strong>[8]<\/strong> Right to Life News, Iceland called out at UN for aborting almost 100% of babies diagnosed with Down\u2019s syndrome, https:\/\/righttolife.org.uk\/news\/iceland-called-out-at-un-for-aborting-almost-100-of-babies-diagnosed-with-downs-syndrome.<br\/><strong>[9]<\/strong> Wadman, Meredith, The Truth about Fetal Tissue research, https:\/\/www.nature.com\/articles\/528178a.<br\/><strong>[10]<\/strong> Weindling, Paul, Painful and sometimes deadly experiments which Nazi doctors carried out on children, <a href=\"https:\/\/onlinelibrary.wiley.com\/doi\/full\/10.1111\/apa.16310\" target=\"_blank\" rel=\"noreferrer noopener\">https:\/\/onlinelibrary.wiley.com\/doi\/full\/10.1111\/apa.16310<\/a><\/p>\n","protected":false},"excerpt":{"rendered":"<p>Seit Eugenik existiert, z\u00e4hlt Abtreibung als zentrales Werkzeug der eugenischen Wissenschaft. Aufgrund der langen und komplexen Geschichte der Eugenik, die bereits im 19..Jahrhundert begann und bis in die heutige Zeit<a href=\"https:\/\/prolifeeurope.org\/de\/mehr-wissen\/abtreibung-und-eugenik\/\">Continue reading <span class=\"sr-only\">&#8222;Abtreibung und Eugenik&#8220;<\/span><\/a><\/p>\n","protected":false},"author":14,"featured_media":0,"parent":1951,"menu_order":0,"comment_status":"closed","ping_status":"closed","template":"page-topic.php","meta":{"_acf_changed":false,"_monsterinsights_skip_tracking":false,"_monsterinsights_sitenote_active":false,"_monsterinsights_sitenote_note":"","_monsterinsights_sitenote_category":0,"footnotes":""},"topic":[],"class_list":["post-1996","page","type-page","status-publish","hentry"],"acf":[],"yoast_head":"<!-- This site is optimized with the Yoast SEO plugin v27.2 - https:\/\/yoast.com\/product\/yoast-seo-wordpress\/ -->\n<title>Abtreibung und Eugenik - ProLife Europe<\/title>\n<meta name=\"description\" content=\"Lerne mehr \u00fcber die Verbindung zwischen \u201eReproduktionsrechten\u201c und eugenischen Ideologien kennen. Was sind ihre ethischen Implikationen, ihre Geschichte und ihre Auswirkungen auf die Gesellschaft?\" \/>\n<meta name=\"robots\" content=\"index, follow, max-snippet:-1, max-image-preview:large, max-video-preview:-1\" \/>\n<link rel=\"canonical\" href=\"https:\/\/prolifeeurope.org\/de\/mehr-wissen\/abtreibung-und-eugenik\/\" \/>\n<meta property=\"og:locale\" content=\"de_DE\" \/>\n<meta property=\"og:type\" content=\"article\" \/>\n<meta property=\"og:title\" content=\"Abtreibung und Eugenik - ProLife Europe\" \/>\n<meta property=\"og:description\" content=\"Lerne mehr \u00fcber die Verbindung zwischen \u201eReproduktionsrechten\u201c und eugenischen Ideologien kennen. Was sind ihre ethischen Implikationen, ihre Geschichte und ihre Auswirkungen auf die Gesellschaft?\" \/>\n<meta property=\"og:url\" content=\"https:\/\/prolifeeurope.org\/de\/mehr-wissen\/abtreibung-und-eugenik\/\" \/>\n<meta property=\"og:site_name\" content=\"ProLife Europe\" \/>\n<meta property=\"article:publisher\" content=\"https:\/\/www.facebook.com\/ProLifeEurope\/\" \/>\n<meta property=\"article:modified_time\" content=\"2025-03-26T12:38:41+00:00\" \/>\n<meta name=\"twitter:card\" content=\"summary_large_image\" \/>\n<meta name=\"twitter:label1\" content=\"Gesch\u00e4tzte Lesezeit\" \/>\n\t<meta name=\"twitter:data1\" content=\"3\u00a0Minuten\" \/>\n<script type=\"application\/ld+json\" class=\"yoast-schema-graph\">{\"@context\":\"https:\/\/schema.org\",\"@graph\":[{\"@type\":\"WebPage\",\"@id\":\"https:\/\/prolifeeurope.org\/de\/mehr-wissen\/abtreibung-und-eugenik\/\",\"url\":\"https:\/\/prolifeeurope.org\/de\/mehr-wissen\/abtreibung-und-eugenik\/\",\"name\":\"Abtreibung und Eugenik - ProLife Europe\",\"isPartOf\":{\"@id\":\"https:\/\/prolifeeurope.org\/de\/#website\"},\"datePublished\":\"2025-01-15T17:28:33+00:00\",\"dateModified\":\"2025-03-26T12:38:41+00:00\",\"description\":\"Lerne mehr \u00fcber die Verbindung zwischen \u201eReproduktionsrechten\u201c und eugenischen Ideologien kennen. Was sind ihre ethischen Implikationen, ihre Geschichte und ihre Auswirkungen auf die Gesellschaft?\",\"breadcrumb\":{\"@id\":\"https:\/\/prolifeeurope.org\/de\/mehr-wissen\/abtreibung-und-eugenik\/#breadcrumb\"},\"inLanguage\":\"de\",\"potentialAction\":[{\"@type\":\"ReadAction\",\"target\":[\"https:\/\/prolifeeurope.org\/de\/mehr-wissen\/abtreibung-und-eugenik\/\"]}]},{\"@type\":\"BreadcrumbList\",\"@id\":\"https:\/\/prolifeeurope.org\/de\/mehr-wissen\/abtreibung-und-eugenik\/#breadcrumb\",\"itemListElement\":[{\"@type\":\"ListItem\",\"position\":1,\"name\":\"Home\",\"item\":\"https:\/\/prolifeeurope.org\/de\/\"},{\"@type\":\"ListItem\",\"position\":2,\"name\":\"Mehr Wissen\",\"item\":\"https:\/\/prolifeeurope.org\/de\/mehr-wissen\/\"},{\"@type\":\"ListItem\",\"position\":3,\"name\":\"Abtreibung und Eugenik\"}]},{\"@type\":\"WebSite\",\"@id\":\"https:\/\/prolifeeurope.org\/de\/#website\",\"url\":\"https:\/\/prolifeeurope.org\/de\/\",\"name\":\"ProLife Europe\",\"description\":\"\",\"publisher\":{\"@id\":\"https:\/\/prolifeeurope.org\/de\/#organization\"},\"potentialAction\":[{\"@type\":\"SearchAction\",\"target\":{\"@type\":\"EntryPoint\",\"urlTemplate\":\"https:\/\/prolifeeurope.org\/de\/?s={search_term_string}\"},\"query-input\":{\"@type\":\"PropertyValueSpecification\",\"valueRequired\":true,\"valueName\":\"search_term_string\"}}],\"inLanguage\":\"de\"},{\"@type\":\"Organization\",\"@id\":\"https:\/\/prolifeeurope.org\/de\/#organization\",\"name\":\"ProLife Europe\",\"url\":\"https:\/\/prolifeeurope.org\/de\/\",\"logo\":{\"@type\":\"ImageObject\",\"inLanguage\":\"de\",\"@id\":\"https:\/\/prolifeeurope.org\/de\/#\/schema\/logo\/image\/\",\"url\":\"https:\/\/prolifeeurope.org\/wp-content\/uploads\/2024\/11\/logo-3.svg\",\"contentUrl\":\"https:\/\/prolifeeurope.org\/wp-content\/uploads\/2024\/11\/logo-3.svg\",\"width\":166,\"height\":170,\"caption\":\"ProLife Europe\"},\"image\":{\"@id\":\"https:\/\/prolifeeurope.org\/de\/#\/schema\/logo\/image\/\"},\"sameAs\":[\"https:\/\/www.facebook.com\/ProLifeEurope\/\",\"https:\/\/www.instagram.com\/prolife_europe\/\",\"https:\/\/www.youtube.com\/channel\/UC7olgmdiSVEHZUiP554XozA\"]}]}<\/script>\n<!-- \/ Yoast SEO plugin. -->","yoast_head_json":{"title":"Abtreibung und Eugenik - ProLife Europe","description":"Lerne mehr \u00fcber die Verbindung zwischen \u201eReproduktionsrechten\u201c und eugenischen Ideologien kennen. Was sind ihre ethischen Implikationen, ihre Geschichte und ihre Auswirkungen auf die Gesellschaft?","robots":{"index":"index","follow":"follow","max-snippet":"max-snippet:-1","max-image-preview":"max-image-preview:large","max-video-preview":"max-video-preview:-1"},"canonical":"https:\/\/prolifeeurope.org\/de\/mehr-wissen\/abtreibung-und-eugenik\/","og_locale":"de_DE","og_type":"article","og_title":"Abtreibung und Eugenik - ProLife Europe","og_description":"Lerne mehr \u00fcber die Verbindung zwischen \u201eReproduktionsrechten\u201c und eugenischen Ideologien kennen. Was sind ihre ethischen Implikationen, ihre Geschichte und ihre Auswirkungen auf die Gesellschaft?","og_url":"https:\/\/prolifeeurope.org\/de\/mehr-wissen\/abtreibung-und-eugenik\/","og_site_name":"ProLife Europe","article_publisher":"https:\/\/www.facebook.com\/ProLifeEurope\/","article_modified_time":"2025-03-26T12:38:41+00:00","twitter_card":"summary_large_image","twitter_misc":{"Gesch\u00e4tzte Lesezeit":"3\u00a0Minuten"},"schema":{"@context":"https:\/\/schema.org","@graph":[{"@type":"WebPage","@id":"https:\/\/prolifeeurope.org\/de\/mehr-wissen\/abtreibung-und-eugenik\/","url":"https:\/\/prolifeeurope.org\/de\/mehr-wissen\/abtreibung-und-eugenik\/","name":"Abtreibung und Eugenik - ProLife Europe","isPartOf":{"@id":"https:\/\/prolifeeurope.org\/de\/#website"},"datePublished":"2025-01-15T17:28:33+00:00","dateModified":"2025-03-26T12:38:41+00:00","description":"Lerne mehr \u00fcber die Verbindung zwischen \u201eReproduktionsrechten\u201c und eugenischen Ideologien kennen. Was sind ihre ethischen Implikationen, ihre Geschichte und ihre Auswirkungen auf die Gesellschaft?","breadcrumb":{"@id":"https:\/\/prolifeeurope.org\/de\/mehr-wissen\/abtreibung-und-eugenik\/#breadcrumb"},"inLanguage":"de","potentialAction":[{"@type":"ReadAction","target":["https:\/\/prolifeeurope.org\/de\/mehr-wissen\/abtreibung-und-eugenik\/"]}]},{"@type":"BreadcrumbList","@id":"https:\/\/prolifeeurope.org\/de\/mehr-wissen\/abtreibung-und-eugenik\/#breadcrumb","itemListElement":[{"@type":"ListItem","position":1,"name":"Home","item":"https:\/\/prolifeeurope.org\/de\/"},{"@type":"ListItem","position":2,"name":"Mehr Wissen","item":"https:\/\/prolifeeurope.org\/de\/mehr-wissen\/"},{"@type":"ListItem","position":3,"name":"Abtreibung und Eugenik"}]},{"@type":"WebSite","@id":"https:\/\/prolifeeurope.org\/de\/#website","url":"https:\/\/prolifeeurope.org\/de\/","name":"ProLife Europe","description":"","publisher":{"@id":"https:\/\/prolifeeurope.org\/de\/#organization"},"potentialAction":[{"@type":"SearchAction","target":{"@type":"EntryPoint","urlTemplate":"https:\/\/prolifeeurope.org\/de\/?s={search_term_string}"},"query-input":{"@type":"PropertyValueSpecification","valueRequired":true,"valueName":"search_term_string"}}],"inLanguage":"de"},{"@type":"Organization","@id":"https:\/\/prolifeeurope.org\/de\/#organization","name":"ProLife Europe","url":"https:\/\/prolifeeurope.org\/de\/","logo":{"@type":"ImageObject","inLanguage":"de","@id":"https:\/\/prolifeeurope.org\/de\/#\/schema\/logo\/image\/","url":"https:\/\/prolifeeurope.org\/wp-content\/uploads\/2024\/11\/logo-3.svg","contentUrl":"https:\/\/prolifeeurope.org\/wp-content\/uploads\/2024\/11\/logo-3.svg","width":166,"height":170,"caption":"ProLife Europe"},"image":{"@id":"https:\/\/prolifeeurope.org\/de\/#\/schema\/logo\/image\/"},"sameAs":["https:\/\/www.facebook.com\/ProLifeEurope\/","https:\/\/www.instagram.com\/prolife_europe\/","https:\/\/www.youtube.com\/channel\/UC7olgmdiSVEHZUiP554XozA"]}]}},"_links":{"self":[{"href":"https:\/\/prolifeeurope.org\/de\/wp-json\/wp\/v2\/pages\/1996","targetHints":{"allow":["GET"]}}],"collection":[{"href":"https:\/\/prolifeeurope.org\/de\/wp-json\/wp\/v2\/pages"}],"about":[{"href":"https:\/\/prolifeeurope.org\/de\/wp-json\/wp\/v2\/types\/page"}],"author":[{"embeddable":true,"href":"https:\/\/prolifeeurope.org\/de\/wp-json\/wp\/v2\/users\/14"}],"replies":[{"embeddable":true,"href":"https:\/\/prolifeeurope.org\/de\/wp-json\/wp\/v2\/comments?post=1996"}],"version-history":[{"count":9,"href":"https:\/\/prolifeeurope.org\/de\/wp-json\/wp\/v2\/pages\/1996\/revisions"}],"predecessor-version":[{"id":2144,"href":"https:\/\/prolifeeurope.org\/de\/wp-json\/wp\/v2\/pages\/1996\/revisions\/2144"}],"up":[{"embeddable":true,"href":"https:\/\/prolifeeurope.org\/de\/wp-json\/wp\/v2\/pages\/1951"}],"wp:attachment":[{"href":"https:\/\/prolifeeurope.org\/de\/wp-json\/wp\/v2\/media?parent=1996"}],"wp:term":[{"taxonomy":"topic","embeddable":true,"href":"https:\/\/prolifeeurope.org\/de\/wp-json\/wp\/v2\/topic?post=1996"}],"curies":[{"name":"wp","href":"https:\/\/api.w.org\/{rel}","templated":true}]}}