{"id":1978,"date":"2025-01-30T23:17:55","date_gmt":"2025-01-30T22:17:55","guid":{"rendered":"https:\/\/ws-staging.prolifeeurope.org\/impressum\/"},"modified":"2025-07-15T10:51:13","modified_gmt":"2025-07-15T08:51:13","slug":"impressum","status":"publish","type":"page","link":"https:\/\/prolifeeurope.org\/de\/impressum\/","title":{"rendered":"Impressum"},"content":{"rendered":"\n<div class=\"wp-block-cover is-light no-border-radius\"><img loading=\"lazy\" decoding=\"async\" width=\"2560\" height=\"1937\" class=\"wp-block-cover__image-background wp-image-1843\" alt=\"\" src=\"https:\/\/prolifeeurope.org\/wp-content\/uploads\/2025\/01\/Pro_Life-CI-Background7-scaled-1.jpg\" data-object-fit=\"cover\" srcset=\"https:\/\/prolifeeurope.org\/wp-content\/uploads\/2025\/01\/Pro_Life-CI-Background7-scaled-1.jpg 2560w, https:\/\/prolifeeurope.org\/wp-content\/uploads\/2025\/01\/Pro_Life-CI-Background7-scaled-1-300x227.jpg 300w, https:\/\/prolifeeurope.org\/wp-content\/uploads\/2025\/01\/Pro_Life-CI-Background7-scaled-1-1024x775.jpg 1024w, https:\/\/prolifeeurope.org\/wp-content\/uploads\/2025\/01\/Pro_Life-CI-Background7-scaled-1-768x581.jpg 768w, https:\/\/prolifeeurope.org\/wp-content\/uploads\/2025\/01\/Pro_Life-CI-Background7-scaled-1-1536x1162.jpg 1536w, https:\/\/prolifeeurope.org\/wp-content\/uploads\/2025\/01\/Pro_Life-CI-Background7-scaled-1-2048x1550.jpg 2048w\" sizes=\"auto, (max-width: 2560px) 100vw, 2560px\" \/><span aria-hidden=\"true\" class=\"wp-block-cover__background has-background-dim\" style=\"background-color:#e8642e\"><\/span><div class=\"wp-block-cover__inner-container is-layout-constrained wp-block-cover-is-layout-constrained\">\n<h1 class=\"wp-block-heading has-text-align-center has-large-font-size\">Impressum<\/h1>\n<\/div><\/div>\n\r\n<section  class=\"prose prose-neutral prose-a:text-primary\">\r\n    <div class=\"main ~py-10\/20 text-lg text-body\/[75%] [&#038;_:is(strong,em)]:text-inherit [&#038;_:is(h2,h3,h4,h5,h6)]:text-orange [&#038;_a]:text-orange\">\r\n        <p><strong>Informationen nach \u00a7 5 TMG<\/strong><\/p>\n<p><strong>ProLife Europe e.V.<\/strong><br \/>\nMemminger Str. 30<br \/>\nD \u2013 89264 Wei\u00dfenhorn <\/p>\n<p><strong>Vereinsregister:<\/strong><br \/>\n201042<\/p>\n<p><strong>Registergericht:<\/strong><br \/>\nAmtsgericht Memmingen<\/p>\n<p><strong>Vertreten durch:<\/strong><br \/>\nVorsitzende: Maria Czernin<br \/>\nVorstandsmitglieder: Miriam Becker, Manuela Steiner, Benedikt Oyen, Benjamin Famula<\/p>\n<p><strong>Kontakt<\/strong><br \/>\nTelefon: +49 1 5171890846<br \/>\nE-mail: info@prolifeeurope.org<\/p>\n<p><strong>Umsatzsteuer-ID<\/strong><br \/>\nUmsatzsteuer-Identifikationsnummer gem\u00e4\u00df \u00a7 27 a Umsatzsteuergesetz:<br \/>\nDE327304813<\/p>\n<p><strong>Verantwortlich f\u00fcr den Inhalt gem\u00e4\u00df \u00a7 55 Abs. 2 RStV <\/strong><br \/>\nProLife Europe e.V.<br \/>\nMemminger Str. 30<br \/>\nD \u2013 89264 Wei\u00dfenhorn <\/p>\n<p><strong>Verbraucherstreitbeilegung \/ Universelle Schlichtungsstelle<\/strong><br \/>\nWir sind nicht bereit oder verpflichtet, an einem Streitbeilegungsverfahren vor einer Verbraucherschlichtungsstelle teilzunehmen.<\/p>\n<p><strong>Haftung f\u00fcr Inhalte<\/strong><br \/>\nAls Diensteanbieter sind wir gem\u00e4\u00df \u00a7 7 Abs.1 f\u00fcr eigene Inhalte auf diesen Seiten nach den allgemeinen Gesetzen verantwortlich. TMG und allgemeine Gesetze. Nach \u00a7\u00a7 8 bis 10 TMG sind wir als Dienstanbieter jedoch nicht verpflichtet, \u00fcbermittelte oder gespeicherte fremde Informationen zu \u00fcberwachen oder nach Umst\u00e4nden zu forschen, die auf eine rechtswidrige T\u00e4tigkeit hinweisen.  <\/p>\n<p>Verpflichtungen zur Entfernung oder Sperrung der Nutzung von Informationen nach den allgemeinen Gesetzen bleiben hiervon unber\u00fchrt. Eine diesbez\u00fcgliche Haftung ist jedoch erst ab dem Zeitpunkt der Kenntnis einer konkreten Rechtsverletzung m\u00f6glich. Bei Bekanntwerden von Rechtsverletzungen werden wir derartige Inhalte umgehend entfernen.  <\/p>\n<p><strong>Haftung f\u00fcr Links<\/strong><br \/>\nUnser Angebot enth\u00e4lt Links zu externen Webseiten Dritter, auf deren Inhalte wir keinen Einfluss haben. Deshalb k\u00f6nnen wir f\u00fcr diese fremden Inhalte auch keine Gew\u00e4hr \u00fcbernehmen. F\u00fcr die Inhalte der verlinkten Seiten ist stets der jeweilige Anbieter oder Betreiber der Seiten verantwortlich. Die verlinkten Seiten wurden zum Zeitpunkt der Verlinkung auf m\u00f6gliche Rechtsverst\u00f6\u00dfe \u00fcberpr\u00fcft. Rechtswidrige Inhalte waren zum Zeitpunkt der Verlinkung nicht erkennbar    <\/p>\n<p>Eine permanente inhaltliche Kontrolle der verlinkten Seiten ist jedoch ohne konkrete Anhaltspunkte einer Rechtsverletzung nicht zumutbar. Bei Bekanntwerden von Rechtsverletzungen werden wir derartige Links umgehend entfernen. <\/p>\n<p><strong>Urheberrecht<\/strong><br \/>\nDie durch die Seitenbetreiber erstellten Inhalte und Werke auf diesen Seiten unterliegen dem deutschen Urheberrecht. Die Vervielf\u00e4ltigung, Bearbeitung, Verbreitung und jede Art der Verwertung au\u00dferhalb der Grenzen des Urheberrechtes bed\u00fcrfen der schriftlichen Zustimmung des jeweiligen Autors bzw. Erstellers. Downloads und Kopien dieser Seite sind nur f\u00fcr den privaten, nicht kommerziellen Gebrauch gestattet.  <\/p>\n<p>Soweit die Inhalte auf dieser Seite nicht vom Betreiber erstellt wurden, werden die Urheberrechte Dritter beachtet. Insbesondere werden Inhalte Dritter als solche gekennzeichnet. Sollten Sie trotzdem auf eine Urheberrechtsverletzung aufmerksam werden, bitten wir um einen entsprechenden Hinweis. Bei Bekanntwerden von Rechtsverletzungen werden wir derartige Inhalte umgehend entfernen.   <\/p>\n    <\/div>\r\n<\/section>","protected":false},"excerpt":{"rendered":"","protected":false},"author":14,"featured_media":0,"parent":0,"menu_order":0,"comment_status":"closed","ping_status":"closed","template":"","meta":{"_acf_changed":false,"_monsterinsights_skip_tracking":false,"_monsterinsights_sitenote_active":false,"_monsterinsights_sitenote_note":"","_monsterinsights_sitenote_category":0,"footnotes":""},"topic":[],"class_list":["post-1978","page","type-page","status-publish","hentry"],"acf":[],"yoast_head":"<!-- This site is optimized with the Yoast SEO plugin v27.2 - https:\/\/yoast.com\/product\/yoast-seo-wordpress\/ -->\n<title>Impressum - ProLife Europe<\/title>\n<meta name=\"description\" content=\"Rechtlicher Hinweis zu ProLife Europe e.V.: ProLife Europe e.V. setzt sich daf\u00fcr ein, die Wahrheit \u00fcber Abtreibung aufzudecken und Studierende dabei zu unterst\u00fctzen, eine Kultur des Lebens in ganz Europa zu verteidigen und zu f\u00f6rdern.\" \/>\n<meta name=\"robots\" content=\"index, follow, max-snippet:-1, max-image-preview:large, max-video-preview:-1\" \/>\n<link rel=\"canonical\" href=\"https:\/\/prolifeeurope.org\/de\/impressum\/\" \/>\n<meta property=\"og:locale\" content=\"de_DE\" \/>\n<meta property=\"og:type\" content=\"article\" \/>\n<meta property=\"og:title\" content=\"Impressum - ProLife Europe\" \/>\n<meta property=\"og:description\" content=\"Rechtlicher Hinweis zu ProLife Europe e.V.: ProLife Europe e.V. setzt sich daf\u00fcr ein, die Wahrheit \u00fcber Abtreibung aufzudecken und Studierende dabei zu unterst\u00fctzen, eine Kultur des Lebens in ganz Europa zu verteidigen und zu f\u00f6rdern.\" \/>\n<meta property=\"og:url\" content=\"https:\/\/prolifeeurope.org\/de\/impressum\/\" \/>\n<meta property=\"og:site_name\" content=\"ProLife Europe\" \/>\n<meta property=\"article:publisher\" content=\"https:\/\/www.facebook.com\/ProLifeEurope\/\" \/>\n<meta property=\"article:modified_time\" content=\"2025-07-15T08:51:13+00:00\" \/>\n<meta property=\"og:image\" content=\"https:\/\/prolifeeurope.org\/wp-content\/uploads\/2025\/01\/Pro_Life-CI-Background7-scaled-1.jpg\" \/>\n\t<meta property=\"og:image:width\" content=\"2560\" \/>\n\t<meta property=\"og:image:height\" content=\"1937\" \/>\n\t<meta property=\"og:image:type\" content=\"image\/jpeg\" \/>\n<meta name=\"twitter:card\" content=\"summary_large_image\" \/>\n<script type=\"application\/ld+json\" class=\"yoast-schema-graph\">{\"@context\":\"https:\/\/schema.org\",\"@graph\":[{\"@type\":\"WebPage\",\"@id\":\"https:\/\/prolifeeurope.org\/de\/impressum\/\",\"url\":\"https:\/\/prolifeeurope.org\/de\/impressum\/\",\"name\":\"Impressum - ProLife Europe\",\"isPartOf\":{\"@id\":\"https:\/\/prolifeeurope.org\/de\/#website\"},\"primaryImageOfPage\":{\"@id\":\"https:\/\/prolifeeurope.org\/de\/impressum\/#primaryimage\"},\"image\":{\"@id\":\"https:\/\/prolifeeurope.org\/de\/impressum\/#primaryimage\"},\"thumbnailUrl\":\"https:\/\/prolifeeurope.org\/wp-content\/uploads\/2025\/01\/Pro_Life-CI-Background7-scaled-1.jpg\",\"datePublished\":\"2025-01-30T22:17:55+00:00\",\"dateModified\":\"2025-07-15T08:51:13+00:00\",\"description\":\"Rechtlicher Hinweis zu ProLife Europe e.V.: ProLife Europe e.V. setzt sich daf\u00fcr ein, die Wahrheit \u00fcber Abtreibung aufzudecken und Studierende dabei zu unterst\u00fctzen, eine Kultur des Lebens in ganz Europa zu verteidigen und zu f\u00f6rdern.\",\"breadcrumb\":{\"@id\":\"https:\/\/prolifeeurope.org\/de\/impressum\/#breadcrumb\"},\"inLanguage\":\"de\",\"potentialAction\":[{\"@type\":\"ReadAction\",\"target\":[\"https:\/\/prolifeeurope.org\/de\/impressum\/\"]}]},{\"@type\":\"ImageObject\",\"inLanguage\":\"de\",\"@id\":\"https:\/\/prolifeeurope.org\/de\/impressum\/#primaryimage\",\"url\":\"https:\/\/prolifeeurope.org\/wp-content\/uploads\/2025\/01\/Pro_Life-CI-Background7-scaled-1.jpg\",\"contentUrl\":\"https:\/\/prolifeeurope.org\/wp-content\/uploads\/2025\/01\/Pro_Life-CI-Background7-scaled-1.jpg\"},{\"@type\":\"BreadcrumbList\",\"@id\":\"https:\/\/prolifeeurope.org\/de\/impressum\/#breadcrumb\",\"itemListElement\":[{\"@type\":\"ListItem\",\"position\":1,\"name\":\"Home\",\"item\":\"https:\/\/prolifeeurope.org\/de\/\"},{\"@type\":\"ListItem\",\"position\":2,\"name\":\"Impressum\"}]},{\"@type\":\"WebSite\",\"@id\":\"https:\/\/prolifeeurope.org\/de\/#website\",\"url\":\"https:\/\/prolifeeurope.org\/de\/\",\"name\":\"ProLife Europe\",\"description\":\"\",\"publisher\":{\"@id\":\"https:\/\/prolifeeurope.org\/de\/#organization\"},\"potentialAction\":[{\"@type\":\"SearchAction\",\"target\":{\"@type\":\"EntryPoint\",\"urlTemplate\":\"https:\/\/prolifeeurope.org\/de\/?s={search_term_string}\"},\"query-input\":{\"@type\":\"PropertyValueSpecification\",\"valueRequired\":true,\"valueName\":\"search_term_string\"}}],\"inLanguage\":\"de\"},{\"@type\":\"Organization\",\"@id\":\"https:\/\/prolifeeurope.org\/de\/#organization\",\"name\":\"ProLife Europe\",\"url\":\"https:\/\/prolifeeurope.org\/de\/\",\"logo\":{\"@type\":\"ImageObject\",\"inLanguage\":\"de\",\"@id\":\"https:\/\/prolifeeurope.org\/de\/#\/schema\/logo\/image\/\",\"url\":\"https:\/\/prolifeeurope.org\/wp-content\/uploads\/2024\/11\/logo-3.svg\",\"contentUrl\":\"https:\/\/prolifeeurope.org\/wp-content\/uploads\/2024\/11\/logo-3.svg\",\"width\":166,\"height\":170,\"caption\":\"ProLife Europe\"},\"image\":{\"@id\":\"https:\/\/prolifeeurope.org\/de\/#\/schema\/logo\/image\/\"},\"sameAs\":[\"https:\/\/www.facebook.com\/ProLifeEurope\/\",\"https:\/\/www.instagram.com\/prolife_europe\/\",\"https:\/\/www.youtube.com\/channel\/UC7olgmdiSVEHZUiP554XozA\"]}]}<\/script>\n<!-- \/ Yoast SEO plugin. -->","yoast_head_json":{"title":"Impressum - ProLife Europe","description":"Rechtlicher Hinweis zu ProLife Europe e.V.: ProLife Europe e.V. setzt sich daf\u00fcr ein, die Wahrheit \u00fcber Abtreibung aufzudecken und Studierende dabei zu unterst\u00fctzen, eine Kultur des Lebens in ganz Europa zu verteidigen und zu f\u00f6rdern.","robots":{"index":"index","follow":"follow","max-snippet":"max-snippet:-1","max-image-preview":"max-image-preview:large","max-video-preview":"max-video-preview:-1"},"canonical":"https:\/\/prolifeeurope.org\/de\/impressum\/","og_locale":"de_DE","og_type":"article","og_title":"Impressum - ProLife Europe","og_description":"Rechtlicher Hinweis zu ProLife Europe e.V.: ProLife Europe e.V. setzt sich daf\u00fcr ein, die Wahrheit \u00fcber Abtreibung aufzudecken und Studierende dabei zu unterst\u00fctzen, eine Kultur des Lebens in ganz Europa zu verteidigen und zu f\u00f6rdern.","og_url":"https:\/\/prolifeeurope.org\/de\/impressum\/","og_site_name":"ProLife Europe","article_publisher":"https:\/\/www.facebook.com\/ProLifeEurope\/","article_modified_time":"2025-07-15T08:51:13+00:00","og_image":[{"width":2560,"height":1937,"url":"https:\/\/prolifeeurope.org\/wp-content\/uploads\/2025\/01\/Pro_Life-CI-Background7-scaled-1.jpg","type":"image\/jpeg"}],"twitter_card":"summary_large_image","schema":{"@context":"https:\/\/schema.org","@graph":[{"@type":"WebPage","@id":"https:\/\/prolifeeurope.org\/de\/impressum\/","url":"https:\/\/prolifeeurope.org\/de\/impressum\/","name":"Impressum - ProLife Europe","isPartOf":{"@id":"https:\/\/prolifeeurope.org\/de\/#website"},"primaryImageOfPage":{"@id":"https:\/\/prolifeeurope.org\/de\/impressum\/#primaryimage"},"image":{"@id":"https:\/\/prolifeeurope.org\/de\/impressum\/#primaryimage"},"thumbnailUrl":"https:\/\/prolifeeurope.org\/wp-content\/uploads\/2025\/01\/Pro_Life-CI-Background7-scaled-1.jpg","datePublished":"2025-01-30T22:17:55+00:00","dateModified":"2025-07-15T08:51:13+00:00","description":"Rechtlicher Hinweis zu ProLife Europe e.V.: ProLife Europe e.V. setzt sich daf\u00fcr ein, die Wahrheit \u00fcber Abtreibung aufzudecken und Studierende dabei zu unterst\u00fctzen, eine Kultur des Lebens in ganz Europa zu verteidigen und zu f\u00f6rdern.","breadcrumb":{"@id":"https:\/\/prolifeeurope.org\/de\/impressum\/#breadcrumb"},"inLanguage":"de","potentialAction":[{"@type":"ReadAction","target":["https:\/\/prolifeeurope.org\/de\/impressum\/"]}]},{"@type":"ImageObject","inLanguage":"de","@id":"https:\/\/prolifeeurope.org\/de\/impressum\/#primaryimage","url":"https:\/\/prolifeeurope.org\/wp-content\/uploads\/2025\/01\/Pro_Life-CI-Background7-scaled-1.jpg","contentUrl":"https:\/\/prolifeeurope.org\/wp-content\/uploads\/2025\/01\/Pro_Life-CI-Background7-scaled-1.jpg"},{"@type":"BreadcrumbList","@id":"https:\/\/prolifeeurope.org\/de\/impressum\/#breadcrumb","itemListElement":[{"@type":"ListItem","position":1,"name":"Home","item":"https:\/\/prolifeeurope.org\/de\/"},{"@type":"ListItem","position":2,"name":"Impressum"}]},{"@type":"WebSite","@id":"https:\/\/prolifeeurope.org\/de\/#website","url":"https:\/\/prolifeeurope.org\/de\/","name":"ProLife Europe","description":"","publisher":{"@id":"https:\/\/prolifeeurope.org\/de\/#organization"},"potentialAction":[{"@type":"SearchAction","target":{"@type":"EntryPoint","urlTemplate":"https:\/\/prolifeeurope.org\/de\/?s={search_term_string}"},"query-input":{"@type":"PropertyValueSpecification","valueRequired":true,"valueName":"search_term_string"}}],"inLanguage":"de"},{"@type":"Organization","@id":"https:\/\/prolifeeurope.org\/de\/#organization","name":"ProLife Europe","url":"https:\/\/prolifeeurope.org\/de\/","logo":{"@type":"ImageObject","inLanguage":"de","@id":"https:\/\/prolifeeurope.org\/de\/#\/schema\/logo\/image\/","url":"https:\/\/prolifeeurope.org\/wp-content\/uploads\/2024\/11\/logo-3.svg","contentUrl":"https:\/\/prolifeeurope.org\/wp-content\/uploads\/2024\/11\/logo-3.svg","width":166,"height":170,"caption":"ProLife Europe"},"image":{"@id":"https:\/\/prolifeeurope.org\/de\/#\/schema\/logo\/image\/"},"sameAs":["https:\/\/www.facebook.com\/ProLifeEurope\/","https:\/\/www.instagram.com\/prolife_europe\/","https:\/\/www.youtube.com\/channel\/UC7olgmdiSVEHZUiP554XozA"]}]}},"_links":{"self":[{"href":"https:\/\/prolifeeurope.org\/de\/wp-json\/wp\/v2\/pages\/1978","targetHints":{"allow":["GET"]}}],"collection":[{"href":"https:\/\/prolifeeurope.org\/de\/wp-json\/wp\/v2\/pages"}],"about":[{"href":"https:\/\/prolifeeurope.org\/de\/wp-json\/wp\/v2\/types\/page"}],"author":[{"embeddable":true,"href":"https:\/\/prolifeeurope.org\/de\/wp-json\/wp\/v2\/users\/14"}],"replies":[{"embeddable":true,"href":"https:\/\/prolifeeurope.org\/de\/wp-json\/wp\/v2\/comments?post=1978"}],"version-history":[{"count":2,"href":"https:\/\/prolifeeurope.org\/de\/wp-json\/wp\/v2\/pages\/1978\/revisions"}],"predecessor-version":[{"id":4378,"href":"https:\/\/prolifeeurope.org\/de\/wp-json\/wp\/v2\/pages\/1978\/revisions\/4378"}],"wp:attachment":[{"href":"https:\/\/prolifeeurope.org\/de\/wp-json\/wp\/v2\/media?parent=1978"}],"wp:term":[{"taxonomy":"topic","embeddable":true,"href":"https:\/\/prolifeeurope.org\/de\/wp-json\/wp\/v2\/topic?post=1978"}],"curies":[{"name":"wp","href":"https:\/\/api.w.org\/{rel}","templated":true}]}}