{"id":1955,"date":"2025-01-30T23:23:47","date_gmt":"2025-01-30T22:23:47","guid":{"rendered":"https:\/\/ws-staging.prolifeeurope.org\/datenschutz\/"},"modified":"2025-02-07T13:01:55","modified_gmt":"2025-02-07T12:01:55","slug":"datenschutz","status":"publish","type":"page","link":"https:\/\/prolifeeurope.org\/de\/datenschutz\/","title":{"rendered":"Datenschutz"},"content":{"rendered":"\n<div class=\"wp-block-cover is-light no-border-radius\"><span aria-hidden=\"true\" class=\"wp-block-cover__background has-background-dim\" style=\"background-color:#e8642e\"><\/span><img loading=\"lazy\" decoding=\"async\" width=\"2560\" height=\"1937\" class=\"wp-block-cover__image-background wp-image-1843\" alt=\"\" src=\"https:\/\/prolifeeurope.org\/wp-content\/uploads\/2025\/01\/Pro_Life-CI-Background7-scaled-1.jpg\" data-object-fit=\"cover\" srcset=\"https:\/\/prolifeeurope.org\/wp-content\/uploads\/2025\/01\/Pro_Life-CI-Background7-scaled-1.jpg 2560w, https:\/\/prolifeeurope.org\/wp-content\/uploads\/2025\/01\/Pro_Life-CI-Background7-scaled-1-300x227.jpg 300w, https:\/\/prolifeeurope.org\/wp-content\/uploads\/2025\/01\/Pro_Life-CI-Background7-scaled-1-1024x775.jpg 1024w, https:\/\/prolifeeurope.org\/wp-content\/uploads\/2025\/01\/Pro_Life-CI-Background7-scaled-1-768x581.jpg 768w, https:\/\/prolifeeurope.org\/wp-content\/uploads\/2025\/01\/Pro_Life-CI-Background7-scaled-1-1536x1162.jpg 1536w, https:\/\/prolifeeurope.org\/wp-content\/uploads\/2025\/01\/Pro_Life-CI-Background7-scaled-1-2048x1550.jpg 2048w\" sizes=\"auto, (max-width: 2560px) 100vw, 2560px\" \/><div class=\"wp-block-cover__inner-container is-layout-constrained wp-block-cover-is-layout-constrained\">\n<h1 class=\"wp-block-heading has-text-align-center has-large-font-size\">Datenschutz<\/h1>\n<\/div><\/div>\n\r\n<section  class=\"prose prose-neutral prose-a:text-primary\">\r\n    <div class=\"main ~py-10\/20 text-lg text-body\/[75%] [&#038;_:is(strong,em)]:text-inherit [&#038;_:is(h2,h3,h4,h5,h6)]:text-orange [&#038;_a]:text-orange\">\r\n        <p><strong>Informationen \u00fcber die Erhebung von personenbezogenen Daten<\/strong><\/p>\n<p><strong>1. Name und Anschrift der verantwortlichen Person<\/strong><\/p>\n<p>Verantwortlich im Sinne des Art. 4.7 EU-Datenschutz-Grundverordnung (EU-DSGVO) ist der Verein ProLife Europe e.V., siehe Impressum.<\/p>\n<p><strong>2. Informationen \u00fcber die Erhebung von personenbezogenen Daten<\/strong><\/p>\n<p>\u2013 Im Folgenden informieren wir Sie \u00fcber die Erhebung personenbezogener Daten bei der Nutzung unserer Website. Personenbezogene Daten sind alle Daten, die auf Sie pers\u00f6nlich beziehbar sind, z.B. Name, Adresse, E-Mail-Adressen, Nutzerverhalten.<br \/>\n\u2013 Wenn Sie per E-Mail oder \u00fcber ein Kontaktformular Kontakt mit uns aufnehmen, werden die von Ihnen mitgeteilten Daten (Ihre E-Mail-Adresse und Ihr Name) von uns gespeichert, um Ihre Fragen zu beantworten. Die in diesem Zusammenhang anfallenden Daten l\u00f6schen wir, wenn die Speicherung nicht mehr erforderlich ist oder schr\u00e4nken die Verarbeitung ein, wenn gesetzliche Aufbewahrungspflichten bestehen.<br \/>\n\u2013 Wir verarbeiten personenbezogene Daten unserer Nutzer grunds\u00e4tzlich nur, soweit dies zur Bereitstellung einer funktionsf\u00e4higen Website sowie unserer Inhalte und Leistungen erforderlich ist. Die Verarbeitung personenbezogener Daten unserer Nutzer erfolgt regelm\u00e4\u00dfig nur mit Einwilligung des Nutzers. Eine Ausnahme gilt in den F\u00e4llen, in denen eine vorherige Einwilligung aus sachlichen Gr\u00fcnden nicht eingeholt werden kann und die Verarbeitung der Daten gesetzlich zul\u00e4ssig ist.  <\/p>\n<p><strong>3. Rechtsgrundlage f\u00fcr die Verarbeitung von personenbezogenen Daten<\/strong><\/p>\n<p>\u2013 Soweit wir f\u00fcr die Verarbeitung personenbezogener Daten die Einwilligung der betroffenen Person einholen, dient Art. 6.1.a der EU-Datenschutzgrundverordnung (DSGVO) als Rechtsgrundlage.<br \/>\n\u2013 Soweit die Verarbeitung personenbezogener Daten zur Erf\u00fcllung einer rechtlichen Verpflichtung, der unser Verein unterliegt, erforderlich ist, dient Art. 6.1.c DSGVO als Rechtsgrundlage.<br \/>\n\u2013 Ist die Verarbeitung zur Wahrung eines berechtigten Interesses unseres Vereins oder eines Dritten erforderlich und \u00fcberwiegen die Interessen, Grundrechte und Grundfreiheiten der betroffenen Person das erstgenannte Interesse nicht, so dient Art. 6.1.f DSGVO als Rechtsgrundlage f\u00fcr die Verarbeitung.<\/p>\n<p><strong>4. Datenl\u00f6schung und Speicherdauer<\/strong><\/p>\n<p>Die personenbezogenen Daten der betroffenen Person werden gel\u00f6scht oder gesperrt, sobald der Zweck der Speicherung entfallen ist. Eine Speicherung kann auch erfolgen, wenn dies vom europ\u00e4ischen oder nationalen Gesetzgeber in EU-Verordnungen, Gesetzen oder sonstigen Vorschriften, denen der Verantwortliche unterliegt, vorgesehen ist. Eine Sperrung oder L\u00f6schung der Daten erfolgt auch dann, wenn eine nach den vorgenannten Normen vorgeschriebene Speicherfrist abl\u00e4uft, es sei denn, die weitere Speicherung der Daten ist f\u00fcr den Abschluss oder die Erf\u00fcllung eines Vertrages erforderlich.  <\/p>\n<p><strong>5. Erhebung und Zweck der personenbezogenen Daten beim Besuch unserer Website<\/strong><\/p>\n<p>5.1 Bei der rein informatorischen Nutzung der Website, d.h. wenn Sie uns nicht anderweitig Informationen zur Verf\u00fcgung stellen, erheben wir nur die personenbezogenen Daten, die Ihr Browser an unseren Server \u00fcbermittelt. Wenn Sie unsere Website aufrufen m\u00f6chten, erheben wir folgende Daten, die f\u00fcr die Darstellung unserer Website und zur Gew\u00e4hrleistung der Stabilit\u00e4t und Sicherheit technisch erforderlich sind (Rechtsgrundlage ist Art. 6.1.f EU-DSGVO): <\/p>\n<p>\u2013 IP Adresse<br \/>\n\u2013 Datum und Uhrzeit der Anfrage<br \/>\n\u2013 Zeitzonenunterschied zu Greenwich Mean Time (GMT)<br \/>\nInhalt der Anfrage (konkrete Seite)<br \/>\n\u2013 Zugriffsstatus\/HTTP-Statuscode<br \/>\n\u2013 Jeweilige Menge der \u00fcbertragenen Daten<br \/>\n\u2013 Website, von der die Anfrage kommt<br \/>\n\u2013 Browser<br \/>\n\u2013 Betriebssystem und seine Schnittstelle<br \/>\n\u2013 Sprache und Version der Browsersoftware<\/p>\n<p>5.2 Zus\u00e4tzlich zu den oben genannten Daten werden beim Besuch unserer Website Cookies auf Ihrem Computer gespeichert. Cookies sind kleine Textdateien, die entsprechend dem von Ihnen verwendeten Browser auf Ihrer Festplatte gespeichert werden und durch die bestimmte Informationen an die Website \u00fcbermittelt werden, die das Cookie setzt (in diesem Fall von uns). Cookies k\u00f6nnen keine Programme ausf\u00fchren oder Viren auf Ihren Computer \u00fcbertragen. Sie dienen dazu, das Internetangebot insgesamt benutzerfreundlicher und effizienter zu gestalten.   <\/p>\n<p>5.3 Verwendung von Cookies:<\/p>\n<p>5.3.1 Diese Website verwendet die folgenden Arten von Cookies, deren Umfang und Funktionsweise im Folgenden erl\u00e4utert werden:<br \/>\n\u2013 Vor\u00fcbergehende Cookies (zus\u00e4tzlich b)<br \/>\n\u2013 Dauerhafte Cookies (siehe c).<\/p>\n<p>5.3.2 Vor\u00fcbergehende Cookies werden automatisch gel\u00f6scht, wenn Sie den Browser schlie\u00dfen. Dazu geh\u00f6ren insbesondere die Session-Cookies. Diese speichern eine sogenannte Session-ID, mit der verschiedene Anfragen Ihres Browsers der gemeinsamen Sitzung zugeordnet werden k\u00f6nnen. Dadurch kann Ihr Computer erkannt werden, wenn Sie auf unsere Website zur\u00fcckkehren. Die Session-Cookies werden gel\u00f6scht, wenn Sie sich abmelden oder den Browser schlie\u00dfen.    <\/p>\n<p>5.3.3 Dauerhafte Cookies werden automatisch nach einer bestimmten Zeitspanne erzeugt.<\/p>\n    <\/div>\r\n<\/section>","protected":false},"excerpt":{"rendered":"","protected":false},"author":14,"featured_media":0,"parent":0,"menu_order":0,"comment_status":"closed","ping_status":"closed","template":"","meta":{"_acf_changed":false,"_monsterinsights_skip_tracking":false,"_monsterinsights_sitenote_active":false,"_monsterinsights_sitenote_note":"","_monsterinsights_sitenote_category":0,"footnotes":""},"topic":[],"class_list":["post-1955","page","type-page","status-publish","hentry"],"acf":[],"yoast_head":"<!-- This site is optimized with the Yoast SEO plugin v27.2 - https:\/\/yoast.com\/product\/yoast-seo-wordpress\/ -->\n<title>Datenschutz - ProLife Europe<\/title>\n<meta name=\"description\" content=\"Erhebung und Zweck personenbezogener Daten beim Besuch unserer Website.\" \/>\n<meta name=\"robots\" content=\"index, follow, max-snippet:-1, max-image-preview:large, max-video-preview:-1\" \/>\n<link rel=\"canonical\" href=\"https:\/\/prolifeeurope.org\/de\/datenschutz\/\" \/>\n<meta property=\"og:locale\" content=\"de_DE\" \/>\n<meta property=\"og:type\" content=\"article\" \/>\n<meta property=\"og:title\" content=\"Datenschutz - ProLife Europe\" \/>\n<meta property=\"og:description\" content=\"Erhebung und Zweck personenbezogener Daten beim Besuch unserer Website.\" \/>\n<meta property=\"og:url\" content=\"https:\/\/prolifeeurope.org\/de\/datenschutz\/\" \/>\n<meta property=\"og:site_name\" content=\"ProLife Europe\" \/>\n<meta property=\"article:publisher\" content=\"https:\/\/www.facebook.com\/ProLifeEurope\/\" \/>\n<meta property=\"article:modified_time\" content=\"2025-02-07T12:01:55+00:00\" \/>\n<meta property=\"og:image\" content=\"https:\/\/prolifeeurope.org\/wp-content\/uploads\/2025\/01\/Pro_Life-CI-Background7-scaled-1.jpg\" \/>\n\t<meta property=\"og:image:width\" content=\"2560\" \/>\n\t<meta property=\"og:image:height\" content=\"1937\" \/>\n\t<meta property=\"og:image:type\" content=\"image\/jpeg\" \/>\n<meta name=\"twitter:card\" content=\"summary_large_image\" \/>\n<script type=\"application\/ld+json\" class=\"yoast-schema-graph\">{\"@context\":\"https:\/\/schema.org\",\"@graph\":[{\"@type\":\"WebPage\",\"@id\":\"https:\/\/prolifeeurope.org\/de\/datenschutz\/\",\"url\":\"https:\/\/prolifeeurope.org\/de\/datenschutz\/\",\"name\":\"Datenschutz - ProLife Europe\",\"isPartOf\":{\"@id\":\"https:\/\/prolifeeurope.org\/de\/#website\"},\"primaryImageOfPage\":{\"@id\":\"https:\/\/prolifeeurope.org\/de\/datenschutz\/#primaryimage\"},\"image\":{\"@id\":\"https:\/\/prolifeeurope.org\/de\/datenschutz\/#primaryimage\"},\"thumbnailUrl\":\"https:\/\/prolifeeurope.org\/wp-content\/uploads\/2025\/01\/Pro_Life-CI-Background7-scaled-1.jpg\",\"datePublished\":\"2025-01-30T22:23:47+00:00\",\"dateModified\":\"2025-02-07T12:01:55+00:00\",\"description\":\"Erhebung und Zweck personenbezogener Daten beim Besuch unserer Website.\",\"breadcrumb\":{\"@id\":\"https:\/\/prolifeeurope.org\/de\/datenschutz\/#breadcrumb\"},\"inLanguage\":\"de\",\"potentialAction\":[{\"@type\":\"ReadAction\",\"target\":[\"https:\/\/prolifeeurope.org\/de\/datenschutz\/\"]}]},{\"@type\":\"ImageObject\",\"inLanguage\":\"de\",\"@id\":\"https:\/\/prolifeeurope.org\/de\/datenschutz\/#primaryimage\",\"url\":\"https:\/\/prolifeeurope.org\/wp-content\/uploads\/2025\/01\/Pro_Life-CI-Background7-scaled-1.jpg\",\"contentUrl\":\"https:\/\/prolifeeurope.org\/wp-content\/uploads\/2025\/01\/Pro_Life-CI-Background7-scaled-1.jpg\"},{\"@type\":\"BreadcrumbList\",\"@id\":\"https:\/\/prolifeeurope.org\/de\/datenschutz\/#breadcrumb\",\"itemListElement\":[{\"@type\":\"ListItem\",\"position\":1,\"name\":\"Home\",\"item\":\"https:\/\/prolifeeurope.org\/de\/\"},{\"@type\":\"ListItem\",\"position\":2,\"name\":\"Datenschutz\"}]},{\"@type\":\"WebSite\",\"@id\":\"https:\/\/prolifeeurope.org\/de\/#website\",\"url\":\"https:\/\/prolifeeurope.org\/de\/\",\"name\":\"ProLife Europe\",\"description\":\"\",\"publisher\":{\"@id\":\"https:\/\/prolifeeurope.org\/de\/#organization\"},\"potentialAction\":[{\"@type\":\"SearchAction\",\"target\":{\"@type\":\"EntryPoint\",\"urlTemplate\":\"https:\/\/prolifeeurope.org\/de\/?s={search_term_string}\"},\"query-input\":{\"@type\":\"PropertyValueSpecification\",\"valueRequired\":true,\"valueName\":\"search_term_string\"}}],\"inLanguage\":\"de\"},{\"@type\":\"Organization\",\"@id\":\"https:\/\/prolifeeurope.org\/de\/#organization\",\"name\":\"ProLife Europe\",\"url\":\"https:\/\/prolifeeurope.org\/de\/\",\"logo\":{\"@type\":\"ImageObject\",\"inLanguage\":\"de\",\"@id\":\"https:\/\/prolifeeurope.org\/de\/#\/schema\/logo\/image\/\",\"url\":\"https:\/\/prolifeeurope.org\/wp-content\/uploads\/2024\/11\/logo-3.svg\",\"contentUrl\":\"https:\/\/prolifeeurope.org\/wp-content\/uploads\/2024\/11\/logo-3.svg\",\"width\":166,\"height\":170,\"caption\":\"ProLife Europe\"},\"image\":{\"@id\":\"https:\/\/prolifeeurope.org\/de\/#\/schema\/logo\/image\/\"},\"sameAs\":[\"https:\/\/www.facebook.com\/ProLifeEurope\/\",\"https:\/\/www.instagram.com\/prolife_europe\/\",\"https:\/\/www.youtube.com\/channel\/UC7olgmdiSVEHZUiP554XozA\"]}]}<\/script>\n<!-- \/ Yoast SEO plugin. -->","yoast_head_json":{"title":"Datenschutz - ProLife Europe","description":"Erhebung und Zweck personenbezogener Daten beim Besuch unserer Website.","robots":{"index":"index","follow":"follow","max-snippet":"max-snippet:-1","max-image-preview":"max-image-preview:large","max-video-preview":"max-video-preview:-1"},"canonical":"https:\/\/prolifeeurope.org\/de\/datenschutz\/","og_locale":"de_DE","og_type":"article","og_title":"Datenschutz - ProLife Europe","og_description":"Erhebung und Zweck personenbezogener Daten beim Besuch unserer Website.","og_url":"https:\/\/prolifeeurope.org\/de\/datenschutz\/","og_site_name":"ProLife Europe","article_publisher":"https:\/\/www.facebook.com\/ProLifeEurope\/","article_modified_time":"2025-02-07T12:01:55+00:00","og_image":[{"width":2560,"height":1937,"url":"https:\/\/prolifeeurope.org\/wp-content\/uploads\/2025\/01\/Pro_Life-CI-Background7-scaled-1.jpg","type":"image\/jpeg"}],"twitter_card":"summary_large_image","schema":{"@context":"https:\/\/schema.org","@graph":[{"@type":"WebPage","@id":"https:\/\/prolifeeurope.org\/de\/datenschutz\/","url":"https:\/\/prolifeeurope.org\/de\/datenschutz\/","name":"Datenschutz - ProLife Europe","isPartOf":{"@id":"https:\/\/prolifeeurope.org\/de\/#website"},"primaryImageOfPage":{"@id":"https:\/\/prolifeeurope.org\/de\/datenschutz\/#primaryimage"},"image":{"@id":"https:\/\/prolifeeurope.org\/de\/datenschutz\/#primaryimage"},"thumbnailUrl":"https:\/\/prolifeeurope.org\/wp-content\/uploads\/2025\/01\/Pro_Life-CI-Background7-scaled-1.jpg","datePublished":"2025-01-30T22:23:47+00:00","dateModified":"2025-02-07T12:01:55+00:00","description":"Erhebung und Zweck personenbezogener Daten beim Besuch unserer Website.","breadcrumb":{"@id":"https:\/\/prolifeeurope.org\/de\/datenschutz\/#breadcrumb"},"inLanguage":"de","potentialAction":[{"@type":"ReadAction","target":["https:\/\/prolifeeurope.org\/de\/datenschutz\/"]}]},{"@type":"ImageObject","inLanguage":"de","@id":"https:\/\/prolifeeurope.org\/de\/datenschutz\/#primaryimage","url":"https:\/\/prolifeeurope.org\/wp-content\/uploads\/2025\/01\/Pro_Life-CI-Background7-scaled-1.jpg","contentUrl":"https:\/\/prolifeeurope.org\/wp-content\/uploads\/2025\/01\/Pro_Life-CI-Background7-scaled-1.jpg"},{"@type":"BreadcrumbList","@id":"https:\/\/prolifeeurope.org\/de\/datenschutz\/#breadcrumb","itemListElement":[{"@type":"ListItem","position":1,"name":"Home","item":"https:\/\/prolifeeurope.org\/de\/"},{"@type":"ListItem","position":2,"name":"Datenschutz"}]},{"@type":"WebSite","@id":"https:\/\/prolifeeurope.org\/de\/#website","url":"https:\/\/prolifeeurope.org\/de\/","name":"ProLife Europe","description":"","publisher":{"@id":"https:\/\/prolifeeurope.org\/de\/#organization"},"potentialAction":[{"@type":"SearchAction","target":{"@type":"EntryPoint","urlTemplate":"https:\/\/prolifeeurope.org\/de\/?s={search_term_string}"},"query-input":{"@type":"PropertyValueSpecification","valueRequired":true,"valueName":"search_term_string"}}],"inLanguage":"de"},{"@type":"Organization","@id":"https:\/\/prolifeeurope.org\/de\/#organization","name":"ProLife Europe","url":"https:\/\/prolifeeurope.org\/de\/","logo":{"@type":"ImageObject","inLanguage":"de","@id":"https:\/\/prolifeeurope.org\/de\/#\/schema\/logo\/image\/","url":"https:\/\/prolifeeurope.org\/wp-content\/uploads\/2024\/11\/logo-3.svg","contentUrl":"https:\/\/prolifeeurope.org\/wp-content\/uploads\/2024\/11\/logo-3.svg","width":166,"height":170,"caption":"ProLife Europe"},"image":{"@id":"https:\/\/prolifeeurope.org\/de\/#\/schema\/logo\/image\/"},"sameAs":["https:\/\/www.facebook.com\/ProLifeEurope\/","https:\/\/www.instagram.com\/prolife_europe\/","https:\/\/www.youtube.com\/channel\/UC7olgmdiSVEHZUiP554XozA"]}]}},"_links":{"self":[{"href":"https:\/\/prolifeeurope.org\/de\/wp-json\/wp\/v2\/pages\/1955","targetHints":{"allow":["GET"]}}],"collection":[{"href":"https:\/\/prolifeeurope.org\/de\/wp-json\/wp\/v2\/pages"}],"about":[{"href":"https:\/\/prolifeeurope.org\/de\/wp-json\/wp\/v2\/types\/page"}],"author":[{"embeddable":true,"href":"https:\/\/prolifeeurope.org\/de\/wp-json\/wp\/v2\/users\/14"}],"replies":[{"embeddable":true,"href":"https:\/\/prolifeeurope.org\/de\/wp-json\/wp\/v2\/comments?post=1955"}],"version-history":[{"count":4,"href":"https:\/\/prolifeeurope.org\/de\/wp-json\/wp\/v2\/pages\/1955\/revisions"}],"predecessor-version":[{"id":2163,"href":"https:\/\/prolifeeurope.org\/de\/wp-json\/wp\/v2\/pages\/1955\/revisions\/2163"}],"wp:attachment":[{"href":"https:\/\/prolifeeurope.org\/de\/wp-json\/wp\/v2\/media?parent=1955"}],"wp:term":[{"taxonomy":"topic","embeddable":true,"href":"https:\/\/prolifeeurope.org\/de\/wp-json\/wp\/v2\/topic?post=1955"}],"curies":[{"name":"wp","href":"https:\/\/api.w.org\/{rel}","templated":true}]}}