{"id":1927,"date":"2024-11-28T21:42:48","date_gmt":"2024-11-28T20:42:48","guid":{"rendered":"https:\/\/ws-staging.prolifeeurope.org\/merch\/"},"modified":"2025-03-10T15:25:39","modified_gmt":"2025-03-10T14:25:39","slug":"merch","status":"publish","type":"page","link":"https:\/\/prolifeeurope.org\/de\/merch\/","title":{"rendered":"Merch"},"content":{"rendered":"\r\n<section  class=\"bg-cream\">\r\n    <div class=\"wide py-6 grid items-center ~gap-5\/10 xl:gap-0 md:grid-cols-2\">\r\n        <div>\r\n            <h1 class=\"text-body\/[90%] font-bold ~text-56\/9xl ~leading-56\/110 ~-tracking-3\/11 ~mb-5\/8 [&#038;_span]:text-orange\">Merch: <span>Verbreite die Botschaft<\/span><\/h1>\r\n            <p class=\"text-lg text-body\/[75%] md:max-w-560px\">Artikel, die du mit Stolz tr\u00e4gst und dein Engagement f\u00fcr das Leben zeigst. Jeder Kauf hilft, die Botschaft zu verbreiten und unsere Mission zu unterst\u00fctzen.<\/p>\r\n        <\/div>\r\n        <div>\r\n            <img loading=\"lazy\" decoding=\"async\" width=\"1137\" height=\"1500\" src=\"https:\/\/prolifeeurope.org\/wp-content\/uploads\/2025\/01\/ple-merch-navy-tee-2.jpg\" class=\"md:mx-auto\" alt=\"A young woman wearing the navy t-shirt from the ProLife Europe merchandise collection,  sitting on a concrete wall in an urban setting\" srcset=\"https:\/\/prolifeeurope.org\/wp-content\/uploads\/2025\/01\/ple-merch-navy-tee-2.jpg 1137w, https:\/\/prolifeeurope.org\/wp-content\/uploads\/2025\/01\/ple-merch-navy-tee-2-227x300.jpg 227w, https:\/\/prolifeeurope.org\/wp-content\/uploads\/2025\/01\/ple-merch-navy-tee-2-776x1024.jpg 776w, https:\/\/prolifeeurope.org\/wp-content\/uploads\/2025\/01\/ple-merch-navy-tee-2-768x1013.jpg 768w\" sizes=\"auto, (max-width: 1137px) 100vw, 1137px\" \/>        <\/div>\r\n    <\/div>\r\n<\/section>\n<section  style=\"background-color:#ffde43\">\n    <div class=\"main grid grid-cols-1 items-center ~md:~gap-10\/36 ~py-60px\/100px md:grid-cols-2\">\n        <div class=\"content flex flex-col items-start ~gap-y-26px\/8 md:max-w-460px md:order-1\">\n            <h2 class=\"heading text-body\/[90%]  \">T-shirts<\/h2>\n                                        <div class=\"hidden\">\n                    <img loading=\"lazy\" decoding=\"async\" width=\"896\" height=\"1246\" src=\"https:\/\/prolifeeurope.org\/wp-content\/uploads\/2025\/01\/ple-merch-gray-tee-4.jpg\" class=\"attachment-full size-full\" alt=\"A man wearing the grey t-shirt from the ProLife Europe merchandise collection, facing away from the camera and wearing green trousers in an urban setting\" srcset=\"https:\/\/prolifeeurope.org\/wp-content\/uploads\/2025\/01\/ple-merch-gray-tee-4.jpg 896w, https:\/\/prolifeeurope.org\/wp-content\/uploads\/2025\/01\/ple-merch-gray-tee-4-216x300.jpg 216w, https:\/\/prolifeeurope.org\/wp-content\/uploads\/2025\/01\/ple-merch-gray-tee-4-736x1024.jpg 736w, https:\/\/prolifeeurope.org\/wp-content\/uploads\/2025\/01\/ple-merch-gray-tee-4-768x1068.jpg 768w\" sizes=\"auto, (max-width: 896px) 100vw, 896px\" \/>                <\/div>\n                                        <p class=\"text-lg text-body\/[75%] [&#038;_span]:text-orange\">Unsere T-Shirts werden aus 100 % hochwertiger Baumwolle hergestellt, damit sie lange halten und unsere Designs gl\u00e4nzen. Zeig deine Unterst\u00fctzung f\u00fcr die Sache des Lebensschutzes mit Komfort und Stil, ideal f\u00fcr den Alltag geeignet. <\/p>\n            \t                                                <a class=\"btn text-center \" href=\"https:\/\/prolifeeurope.myshopify.com\/\" role=\"button\" target=\"_blank\">\n                    Besuchen Sie den PLE-Shop                                    <\/a>\n                                <\/div>\n                    <div class=\"image-wrapper \">\n                <img loading=\"lazy\" decoding=\"async\" width=\"896\" height=\"1246\" src=\"https:\/\/prolifeeurope.org\/wp-content\/uploads\/2025\/01\/ple-merch-gray-tee-4.jpg\" class=\"attachment-full size-full\" alt=\"A man wearing the grey t-shirt from the ProLife Europe merchandise collection, facing away from the camera and wearing green trousers in an urban setting\" srcset=\"https:\/\/prolifeeurope.org\/wp-content\/uploads\/2025\/01\/ple-merch-gray-tee-4.jpg 896w, https:\/\/prolifeeurope.org\/wp-content\/uploads\/2025\/01\/ple-merch-gray-tee-4-216x300.jpg 216w, https:\/\/prolifeeurope.org\/wp-content\/uploads\/2025\/01\/ple-merch-gray-tee-4-736x1024.jpg 736w, https:\/\/prolifeeurope.org\/wp-content\/uploads\/2025\/01\/ple-merch-gray-tee-4-768x1068.jpg 768w\" sizes=\"auto, (max-width: 896px) 100vw, 896px\" \/>            <\/div>\n                    <\/div>\n<\/section>\n<section  style=\"background-color:#eae3d0\">\n    <div class=\"main grid grid-cols-1 items-center ~md:~gap-10\/36 ~py-60px\/100px md:grid-cols-2\">\n        <div class=\"content flex flex-col items-start ~gap-y-26px\/8 md:max-w-460px \">\n            <h2 class=\"heading text-body\/[90%]  \">Kapuzenpullis &amp; Pullover<\/h2>\n                                        <div class=\"hidden\">\n                    <img loading=\"lazy\" decoding=\"async\" width=\"896\" height=\"1280\" src=\"https:\/\/prolifeeurope.org\/wp-content\/uploads\/2025\/01\/ple-merch-gray-sweatshirt-2.jpg\" class=\"attachment-full size-full\" alt=\"A woman wearing the grey sweater from the ProLife Europe merchandise collection, facing the camera and against an orange paper backdrop in a studio setting\" srcset=\"https:\/\/prolifeeurope.org\/wp-content\/uploads\/2025\/01\/ple-merch-gray-sweatshirt-2.jpg 896w, https:\/\/prolifeeurope.org\/wp-content\/uploads\/2025\/01\/ple-merch-gray-sweatshirt-2-210x300.jpg 210w, https:\/\/prolifeeurope.org\/wp-content\/uploads\/2025\/01\/ple-merch-gray-sweatshirt-2-717x1024.jpg 717w, https:\/\/prolifeeurope.org\/wp-content\/uploads\/2025\/01\/ple-merch-gray-sweatshirt-2-768x1097.jpg 768w\" sizes=\"auto, (max-width: 896px) 100vw, 896px\" \/>                <\/div>\n                                        <p class=\"text-lg text-body\/[75%] [&#038;_span]:text-orange\">Diese Kapuzenpullis und Pullover sind aus 100% Baumwolle gefertigt und bieten lang anhaltende W\u00e4rme und Komfort. Perfekt f\u00fcr k\u00fchle Tage und Lagenlooks, ist jedes Teil so konzipiert, dass du deine Werte tragen kannst, wo immer du unterwegs bist. <\/p>\n            \t                                                <a class=\"btn text-center \" href=\"https:\/\/prolifeeurope.myshopify.com\/\" role=\"button\" target=\"_blank\">\n                    Besuchen Sie den PLE-Shop                                    <\/a>\n                                <\/div>\n                    <div class=\"image-wrapper \">\n                <img loading=\"lazy\" decoding=\"async\" width=\"896\" height=\"1280\" src=\"https:\/\/prolifeeurope.org\/wp-content\/uploads\/2025\/01\/ple-merch-gray-sweatshirt-2.jpg\" class=\"attachment-full size-full\" alt=\"A woman wearing the grey sweater from the ProLife Europe merchandise collection, facing the camera and against an orange paper backdrop in a studio setting\" srcset=\"https:\/\/prolifeeurope.org\/wp-content\/uploads\/2025\/01\/ple-merch-gray-sweatshirt-2.jpg 896w, https:\/\/prolifeeurope.org\/wp-content\/uploads\/2025\/01\/ple-merch-gray-sweatshirt-2-210x300.jpg 210w, https:\/\/prolifeeurope.org\/wp-content\/uploads\/2025\/01\/ple-merch-gray-sweatshirt-2-717x1024.jpg 717w, https:\/\/prolifeeurope.org\/wp-content\/uploads\/2025\/01\/ple-merch-gray-sweatshirt-2-768x1097.jpg 768w\" sizes=\"auto, (max-width: 896px) 100vw, 896px\" \/>            <\/div>\n                    <\/div>\n<\/section>\n<section  style=\"background-color:#f36025\">\n    <div class=\"main grid grid-cols-1 items-center ~md:~gap-10\/36 ~py-60px\/100px md:grid-cols-2\">\n        <div class=\"content flex flex-col items-start ~gap-y-26px\/8 md:max-w-460px md:order-1\">\n            <h2 class=\"heading text-body\/[90%]  \">Aufkleber &amp; Zubeh\u00f6r<\/h2>\n                                        <div class=\"hidden\">\n                    <img loading=\"lazy\" decoding=\"async\" width=\"560\" height=\"560\" src=\"https:\/\/prolifeeurope.org\/wp-content\/uploads\/2024\/11\/Group-262-4.jpg\" class=\"attachment-full size-full\" alt=\"A photo taken from above showcasing a wide range of ProLife Europe stickers and accessories laid out on a circular table\" srcset=\"https:\/\/prolifeeurope.org\/wp-content\/uploads\/2024\/11\/Group-262-4.jpg 560w, https:\/\/prolifeeurope.org\/wp-content\/uploads\/2024\/11\/Group-262-4-300x300.jpg 300w, https:\/\/prolifeeurope.org\/wp-content\/uploads\/2024\/11\/Group-262-4-150x150.jpg 150w\" sizes=\"auto, (max-width: 560px) 100vw, 560px\" \/>                <\/div>\n                                        <p class=\"text-lg text-body\/[75%] [&#038;_span]:text-orange\">Bring mit unseren Aufklebern, Schl\u00fcsselanh\u00e4ngern, Magneten und vielem mehr einen Hauch von Sinn in deinen Alltag. iese Accessoires sind ideal, um deine Unterst\u00fctzung auszudr\u00fccken, die Botschaft zu verbreiten und eine Kultur des Lebens zu schaffen, egal wo du bist. <\/p>\n            \t                                                <a class=\"btn text-center \" href=\"https:\/\/prolifeeurope.myshopify.com\/\" role=\"button\" target=\"_blank\">\n                    Besuchen Sie den PLE-Shop                                    <\/a>\n                                <\/div>\n                    <div class=\"image-wrapper \">\n                <img loading=\"lazy\" decoding=\"async\" width=\"560\" height=\"560\" src=\"https:\/\/prolifeeurope.org\/wp-content\/uploads\/2024\/11\/Group-262-4.jpg\" class=\"attachment-full size-full\" alt=\"A photo taken from above showcasing a wide range of ProLife Europe stickers and accessories laid out on a circular table\" srcset=\"https:\/\/prolifeeurope.org\/wp-content\/uploads\/2024\/11\/Group-262-4.jpg 560w, https:\/\/prolifeeurope.org\/wp-content\/uploads\/2024\/11\/Group-262-4-300x300.jpg 300w, https:\/\/prolifeeurope.org\/wp-content\/uploads\/2024\/11\/Group-262-4-150x150.jpg 150w\" sizes=\"auto, (max-width: 560px) 100vw, 560px\" \/>            <\/div>\n                    <\/div>\n<\/section>","protected":false},"excerpt":{"rendered":"","protected":false},"author":14,"featured_media":0,"parent":0,"menu_order":0,"comment_status":"closed","ping_status":"closed","template":"","meta":{"_acf_changed":false,"_monsterinsights_skip_tracking":false,"_monsterinsights_sitenote_active":false,"_monsterinsights_sitenote_note":"","_monsterinsights_sitenote_category":0,"footnotes":""},"topic":[],"class_list":["post-1927","page","type-page","status-publish","hentry"],"acf":[],"yoast_head":"<!-- This site is optimized with the Yoast SEO plugin v27.2 - https:\/\/yoast.com\/product\/yoast-seo-wordpress\/ -->\n<title>Merch - ProLife Europe<\/title>\n<meta name=\"description\" content=\"Artikel, die du mit Stolz tr\u00e4gst und dein Engagement f\u00fcr das Leben zeigst. Jeder Kauf hilft, die Botschaft zu verbreiten und unsere Mission zu unterst\u00fctzen.\" \/>\n<meta name=\"robots\" content=\"index, follow, max-snippet:-1, max-image-preview:large, max-video-preview:-1\" \/>\n<link rel=\"canonical\" href=\"https:\/\/prolifeeurope.org\/de\/merch\/\" \/>\n<meta property=\"og:locale\" content=\"de_DE\" \/>\n<meta property=\"og:type\" content=\"article\" \/>\n<meta property=\"og:title\" content=\"Merch - ProLife Europe\" \/>\n<meta property=\"og:description\" content=\"Artikel, die du mit Stolz tr\u00e4gst und dein Engagement f\u00fcr das Leben zeigst. Jeder Kauf hilft, die Botschaft zu verbreiten und unsere Mission zu unterst\u00fctzen.\" \/>\n<meta property=\"og:url\" content=\"https:\/\/prolifeeurope.org\/de\/merch\/\" \/>\n<meta property=\"og:site_name\" content=\"ProLife Europe\" \/>\n<meta property=\"article:publisher\" content=\"https:\/\/www.facebook.com\/ProLifeEurope\/\" \/>\n<meta property=\"article:modified_time\" content=\"2025-03-10T14:25:39+00:00\" \/>\n<meta name=\"twitter:card\" content=\"summary_large_image\" \/>\n<meta name=\"twitter:label1\" content=\"Gesch\u00e4tzte Lesezeit\" \/>\n\t<meta name=\"twitter:data1\" content=\"2\u00a0Minuten\" \/>\n<script type=\"application\/ld+json\" class=\"yoast-schema-graph\">{\"@context\":\"https:\/\/schema.org\",\"@graph\":[{\"@type\":\"WebPage\",\"@id\":\"https:\/\/prolifeeurope.org\/de\/merch\/\",\"url\":\"https:\/\/prolifeeurope.org\/de\/merch\/\",\"name\":\"Merch - ProLife Europe\",\"isPartOf\":{\"@id\":\"https:\/\/prolifeeurope.org\/de\/#website\"},\"datePublished\":\"2024-11-28T20:42:48+00:00\",\"dateModified\":\"2025-03-10T14:25:39+00:00\",\"description\":\"Artikel, die du mit Stolz tr\u00e4gst und dein Engagement f\u00fcr das Leben zeigst. Jeder Kauf hilft, die Botschaft zu verbreiten und unsere Mission zu unterst\u00fctzen.\",\"breadcrumb\":{\"@id\":\"https:\/\/prolifeeurope.org\/de\/merch\/#breadcrumb\"},\"inLanguage\":\"de\",\"potentialAction\":[{\"@type\":\"ReadAction\",\"target\":[\"https:\/\/prolifeeurope.org\/de\/merch\/\"]}]},{\"@type\":\"BreadcrumbList\",\"@id\":\"https:\/\/prolifeeurope.org\/de\/merch\/#breadcrumb\",\"itemListElement\":[{\"@type\":\"ListItem\",\"position\":1,\"name\":\"Home\",\"item\":\"https:\/\/prolifeeurope.org\/de\/\"},{\"@type\":\"ListItem\",\"position\":2,\"name\":\"Merch\"}]},{\"@type\":\"WebSite\",\"@id\":\"https:\/\/prolifeeurope.org\/de\/#website\",\"url\":\"https:\/\/prolifeeurope.org\/de\/\",\"name\":\"ProLife Europe\",\"description\":\"\",\"publisher\":{\"@id\":\"https:\/\/prolifeeurope.org\/de\/#organization\"},\"potentialAction\":[{\"@type\":\"SearchAction\",\"target\":{\"@type\":\"EntryPoint\",\"urlTemplate\":\"https:\/\/prolifeeurope.org\/de\/?s={search_term_string}\"},\"query-input\":{\"@type\":\"PropertyValueSpecification\",\"valueRequired\":true,\"valueName\":\"search_term_string\"}}],\"inLanguage\":\"de\"},{\"@type\":\"Organization\",\"@id\":\"https:\/\/prolifeeurope.org\/de\/#organization\",\"name\":\"ProLife Europe\",\"url\":\"https:\/\/prolifeeurope.org\/de\/\",\"logo\":{\"@type\":\"ImageObject\",\"inLanguage\":\"de\",\"@id\":\"https:\/\/prolifeeurope.org\/de\/#\/schema\/logo\/image\/\",\"url\":\"https:\/\/prolifeeurope.org\/wp-content\/uploads\/2024\/11\/logo-3.svg\",\"contentUrl\":\"https:\/\/prolifeeurope.org\/wp-content\/uploads\/2024\/11\/logo-3.svg\",\"width\":166,\"height\":170,\"caption\":\"ProLife Europe\"},\"image\":{\"@id\":\"https:\/\/prolifeeurope.org\/de\/#\/schema\/logo\/image\/\"},\"sameAs\":[\"https:\/\/www.facebook.com\/ProLifeEurope\/\",\"https:\/\/www.instagram.com\/prolife_europe\/\",\"https:\/\/www.youtube.com\/channel\/UC7olgmdiSVEHZUiP554XozA\"]}]}<\/script>\n<!-- \/ Yoast SEO plugin. -->","yoast_head_json":{"title":"Merch - ProLife Europe","description":"Artikel, die du mit Stolz tr\u00e4gst und dein Engagement f\u00fcr das Leben zeigst. Jeder Kauf hilft, die Botschaft zu verbreiten und unsere Mission zu unterst\u00fctzen.","robots":{"index":"index","follow":"follow","max-snippet":"max-snippet:-1","max-image-preview":"max-image-preview:large","max-video-preview":"max-video-preview:-1"},"canonical":"https:\/\/prolifeeurope.org\/de\/merch\/","og_locale":"de_DE","og_type":"article","og_title":"Merch - ProLife Europe","og_description":"Artikel, die du mit Stolz tr\u00e4gst und dein Engagement f\u00fcr das Leben zeigst. Jeder Kauf hilft, die Botschaft zu verbreiten und unsere Mission zu unterst\u00fctzen.","og_url":"https:\/\/prolifeeurope.org\/de\/merch\/","og_site_name":"ProLife Europe","article_publisher":"https:\/\/www.facebook.com\/ProLifeEurope\/","article_modified_time":"2025-03-10T14:25:39+00:00","twitter_card":"summary_large_image","twitter_misc":{"Gesch\u00e4tzte Lesezeit":"2\u00a0Minuten"},"schema":{"@context":"https:\/\/schema.org","@graph":[{"@type":"WebPage","@id":"https:\/\/prolifeeurope.org\/de\/merch\/","url":"https:\/\/prolifeeurope.org\/de\/merch\/","name":"Merch - ProLife Europe","isPartOf":{"@id":"https:\/\/prolifeeurope.org\/de\/#website"},"datePublished":"2024-11-28T20:42:48+00:00","dateModified":"2025-03-10T14:25:39+00:00","description":"Artikel, die du mit Stolz tr\u00e4gst und dein Engagement f\u00fcr das Leben zeigst. Jeder Kauf hilft, die Botschaft zu verbreiten und unsere Mission zu unterst\u00fctzen.","breadcrumb":{"@id":"https:\/\/prolifeeurope.org\/de\/merch\/#breadcrumb"},"inLanguage":"de","potentialAction":[{"@type":"ReadAction","target":["https:\/\/prolifeeurope.org\/de\/merch\/"]}]},{"@type":"BreadcrumbList","@id":"https:\/\/prolifeeurope.org\/de\/merch\/#breadcrumb","itemListElement":[{"@type":"ListItem","position":1,"name":"Home","item":"https:\/\/prolifeeurope.org\/de\/"},{"@type":"ListItem","position":2,"name":"Merch"}]},{"@type":"WebSite","@id":"https:\/\/prolifeeurope.org\/de\/#website","url":"https:\/\/prolifeeurope.org\/de\/","name":"ProLife Europe","description":"","publisher":{"@id":"https:\/\/prolifeeurope.org\/de\/#organization"},"potentialAction":[{"@type":"SearchAction","target":{"@type":"EntryPoint","urlTemplate":"https:\/\/prolifeeurope.org\/de\/?s={search_term_string}"},"query-input":{"@type":"PropertyValueSpecification","valueRequired":true,"valueName":"search_term_string"}}],"inLanguage":"de"},{"@type":"Organization","@id":"https:\/\/prolifeeurope.org\/de\/#organization","name":"ProLife Europe","url":"https:\/\/prolifeeurope.org\/de\/","logo":{"@type":"ImageObject","inLanguage":"de","@id":"https:\/\/prolifeeurope.org\/de\/#\/schema\/logo\/image\/","url":"https:\/\/prolifeeurope.org\/wp-content\/uploads\/2024\/11\/logo-3.svg","contentUrl":"https:\/\/prolifeeurope.org\/wp-content\/uploads\/2024\/11\/logo-3.svg","width":166,"height":170,"caption":"ProLife Europe"},"image":{"@id":"https:\/\/prolifeeurope.org\/de\/#\/schema\/logo\/image\/"},"sameAs":["https:\/\/www.facebook.com\/ProLifeEurope\/","https:\/\/www.instagram.com\/prolife_europe\/","https:\/\/www.youtube.com\/channel\/UC7olgmdiSVEHZUiP554XozA"]}]}},"_links":{"self":[{"href":"https:\/\/prolifeeurope.org\/de\/wp-json\/wp\/v2\/pages\/1927","targetHints":{"allow":["GET"]}}],"collection":[{"href":"https:\/\/prolifeeurope.org\/de\/wp-json\/wp\/v2\/pages"}],"about":[{"href":"https:\/\/prolifeeurope.org\/de\/wp-json\/wp\/v2\/types\/page"}],"author":[{"embeddable":true,"href":"https:\/\/prolifeeurope.org\/de\/wp-json\/wp\/v2\/users\/14"}],"replies":[{"embeddable":true,"href":"https:\/\/prolifeeurope.org\/de\/wp-json\/wp\/v2\/comments?post=1927"}],"version-history":[{"count":10,"href":"https:\/\/prolifeeurope.org\/de\/wp-json\/wp\/v2\/pages\/1927\/revisions"}],"predecessor-version":[{"id":3138,"href":"https:\/\/prolifeeurope.org\/de\/wp-json\/wp\/v2\/pages\/1927\/revisions\/3138"}],"wp:attachment":[{"href":"https:\/\/prolifeeurope.org\/de\/wp-json\/wp\/v2\/media?parent=1927"}],"wp:term":[{"taxonomy":"topic","embeddable":true,"href":"https:\/\/prolifeeurope.org\/de\/wp-json\/wp\/v2\/topic?post=1927"}],"curies":[{"name":"wp","href":"https:\/\/api.w.org\/{rel}","templated":true}]}}